{"id":5558,"date":"2021-10-21T09:59:26","date_gmt":"2021-10-21T09:59:26","guid":{"rendered":"https:\/\/mistersafari.com\/fr\/?page_id=5558"},"modified":"2022-03-14T09:02:36","modified_gmt":"2022-03-14T09:02:36","slug":"parc-national-nairobi","status":"publish","type":"page","link":"https:\/\/mistersafari.com\/fr\/safari-kenya\/parcs-reserves\/parc-national-nairobi\/","title":{"rendered":"Parc National de Nairobi"},"content":{"rendered":"\n<p>Situ\u00e9 \u00e0 proximit\u00e9 de la capitale du Kenya, le parc national de Nairobi vous attend dans un d\u00e9cor pour le moins inattendu. \u00c0 l\u2019inverse des r\u00e9serves naturelles perdues en pleine savane, cet espace est \u00e0 seulement 7 kilom\u00e8tres de Nairobi. Lors de votre visite, vous d\u00e9couvrirez alors les animaux sauvages d\u2019Afrique, avec en toile de fond les gratte-ciel de la capitale. Pour autant, le parc national de Nairobi ne manque pas de tr\u00e9sors.<\/p>\n\n\n<div id=\"ez-toc-container\" class=\"ez-toc-v2_0_76 counter-flat ez-toc-counter ez-toc-custom ez-toc-container-direction\">\n<div class=\"ez-toc-title-container\"><p class=\"ez-toc-title\" style=\"cursor:inherit\">Sommaire<\/p>\n<\/div><nav><ul class='ez-toc-list ez-toc-list-level-1 ' ><li class='ez-toc-page-1'><a class=\"ez-toc-link ez-toc-heading-1\" href=\"https:\/\/mistersafari.com\/fr\/safari-kenya\/parcs-reserves\/parc-national-nairobi\/#pourquoi-se-rendre-au-parc-national-de-nairobi\" >Pourquoi se rendre au Parc National de Nairobi ?<\/a><\/li><li class='ez-toc-page-1'><a class=\"ez-toc-link ez-toc-heading-2\" href=\"https:\/\/mistersafari.com\/fr\/safari-kenya\/parcs-reserves\/parc-national-nairobi\/#tarif-et-reglementation\" >Tarif et r\u00e9glementation<\/a><\/li><li class='ez-toc-page-1'><a class=\"ez-toc-link ez-toc-heading-3\" href=\"https:\/\/mistersafari.com\/fr\/safari-kenya\/parcs-reserves\/parc-national-nairobi\/#ou-dormir-au-parc-national-de-nairobi\" >O\u00f9 dormir au Parc National de Nairobi ?<\/a><\/li><li class='ez-toc-page-1'><a class=\"ez-toc-link ez-toc-heading-4\" href=\"https:\/\/mistersafari.com\/fr\/safari-kenya\/parcs-reserves\/parc-national-nairobi\/#parc-national-de-nairobi-autres-informations-pratiques\" >Parc National de Nairobi : autres informations pratiques<\/a><\/li><li class='ez-toc-page-1'><a class=\"ez-toc-link ez-toc-heading-5\" href=\"https:\/\/mistersafari.com\/fr\/safari-kenya\/parcs-reserves\/parc-national-nairobi\/#faq\" >FAQ<\/a><\/li><\/ul><\/nav><\/div>\n\n\n\n\n<h2 class=\"wp-block-heading\"><span class=\"ez-toc-section\" id=\"pourquoi-se-rendre-au-parc-national-de-nairobi\"><\/span>Pourquoi se rendre au Parc National de Nairobi ?<span class=\"ez-toc-section-end\"><\/span><\/h2>\n\n\n\n<p>Cr\u00e9\u00e9 en 1946, le parc national de Nairobi est le plus ancien du pays. C\u2019est aussi l\u2019un des plus petits d\u2019Afrique avec une surface de seulement 117 km\u00b2. Et malgr\u00e9 sa petite taille, cette r\u00e9serve naturelle est pourtant tr\u00e8s riche.<\/p>\n\n\n\n<h3 class=\"wp-block-heading\">Nairobi : le royaume des animaux<\/h3>\n\n\n\n<p>Malgr\u00e9 sa localisation entre l\u2019a\u00e9roport et la ville \u00e0 7 kilom\u00e8tres, le parc national de Nairobi est un v\u00e9ritable petit paradis pour la faune du Kenya.<\/p>\n\n\n\n<h4 class=\"gb-headline gb-headline-a8095780 gb-headline-text\"><strong>Nairobi Walking Safari<\/strong><\/h4>\n\n\n\n<p>Pour admirer les animaux du parc national de Nairobi, on vous conseille de faire le Walking Safari. Votre guide vous emm\u00e8nera vers les meilleurs spots d\u2019observation. Vous y d\u00e9couvrirez alors une faune d\u2019une grande richesse : des lions, des l\u00e9opards, des girafes, des autruches, des hy\u00e8nes, des z\u00e8bres, des buffles, des gnous, des gazelles, des phacoch\u00e8res, des autruches, des buffles et bien d\u2019autres. Sans oublier le rhinoc\u00e9ros noir qui est largement pr\u00e9sent au sein du parc de Nairobi. Et pour cause, cet espace abrite la plus grande r\u00e9serve de rhinoc\u00e9ros au monde (une cinquantaine). Il est d\u2019ailleurs surnomm\u00e9 Kifaru Ark, en r\u00e9f\u00e9rence \u00e0 cette esp\u00e8ce en voie de disparition (karfi signifie en effet rhinoc\u00e9ros en swalli).<\/p>\n\n\n\n<div class=\"wp-block-image\"><figure class=\"aligncenter size-full\"><picture><source srcset=\"https:\/\/mistersafari.com\/fr\/wp-content\/uploads\/sites\/2\/rhinoceros-nairobi.webp 1200w,https:\/\/mistersafari.com\/fr\/wp-content\/uploads\/sites\/2\/rhinoceros-nairobi-300x200.webp 300w,https:\/\/mistersafari.com\/fr\/wp-content\/uploads\/sites\/2\/rhinoceros-nairobi-1024x683.webp 1024w,https:\/\/mistersafari.com\/fr\/wp-content\/uploads\/sites\/2\/rhinoceros-nairobi-768x512.webp 768w\" sizes=\"auto, (max-width: 1200px) 100vw, 1200px\" type=\"image\/webp\"><img src=\"https:\/\/mistersafari.com\/fr\/wp-content\/uploads\/sites\/2\/rhinoceros-nairobi.jpg\" height=\"800\" width=\"1200\" srcset=\"https:\/\/mistersafari.com\/fr\/wp-content\/uploads\/sites\/2\/rhinoceros-nairobi.jpg 1200w, https:\/\/mistersafari.com\/fr\/wp-content\/uploads\/sites\/2\/rhinoceros-nairobi-300x200.jpg 300w, https:\/\/mistersafari.com\/fr\/wp-content\/uploads\/sites\/2\/rhinoceros-nairobi-1024x683.jpg 1024w, https:\/\/mistersafari.com\/fr\/wp-content\/uploads\/sites\/2\/rhinoceros-nairobi-768x512.jpg 768w\" sizes=\"auto, (max-width: 1200px) 100vw, 1200px\" class=\"wp-image-5562 sp-no-webp\" alt=\"rhinoc\u00e9ros de Nairobi\" loading=\"lazy\" decoding=\"async\"  > <\/picture><\/figure><\/div>\n\n\n\n<p>Si vous n\u2019avez pas envie de marcher, les v\u00e9hicules sont \u00e9galement admis dans le parc. Dans ce cas, on vous conseille de venir \u00e0 bord d\u2019un 4*4 afin de circuler plus facilement sur les routes difficiles d\u2019acc\u00e8s. \u00c0 d\u00e9faut de 4*4, il est aussi possible de louer une place au sein du parc, une navette qui vous emm\u00e8ne pour le d\u00e9couvrir pendant 2h30.<\/p>\n\n\n\n<h4 class=\"gb-headline gb-headline-0a4ee3f0 gb-headline-text\"><strong>Hippo Pools<\/strong><\/h4>\n\n\n\n<p>C\u2019est bien connu, pour observer les animaux sauvages, il est pr\u00e9f\u00e9rable de se rendre \u00e0 proximit\u00e9 des points d\u2019eau.<\/p>\n\n\n\n<p>Au sein du parc national de Nairobi, Hippo Pools est donc l\u2019un des meilleurs spots. \u00c0 proximit\u00e9 des piscines naturelles, vous pourrez observer des troupeaux d\u2019hippopotames jouer dans l\u2019eau, se nourrir ou simplement r\u00eavasser.<\/p>\n\n\n\n<p class=\"callout-green\">Pour les d\u00e9couvrir, un guide vous accompagne le long de la rivi\u00e8re Athi.<\/p>\n\n\n\n<h3 class=\"wp-block-heading\">David Sheldrick Wildlife Trust<\/h3>\n\n\n\n<p>Situ\u00e9 au sud-ouest du parc, le David Sheldrick Wildlife Trust agit depuis plus de 40 ans dans la protection de la faune sauvage. Cet orphelinat pour animaux accueille des b\u00e9b\u00e9s \u00e9l\u00e9phants \u00e0 l\u2019histoire tragique. La plupart du temps victimes de braconnage, ils ont \u00e9t\u00e9 s\u00e9par\u00e9s de leur troupeau tr\u00e8s jeune. Alors pour les aider \u00e0 s\u2019en sortir, les soignants les nourrissent au biberon toutes les trois heures sous les yeux des visiteurs. Une fois en bonne sant\u00e9, ces derniers sont ensuite rel\u00e2ch\u00e9s pour une vie meilleure.<\/p>\n\n\n\n<div class=\"wp-block-image\"><figure class=\"aligncenter size-full\"><picture><source srcset=\"https:\/\/mistersafari.com\/fr\/wp-content\/uploads\/sites\/2\/david-sheldrick-wildlife-trust.webp 1200w,https:\/\/mistersafari.com\/fr\/wp-content\/uploads\/sites\/2\/david-sheldrick-wildlife-trust-300x200.webp 300w,https:\/\/mistersafari.com\/fr\/wp-content\/uploads\/sites\/2\/david-sheldrick-wildlife-trust-1024x683.webp 1024w,https:\/\/mistersafari.com\/fr\/wp-content\/uploads\/sites\/2\/david-sheldrick-wildlife-trust-768x512.webp 768w\" sizes=\"auto, (max-width: 1200px) 100vw, 1200px\" type=\"image\/webp\"><img src=\"https:\/\/mistersafari.com\/fr\/wp-content\/uploads\/sites\/2\/david-sheldrick-wildlife-trust.jpg\" height=\"800\" width=\"1200\" srcset=\"https:\/\/mistersafari.com\/fr\/wp-content\/uploads\/sites\/2\/david-sheldrick-wildlife-trust.jpg 1200w, https:\/\/mistersafari.com\/fr\/wp-content\/uploads\/sites\/2\/david-sheldrick-wildlife-trust-300x200.jpg 300w, https:\/\/mistersafari.com\/fr\/wp-content\/uploads\/sites\/2\/david-sheldrick-wildlife-trust-1024x683.jpg 1024w, https:\/\/mistersafari.com\/fr\/wp-content\/uploads\/sites\/2\/david-sheldrick-wildlife-trust-768x512.jpg 768w\" sizes=\"auto, (max-width: 1200px) 100vw, 1200px\" class=\"wp-image-5566 sp-no-webp\" alt=\"David Sheldrick Wildlife Trust au parc de Nairobi\" loading=\"lazy\" decoding=\"async\"  > <\/picture><figcaption> Orphelinat d&rsquo;\u00e9l\u00e9phants David Sheldrick Wildlife Trust<\/figcaption><\/figure><\/div>\n\n\n\n<p>Un autre orphelinat (Nairobi Animal Orphanage) est aussi pr\u00e9sent dans le parc. Ici, les animaux qui \u00e9taient vou\u00e9s \u00e0 une mort certaine sont recueillis. Vous pourrez alors y admirer des lions, des hy\u00e8nes, des l\u00e9opards et autres animaux sauvages. Habitu\u00e9s aux \u00eatres humains, ils peuvent ainsi \u00eatre approch\u00e9s plus facilement.<\/p>\n\n\n\n<h2 class=\"wp-block-heading\"><span class=\"ez-toc-section\" id=\"tarif-et-reglementation\"><\/span>Tarif et r\u00e9glementation<span class=\"ez-toc-section-end\"><\/span><\/h2>\n\n\n\n<h3 class=\"wp-block-heading\">Tarif<\/h3>\n\n\n\n<p>Les tarifs d\u2019entr\u00e9e au parc national de Nairobi sont les suivants :<\/p>\n\n\n\n<ul class=\"wp-block-list\"><li>Adulte : 40 $<\/li><li>Enfant : 20 $<\/li><li>\u00c9tudiant : 15 $<\/li><\/ul>\n\n\n\n<p>\u00c0 cela s&rsquo;ajoutent toutes les activit\u00e9s sur place. Par exemple, pour le Nairobi Walking Safari, il faudra pr\u00e9voir 25 $. Pour la fondation David Sheldrick, le prix est seulement de 5 $.<\/p>\n\n\n\n<p>Sans oublier de prendre en compte les h\u00e9bergements. Si vous choisissez un lodge de luxe, le prix varie aux alentours de 500 $ la nuit.<\/p>\n\n\n\n<div class=\"wp-block-image\"><figure class=\"aligncenter size-full\"><picture><source srcset=\"https:\/\/mistersafari.com\/fr\/wp-content\/uploads\/sites\/2\/girafe-parc-nairobi.webp 1200w,https:\/\/mistersafari.com\/fr\/wp-content\/uploads\/sites\/2\/girafe-parc-nairobi-300x199.webp 300w,https:\/\/mistersafari.com\/fr\/wp-content\/uploads\/sites\/2\/girafe-parc-nairobi-1024x678.webp 1024w,https:\/\/mistersafari.com\/fr\/wp-content\/uploads\/sites\/2\/girafe-parc-nairobi-768x509.webp 768w\" sizes=\"auto, (max-width: 1200px) 100vw, 1200px\" type=\"image\/webp\"><img src=\"https:\/\/mistersafari.com\/fr\/wp-content\/uploads\/sites\/2\/girafe-parc-nairobi.jpg\" height=\"795\" width=\"1200\" srcset=\"https:\/\/mistersafari.com\/fr\/wp-content\/uploads\/sites\/2\/girafe-parc-nairobi.jpg 1200w, https:\/\/mistersafari.com\/fr\/wp-content\/uploads\/sites\/2\/girafe-parc-nairobi-300x199.jpg 300w, https:\/\/mistersafari.com\/fr\/wp-content\/uploads\/sites\/2\/girafe-parc-nairobi-1024x678.jpg 1024w, https:\/\/mistersafari.com\/fr\/wp-content\/uploads\/sites\/2\/girafe-parc-nairobi-768x509.jpg 768w\" sizes=\"auto, (max-width: 1200px) 100vw, 1200px\" class=\"wp-image-5571 sp-no-webp\" alt=\"\" loading=\"lazy\" decoding=\"async\"  > <\/picture><\/figure><\/div>\n\n\n\n<h3 class=\"wp-block-heading\">R\u00e9glementation<\/h3>\n\n\n\n<p>Pour prot\u00e9ger la faune r\u00e9sidant au Nairobi national park, plusieurs r\u00e8gles de biens\u00e9ance doivent \u00eatre appliqu\u00e9es :<\/p>\n\n\n\n<ul class=\"wp-block-list\"><li>Ne pas nourrir ou blesser les animaux ;<\/li><li>Apporter ses documents d\u2019identit\u00e9 avec soi ;<\/li><li>Ne pas jeter ses d\u00e9chets par terre ;<\/li><\/ul>\n\n\n\n<h2 class=\"wp-block-heading\"><span class=\"ez-toc-section\" id=\"ou-dormir-au-parc-national-de-nairobi\"><\/span>O\u00f9 dormir au Parc National de Nairobi ?<span class=\"ez-toc-section-end\"><\/span><\/h2>\n\n\n\n<p>Situ\u00e9 \u00e0 seulement 7 kilom\u00e8tres de la capitale du Kenya, vous avez l\u2019embarras du choix pour dormir au parc national de Nairobi. Et si vous ne savez pas quoi choisir, voici quelques suggestions :<\/p>\n\n\n\n<ul class=\"wp-block-list\"><li>Nairobi Tented Camp : pour un s\u00e9jour sous le signe de l\u2019aventure, s\u00e9journez dans ce camp \u00e0 l\u2019int\u00e9rieur m\u00eame du parc.<\/li><li>Hemingways Nairobi : dans le quartier Karen de la capitale, Hemingways Nairobi est un h\u00f4tel qui vous accueille pour votre s\u00e9jour au Kenya. Pour vous reposer apr\u00e8s une journ\u00e9e \u00e0 chercher la faune, vous pourrez vous rendre au spa ou au centre de bien-\u00eatre.<\/li><li>Giraffe Manor : dans un \u00e9difice datant des ann\u00e9es 30, vous pourrez profiter d&rsquo;un s\u00e9jour grand luxe au Girafe Manor. Mais surtout, c\u2019est le lieu id\u00e9al pour observer les girafes \u00e0 tout moment. D\u2019ailleurs, il est possible de les nourrir lors du petit-d\u00e9jeuner.<\/li><\/ul>\n\n\n\n<div class=\"wp-block-image\"><figure class=\"aligncenter size-full\"><picture><source srcset=\"https:\/\/mistersafari.com\/fr\/wp-content\/uploads\/sites\/2\/autruche-nairobi.webp 1200w,https:\/\/mistersafari.com\/fr\/wp-content\/uploads\/sites\/2\/autruche-nairobi-300x195.webp 300w,https:\/\/mistersafari.com\/fr\/wp-content\/uploads\/sites\/2\/autruche-nairobi-1024x665.webp 1024w,https:\/\/mistersafari.com\/fr\/wp-content\/uploads\/sites\/2\/autruche-nairobi-768x499.webp 768w\" sizes=\"auto, (max-width: 1200px) 100vw, 1200px\" type=\"image\/webp\"><img src=\"https:\/\/mistersafari.com\/fr\/wp-content\/uploads\/sites\/2\/autruche-nairobi.jpg\" height=\"779\" width=\"1200\" srcset=\"https:\/\/mistersafari.com\/fr\/wp-content\/uploads\/sites\/2\/autruche-nairobi.jpg 1200w, https:\/\/mistersafari.com\/fr\/wp-content\/uploads\/sites\/2\/autruche-nairobi-300x195.jpg 300w, https:\/\/mistersafari.com\/fr\/wp-content\/uploads\/sites\/2\/autruche-nairobi-1024x665.jpg 1024w, https:\/\/mistersafari.com\/fr\/wp-content\/uploads\/sites\/2\/autruche-nairobi-768x499.jpg 768w\" sizes=\"auto, (max-width: 1200px) 100vw, 1200px\" class=\"wp-image-5572 sp-no-webp\" alt=\"autruches Nairobi\" loading=\"lazy\" decoding=\"async\"  > <\/picture><\/figure><\/div>\n\n\n\n<h2 class=\"wp-block-heading\"><span class=\"ez-toc-section\" id=\"parc-national-de-nairobi-autres-informations-pratiques\"><\/span>Parc National de Nairobi : autres informations pratiques<span class=\"ez-toc-section-end\"><\/span><\/h2>\n\n\n\n<h3 class=\"wp-block-heading\">G\u00e9ographie<\/h3>\n\n\n\n<p>Situ\u00e9 \u00e0 seulement 7 kilom\u00e8tres de la capitale du Kenya, le parc national de Nairobi jouit d\u2019une localisation id\u00e9ale pour les voyageurs. Et surtout, il vous fournit un d\u00e9cor inhabituel : en plein milieu de la savane, vous verrez les immeubles de la capitale au loin.<\/p>\n\n\n\n<h3 class=\"wp-block-heading\">M\u00e9t\u00e9o<\/h3>\n\n\n\n<p>Comme le reste de l\u2019Afrique, le parc de Nairobi b\u00e9n\u00e9ficie d\u2019un climat agr\u00e9able tout au long de l\u2019ann\u00e9e. Cependant, m\u00eame si les temp\u00e9ratures restent douces, il faut diff\u00e9rencier la saison s\u00e8che de la saison humide. Cette derni\u00e8re est caract\u00e9ris\u00e9e par des pluies intenses qui rendent plus difficiles les d\u00e9placements au sein du parc.<\/p>\n\n\n\n<h3 class=\"wp-block-heading\">Quand visiter ?<\/h3>\n\n\n\n<p>La meilleure p\u00e9riode pour visiter le parc de Nairobi est la saison s\u00e8che, de mai \u00e0 septembre. Du fait du manque d\u2019eau, les animaux se rendent autour des lacs et des rivi\u00e8res. C\u2019est donc le meilleur moment pour admirer la faune sauvage. Le parc national de Nairobi est situ\u00e9 \u00e0 7 kilom\u00e8tres de la capitale du Kenya.<\/p>\n\n\n\n<h2 class=\"wp-block-heading\"><span class=\"ez-toc-section\" id=\"faq\"><\/span>FAQ<span class=\"ez-toc-section-end\"><\/span><\/h2>\n\n\n<div id=\"rank-math-faq\" class=\"rank-math-block\">\n<div class=\"rank-math-list \">\n<div id=\"faq-question-1634808511393\" class=\"rank-math-list-item\">\n<h3 class=\"rank-math-question \">O\u00f9 se trouve le Parc National de Nairobi ?<\/h3>\n<div class=\"rank-math-answer \">\n\n<p>Le parc national de Nairobi est situ\u00e9 \u00e0 7 kilom\u00e8tres de la capitale du Kenya.<\/p>\n\n<\/div>\n<\/div>\n<div id=\"faq-question-1634808517248\" class=\"rank-math-list-item\">\n<h3 class=\"rank-math-question \">Combien co\u00fbte l&rsquo;entr\u00e9e au Parc National de Nairobi ?<\/h3>\n<div class=\"rank-math-answer \">\n\n<p>Pour un adulte, l\u2019entr\u00e9e au parc national de Nairobi est de 40 $US.<\/p>\n\n<\/div>\n<\/div>\n<div id=\"faq-question-1634808532560\" class=\"rank-math-list-item\">\n<h3 class=\"rank-math-question \">Quels animaux peut-on voir ?<\/h3>\n<div class=\"rank-math-answer \">\n\n<p>Vous pourrez voir des lions, des l\u00e9opards, des girafes, des autruches, des hy\u00e8nes, des z\u00e8bres, des buffles, des gnous ou encore des rhinoc\u00e9ros noirs.<\/p>\n\n<\/div>\n<\/div>\n<\/div>\n<\/div>","protected":false},"excerpt":{"rendered":"<p>Situ\u00e9 \u00e0 proximit\u00e9 de la capitale du Kenya, le parc national de Nairobi vous attend dans un d\u00e9cor pour le moins inattendu. \u00c0 l\u2019inverse des r\u00e9serves naturelles perdues en pleine savane, cet espace est \u00e0 seulement 7 kilom\u00e8tres de Nairobi. Lors de votre visite, vous d\u00e9couvrirez alors les animaux sauvages d\u2019Afrique, avec en toile de &#8230; <a title=\"Parc National de Nairobi\" class=\"read-more\" href=\"https:\/\/mistersafari.com\/fr\/safari-kenya\/parcs-reserves\/parc-national-nairobi\/\" aria-label=\"En savoir plus sur Parc National de Nairobi\">Lire la suite<\/a><\/p>\n","protected":false},"author":3,"featured_media":5575,"parent":926,"menu_order":1,"comment_status":"closed","ping_status":"closed","template":"","meta":{"_acf_changed":false,"footnotes":""},"content_type":[],"country":[],"class_list":{"0":"post-5558","1":"page","2":"type-page","3":"status-publish","4":"has-post-thumbnail","6":"no-featured-image-padding"},"acf":{"hreflang":[{"alternative_url":"https:\/\/mistersafari.com\/nairobi-national-park\/","language":"en"}]},"_links":{"self":[{"href":"https:\/\/mistersafari.com\/fr\/wp-json\/wp\/v2\/pages\/5558","targetHints":{"allow":["GET"]}}],"collection":[{"href":"https:\/\/mistersafari.com\/fr\/wp-json\/wp\/v2\/pages"}],"about":[{"href":"https:\/\/mistersafari.com\/fr\/wp-json\/wp\/v2\/types\/page"}],"author":[{"embeddable":true,"href":"https:\/\/mistersafari.com\/fr\/wp-json\/wp\/v2\/users\/3"}],"replies":[{"embeddable":true,"href":"https:\/\/mistersafari.com\/fr\/wp-json\/wp\/v2\/comments?post=5558"}],"version-history":[{"count":17,"href":"https:\/\/mistersafari.com\/fr\/wp-json\/wp\/v2\/pages\/5558\/revisions"}],"predecessor-version":[{"id":6467,"href":"https:\/\/mistersafari.com\/fr\/wp-json\/wp\/v2\/pages\/5558\/revisions\/6467"}],"up":[{"embeddable":true,"href":"https:\/\/mistersafari.com\/fr\/wp-json\/wp\/v2\/pages\/926"}],"wp:featuredmedia":[{"embeddable":true,"href":"https:\/\/mistersafari.com\/fr\/wp-json\/wp\/v2\/media\/5575"}],"wp:attachment":[{"href":"https:\/\/mistersafari.com\/fr\/wp-json\/wp\/v2\/media?parent=5558"}],"wp:term":[{"taxonomy":"content_type","embeddable":true,"href":"https:\/\/mistersafari.com\/fr\/wp-json\/wp\/v2\/content_type?post=5558"},{"taxonomy":"country","embeddable":true,"href":"https:\/\/mistersafari.com\/fr\/wp-json\/wp\/v2\/country?post=5558"}],"curies":[{"name":"wp","href":"https:\/\/api.w.org\/{rel}","templated":true}]}}