{"id":5486,"date":"2021-10-19T08:06:56","date_gmt":"2021-10-19T08:06:56","guid":{"rendered":"https:\/\/mistersafari.com\/fr\/?page_id=5486"},"modified":"2021-10-19T08:06:56","modified_gmt":"2021-10-19T08:06:56","slug":"parc-national-hwange","status":"publish","type":"page","link":"https:\/\/mistersafari.com\/fr\/safari-zimbabwe\/parcs-reserves\/parc-national-hwange\/","title":{"rendered":"Parc National de Hwange"},"content":{"rendered":"\n<p>Le parc national de Hwange est le plus grand et le plus populaire parc de Zimbabwe faisant la taille de la Berlgique. D&rsquo;une superficie de 14 650 km\u00b2, Hwange fut d\u00e9clar\u00e9 autant que parc national en 1928 afin de pr\u00e9server les neuf des dix esp\u00e8ces prot\u00e9g\u00e9es du pays. Le parc se situe aussi sur la route principale vers<a href=\"https:\/\/mistersafari.com\/fr\/safari-zimbabwe\/parcs-reserves\/parc-national-chutes-victoria\/\" data-type=\"page\" data-id=\"3817\"> les chutes Victoria<\/a>, ce qui lui permet de se d\u00e9marquer des autres parcs de Zimbabwe par la richesse de sa faune.<\/p>\n\n\n<div id=\"ez-toc-container\" class=\"ez-toc-v2_0_76 counter-flat ez-toc-counter ez-toc-custom ez-toc-container-direction\">\n<div class=\"ez-toc-title-container\"><p class=\"ez-toc-title\" style=\"cursor:inherit\">Sommaire<\/p>\n<\/div><nav><ul class='ez-toc-list ez-toc-list-level-1 ' ><li class='ez-toc-page-1'><a class=\"ez-toc-link ez-toc-heading-1\" href=\"https:\/\/mistersafari.com\/fr\/safari-zimbabwe\/parcs-reserves\/parc-national-hwange\/#pourquoi-se-rendre-au-parc-nationl-de-hwange\" >Pourquoi se rendre au Parc Nationl de Hwange ?<\/a><\/li><li class='ez-toc-page-1'><a class=\"ez-toc-link ez-toc-heading-2\" href=\"https:\/\/mistersafari.com\/fr\/safari-zimbabwe\/parcs-reserves\/parc-national-hwange\/#tarif-et-reglementation\" >Tarif et r\u00e9glementation<\/a><\/li><li class='ez-toc-page-1'><a class=\"ez-toc-link ez-toc-heading-3\" href=\"https:\/\/mistersafari.com\/fr\/safari-zimbabwe\/parcs-reserves\/parc-national-hwange\/#ou-dormir-au-parc-national-de-hwange\" >O\u00f9 dormir au Parc National de Hwange ?<\/a><\/li><li class='ez-toc-page-1'><a class=\"ez-toc-link ez-toc-heading-4\" href=\"https:\/\/mistersafari.com\/fr\/safari-zimbabwe\/parcs-reserves\/parc-national-hwange\/#parc-national-de-hwange-autres-informations-pratiques\" >Parc National de Hwange : autres informations pratiques<\/a><\/li><li class='ez-toc-page-1'><a class=\"ez-toc-link ez-toc-heading-5\" href=\"https:\/\/mistersafari.com\/fr\/safari-zimbabwe\/parcs-reserves\/parc-national-hwange\/#faq\" >FAQ<\/a><\/li><\/ul><\/nav><\/div>\n\n\n\n\n<h2 class=\"wp-block-heading\"><span class=\"ez-toc-section\" id=\"pourquoi-se-rendre-au-parc-nationl-de-hwange\"><\/span>Pourquoi se rendre au Parc Nationl de Hwange ?<span class=\"ez-toc-section-end\"><\/span><\/h2>\n\n\n\n<h3 class=\"wp-block-heading\">La vie sauvage<\/h3>\n\n\n\n<p>Le parc est tr\u00e8s connu par la plus grande population d&rsquo;\u00e9l\u00e9phants au monde qu&rsquo;il regroupe (plus de 50 000). Zimparks, l&rsquo;agence gouvernementale qui s&rsquo;occupe de la gestion du parc de Hwange, a transform\u00e9 plusieurs piscines et bassins comme celle du camp de Somalisa en point d&rsquo;eau aliment\u00e9 par des pompes discr\u00e8tes qui permet \u00e0 la vie de subsister dans le bush dans cette r\u00e9gion s\u00e8che et sablonneuse.<\/p>\n\n\n\n<div class=\"wp-block-image\"><figure class=\"aligncenter size-full\"><picture><source srcset=\"https:\/\/mistersafari.com\/fr\/wp-content\/uploads\/sites\/2\/elephant-hwange.webp 1200w,https:\/\/mistersafari.com\/fr\/wp-content\/uploads\/sites\/2\/elephant-hwange-300x187.webp 300w,https:\/\/mistersafari.com\/fr\/wp-content\/uploads\/sites\/2\/elephant-hwange-1024x638.webp 1024w,https:\/\/mistersafari.com\/fr\/wp-content\/uploads\/sites\/2\/elephant-hwange-768x479.webp 768w\" sizes=\"auto, (max-width: 1200px) 100vw, 1200px\" type=\"image\/webp\"><img src=\"https:\/\/mistersafari.com\/fr\/wp-content\/uploads\/sites\/2\/elephant-hwange.jpg\" height=\"748\" width=\"1200\" srcset=\"https:\/\/mistersafari.com\/fr\/wp-content\/uploads\/sites\/2\/elephant-hwange.jpg 1200w, https:\/\/mistersafari.com\/fr\/wp-content\/uploads\/sites\/2\/elephant-hwange-300x187.jpg 300w, https:\/\/mistersafari.com\/fr\/wp-content\/uploads\/sites\/2\/elephant-hwange-1024x638.jpg 1024w, https:\/\/mistersafari.com\/fr\/wp-content\/uploads\/sites\/2\/elephant-hwange-768x479.jpg 768w\" sizes=\"auto, (max-width: 1200px) 100vw, 1200px\" class=\"wp-image-5490 sp-no-webp\" alt=\"\u00e9l\u00e9phants hwange\" loading=\"lazy\" decoding=\"async\"  > <\/picture><\/figure><\/div>\n\n\n\n<p>Le parc h\u00e9berge, en plus des Big Five, de nombreux animaux:  des antilopes, des girafes, des gnous, des zibelines, des impalas, des oryx gazelles, des hy\u00e8nes, des chiens sauvages ainsi que plus de 400 esp\u00e8ces d&rsquo;oiseaux, dont le rollier \u00e0 raquettes, le gu\u00eapier carmin et le bucorve du sud. Tant les animaux sont nombreux, vous pouvez rencontrer et observer les rares rhinoc\u00e9ros blancs qui sont en voie d&rsquo;extinction.<\/p>\n\n\n\n<h3 class=\"wp-block-heading\">Safari \u00e0 pieds<\/h3>\n\n\n\n<p>Hwange fait partie des zones ayant une forte concentration animale d\u2019Afrique au vu de sa taille. Vous pouvez participer aux nombreux safaris organis\u00e9s deux fois par jour : le matin et en fin d&rsquo;apr\u00e8s-midi en choisissant le circuit qui vous pla\u00eet et selon la r\u00e9gion du parc o\u00f9 vous logez.<\/p>\n\n\n\n<p>Les safaris \u00e0 pieds sont l\u2019assurance de vivre des moments inoubliables au milieu des diff\u00e9rents troupeaux. Vous aurez donc l&rsquo;incroyable possibilit\u00e9 de commencer votre safari en 4&#215;4 et de le finir \u00e0 pied pour visiter les sanctuaires qui abritent des centaines d&rsquo;\u00e9l\u00e9phants.<\/p>\n\n\n\n<h3 class=\"wp-block-heading\">Les autres activit\u00e9s<\/h3>\n\n\n\n<p>En plus des safaris \u00e0 pieds, il est possible de faire des promenades nocturnes en compagnie d&rsquo;un guide et \u00e0 l&rsquo;aide de projecteurs afin d&rsquo;identifier la faune nuiteuse. Lors de ces safaris dans des trajets sp\u00e9cifiques, vous aurez la chance de rep\u00e9rer les rares l\u00e9opards du parc ainsi que plusieurs esp\u00e8ces de petits chats sauvages.<\/p>\n\n\n\n<p class=\"callout-green\">Il existe plusieurs endroits am\u00e9nag\u00e9s pour un pique-nique ou pour faire du camping partout dans le parc.<\/p>\n\n\n\n<p>Id\u00e9alement, lors de votre s\u00e9jour au parc national de Hwange, vous pouvez faire un d\u00e9tour aux chutes de Victoria ou vous pouvez faire du rafting, saut \u00e0 l&rsquo;\u00e9lastique et plein d&rsquo;autres activit\u00e9s. Pensez \u00e0 visiter aussi <a href=\"https:\/\/mistersafari.com\/fr\/safari-zimbabwe\/parcs-reserves\/parc-national-mana-pools\/\" data-type=\"page\" data-id=\"4472\">la r\u00e9serve de Mana Pools<\/a> et d\u00e9couvrir <a href=\"https:\/\/mistersafari.com\/fr\/safari-zambie\/croisiere-fleuve-zambeze\/\" data-type=\"page\" data-id=\"4371\">le fleuve du bas de Zamb\u00e8ze <\/a>en cano\u00eb ou en croisi\u00e8re.<\/p>\n\n\n\n<div class=\"wp-block-image\"><figure class=\"aligncenter size-full\"><picture><source srcset=\"https:\/\/mistersafari.com\/fr\/wp-content\/uploads\/sites\/2\/coracias-spatulatus-hwange.webp 1200w,https:\/\/mistersafari.com\/fr\/wp-content\/uploads\/sites\/2\/coracias-spatulatus-hwange-300x200.webp 300w,https:\/\/mistersafari.com\/fr\/wp-content\/uploads\/sites\/2\/coracias-spatulatus-hwange-1024x682.webp 1024w,https:\/\/mistersafari.com\/fr\/wp-content\/uploads\/sites\/2\/coracias-spatulatus-hwange-768x511.webp 768w\" sizes=\"auto, (max-width: 1200px) 100vw, 1200px\" type=\"image\/webp\"><img src=\"https:\/\/mistersafari.com\/fr\/wp-content\/uploads\/sites\/2\/coracias-spatulatus-hwange.jpg\" height=\"799\" width=\"1200\" srcset=\"https:\/\/mistersafari.com\/fr\/wp-content\/uploads\/sites\/2\/coracias-spatulatus-hwange.jpg 1200w, https:\/\/mistersafari.com\/fr\/wp-content\/uploads\/sites\/2\/coracias-spatulatus-hwange-300x200.jpg 300w, https:\/\/mistersafari.com\/fr\/wp-content\/uploads\/sites\/2\/coracias-spatulatus-hwange-1024x682.jpg 1024w, https:\/\/mistersafari.com\/fr\/wp-content\/uploads\/sites\/2\/coracias-spatulatus-hwange-768x511.jpg 768w\" sizes=\"auto, (max-width: 1200px) 100vw, 1200px\" class=\"wp-image-5512 sp-no-webp\" alt=\"coracias spatulatus de Hwange\" loading=\"lazy\" decoding=\"async\"  > <\/picture><figcaption>Un coracias spatulatus<\/figcaption><\/figure><\/div>\n\n\n\n<h2 class=\"wp-block-heading\"><span class=\"ez-toc-section\" id=\"tarif-et-reglementation\"><\/span>Tarif et r\u00e9glementation<span class=\"ez-toc-section-end\"><\/span><\/h2>\n\n\n\n<h3 class=\"wp-block-heading\">Tarif<\/h3>\n\n\n\n<p>L&rsquo;entr\u00e9e est de 20$ par personne et pour faire un v\u00e9hicule, il faut rajouter un suppl\u00e9ment de 5$<\/p>\n\n\n\n<p>Le paiement se fait uniquement en esp\u00e8ces, pensez \u00e0 en avoir de la monnaie sur vous.<\/p>\n\n\n\n<h3 class=\"wp-block-heading\">R\u00e9glementation<\/h3>\n\n\n\n<p>Le parc se situe dans une zone impalud\u00e9e o\u00f9 les moustiques porteurs du paludisme sont r\u00e9pandus, vous devez donc prendre quelques pr\u00e9cautions : Assurez-vous d&rsquo;avoir des pilules antipaludiques et un insectifuge contenant du DEET dans vos bagages.<\/p>\n\n\n\n<p>Vous pouvez conduire votre v\u00e9hicule au sein du parc, mais il faut demander aux locaux de vous donner des conseils sur les conditions routi\u00e8res et la s\u00e9curit\u00e9 avant de partir. Cependant il est interdit de conduire la nuit.<\/p>\n\n\n\n<p>Il faut toujours \u00eatre poli et respectueux envers les policiers et le personnel militaire.<\/p>\n\n\n\n<h2 class=\"wp-block-heading\"><span class=\"ez-toc-section\" id=\"ou-dormir-au-parc-national-de-hwange\"><\/span>O\u00f9 dormir au Parc National de Hwange ?<span class=\"ez-toc-section-end\"><\/span><\/h2>\n\n\n\n<p>Pour le respect des territoires des animaux, les logements sont concentr\u00e9s principalement au nord-est et au nord-ouest \u00e0 l&rsquo;extr\u00e9mit\u00e9 du parc. Hwange National Park propose de nombreux h\u00e9bergements du plus simple au plus luxueux et pour tous les budgets.<\/p>\n\n\n\n<h4 class=\"gb-headline gb-headline-22a7fec5 gb-headline-text\">Le camping<\/h4>\n\n\n\n<p>Le camping se trouve au nord-ouest du parc. Il s&rsquo;agit de la solution la plus abordable pour les amateurs de safaris comme le Deka Camp, Robins Camp, Somalisa Camp, Bumboosie Camp&#8230; Les camps sont \u00e9quip\u00e9s de sanitaires, douches et de l\u2019eau potable. Bien que rudimentaire, ce type de logement offre une exp\u00e9rience magique et authentique.<\/p>\n\n\n\n<h4 class=\"gb-headline gb-headline-cacf54e6 gb-headline-text\">Les lodges<\/h4>\n\n\n\n<p>Pour plus de confort, vous trouverez les lodges plut\u00f4t dans le nord-est du parc. Ce type de logement conviendra \u00e0 ceux qui cherchent un service plut\u00f4t haut de gamme comme le Gwango Elephant Lodge qui propose des cottages sur\u00e9lev\u00e9s, offrants une vue imprenable sur la savane de Hwange, ou le Sinamatela Resort et ses magnifiques chalets \u00e0 proximit\u00e9 de chutes de Victoria.<\/p>\n\n\n\n<h2 class=\"wp-block-heading\"><span class=\"ez-toc-section\" id=\"parc-national-de-hwange-autres-informations-pratiques\"><\/span>Parc National de Hwange : autres informations pratiques<span class=\"ez-toc-section-end\"><\/span><\/h2>\n\n\n\n<h3 class=\"wp-block-heading\">G\u00e9ographie<\/h3>\n\n\n\n<p>Le parc se situe entre les Chutes de Victoria et Bulawayo, et \u00e0 la fronti\u00e8re nord-est du Botswana. Bordant le d\u00e9sert du Kalahari \u00e0 l&rsquo;extr\u00e9mit\u00e9 ouest du Zimbabwe, le parc de Hwange se compose principalement de plaines de sable, de for\u00eat de teck, d&rsquo;acacia thornveld et de mopane.<\/p>\n\n\n\n<div class=\"wp-block-image\"><figure class=\"aligncenter size-full\"><picture><source srcset=\"https:\/\/mistersafari.com\/fr\/wp-content\/uploads\/sites\/2\/mopane-hwange.webp 1200w,https:\/\/mistersafari.com\/fr\/wp-content\/uploads\/sites\/2\/mopane-hwange-300x201.webp 300w,https:\/\/mistersafari.com\/fr\/wp-content\/uploads\/sites\/2\/mopane-hwange-1024x686.webp 1024w,https:\/\/mistersafari.com\/fr\/wp-content\/uploads\/sites\/2\/mopane-hwange-768x515.webp 768w\" sizes=\"auto, (max-width: 1200px) 100vw, 1200px\" type=\"image\/webp\"><img src=\"https:\/\/mistersafari.com\/fr\/wp-content\/uploads\/sites\/2\/mopane-hwange.jpg\" height=\"804\" width=\"1200\" srcset=\"https:\/\/mistersafari.com\/fr\/wp-content\/uploads\/sites\/2\/mopane-hwange.jpg 1200w, https:\/\/mistersafari.com\/fr\/wp-content\/uploads\/sites\/2\/mopane-hwange-300x201.jpg 300w, https:\/\/mistersafari.com\/fr\/wp-content\/uploads\/sites\/2\/mopane-hwange-1024x686.jpg 1024w, https:\/\/mistersafari.com\/fr\/wp-content\/uploads\/sites\/2\/mopane-hwange-768x515.jpg 768w\" sizes=\"auto, (max-width: 1200px) 100vw, 1200px\" class=\"wp-image-5498 sp-no-webp\" alt=\"arbres de mopane\" loading=\"lazy\" decoding=\"async\"  > <\/picture><figcaption>For\u00eat de mopane<\/figcaption><\/figure><\/div>\n\n\n\n<p>De sa nature d\u00e9sertique, il y a peu d&rsquo;eau naturelle dans le parc. Par cons\u00e9quent, plusieurs points d&rsquo;eau artificiels, d&rsquo;aspect naturel, ont \u00e9t\u00e9 mis en place autour desquels se rassemblent un tr\u00e8s grand nombre d&rsquo;animaux pour combattre la s\u00e9cheresse. Gr\u00e2ce \u00e0 l&rsquo;entretien constant de ces bassins, plusieurs animaux dont les hippopotames et les crocodiles ont pu y r\u00e9sider, florissant d&rsquo;avantage la richesse faunique de Hwange.<\/p>\n\n\n\n<h3 class=\"wp-block-heading\">M\u00e9t\u00e9o<\/h3>\n\n\n\n<p>Il y a deux saisons principales au parc national de Hwange :<\/p>\n\n\n\n<p>La saison s\u00e8che (mi-octobre) mais \u00e0 la fois les mois les plus froids de l&rsquo;hiver, surtout le soir. Il commence \u00e0 faire ti\u00e8de \u00e0 partir du mois d&rsquo;ao\u00fbt.<\/p>\n\n\n\n<p>Pendant la saison humide (novembre-avril), vous pouvez assister \u00e0 des pluies tr\u00e8s abondantes avec des temp\u00e9ratures qui se situent autour de 32 degr\u00e9s.<\/p>\n\n\n\n<h3 class=\"wp-block-heading\">Quand visiter ?<\/h3>\n\n\n\n<p>La meilleure p\u00e9riode pour visiter le parc est pendant la saison s\u00e8che (de juin \u00e0 octobre) lorsque les animaux se regroupent autour des points d&rsquo;eau. Pendant cette p\u00e9riode les journ\u00e9es sont bien chaudes et les nuits plut\u00f4t fra\u00eeches, pensez \u00e0 ramener aussi des v\u00eatements chauds. La saison humide est id\u00e9ale pour l&rsquo;observation des oiseaux et le changement de paysage.<\/p>\n\n\n\n<h2 class=\"wp-block-heading\"><span class=\"ez-toc-section\" id=\"faq\"><\/span>FAQ<span class=\"ez-toc-section-end\"><\/span><\/h2>\n\n\n<div id=\"rank-math-faq\" class=\"rank-math-block\">\n<div class=\"rank-math-list \">\n<div id=\"faq-question-1634630720292\" class=\"rank-math-list-item\">\n<h3 class=\"rank-math-question \">O\u00f9 se trouve le Parc National de Hwange ?<\/h3>\n<div class=\"rank-math-answer \">\n\n<p>Le parc se situe dans le nord-ouest du Zimbabwe, non loin des Chutes Victoria<\/p>\n\n<\/div>\n<\/div>\n<div id=\"faq-question-1634630731809\" class=\"rank-math-list-item\">\n<h3 class=\"rank-math-question \">Combien co\u00fbte l&rsquo;entr\u00e9e au Parc National de Hwange ?<\/h3>\n<div class=\"rank-math-answer \">\n\n<p>L&rsquo;entr\u00e9e co\u00fbte 20$ par personne.<\/p>\n\n<\/div>\n<\/div>\n<div id=\"faq-question-1634630743916\" class=\"rank-math-list-item\">\n<h3 class=\"rank-math-question \">Quels animaux peut-on voir ?<\/h3>\n<div class=\"rank-math-answer \">\n\n<p>Vous pouvez voir facilement presque tous les animaux de la savane et des esp\u00e8ces rares comme les rhinoc\u00e9ros blancs et noirs, l\u00e9opard, gu\u00e9pards, chiens sauvages&#8230; Ainsi qu\u2019une centaine d&rsquo;esp\u00e8ces d&rsquo;oiseaux.<\/p>\n\n<\/div>\n<\/div>\n<\/div>\n<\/div>","protected":false},"excerpt":{"rendered":"<p>Le parc national de Hwange est le plus grand et le plus populaire parc de Zimbabwe faisant la taille de la Berlgique. D&rsquo;une superficie de 14 650 km\u00b2, Hwange fut d\u00e9clar\u00e9 autant que parc national en 1928 afin de pr\u00e9server les neuf des dix esp\u00e8ces prot\u00e9g\u00e9es du pays. Le parc se situe aussi sur la &#8230; <a title=\"Parc National de Hwange\" class=\"read-more\" href=\"https:\/\/mistersafari.com\/fr\/safari-zimbabwe\/parcs-reserves\/parc-national-hwange\/\" aria-label=\"En savoir plus sur Parc National de Hwange\">Lire la suite<\/a><\/p>\n","protected":false},"author":3,"featured_media":5488,"parent":3870,"menu_order":3,"comment_status":"closed","ping_status":"closed","template":"","meta":{"_acf_changed":false,"footnotes":""},"content_type":[],"country":[],"class_list":{"0":"post-5486","1":"page","2":"type-page","3":"status-publish","4":"has-post-thumbnail","6":"no-featured-image-padding"},"acf":{"hreflang":null},"_links":{"self":[{"href":"https:\/\/mistersafari.com\/fr\/wp-json\/wp\/v2\/pages\/5486","targetHints":{"allow":["GET"]}}],"collection":[{"href":"https:\/\/mistersafari.com\/fr\/wp-json\/wp\/v2\/pages"}],"about":[{"href":"https:\/\/mistersafari.com\/fr\/wp-json\/wp\/v2\/types\/page"}],"author":[{"embeddable":true,"href":"https:\/\/mistersafari.com\/fr\/wp-json\/wp\/v2\/users\/3"}],"replies":[{"embeddable":true,"href":"https:\/\/mistersafari.com\/fr\/wp-json\/wp\/v2\/comments?post=5486"}],"version-history":[{"count":19,"href":"https:\/\/mistersafari.com\/fr\/wp-json\/wp\/v2\/pages\/5486\/revisions"}],"predecessor-version":[{"id":5522,"href":"https:\/\/mistersafari.com\/fr\/wp-json\/wp\/v2\/pages\/5486\/revisions\/5522"}],"up":[{"embeddable":true,"href":"https:\/\/mistersafari.com\/fr\/wp-json\/wp\/v2\/pages\/3870"}],"wp:featuredmedia":[{"embeddable":true,"href":"https:\/\/mistersafari.com\/fr\/wp-json\/wp\/v2\/media\/5488"}],"wp:attachment":[{"href":"https:\/\/mistersafari.com\/fr\/wp-json\/wp\/v2\/media?parent=5486"}],"wp:term":[{"taxonomy":"content_type","embeddable":true,"href":"https:\/\/mistersafari.com\/fr\/wp-json\/wp\/v2\/content_type?post=5486"},{"taxonomy":"country","embeddable":true,"href":"https:\/\/mistersafari.com\/fr\/wp-json\/wp\/v2\/country?post=5486"}],"curies":[{"name":"wp","href":"https:\/\/api.w.org\/{rel}","templated":true}]}}