{"id":5371,"date":"2021-10-15T08:48:50","date_gmt":"2021-10-15T08:48:50","guid":{"rendered":"https:\/\/mistersafari.com\/fr\/?page_id=5371"},"modified":"2021-10-15T08:48:51","modified_gmt":"2021-10-15T08:48:51","slug":"plages","status":"publish","type":"page","link":"https:\/\/mistersafari.com\/fr\/safari-mozambique\/plages\/","title":{"rendered":"Les 8 plus belles plages du Mozambique"},"content":{"rendered":"\n<p>Le Mozambique est souvent oubli\u00e9 des voyageurs, et pourtant il a tant \u00e0 offrir. C&rsquo;est bien s\u00fbr une destination <a href=\"https:\/\/mistersafari.com\/fr\/safari-mozambique\/\">safaris<\/a>, mais ce pays du Sud de l&rsquo;Afrique regorge aussi de plages toutes plus idylliques les unes que les autres. Voici un petit tour d&rsquo;horizon des plus belles plages du Mozambique, du Nord au Sud du pays.<\/p>\n\n\n<div id=\"ez-toc-container\" class=\"ez-toc-v2_0_76 counter-flat ez-toc-counter ez-toc-custom ez-toc-container-direction\">\n<div class=\"ez-toc-title-container\"><p class=\"ez-toc-title\" style=\"cursor:inherit\">Sommaire<\/p>\n<\/div><nav><ul class='ez-toc-list ez-toc-list-level-1 ' ><li class='ez-toc-page-1'><a class=\"ez-toc-link ez-toc-heading-1\" href=\"https:\/\/mistersafari.com\/fr\/safari-mozambique\/plages\/#pangane-beach\" >Pangane Beach<\/a><\/li><li class='ez-toc-page-1'><a class=\"ez-toc-link ez-toc-heading-2\" href=\"https:\/\/mistersafari.com\/fr\/safari-mozambique\/plages\/#wimbe-beach\" >Wimbe beach<\/a><\/li><li class='ez-toc-page-1'><a class=\"ez-toc-link ez-toc-heading-3\" href=\"https:\/\/mistersafari.com\/fr\/safari-mozambique\/plages\/#vilanculos\" >Vilanculos<\/a><\/li><li class='ez-toc-page-1'><a class=\"ez-toc-link ez-toc-heading-4\" href=\"https:\/\/mistersafari.com\/fr\/safari-mozambique\/plages\/#barra-beach\" >Barra beach<\/a><\/li><li class='ez-toc-page-1'><a class=\"ez-toc-link ez-toc-heading-5\" href=\"https:\/\/mistersafari.com\/fr\/safari-mozambique\/plages\/#tofo\" >Tofo<\/a><\/li><li class='ez-toc-page-1'><a class=\"ez-toc-link ez-toc-heading-6\" href=\"https:\/\/mistersafari.com\/fr\/safari-mozambique\/plages\/#costa-do-sol\" >Costa do Sol<\/a><\/li><li class='ez-toc-page-1'><a class=\"ez-toc-link ez-toc-heading-7\" href=\"https:\/\/mistersafari.com\/fr\/safari-mozambique\/plages\/#ponta-mamoli\" >Ponta Mamoli<\/a><\/li><li class='ez-toc-page-1'><a class=\"ez-toc-link ez-toc-heading-8\" href=\"https:\/\/mistersafari.com\/fr\/safari-mozambique\/plages\/#ponta-do-ouro\" >Ponta do Ouro<\/a><\/li><li class='ez-toc-page-1'><a class=\"ez-toc-link ez-toc-heading-9\" href=\"https:\/\/mistersafari.com\/fr\/safari-mozambique\/plages\/#visiter-les-plages-au-mozambique-dans-le-cadre-dun-voyage-plus-complet\" >Visiter les plages au Mozambique dans le cadre d\u2019un voyage plus complet<\/a><\/li><\/ul><\/nav><\/div>\n\n\n\n\n<h2 class=\"wp-block-heading\"><span class=\"ez-toc-section\" id=\"pangane-beach\"><\/span>Pangane Beach<span class=\"ez-toc-section-end\"><\/span><\/h2>\n\n\n\n<p>Appr\u00e9ci\u00e9e des touristes, la plage de Pangane reste pourtant un endroit particuli\u00e8rement authentique. Ici, peu d&rsquo;infrastructures, mais vous serez entour\u00e9 de sable fin blanc et d&rsquo;une eau turquoise \u00e0 perte de vue. Le paysage est sauvage, calme et invite \u00e0 la qui\u00e9tude. Au bord de l&rsquo;eau, les vents agitent un peu la mer et offrent un spot id\u00e9al de surf ou autres sports nautiques. La temp\u00e9rature de l&rsquo;eau atteint 24 degr\u00e9s (la temp\u00e9rature moyenne de l&rsquo;air est de 23 degr\u00e9s).<\/p>\n\n\n\n<div class=\"wp-block-image\"><figure class=\"aligncenter size-full\"><picture><source srcset=\"https:\/\/mistersafari.com\/fr\/wp-content\/uploads\/sites\/2\/Pangane-Beach.webp 1200w,https:\/\/mistersafari.com\/fr\/wp-content\/uploads\/sites\/2\/Pangane-Beach-300x225.webp 300w,https:\/\/mistersafari.com\/fr\/wp-content\/uploads\/sites\/2\/Pangane-Beach-1024x768.webp 1024w,https:\/\/mistersafari.com\/fr\/wp-content\/uploads\/sites\/2\/Pangane-Beach-768x576.webp 768w\" sizes=\"auto, (max-width: 1200px) 100vw, 1200px\" type=\"image\/webp\"><img src=\"https:\/\/mistersafari.com\/fr\/wp-content\/uploads\/sites\/2\/Pangane-Beach.jpg\" height=\"900\" width=\"1200\" srcset=\"https:\/\/mistersafari.com\/fr\/wp-content\/uploads\/sites\/2\/Pangane-Beach.jpg 1200w, https:\/\/mistersafari.com\/fr\/wp-content\/uploads\/sites\/2\/Pangane-Beach-300x225.jpg 300w, https:\/\/mistersafari.com\/fr\/wp-content\/uploads\/sites\/2\/Pangane-Beach-1024x768.jpg 1024w, https:\/\/mistersafari.com\/fr\/wp-content\/uploads\/sites\/2\/Pangane-Beach-768x576.jpg 768w\" sizes=\"auto, (max-width: 1200px) 100vw, 1200px\" class=\"wp-image-5380 sp-no-webp\" alt=\"Pangane Beach\" loading=\"lazy\" decoding=\"async\"  > <\/picture><figcaption>  La plage de Pangane Beach au Mozambique    <\/figcaption><\/figure><\/div>\n\n\n\n<h2 class=\"wp-block-heading\"><span class=\"ez-toc-section\" id=\"wimbe-beach\"><\/span>Wimbe beach<span class=\"ez-toc-section-end\"><\/span><\/h2>\n\n\n\n<p>Un peu plus au Sud, on retrouve la plage de Wimbe, vivante et anim\u00e9e. Son \u00e9tendue de sable dor\u00e9 rejoint l&rsquo;oc\u00e9an de couleur bleu \u00e9meraude. A proximit\u00e9, on retrouve des h\u00f4tels, un march\u00e9 aux poissons r\u00e9put\u00e9, des bars et restaurants. La baignade est agr\u00e9able et vous pourrez aussi vous essayer \u00e0 de nombreux sports nautiques ou autres activit\u00e9s comme la plong\u00e9e sous-marine, la p\u00eache ou nager avec des dauphins.<\/p>\n\n\n\n<h2 class=\"wp-block-heading\"><span class=\"ez-toc-section\" id=\"vilanculos\"><\/span>Vilanculos<span class=\"ez-toc-section-end\"><\/span><\/h2>\n\n\n\n<p>La plage de Vilanculos est situ\u00e9e dans la ville du m\u00eame nom, pr\u00e8s de l&rsquo;Archipel de Bazaruto. Les paysages sont sublimes : d&rsquo;un c\u00f4t\u00e9, une for\u00eat tropicale dense, suivie d&rsquo;une \u00e9tendue de sable chaud qui rejoint enfin l&rsquo;oc\u00e9an turquoise. C&rsquo;est une destination pris\u00e9e des touristes et anim\u00e9e gr\u00e2ce aux nombreux h\u00e9bergements sur la c\u00f4te. Les r\u00e9cifs coralliens sont riches et propices \u00e0 des excursions de plong\u00e9e sous-marine inoubliables.<\/p>\n\n\n\n<h2 class=\"wp-block-heading\"><span class=\"ez-toc-section\" id=\"barra-beach\"><\/span>Barra beach<span class=\"ez-toc-section-end\"><\/span><\/h2>\n\n\n\n<p>Id\u00e9ale pour un s\u00e9jour reposant, la plage de Barra offre un cadre d\u00e9paysant et naturel. Isol\u00e9e et calme, vous y croiserez tr\u00e8s peu de touristes. Avec du sable fin et une eau turquoise chaude, la baignade \u00e0 Barra beach est particuli\u00e8rement agr\u00e9able gr\u00e2ce \u00e0 l&rsquo;absence de vent. Vous pourrez cl\u00f4turer votre visite en sirotant un cocktail les pieds dans le sable dans l&rsquo;un des bars de la plage.<\/p>\n\n\n\n<h2 class=\"wp-block-heading\"><span class=\"ez-toc-section\" id=\"tofo\"><\/span>Tofo<span class=\"ez-toc-section-end\"><\/span><\/h2>\n\n\n\n<p>Destination baln\u00e9aire incontournable du Mozambique, la plage de Tofo est de loin la favorite de nombreux voyageurs. Le petit village plein de charme est accueillant et dot\u00e9 de plusieurs restaurants qui valent le d\u00e9tour. La plage quant \u00e0 elle est un endroit id\u00e9al pour la baignade, le surf, la plong\u00e9e, la p\u00eache &#8230; Vous pourrez observer des baleines, des dauphins, des barracudas, des poissons exotiques, et bien d&rsquo;autres esp\u00e8ces sous-marines. Vous pourrez aussi apercevoir les p\u00eacheurs au large au cours de l&rsquo;une des belles balades c\u00f4ti\u00e8res.<\/p>\n\n\n\n<div class=\"wp-block-image\"><figure class=\"aligncenter size-full\"><picture><source srcset=\"https:\/\/mistersafari.com\/fr\/wp-content\/uploads\/sites\/2\/plage-tofo.webp 1200w,https:\/\/mistersafari.com\/fr\/wp-content\/uploads\/sites\/2\/plage-tofo-300x234.webp 300w,https:\/\/mistersafari.com\/fr\/wp-content\/uploads\/sites\/2\/plage-tofo-1024x798.webp 1024w,https:\/\/mistersafari.com\/fr\/wp-content\/uploads\/sites\/2\/plage-tofo-768x598.webp 768w\" sizes=\"auto, (max-width: 1200px) 100vw, 1200px\" type=\"image\/webp\"><img src=\"https:\/\/mistersafari.com\/fr\/wp-content\/uploads\/sites\/2\/plage-tofo.jpg\" height=\"935\" width=\"1200\" srcset=\"https:\/\/mistersafari.com\/fr\/wp-content\/uploads\/sites\/2\/plage-tofo.jpg 1200w, https:\/\/mistersafari.com\/fr\/wp-content\/uploads\/sites\/2\/plage-tofo-300x234.jpg 300w, https:\/\/mistersafari.com\/fr\/wp-content\/uploads\/sites\/2\/plage-tofo-1024x798.jpg 1024w, https:\/\/mistersafari.com\/fr\/wp-content\/uploads\/sites\/2\/plage-tofo-768x598.jpg 768w\" sizes=\"auto, (max-width: 1200px) 100vw, 1200px\" class=\"wp-image-5372 sp-no-webp\" alt=\"La plage de Tofo du Mozambique  \" loading=\"lazy\" decoding=\"async\"  > <\/picture><figcaption>La plage de Tofo du Mozambique  <\/figcaption><\/figure><\/div>\n\n\n\n<h2 class=\"wp-block-heading\"><span class=\"ez-toc-section\" id=\"costa-do-sol\"><\/span>Costa do Sol<span class=\"ez-toc-section-end\"><\/span><\/h2>\n\n\n\n<p>Costa do Sol est une plage anim\u00e9e situ\u00e9e sur la c\u00f4te Sud du Mozambique, pr\u00e8s de Maputo, la capitale du pays. Facilement accessible, elle combine des paysages sauvages et des infrastructures pour accueillir les touristes. C&rsquo;est une station baln\u00e9aire populaire pour la pratique du surf. De longues promenades sur cette vaste plage de sable dor\u00e9 vous feront d\u00e9couvrir un Mozambique authentique : matches de football locaux, retour des bateaux de p\u00eache, vente \u00e0 emporter de sp\u00e9cialit\u00e9s locales, &#8230;<\/p>\n\n\n\n<h2 class=\"wp-block-heading\"><span class=\"ez-toc-section\" id=\"ponta-mamoli\"><\/span>Ponta Mamoli<span class=\"ez-toc-section-end\"><\/span><\/h2>\n\n\n\n<p>Au Sud de la R\u00e9serve de Maputo, la plage pr\u00e9serv\u00e9e de Ponta Mamoli s&rsquo;\u00e9tend sur 2 km de sable blanc. C&rsquo;est un endroit intime et calme o\u00f9 vous pourrez s\u00e9journer en toute tranquillit\u00e9 dans l&rsquo;un des h\u00e9bergements priv\u00e9s install\u00e9s le long de la plage. Du c\u00f4t\u00e9 de l&rsquo;eau, vous pourrez vous essayer \u00e0 la plong\u00e9e pour observer baleines, dauphins, raies et autres animaux marins. Un refuge de tortues est pr\u00e9sent sur l&rsquo;une des plages priv\u00e9es de Mamoli. De nombreuses randonn\u00e9es sont aussi accessibles depuis la plage et offrent des points de vue inoubliables.<\/p>\n\n\n\n<h2 class=\"wp-block-heading\"><span class=\"ez-toc-section\" id=\"ponta-do-ouro\"><\/span>Ponta do Ouro<span class=\"ez-toc-section-end\"><\/span><\/h2>\n\n\n\n<p>Les amateurs de plong\u00e9e sous-marine et de snorkeling doivent imp\u00e9rativement se rendre \u00e0 la plage Ponta do Ouro, tout au Sud du Mozambique. Encercl\u00e9e de dunes, la plage est assez difficile d&rsquo;acc\u00e8s et reste ainsi tr\u00e8s calme et intimiste. Les r\u00e9cifs coralliens sont gorg\u00e9s de poissons rares qui attirent les voyageurs du monde entier. Vous pourrez facilement vous baigner dans une eau chaude et limpide et pratiquer le surf.<\/p>\n\n\n\n<div class=\"wp-block-image\"><figure class=\"aligncenter size-full\"><picture><source srcset=\"https:\/\/mistersafari.com\/fr\/wp-content\/uploads\/sites\/2\/Ponta-do-Ouro.webp 1200w,https:\/\/mistersafari.com\/fr\/wp-content\/uploads\/sites\/2\/Ponta-do-Ouro-300x212.webp 300w,https:\/\/mistersafari.com\/fr\/wp-content\/uploads\/sites\/2\/Ponta-do-Ouro-1024x724.webp 1024w,https:\/\/mistersafari.com\/fr\/wp-content\/uploads\/sites\/2\/Ponta-do-Ouro-768x543.webp 768w\" sizes=\"auto, (max-width: 1200px) 100vw, 1200px\" type=\"image\/webp\"><img src=\"https:\/\/mistersafari.com\/fr\/wp-content\/uploads\/sites\/2\/Ponta-do-Ouro.jpg\" height=\"849\" width=\"1200\" srcset=\"https:\/\/mistersafari.com\/fr\/wp-content\/uploads\/sites\/2\/Ponta-do-Ouro.jpg 1200w, https:\/\/mistersafari.com\/fr\/wp-content\/uploads\/sites\/2\/Ponta-do-Ouro-300x212.jpg 300w, https:\/\/mistersafari.com\/fr\/wp-content\/uploads\/sites\/2\/Ponta-do-Ouro-1024x724.jpg 1024w, https:\/\/mistersafari.com\/fr\/wp-content\/uploads\/sites\/2\/Ponta-do-Ouro-768x543.jpg 768w\" sizes=\"auto, (max-width: 1200px) 100vw, 1200px\" class=\"wp-image-5376 sp-no-webp\" alt=\"plage de Ponta do Ouro\" loading=\"lazy\" decoding=\"async\"  > <\/picture><figcaption> La plage de Ponta do Ouro au Mozambique   <\/figcaption><\/figure><\/div>\n\n\n\n<h2 class=\"wp-block-heading\"><span class=\"ez-toc-section\" id=\"visiter-les-plages-au-mozambique-dans-le-cadre-dun-voyage-plus-complet\"><\/span>Visiter les plages au Mozambique dans le cadre d\u2019un voyage plus complet<span class=\"ez-toc-section-end\"><\/span><\/h2>\n\n\n\n<p>Le Mozambique est particuli\u00e8rement appr\u00e9ci\u00e9 des voyageurs pour ses c\u00f4tes maritimes et sa faune aquatique. Mais c&rsquo;est aussi une destination montante pour des <a href=\"https:\/\/mistersafari.com\/fr\/safari-afrique\/\">safaris en Afrique<\/a>. Alors pourquoi ne pas combiner les deux ? En effet, lors de votre voyage au Mozambique, vous pourrez facilement combiner la d\u00e9couverte des animaux sauvages d&rsquo;Afrique lors d&rsquo;un safari et un s\u00e9jour plus reposant les pieds dans l&rsquo;eau.<\/p>\n\n\n\n<p>Voici plusieurs exemples de circuits safaris au Mozambique qui incluent quelques jours sur la c\u00f4te :<\/p>\n\n\n\n<h4 class=\"gb-headline gb-headline-97c856da gb-headline-text\"><strong>S\u00e9jour 1 : Les plus c\u00e9l\u00e8bres<\/strong><\/h4>\n\n\n\n<ul class=\"wp-block-list\"><li>2 jours de safari dans le Parc National de Banhine<\/li><li>2 jours de safari dans le Parc National de Chimanimani<\/li><li>3 jours de safari dans le Parc National de Gorongosa<\/li><li>4 jours \u00e0 Inhambane et plage de Tofo<\/li><\/ul>\n\n\n\n<p>(comptez aussi le temps de trajet entre chaque destination)<\/p>\n\n\n\n<h4 class=\"gb-headline gb-headline-bcfd00ff gb-headline-text\"><strong>S\u00e9jour 2 : Une boucle au coeur du Mozambique<\/strong><\/h4>\n\n\n\n<ul class=\"wp-block-list\"><li>2 jours de safari dans le Parc National de Limpopo<\/li><li>3 jours de safari dans le Parc National de Bahine<\/li><li>2 jours de safari dans le Parc National de Zinave<\/li><li>5 jours \u00e0 Vilanculos et visite de l&rsquo;Archipel de Bazaruto<\/li><\/ul>\n\n\n\n<p>(comptez aussi le temps de trajet entre chaque destination)<\/p>\n\n\n\n<h4 class=\"gb-headline gb-headline-18dcd5e6 gb-headline-text\"><strong>S\u00e9jour 3 : Le Sud du Mozambique<\/strong><\/h4>\n\n\n\n<ul class=\"wp-block-list\"><li>3 jours de safari dans le Parc National de Limpopo<\/li><li>1 jour de visite \u00e0 Xai-Xai<\/li><li>3 jours de safari dans la R\u00e9serve de Maputo<\/li><li>3 jours \u00e0 Ponta Mamoli et Ponto do Ouro<\/li><\/ul>\n\n\n\n<p>(comptez aussi le temps de trajet entre chaque destination)<\/p>\n","protected":false},"excerpt":{"rendered":"<p>Le Mozambique est souvent oubli\u00e9 des voyageurs, et pourtant il a tant \u00e0 offrir. C&rsquo;est bien s\u00fbr une destination safaris, mais ce pays du Sud de l&rsquo;Afrique regorge aussi de plages toutes plus idylliques les unes que les autres. Voici un petit tour d&rsquo;horizon des plus belles plages du Mozambique, du Nord au Sud du &#8230; <a title=\"Les 8 plus belles plages du Mozambique\" class=\"read-more\" href=\"https:\/\/mistersafari.com\/fr\/safari-mozambique\/plages\/\" aria-label=\"En savoir plus sur Les 8 plus belles plages du Mozambique\">Lire la suite<\/a><\/p>\n","protected":false},"author":3,"featured_media":5385,"parent":2723,"menu_order":1,"comment_status":"closed","ping_status":"closed","template":"","meta":{"_acf_changed":false,"footnotes":""},"content_type":[],"country":[],"class_list":{"0":"post-5371","1":"page","2":"type-page","3":"status-publish","4":"has-post-thumbnail","6":"no-featured-image-padding"},"acf":{"hreflang":null},"_links":{"self":[{"href":"https:\/\/mistersafari.com\/fr\/wp-json\/wp\/v2\/pages\/5371","targetHints":{"allow":["GET"]}}],"collection":[{"href":"https:\/\/mistersafari.com\/fr\/wp-json\/wp\/v2\/pages"}],"about":[{"href":"https:\/\/mistersafari.com\/fr\/wp-json\/wp\/v2\/types\/page"}],"author":[{"embeddable":true,"href":"https:\/\/mistersafari.com\/fr\/wp-json\/wp\/v2\/users\/3"}],"replies":[{"embeddable":true,"href":"https:\/\/mistersafari.com\/fr\/wp-json\/wp\/v2\/comments?post=5371"}],"version-history":[{"count":24,"href":"https:\/\/mistersafari.com\/fr\/wp-json\/wp\/v2\/pages\/5371\/revisions"}],"predecessor-version":[{"id":5404,"href":"https:\/\/mistersafari.com\/fr\/wp-json\/wp\/v2\/pages\/5371\/revisions\/5404"}],"up":[{"embeddable":true,"href":"https:\/\/mistersafari.com\/fr\/wp-json\/wp\/v2\/pages\/2723"}],"wp:featuredmedia":[{"embeddable":true,"href":"https:\/\/mistersafari.com\/fr\/wp-json\/wp\/v2\/media\/5385"}],"wp:attachment":[{"href":"https:\/\/mistersafari.com\/fr\/wp-json\/wp\/v2\/media?parent=5371"}],"wp:term":[{"taxonomy":"content_type","embeddable":true,"href":"https:\/\/mistersafari.com\/fr\/wp-json\/wp\/v2\/content_type?post=5371"},{"taxonomy":"country","embeddable":true,"href":"https:\/\/mistersafari.com\/fr\/wp-json\/wp\/v2\/country?post=5371"}],"curies":[{"name":"wp","href":"https:\/\/api.w.org\/{rel}","templated":true}]}}