{"id":5186,"date":"2021-10-11T16:57:54","date_gmt":"2021-10-11T16:57:54","guid":{"rendered":"https:\/\/mistersafari.com\/fr\/?page_id=5186"},"modified":"2021-10-11T17:05:09","modified_gmt":"2021-10-11T17:05:09","slug":"reserve-niassa","status":"publish","type":"page","link":"https:\/\/mistersafari.com\/fr\/safari-mozambique\/parcs-reserves\/reserve-niassa\/","title":{"rendered":"La R\u00e9serve de Niassa"},"content":{"rendered":"\n<p>Situ\u00e9e dans le nord du Mozambique, la r\u00e9serve de Niassa est la plus grande zone prot\u00e9g\u00e9e du pays. Au total, Niassa s\u2019\u00e9tend sur 42 000 kilom\u00e8tres carr\u00e9s. Autrement dit, l\u2019\u00e9quivalent de la surface du Pays de Galles ou du Danemark. Pour autant, c\u2019est loin d\u2019\u00eatre la plus connue. En effet, cet espace naturel fond\u00e9 en 1954 a pleinement subi la guerre civile du Mozambique, et notamment le braconnage en d\u00e9coulant. Ce n\u2019est que dans le d\u00e9but des ann\u00e9es 1990 que la r\u00e9serve de Niassa b\u00e9n\u00e9ficie d\u2019une gestion protectrice des ressources (aussi bien au niveau de la faune, que de la flore). Encore en phase de reconstruction, Niassa vous accueille dans un environnement sauvage.<\/p>\n\n\n<div id=\"ez-toc-container\" class=\"ez-toc-v2_0_76 counter-flat ez-toc-counter ez-toc-custom ez-toc-container-direction\">\n<div class=\"ez-toc-title-container\"><p class=\"ez-toc-title\" style=\"cursor:inherit\">Sommaire<\/p>\n<\/div><nav><ul class='ez-toc-list ez-toc-list-level-1 ' ><li class='ez-toc-page-1'><a class=\"ez-toc-link ez-toc-heading-1\" href=\"https:\/\/mistersafari.com\/fr\/safari-mozambique\/parcs-reserves\/reserve-niassa\/#pourquoi-se-rendre-a-la-reserve-de-niassa\" >Pourquoi se rendre \u00e0 la R\u00e9serve de Niassa ?<\/a><\/li><li class='ez-toc-page-1'><a class=\"ez-toc-link ez-toc-heading-2\" href=\"https:\/\/mistersafari.com\/fr\/safari-mozambique\/parcs-reserves\/reserve-niassa\/#tarif-et-reglementation\" >Tarif et r\u00e9glementation<\/a><\/li><li class='ez-toc-page-1'><a class=\"ez-toc-link ez-toc-heading-3\" href=\"https:\/\/mistersafari.com\/fr\/safari-mozambique\/parcs-reserves\/reserve-niassa\/#comment-se-rendre-a-la-reserve-de-niassa\" >Comment se rendre \u00e0 la R\u00e9serve de Niassa ?<\/a><\/li><li class='ez-toc-page-1'><a class=\"ez-toc-link ez-toc-heading-4\" href=\"https:\/\/mistersafari.com\/fr\/safari-mozambique\/parcs-reserves\/reserve-niassa\/#ou-dormir-a-la-reserve-de-niassa\" >O\u00f9 dormir \u00e0 la R\u00e9serve de Niassa ?<\/a><\/li><li class='ez-toc-page-1'><a class=\"ez-toc-link ez-toc-heading-5\" href=\"https:\/\/mistersafari.com\/fr\/safari-mozambique\/parcs-reserves\/reserve-niassa\/#la-reserve-de-niassa-autres-informations-pratiques\" >La R\u00e9serve de Niassa : autres informations pratiques<\/a><\/li><li class='ez-toc-page-1'><a class=\"ez-toc-link ez-toc-heading-6\" href=\"https:\/\/mistersafari.com\/fr\/safari-mozambique\/parcs-reserves\/reserve-niassa\/#faq\" >FAQ<\/a><\/li><\/ul><\/nav><\/div>\n\n\n\n\n<h2 class=\"wp-block-heading\"><span class=\"ez-toc-section\" id=\"pourquoi-se-rendre-a-la-reserve-de-niassa\"><\/span><strong>Pourquoi se rendre \u00e0 la R\u00e9serve de Niassa ?<\/strong><span class=\"ez-toc-section-end\"><\/span><\/h2>\n\n\n\n<h3 class=\"wp-block-heading\"><strong>La protection de la faune<\/strong><\/h3>\n\n\n\n<p>De par sa taille et la diversit\u00e9 de son \u00e9cosyst\u00e8me, la r\u00e9serve de Niassa est un lieu de vie id\u00e9al pour les animaux sauvages. Mais la guerre civile et les braconnages ont mis \u00e0 mal leur habitat. Par exemple, au d\u00e9but des ann\u00e9es 2010, environ 10 000 \u00e9l\u00e9phants ont disparu pour leur corne d\u2019ivoire. L\u2019enjeu pour les gestionnaires du parc est alors de prot\u00e9ger ces esp\u00e8ces.<\/p>\n\n\n\n<p>Cependant, vous pourrez toujours observer une faune vari\u00e9e comme les lions, les chiens sauvages, les antilopes, les buffles, les impalas, les gnous, les z\u00e8bres, ou les \u00e9l\u00e9phants. Ainsi que de nombreux primates, comme le babouin jaune, le singe vervet et le singe bleu.<\/p>\n\n\n\n<div class=\"wp-block-image\"><figure class=\"aligncenter size-full\"><picture><source srcset=\"https:\/\/mistersafari.com\/fr\/wp-content\/uploads\/sites\/2\/babouin-niassa-.webp 1200w,https:\/\/mistersafari.com\/fr\/wp-content\/uploads\/sites\/2\/babouin-niassa--300x200.webp 300w,https:\/\/mistersafari.com\/fr\/wp-content\/uploads\/sites\/2\/babouin-niassa--1024x683.webp 1024w,https:\/\/mistersafari.com\/fr\/wp-content\/uploads\/sites\/2\/babouin-niassa--768x512.webp 768w\" sizes=\"auto, (max-width: 1200px) 100vw, 1200px\" type=\"image\/webp\"><img src=\"https:\/\/mistersafari.com\/fr\/wp-content\/uploads\/sites\/2\/babouin-niassa-.jpg\" height=\"800\" width=\"1200\" srcset=\"https:\/\/mistersafari.com\/fr\/wp-content\/uploads\/sites\/2\/babouin-niassa-.jpg 1200w, https:\/\/mistersafari.com\/fr\/wp-content\/uploads\/sites\/2\/babouin-niassa--300x200.jpg 300w, https:\/\/mistersafari.com\/fr\/wp-content\/uploads\/sites\/2\/babouin-niassa--1024x683.jpg 1024w, https:\/\/mistersafari.com\/fr\/wp-content\/uploads\/sites\/2\/babouin-niassa--768x512.jpg 768w\" sizes=\"auto, (max-width: 1200px) 100vw, 1200px\" class=\"wp-image-5194 sp-no-webp\" alt=\"des babouins jaunes \" loading=\"lazy\" decoding=\"async\"  > <\/picture><figcaption>Des babouins jaunes<\/figcaption><\/figure><\/div>\n\n\n\n<p>Et en vous rendant sur la rivi\u00e8re Lugenda, ce sont les crocodiles et les hippopotames qui vous attendent.<\/p>\n\n\n\n<p>Pour les amateurs d\u2019ornithologie, il faut savoir que le parc recense d\u2019ailleurs environ 400 esp\u00e8ces d\u2019oiseaux, comme le faucon de Taita, l&rsquo;\u00e9cureuil africain ou la cr\u00e9cerelle de Dickinson.<\/p>\n\n\n\n<p>Sachez \u00e9galement que la r\u00e9serve de Niassa est \u00e0 la fronti\u00e8re du parc national de Nyerere en Tanzanie. Et surtout, il n\u2019y a pas de fronti\u00e8re entre ces deux espaces naturels. Les animaux sont donc libres de circuler.<\/p>\n\n\n\n<p class=\"callout-blue\"><strong>\u00c0 noter :<\/strong> m\u00eame si la r\u00e9serve de Niassa accueille de plus en plus d\u2019animaux, ces derniers sont particuli\u00e8rement sauvages. Il sera donc difficile de les rep\u00e9rer. N\u2019h\u00e9sitez pas \u00e0 partir avec un guide pour avoir plus de chances de les admirer.<\/p>\n\n\n\n<h3 class=\"wp-block-heading\"><strong>La for\u00eat de Miombo<\/strong><\/h3>\n\n\n\n<p>Outre la faune impressionnante, la r\u00e9serve de Niassa est aussi connue pour ses paysages exceptionnels. Elle est d\u2019ailleurs majoritairement compos\u00e9e de for\u00eat de Miombo (\u00e0 plus de 50 %). Sur le reste de l\u2019espace, vous trouverez des savanes ouvertes, si typiques du paysage africain. Ainsi que quelques zones humides pour les animaux.<\/p>\n\n\n\n<p>Lors de votre s\u00e9jour, n\u2019oubliez pas de vous rendre \u00e0 la rivi\u00e8re Luganda qui domine le parc. Comme tous les points d\u2019eau, vous aurez l\u2019occasion d\u2019admirer les animaux s\u2019y abreuver. Et notamment de nombreux hippopotames et crocodiles.<\/p>\n\n\n\n<div class=\"wp-block-image\"><figure class=\"aligncenter size-full\"><picture><source srcset=\"https:\/\/mistersafari.com\/fr\/wp-content\/uploads\/sites\/2\/hippos-niassa.webp 1200w,https:\/\/mistersafari.com\/fr\/wp-content\/uploads\/sites\/2\/hippos-niassa-300x200.webp 300w,https:\/\/mistersafari.com\/fr\/wp-content\/uploads\/sites\/2\/hippos-niassa-1024x683.webp 1024w,https:\/\/mistersafari.com\/fr\/wp-content\/uploads\/sites\/2\/hippos-niassa-768x512.webp 768w\" sizes=\"auto, (max-width: 1200px) 100vw, 1200px\" type=\"image\/webp\"><img src=\"https:\/\/mistersafari.com\/fr\/wp-content\/uploads\/sites\/2\/hippos-niassa.jpg\" height=\"800\" width=\"1200\" srcset=\"https:\/\/mistersafari.com\/fr\/wp-content\/uploads\/sites\/2\/hippos-niassa.jpg 1200w, https:\/\/mistersafari.com\/fr\/wp-content\/uploads\/sites\/2\/hippos-niassa-300x200.jpg 300w, https:\/\/mistersafari.com\/fr\/wp-content\/uploads\/sites\/2\/hippos-niassa-1024x683.jpg 1024w, https:\/\/mistersafari.com\/fr\/wp-content\/uploads\/sites\/2\/hippos-niassa-768x512.jpg 768w\" sizes=\"auto, (max-width: 1200px) 100vw, 1200px\" class=\"wp-image-5199 sp-no-webp\" alt=\"hippopotame Niassa\" loading=\"lazy\" decoding=\"async\"  > <\/picture><\/figure><\/div>\n\n\n\n<p>Pour compl\u00e9ter votre s\u00e9jour, rendez-vous \u00e0 la montagne Mecula au centre du parc. Avec ses 1441 m\u00e8tres d\u2019altitude, elle vous permettra d\u2019avoir une vue impressionnante sur la r\u00e9serve de Niassa.<\/p>\n\n\n\n<h3 class=\"wp-block-heading\"><strong>D\u00e9couvrir la population locale<\/strong><\/h3>\n\n\n\n<p>La r\u00e9serve de Niassa n\u2019abrite pas que des animaux. En effet, plus de 60 000 Mozambicains y vivent. Les habitants occupent les diff\u00e9rents villages de Niassa. Pour une immersion totale, nous vous conseillons de vous y arr\u00eater quelques heures.<\/p>\n\n\n\n<p class=\"callout-blue\"><strong>\u00c0 noter :<\/strong> la population de Niassa vit principalement des ressources de la r\u00e9serve. Cela concerne donc l\u2019agriculture, mais aussi les animaux. Ainsi, la conservation de la faune repr\u00e9sente un v\u00e9ritable d\u00e9fi pour les gestionnaires du parc qui sont confront\u00e9s au mode de vie de la population locale.<\/p>\n\n\n\n<h2 class=\"wp-block-heading\"><span class=\"ez-toc-section\" id=\"tarif-et-reglementation\"><\/span><strong>Tarif et r\u00e9glementation<\/strong><span class=\"ez-toc-section-end\"><\/span><\/h2>\n\n\n\n<p>Les tarifs du parc varient selon les activit\u00e9s pr\u00e9vues et les guides choisis.<\/p>\n\n\n\n<p>Pour ce qui est de la r\u00e9glementation, il faut \u00e9videmment respecter les consignes suivantes :<\/p>\n\n\n\n<ul class=\"wp-block-list\"><li>Emmener ses documents d\u2019identit\u00e9 \u00e0 l\u2019entr\u00e9e du parc ;<\/li><li>Ne pas jeter ses d\u00e9chets.<\/li><\/ul>\n\n\n\n<h2 class=\"wp-block-heading\"><span class=\"ez-toc-section\" id=\"comment-se-rendre-a-la-reserve-de-niassa\"><\/span>Comment se rendre \u00e0 la R\u00e9serve de Niassa ?<span class=\"ez-toc-section-end\"><\/span><\/h2>\n\n\n\n<p>Bien que tr\u00e8s grande, la r\u00e9serve de Niassa est particuli\u00e8rement isol\u00e9e du reste du pays. Pour arriver \u00e0 destination, il faudra donc prendre l\u2019avion. Commencez par vous rendre dans la capitale du Mozambique, Maputo. Depuis cet a\u00e9roport, vous pourrez prendre la route en direction de Niassa.Des vols en charters priv\u00e9s sont \u00e9galement disponibles.<\/p>\n\n\n\n<p>Ces difficult\u00e9s d\u2019acc\u00e8s font de Niassa un lieu isol\u00e9, loin du tourisme de masse.<\/p>\n\n\n\n<h2 class=\"wp-block-heading\"><span class=\"ez-toc-section\" id=\"ou-dormir-a-la-reserve-de-niassa\"><\/span><strong>O\u00f9 dormir \u00e0 la R\u00e9serve de Niassa ?<\/strong><span class=\"ez-toc-section-end\"><\/span><\/h2>\n\n\n\n<p>Les \u00e9quipements touristiques sont r\u00e9duits au strict minimum au sein de la r\u00e9serve de Niassa. Le seul lodge a ferm\u00e9 ses portes par manque de gestion efficace. Aujourd\u2019hui, il ne reste que le camp Mbopo.<\/p>\n\n\n\n<h2 class=\"wp-block-heading\"><span class=\"ez-toc-section\" id=\"la-reserve-de-niassa-autres-informations-pratiques\"><\/span><strong>La R\u00e9serve de Niassa : autres informations pratiques<\/strong><span class=\"ez-toc-section-end\"><\/span><\/h2>\n\n\n\n<p>Les temp\u00e9ratures sont relativement \u00e9lev\u00e9es tout au long de l&rsquo;ann\u00e9e. Mais pour observer les animaux, il est conseill\u00e9 de se rendre \u00e0 la r\u00e9serve de Niassa pendant la saison s\u00e8che, soit entre juillet et octobre. C\u2019est, en effet, \u00e0 ce moment que les animaux se rassemblent autour des points d\u2019eau.<\/p>\n\n\n\n<p>Si vous pr\u00e9f\u00e9rez la saison des pluies, il faut savoir que les orages sont plus fr\u00e9quents \u00e0 cette p\u00e9riode.<\/p>\n\n\n\n<p>Et pour continuer votre s\u00e9jour, nous vous recommandons de prendre la route vers les belles plages du Mozambique.<\/p>\n\n\n\n<h2 class=\"wp-block-heading\"><span class=\"ez-toc-section\" id=\"faq\"><\/span><strong>FAQ<\/strong><span class=\"ez-toc-section-end\"><\/span><\/h2>\n\n\n<div id=\"rank-math-faq\" class=\"rank-math-block\">\n<div class=\"rank-math-list \">\n<div id=\"faq-question-1633970863134\" class=\"rank-math-list-item\">\n<h3 class=\"rank-math-question \"><strong>O\u00f9 se trouve la R\u00e9serve de Niassa ?<\/strong><\/h3>\n<div class=\"rank-math-answer \">\n\n<p>La r\u00e9serve de Niassa est situ\u00e9e au nord du Mozambique.<\/p>\n\n<\/div>\n<\/div>\n<div id=\"faq-question-1633970873678\" class=\"rank-math-list-item\">\n<h3 class=\"rank-math-question \"><strong>Combien co\u00fbte l&rsquo;entr\u00e9e \u00e0 la R\u00e9serve de Niassa ?<\/strong><\/h3>\n<div class=\"rank-math-answer \">\n\n<p>Les tarifs de la r\u00e9serve varient selon les activit\u00e9s choisies.<\/p>\n\n<\/div>\n<\/div>\n<div id=\"faq-question-1633970886368\" class=\"rank-math-list-item\">\n<h3 class=\"rank-math-question \"><strong>Quels animaux peut-on voir ?<\/strong><\/h3>\n<div class=\"rank-math-answer \">\n\n<p>Vous pourrez admirer des lions, des chiens sauvages, des antilopes, des buffles, des impalas, des gnous, des z\u00e8bres, ou des \u00e9l\u00e9phants.<\/p>\n\n<\/div>\n<\/div>\n<\/div>\n<\/div>","protected":false},"excerpt":{"rendered":"<p>Situ\u00e9e dans le nord du Mozambique, la r\u00e9serve de Niassa est la plus grande zone prot\u00e9g\u00e9e du pays. Au total, Niassa s\u2019\u00e9tend sur 42 000 kilom\u00e8tres carr\u00e9s. Autrement dit, l\u2019\u00e9quivalent de la surface du Pays de Galles ou du Danemark. Pour autant, c\u2019est loin d\u2019\u00eatre la plus connue. En effet, cet espace naturel fond\u00e9 en &#8230; <a title=\"La R\u00e9serve de Niassa\" class=\"read-more\" href=\"https:\/\/mistersafari.com\/fr\/safari-mozambique\/parcs-reserves\/reserve-niassa\/\" aria-label=\"En savoir plus sur La R\u00e9serve de Niassa\">Lire la suite<\/a><\/p>\n","protected":false},"author":3,"featured_media":5214,"parent":5195,"menu_order":0,"comment_status":"closed","ping_status":"closed","template":"","meta":{"_acf_changed":false,"footnotes":""},"content_type":[],"country":[],"class_list":{"0":"post-5186","1":"page","2":"type-page","3":"status-publish","4":"has-post-thumbnail","6":"no-featured-image-padding"},"acf":{"hreflang":null},"_links":{"self":[{"href":"https:\/\/mistersafari.com\/fr\/wp-json\/wp\/v2\/pages\/5186","targetHints":{"allow":["GET"]}}],"collection":[{"href":"https:\/\/mistersafari.com\/fr\/wp-json\/wp\/v2\/pages"}],"about":[{"href":"https:\/\/mistersafari.com\/fr\/wp-json\/wp\/v2\/types\/page"}],"author":[{"embeddable":true,"href":"https:\/\/mistersafari.com\/fr\/wp-json\/wp\/v2\/users\/3"}],"replies":[{"embeddable":true,"href":"https:\/\/mistersafari.com\/fr\/wp-json\/wp\/v2\/comments?post=5186"}],"version-history":[{"count":19,"href":"https:\/\/mistersafari.com\/fr\/wp-json\/wp\/v2\/pages\/5186\/revisions"}],"predecessor-version":[{"id":5218,"href":"https:\/\/mistersafari.com\/fr\/wp-json\/wp\/v2\/pages\/5186\/revisions\/5218"}],"up":[{"embeddable":true,"href":"https:\/\/mistersafari.com\/fr\/wp-json\/wp\/v2\/pages\/5195"}],"wp:featuredmedia":[{"embeddable":true,"href":"https:\/\/mistersafari.com\/fr\/wp-json\/wp\/v2\/media\/5214"}],"wp:attachment":[{"href":"https:\/\/mistersafari.com\/fr\/wp-json\/wp\/v2\/media?parent=5186"}],"wp:term":[{"taxonomy":"content_type","embeddable":true,"href":"https:\/\/mistersafari.com\/fr\/wp-json\/wp\/v2\/content_type?post=5186"},{"taxonomy":"country","embeddable":true,"href":"https:\/\/mistersafari.com\/fr\/wp-json\/wp\/v2\/country?post=5186"}],"curies":[{"name":"wp","href":"https:\/\/api.w.org\/{rel}","templated":true}]}}