{"id":4809,"date":"2021-10-06T12:39:04","date_gmt":"2021-10-06T12:39:04","guid":{"rendered":"https:\/\/mistersafari.com\/fr\/?page_id=4809"},"modified":"2022-10-03T07:25:30","modified_gmt":"2022-10-03T07:25:30","slug":"augrabies-falls-national-park","status":"publish","type":"page","link":"https:\/\/mistersafari.com\/fr\/safari-afrique-du-sud\/parcs-reserves\/augrabies-falls-national-park\/","title":{"rendered":"Parc National des chutes d&rsquo;Augrabies"},"content":{"rendered":"\n<p>Son impressionnante cascade vous laissera bouche b\u00e9e. Le Parc National des Chutes d&rsquo;Augrabies (Augrabies Falls National Park en anglais) est un lieu magique pour une escapade en amoureux et un petit coin de paradis pour les oiseaux qui le peuplent. Laissez-vous porter par la beaut\u00e9 de ses paysages et le bruit assourdissant de sa cascade plongeant dans l\u2019Orange River.<\/p>\n\n\n<div id=\"ez-toc-container\" class=\"ez-toc-v2_0_76 counter-flat ez-toc-counter ez-toc-custom ez-toc-container-direction\">\n<div class=\"ez-toc-title-container\"><p class=\"ez-toc-title\" style=\"cursor:inherit\">Sommaire<\/p>\n<\/div><nav><ul class='ez-toc-list ez-toc-list-level-1 ' ><li class='ez-toc-page-1'><a class=\"ez-toc-link ez-toc-heading-1\" href=\"https:\/\/mistersafari.com\/fr\/safari-afrique-du-sud\/parcs-reserves\/augrabies-falls-national-park\/#pourquoi-se-rendre-au-parc-national-des-chutes-daugrabies\">Pourquoi se rendre au Parc National des chutes d&rsquo;Augrabies<\/a><\/li><li class='ez-toc-page-1'><a class=\"ez-toc-link ez-toc-heading-2\" href=\"https:\/\/mistersafari.com\/fr\/safari-afrique-du-sud\/parcs-reserves\/augrabies-falls-national-park\/#tarif-et-reglementation\">Tarif et r\u00e9glementation<\/a><\/li><li class='ez-toc-page-1'><a class=\"ez-toc-link ez-toc-heading-3\" href=\"https:\/\/mistersafari.com\/fr\/safari-afrique-du-sud\/parcs-reserves\/augrabies-falls-national-park\/#ou-dormir-au-parc-national-daugrabies-falls\">O\u00f9 dormir au Parc National d&rsquo;Augrabies Falls&nbsp;?<\/a><\/li><li class='ez-toc-page-1'><a class=\"ez-toc-link ez-toc-heading-4\" href=\"https:\/\/mistersafari.com\/fr\/safari-afrique-du-sud\/parcs-reserves\/augrabies-falls-national-park\/#augrabies-falls-national-park-autres-informations-pratiques\">Augrabies Falls National Park : autres informations pratiques<\/a><\/li><li class='ez-toc-page-1'><a class=\"ez-toc-link ez-toc-heading-5\" href=\"https:\/\/mistersafari.com\/fr\/safari-afrique-du-sud\/parcs-reserves\/augrabies-falls-national-park\/#faq\">FAQ<\/a><\/li><\/ul><\/nav><\/div>\n\n\n\n\n<h2 class=\"wp-block-heading\"><span class=\"ez-toc-section\" id=\"pourquoi-se-rendre-au-parc-national-des-chutes-daugrabies\"><\/span><strong>Pourquoi se rendre au Parc National des chutes d&rsquo;Augrabies<\/strong><span class=\"ez-toc-section-end\"><\/span><\/h2>\n\n\n\n<h3 class=\"wp-block-heading\"><strong>L&rsquo;observation des chutes Augrabies<\/strong><\/h3>\n\n\n\n<p>Une vue imprenable vous faisant presque oublier les<a href=\"https:\/\/mistersafari.com\/fr\/safari-zimbabwe\/parcs-reserves\/parc-national-chutes-victoria\/\" data-type=\"page\" data-id=\"3817\"> chutes Victoria<\/a>\u2026 L\u2019observation des chutes Augrabies est un moment unique dont on se souviendra longtemps. Elles sont majestueuses et se fracassent avec gr\u00e2ce dans l\u2019eau : leur bruit tonitruant vous assourdira. On acc\u00e8de aux abords des chutes par un ponton en bois qui am\u00e8ne \u00e0 plusieurs belv\u00e9d\u00e8res. Un d\u00e9cor de carte postale vous attend, sortez vos appareils photos ! On ne peut qu\u2019\u00eatre \u00e9merveill\u00e9 devant la beaut\u00e9 de ces cascades qui resplendissent dans la chaleur plombante de ce parc sud-africain.<\/p>\n\n\n\n<h3 class=\"wp-block-heading\"><strong>L&rsquo;Orange River<\/strong><\/h3>\n\n\n\n<p>Plus long fleuve d&rsquo;Afrique, l&rsquo;Orange River (aussi appel\u00e9 Gariep) s&rsquo;\u00e9tend du Lesotho \u00e0 la Namibie en passant par l&rsquo;Afrique du Sud et se jette dans l&rsquo;oc\u00e9an Atlantique. Les descentes en rafting vous laisseront de merveilleux souvenirs. Pour les plus sportifs, les excursions en kayak sont un incontournable. Il existe m\u00eame des circuits sur plusieurs jours avec la possibilit\u00e9 de dormir \u00e0 la belle \u00e9toile sur une plage sauvage. Pour finir en beaut\u00e9, une petite baignade dans ce cadre idyllique s&rsquo;impose.<\/p>\n\n\n<div class=\"wp-block-image\">\n<figure class=\"aligncenter size-full\"><picture><source srcset=\"https:\/\/mistersafari.com\/fr\/wp-content\/uploads\/sites\/2\/augrabies-falls-national-park.webp 1200w,https:\/\/mistersafari.com\/fr\/wp-content\/uploads\/sites\/2\/augrabies-falls-national-park-300x225.webp 300w,https:\/\/mistersafari.com\/fr\/wp-content\/uploads\/sites\/2\/augrabies-falls-national-park-1024x768.webp 1024w,https:\/\/mistersafari.com\/fr\/wp-content\/uploads\/sites\/2\/augrabies-falls-national-park-768x576.webp 768w\" sizes=\"auto, (max-width: 1200px) 100vw, 1200px\" type=\"image\/webp\"><img src=\"https:\/\/mistersafari.com\/fr\/wp-content\/uploads\/sites\/2\/augrabies-falls-national-park.jpg\" height=\"900\" width=\"1200\" srcset=\"https:\/\/mistersafari.com\/fr\/wp-content\/uploads\/sites\/2\/augrabies-falls-national-park.jpg 1200w, https:\/\/mistersafari.com\/fr\/wp-content\/uploads\/sites\/2\/augrabies-falls-national-park-300x225.jpg 300w, https:\/\/mistersafari.com\/fr\/wp-content\/uploads\/sites\/2\/augrabies-falls-national-park-1024x768.jpg 1024w, https:\/\/mistersafari.com\/fr\/wp-content\/uploads\/sites\/2\/augrabies-falls-national-park-768x576.jpg 768w\" sizes=\"auto, (max-width: 1200px) 100vw, 1200px\" class=\"wp-image-4899 sp-no-webp\" alt=\"\" loading=\"lazy\" decoding=\"async\"  > <\/picture><figcaption><em>Cr\u00e9dits :&nbsp;<a href=\"https:\/\/www.flickr.com\/photos\/amanderson\/33305655785\/in\/photolist-SK7c7z-Svndeq-Saie1w-SxP1Jg-Saii8Q-aNPnjD-aNPoXg-aNPpb8-aNPt9M-aNPtCn-24bvU7n-aNPtRR-bvohg3-aNPppg-2eMWWjg-2c9JDkb-aNPsV6-aNPAMR-Sai1aG-qx21oh-SxN7Qg-FF1sHJ-FaEV5Q-qfwaCj-FF1t3m-FWXnTW-LnujnF-2jfGYFw-pXhBZH-6PAvz9-R2vp8z-PsLgJT-66BULC-7Fa4PK-2jfKYMF-2eMTAgM-7FdVn3-7Fa5qz-7Fa2ze-7Fa26p-7Fa1s2-7Fa5TF-PDtF5i-hGNsBx-2dG2J7N-4FHFmN-qBvzk7-heJd8x-qwUPw8-4FDoWg\" target=\"_blank\" data-type=\"URL\" data-id=\"https:\/\/www.flickr.com\/photos\/amanderson\/33305655785\/in\/photolist-SK7c7z-Svndeq-Saie1w-SxP1Jg-Saii8Q-aNPnjD-aNPoXg-aNPpb8-aNPt9M-aNPtCn-24bvU7n-aNPtRR-bvohg3-aNPppg-2eMWWjg-2c9JDkb-aNPsV6-aNPAMR-Sai1aG-qx21oh-SxN7Qg-FF1sHJ-FaEV5Q-qfwaCj-FF1t3m-FWXnTW-LnujnF-2jfGYFw-pXhBZH-6PAvz9-R2vp8z-PsLgJT-66BULC-7Fa4PK-2jfKYMF-2eMTAgM-7FdVn3-7Fa5qz-7Fa2ze-7Fa26p-7Fa1s2-7Fa5TF-PDtF5i-hGNsBx-2dG2J7N-4FHFmN-qBvzk7-heJd8x-qwUPw8-4FDoWg\" rel=\"noreferrer noopener nofollow\">L&rsquo;orange river depuis le spot Ararat du Parc National d&rsquo;Augrabies Falls <\/a>par&nbsp;<a href=\"https:\/\/www.flickr.com\/photos\/amanderson\/\" target=\"_blank\" data-type=\"URL\" data-id=\"https:\/\/www.flickr.com\/photos\/amanderson\/\" rel=\"noreferrer noopener nofollow\">amanderson2<br><\/a>&nbsp;(CC BY&nbsp;<a href=\"https:\/\/creativecommons.org\/licenses\/by\/2.0\/fr\/\" target=\"_blank\" rel=\"noreferrer noopener nofollow\">2.0<\/a>)<\/em><\/figcaption><\/figure><\/div>\n\n\n<p class=\"callout-blue\"><strong>Bon \u00e0 savoir :<\/strong> la quantit\u00e9 d&rsquo;eau dans le fleuve d\u00e9pend des saisons, certaines activit\u00e9s nautiques ne sont donc possibles qu&rsquo;\u00e0 certaines p\u00e9riodes de l&rsquo;ann\u00e9e.<\/p>\n\n\n\n<h3 class=\"wp-block-heading\"><strong>Les autres activit\u00e9s<\/strong><\/h3>\n\n\n\n<h4 class=\"wp-block-heading\"><strong>Les randonn\u00e9es<\/strong><\/h4>\n\n\n\n<p>De nombreuses randonn\u00e9es vous attendent dans le parc national d&rsquo;Augrabies Falls. Le sentier de Dassie est le parcours le plus connu avec un passage par Arrow Point, Potholes et Moon Rock. Sur le chemin, vous pourrez observer les l\u00e9zards plats de Broadley, appel\u00e9s l\u00e9zards d&rsquo;Augrabies se dorant au soleil.<\/p>\n\n\n<div class=\"wp-block-image\">\n<figure class=\"aligncenter size-large\"><picture><source srcset=\"https:\/\/mistersafari.com\/fr\/wp-content\/uploads\/sites\/2\/lezards-augrabies-1024x597.webp 1024w,https:\/\/mistersafari.com\/fr\/wp-content\/uploads\/sites\/2\/lezards-augrabies-300x175.webp 300w,https:\/\/mistersafari.com\/fr\/wp-content\/uploads\/sites\/2\/lezards-augrabies-768x448.webp 768w,https:\/\/mistersafari.com\/fr\/wp-content\/uploads\/sites\/2\/lezards-augrabies.webp 1074w\" sizes=\"auto, (max-width: 1024px) 100vw, 1024px\" type=\"image\/webp\"><img src=\"https:\/\/mistersafari.com\/fr\/wp-content\/uploads\/sites\/2\/lezards-augrabies-1024x597.jpg\" height=\"597\" width=\"1024\" srcset=\"https:\/\/mistersafari.com\/fr\/wp-content\/uploads\/sites\/2\/lezards-augrabies-1024x597.jpg 1024w, https:\/\/mistersafari.com\/fr\/wp-content\/uploads\/sites\/2\/lezards-augrabies-300x175.jpg 300w, https:\/\/mistersafari.com\/fr\/wp-content\/uploads\/sites\/2\/lezards-augrabies-768x448.jpg 768w, https:\/\/mistersafari.com\/fr\/wp-content\/uploads\/sites\/2\/lezards-augrabies.jpg 1074w\" sizes=\"auto, (max-width: 1024px) 100vw, 1024px\" class=\"wp-image-4957 sp-no-webp\" alt=\"l\u00e9zard d&#039;Augrabies\" loading=\"lazy\" decoding=\"async\"  > <\/picture><figcaption>L\u00e9zard d&rsquo;Augrabies<\/figcaption><\/figure><\/div>\n\n\n<h4 class=\"wp-block-heading\"><strong>Balades nocturnes<\/strong><\/h4>\n\n\n\n<p>En qu\u00eate d&rsquo;une activit\u00e9 originale au parc national d&rsquo;Augarbies Falls ? Les balades nocturnes vous feront vivre une exp\u00e9rience insolite. Vous partez \u00e0 l&rsquo;aventure avec un guide, \u00e0 la qu\u00eate d&rsquo;animaux sauvages. Les amateurs de sensations fortes seront ravis.<\/p>\n\n\n\n<h2 class=\"wp-block-heading\"><span class=\"ez-toc-section\" id=\"tarif-et-reglementation\"><\/span><strong>Tarif et r\u00e9glementation<\/strong><span class=\"ez-toc-section-end\"><\/span><\/h2>\n\n\n\n<h3 class=\"wp-block-heading\"><strong>Prix d\u2019entr\u00e9e<\/strong><\/h3>\n\n\n\n<p>Voici les tarifs du Parc National des Chutes d&rsquo;Augrabies<\/p>\n\n\n\n<ul class=\"wp-block-list\"><li>R236 par adulte par jour (environ 14 \u20ac) ;<\/li><li>R118 par enfant par jour (environ 7 \u20ac).<\/li><\/ul>\n\n\n\n<p>Si vous d\u00e9cidez de visiter plusieurs parcs nationaux en Afrique du Sud, l&rsquo;achat de la Wild Card aupr\u00e8s du <a href=\"https:\/\/www.sanparks.org\/wild_new\/\" target=\"_blank\" rel=\"noreferrer noopener\">SANParks<\/a> peut \u00eatre une solution int\u00e9ressante.<\/p>\n\n\n\n<h3 class=\"wp-block-heading\"><strong>R\u00e9glementation du Parc National d\u2019Augrabies Falls<\/strong><\/h3>\n\n\n\n<p>Pour prot\u00e9ger au mieux la faune et la flore du parc, il convient de respecter un certain nombre de r\u00e8gles :<\/p>\n\n\n\n<ul class=\"wp-block-list\"><li>rester dans sa voiture ;<\/li><li>respecter les limitations de vitesse ;<\/li><li>ramasser ses d\u00e9chets ;<\/li><li>garder une distance avec les animaux sauvages.<\/li><\/ul>\n\n\n\n<p>Pour plus d&rsquo;information, rendez-vous sur le <a href=\"https:\/\/www.sanparks.org\/assets\/docs\/tourism_reservations\/park-regulations.pdf\" target=\"_blank\" rel=\"noreferrer noopener nofollow\">site du parc<\/a>.<\/p>\n\n\n\n<h2 class=\"wp-block-heading\"><span class=\"ez-toc-section\" id=\"ou-dormir-au-parc-national-daugrabies-falls\"><\/span><strong>O\u00f9 dormir au Parc National d&rsquo;Augrabies Falls&nbsp;?<\/strong><span class=\"ez-toc-section-end\"><\/span><\/h2>\n\n\n\n<p>Il existe plusieurs types d&rsquo;h\u00e9bergement au Parc National d&rsquo;Augrabies Falls : le camping, le chalet et le lodge. On vous explique les caract\u00e9ristiques de chacun pour vous aider \u00e0 choisir celui qui correspondra le plus \u00e0 vos attentes.<\/p>\n\n\n\n<h3 class=\"wp-block-heading\"><strong>Camping<\/strong><\/h3>\n\n\n\n<p>Dormir en camping au parc national d&rsquo;Augrabies Falls vous r\u00e9serve de belles surprises : au lever du soleil, un panorama de r\u00eave s&rsquo;offre \u00e0 vous. En camping, le confort est minimal : vous dormez soit dans des tentes, soit dans des caravanes. Une zone commune avec sanitaires, douches et cuisines est disponible pour les campeurs. En hiver, il fait un peu frisquet, mais avec un bon duvet, vous passerez d&rsquo;excellentes nuit\u00e9es.<\/p>\n\n\n\n<p class=\"callout-blue\"><strong>Bon \u00e0 savoir :<\/strong> les caravanes sont autoris\u00e9es dans le camping d&rsquo;Augrabies.<\/p>\n\n\n\n<h3 class=\"wp-block-heading\"><strong>Chalet<\/strong><\/h3>\n\n\n\n<p>Le chalet est un h\u00e9bergement un peu plus premium. Votre logement est en dur et vous avez votre propre cuisine et une salle de bains pour vous tout seul. C&rsquo;est la solution id\u00e9ale pour les familles.<\/p>\n\n\n\n<h3 class=\"wp-block-heading\"><strong>Lodge<\/strong><\/h3>\n\n\n\n<p>Pour un s\u00e9jour de luxe \u00e0 l&rsquo;Augrabies Falls National Park, le lodge est l&rsquo;h\u00e9bergement le plus appropri\u00e9. Avec un restaurant, un bar, un logement en dur ou semi-dur et parfois m\u00eame une piscine, c&rsquo;est le must.<\/p>\n\n\n\n<h2 class=\"wp-block-heading\"><span class=\"ez-toc-section\" id=\"augrabies-falls-national-park-autres-informations-pratiques\"><\/span><strong>Augrabies Falls National Park : autres informations pratiques<\/strong><span class=\"ez-toc-section-end\"><\/span><\/h2>\n\n\n\n<h3 class=\"wp-block-heading\"><strong>G\u00e9ographie<\/strong><\/h3>\n\n\n\n<p>\u00c0 la fronti\u00e8re de la Namibie, l&rsquo;Augrabies Falls National Park se situe \u00e0 l\u2019ouest de Pretoria. Il est connu pour sa spectaculaire cascade se jetant dans l&rsquo;Orange River. D&rsquo;une superficie de 554 km2, il b\u00e9n\u00e9ficie d&rsquo;une faune et une flore tr\u00e8s riche avec plus de 40 esp\u00e8ces de reptiles, plus de 100 esp\u00e8ces d&rsquo;oiseaux diff\u00e9rentes et quelques mammif\u00e8res l\u00e9gendaires comme l&rsquo;antilope, la girafe ou le l\u00e9opard.<\/p>\n\n\n<div class=\"wp-block-image\">\n<figure class=\"aligncenter size-full\"><picture><source srcset=\"https:\/\/mistersafari.com\/fr\/wp-content\/uploads\/sites\/2\/springbok-augrabies-falls.webp 1200w,https:\/\/mistersafari.com\/fr\/wp-content\/uploads\/sites\/2\/springbok-augrabies-falls-300x225.webp 300w,https:\/\/mistersafari.com\/fr\/wp-content\/uploads\/sites\/2\/springbok-augrabies-falls-1024x768.webp 1024w,https:\/\/mistersafari.com\/fr\/wp-content\/uploads\/sites\/2\/springbok-augrabies-falls-768x576.webp 768w\" sizes=\"auto, (max-width: 1200px) 100vw, 1200px\" type=\"image\/webp\"><img src=\"https:\/\/mistersafari.com\/fr\/wp-content\/uploads\/sites\/2\/springbok-augrabies-falls.jpg\" height=\"900\" width=\"1200\" srcset=\"https:\/\/mistersafari.com\/fr\/wp-content\/uploads\/sites\/2\/springbok-augrabies-falls.jpg 1200w, https:\/\/mistersafari.com\/fr\/wp-content\/uploads\/sites\/2\/springbok-augrabies-falls-300x225.jpg 300w, https:\/\/mistersafari.com\/fr\/wp-content\/uploads\/sites\/2\/springbok-augrabies-falls-1024x768.jpg 1024w, https:\/\/mistersafari.com\/fr\/wp-content\/uploads\/sites\/2\/springbok-augrabies-falls-768x576.jpg 768w\" sizes=\"auto, (max-width: 1200px) 100vw, 1200px\" class=\"wp-image-4904 sp-no-webp\" alt=\"Les springbok du parc national d&#039;Augrabies falls\" loading=\"lazy\" decoding=\"async\"  > <\/picture><figcaption><em>Cr\u00e9dits : <a href=\"https:\/\/www.flickr.com\/photos\/amanderson\/32922946630\/in\/photolist-SahH1S-SxNn1R-SvnoHw-SxMSMr-SK7c7z-Svndeq-Saie1w-SxP1Jg-Saii8Q-aNPnjD-aNPoXg-aNPpb8-aNPt9M-aNPtCn-24bvU7n-aNPtRR-bvohg3-aNPppg-2eMWWjg-2c9JDkb-aNPsV6-aNPAMR-Sai1aG-qx21oh-SxN7Qg-FF1sHJ-FaEV5Q-qfwaCj-FF1t3m-FWXnTW-LnujnF-2jfGYFw-pXhBZH-6PAvz9-R2vp8z-PsLgJT-66BULC-7Fa4PK-2jfKYMF-2eMTAgM-7FdVn3-7Fa5qz-7Fa2ze-7Fa26p-7Fa1s2-7Fa5TF-PDtF5i-hGNsBx-2dG2J7N-4FHFmN\" target=\"_blank\" data-type=\"URL\" data-id=\"https:\/\/www.flickr.com\/photos\/amanderson\/32922946630\/in\/photolist-SahH1S-SxNn1R-SvnoHw-SxMSMr-SK7c7z-Svndeq-Saie1w-SxP1Jg-Saii8Q-aNPnjD-aNPoXg-aNPpb8-aNPt9M-aNPtCn-24bvU7n-aNPtRR-bvohg3-aNPppg-2eMWWjg-2c9JDkb-aNPsV6-aNPAMR-Sai1aG-qx21oh-SxN7Qg-FF1sHJ-FaEV5Q-qfwaCj-FF1t3m-FWXnTW-LnujnF-2jfGYFw-pXhBZH-6PAvz9-R2vp8z-PsLgJT-66BULC-7Fa4PK-2jfKYMF-2eMTAgM-7FdVn3-7Fa5qz-7Fa2ze-7Fa26p-7Fa1s2-7Fa5TF-PDtF5i-hGNsBx-2dG2J7N-4FHFmN\" rel=\"noreferrer noopener nofollow\">Des springboks&nbsp;<\/a>par&nbsp;<a href=\"https:\/\/www.flickr.com\/photos\/amanderson\/\" target=\"_blank\" data-type=\"URL\" data-id=\"https:\/\/www.flickr.com\/photos\/amanderson\/\" rel=\"noreferrer noopener nofollow\"><em>amanderson2<\/em>&nbsp;<\/a>(CC BY&nbsp;<a href=\"https:\/\/creativecommons.org\/licenses\/by\/2.0\/fr\/\" target=\"_blank\" rel=\"noreferrer noopener nofollow\">2.0<\/a>)<\/em><\/figcaption><\/figure><\/div>\n\n\n<h3 class=\"wp-block-heading\"><strong>M\u00e9t\u00e9o<\/strong><\/h3>\n\n\n\n<p>L&rsquo;Augrabies Falls National Park est une zone semi-aride o\u00f9 la pluie se fait rare. La temp\u00e9rature oscille entre 20 degr\u00e9s et 46 degr\u00e9s en fonction de la saison : c&rsquo;est en janvier et f\u00e9vrier (\u00e9t\u00e9) qu&rsquo;il fait le plus chaud avec une temp\u00e9rature moyenne de 41 degr\u00e9s alors que les mois d&rsquo;hiver (juin \u00e0 ao\u00fbt) sont plus frais. Les pluies sont orageuses en \u00e9t\u00e9 et plus douces en hiver.<\/p>\n\n\n\n<p class=\"callout-blue\"><strong>Bon \u00e0 savoir :<\/strong> Avec 0 degr\u00e9 de moyenne, les nuits sont froides en hiver \u00e0 l&rsquo;Augrabies Falls National Park. Si vous partez \u00e0 cette p\u00e9riode, prenez le n\u00e9cessaire pour vous couvrir.<\/p>\n\n\n\n<h3 class=\"wp-block-heading\"><strong>Quand partir ?<\/strong><\/h3>\n\n\n\n<p>La meilleure p\u00e9riode pour partir \u00e0 l&rsquo;Augrabies Falls National Park est entre mars et octobre, car vous \u00e9chappez \u00e0 la chaleur torride de l&rsquo;\u00e9t\u00e9. \u00c0 cette p\u00e9riode, vous \u00eates aussi moins susceptibles d&rsquo;avoir des pluies, car elles se concentrent entre novembre et avril. Enfin, si vous voulez profiter d&rsquo;un cadre intimiste avec un peu moins de touristes, privil\u00e9giez la basse saison.<\/p>\n\n\n\n<h2 class=\"wp-block-heading\"><span class=\"ez-toc-section\" id=\"faq\"><\/span><strong>FAQ<\/strong><span class=\"ez-toc-section-end\"><\/span><\/h2>\n\n\n<div id=\"rank-math-faq\" class=\"rank-math-block\">\n<div class=\"rank-math-list \">\n<div id=\"faq-question-1633417796204\" class=\"rank-math-list-item\">\n<h3 class=\"rank-math-question \"><strong>O\u00f9 se trouve le Parc National des chutes d&rsquo;Augrabies ?<\/strong><\/h3>\n<div class=\"rank-math-answer \">\n\n<p>Le parc national des chutes d&rsquo;Augrabies se situe \u00e0 l&rsquo;ouest de l&rsquo;Afrique du Sud, \u00e0 la fronti\u00e8re de la Namibie.<\/p>\n\n<\/div>\n<\/div>\n<div id=\"faq-question-1633417807489\" class=\"rank-math-list-item\">\n<h3 class=\"rank-math-question \"><strong>Combien co\u00fbte l&rsquo;entr\u00e9e au Parc National des chutes d&rsquo;Augrabies<\/strong> <strong>?<\/strong><\/h3>\n<div class=\"rank-math-answer \">\n\n<p>L&rsquo;entr\u00e9e au parc co\u00fbte 236 rands sud-africains (environ 14 \u20ac) pour les adultes et 118 rands sud-africains pour les enfants (environ 7 \u20ac).<\/p>\n\n<\/div>\n<\/div>\n<div id=\"faq-question-1633417822350\" class=\"rank-math-list-item\">\n<h3 class=\"rank-math-question \"><strong>Quels sont les horaires d&rsquo;ouverture du Parc National des chutes d&rsquo;Augrabies ?<\/strong><\/h3>\n<div class=\"rank-math-answer \">\n\n<p>Les horaires d&rsquo;ouverture sont de 7 h \u00e0 18 h.<\/p>\n\n<\/div>\n<\/div>\n<div id=\"faq-question-1633417835906\" class=\"rank-math-list-item\">\n<h3 class=\"rank-math-question \"><strong>Quels animaux peut-on voir au <strong>Parc National des chutes d&rsquo;Augrabies <\/strong>?<\/strong><\/h3>\n<div class=\"rank-math-answer \">\n\n<p>L&rsquo;animal embl\u00e9matique des chutes d&rsquo;Augrabies est le l\u00e9zard plat de Broadley. Tr\u00e8s color\u00e9, vous le trouverez aux abords des chutes Augrabies. Vous retrouverez \u00e9galement d&rsquo;autres esp\u00e8ces de reptiles comme des serpents, plus de 100 esp\u00e8ces d&rsquo;oiseaux et des mammif\u00e8res comme le l\u00e9opard.<\/p>\n\n<\/div>\n<\/div>\n<\/div>\n<\/div>","protected":false},"excerpt":{"rendered":"<p>Son impressionnante cascade vous laissera bouche b\u00e9e. Le Parc National des Chutes d&rsquo;Augrabies (Augrabies Falls National Park en anglais) est un lieu magique pour une escapade en amoureux et un petit coin de paradis pour les oiseaux qui le peuplent. Laissez-vous porter par la beaut\u00e9 de ses paysages et le bruit assourdissant de sa cascade &#8230; <a title=\"Parc National des chutes d&rsquo;Augrabies\" class=\"read-more\" href=\"https:\/\/mistersafari.com\/fr\/safari-afrique-du-sud\/parcs-reserves\/augrabies-falls-national-park\/\" aria-label=\"En savoir plus sur Parc National des chutes d&rsquo;Augrabies\">Lire la suite<\/a><\/p>\n","protected":false},"author":3,"featured_media":4909,"parent":1095,"menu_order":1,"comment_status":"closed","ping_status":"closed","template":"","meta":{"_acf_changed":false,"footnotes":""},"content_type":[],"country":[],"class_list":{"0":"post-4809","1":"page","2":"type-page","3":"status-publish","4":"has-post-thumbnail","6":"no-featured-image-padding"},"acf":{"hreflang":[{"alternative_url":"https:\/\/mistersafari.com\/augrabies-falls-national-park\/","language":"en"}]},"_links":{"self":[{"href":"https:\/\/mistersafari.com\/fr\/wp-json\/wp\/v2\/pages\/4809","targetHints":{"allow":["GET"]}}],"collection":[{"href":"https:\/\/mistersafari.com\/fr\/wp-json\/wp\/v2\/pages"}],"about":[{"href":"https:\/\/mistersafari.com\/fr\/wp-json\/wp\/v2\/types\/page"}],"author":[{"embeddable":true,"href":"https:\/\/mistersafari.com\/fr\/wp-json\/wp\/v2\/users\/3"}],"replies":[{"embeddable":true,"href":"https:\/\/mistersafari.com\/fr\/wp-json\/wp\/v2\/comments?post=4809"}],"version-history":[{"count":35,"href":"https:\/\/mistersafari.com\/fr\/wp-json\/wp\/v2\/pages\/4809\/revisions"}],"predecessor-version":[{"id":6724,"href":"https:\/\/mistersafari.com\/fr\/wp-json\/wp\/v2\/pages\/4809\/revisions\/6724"}],"up":[{"embeddable":true,"href":"https:\/\/mistersafari.com\/fr\/wp-json\/wp\/v2\/pages\/1095"}],"wp:featuredmedia":[{"embeddable":true,"href":"https:\/\/mistersafari.com\/fr\/wp-json\/wp\/v2\/media\/4909"}],"wp:attachment":[{"href":"https:\/\/mistersafari.com\/fr\/wp-json\/wp\/v2\/media?parent=4809"}],"wp:term":[{"taxonomy":"content_type","embeddable":true,"href":"https:\/\/mistersafari.com\/fr\/wp-json\/wp\/v2\/content_type?post=4809"},{"taxonomy":"country","embeddable":true,"href":"https:\/\/mistersafari.com\/fr\/wp-json\/wp\/v2\/country?post=4809"}],"curies":[{"name":"wp","href":"https:\/\/api.w.org\/{rel}","templated":true}]}}