{"id":4762,"date":"2021-10-01T15:33:57","date_gmt":"2021-10-01T15:33:57","guid":{"rendered":"https:\/\/mistersafari.com\/fr\/?page_id=4762"},"modified":"2021-10-01T15:34:11","modified_gmt":"2021-10-01T15:34:11","slug":"parc-national-camdeboo","status":"publish","type":"page","link":"https:\/\/mistersafari.com\/fr\/safari-afrique-du-sud\/parcs-reserves\/parc-national-camdeboo\/","title":{"rendered":"Parc National de Camdeboo"},"content":{"rendered":"\n<p>Surtout connu pour ses paysages \u00e9poustouflants, le Parc National de Camdeboo est une destination id\u00e9ale si vous souhaitez combiner l&rsquo;observation des animaux et la d\u00e9couverte de panoramas \u00e0 couper le souffle. Que faire et o\u00f9 dormir \u00e0 Camdeboo ? Suivez notre guide.<\/p>\n\n\n<div id=\"ez-toc-container\" class=\"ez-toc-v2_0_76 counter-flat ez-toc-counter ez-toc-custom ez-toc-container-direction\">\n<div class=\"ez-toc-title-container\"><p class=\"ez-toc-title\" style=\"cursor:inherit\">Sommaire<\/p>\n<\/div><nav><ul class='ez-toc-list ez-toc-list-level-1 ' ><li class='ez-toc-page-1'><a class=\"ez-toc-link ez-toc-heading-1\" href=\"https:\/\/mistersafari.com\/fr\/safari-afrique-du-sud\/parcs-reserves\/parc-national-camdeboo\/#pourquoi-se-rendre-au-parc-national-de-camdeboo\" >Pourquoi se rendre au Parc National de Camdeboo<\/a><\/li><li class='ez-toc-page-1'><a class=\"ez-toc-link ez-toc-heading-2\" href=\"https:\/\/mistersafari.com\/fr\/safari-afrique-du-sud\/parcs-reserves\/parc-national-camdeboo\/#tarif-et-reglementation\" >Tarif et r\u00e9glementation<\/a><\/li><li class='ez-toc-page-1'><a class=\"ez-toc-link ez-toc-heading-3\" href=\"https:\/\/mistersafari.com\/fr\/safari-afrique-du-sud\/parcs-reserves\/parc-national-camdeboo\/#ou-dormir-au-parc-national-de-camdeboo\" >O\u00f9 dormir au Parc National de Camdeboo<\/a><\/li><li class='ez-toc-page-1'><a class=\"ez-toc-link ez-toc-heading-4\" href=\"https:\/\/mistersafari.com\/fr\/safari-afrique-du-sud\/parcs-reserves\/parc-national-camdeboo\/#parc-national-de-camdeboo-autres-informations-pratiques\" >Parc National de Camdeboo : autres informations pratiques<\/a><\/li><li class='ez-toc-page-1'><a class=\"ez-toc-link ez-toc-heading-5\" href=\"https:\/\/mistersafari.com\/fr\/safari-afrique-du-sud\/parcs-reserves\/parc-national-camdeboo\/#faq\" >FAQ<\/a><\/li><\/ul><\/nav><\/div>\n\n\n\n\n<h2 class=\"wp-block-heading\"><span class=\"ez-toc-section\" id=\"pourquoi-se-rendre-au-parc-national-de-camdeboo\"><\/span>Pourquoi se rendre au Parc National de Camdeboo<span class=\"ez-toc-section-end\"><\/span><\/h2>\n\n\n\n<h3 class=\"wp-block-heading\">Un safari au Parc National de Camdeboo<\/h3>\n\n\n\n<p>Situ\u00e9 au pied des cha\u00eenes montagneuses du Sneeuberg, le Parc National de Camdeboo n&rsquo;est pas, a priori, une destination phare pour un <a href=\"https:\/\/mistersafari.com\/fr\/safari-afrique-du-sud\/\">safari en Afrique du Sud<\/a>. Mais la combinaison de paysages \u00e9poustouflants et la pr\u00e9sence d&rsquo;animaux sauvages valent malgr\u00e9 tout le d\u00e9tour.<\/p>\n\n\n\n<p>43 mammif\u00e8res et environ 250 esp\u00e8ces d&rsquo;oiseaux ont \u00e9lu domicile au sein du parc et se sont acclimat\u00e9s \u00e0 cet environnement semi-aride. On retrouve principalement des herbivores et de petits pr\u00e9dateurs : z\u00e8bres, gnous, buffles, antilopes, oryx, gazelles, or\u00e9otragues, renards \u00e0 oreilles de chauve-souris, suricates, mangoustes jaunes, &#8230;<\/p>\n\n\n\n<div class=\"wp-block-image\"><figure class=\"aligncenter size-full\"><picture><source srcset=\"https:\/\/mistersafari.com\/fr\/wp-content\/uploads\/sites\/2\/oreotrague-camdeboo.webp 1200w,https:\/\/mistersafari.com\/fr\/wp-content\/uploads\/sites\/2\/oreotrague-camdeboo-300x200.webp 300w,https:\/\/mistersafari.com\/fr\/wp-content\/uploads\/sites\/2\/oreotrague-camdeboo-1024x684.webp 1024w,https:\/\/mistersafari.com\/fr\/wp-content\/uploads\/sites\/2\/oreotrague-camdeboo-768x513.webp 768w\" sizes=\"auto, (max-width: 1200px) 100vw, 1200px\" type=\"image\/webp\"><img src=\"https:\/\/mistersafari.com\/fr\/wp-content\/uploads\/sites\/2\/oreotrague-camdeboo.jpg\" height=\"801\" width=\"1200\" srcset=\"https:\/\/mistersafari.com\/fr\/wp-content\/uploads\/sites\/2\/oreotrague-camdeboo.jpg 1200w, https:\/\/mistersafari.com\/fr\/wp-content\/uploads\/sites\/2\/oreotrague-camdeboo-300x200.jpg 300w, https:\/\/mistersafari.com\/fr\/wp-content\/uploads\/sites\/2\/oreotrague-camdeboo-1024x684.jpg 1024w, https:\/\/mistersafari.com\/fr\/wp-content\/uploads\/sites\/2\/oreotrague-camdeboo-768x513.jpg 768w\" sizes=\"auto, (max-width: 1200px) 100vw, 1200px\" class=\"wp-image-4764 sp-no-webp\" alt=\"or\u00e9otrague\" loading=\"lazy\" decoding=\"async\"  > <\/picture><figcaption> Des or\u00e9otragues <\/figcaption><\/figure><\/div>\n\n\n\n<p>Un circuit safari de 19 km se situe dans les plaines au Nord de Nqweba Dam et permet aux visiteurs d&rsquo;observer la faune de ce parc.<\/p>\n\n\n\n<h3 class=\"wp-block-heading\">Les autres activit\u00e9s<\/h3>\n\n\n\n<p><strong>Les lieux incontournables<\/strong><\/p>\n\n\n\n<p>\u00c0 proximit\u00e9, le village historique de Graaff-Reinet sera certainement votre point de d\u00e9part et vaut une visite.<\/p>\n\n\n\n<p>Le Parc National de Camdeboo est principalement connu pour ses paysages extraordinaires. La Valley of Desolation est compos\u00e9e de formations rocheuses en dol\u00e9rite \u00e9rod\u00e9es, apparues il y a des centaines de millions d&rsquo;ann\u00e9es sur la plaine du Karoo. Une visite \u00e0 l&rsquo;aube ou au coucher du soleil offre la plus belle vue.<\/p>\n\n\n\n<p><strong>Les randonn\u00e9es<\/strong><\/p>\n\n\n\n<p>Avec ses panoramas \u00e0 couper le souffle, le Parc de Camdeboo est un haut lieu de la randonn\u00e9e. De nombreux trails d\u00e9marrent depuis plusieurs endroits du parc. Nous vous conseillons notamment le Eerstefontein Day Walk d&rsquo;une longueur de 5,11 ou 14 km selon vos envies.<\/p>\n\n\n\n<div class=\"wp-block-image\"><figure class=\"aligncenter size-full\"><picture><source srcset=\"https:\/\/mistersafari.com\/fr\/wp-content\/uploads\/sites\/2\/randonnee-camdeboo.webp 1200w,https:\/\/mistersafari.com\/fr\/wp-content\/uploads\/sites\/2\/randonnee-camdeboo-300x169.webp 300w,https:\/\/mistersafari.com\/fr\/wp-content\/uploads\/sites\/2\/randonnee-camdeboo-1024x575.webp 1024w,https:\/\/mistersafari.com\/fr\/wp-content\/uploads\/sites\/2\/randonnee-camdeboo-768x431.webp 768w\" sizes=\"auto, (max-width: 1200px) 100vw, 1200px\" type=\"image\/webp\"><img src=\"https:\/\/mistersafari.com\/fr\/wp-content\/uploads\/sites\/2\/randonnee-camdeboo.jpg\" height=\"674\" width=\"1200\" srcset=\"https:\/\/mistersafari.com\/fr\/wp-content\/uploads\/sites\/2\/randonnee-camdeboo.jpg 1200w, https:\/\/mistersafari.com\/fr\/wp-content\/uploads\/sites\/2\/randonnee-camdeboo-300x169.jpg 300w, https:\/\/mistersafari.com\/fr\/wp-content\/uploads\/sites\/2\/randonnee-camdeboo-1024x575.jpg 1024w, https:\/\/mistersafari.com\/fr\/wp-content\/uploads\/sites\/2\/randonnee-camdeboo-768x431.jpg 768w\" sizes=\"auto, (max-width: 1200px) 100vw, 1200px\" class=\"wp-image-4773 sp-no-webp\" alt=\"randonn\u00e9e Camdeboo\" loading=\"lazy\" decoding=\"async\"  > <\/picture><\/figure><\/div>\n\n\n\n<p><strong>Sports nautiques<\/strong><\/p>\n\n\n\n<p>Gr\u00e2ce au Nqweba Dam, un barrage formant une \u00e9tendue d&rsquo;eau d&rsquo;une superficie de 1 000 hectares sur la rivi\u00e8re Sundays, les amateurs de sports nautiques seront combl\u00e9s. Tours en bateau, cano\u00ebs, p\u00eache, planche \u00e0 voile seront l&rsquo;occasion de se rafra\u00eechir dans l&rsquo;eau du lac.<\/p>\n\n\n\n<h2 class=\"wp-block-heading\"><span class=\"ez-toc-section\" id=\"tarif-et-reglementation\"><\/span>Tarif et r\u00e9glementation<span class=\"ez-toc-section-end\"><\/span><\/h2>\n\n\n\n<h3 class=\"wp-block-heading\">Tarif<\/h3>\n\n\n\n<p>Pour visiter le Parc National de Camdeboo, vous devrez r\u00e9gler les frais d&rsquo;entr\u00e9e :<\/p>\n\n\n\n<ul class=\"wp-block-list\"><li>R140 par adulte par jour ;<\/li><li>R70 par enfant par jour.<\/li><\/ul>\n\n\n\n<h3 class=\"wp-block-heading\">R\u00e9glementation<\/h3>\n\n\n\n<p>Lors de votre visite du Parc de Camdeboo, il vous est demand\u00e9 de respecter un certain nombre de r\u00e8gles instaur\u00e9es par SANParks, concernant aussi bien le respect de la faune et de la flore que la s\u00e9curit\u00e9 lors des safaris.<\/p>\n\n\n\n<div class=\"wp-block-image\"><figure class=\"aligncenter size-full\"><picture><source srcset=\"https:\/\/mistersafari.com\/fr\/wp-content\/uploads\/sites\/2\/zebre-camdeboo.webp 1200w,https:\/\/mistersafari.com\/fr\/wp-content\/uploads\/sites\/2\/zebre-camdeboo-300x200.webp 300w,https:\/\/mistersafari.com\/fr\/wp-content\/uploads\/sites\/2\/zebre-camdeboo-1024x683.webp 1024w,https:\/\/mistersafari.com\/fr\/wp-content\/uploads\/sites\/2\/zebre-camdeboo-768x512.webp 768w\" sizes=\"auto, (max-width: 1200px) 100vw, 1200px\" type=\"image\/webp\"><img src=\"https:\/\/mistersafari.com\/fr\/wp-content\/uploads\/sites\/2\/zebre-camdeboo.jpg\" height=\"800\" width=\"1200\" srcset=\"https:\/\/mistersafari.com\/fr\/wp-content\/uploads\/sites\/2\/zebre-camdeboo.jpg 1200w, https:\/\/mistersafari.com\/fr\/wp-content\/uploads\/sites\/2\/zebre-camdeboo-300x200.jpg 300w, https:\/\/mistersafari.com\/fr\/wp-content\/uploads\/sites\/2\/zebre-camdeboo-1024x683.jpg 1024w, https:\/\/mistersafari.com\/fr\/wp-content\/uploads\/sites\/2\/zebre-camdeboo-768x512.jpg 768w\" sizes=\"auto, (max-width: 1200px) 100vw, 1200px\" class=\"wp-image-4765 sp-no-webp\" alt=\"z\u00e8bre au parc national de Camdeboo\" loading=\"lazy\" decoding=\"async\"  > <\/picture><\/figure><\/div>\n\n\n\n<h2 class=\"wp-block-heading\"><span class=\"ez-toc-section\" id=\"ou-dormir-au-parc-national-de-camdeboo\"><\/span>O\u00f9 dormir au Parc National de Camdeboo<span class=\"ez-toc-section-end\"><\/span><\/h2>\n\n\n\n<p>L&rsquo;offre d&rsquo;h\u00e9bergement du Parc National de Cambdeboo est localis\u00e9e au c\u0153ur de la r\u00e9gion des Game Drives, sur la plaine de Nqweba Dam. Vous pourrez choisir entre le Camp de tentes Lakeview, compos\u00e9 de 4 tentes rustiques et tout le n\u00e9cessaire pour faire la cuisine, ou le camping Nqweba, qui contient 15 emplacements pour tentes ou caravanes.<\/p>\n\n\n\n<p>Un large choix d&rsquo;h\u00e9bergement est aussi disponible dans la ville de Graaff-Reinet, que le parc entoure. L\u00e0, vous pourrez trouver des h\u00f4tels, chambres d&rsquo;h\u00f4tes et emplacements pour les caravanes.<\/p>\n\n\n\n<h2 class=\"wp-block-heading\"><span class=\"ez-toc-section\" id=\"parc-national-de-camdeboo-autres-informations-pratiques\"><\/span>Parc National de Camdeboo : autres informations pratiques<span class=\"ez-toc-section-end\"><\/span><\/h2>\n\n\n\n<h3 class=\"wp-block-heading\">G\u00e9ographie<\/h3>\n\n\n\n<p>Camdeboo National Park est situ\u00e9 au Sud de l&rsquo;Afrique du Sud, \u00e0 un peu moins de 300 km au Nord de Port Elizabeth. Il entoure la ville historique de Graff-Reinett.<\/p>\n\n\n\n<p>D&rsquo;une superficie de 194 km\u00b2, son altitude varie entre 751 et 1 447 m\u00e8tres. Il se situe au pied des montagnes Sneeuberge dans la r\u00e9gion semi-d\u00e9sertique de Karoo. Ses paysages sont atypiques, et c&rsquo;est principalement ce qui fait l&rsquo;attrait de ce parc.<\/p>\n\n\n\n<div class=\"wp-block-image\"><figure class=\"aligncenter size-full\"><picture><source srcset=\"https:\/\/mistersafari.com\/fr\/wp-content\/uploads\/sites\/2\/montagnes-sneeuberge-camdeboo.webp 1200w,https:\/\/mistersafari.com\/fr\/wp-content\/uploads\/sites\/2\/montagnes-sneeuberge-camdeboo-300x200.webp 300w,https:\/\/mistersafari.com\/fr\/wp-content\/uploads\/sites\/2\/montagnes-sneeuberge-camdeboo-1024x683.webp 1024w,https:\/\/mistersafari.com\/fr\/wp-content\/uploads\/sites\/2\/montagnes-sneeuberge-camdeboo-768x512.webp 768w\" sizes=\"auto, (max-width: 1200px) 100vw, 1200px\" type=\"image\/webp\"><img src=\"https:\/\/mistersafari.com\/fr\/wp-content\/uploads\/sites\/2\/montagnes-sneeuberge-camdeboo.jpg\" height=\"800\" width=\"1200\" srcset=\"https:\/\/mistersafari.com\/fr\/wp-content\/uploads\/sites\/2\/montagnes-sneeuberge-camdeboo.jpg 1200w, https:\/\/mistersafari.com\/fr\/wp-content\/uploads\/sites\/2\/montagnes-sneeuberge-camdeboo-300x200.jpg 300w, https:\/\/mistersafari.com\/fr\/wp-content\/uploads\/sites\/2\/montagnes-sneeuberge-camdeboo-1024x683.jpg 1024w, https:\/\/mistersafari.com\/fr\/wp-content\/uploads\/sites\/2\/montagnes-sneeuberge-camdeboo-768x512.jpg 768w\" sizes=\"auto, (max-width: 1200px) 100vw, 1200px\" class=\"wp-image-4766 sp-no-webp\" alt=\"montagnes de Sneeuberge\" loading=\"lazy\" decoding=\"async\"  > <\/picture><figcaption>Les  montagnes de Sneeuberge <\/figcaption><\/figure><\/div>\n\n\n\n<h3 class=\"wp-block-heading\">M\u00e9t\u00e9o<\/h3>\n\n\n\n<p>Le Parc National de Camdeboo conna\u00eet deux saisons principales :<\/p>\n\n\n\n<ul class=\"wp-block-list\"><li>l&rsquo;hiver, de mai \u00e0 septembre, est sec et frais ;<\/li><li>l&rsquo;\u00e9t\u00e9, d&rsquo;octobre \u00e0 avril, est chaud et pluvieux.<\/li><\/ul>\n\n\n\n<p>Des \u00e9pisodes neigeux peuvent avoir lieu en altitude pendant l&rsquo;hiver.<\/p>\n\n\n\n<h3 class=\"wp-block-heading\">Quand visiter<\/h3>\n\n\n\n<p>Si vous visitez le Parc de Camdeboo \u00e0 la qu\u00eate d&rsquo;animaux sauvages, il faudra privil\u00e9gier les mois d&rsquo;hiver, lorsque l&rsquo;herbe est rase et les pluies se font rares. Pour la beaut\u00e9 des paysages, nous vous conseillons plut\u00f4t de vous y rendre les premiers mois d&rsquo;\u00e9t\u00e9.<\/p>\n\n\n\n<h2 class=\"wp-block-heading\"><span class=\"ez-toc-section\" id=\"faq\"><\/span>FAQ<span class=\"ez-toc-section-end\"><\/span><\/h2>\n\n\n<div id=\"rank-math-faq\" class=\"rank-math-block\">\n<div class=\"rank-math-list \">\n<div id=\"faq-question-1633101593373\" class=\"rank-math-list-item\">\n<h3 class=\"rank-math-question \">O\u00f9 se trouve le Parc National de Camdeboo ?<\/h3>\n<div class=\"rank-math-answer \">\n\n<p>Le Parc National de Camdeboo se situe au Sud de l&rsquo;Afrique du Sud, pr\u00e8s de la ville de Graff-Reinett.<\/p>\n\n<\/div>\n<\/div>\n<div id=\"faq-question-1633101600539\" class=\"rank-math-list-item\">\n<h3 class=\"rank-math-question \">Combien co\u00fbte l&rsquo;entr\u00e9e au Parc National de Camdeboo ?<\/h3>\n<div class=\"rank-math-answer \">\n\n<p>L&rsquo;entr\u00e9e du Parc de Camdeboo co\u00fbte R140 par adulte et R70 par enfant.<\/p>\n\n<\/div>\n<\/div>\n<div id=\"faq-question-1633101610760\" class=\"rank-math-list-item\">\n<h3 class=\"rank-math-question \">Quels animaux peut-on voir ?<\/h3>\n<div class=\"rank-math-answer \">\n\n<p>Le Parc National de Camdeboo n&rsquo;est pas une destination premi\u00e8re pour rencontrer les grands animaux d&rsquo;Afrique mais on peut malgr\u00e9 tout y observer des z\u00e8bres, des gnous, des buffles, de nombreuses esp\u00e8ces d&rsquo;antilopes, des suricates et environ 250 esp\u00e8ces d&rsquo;oiseaux.<\/p>\n\n<\/div>\n<\/div>\n<\/div>\n<\/div>","protected":false},"excerpt":{"rendered":"<p>Surtout connu pour ses paysages \u00e9poustouflants, le Parc National de Camdeboo est une destination id\u00e9ale si vous souhaitez combiner l&rsquo;observation des animaux et la d\u00e9couverte de panoramas \u00e0 couper le souffle. Que faire et o\u00f9 dormir \u00e0 Camdeboo ? Suivez notre guide. Pourquoi se rendre au Parc National de Camdeboo Un safari au Parc National &#8230; <a title=\"Parc National de Camdeboo\" class=\"read-more\" href=\"https:\/\/mistersafari.com\/fr\/safari-afrique-du-sud\/parcs-reserves\/parc-national-camdeboo\/\" aria-label=\"En savoir plus sur Parc National de Camdeboo\">Lire la suite<\/a><\/p>\n","protected":false},"author":3,"featured_media":4763,"parent":1095,"menu_order":4,"comment_status":"closed","ping_status":"closed","template":"","meta":{"_acf_changed":false,"footnotes":""},"content_type":[],"country":[],"class_list":{"0":"post-4762","1":"page","2":"type-page","3":"status-publish","4":"has-post-thumbnail","6":"no-featured-image-padding"},"acf":{"hreflang":null},"_links":{"self":[{"href":"https:\/\/mistersafari.com\/fr\/wp-json\/wp\/v2\/pages\/4762","targetHints":{"allow":["GET"]}}],"collection":[{"href":"https:\/\/mistersafari.com\/fr\/wp-json\/wp\/v2\/pages"}],"about":[{"href":"https:\/\/mistersafari.com\/fr\/wp-json\/wp\/v2\/types\/page"}],"author":[{"embeddable":true,"href":"https:\/\/mistersafari.com\/fr\/wp-json\/wp\/v2\/users\/3"}],"replies":[{"embeddable":true,"href":"https:\/\/mistersafari.com\/fr\/wp-json\/wp\/v2\/comments?post=4762"}],"version-history":[{"count":6,"href":"https:\/\/mistersafari.com\/fr\/wp-json\/wp\/v2\/pages\/4762\/revisions"}],"predecessor-version":[{"id":4776,"href":"https:\/\/mistersafari.com\/fr\/wp-json\/wp\/v2\/pages\/4762\/revisions\/4776"}],"up":[{"embeddable":true,"href":"https:\/\/mistersafari.com\/fr\/wp-json\/wp\/v2\/pages\/1095"}],"wp:featuredmedia":[{"embeddable":true,"href":"https:\/\/mistersafari.com\/fr\/wp-json\/wp\/v2\/media\/4763"}],"wp:attachment":[{"href":"https:\/\/mistersafari.com\/fr\/wp-json\/wp\/v2\/media?parent=4762"}],"wp:term":[{"taxonomy":"content_type","embeddable":true,"href":"https:\/\/mistersafari.com\/fr\/wp-json\/wp\/v2\/content_type?post=4762"},{"taxonomy":"country","embeddable":true,"href":"https:\/\/mistersafari.com\/fr\/wp-json\/wp\/v2\/country?post=4762"}],"curies":[{"name":"wp","href":"https:\/\/api.w.org\/{rel}","templated":true}]}}