{"id":4631,"date":"2021-09-29T14:58:55","date_gmt":"2021-09-29T14:58:55","guid":{"rendered":"https:\/\/mistersafari.com\/fr\/?page_id=4631"},"modified":"2021-09-30T13:24:15","modified_gmt":"2021-09-30T13:24:15","slug":"sabi-sand-game-reserve","status":"publish","type":"page","link":"https:\/\/mistersafari.com\/fr\/safari-afrique-du-sud\/parcs-reserves\/sabi-sand-game-reserve\/","title":{"rendered":"Sabi Sand Game Reserve"},"content":{"rendered":"\n<p>Situ\u00e9e \u00e0 la limite sud-ouest non cl\u00f4tur\u00e9e du <a href=\"https:\/\/mistersafari.com\/fr\/safari-afrique-du-sud\/parcs-reserves\/parc-kruger\/\" data-type=\"page\" data-id=\"1113\">parc national Kruger<\/a>, la Game Reserve de Sabi Sand fait partie des r\u00e9serves embl\u00e9matiques de l&rsquo;Afrique du Sud. Cr\u00e9\u00e9e en 1948 par des locaux dans le but de conserver les divers animaux de la r\u00e9gion, la Sabi Sand Game Reserve, d&rsquo;une superficie de 65 000 hectares, abrite d&rsquo;autres r\u00e9serves priv\u00e9es et offre un habitat diversifi\u00e9 pour une faune et une flore d&rsquo;une grande vari\u00e9t\u00e9.<\/p>\n\n\n<div id=\"ez-toc-container\" class=\"ez-toc-v2_0_76 counter-flat ez-toc-counter ez-toc-custom ez-toc-container-direction\">\n<div class=\"ez-toc-title-container\"><p class=\"ez-toc-title\" style=\"cursor:inherit\">Sommaire<\/p>\n<\/div><nav><ul class='ez-toc-list ez-toc-list-level-1 ' ><li class='ez-toc-page-1'><a class=\"ez-toc-link ez-toc-heading-1\" href=\"https:\/\/mistersafari.com\/fr\/safari-afrique-du-sud\/parcs-reserves\/sabi-sand-game-reserve\/#pourquoi-se-rendre-a-la-reserve-de-sabi-sand\" >Pourquoi se rendre \u00e0 la r\u00e9serve de Sabi Sand ?<\/a><\/li><li class='ez-toc-page-1'><a class=\"ez-toc-link ez-toc-heading-2\" href=\"https:\/\/mistersafari.com\/fr\/safari-afrique-du-sud\/parcs-reserves\/sabi-sand-game-reserve\/#comment-se-rendre-a-la-reserve-de-sabi-sand\" >Comment se rendre \u00e0 la r\u00e9serve de Sabi Sand ?<\/a><\/li><li class='ez-toc-page-1'><a class=\"ez-toc-link ez-toc-heading-3\" href=\"https:\/\/mistersafari.com\/fr\/safari-afrique-du-sud\/parcs-reserves\/sabi-sand-game-reserve\/#tarif-et-reglementation\" >Tarif et r\u00e9glementation<\/a><\/li><li class='ez-toc-page-1'><a class=\"ez-toc-link ez-toc-heading-4\" href=\"https:\/\/mistersafari.com\/fr\/safari-afrique-du-sud\/parcs-reserves\/sabi-sand-game-reserve\/#ou-dormir-au-sabi-sand-game-reserve\" >O\u00f9 dormir au Sabi Sand Game Reserve ?<\/a><\/li><li class='ez-toc-page-1'><a class=\"ez-toc-link ez-toc-heading-5\" href=\"https:\/\/mistersafari.com\/fr\/safari-afrique-du-sud\/parcs-reserves\/sabi-sand-game-reserve\/#sabi-sand-game-reserve-autres-informations-pratiques\" >Sabi Sand Game Reserve : autres informations pratiques<\/a><\/li><li class='ez-toc-page-1'><a class=\"ez-toc-link ez-toc-heading-6\" href=\"https:\/\/mistersafari.com\/fr\/safari-afrique-du-sud\/parcs-reserves\/sabi-sand-game-reserve\/#faq\" >FAQ<\/a><\/li><\/ul><\/nav><\/div>\n\n\n\n\n<h2 class=\"wp-block-heading\"><span class=\"ez-toc-section\" id=\"pourquoi-se-rendre-a-la-reserve-de-sabi-sand\"><\/span>Pourquoi se rendre \u00e0 la r\u00e9serve de Sabi Sand ?<span class=\"ez-toc-section-end\"><\/span><\/h2>\n\n\n\n<h3 class=\"wp-block-heading\">Une r\u00e9serve ouverte<\/h3>\n\n\n\n<p>Le nom de la r\u00e9serve est la combinaison des deux rivi\u00e8res qui la traversent : la rivi\u00e8re Sabie borde la r\u00e9serve au sud et la rivi\u00e8re Sand et ses nombreux ruisseaux qui p\u00e9n\u00e8trent profond\u00e9ment dans la r\u00e9serve, apportant de l&rsquo;eau \u00e0 la faune et la flore. La Sabi Sand Game Reserve est la toute premi\u00e8re r\u00e9serve naturelle priv\u00e9e qui r\u00e9unit plusieurs r\u00e9serves luxueuses individuelles \u00e0 caract\u00e8re familial, dont <a href=\"https:\/\/mistersafari.com\/fr\/safari-afrique-du-sud\/parcs-reserves\/reserve-malamala\/\" data-type=\"page\" data-id=\"4582\">MalaMala<\/a>, Singita, <a href=\"https:\/\/mistersafari.com\/fr\/safari-afrique-du-sud\/parcs-reserves\/djuma-game-reserve\/\" data-type=\"page\" data-id=\"4557\">Djuma<\/a>, <a href=\"https:\/\/mistersafari.com\/fr\/safari-afrique-du-sud\/lodges\/sabi-sabi\/\" data-type=\"page\" data-id=\"2851\">Sabi Sabi<\/a> et <a href=\"https:\/\/mistersafari.com\/fr\/safari-afrique-du-sud\/lodges\/londolozi\/\" data-type=\"page\" data-id=\"2853\">Londolozi<\/a>.<\/p>\n\n\n\n<p>Malgr\u00e9 sa gestion priv\u00e9e, Sabi Sand reste une r\u00e9serve ouverte aux visiteurs gr\u00e2ce \u00e0 sa fronti\u00e8re non cl\u00f4tur\u00e9e de 50 Kilom\u00e8tres avec le <a href=\"https:\/\/mistersafari.com\/fr\/safari-afrique-du-sud\/parcs-reserves\/parc-kruger\/\" data-type=\"page\" data-id=\"1113\">parc national de Kruger<\/a>, permettant aux animaux de migrer librement et aux amateurs de safari de profiter de la meilleure observation de la faune sauvage pendant leur s\u00e9jour en Afrique du Sud.<\/p>\n\n\n\n<h3 class=\"wp-block-heading\">Observation des Big 5 et de l\u00e9opards<\/h3>\n\n\n\n<p>\u00c0 Sabi Sand, il est possible de rep\u00e9rer \u00e0 la fois des lions, des \u00e9l\u00e9phants, des buffles, des l\u00e9opards et des rhinoc\u00e9ros en un seul safari. Cette r\u00e9serve se d\u00e9marque ainsi des autres parcs par une faune parmi les plus prolifiques du monde. Vous pourrez donc vivre une exp\u00e9rience authentique d&rsquo;observation des <a href=\"https:\/\/mistersafari.com\/fr\/safari-afrique-du-sud\/big-five\/\">Big 5<\/a> par excellence !<\/p>\n\n\n\n<div class=\"wp-block-image\"><figure class=\"aligncenter size-full\"><picture><source srcset=\"https:\/\/mistersafari.com\/fr\/wp-content\/uploads\/sites\/2\/elephant-sabi-sand.webp 1200w,https:\/\/mistersafari.com\/fr\/wp-content\/uploads\/sites\/2\/elephant-sabi-sand-300x200.webp 300w,https:\/\/mistersafari.com\/fr\/wp-content\/uploads\/sites\/2\/elephant-sabi-sand-1024x683.webp 1024w,https:\/\/mistersafari.com\/fr\/wp-content\/uploads\/sites\/2\/elephant-sabi-sand-768x512.webp 768w\" sizes=\"auto, (max-width: 1200px) 100vw, 1200px\" type=\"image\/webp\"><img src=\"https:\/\/mistersafari.com\/fr\/wp-content\/uploads\/sites\/2\/elephant-sabi-sand.jpg\" height=\"800\" width=\"1200\" srcset=\"https:\/\/mistersafari.com\/fr\/wp-content\/uploads\/sites\/2\/elephant-sabi-sand.jpg 1200w, https:\/\/mistersafari.com\/fr\/wp-content\/uploads\/sites\/2\/elephant-sabi-sand-300x200.jpg 300w, https:\/\/mistersafari.com\/fr\/wp-content\/uploads\/sites\/2\/elephant-sabi-sand-1024x683.jpg 1024w, https:\/\/mistersafari.com\/fr\/wp-content\/uploads\/sites\/2\/elephant-sabi-sand-768x512.jpg 768w\" sizes=\"auto, (max-width: 1200px) 100vw, 1200px\" class=\"wp-image-4644 sp-no-webp\" alt=\"\u00e9l\u00e9phant \u00e0 la Sabi Sand Game Reserve\" loading=\"lazy\" decoding=\"async\"  > <\/picture><\/figure><\/div>\n\n\n\n<p>Vous contemplerez \u00e9galement dans cette r\u00e9serve pr\u00e8s de 150 mammif\u00e8res et plus de 500 esp\u00e8ces d&rsquo;oiseaux cohabitant dans ses prairies.<\/p>\n\n\n\n<p>La r\u00e9serve de Sabi Sand vous permet de vous rapprocher des pr\u00e9dateurs les plus redoutables d&rsquo;Afrique comme les nombreux l\u00e9opards qu&rsquo;on trouve souvent dormants sur les bancs de sable de Sabie, rendant ce safari unique par rapport \u00e0 d&rsquo;autres <a href=\"https:\/\/mistersafari.com\/fr\/safari-afrique-du-sud\/parcs-reserves\/\" data-type=\"page\" data-id=\"1095\">parcs d&rsquo;Afrique du Sud<\/a>.<\/p>\n\n\n\n<p>Sabi Sand est aussi tr\u00e8s connue pour son activit\u00e9 de chasse, ayant le plus gros gibier du parc national Kruger. Mais elle reste une tr\u00e8s belle destination pour les fans d&rsquo;exploration.<\/p>\n\n\n\n<h3 class=\"wp-block-heading\">Safari dans les sables de Sabi<\/h3>\n\n\n\n<p>Sabi Sand Game Reserve est parmi les destinations safari ultime en Afrique du Sud. Le tour de safari guid\u00e9 par des gardes forestiers tr\u00e8s passionn\u00e9s et exp\u00e9riment\u00e9s, vous permet de vous rapprocher de la faune dans son habitat naturel. La r\u00e9serve vous propose ses spots d&rsquo;observations in\u00e9dits, au grand plaisir des amateurs de safari et de photographie.<\/p>\n\n\n\n<p>Les tours en 4*4 sont organis\u00e9s deux fois par jour et englobent une grande partie du parc national de Kruger ainsi que les autres r\u00e9serves voisines.<\/p>\n\n\n\n<h3 class=\"wp-block-heading\">Les autres activit\u00e9s<\/h3>\n\n\n\n<h4 class=\"gb-headline gb-headline-bbabf688 gb-headline-text\">Safari \u00e0 pieds<\/h4>\n\n\n\n<p>Vous pouvez vivre une exp\u00e9rience compl\u00e8tement diff\u00e9rente en optant pour le safari \u00e0 pieds car vous pouvez approcher les animaux sans la protection d&rsquo;un v\u00e9hicule, mais toujours en compagnie et supervision d&rsquo;un guide qualifi\u00e9 dans les Game Walks.<\/p>\n\n\n\n<p class=\"callout-blue\"><strong>\u00c0 noter :<\/strong> L&rsquo;\u00e2ge minimum pour participer \u00e0 un safari est g\u00e9n\u00e9ralement de 8 ans tandis que l&rsquo;\u00e2ge minimum pour participer \u00e0 une game walk est de 14 ans.<\/p>\n\n\n\n<h4 class=\"gb-headline gb-headline-7aecc981 gb-headline-text\">Conduite hors route<\/h4>\n\n\n\n<p>Compte tenu de sa gestion priv\u00e9e, attendez-vous \u00e0 des bonus de la part de l&rsquo;\u00e9quipe Sabi Sand, gr\u00e2ce \u00e0 son emplacement privil\u00e9gi\u00e9 et ses accords avec les <a href=\"https:\/\/mistersafari.com\/fr\/safari-afrique-du-sud\/parcs-reserves\/\" data-type=\"page\" data-id=\"1095\">autres r\u00e9serves<\/a> de la r\u00e9gion. Il est m\u00eame possible de conduire vous-m\u00eame vers et depuis le lodge de votre choix. Plusieurs indications et mesures de s\u00e9curit\u00e9 vous seront communiqu\u00e9es \u00e0 votre arriv\u00e9e \u00e0 la r\u00e9serve.<\/p>\n\n\n\n<p class=\"callout-orange\">Les promenades nocturnes sont interdites au sein de la r\u00e9serve de Sabi Sand car plusieurs animaux se baladent la nuit en libert\u00e9 !<\/p>\n\n\n\n<h2 class=\"wp-block-heading\"><span class=\"ez-toc-section\" id=\"comment-se-rendre-a-la-reserve-de-sabi-sand\"><\/span>Comment se rendre \u00e0 la r\u00e9serve de Sabi Sand ?<span class=\"ez-toc-section-end\"><\/span><\/h2>\n\n\n\n<h3 class=\"wp-block-heading\">Avion<\/h3>\n\n\n\n<p>L&rsquo;avion reste le moyen le plus rapide pour se rendre \u00e0 la r\u00e9serve de Sabi Sand. Il y a plusieurs vols r\u00e9guliers vers l&rsquo;a\u00e9roport international Kruger Mpumalanga (KMIA), tandis que l&rsquo;a\u00e9roport de Hoedspruit est plut\u00f4t id\u00e9al pour les voyageurs qui visent le nord de la r\u00e9serve. Pour acc\u00e9der au sud de Sabi Sand, nous vous conseillons de vous rendre \u00e0 l&rsquo;a\u00e9roport de Skukuza qui a \u00e9t\u00e9 r\u00e9cemment r\u00e9ouvert.<\/p>\n\n\n\n<p>Pour vous rendre aux lodges, vous pouvez soit utiliser un transfert routier, soit un vol en navette depuis l&rsquo;a\u00e9roport international OR Tambo de Johannesburg ou m\u00eame un vol de liaison dans un petit avion vers les pistes d&rsquo;atterrissage de la r\u00e9serve : d&rsquo;Ulusaba, d&rsquo;Arathusa et de Londolozi.<\/p>\n\n\n\n<h3 class=\"wp-block-heading\">Route<\/h3>\n\n\n\n<p>Vous pouvez acc\u00e9der \u00e0 Sabi Sand en voiture par ses trois portes d&rsquo;acc\u00e8s :<\/p>\n\n\n\n<ul class=\"wp-block-list\"><li>par la porte Newington \u00e0 l&rsquo;ouest de la porte Kruger;<\/li><li>par la porte Gowrie Gate \u00e0 l&rsquo;extr\u00eame nord;<\/li><li>par la porte de l&rsquo;entr\u00e9e Shaws Gate au sud.<\/li><\/ul>\n\n\n\n<div class=\"wp-block-image\"><figure class=\"aligncenter size-full\"><picture><source srcset=\"https:\/\/mistersafari.com\/fr\/wp-content\/uploads\/sites\/2\/voiture-sabi-sand.webp 1200w,https:\/\/mistersafari.com\/fr\/wp-content\/uploads\/sites\/2\/voiture-sabi-sand-300x200.webp 300w,https:\/\/mistersafari.com\/fr\/wp-content\/uploads\/sites\/2\/voiture-sabi-sand-1024x683.webp 1024w,https:\/\/mistersafari.com\/fr\/wp-content\/uploads\/sites\/2\/voiture-sabi-sand-768x512.webp 768w\" sizes=\"auto, (max-width: 1200px) 100vw, 1200px\" type=\"image\/webp\"><img src=\"https:\/\/mistersafari.com\/fr\/wp-content\/uploads\/sites\/2\/voiture-sabi-sand.jpg\" height=\"800\" width=\"1200\" srcset=\"https:\/\/mistersafari.com\/fr\/wp-content\/uploads\/sites\/2\/voiture-sabi-sand.jpg 1200w, https:\/\/mistersafari.com\/fr\/wp-content\/uploads\/sites\/2\/voiture-sabi-sand-300x200.jpg 300w, https:\/\/mistersafari.com\/fr\/wp-content\/uploads\/sites\/2\/voiture-sabi-sand-1024x683.jpg 1024w, https:\/\/mistersafari.com\/fr\/wp-content\/uploads\/sites\/2\/voiture-sabi-sand-768x512.jpg 768w\" sizes=\"auto, (max-width: 1200px) 100vw, 1200px\" class=\"wp-image-4655 sp-no-webp\" alt=\"safari \u00e0 la Sabi Sand Game Reserve\" loading=\"lazy\" decoding=\"async\"  > <\/picture><\/figure><\/div>\n\n\n\n<h2 class=\"wp-block-heading\"><span class=\"ez-toc-section\" id=\"tarif-et-reglementation\"><\/span>Tarif et r\u00e9glementation<span class=\"ez-toc-section-end\"><\/span><\/h2>\n\n\n\n<h3 class=\"wp-block-heading\">Sabi Sand Game Reserve : prix d\u2019entr\u00e9e<\/h3>\n\n\n\n<p>Le tarif d&rsquo;entr\u00e9e par personne \u00e0 la Sabi Sand Game Reserve est de 140 rands sud-africains (ZAR), environ 10$ quel que soit le nombre de nuits \u00e0 passer. Si vous venez avec votre propre voiture, vous devrez ajouter un suppl\u00e9ment de 310 ZAR (21$) par voiture.<\/p>\n\n\n\n<h3 class=\"wp-block-heading\">R\u00e9glementation<\/h3>\n\n\n\n<p>Lors de votre s\u00e9jour \u00e0 la Sabi Sand Game Reserve, il est interdit de se promener seul autour des lodges apr\u00e8s le coucher du soleil car certains lodges ne sont pas cl\u00f4tur\u00e9s, donc les animaux peuvent se balader librement au sein de la r\u00e9serve.<\/p>\n\n\n\n<p>Il est aussi strictement interdit de sortir du v\u00e9hicule lors d&rsquo;un tour guid\u00e9 sauf si vous \u00eates accompagn\u00e9s d&rsquo;un guide.<\/p>\n\n\n\n<p>Cependant, il est possible de se balader dans la r\u00e9serve avec son propre v\u00e9hicule mais uniquement aux alentours de votre lodge.<\/p>\n\n\n\n<h2 class=\"wp-block-heading\"><span class=\"ez-toc-section\" id=\"ou-dormir-au-sabi-sand-game-reserve\"><\/span>O\u00f9 dormir au Sabi Sand Game Reserve ?<span class=\"ez-toc-section-end\"><\/span><\/h2>\n\n\n\n<p>Il existe plus d&rsquo;une douzaine de lodges d&rsquo;une grande vari\u00e9t\u00e9 et d&rsquo;options dans la r\u00e9serve. Le s\u00e9jour \u00e0 Sabi Sand convient \u00e0 tous les go\u00fbts et budgets. Vous avez le choix entre plusieurs lodges de luxe dont : <\/p>\n\n\n\n<ul class=\"wp-block-list\"><li>Singita Sabi Sand lodges<\/li><li>Lion Sands Ivory Lodge<\/li><li>Tengile River Lodge<\/li><li>Dulini River Lodge <\/li><li>Narina Lodge<\/li><li>Ulusaba Safari Lodge<\/li><li>Jaci&rsquo;s Sabi House<\/li><li>&#8230;<\/li><\/ul>\n\n\n\n<div class=\"wp-block-image\"><figure class=\"aligncenter size-full\"><picture><source srcset=\"https:\/\/mistersafari.com\/fr\/wp-content\/uploads\/sites\/2\/giraffe-sabi-sand.webp 1200w,https:\/\/mistersafari.com\/fr\/wp-content\/uploads\/sites\/2\/giraffe-sabi-sand-300x200.webp 300w,https:\/\/mistersafari.com\/fr\/wp-content\/uploads\/sites\/2\/giraffe-sabi-sand-1024x683.webp 1024w,https:\/\/mistersafari.com\/fr\/wp-content\/uploads\/sites\/2\/giraffe-sabi-sand-768x512.webp 768w\" sizes=\"auto, (max-width: 1200px) 100vw, 1200px\" type=\"image\/webp\"><img src=\"https:\/\/mistersafari.com\/fr\/wp-content\/uploads\/sites\/2\/giraffe-sabi-sand.jpg\" height=\"800\" width=\"1200\" srcset=\"https:\/\/mistersafari.com\/fr\/wp-content\/uploads\/sites\/2\/giraffe-sabi-sand.jpg 1200w, https:\/\/mistersafari.com\/fr\/wp-content\/uploads\/sites\/2\/giraffe-sabi-sand-300x200.jpg 300w, https:\/\/mistersafari.com\/fr\/wp-content\/uploads\/sites\/2\/giraffe-sabi-sand-1024x683.jpg 1024w, https:\/\/mistersafari.com\/fr\/wp-content\/uploads\/sites\/2\/giraffe-sabi-sand-768x512.jpg 768w\" sizes=\"auto, (max-width: 1200px) 100vw, 1200px\" class=\"wp-image-4660 sp-no-webp\" alt=\"lodge Sabi Sand\" loading=\"lazy\" decoding=\"async\"  > <\/picture><\/figure><\/div>\n\n\n\n<p>Vous aurez aussi plus de choix avec les camps de tentes exclusifs et abordables comme Notten\u2019s Bush Camp, Elephant Plains Lodge et Arathusa Safari Lodge, qui offrent une exp\u00e9rience de safari traditionnel et authentique.<\/p>\n\n\n\n<p>Selon la saison, vous pouvez profiter des offres sp\u00e9ciales et tarifs r\u00e9duits que propose Sabi Sands \u00e0 ses visiteurs, mais globalement cette r\u00e9serve offre plut\u00f4t des logements moyen et haut de gamme.<\/p>\n\n\n\n<h2 class=\"wp-block-heading\"><span class=\"ez-toc-section\" id=\"sabi-sand-game-reserve-autres-informations-pratiques\"><\/span>Sabi Sand Game Reserve : autres informations pratiques<span class=\"ez-toc-section-end\"><\/span><\/h2>\n\n\n\n<h3 class=\"wp-block-heading\">G\u00e9ographie<\/h3>\n\n\n\n<p>La r\u00e9serve, d&rsquo;une superficie de 650&nbsp;km<sup>2<\/sup>, se situe au Nord-Est de l\u2019Afrique du Sud. Elle est limit\u00e9e par le parc national Kruger au Nord-Est la rivi\u00e8re Sabie au sud, et la r\u00e9serve Manyaleti au nord. Elle est divis\u00e9e en deux par la rivi\u00e8re Sand qui la traverse et que l&rsquo;on ne peut pas franchir. Donc pour passer d&rsquo;un lodge au nord \u00e0 un lodge au sud, vous devrez sortir de la r\u00e9serve, faire le tour et entrer \u00e0 nouveau par une des trois portes.<\/p>\n\n\n\n<p>Faisant partie du vaste \u00e9cosyst\u00e8me du Grand Kruger, Sabi Sand offre des paysages vari\u00e9s et authentiques du Nord au Sud gr\u00e2ce aux nombreux ruisseaux de la rivi\u00e8re Sand. Des plaines \u00e9tendues et ouvertes d&rsquo;acacia thornveld et d&rsquo;arbres de Marula o\u00f9 z\u00e8bres, antilopes et gnous paissent en toute libert\u00e9.<\/p>\n\n\n\n<p>Malgr\u00e9 l&rsquo;\u00e9tendue de sa superficie, le nombre de visiteurs de Sabi Sand Game Reserve est limit\u00e9, ce qui rend les safaris extraordinaires et facilite le rep\u00e9rage de la faune.<\/p>\n\n\n\n<div class=\"wp-block-image\"><figure class=\"aligncenter size-full\"><picture><source srcset=\"https:\/\/mistersafari.com\/fr\/wp-content\/uploads\/sites\/2\/acacia-thornveld-sabi-sand-1.webp 1200w,https:\/\/mistersafari.com\/fr\/wp-content\/uploads\/sites\/2\/acacia-thornveld-sabi-sand-1-300x199.webp 300w,https:\/\/mistersafari.com\/fr\/wp-content\/uploads\/sites\/2\/acacia-thornveld-sabi-sand-1-1024x680.webp 1024w,https:\/\/mistersafari.com\/fr\/wp-content\/uploads\/sites\/2\/acacia-thornveld-sabi-sand-1-768x510.webp 768w\" sizes=\"auto, (max-width: 1200px) 100vw, 1200px\" type=\"image\/webp\"><img src=\"https:\/\/mistersafari.com\/fr\/wp-content\/uploads\/sites\/2\/acacia-thornveld-sabi-sand-1.jpg\" height=\"797\" width=\"1200\" srcset=\"https:\/\/mistersafari.com\/fr\/wp-content\/uploads\/sites\/2\/acacia-thornveld-sabi-sand-1.jpg 1200w, https:\/\/mistersafari.com\/fr\/wp-content\/uploads\/sites\/2\/acacia-thornveld-sabi-sand-1-300x199.jpg 300w, https:\/\/mistersafari.com\/fr\/wp-content\/uploads\/sites\/2\/acacia-thornveld-sabi-sand-1-1024x680.jpg 1024w, https:\/\/mistersafari.com\/fr\/wp-content\/uploads\/sites\/2\/acacia-thornveld-sabi-sand-1-768x510.jpg 768w\" sizes=\"auto, (max-width: 1200px) 100vw, 1200px\" class=\"wp-image-4713 sp-no-webp\" alt=\"lion sabi sand\" loading=\"lazy\" decoding=\"async\"  > <\/picture><figcaption>Un lion sous l&rsquo;ombre d&rsquo;un arbre d&rsquo;Acacia Thornveld<\/figcaption><\/figure><\/div>\n\n\n\n<h3 class=\"wp-block-heading\">M\u00e9t\u00e9o<\/h3>\n\n\n\n<p>Pendant la saison estivale, attendez-vous \u00e0 des temp\u00e9ratures d&rsquo;un minimum de 22\u00b0C et qui augmente jusqu&rsquo;au environ de 40\u00b0C, souvent d&rsquo;un climat chaud humide avec de nombreux orages spectaculaires. En revanche, pendant la saison hivernale, de basses temp\u00e9ratures sont ressenties la nuit et \u00e0 l&rsquo;aube pendant les mois d&rsquo;hiver, varient entre 12\u00b0C et 25\u00b0C.<\/p>\n\n\n\n<p>Nous vous conseillons de ramener des v\u00eatements chauds en cette saison, car il peut faire assez froid pendant les safaris, surtout \u00e0 l&rsquo;aube et le soir.<\/p>\n\n\n\n<h3 class=\"wp-block-heading\">Quand visiter<\/h3>\n\n\n\n<p>La meilleure p\u00e9riode pour profiter d&rsquo;une excellente observation des animaux \u00e0 la Sabi Sand Game Reserve est la saison s\u00e8che (de mars \u00e0 ao\u00fbt). Pendant cette p\u00e9riode, vous aurez une excellente visibilit\u00e9 gr\u00e2ce \u00e0 la diminution de la densit\u00e9 de la brousse ainsi que le manque d&rsquo;eau qui regroupent les animaux vers les points d&rsquo;eau.<\/p>\n\n\n\n<p>D&rsquo;une autre part, si vous visitez la r\u00e9serve entre septembre et f\u00e9vrier, vous aller assister \u00e0 plusieurs naissances de la faune et de la flore. L&rsquo;\u00e9t\u00e9 est aussi id\u00e9al pour une meilleure observation des oiseaux.<\/p>\n\n\n\n<h2 class=\"wp-block-heading\"><span class=\"ez-toc-section\" id=\"faq\"><\/span>FAQ <span class=\"ez-toc-section-end\"><\/span><\/h2>\n\n\n<div id=\"rank-math-faq\" class=\"rank-math-block\">\n<div class=\"rank-math-list \">\n<div id=\"faq-question-1632925681010\" class=\"rank-math-list-item\">\n<h3 class=\"rank-math-question \">O\u00f9 se trouve la r\u00e9serve de Sabi Sand ?<\/h3>\n<div class=\"rank-math-answer \">\n\n<p>La r\u00e9serve de Sabi Sand se trouve \u00e0 la limite sud-ouest non cl\u00f4tur\u00e9e du parc national Kruger.<\/p>\n\n<\/div>\n<\/div>\n<div id=\"faq-question-1632925687610\" class=\"rank-math-list-item\">\n<h3 class=\"rank-math-question \">Combien co\u00fbte l&rsquo;entr\u00e9e \u00e0 la r\u00e9serve de Sabi Sand ?<\/h3>\n<div class=\"rank-math-answer \">\n\n<p>L\u2019entr\u00e9e \u00e0 la Sabi Sand Game Reserve co\u00fbte 140 ZAR par personne (environ 8 euros) et 310 ZAR par voiture (environ 18 euros).<\/p>\n\n<\/div>\n<\/div>\n<div id=\"faq-question-1632925698560\" class=\"rank-math-list-item\">\n<h3 class=\"rank-math-question \">Quels animaux peut-on voir ?<\/h3>\n<div class=\"rank-math-answer \">\n\n<p>Dans la r\u00e9serve de Sabi Sand, vous pouvez voir tous les animaux embl\u00e9matiques d\u2019Afrique, \u00e0 savoir : les Big 5, les grands f\u00e9lins, les chiens sauvages, les hippopotames, les z\u00e8bres, les crocodiles, etc.<\/p>\n\n<\/div>\n<\/div>\n<\/div>\n<\/div>","protected":false},"excerpt":{"rendered":"<p>Situ\u00e9e \u00e0 la limite sud-ouest non cl\u00f4tur\u00e9e du parc national Kruger, la Game Reserve de Sabi Sand fait partie des r\u00e9serves embl\u00e9matiques de l&rsquo;Afrique du Sud. Cr\u00e9\u00e9e en 1948 par des locaux dans le but de conserver les divers animaux de la r\u00e9gion, la Sabi Sand Game Reserve, d&rsquo;une superficie de 65 000 hectares, abrite &#8230; <a title=\"Sabi Sand Game Reserve\" class=\"read-more\" href=\"https:\/\/mistersafari.com\/fr\/safari-afrique-du-sud\/parcs-reserves\/sabi-sand-game-reserve\/\" aria-label=\"En savoir plus sur Sabi Sand Game Reserve\">Lire la suite<\/a><\/p>\n","protected":false},"author":3,"featured_media":4650,"parent":1095,"menu_order":3,"comment_status":"closed","ping_status":"closed","template":"","meta":{"_acf_changed":false,"footnotes":""},"content_type":[],"country":[],"class_list":{"0":"post-4631","1":"page","2":"type-page","3":"status-publish","4":"has-post-thumbnail","6":"no-featured-image-padding"},"acf":{"hreflang":null},"_links":{"self":[{"href":"https:\/\/mistersafari.com\/fr\/wp-json\/wp\/v2\/pages\/4631","targetHints":{"allow":["GET"]}}],"collection":[{"href":"https:\/\/mistersafari.com\/fr\/wp-json\/wp\/v2\/pages"}],"about":[{"href":"https:\/\/mistersafari.com\/fr\/wp-json\/wp\/v2\/types\/page"}],"author":[{"embeddable":true,"href":"https:\/\/mistersafari.com\/fr\/wp-json\/wp\/v2\/users\/3"}],"replies":[{"embeddable":true,"href":"https:\/\/mistersafari.com\/fr\/wp-json\/wp\/v2\/comments?post=4631"}],"version-history":[{"count":55,"href":"https:\/\/mistersafari.com\/fr\/wp-json\/wp\/v2\/pages\/4631\/revisions"}],"predecessor-version":[{"id":4714,"href":"https:\/\/mistersafari.com\/fr\/wp-json\/wp\/v2\/pages\/4631\/revisions\/4714"}],"up":[{"embeddable":true,"href":"https:\/\/mistersafari.com\/fr\/wp-json\/wp\/v2\/pages\/1095"}],"wp:featuredmedia":[{"embeddable":true,"href":"https:\/\/mistersafari.com\/fr\/wp-json\/wp\/v2\/media\/4650"}],"wp:attachment":[{"href":"https:\/\/mistersafari.com\/fr\/wp-json\/wp\/v2\/media?parent=4631"}],"wp:term":[{"taxonomy":"content_type","embeddable":true,"href":"https:\/\/mistersafari.com\/fr\/wp-json\/wp\/v2\/content_type?post=4631"},{"taxonomy":"country","embeddable":true,"href":"https:\/\/mistersafari.com\/fr\/wp-json\/wp\/v2\/country?post=4631"}],"curies":[{"name":"wp","href":"https:\/\/api.w.org\/{rel}","templated":true}]}}