{"id":4582,"date":"2021-09-28T14:53:44","date_gmt":"2021-09-28T14:53:44","guid":{"rendered":"https:\/\/mistersafari.com\/fr\/?page_id=4582"},"modified":"2021-09-30T12:23:10","modified_gmt":"2021-09-30T12:23:10","slug":"reserve-malamala","status":"publish","type":"page","link":"https:\/\/mistersafari.com\/fr\/safari-afrique-du-sud\/parcs-reserves\/reserve-malamala\/","title":{"rendered":"R\u00e9serve de MalaMala"},"content":{"rendered":"\n<p>Depuis 1927, la r\u00e9serve de MalaMala accueille de nombreux animaux sauvages. Afin de les d\u00e9couvrir, prenez la direction de l\u2019Afrique du Sud pour un safari unique. Et surtout, n&rsquo;oubliez pas votre appareil photo. Cet espace naturel est, en effet, un petit paradis pour les photographes, amateurs ou aguerris.<\/p>\n\n\n<div id=\"ez-toc-container\" class=\"ez-toc-v2_0_76 counter-flat ez-toc-counter ez-toc-custom ez-toc-container-direction\">\n<div class=\"ez-toc-title-container\"><p class=\"ez-toc-title\" style=\"cursor:inherit\">Sommaire<\/p>\n<\/div><nav><ul class='ez-toc-list ez-toc-list-level-1 ' ><li class='ez-toc-page-1'><a class=\"ez-toc-link ez-toc-heading-1\" href=\"https:\/\/mistersafari.com\/fr\/safari-afrique-du-sud\/parcs-reserves\/reserve-malamala\/#pourquoi-se-rendre-a-la-reserve-a-la-reserve-de-malamala\" >Pourquoi se rendre \u00e0 la r\u00e9serve \u00e0 la r\u00e9serve de MalaMala ?<\/a><\/li><li class='ez-toc-page-1'><a class=\"ez-toc-link ez-toc-heading-2\" href=\"https:\/\/mistersafari.com\/fr\/safari-afrique-du-sud\/parcs-reserves\/reserve-malamala\/#comment-se-rendre-a-la-reserve-de-malamala\" >Comment se rendre \u00e0 la r\u00e9serve de MalaMala ?<\/a><\/li><li class='ez-toc-page-1'><a class=\"ez-toc-link ez-toc-heading-3\" href=\"https:\/\/mistersafari.com\/fr\/safari-afrique-du-sud\/parcs-reserves\/reserve-malamala\/#tarif-et-reglementation\" >Tarif et r\u00e9glementation<\/a><\/li><li class='ez-toc-page-1'><a class=\"ez-toc-link ez-toc-heading-4\" href=\"https:\/\/mistersafari.com\/fr\/safari-afrique-du-sud\/parcs-reserves\/reserve-malamala\/#ou-dormir-a-la-reserve-de-malamala\" >O\u00f9 dormir \u00e0 la r\u00e9serve de MalaMala<\/a><\/li><li class='ez-toc-page-1'><a class=\"ez-toc-link ez-toc-heading-5\" href=\"https:\/\/mistersafari.com\/fr\/safari-afrique-du-sud\/parcs-reserves\/reserve-malamala\/#malamala-game-reserve-autres-informations-pratiques\" >MalaMala Game Reserve : autres informations pratiques<\/a><\/li><li class='ez-toc-page-1'><a class=\"ez-toc-link ez-toc-heading-6\" href=\"https:\/\/mistersafari.com\/fr\/safari-afrique-du-sud\/parcs-reserves\/reserve-malamala\/#faq\" >FAQ<\/a><\/li><\/ul><\/nav><\/div>\n\n\n\n\n<h2 class=\"wp-block-heading\"><span class=\"ez-toc-section\" id=\"pourquoi-se-rendre-a-la-reserve-a-la-reserve-de-malamala\"><\/span>Pourquoi se rendre \u00e0 la r\u00e9serve \u00e0 la r\u00e9serve de MalaMala ?<span class=\"ez-toc-section-end\"><\/span><\/h2>\n\n\n\n<h3 class=\"wp-block-heading\">Une r\u00e9serve priv\u00e9e entre deux parcs naturels<\/h3>\n\n\n\n<p>MalaMala est une r\u00e9serve priv\u00e9e ind\u00e9pendante ayant ouvert en 1927. Sa particularit\u00e9, c\u2019est surtout sa position : elle est coinc\u00e9e entre deux parcs embl\u00e9matiques de l\u2019Afrique du Sud. En effet, la r\u00e9serve de MalaMala partage ses fronti\u00e8res avec le <a href=\"https:\/\/mistersafari.com\/fr\/safari-afrique-du-sud\/parcs-reserves\/parc-kruger\/\" data-type=\"page\" data-id=\"1113\">parc national Kruger<\/a> \u00e0 l&rsquo;est et la <a href=\"https:\/\/mistersafari.com\/fr\/safari-afrique-du-sud\/parcs-reserves\/sabi-sand-game-reserve\/\" data-type=\"page\" data-id=\"4631\">r\u00e9serve de Sabi Sand<\/a> tout autour.<\/p>\n\n\n\n<p>Sachez \u00e9galement qu\u2019il n\u2019y a pas de fronti\u00e8re entre ces diff\u00e9rents espaces. Elle accueille ainsi une grande vari\u00e9t\u00e9 d\u2019animaux qui se d\u00e9placent librement. Pour autant, l\u2019acc\u00e8s \u00e0 la MalaMala est exclusivement r\u00e9serv\u00e9 \u00e0 ses visiteurs. \u00c0 l\u2019inverse, la r\u00e9serve de Sabi Sand est ouverte, ce qui vous permet d\u2019y acc\u00e9der facilement pendant votre s\u00e9jour.<\/p>\n\n\n\n<h3 class=\"wp-block-heading\">La pr\u00e9sence des Big Five<\/h3>\n\n\n\n<p>Buffle, \u00e9l\u00e9phant, l\u00e9opard, lion et rhinoc\u00e9ros sont les grands pr\u00e9dateurs d\u2019Afrique. Commun\u00e9ment surnomm\u00e9s les <a href=\"https:\/\/mistersafari.com\/fr\/safari-afrique-du-sud\/big-five\/\" data-type=\"page\" data-id=\"1650\">Big Five<\/a>, ils sont tous pr\u00e9sents au sein de la r\u00e9serve de MalaMala. En particulier, les l\u00e9opards qui sont partout. Lors de votre safari, vous n\u2019aurez donc aucune difficult\u00e9 \u00e0 les trouver.<\/p>\n\n\n\n<p>Outre ces pr\u00e9dateurs, d\u2019autres mammif\u00e8res sont aussi pr\u00e9sents \u00e0 MalaMala. Par exemple, des girafes, des hippopotames, des z\u00e8bres, des hy\u00e8nes, et bien d\u2019autres.<\/p>\n\n\n\n<p>Pour les observer, il est pr\u00e9f\u00e9rable de partir avec un guide qui saura vous orienter vers les meilleurs spots, et ce, en toute s\u00e9curit\u00e9. Par ailleurs, il vous aidera \u00e0 sortir des sentiers battus pour approcher les animaux sauvages.<\/p>\n\n\n\n<div class=\"wp-block-image\"><figure class=\"aligncenter size-full\"><picture><source srcset=\"https:\/\/mistersafari.com\/fr\/wp-content\/uploads\/sites\/2\/leopard-malamala.webp 1200w,https:\/\/mistersafari.com\/fr\/wp-content\/uploads\/sites\/2\/leopard-malamala-300x201.webp 300w,https:\/\/mistersafari.com\/fr\/wp-content\/uploads\/sites\/2\/leopard-malamala-1024x685.webp 1024w,https:\/\/mistersafari.com\/fr\/wp-content\/uploads\/sites\/2\/leopard-malamala-768x514.webp 768w\" sizes=\"auto, (max-width: 1200px) 100vw, 1200px\" type=\"image\/webp\"><img src=\"https:\/\/mistersafari.com\/fr\/wp-content\/uploads\/sites\/2\/leopard-malamala.jpg\" height=\"803\" width=\"1200\" srcset=\"https:\/\/mistersafari.com\/fr\/wp-content\/uploads\/sites\/2\/leopard-malamala.jpg 1200w, https:\/\/mistersafari.com\/fr\/wp-content\/uploads\/sites\/2\/leopard-malamala-300x201.jpg 300w, https:\/\/mistersafari.com\/fr\/wp-content\/uploads\/sites\/2\/leopard-malamala-1024x685.jpg 1024w, https:\/\/mistersafari.com\/fr\/wp-content\/uploads\/sites\/2\/leopard-malamala-768x514.jpg 768w\" sizes=\"auto, (max-width: 1200px) 100vw, 1200px\" class=\"wp-image-4594 sp-no-webp\" alt=\"l\u00e9opard Mala Mala\" loading=\"lazy\" decoding=\"async\"  > <\/picture><\/figure><\/div>\n\n\n\n<h3 class=\"wp-block-heading\">Des safaris de jour comme de nuit<\/h3>\n\n\n\n<p>MalaMala Game Rerve est parfaite pour les aventuriers. Et pour cause, il est possible de r\u00e9aliser des excursions en safari le jour ou la nuit. C\u2019est l\u2019occasion d\u2019observer les animaux nocturnes et leur comportement dans un environnement diff\u00e9rent.<\/p>\n\n\n\n<h3 class=\"wp-block-heading\">La Sand River<\/h3>\n\n\n\n<p>La Sand River se dresse sur 20 kilom\u00e8tres, du nord au sud de la r\u00e9serve de MalaMala. Comme tous les points d\u2019eau, c\u2019est l\u2019un des spots \u00e0 privil\u00e9gier pour observer les animaux. Ils s\u2019y r\u00e9unissent tous pour s&rsquo;abreuver ou simplement se rafra\u00eechir.<\/p>\n\n\n\n<p>Au-del\u00e0 de la rivi\u00e8re, le parc vous offre d\u2019autres paysages exceptionnels. Et pour cause, MalaMala dispose d\u2019une v\u00e9g\u00e9tation vari\u00e9e ; savane bois\u00e9e, for\u00eat riveraine, bushveld d&rsquo;acacia, prairies ouvertes et affleurements rocheux.<\/p>\n\n\n\n<h3 class=\"wp-block-heading\">L\u2019exp\u00e9rience photographique<\/h3>\n\n\n\n<p>Faire un safari, c\u2019est aussi, et surtout, ramener des souvenirs \u00e0 la maison. Pour cela, votre appareil photo est votre meilleur alli\u00e9. Et gr\u00e2ce \u00e0 l\u2019exp\u00e9rience photographique, vous avez \u00e0 disposition un rail d&rsquo;appareil photo pour stabiliser votre cam\u00e9ra. En prime, un guide exp\u00e9riment\u00e9 vous accompagne. De par sa connaissance des animaux, il saura anticiper leurs comportements, et surtout, bien positionner le v\u00e9hicule pour une meilleure prise de vue.<\/p>\n\n\n\n<div class=\"wp-block-image\"><figure class=\"aligncenter size-full\"><picture><source srcset=\"https:\/\/mistersafari.com\/fr\/wp-content\/uploads\/sites\/2\/elephant-malamala.webp 900w,https:\/\/mistersafari.com\/fr\/wp-content\/uploads\/sites\/2\/elephant-malamala-225x300.webp 225w,https:\/\/mistersafari.com\/fr\/wp-content\/uploads\/sites\/2\/elephant-malamala-768x1024.webp 768w,https:\/\/mistersafari.com\/fr\/wp-content\/uploads\/sites\/2\/elephant-malamala-1152x1536.webp 1152w\" sizes=\"auto, (max-width: 900px) 100vw, 900px\" type=\"image\/webp\"><img src=\"https:\/\/mistersafari.com\/fr\/wp-content\/uploads\/sites\/2\/elephant-malamala.jpg\" height=\"1200\" width=\"900\" srcset=\"https:\/\/mistersafari.com\/fr\/wp-content\/uploads\/sites\/2\/elephant-malamala.jpg 900w, https:\/\/mistersafari.com\/fr\/wp-content\/uploads\/sites\/2\/elephant-malamala-225x300.jpg 225w, https:\/\/mistersafari.com\/fr\/wp-content\/uploads\/sites\/2\/elephant-malamala-768x1024.jpg 768w, https:\/\/mistersafari.com\/fr\/wp-content\/uploads\/sites\/2\/elephant-malamala-1152x1536.jpg 1152w\" sizes=\"auto, (max-width: 900px) 100vw, 900px\" class=\"wp-image-4595 sp-no-webp\" alt=\"\u00e9l\u00e9phant Mala Mala\" loading=\"lazy\" decoding=\"async\"  > <\/picture><\/figure><\/div>\n\n\n\n<h2 class=\"wp-block-heading\"><span class=\"ez-toc-section\" id=\"comment-se-rendre-a-la-reserve-de-malamala\"><\/span>Comment se rendre \u00e0 la r\u00e9serve de MalaMala ?<span class=\"ez-toc-section-end\"><\/span><\/h2>\n\n\n\n<p>MalaMala est situ\u00e9e au nord-est de l\u2019Afrique du Sud \u00e0 proximit\u00e9 de l\u2019a\u00e9roport de MalaMala. Autant dire qu\u2019il est tr\u00e8s simple de s\u2019y rendre.<\/p>\n\n\n\n<p>Ainsi, vous avez plusieurs options :<\/p>\n\n\n\n<ul class=\"wp-block-list\"><li>\u00e0 l\u2019a\u00e9roport de MalaMala : un avion de F\u00e9d\u00e9ral Airlines effectue les trajets entre Johannesburg et MalaMala. La piste d&rsquo;atterrissage est alors \u00e0 10 minutes des camps;<\/li><li>\u00e0 l\u2019a\u00e9roport de Kruger national park : c\u2019est la ligne Airlink qu\u2019il faudra emprunter depuis les villes de Cape Town, Johannesburg et Skukuza<\/li><li>par la route : il faut pr\u00e9voir 6 heures depuis Johannesburg.<\/li><\/ul>\n\n\n\n<p>Naturellement, nous vous conseillons de privil\u00e9gier les voyages en avion pour vous y rendre.<\/p>\n\n\n\n<h2 class=\"wp-block-heading\"><span class=\"ez-toc-section\" id=\"tarif-et-reglementation\"><\/span>Tarif et r\u00e9glementation<span class=\"ez-toc-section-end\"><\/span><\/h2>\n\n\n\n<h3 class=\"wp-block-heading\">Tarif<\/h3>\n\n\n\n<p>L\u2019entr\u00e9e \u00e0 la r\u00e9serve est de 15 $ par jour et par personne. N\u00e9anmoins, en fonction des offres d\u2019h\u00e9bergement ou des activit\u00e9s, votre budget voyage peut fortement varier. Par exemple, si vous choisissez l\u2019exp\u00e9rience photographique, il faudra pr\u00e9voir 770 $ US par jour. Quant aux h\u00e9bergements, les tarifs des chambres varient entre 500 et 2 000 $ US la nuit.<\/p>\n\n\n\n<h3 class=\"wp-block-heading\">R\u00e9glementation<\/h3>\n\n\n\n<p>Il n\u2019est pas possible de faire un safari dans la r\u00e9serve de MalaMala avec son propre v\u00e9hicule. Pour vous d\u00e9placer, il faudra donc louer un 4*4 et recourir aux comp\u00e9tences d\u2019un guide. Ces exigences sont en partie dues \u00e0 la pr\u00e9sence des nombreux pr\u00e9dateurs dans cet espace naturel.<\/p>\n\n\n\n<p>Par ailleurs, l\u2019usage des t\u00e9l\u00e9phones est strictement limit\u00e9 \u00e0 la photo. Pendant votre safari, il ne sera donc pas possible de passer des appels ou de vous connecter \u00e0 internet. En revanche, vous pourrez vous connecter en toute libert\u00e9 une fois \u00e0 votre h\u00f4tel.<\/p>\n\n\n\n<div class=\"wp-block-image\"><figure class=\"aligncenter size-full\"><picture><source srcset=\"https:\/\/mistersafari.com\/fr\/wp-content\/uploads\/sites\/2\/safari-malamala.webp 1200w,https:\/\/mistersafari.com\/fr\/wp-content\/uploads\/sites\/2\/safari-malamala-300x193.webp 300w,https:\/\/mistersafari.com\/fr\/wp-content\/uploads\/sites\/2\/safari-malamala-1024x657.webp 1024w,https:\/\/mistersafari.com\/fr\/wp-content\/uploads\/sites\/2\/safari-malamala-768x493.webp 768w\" sizes=\"auto, (max-width: 1200px) 100vw, 1200px\" type=\"image\/webp\"><img src=\"https:\/\/mistersafari.com\/fr\/wp-content\/uploads\/sites\/2\/safari-malamala.jpg\" height=\"770\" width=\"1200\" srcset=\"https:\/\/mistersafari.com\/fr\/wp-content\/uploads\/sites\/2\/safari-malamala.jpg 1200w, https:\/\/mistersafari.com\/fr\/wp-content\/uploads\/sites\/2\/safari-malamala-300x193.jpg 300w, https:\/\/mistersafari.com\/fr\/wp-content\/uploads\/sites\/2\/safari-malamala-1024x657.jpg 1024w, https:\/\/mistersafari.com\/fr\/wp-content\/uploads\/sites\/2\/safari-malamala-768x493.jpg 768w\" sizes=\"auto, (max-width: 1200px) 100vw, 1200px\" class=\"wp-image-4596 sp-no-webp\" alt=\"safari dans la MalaMala Game Reserve\" loading=\"lazy\" decoding=\"async\"  > <\/picture><\/figure><\/div>\n\n\n\n<h2 class=\"wp-block-heading\"><span class=\"ez-toc-section\" id=\"ou-dormir-a-la-reserve-de-malamala\"><\/span>O\u00f9 dormir \u00e0 la r\u00e9serve de MalaMala<span class=\"ez-toc-section-end\"><\/span><\/h2>\n\n\n\n<p>En tant que r\u00e9serve priv\u00e9e, la r\u00e9serve de MalaMala est plut\u00f4t destin\u00e9e \u00e0 une client\u00e8le de luxe. Et cela se retrouve notamment dans les h\u00e9bergements de MalaMala. Il existe seulement 3 possibilit\u00e9s de lodges, mais ils sont tous haut de gamme :<\/p>\n\n\n\n<ul class=\"wp-block-list\"><li>MalaMala Retray camp : en pleine for\u00eat, vous dormirez dans un h\u00e9bergement de luxe avec piscine, salle de fitness et chambre tout confort.<\/li><li>MalaMala sable camp : au sud de MalaMala, ce logement intimiste vous permettra de vous reconnecter \u00e0 la nature.<\/li><li>MalaMala camp : ce camp vous offre une vue imprenable sur la rivi\u00e8re Sand. C\u2019est l\u2019endroit id\u00e9al pour admirer les animaux.<\/li><\/ul>\n\n\n\n<h2 class=\"wp-block-heading\"><span class=\"ez-toc-section\" id=\"malamala-game-reserve-autres-informations-pratiques\"><\/span>MalaMala Game Reserve : autres informations pratiques<span class=\"ez-toc-section-end\"><\/span><\/h2>\n\n\n\n<p>La meilleure p\u00e9riode pour se rendre \u00e0 la r\u00e9serve de MalaMala est sans contexte la saison entre mai et septembre. \u00c0 cette p\u00e9riode de l\u2019ann\u00e9e, c\u2019est l\u2019hiver en <a href=\"https:\/\/mistersafari.com\/fr\/safari-afrique-du-sud\/quand-partir\/\" data-type=\"page\" data-id=\"1169\">Afrique du Sud<\/a>. Les temp\u00e9ratures sont alors s\u00e8ches et douces. Cependant, pensez \u00e0 prendre une veste chaude, car les temp\u00e9ratures chutent drastiquement \u00e0 la nuit tomb\u00e9e. De plus, les matin\u00e9es sont encore fra\u00eeches \u00e0 MalaMala.<\/p>\n\n\n\n<p>L\u2019avantage de cette saison est \u00e9videmment la s\u00e9cheresse. Et pour cause, du fait du manque d\u2019eau, tous les animaux se regroupent autour de la Sand River. C\u2019est donc plus facile de bien les observer.<\/p>\n\n\n\n<div class=\"wp-block-image\"><figure class=\"aligncenter size-full\"><picture><source srcset=\"https:\/\/mistersafari.com\/fr\/wp-content\/uploads\/sites\/2\/lions-malamala.webp 1200w,https:\/\/mistersafari.com\/fr\/wp-content\/uploads\/sites\/2\/lions-malamala-300x223.webp 300w,https:\/\/mistersafari.com\/fr\/wp-content\/uploads\/sites\/2\/lions-malamala-1024x762.webp 1024w,https:\/\/mistersafari.com\/fr\/wp-content\/uploads\/sites\/2\/lions-malamala-768x572.webp 768w\" sizes=\"auto, (max-width: 1200px) 100vw, 1200px\" type=\"image\/webp\"><img src=\"https:\/\/mistersafari.com\/fr\/wp-content\/uploads\/sites\/2\/lions-malamala.jpg\" height=\"893\" width=\"1200\" srcset=\"https:\/\/mistersafari.com\/fr\/wp-content\/uploads\/sites\/2\/lions-malamala.jpg 1200w, https:\/\/mistersafari.com\/fr\/wp-content\/uploads\/sites\/2\/lions-malamala-300x223.jpg 300w, https:\/\/mistersafari.com\/fr\/wp-content\/uploads\/sites\/2\/lions-malamala-1024x762.jpg 1024w, https:\/\/mistersafari.com\/fr\/wp-content\/uploads\/sites\/2\/lions-malamala-768x572.jpg 768w\" sizes=\"auto, (max-width: 1200px) 100vw, 1200px\" class=\"wp-image-4597 sp-no-webp\" alt=\"Lions au Mala Mala \" loading=\"lazy\" decoding=\"async\"  > <\/picture><\/figure><\/div>\n\n\n\n<p>\u00c0 l\u2019inverse, les mois entre octobre et avril constituent la saison humide. Pendant cette p\u00e9riode, la v\u00e9g\u00e9tation y est luxuriante. Les paysages sont alors magnifiques, mais les animaux sauvages sont plus difficiles \u00e0 observer.<\/p>\n\n\n\n<p>Pour admirer l\u2019int\u00e9gralit\u00e9 des animaux de la r\u00e9serve, nous vous conseillons d\u2019y aller pour un minimum de 2 jours.<\/p>\n\n\n\n<h2 class=\"wp-block-heading\"><span class=\"ez-toc-section\" id=\"faq\"><\/span>FAQ <span class=\"ez-toc-section-end\"><\/span><\/h2>\n\n\n<div id=\"rank-math-faq\" class=\"rank-math-block\">\n<div class=\"rank-math-list \">\n<div id=\"faq-question-1632839536233\" class=\"rank-math-list-item\">\n<h3 class=\"rank-math-question \">O\u00f9 se trouve la r\u00e9serve de MalaMala ?<\/h3>\n<div class=\"rank-math-answer \">\n\n<p>La r\u00e9serve de MalaMala se trouve au nord-est de l&rsquo;Afrique du Sud.<\/p>\n\n<\/div>\n<\/div>\n<div id=\"faq-question-1632839554624\" class=\"rank-math-list-item\">\n<h3 class=\"rank-math-question \">Combien co\u00fbte l&rsquo;entr\u00e9e \u00e0 la r\u00e9serve de MalaMala ?<\/h3>\n<div class=\"rank-math-answer \">\n\n<p>L\u2019entr\u00e9e \u00e0 MalaMala est de 15 $ par jour et par personne.<\/p>\n\n<\/div>\n<\/div>\n<div id=\"faq-question-1632839564832\" class=\"rank-math-list-item\">\n<h3 class=\"rank-math-question \">Quels animaux peut-on voir ?<\/h3>\n<div class=\"rank-math-answer \">\n\n<p>Outre les Big Fives, il est possible de voir des z\u00e8bres, des hippopotames, des girafes, des chiens sauvages, etc.<\/p>\n\n<\/div>\n<\/div>\n<\/div>\n<\/div>","protected":false},"excerpt":{"rendered":"<p>Depuis 1927, la r\u00e9serve de MalaMala accueille de nombreux animaux sauvages. Afin de les d\u00e9couvrir, prenez la direction de l\u2019Afrique du Sud pour un safari unique. Et surtout, n&rsquo;oubliez pas votre appareil photo. Cet espace naturel est, en effet, un petit paradis pour les photographes, amateurs ou aguerris. Pourquoi se rendre \u00e0 la r\u00e9serve \u00e0 &#8230; <a title=\"R\u00e9serve de MalaMala\" class=\"read-more\" href=\"https:\/\/mistersafari.com\/fr\/safari-afrique-du-sud\/parcs-reserves\/reserve-malamala\/\" aria-label=\"En savoir plus sur R\u00e9serve de MalaMala\">Lire la suite<\/a><\/p>\n","protected":false},"author":3,"featured_media":4607,"parent":1095,"menu_order":2,"comment_status":"closed","ping_status":"closed","template":"","meta":{"_acf_changed":false,"footnotes":""},"content_type":[],"country":[],"class_list":{"0":"post-4582","1":"page","2":"type-page","3":"status-publish","4":"has-post-thumbnail","6":"no-featured-image-padding"},"acf":{"hreflang":null},"_links":{"self":[{"href":"https:\/\/mistersafari.com\/fr\/wp-json\/wp\/v2\/pages\/4582","targetHints":{"allow":["GET"]}}],"collection":[{"href":"https:\/\/mistersafari.com\/fr\/wp-json\/wp\/v2\/pages"}],"about":[{"href":"https:\/\/mistersafari.com\/fr\/wp-json\/wp\/v2\/types\/page"}],"author":[{"embeddable":true,"href":"https:\/\/mistersafari.com\/fr\/wp-json\/wp\/v2\/users\/3"}],"replies":[{"embeddable":true,"href":"https:\/\/mistersafari.com\/fr\/wp-json\/wp\/v2\/comments?post=4582"}],"version-history":[{"count":17,"href":"https:\/\/mistersafari.com\/fr\/wp-json\/wp\/v2\/pages\/4582\/revisions"}],"predecessor-version":[{"id":4711,"href":"https:\/\/mistersafari.com\/fr\/wp-json\/wp\/v2\/pages\/4582\/revisions\/4711"}],"up":[{"embeddable":true,"href":"https:\/\/mistersafari.com\/fr\/wp-json\/wp\/v2\/pages\/1095"}],"wp:featuredmedia":[{"embeddable":true,"href":"https:\/\/mistersafari.com\/fr\/wp-json\/wp\/v2\/media\/4607"}],"wp:attachment":[{"href":"https:\/\/mistersafari.com\/fr\/wp-json\/wp\/v2\/media?parent=4582"}],"wp:term":[{"taxonomy":"content_type","embeddable":true,"href":"https:\/\/mistersafari.com\/fr\/wp-json\/wp\/v2\/content_type?post=4582"},{"taxonomy":"country","embeddable":true,"href":"https:\/\/mistersafari.com\/fr\/wp-json\/wp\/v2\/country?post=4582"}],"curies":[{"name":"wp","href":"https:\/\/api.w.org\/{rel}","templated":true}]}}