{"id":4557,"date":"2021-09-28T09:10:36","date_gmt":"2021-09-28T09:10:36","guid":{"rendered":"https:\/\/mistersafari.com\/fr\/?page_id=4557"},"modified":"2021-09-30T12:24:18","modified_gmt":"2021-09-30T12:24:18","slug":"djuma-game-reserve","status":"publish","type":"page","link":"https:\/\/mistersafari.com\/fr\/safari-afrique-du-sud\/parcs-reserves\/djuma-game-reserve\/","title":{"rendered":"Djuma Game reserve"},"content":{"rendered":"\n<p>Un safari luxueux, intime et riche, c&rsquo;est ce que vous offre la Djuma Game Reserve. Situ\u00e9e \u00e0 l&rsquo;Est de l&rsquo;Afrique du Sud, bordant le plus grand parc naturel du pays (<a href=\"https:\/\/mistersafari.com\/fr\/safari-afrique-du-sud\/parcs-reserves\/parc-kruger\/\">Kruger<\/a>), cette r\u00e9serve priv\u00e9e propose des s\u00e9jours tout inclus avec logement, chef cuisinier priv\u00e9 et game drives. D\u00e9couvrez-en plus sur la R\u00e9serve de Djuma gr\u00e2ce \u00e0 notre guide.<\/p>\n\n\n<div id=\"ez-toc-container\" class=\"ez-toc-v2_0_76 counter-flat ez-toc-counter ez-toc-custom ez-toc-container-direction\">\n<div class=\"ez-toc-title-container\"><p class=\"ez-toc-title\" style=\"cursor:inherit\">Sommaire<\/p>\n<\/div><nav><ul class='ez-toc-list ez-toc-list-level-1 ' ><li class='ez-toc-page-1'><a class=\"ez-toc-link ez-toc-heading-1\" href=\"https:\/\/mistersafari.com\/fr\/safari-afrique-du-sud\/parcs-reserves\/djuma-game-reserve\/#pourquoi-se-rendre-a-la-djuma-game-reserve\" >Pourquoi se rendre \u00e0 la Djuma Game Reserve ?<\/a><\/li><li class='ez-toc-page-1'><a class=\"ez-toc-link ez-toc-heading-2\" href=\"https:\/\/mistersafari.com\/fr\/safari-afrique-du-sud\/parcs-reserves\/djuma-game-reserve\/#comment-se-rendre-a-la-djumba-game-reserve\" >Comment se rendre \u00e0 la Djumba Game Reserve ?<\/a><\/li><li class='ez-toc-page-1'><a class=\"ez-toc-link ez-toc-heading-3\" href=\"https:\/\/mistersafari.com\/fr\/safari-afrique-du-sud\/parcs-reserves\/djuma-game-reserve\/#tarif-et-reglementation\" >Tarif et r\u00e9glementation<\/a><\/li><li class='ez-toc-page-1'><a class=\"ez-toc-link ez-toc-heading-4\" href=\"https:\/\/mistersafari.com\/fr\/safari-afrique-du-sud\/parcs-reserves\/djuma-game-reserve\/#ou-dormir-a-la-djuma-game-reserve\" >O\u00f9 dormir \u00e0 la Djuma Game Reserve ?<\/a><\/li><li class='ez-toc-page-1'><a class=\"ez-toc-link ez-toc-heading-5\" href=\"https:\/\/mistersafari.com\/fr\/safari-afrique-du-sud\/parcs-reserves\/djuma-game-reserve\/#douma-game-reserve-autres-informations-pratiques\" >Douma Game Reserve : autres informations pratiques<\/a><\/li><li class='ez-toc-page-1'><a class=\"ez-toc-link ez-toc-heading-6\" href=\"https:\/\/mistersafari.com\/fr\/safari-afrique-du-sud\/parcs-reserves\/djuma-game-reserve\/#faq\" >FAQ<\/a><\/li><\/ul><\/nav><\/div>\n\n\n\n\n<h2 class=\"wp-block-heading\"><span class=\"ez-toc-section\" id=\"pourquoi-se-rendre-a-la-djuma-game-reserve\"><\/span>Pourquoi se rendre \u00e0 la Djuma Game Reserve ?<span class=\"ez-toc-section-end\"><\/span><\/h2>\n\n\n\n<h3 class=\"wp-block-heading\">Un safari dans la R\u00e9serve de Djuma<\/h3>\n\n\n\n<p>La R\u00e9serve priv\u00e9e de Djuma se situe au c\u0153ur de la c\u00e9l\u00e8bre <a href=\"https:\/\/mistersafari.com\/fr\/safari-afrique-du-sud\/parcs-reserves\/sabi-sand-game-reserve\/\" data-type=\"page\" data-id=\"4631\">R\u00e9serve Sabi Sand<\/a>. Tout comme le <a href=\"https:\/\/mistersafari.com\/fr\/safari-afrique-du-sud\/parcs-reserves\/parc-kruger\/\">Parc National Kruger<\/a> qu&rsquo;elle longe, cette derni\u00e8re est r\u00e9put\u00e9e pour sa densit\u00e9 d&rsquo;<a href=\"https:\/\/mistersafari.com\/fr\/safari-afrique-du-sud\/animaux\/\">animaux sauvages<\/a>. Aucune cl\u00f4ture ne s\u00e9pare ce vaste \u00e9cosyst\u00e8me, permettant ainsi \u00e0 la faune de sillonner \u00e0 travers ces \u00e9tendues.<\/p>\n\n\n\n<p>Cr\u00e9\u00e9e en 1993, la Djuma Game Reserve est une r\u00e9serve luxueuse qui offre \u00e0 ses visiteurs une exp\u00e9rience dans une nature sauvage et pr\u00e9serv\u00e9e.<\/p>\n\n\n\n<p>Lors d&rsquo;un safari \u00e0 la Djuma Game Reserve, vous avez la garantie de rencontrer le Big Five : lion, \u00e9l\u00e9phant, buffle, l\u00e9opard et rhinoc\u00e9ros. Sont aussi pr\u00e9sents des gu\u00e9pards, des hippopotames, des hy\u00e8nes, plusieurs races d&rsquo;antilopes, de nombreux oiseaux, reptiles et insectes.<\/p>\n\n\n\n<div class=\"wp-block-image\"><figure class=\"aligncenter size-full\"><picture><source srcset=\"https:\/\/mistersafari.com\/fr\/wp-content\/uploads\/sites\/2\/Alcelaphus-caama-dijuma.webp 1200w,https:\/\/mistersafari.com\/fr\/wp-content\/uploads\/sites\/2\/Alcelaphus-caama-dijuma-300x169.webp 300w,https:\/\/mistersafari.com\/fr\/wp-content\/uploads\/sites\/2\/Alcelaphus-caama-dijuma-1024x576.webp 1024w,https:\/\/mistersafari.com\/fr\/wp-content\/uploads\/sites\/2\/Alcelaphus-caama-dijuma-768x432.webp 768w\" sizes=\"auto, (max-width: 1200px) 100vw, 1200px\" type=\"image\/webp\"><img src=\"https:\/\/mistersafari.com\/fr\/wp-content\/uploads\/sites\/2\/Alcelaphus-caama-dijuma.jpg\" height=\"675\" width=\"1200\" srcset=\"https:\/\/mistersafari.com\/fr\/wp-content\/uploads\/sites\/2\/Alcelaphus-caama-dijuma.jpg 1200w, https:\/\/mistersafari.com\/fr\/wp-content\/uploads\/sites\/2\/Alcelaphus-caama-dijuma-300x169.jpg 300w, https:\/\/mistersafari.com\/fr\/wp-content\/uploads\/sites\/2\/Alcelaphus-caama-dijuma-1024x576.jpg 1024w, https:\/\/mistersafari.com\/fr\/wp-content\/uploads\/sites\/2\/Alcelaphus-caama-dijuma-768x432.jpg 768w\" sizes=\"auto, (max-width: 1200px) 100vw, 1200px\" class=\"wp-image-4564 sp-no-webp\" alt=\"Alcelaphus caama \" loading=\"lazy\" decoding=\"async\"  > <\/picture><figcaption>Alcelaphus caama de l&rsquo;Afrique du sud<\/figcaption><\/figure><\/div>\n\n\n\n<p>Des game drives sont organis\u00e9s le matin et en fin de journ\u00e9e vous permettant d&rsquo;observer toutes sortes d&rsquo;animaux, y compris des animaux nocturnes comme des porcs-\u00e9pics ou encore des galagos qui apparaissent \u00e0 la tomb\u00e9e de la nuit. Les guides de la Djuma Game Reserve sont des experts de la savane et partageront avec vous toutes leurs connaissances sur la faune et la flore africaines.<\/p>\n\n\n\n<h3 class=\"wp-block-heading\">Les autres activit\u00e9s<\/h3>\n\n\n\n<p>Djuma Game Reserve est clairement tourn\u00e9e vers des safaris de qualit\u00e9. \u00c0 proximit\u00e9, vous pourrez continuer votre visite de la R\u00e9serve Sabi Sand ou rejoindre le <a href=\"https:\/\/mistersafari.com\/fr\/safari-afrique-du-sud\/parcs-reserves\/parc-kruger\/\">Parc National Kruger<\/a>.<\/p>\n\n\n\n<h2 class=\"wp-block-heading\"><span class=\"ez-toc-section\" id=\"comment-se-rendre-a-la-djumba-game-reserve\"><\/span>Comment se rendre \u00e0 la Djumba Game Reserve ?<span class=\"ez-toc-section-end\"><\/span><\/h2>\n\n\n\n<p>La R\u00e9serve de Djuma se situe \u00e0 environ 5 heures de route depuis Johannesburg. Vous pouvez choisir de rejoindre la r\u00e9serve par avion en atterrissant \u00e0 l&rsquo;a\u00e9roport d&rsquo;Hoedspruit (Eastgate) ou l&rsquo;a\u00e9roport international de Kruger. Une voiture de location sera ensuite n\u00e9cessaire pour rejoindre la r\u00e9serve.<\/p>\n\n\n\n<p>Ensuite, l&rsquo;entr\u00e9e de la R\u00e9serve de Sabi Sand se fait par la porte Gowrie. Elle est ouverte de 5h \u00e0 22h. Les deux lodges se trouvent \u00e0 environ 2km de la porte.<\/p>\n\n\n\n<h2 class=\"wp-block-heading\"><span class=\"ez-toc-section\" id=\"tarif-et-reglementation\"><\/span>Tarif et r\u00e9glementation<span class=\"ez-toc-section-end\"><\/span><\/h2>\n\n\n\n<h3 class=\"wp-block-heading\">Tarif<\/h3>\n\n\n\n<p>Les tarifs d\u2019entr\u00e9e de Djuma Game Reserve sont applicables par personne et par s\u00e9jour et s\u2019ajoutent au prix du logement :<\/p>\n\n\n\n<ul class=\"wp-block-list\"><li>R140 par personne ;<\/li><li>R310 pour un v\u00e9hicule l\u00e9ger.<\/li><\/ul>\n\n\n\n<h3 class=\"wp-block-heading\">R\u00e9glementation<\/h3>\n\n\n\n<p>La Djuma Game Reserve est une zone de conservation priv\u00e9e et prot\u00e9g\u00e9e. Vous devrez donc respecter la r\u00e9glementation, c&rsquo;est-\u00e0-dire respecter la faune et la flore, le code de conduite au sein de la r\u00e9serve et les r\u00e8gles de s\u00e9curit\u00e9.<\/p>\n\n\n\n<h2 class=\"wp-block-heading\"><span class=\"ez-toc-section\" id=\"ou-dormir-a-la-djuma-game-reserve\"><\/span>O\u00f9 dormir \u00e0 la Djuma Game Reserve ?<span class=\"ez-toc-section-end\"><\/span><\/h2>\n\n\n\n<p>Lors de votre s\u00e9jour dans la R\u00e9serve de Djuma Game, vous pourrez choisir entre le Galago Camp ou le Vuyatela Lodge. Chacun de ces h\u00e9bergements priv\u00e9s peut accueillir jusqu&rsquo;\u00e0 10 personnes. Surplombant un point d&rsquo;eau, c&rsquo;est un lieu id\u00e9al pour pouvoir observer la faune venue s&rsquo;abreuver, depuis le confort de votre g\u00eete. La location est de 3 nuits minimum. Le Vuyatela Lodge est un h\u00e9bergement luxueux et inclut les services d&rsquo;un cuisinier priv\u00e9.<\/p>\n\n\n\n<div class=\"wp-block-image\"><figure class=\"aligncenter size-full\"><picture><source srcset=\"https:\/\/mistersafari.com\/fr\/wp-content\/uploads\/sites\/2\/elephants-dijuma.webp 1200w,https:\/\/mistersafari.com\/fr\/wp-content\/uploads\/sites\/2\/elephants-dijuma-300x200.webp 300w,https:\/\/mistersafari.com\/fr\/wp-content\/uploads\/sites\/2\/elephants-dijuma-1024x683.webp 1024w,https:\/\/mistersafari.com\/fr\/wp-content\/uploads\/sites\/2\/elephants-dijuma-768x512.webp 768w\" sizes=\"auto, (max-width: 1200px) 100vw, 1200px\" type=\"image\/webp\"><img src=\"https:\/\/mistersafari.com\/fr\/wp-content\/uploads\/sites\/2\/elephants-dijuma.jpg\" height=\"800\" width=\"1200\" srcset=\"https:\/\/mistersafari.com\/fr\/wp-content\/uploads\/sites\/2\/elephants-dijuma.jpg 1200w, https:\/\/mistersafari.com\/fr\/wp-content\/uploads\/sites\/2\/elephants-dijuma-300x200.jpg 300w, https:\/\/mistersafari.com\/fr\/wp-content\/uploads\/sites\/2\/elephants-dijuma-1024x683.jpg 1024w, https:\/\/mistersafari.com\/fr\/wp-content\/uploads\/sites\/2\/elephants-dijuma-768x512.jpg 768w\" sizes=\"auto, (max-width: 1200px) 100vw, 1200px\" class=\"wp-image-4566 sp-no-webp\" alt=\"\u00e9l\u00e9phants Dijuma\" loading=\"lazy\" decoding=\"async\"  > <\/picture><\/figure><\/div>\n\n\n\n<h2 class=\"wp-block-heading\"><span class=\"ez-toc-section\" id=\"douma-game-reserve-autres-informations-pratiques\"><\/span>Douma Game Reserve : autres informations pratiques<span class=\"ez-toc-section-end\"><\/span><\/h2>\n\n\n\n<h3 class=\"wp-block-heading\">G\u00e9ographie<\/h3>\n\n\n\n<p>La R\u00e9serve de Djuma s&rsquo;\u00e9tend sur 7000 hectares au c\u0153ur de la R\u00e9serve Sabi Sand. Elle se situe \u00e0 l&rsquo;Est de l&rsquo;Afrique du Sud, le long du c\u00e9l\u00e8bre <a href=\"https:\/\/mistersafari.com\/fr\/safari-afrique-du-sud\/parcs-reserves\/parc-kruger\/\">Parc National Kruger<\/a>.<\/p>\n\n\n\n<p>Les paysages sont vari\u00e9s et regroupent des plaines vallonn\u00e9es, des for\u00eats mais aussi des zones plus humides avec des rivi\u00e8res et des ruisseaux offrant aux animaux de nombreuses zones pour se d\u00e9salt\u00e9rer. Elle b\u00e9n\u00e9ficie d&rsquo;un \u00e9cosyst\u00e8me particuli\u00e8rement riche.<\/p>\n\n\n\n<h3 class=\"wp-block-heading\">M\u00e9t\u00e9o<\/h3>\n\n\n\n<p>Djuma Game Reserve conna\u00eet deux principales saisons. L&rsquo;hiver de mai \u00e0 octobre est la saison s\u00e8che. Il n&rsquo;y a pas ou tr\u00e8s peu de pluies, les temp\u00e9ratures varient entre 5 et 25\u00b0C. Pendant l&rsquo;\u00e9t\u00e9 de novembre \u00e0 avril, le climat est humide avec de nombreux orages et pluies fortes. Les temp\u00e9ratures grimpent jusqu&rsquo;\u00e0 35\u00b0C.<\/p>\n\n\n\n<h3 class=\"wp-block-heading\">Quand visiter<\/h3>\n\n\n\n<p>D&rsquo;une mani\u00e8re g\u00e9n\u00e9rale, l&rsquo;hiver est la meilleure p\u00e9riode pour un safari dans la Djuma Game Reserve. Le climat est agr\u00e9able. Le bush est sec et ras, facilitant l&rsquo;observation des animaux. Pendant l&rsquo;\u00e9t\u00e9, le paysage reste magnifique, vert et luxuriant. L&rsquo;observation des oiseaux est id\u00e9ale pendant cette p\u00e9riode.<\/p>\n\n\n\n<h2 class=\"wp-block-heading\"><span class=\"ez-toc-section\" id=\"faq\"><\/span>FAQ<span class=\"ez-toc-section-end\"><\/span><\/h2>\n\n\n<div id=\"rank-math-faq\" class=\"rank-math-block\">\n<div class=\"rank-math-list \">\n<div id=\"faq-question-1632814976409\" class=\"rank-math-list-item\">\n<h3 class=\"rank-math-question \">O\u00f9 se trouve la Djuma Game Reserve ?<\/h3>\n<div class=\"rank-math-answer \">\n\n<p>La Djuma Game Reserve se situe \u00e0 l&rsquo;Est de l&rsquo;Afrique du Sud. Plus pr\u00e9cis\u00e9ment, elle se trouve dans la R\u00e9serve de Sabi Sand, le long du Parc National Kruger.<\/p>\n\n<\/div>\n<\/div>\n<div id=\"faq-question-1632814983891\" class=\"rank-math-list-item\">\n<h3 class=\"rank-math-question \">Combien co\u00fbte l&rsquo;entr\u00e9e \u00e0 la Djuma Game Reserve ?<\/h3>\n<div class=\"rank-math-answer \">\n\n<p>L&rsquo;entr\u00e9e de la Djuma Game Reserve co\u00fbte R140 par personne et R310 par v\u00e9hicule l\u00e9ger. A cela, il faudra ajouter le prix de l&rsquo;h\u00e9bergement dans l&rsquo;un des lodges de la Djuma Game Reserve.<\/p>\n\n<\/div>\n<\/div>\n<div id=\"faq-question-1632814994401\" class=\"rank-math-list-item\">\n<h3 class=\"rank-math-question \">Quels animaux peut-on voir ?<\/h3>\n<div class=\"rank-math-answer \">\n\n<p>Tous les animaux embl\u00e9matiques d&rsquo;Afrique sont pr\u00e9sents dans la Djuma Game Reserve : le Big Five, mais aussi hippopotames, gu\u00e9pards, giraffes, hy\u00e8nes, de nombreux oiseaux, des reptiles, &#8230;<\/p>\n\n<\/div>\n<\/div>\n<\/div>\n<\/div>","protected":false},"excerpt":{"rendered":"<p>Un safari luxueux, intime et riche, c&rsquo;est ce que vous offre la Djuma Game Reserve. Situ\u00e9e \u00e0 l&rsquo;Est de l&rsquo;Afrique du Sud, bordant le plus grand parc naturel du pays (Kruger), cette r\u00e9serve priv\u00e9e propose des s\u00e9jours tout inclus avec logement, chef cuisinier priv\u00e9 et game drives. D\u00e9couvrez-en plus sur la R\u00e9serve de Djuma gr\u00e2ce &#8230; <a title=\"Djuma Game reserve\" class=\"read-more\" href=\"https:\/\/mistersafari.com\/fr\/safari-afrique-du-sud\/parcs-reserves\/djuma-game-reserve\/\" aria-label=\"En savoir plus sur Djuma Game reserve\">Lire la suite<\/a><\/p>\n","protected":false},"author":3,"featured_media":4577,"parent":1095,"menu_order":6,"comment_status":"closed","ping_status":"closed","template":"","meta":{"_acf_changed":false,"footnotes":""},"content_type":[],"country":[],"class_list":{"0":"post-4557","1":"page","2":"type-page","3":"status-publish","4":"has-post-thumbnail","6":"no-featured-image-padding"},"acf":{"hreflang":null},"_links":{"self":[{"href":"https:\/\/mistersafari.com\/fr\/wp-json\/wp\/v2\/pages\/4557","targetHints":{"allow":["GET"]}}],"collection":[{"href":"https:\/\/mistersafari.com\/fr\/wp-json\/wp\/v2\/pages"}],"about":[{"href":"https:\/\/mistersafari.com\/fr\/wp-json\/wp\/v2\/types\/page"}],"author":[{"embeddable":true,"href":"https:\/\/mistersafari.com\/fr\/wp-json\/wp\/v2\/users\/3"}],"replies":[{"embeddable":true,"href":"https:\/\/mistersafari.com\/fr\/wp-json\/wp\/v2\/comments?post=4557"}],"version-history":[{"count":12,"href":"https:\/\/mistersafari.com\/fr\/wp-json\/wp\/v2\/pages\/4557\/revisions"}],"predecessor-version":[{"id":4712,"href":"https:\/\/mistersafari.com\/fr\/wp-json\/wp\/v2\/pages\/4557\/revisions\/4712"}],"up":[{"embeddable":true,"href":"https:\/\/mistersafari.com\/fr\/wp-json\/wp\/v2\/pages\/1095"}],"wp:featuredmedia":[{"embeddable":true,"href":"https:\/\/mistersafari.com\/fr\/wp-json\/wp\/v2\/media\/4577"}],"wp:attachment":[{"href":"https:\/\/mistersafari.com\/fr\/wp-json\/wp\/v2\/media?parent=4557"}],"wp:term":[{"taxonomy":"content_type","embeddable":true,"href":"https:\/\/mistersafari.com\/fr\/wp-json\/wp\/v2\/content_type?post=4557"},{"taxonomy":"country","embeddable":true,"href":"https:\/\/mistersafari.com\/fr\/wp-json\/wp\/v2\/country?post=4557"}],"curies":[{"name":"wp","href":"https:\/\/api.w.org\/{rel}","templated":true}]}}