{"id":4523,"date":"2021-09-28T07:37:51","date_gmt":"2021-09-28T07:37:51","guid":{"rendered":"https:\/\/mistersafari.com\/fr\/?page_id=4523"},"modified":"2021-09-28T08:42:48","modified_gmt":"2021-09-28T08:42:48","slug":"jozani-chwaka-bay","status":"publish","type":"page","link":"https:\/\/mistersafari.com\/fr\/safari-tanzanie\/zanzibar\/parcs-reserves\/jozani-chwaka-bay\/","title":{"rendered":"Parc National Jozani Chwaka Bay"},"content":{"rendered":"\n<p>Seul parc national de Zanzibar, le parc National Jozani Chawaka Bay est un lieu incontournable si vous \u00eates de passage sur \u00ab l\u2019\u00eele aux \u00e9pices \u00bb. Sa faune et sa flore sont uniques, de nombreuses esp\u00e8ces sont end\u00e9miques et vous pourrez apercevoir les colobes roux de Zanzibar, une esp\u00e8ce de singe en voie de disparition. Apportez un peu de verdure \u00e0 votre s\u00e9jour \u00e0 Zanzibar avec une vir\u00e9e dans cette majestueuse for\u00eat de Jozani.<\/p>\n\n\n<div id=\"ez-toc-container\" class=\"ez-toc-v2_0_76 counter-flat ez-toc-counter ez-toc-custom ez-toc-container-direction\">\n<div class=\"ez-toc-title-container\"><p class=\"ez-toc-title\" style=\"cursor:inherit\">Sommaire<\/p>\n<\/div><nav><ul class='ez-toc-list ez-toc-list-level-1 ' ><li class='ez-toc-page-1'><a class=\"ez-toc-link ez-toc-heading-1\" href=\"https:\/\/mistersafari.com\/fr\/safari-tanzanie\/zanzibar\/parcs-reserves\/jozani-chwaka-bay\/#pourquoi-se-rendre-au-parc-national-jozani-chwaka-bay\" >Pourquoi se rendre au Parc National Jozani Chwaka Bay ?<\/a><\/li><li class='ez-toc-page-1'><a class=\"ez-toc-link ez-toc-heading-2\" href=\"https:\/\/mistersafari.com\/fr\/safari-tanzanie\/zanzibar\/parcs-reserves\/jozani-chwaka-bay\/#tarif-et-reglementation\" >Tarif et r\u00e9glementation<\/a><\/li><li class='ez-toc-page-1'><a class=\"ez-toc-link ez-toc-heading-3\" href=\"https:\/\/mistersafari.com\/fr\/safari-tanzanie\/zanzibar\/parcs-reserves\/jozani-chwaka-bay\/#ou-dormir-au-parc-national-jozani-chwaka-bay\" >O\u00f9 dormir au Parc National Jozani Chwaka Bay ?<\/a><\/li><li class='ez-toc-page-1'><a class=\"ez-toc-link ez-toc-heading-4\" href=\"https:\/\/mistersafari.com\/fr\/safari-tanzanie\/zanzibar\/parcs-reserves\/jozani-chwaka-bay\/#parc-national-jozani-chwaka-bay-autres-informations-pratiques\" >Parc National Jozani Chwaka Bay : autres informations pratiques<\/a><\/li><li class='ez-toc-page-1'><a class=\"ez-toc-link ez-toc-heading-5\" href=\"https:\/\/mistersafari.com\/fr\/safari-tanzanie\/zanzibar\/parcs-reserves\/jozani-chwaka-bay\/#faq\" >FAQ<\/a><\/li><\/ul><\/nav><\/div>\n\n\n\n\n<h2 class=\"wp-block-heading\"><span class=\"ez-toc-section\" id=\"pourquoi-se-rendre-au-parc-national-jozani-chwaka-bay\"><\/span>Pourquoi se rendre au Parc National Jozani Chwaka Bay ?<span class=\"ez-toc-section-end\"><\/span><\/h2>\n\n\n\n<h3 class=\"wp-block-heading\">Une faune et flore sauvage menac\u00e9es d&rsquo;extinction<\/h3>\n\n\n\n<p>Le parc National Jozani Chwaka Bay est un bijou de la nature. Cr\u00e9\u00e9 dans les ann\u00e9es 1960 pour prot\u00e9ger les esp\u00e8ces en danger de l\u2019\u00eele, il est peupl\u00e9 d\u2019une v\u00e9g\u00e9tation dense et sauvage. En 2016, le parc de Jozani est reconnu r\u00e9serve de biosph\u00e8re par l\u2019ONU. Laissez-vous porter par l\u2019ambiance zen de cette for\u00eat luxuriante.<\/p>\n\n\n\n<div class=\"wp-block-image\"><figure class=\"aligncenter size-full\"><picture><source srcset=\"https:\/\/mistersafari.com\/fr\/wp-content\/uploads\/sites\/2\/Piliocolobus-kirkii-Jozani-Chwaka-Bay.webp 1200w,https:\/\/mistersafari.com\/fr\/wp-content\/uploads\/sites\/2\/Piliocolobus-kirkii-Jozani-Chwaka-Bay-300x200.webp 300w,https:\/\/mistersafari.com\/fr\/wp-content\/uploads\/sites\/2\/Piliocolobus-kirkii-Jozani-Chwaka-Bay-1024x683.webp 1024w,https:\/\/mistersafari.com\/fr\/wp-content\/uploads\/sites\/2\/Piliocolobus-kirkii-Jozani-Chwaka-Bay-768x512.webp 768w\" sizes=\"auto, (max-width: 1200px) 100vw, 1200px\" type=\"image\/webp\"><img src=\"https:\/\/mistersafari.com\/fr\/wp-content\/uploads\/sites\/2\/Piliocolobus-kirkii-Jozani-Chwaka-Bay.jpg\" height=\"800\" width=\"1200\" srcset=\"https:\/\/mistersafari.com\/fr\/wp-content\/uploads\/sites\/2\/Piliocolobus-kirkii-Jozani-Chwaka-Bay.jpg 1200w, https:\/\/mistersafari.com\/fr\/wp-content\/uploads\/sites\/2\/Piliocolobus-kirkii-Jozani-Chwaka-Bay-300x200.jpg 300w, https:\/\/mistersafari.com\/fr\/wp-content\/uploads\/sites\/2\/Piliocolobus-kirkii-Jozani-Chwaka-Bay-1024x683.jpg 1024w, https:\/\/mistersafari.com\/fr\/wp-content\/uploads\/sites\/2\/Piliocolobus-kirkii-Jozani-Chwaka-Bay-768x512.jpg 768w\" sizes=\"auto, (max-width: 1200px) 100vw, 1200px\" class=\"wp-image-4532 sp-no-webp\" alt=\"singe colobe rouge\" loading=\"lazy\" decoding=\"async\"  > <\/picture><figcaption>Le Colobe roux de Zanzibar <em>Piliocolobus Kirkii<\/em><\/figcaption><\/figure><\/div>\n\n\n\n<p>Comment se d\u00e9roule le parcours dans le parc national de Jozani Chwaka Bay&nbsp;? Vous d\u00e9marrez l\u2019excursion en douceur, \u00e0 la recherche des colobes roux de Zanzibar. Sautillant d\u2019arbre en arbre, ou d\u00e9gustant leur d\u00e9jeuner confortablement install\u00e9 sur une branche, ils sont facilement reconnaissables par leur cr\u00eate blanche et leur pelage roux.<\/p>\n\n\n\n<p>La seconde partie de la visite est une balade dans la jungle. Cern\u00e9 par les plantes, on ne sait plus o\u00f9 donner de la t\u00eate entre les ficus, les sid\u00e9roxylons, les acajous et les albizias. Certains arbres atteignent 40 m\u00e8tres de hauteur&nbsp;! Pour la touche finale, direction la mangrove. Le spectacle est magique&nbsp;: vous avancez sur une passerelle en bois sur pilotis au milieu des arbres.<\/p>\n\n\n\n<p class=\"callout-blue\"><strong>Conseil :<\/strong> Prenez des baskets pour ne pas d\u00e9raper en cas de pluies. Le produit antimoustique est \u00e9galement conseill\u00e9.<\/p>\n\n\n\n<h3 class=\"wp-block-heading\">Les autres activit\u00e9s<\/h3>\n\n\n\n<p><strong>Plages de Zanzibar<\/strong><\/p>\n\n\n\n<p>Se dorer au soleil est l\u2019activit\u00e9 incontournable \u00e0 <a href=\"https:\/\/mistersafari.com\/fr\/safari-tanzanie\/zanzibar\/\" data-type=\"page\" data-id=\"1545\">Zanzibar<\/a>. Cette \u00eele paradisiaque au d\u00e9cor de carte postale vous fera vivre des moments inoubliables. Des plages de sable fin, des palmiers, des cocktails\u2026 que demander de plus ?<\/p>\n\n\n\n<p><strong>Activit\u00e9s nautiques<\/strong><\/p>\n\n\n\n<p>Bord\u00e9e par l\u2019oc\u00e9an Indien, l\u2019\u00eele de Zanzibar regorge d\u2019activit\u00e9s nautiques. Voici quelques id\u00e9es de sports nautiques pour d\u00e9butants et confirm\u00e9s&nbsp;: c\u00f4toyer les poissons multicolores avec la plong\u00e9e sous-marine, surfer sur les vagues, faire une excursion en bateau les cheveux au vent, ou encore opter pour une sortie en stand up paddle et admirer le lever du soleil.<\/p>\n\n\n\n<h2 class=\"wp-block-heading\"><span class=\"ez-toc-section\" id=\"tarif-et-reglementation\"><\/span>Tarif et r\u00e9glementation<span class=\"ez-toc-section-end\"><\/span><\/h2>\n\n\n\n<h3 class=\"wp-block-heading\">Tarif d&rsquo;entr\u00e9e<\/h3>\n\n\n\n<p>Le prix d\u2019entr\u00e9e pour le parc National Jozani Chwaka Bay est de&nbsp;:<\/p>\n\n\n\n<ul class=\"wp-block-list\"><li>12 \u20ac \/ 12 $ \/ 25&nbsp;000 Tsh par adulte&nbsp;;<\/li><li>6 \u20ac \/ 6 $ \/ 12&nbsp;500 Tsh par enfant de moins de 15 ans.<\/li><\/ul>\n\n\n\n<p>Ces tarifs sont indicatifs et peuvent \u00e9voluer en fonction de la p\u00e9riode o\u00f9 vous venez et des guides. Certaines personnes sur Trip Advisor indiquent par exemple avoir pay\u00e9 10 \u20ac par personne. D\u2019autres sont pass\u00e9es par des agences et ont pay\u00e9 le prix fort (avec taxi inclus). Enfin, en fonction du tour que vous faites&nbsp;: 1 h \/ 1 h 30 ou 2 h 30, le tarif peut diff\u00e9rer.<\/p>\n\n\n\n<p class=\"callout-blue\"><strong>Bon \u00e0 savoir&nbsp;: <\/strong>la voiture est indispensable pour acc\u00e9der \u00e0 la mangrove. Pensez donc \u00e0 r\u00e9server un taxi attitr\u00e9 si vous ne venez pas avec votre propre v\u00e9hicule.<\/p>\n\n\n\n<h3 class=\"wp-block-heading\">R\u00e9glementation du Parc National Jozani Chwaka Bay<\/h3>\n\n\n\n<p>\u00c0 l\u2019int\u00e9rieur du parc, vous ne pouvez pas vous balader tout seul : la visite se fait en groupe avec un guide d\u00e9di\u00e9 qu\u2019il faut suivre. Voici les autres r\u00e8gles \u00e0 respecter dans la for\u00eat de Jozani&nbsp;:<\/p>\n\n\n\n<ul class=\"wp-block-list\"><li>ne pas donner \u00e0 manger aux animaux ;<\/li><li>ramasser ses d\u00e9chets&nbsp;;<\/li><li>garder de la distance avec les animaux&nbsp;;<\/li><li>respecter les consignes des guides.<\/li><\/ul>\n\n\n\n<p>Vous aurez plus d\u2019informations sur la r\u00e9glementation du parc une fois sur place.<\/p>\n\n\n\n<h2 class=\"wp-block-heading\"><span class=\"ez-toc-section\" id=\"ou-dormir-au-parc-national-jozani-chwaka-bay\"><\/span>O\u00f9 dormir au Parc National Jozani Chwaka Bay ?<span class=\"ez-toc-section-end\"><\/span><\/h2>\n\n\n\n<h3 class=\"wp-block-heading\">Les h\u00f4tels de Stone Town<\/h3>\n\n\n\n<p>Le parc national de Jozani Chwaka \u00e9tant situ\u00e9 sur une \u00eele, l\u2019offre d\u2019h\u00e9bergement est limit\u00e9e&nbsp;: la plupart des logements sont des h\u00f4tels. Si vous souhaitez loger \u00e0 proximit\u00e9 de la for\u00eat de Jozani, la meilleure option est de choisir un h\u00e9bergement \u00e0 Stone Town (environ 38 km en voiture). Ainsi, vous profiterez de l\u2019ambiance de la capitale de Zanzibar tout en restant \u00e0 c\u00f4t\u00e9 du parc.<\/p>\n\n\n\n<h3 class=\"wp-block-heading\">Le nord et l\u2019est de Zanzibar&nbsp;: un bon plan pour se baigner et bronzer<\/h3>\n\n\n\n<p>Si vous voyagez pour profiter des plages et de l\u2019atmosph\u00e8re paisible de l\u2019archipel, de nombreux h\u00f4tels sont situ\u00e9s au nord de l\u2019\u00eele et sur la c\u00f4te est. Les endroits les plus connus sont la plage de Nungwi, la plage de Matemwe et la plage de Pongwe.<\/p>\n\n\n\n<div class=\"wp-block-image\"><figure class=\"aligncenter size-full\"><picture><source srcset=\"https:\/\/mistersafari.com\/fr\/wp-content\/uploads\/sites\/2\/plages-zanzibar-2.webp 1200w,https:\/\/mistersafari.com\/fr\/wp-content\/uploads\/sites\/2\/plages-zanzibar-2-300x225.webp 300w,https:\/\/mistersafari.com\/fr\/wp-content\/uploads\/sites\/2\/plages-zanzibar-2-1024x768.webp 1024w,https:\/\/mistersafari.com\/fr\/wp-content\/uploads\/sites\/2\/plages-zanzibar-2-768x576.webp 768w\" sizes=\"auto, (max-width: 1200px) 100vw, 1200px\" type=\"image\/webp\"><img src=\"https:\/\/mistersafari.com\/fr\/wp-content\/uploads\/sites\/2\/plages-zanzibar-2.jpg\" height=\"900\" width=\"1200\" srcset=\"https:\/\/mistersafari.com\/fr\/wp-content\/uploads\/sites\/2\/plages-zanzibar-2.jpg 1200w, https:\/\/mistersafari.com\/fr\/wp-content\/uploads\/sites\/2\/plages-zanzibar-2-300x225.jpg 300w, https:\/\/mistersafari.com\/fr\/wp-content\/uploads\/sites\/2\/plages-zanzibar-2-1024x768.jpg 1024w, https:\/\/mistersafari.com\/fr\/wp-content\/uploads\/sites\/2\/plages-zanzibar-2-768x576.jpg 768w\" sizes=\"auto, (max-width: 1200px) 100vw, 1200px\" class=\"wp-image-4542 sp-no-webp\" alt=\"plage de Zanzibar\" loading=\"lazy\" decoding=\"async\"  > <\/picture><\/figure><\/div>\n\n\n\n<h3 class=\"wp-block-heading\">La Mnemba Island&nbsp;pour un voyage de noces haut de gamme<\/h3>\n\n\n\n<p>Pour un voyage de noces haut de gamme, la Mnemba Island est un petit coin de paradis. C\u2019est une \u00eele priv\u00e9e r\u00e9serv\u00e9e \u00e0 la client\u00e8le du lodge AndBeyond&nbsp;: le cadre est idyllique avec ses plages d\u00e9sertes et son eau turquoise. Si vous venez entre avril et septembre, c\u2019est la saison des pontes pour les tortues. Avec un peu de chance, vous assisterez au spectacle de b\u00e9b\u00e9s tortues rampant vers l\u2019oc\u00e9an.<\/p>\n\n\n\n<h2 class=\"wp-block-heading\"><span class=\"ez-toc-section\" id=\"parc-national-jozani-chwaka-bay-autres-informations-pratiques\"><\/span>Parc National Jozani Chwaka Bay : autres informations pratiques<span class=\"ez-toc-section-end\"><\/span><\/h2>\n\n\n\n<h3 class=\"wp-block-heading\">G\u00e9ographie<\/h3>\n\n\n\n<p>Le parc national Jozani Chwaka Bay est situ\u00e9 sur l\u2019\u00eele Zanzibar dans l\u2019oc\u00e9an Indien. Cette \u00eele de 1 600 km\u00b2 se trouve \u00e0 l\u2019est de la Tanzanie. Au sud-est de la capitale Stone Town, la for\u00eat de Jozanie s\u2019\u00e9tend sur une superficie de 50 km2. Cette r\u00e9serve naturelle prot\u00e9g\u00e9e abrite une for\u00eat tropicale compos\u00e9e d\u2019une for\u00eat primaire et d\u2019une for\u00eat plant\u00e9e.<\/p>\n\n\n\n<h3 class=\"wp-block-heading\">M\u00e9t\u00e9o<\/h3>\n\n\n\n<p>La m\u00e9t\u00e9o est tr\u00e8s cl\u00e9mente sur l\u2019\u00eele de Zanzibar : il fait en moyenne 25 degr\u00e9s toute l\u2019ann\u00e9e avec un taux d&rsquo;ensoleillement \u00e9lev\u00e9. Le mois le plus chaud est f\u00e9vrier avec environ 32 degr\u00e9s. La saison des pluies se d\u00e9roule de mars \u00e0 mai, la saison s\u00e8che de juin \u00e0 octobre.<\/p>\n\n\n\n<h3 class=\"wp-block-heading\">Quand visiter<\/h3>\n\n\n\n<p>\u00c0 Zanzibar, le climat est temp\u00e9r\u00e9 toute l\u2019ann\u00e9e. Mais si vous voulez \u00e9chapper \u00e0 la pluie, il faudra \u00e9viter les mois de mars \u00e0 mai. Le meilleur moment pour partir au parc national Jozani Chwaka Bay est de juillet \u00e0 septembre, car ce sont les mois avec le moins de pluies et il fait en g\u00e9n\u00e9ral moins de 30 degr\u00e9s. Pour \u00e9viter la haute saison et son lot de touristes, privil\u00e9giez les mois de novembre et d\u00e9cembre.<\/p>\n\n\n\n<h2 class=\"wp-block-heading\"><span class=\"ez-toc-section\" id=\"faq\"><\/span>FAQ<span class=\"ez-toc-section-end\"><\/span><\/h2>\n\n\n<div id=\"rank-math-faq\" class=\"rank-math-block\">\n<div class=\"rank-math-list \">\n<div id=\"faq-question-1632812590550\" class=\"rank-math-list-item\">\n<h3 class=\"rank-math-question \">O\u00f9 se trouve le parc National Jozani Chwaka Bay ?<\/h3>\n<div class=\"rank-math-answer \">\n\n<p>Le parc national se trouve sur l\u2019\u00eele Zanzibar dans l\u2019oc\u00e9an Indien au large des c\u00f4tes tanzaniennes. Il est situ\u00e9 au sud-est de Stone Town.<\/p>\n\n<\/div>\n<\/div>\n<div id=\"faq-question-1632812599538\" class=\"rank-math-list-item\">\n<h3 class=\"rank-math-question \">Combien co\u00fbte l&rsquo;entr\u00e9e au parc National Jozani Chwaka Bay ?<\/h3>\n<div class=\"rank-math-answer \">\n\n<p>L\u2019entr\u00e9e au parc National Jozani Chwaka Bay co\u00fbte 12 dollars pour les adultes et 6 dollars pour les enfants de moins de 15 ans. N\u00e9anmoins, les tarifs diff\u00e8rent en fonction de la balade choisie, du guide et de la p\u00e9riode de l\u2019ann\u00e9e. Ils sont donc amen\u00e9s \u00e0 \u00e9voluer.<\/p>\n\n<\/div>\n<\/div>\n<div id=\"faq-question-1632812617886\" class=\"rank-math-list-item\">\n<h3 class=\"rank-math-question \">Quels animaux peut-on voir ?<\/h3>\n<div class=\"rank-math-answer \">\n\n<p>L\u2019animal embl\u00e9matique du parc National Jozani Chwaka Bay est le colobe roux de Zanzibar. Vous pourrez \u00e9galement observer des singes bleus, des musaraignes \u00e0 trompe (souris au long museau) et une grande vari\u00e9t\u00e9 de papillons.<\/p>\n\n<\/div>\n<\/div>\n<\/div>\n<\/div>","protected":false},"excerpt":{"rendered":"<p>Seul parc national de Zanzibar, le parc National Jozani Chawaka Bay est un lieu incontournable si vous \u00eates de passage sur \u00ab l\u2019\u00eele aux \u00e9pices \u00bb. Sa faune et sa flore sont uniques, de nombreuses esp\u00e8ces sont end\u00e9miques et vous pourrez apercevoir les colobes roux de Zanzibar, une esp\u00e8ce de singe en voie de disparition. &#8230; <a title=\"Parc National Jozani Chwaka Bay\" class=\"read-more\" href=\"https:\/\/mistersafari.com\/fr\/safari-tanzanie\/zanzibar\/parcs-reserves\/jozani-chwaka-bay\/\" aria-label=\"En savoir plus sur Parc National Jozani Chwaka Bay\">Lire la suite<\/a><\/p>\n","protected":false},"author":3,"featured_media":4530,"parent":4567,"menu_order":0,"comment_status":"closed","ping_status":"closed","template":"","meta":{"_acf_changed":false,"footnotes":""},"content_type":[],"country":[],"class_list":{"0":"post-4523","1":"page","2":"type-page","3":"status-publish","4":"has-post-thumbnail","6":"no-featured-image-padding"},"acf":{"hreflang":null},"_links":{"self":[{"href":"https:\/\/mistersafari.com\/fr\/wp-json\/wp\/v2\/pages\/4523","targetHints":{"allow":["GET"]}}],"collection":[{"href":"https:\/\/mistersafari.com\/fr\/wp-json\/wp\/v2\/pages"}],"about":[{"href":"https:\/\/mistersafari.com\/fr\/wp-json\/wp\/v2\/types\/page"}],"author":[{"embeddable":true,"href":"https:\/\/mistersafari.com\/fr\/wp-json\/wp\/v2\/users\/3"}],"replies":[{"embeddable":true,"href":"https:\/\/mistersafari.com\/fr\/wp-json\/wp\/v2\/comments?post=4523"}],"version-history":[{"count":24,"href":"https:\/\/mistersafari.com\/fr\/wp-json\/wp\/v2\/pages\/4523\/revisions"}],"predecessor-version":[{"id":4573,"href":"https:\/\/mistersafari.com\/fr\/wp-json\/wp\/v2\/pages\/4523\/revisions\/4573"}],"up":[{"embeddable":true,"href":"https:\/\/mistersafari.com\/fr\/wp-json\/wp\/v2\/pages\/4567"}],"wp:featuredmedia":[{"embeddable":true,"href":"https:\/\/mistersafari.com\/fr\/wp-json\/wp\/v2\/media\/4530"}],"wp:attachment":[{"href":"https:\/\/mistersafari.com\/fr\/wp-json\/wp\/v2\/media?parent=4523"}],"wp:term":[{"taxonomy":"content_type","embeddable":true,"href":"https:\/\/mistersafari.com\/fr\/wp-json\/wp\/v2\/content_type?post=4523"},{"taxonomy":"country","embeddable":true,"href":"https:\/\/mistersafari.com\/fr\/wp-json\/wp\/v2\/country?post=4523"}],"curies":[{"name":"wp","href":"https:\/\/api.w.org\/{rel}","templated":true}]}}