{"id":4446,"date":"2021-09-27T13:11:55","date_gmt":"2021-09-27T13:11:55","guid":{"rendered":"https:\/\/mistersafari.com\/fr\/?page_id=4446"},"modified":"2021-09-28T09:09:12","modified_gmt":"2021-09-28T09:09:12","slug":"balule-game-reserve","status":"publish","type":"page","link":"https:\/\/mistersafari.com\/fr\/safari-afrique-du-sud\/parcs-reserves\/balule-game-reserve\/","title":{"rendered":"Balule Game Reserve"},"content":{"rendered":"\n<p>Envie d\u2019un safari en Afrique du Sud pour voir le Big Five ? La Balule Game Reserve est la destination qu\u2019il vous faut. Cette pittoresque r\u00e9serve priv\u00e9e regorge d\u2019h\u00e9bergements luxueux et d\u2019une faune sauvage unique. Jouxtant le c\u00e9l\u00e8bre parc Kruger, elle offre un cadre id\u00e9al pour l\u2019observation des animaux mythiques de la savane.<\/p>\n\n\n<div id=\"ez-toc-container\" class=\"ez-toc-v2_0_76 counter-flat ez-toc-counter ez-toc-custom ez-toc-container-direction\">\n<div class=\"ez-toc-title-container\"><p class=\"ez-toc-title\" style=\"cursor:inherit\">Sommaire<\/p>\n<\/div><nav><ul class='ez-toc-list ez-toc-list-level-1 ' ><li class='ez-toc-page-1'><a class=\"ez-toc-link ez-toc-heading-1\" href=\"https:\/\/mistersafari.com\/fr\/safari-afrique-du-sud\/parcs-reserves\/balule-game-reserve\/#pourquoi-se-rendre-a-la-balule-game-reserve\">Pourquoi se rendre \u00e0 la Balule Game Reserve ?<\/a><\/li><li class='ez-toc-page-1'><a class=\"ez-toc-link ez-toc-heading-2\" href=\"https:\/\/mistersafari.com\/fr\/safari-afrique-du-sud\/parcs-reserves\/balule-game-reserve\/#tarif-et-reglementation\">Tarif et r\u00e9glementation<\/a><\/li><li class='ez-toc-page-1'><a class=\"ez-toc-link ez-toc-heading-3\" href=\"https:\/\/mistersafari.com\/fr\/safari-afrique-du-sud\/parcs-reserves\/balule-game-reserve\/#ou-dormir-a-la-balule-game-reserve\">O\u00f9 dormir \u00e0 la Balule Game Reserve ?<\/a><\/li><li class='ez-toc-page-1'><a class=\"ez-toc-link ez-toc-heading-4\" href=\"https:\/\/mistersafari.com\/fr\/safari-afrique-du-sud\/parcs-reserves\/balule-game-reserve\/#balule-game-reserve-autres-informations-pratiques\">Balule Game Reserve : autres informations pratiques<\/a><\/li><li class='ez-toc-page-1'><a class=\"ez-toc-link ez-toc-heading-5\" href=\"https:\/\/mistersafari.com\/fr\/safari-afrique-du-sud\/parcs-reserves\/balule-game-reserve\/#faq\">FAQ<\/a><\/li><\/ul><\/nav><\/div>\n\n\n\n\n<h2 class=\"wp-block-heading\"><span class=\"ez-toc-section\" id=\"pourquoi-se-rendre-a-la-balule-game-reserve\"><\/span>Pourquoi se rendre \u00e0 la Balule Game Reserve ?<span class=\"ez-toc-section-end\"><\/span><\/h2>\n\n\n\n<h3 class=\"wp-block-heading\">Un safari dans la R\u00e9serve Priv\u00e9e de Balule<\/h3>\n\n\n\n<p>Saviez-vous que Balule signifie \u00ab&nbsp;buffle&nbsp;\u00bb en Tsonga&nbsp;? La concession priv\u00e9e porte ce nom, car de nombreux troupeaux de buffles ont choisi la Balule Game Reserve comme terrain de jeu. Ils d\u00e9ambulent dans le bush africain, broutant ou ruminant \u00e0 l\u2019ombre des arbres.<\/p>\n\n\n\n<p>Vous apercevrez \u00e9galement dans cette r\u00e9serve priv\u00e9e les autres mammif\u00e8res du Big Five&nbsp;: lions, \u00e9l\u00e9phants, rhinoc\u00e9ros noir et l\u00e9opards. Pendant la saison s\u00e8che, la rivi\u00e8re d\u2019Olifants devient le lieu de rendez-vous de toute la savane. Les girafes viennent s\u2019y d\u00e9salt\u00e9rer avec leurs petits tandis que les z\u00e8bres en profitent pour prendre un bain.<\/p>\n\n\n\n<div class=\"wp-block-image\"><figure class=\"aligncenter size-full\"><picture><source srcset=\"https:\/\/mistersafari.com\/fr\/wp-content\/uploads\/sites\/2\/girafes-balule.webp 1200w,https:\/\/mistersafari.com\/fr\/wp-content\/uploads\/sites\/2\/girafes-balule-300x200.webp 300w,https:\/\/mistersafari.com\/fr\/wp-content\/uploads\/sites\/2\/girafes-balule-1024x683.webp 1024w,https:\/\/mistersafari.com\/fr\/wp-content\/uploads\/sites\/2\/girafes-balule-768x512.webp 768w\" sizes=\"auto, (max-width: 1200px) 100vw, 1200px\" type=\"image\/webp\"><img src=\"https:\/\/mistersafari.com\/fr\/wp-content\/uploads\/sites\/2\/girafes-balule.jpg\" height=\"800\" width=\"1200\" srcset=\"https:\/\/mistersafari.com\/fr\/wp-content\/uploads\/sites\/2\/girafes-balule.jpg 1200w, https:\/\/mistersafari.com\/fr\/wp-content\/uploads\/sites\/2\/girafes-balule-300x200.jpg 300w, https:\/\/mistersafari.com\/fr\/wp-content\/uploads\/sites\/2\/girafes-balule-1024x683.jpg 1024w, https:\/\/mistersafari.com\/fr\/wp-content\/uploads\/sites\/2\/girafes-balule-768x512.jpg 768w\" sizes=\"auto, (max-width: 1200px) 100vw, 1200px\" class=\"wp-image-4458 sp-no-webp\" alt=\"girafes Balule Game Reserve\" loading=\"lazy\" decoding=\"async\"  > <\/picture><\/figure><\/div>\n\n\n\n<p>Entre for\u00eats montagneuses, plaines et rivi\u00e8res, la Balule Game Reserve est connue pour sa vari\u00e9t\u00e9 d\u2019oiseaux. On recense plus de 250 esp\u00e8ces dans la r\u00e9serve priv\u00e9e. Les flamants roses, reconnaissables par leur bec courb\u00e9 et leur plumage rose ont \u00e9lu domicile dans la rivi\u00e8re Olifants. En levant les yeux, vous reconnaitrez peut-\u00eatre l\u2019un des rapaces les plus imposants de la Balule&nbsp;: l\u2019aigle martial.<\/p>\n\n\n\n<h3 class=\"wp-block-heading\">Les autres activit\u00e9s<\/h3>\n\n\n\n<p><strong>Observation des oiseaux<\/strong><\/p>\n\n\n\n<p>La Balule Game Reserve regorge d\u2019esp\u00e8ces d\u2019oiseaux tr\u00e8s vari\u00e9es&nbsp;: les amateurs d\u2019oiseaux seront ravis par la richesse de l\u2019avifaune. Des balades sont m\u00eame organis\u00e9es avec des guides pour traquer ces oiseaux. On estime que \u00be des esp\u00e8ces d\u2019oiseaux sont end\u00e9miques ou quasi-end\u00e9miques en Afrique Australe. L\u2019observation des oiseaux est l\u2019activit\u00e9 incontournable de la Balule Game Reserve.<\/p>\n\n\n\n<div class=\"wp-block-image\"><figure class=\"aligncenter size-full\"><picture><source srcset=\"https:\/\/mistersafari.com\/fr\/wp-content\/uploads\/sites\/2\/aigle-martial.webp 1200w,https:\/\/mistersafari.com\/fr\/wp-content\/uploads\/sites\/2\/aigle-martial-300x200.webp 300w,https:\/\/mistersafari.com\/fr\/wp-content\/uploads\/sites\/2\/aigle-martial-1024x683.webp 1024w,https:\/\/mistersafari.com\/fr\/wp-content\/uploads\/sites\/2\/aigle-martial-768x512.webp 768w\" sizes=\"auto, (max-width: 1200px) 100vw, 1200px\" type=\"image\/webp\"><img src=\"https:\/\/mistersafari.com\/fr\/wp-content\/uploads\/sites\/2\/aigle-martial.jpg\" height=\"800\" width=\"1200\" srcset=\"https:\/\/mistersafari.com\/fr\/wp-content\/uploads\/sites\/2\/aigle-martial.jpg 1200w, https:\/\/mistersafari.com\/fr\/wp-content\/uploads\/sites\/2\/aigle-martial-300x200.jpg 300w, https:\/\/mistersafari.com\/fr\/wp-content\/uploads\/sites\/2\/aigle-martial-1024x683.jpg 1024w, https:\/\/mistersafari.com\/fr\/wp-content\/uploads\/sites\/2\/aigle-martial-768x512.jpg 768w\" sizes=\"auto, (max-width: 1200px) 100vw, 1200px\" class=\"wp-image-4450 sp-no-webp\" alt=\"aigle martial\" loading=\"lazy\" decoding=\"async\"  > <\/picture><figcaption>L&rsquo;aigle martial <\/figcaption><\/figure><\/div>\n\n\n\n<p><strong>Promenade nocturne<\/strong><\/p>\n\n\n\n<p>C\u2019est la particularit\u00e9 de la Balule Game Reserve et du parc Kruger&nbsp;: les \u00ab&nbsp;Night Drives&nbsp;\u00bb. Dans des 4&#215;4, vous sillonnez la savane \u00e0 la recherche d\u2019animaux insaisissables comme le l\u00e9opard. Les projecteurs permettent de les localiser dans la brousse. Sensations fortes garanties&nbsp;!<\/p>\n\n\n\n<h2 class=\"wp-block-heading\"><span class=\"ez-toc-section\" id=\"tarif-et-reglementation\"><\/span>Tarif et r\u00e9glementation <span class=\"ez-toc-section-end\"><\/span><\/h2>\n\n\n\n<h3 class=\"wp-block-heading\">Balule Game Reserve&nbsp;: prix d\u2019entr\u00e9e<\/h3>\n\n\n\n<p>Les tarifs de la Balule Game Reserve sont les suivants&nbsp;:<\/p>\n\n\n\n<ul class=\"wp-block-list\"><li>R 424 par adulte par jour (environ 25 \u20ac)&nbsp;;<\/li><li>R 212 par enfant par jour (environ 12 \u20ac);<\/li><li>R 150 par v\u00e9hicule (environ 9 \u20ac).<\/li><\/ul>\n\n\n\n<h3 class=\"wp-block-heading\">La r\u00e9glementation de la Balule Game Reserve<\/h3>\n\n\n\n<p>Un certain nombre de r\u00e8gles sont \u00e0 respecter au sein de la Balule Game Reserve :<\/p>\n\n\n\n<ul class=\"wp-block-list\"><li>rester \u00e0 distance des animaux sauvages&nbsp;;<\/li><li>ramasser ses d\u00e9chets&nbsp;;<\/li><li>ne pas s\u2019aventurer seul la nuit dans la brousse&nbsp;;<\/li><li>rester sur les routes balis\u00e9es&nbsp;;<\/li><li>respecter les limitations de vitesse&nbsp;;<\/li><li>marcher en file indienne et rester \u00e0 proximit\u00e9 du guide lors des safaris \u00e0 pied.<\/li><\/ul>\n\n\n\n<div class=\"wp-block-image\"><figure class=\"aligncenter size-full\"><picture><source srcset=\"https:\/\/mistersafari.com\/fr\/wp-content\/uploads\/sites\/2\/balule-reserve-map.webp \"  type=\"image\/webp\"><img src=\"https:\/\/mistersafari.com\/fr\/wp-content\/uploads\/sites\/2\/balule-reserve-map.jpg\" height=\"1200\" width=\"941\" class=\"wp-image-4465 sp-no-webp\" alt=\"carte de Balule Game Reserve\" loading=\"lazy\" decoding=\"async\"  > <\/picture><figcaption>Carte de la Balule Game Reserve<a href=\"http:\/\/www.parckruger.com\/balule-nature-reserve\/\" target=\"_blank\" rel=\"noreferrer noopener nofollow\"> <\/a><br><em><a href=\"http:\/\/www.parckruger.com\/balule-nature-reserve\/\" target=\"_blank\" rel=\"noreferrer noopener nofollow\">source : site officiel du Parc National Kruger<\/a><\/em><\/figcaption><\/figure><\/div>\n\n\n\n<h2 class=\"wp-block-heading\"><span class=\"ez-toc-section\" id=\"ou-dormir-a-la-balule-game-reserve\"><\/span>O\u00f9 dormir \u00e0 la Balule Game Reserve ?<span class=\"ez-toc-section-end\"><\/span><\/h2>\n\n\n\n<h3 class=\"wp-block-heading\">Les lodges<\/h3>\n\n\n\n<p>De nombreux lodges sont pr\u00e9sents dans la Balule Game Reserve. Les lodges sont des h\u00e9bergements luxueux qui comprennent un logement en dur ou semi dur, une salle de bain, un restaurant, un bar et parfois m\u00eame une piscine.<\/p>\n\n\n\n<h3 class=\"wp-block-heading\">Les chalets<\/h3>\n\n\n\n<p>Vous trouverez \u00e9galement quelques chalets emmitoufl\u00e9s dans les arbres. Ils offrent une vue panoramique unique sur la savane africaine. La nuit, le ricanement des hy\u00e8nes et le rugissement des lions berceront vos r\u00eaves.<\/p>\n\n\n\n<p class=\"callout-blue\"><strong>Bon \u00e0 savoir&nbsp;: <\/strong>il faut r\u00e9server bien \u00e0 l\u2019avance pour avoir des places \u00e0 la p\u00e9riode voulue.<\/p>\n\n\n\n<h2 class=\"wp-block-heading\"><span class=\"ez-toc-section\" id=\"balule-game-reserve-autres-informations-pratiques\"><\/span>Balule Game Reserve : autres informations pratiques<span class=\"ez-toc-section-end\"><\/span><\/h2>\n\n\n\n<h3 class=\"wp-block-heading\">G\u00e9ographie<\/h3>\n\n\n\n<p>La Balule Game Reserve est situ\u00e9e au nord-est de l\u2019Afrique du Sud&nbsp;. D\u2019une superficie de 400 km2 , elle jouxte le parc Kruger. Elle a \u00e9t\u00e9 constitu\u00e9e dans les ann\u00e9es 90, gr\u00e2ce aux r\u00e9sidents de fermes de la r\u00e9gion qui ont d\u00e9cid\u00e9 d\u2019abolir leurs cl\u00f4tures pour laisser plus de place \u00e0 la faune sauvage.<\/p>\n\n\n\n<div class=\"wp-block-image\"><figure class=\"aligncenter size-full\"><picture><source srcset=\"https:\/\/mistersafari.com\/fr\/wp-content\/uploads\/sites\/2\/lion-balule.webp 1200w,https:\/\/mistersafari.com\/fr\/wp-content\/uploads\/sites\/2\/lion-balule-300x200.webp 300w,https:\/\/mistersafari.com\/fr\/wp-content\/uploads\/sites\/2\/lion-balule-1024x683.webp 1024w,https:\/\/mistersafari.com\/fr\/wp-content\/uploads\/sites\/2\/lion-balule-768x512.webp 768w\" sizes=\"auto, (max-width: 1200px) 100vw, 1200px\" type=\"image\/webp\"><img src=\"https:\/\/mistersafari.com\/fr\/wp-content\/uploads\/sites\/2\/lion-balule.jpg\" height=\"800\" width=\"1200\" srcset=\"https:\/\/mistersafari.com\/fr\/wp-content\/uploads\/sites\/2\/lion-balule.jpg 1200w, https:\/\/mistersafari.com\/fr\/wp-content\/uploads\/sites\/2\/lion-balule-300x200.jpg 300w, https:\/\/mistersafari.com\/fr\/wp-content\/uploads\/sites\/2\/lion-balule-1024x683.jpg 1024w, https:\/\/mistersafari.com\/fr\/wp-content\/uploads\/sites\/2\/lion-balule-768x512.jpg 768w\" sizes=\"auto, (max-width: 1200px) 100vw, 1200px\" class=\"wp-image-4455 sp-no-webp\" alt=\"lion Balule Reserve\" loading=\"lazy\" decoding=\"async\"  > <\/picture><\/figure><\/div>\n\n\n\n<h3 class=\"wp-block-heading\">M\u00e9t\u00e9o<\/h3>\n\n\n\n<p>Le climat est relativement cl\u00e9ment dans la Balule Game Reserve. Attendez-vous \u00e0 des temp\u00e9ratures entre 25 degr\u00e9s et 35 degr\u00e9s. La saison des pluies se d\u00e9roule de novembre \u00e0 mars et la saison s\u00e8che d&rsquo;avril \u00e0 octobre. Les orages sont fr\u00e9quents pendant la saison humide.<\/p>\n\n\n\n<h3 class=\"wp-block-heading\">Quand visiter<\/h3>\n\n\n\n<p>La meilleure p\u00e9riode pour visiter la Balule Game Reserve est lors de la saison s\u00e8che (avril \u00e0 octobre) car les animaux se regroupent autour des points d&rsquo;eau : il est donc plus facile de les observer. Partir en octobre et novembre est aussi recommand\u00e9, car ce sont les mois des naissances. Une occasion en or pour observer les girafons et z\u00e9brons faire leurs premiers pas.<\/p>\n\n\n\n<h2 class=\"wp-block-heading\"><span class=\"ez-toc-section\" id=\"faq\"><\/span>FAQ<span class=\"ez-toc-section-end\"><\/span><\/h2>\n\n\n<div id=\"rank-math-faq\" class=\"rank-math-block\">\n<div class=\"rank-math-list \">\n<div id=\"faq-question-1632742521780\" class=\"rank-math-list-item\">\n<h3 class=\"rank-math-question \">O\u00f9 se trouve la Balule Game Reserve ?<\/h3>\n<div class=\"rank-math-answer \">\n\n<p>La Balule Game Reserve se trouve \u00e0 l\u2019ouest du parc Kruger en Afrique du Sud. La r\u00e9serve priv\u00e9e se situe au nord-est de Pretoria (environ 300 km \u00e0 vol d\u2019oiseau.)<\/p>\n\n<\/div>\n<\/div>\n<div id=\"faq-question-1632742529053\" class=\"rank-math-list-item\">\n<h3 class=\"rank-math-question \">Combien co\u00fbte l&rsquo;entr\u00e9e \u00e0 la Balule Game Reserve ?<\/h3>\n<div class=\"rank-math-answer \">\n\n<p>L\u2019entr\u00e9e \u00e0 la Balule Game Reserve co\u00fbte 424 rands sud-africains par jour pour les adultes (environ 25 euros) et 212 rands sud-africains par jour pour les enfants (environ 12 euros).<\/p>\n\n<\/div>\n<\/div>\n<div id=\"faq-question-1632742543404\" class=\"rank-math-list-item\">\n<h3 class=\"rank-math-question \">Quels animaux peut-on voir ?<\/h3>\n<div class=\"rank-math-answer \">\n\n<p>\u00c0 la Balule Game Reserve, vous pouvez voir le Big Five, c\u2019est-\u00e0-dire des lions, des \u00e9l\u00e9phants, des buffles, des rhinoc\u00e9ros noirs et des l\u00e9opards. Plus de 250 esp\u00e8ces d\u2019oiseaux, des girafes, des z\u00e8bres et des hy\u00e8nes peuplent \u00e9galement ce territoire.<\/p>\n\n<\/div>\n<\/div>\n<\/div>\n<\/div>","protected":false},"excerpt":{"rendered":"<p>Envie d\u2019un safari en Afrique du Sud pour voir le Big Five ? La Balule Game Reserve est la destination qu\u2019il vous faut. Cette pittoresque r\u00e9serve priv\u00e9e regorge d\u2019h\u00e9bergements luxueux et d\u2019une faune sauvage unique. Jouxtant le c\u00e9l\u00e8bre parc Kruger, elle offre un cadre id\u00e9al pour l\u2019observation des animaux mythiques de la savane. Pourquoi se &#8230; <a title=\"Balule Game Reserve\" class=\"read-more\" href=\"https:\/\/mistersafari.com\/fr\/safari-afrique-du-sud\/parcs-reserves\/balule-game-reserve\/\" aria-label=\"En savoir plus sur Balule Game Reserve\">Lire la suite<\/a><\/p>\n","protected":false},"author":3,"featured_media":4462,"parent":1095,"menu_order":5,"comment_status":"closed","ping_status":"closed","template":"","meta":{"_acf_changed":false,"footnotes":""},"content_type":[],"country":[],"class_list":{"0":"post-4446","1":"page","2":"type-page","3":"status-publish","4":"has-post-thumbnail","6":"no-featured-image-padding"},"acf":{"hreflang":null},"_links":{"self":[{"href":"https:\/\/mistersafari.com\/fr\/wp-json\/wp\/v2\/pages\/4446","targetHints":{"allow":["GET"]}}],"collection":[{"href":"https:\/\/mistersafari.com\/fr\/wp-json\/wp\/v2\/pages"}],"about":[{"href":"https:\/\/mistersafari.com\/fr\/wp-json\/wp\/v2\/types\/page"}],"author":[{"embeddable":true,"href":"https:\/\/mistersafari.com\/fr\/wp-json\/wp\/v2\/users\/3"}],"replies":[{"embeddable":true,"href":"https:\/\/mistersafari.com\/fr\/wp-json\/wp\/v2\/comments?post=4446"}],"version-history":[{"count":10,"href":"https:\/\/mistersafari.com\/fr\/wp-json\/wp\/v2\/pages\/4446\/revisions"}],"predecessor-version":[{"id":4522,"href":"https:\/\/mistersafari.com\/fr\/wp-json\/wp\/v2\/pages\/4446\/revisions\/4522"}],"up":[{"embeddable":true,"href":"https:\/\/mistersafari.com\/fr\/wp-json\/wp\/v2\/pages\/1095"}],"wp:featuredmedia":[{"embeddable":true,"href":"https:\/\/mistersafari.com\/fr\/wp-json\/wp\/v2\/media\/4462"}],"wp:attachment":[{"href":"https:\/\/mistersafari.com\/fr\/wp-json\/wp\/v2\/media?parent=4446"}],"wp:term":[{"taxonomy":"content_type","embeddable":true,"href":"https:\/\/mistersafari.com\/fr\/wp-json\/wp\/v2\/content_type?post=4446"},{"taxonomy":"country","embeddable":true,"href":"https:\/\/mistersafari.com\/fr\/wp-json\/wp\/v2\/country?post=4446"}],"curies":[{"name":"wp","href":"https:\/\/api.w.org\/{rel}","templated":true}]}}