{"id":4371,"date":"2021-09-17T15:07:48","date_gmt":"2021-09-17T15:07:48","guid":{"rendered":"https:\/\/mistersafari.com\/fr\/?page_id=4371"},"modified":"2021-10-21T14:09:35","modified_gmt":"2021-10-21T14:09:35","slug":"croisiere-fleuve-zambeze","status":"publish","type":"page","link":"https:\/\/mistersafari.com\/fr\/safari-zambie\/croisiere-fleuve-zambeze\/","title":{"rendered":"Croisi\u00e8re sur le fleuve Zamb\u00e8ze"},"content":{"rendered":"\n<p>Entre la Zambie, la Namibie, le Botswana et le Zimbabwe, le fleuve Zamb\u00e8ze explore l\u2019Afrique australe. Et si vous aussi, vous souhaitez d\u00e9couvrir cette partie du continent, pourquoi ne pas faire une croisi\u00e8re sur le fleuve Zamb\u00e8ze ? Entre paysages exceptionnels, faune riche et vari\u00e9e, et s\u00e9jour de luxe, le Zamb\u00e8ze vous fera vivre une exp\u00e9rience unique.&nbsp;<\/p>\n\n\n<div id=\"ez-toc-container\" class=\"ez-toc-v2_0_76 counter-flat ez-toc-counter ez-toc-custom ez-toc-container-direction\">\n<div class=\"ez-toc-title-container\"><p class=\"ez-toc-title\" style=\"cursor:inherit\">Sommaire<\/p>\n<\/div><nav><ul class='ez-toc-list ez-toc-list-level-1 ' ><li class='ez-toc-page-1'><a class=\"ez-toc-link ez-toc-heading-1\" href=\"https:\/\/mistersafari.com\/fr\/safari-zambie\/croisiere-fleuve-zambeze\/#croisiere-sur-le-fleuve-zambeze-les-raisons-du-succes\">Croisi\u00e8re sur le fleuve Zamb\u00e8ze : les raisons du succ\u00e8s<\/a><\/li><li class='ez-toc-page-1'><a class=\"ez-toc-link ez-toc-heading-2\" href=\"https:\/\/mistersafari.com\/fr\/safari-zambie\/croisiere-fleuve-zambeze\/#quelques-exemples-de-croisiere-sur-le-zambeze\">Quelques exemples de croisi\u00e8re sur le Zamb\u00e8ze<\/a><\/li><li class='ez-toc-page-1'><a class=\"ez-toc-link ez-toc-heading-3\" href=\"https:\/\/mistersafari.com\/fr\/safari-zambie\/croisiere-fleuve-zambeze\/#combien-coute-une-croisiere-sur-le-zambeze\">Combien co\u00fbte une croisi\u00e8re sur le Zamb\u00e8ze ?<\/a><\/li><li class='ez-toc-page-1'><a class=\"ez-toc-link ez-toc-heading-4\" href=\"https:\/\/mistersafari.com\/fr\/safari-zambie\/croisiere-fleuve-zambeze\/#quand-partir-en-croisiere-safari-sur-le-zambeze\">Quand partir en croisi\u00e8re safari sur le Zamb\u00e8ze ?<\/a><\/li><\/ul><\/nav><\/div>\n\n\n\n\n<h2 class=\"wp-block-heading\"><span class=\"ez-toc-section\" id=\"croisiere-sur-le-fleuve-zambeze-les-raisons-du-succes\"><\/span>Croisi\u00e8re sur le fleuve Zamb\u00e8ze : les raisons du succ\u00e8s<span class=\"ez-toc-section-end\"><\/span><\/h2>\n\n\n\n<h3 class=\"wp-block-heading\">Un voyage de luxe et d\u2019exception<\/h3>\n\n\n\n<p>D\u00e9couvrir l\u2019Afrique australe au rythme lent du fleuve, voil\u00e0 la promesse offerte par une croisi\u00e8re de luxe sur le Zamb\u00e8ze.&nbsp;Et pour parfaire votre s\u00e9jour aquatique, le choix du bateau est primordial. C\u2019est-\u00e0-dire, avec des prestations haut de gamme et confort absolu. Parmi les navires effectuant la travers\u00e9e sur le Zamb\u00e8ze tout en r\u00e9pondant \u00e0 ces crit\u00e8res, il y a le Zambezi Queen. Avec ses 42 m\u00e8tres de longueur, cette embarcation accueille 28 personnes. <\/p>\n\n\n\n<p>Mais surtout, le Zambezi Queen est un bateau \u00e9cologique avec panneau photovolta\u00efque, piscine, salle de lecture, restaurant panoramique, et salon d\u2019observation. Ainsi, vous ne risquez pas de vous ennuyer entre vos escales sur les plus beaux sites de la Zambie et du Zimbabwe.&nbsp;<\/p>\n\n\n\n<div class=\"wp-block-image\"><figure class=\"aligncenter size-full\"><picture><source srcset=\"https:\/\/mistersafari.com\/fr\/wp-content\/uploads\/sites\/2\/zambezi-queen-chobe-river-cruise.webp 1200w,https:\/\/mistersafari.com\/fr\/wp-content\/uploads\/sites\/2\/zambezi-queen-chobe-river-cruise-300x158.webp 300w,https:\/\/mistersafari.com\/fr\/wp-content\/uploads\/sites\/2\/zambezi-queen-chobe-river-cruise-1024x538.webp 1024w,https:\/\/mistersafari.com\/fr\/wp-content\/uploads\/sites\/2\/zambezi-queen-chobe-river-cruise-768x404.webp 768w\" sizes=\"auto, (max-width: 1200px) 100vw, 1200px\" type=\"image\/webp\"><img src=\"https:\/\/mistersafari.com\/fr\/wp-content\/uploads\/sites\/2\/zambezi-queen-chobe-river-cruise.jpg\" height=\"631\" width=\"1200\" srcset=\"https:\/\/mistersafari.com\/fr\/wp-content\/uploads\/sites\/2\/zambezi-queen-chobe-river-cruise.jpg 1200w, https:\/\/mistersafari.com\/fr\/wp-content\/uploads\/sites\/2\/zambezi-queen-chobe-river-cruise-300x158.jpg 300w, https:\/\/mistersafari.com\/fr\/wp-content\/uploads\/sites\/2\/zambezi-queen-chobe-river-cruise-1024x538.jpg 1024w, https:\/\/mistersafari.com\/fr\/wp-content\/uploads\/sites\/2\/zambezi-queen-chobe-river-cruise-768x404.jpg 768w\" sizes=\"auto, (max-width: 1200px) 100vw, 1200px\" class=\"wp-image-4375 sp-no-webp\" alt=\"zambezi queen\" loading=\"lazy\" decoding=\"async\"  > <\/picture><figcaption>Le bateau de croisi\u00e8re Zambezi Queen<em> (source : <a href=\"https:\/\/www.chobe.com\/zambezi-queen.php\" target=\"_blank\" data-type=\"URL\" data-id=\"https:\/\/www.chobe.com\/zambezi-queen.php\" rel=\"noreferrer noopener\">site officiel de Chobe National Park<\/a><\/em>)<\/figcaption><\/figure><\/div>\n\n\n\n<h3 class=\"wp-block-heading\">La d\u00e9couverte des Chutes Victoria<\/h3>\n\n\n\n<p>Le Zamb\u00e8ze est particuli\u00e8rement c\u00e9l\u00e8bre pour accueillir <a href=\"https:\/\/mistersafari.com\/fr\/safari-zimbabwe\/parcs-reserves\/parc-national-chutes-victoria\/\" data-type=\"page\" data-id=\"3817\">les chutes Victoria<\/a>, qui sont les plus hautes chutes d&rsquo;eau d&rsquo;Afrique et les deuxi\u00e8mes plus hautes du monde.&nbsp;<\/p>\n\n\n\n<p class=\"callout-green\">Sur 100 m\u00e8tres de hauteur et 1 700 m\u00e8tres de largeur, le fleuve se jette dans le vide vous offrant ainsi un spectacle exceptionnel. <\/p>\n\n\n\n<p>Celles que l\u2019on appelle \u00e9galement la fum\u00e9e qui gronde, ou Mosi-oa-Tunya pour les locaux, vous impressionneront par leur immensit\u00e9. Mais aussi par le retentissement au contact du sol, et par la brume qui transforme l\u2019atmosph\u00e8re.<\/p>\n\n\n\n<div class=\"wp-block-image\"><figure class=\"aligncenter size-large\"><picture><source srcset=\"https:\/\/mistersafari.com\/fr\/wp-content\/uploads\/sites\/2\/victoria-falls-zambezi-993x1024.webp 993w,https:\/\/mistersafari.com\/fr\/wp-content\/uploads\/sites\/2\/victoria-falls-zambezi-291x300.webp 291w,https:\/\/mistersafari.com\/fr\/wp-content\/uploads\/sites\/2\/victoria-falls-zambezi-768x792.webp 768w,https:\/\/mistersafari.com\/fr\/wp-content\/uploads\/sites\/2\/victoria-falls-zambezi.webp 1164w\" sizes=\"auto, (max-width: 993px) 100vw, 993px\" type=\"image\/webp\"><img src=\"https:\/\/mistersafari.com\/fr\/wp-content\/uploads\/sites\/2\/victoria-falls-zambezi-993x1024.jpg\" height=\"1024\" width=\"993\" srcset=\"https:\/\/mistersafari.com\/fr\/wp-content\/uploads\/sites\/2\/victoria-falls-zambezi-993x1024.jpg 993w, https:\/\/mistersafari.com\/fr\/wp-content\/uploads\/sites\/2\/victoria-falls-zambezi-291x300.jpg 291w, https:\/\/mistersafari.com\/fr\/wp-content\/uploads\/sites\/2\/victoria-falls-zambezi-768x792.jpg 768w, https:\/\/mistersafari.com\/fr\/wp-content\/uploads\/sites\/2\/victoria-falls-zambezi.jpg 1164w\" sizes=\"auto, (max-width: 993px) 100vw, 993px\" class=\"wp-image-4379 sp-no-webp\" alt=\"chutes de victoria\" loading=\"lazy\" decoding=\"async\"  > <\/picture><figcaption>Les chutes de Victoria<\/figcaption><\/figure><\/div>\n\n\n\n<p>Alors pour votre croisi\u00e8re sur le Zamb\u00e8ze, les Victoria Falls doivent imp\u00e9rativement figurer parmi vos escales. Vous pourrez ensuite les explorer \u00e0 pied, ou dans les airs avec un vol en h\u00e9licopt\u00e8re.&nbsp;<\/p>\n\n\n\n<h3 class=\"wp-block-heading\">La faune \u00e0 admirer tout au long de la croisi\u00e8re&nbsp;<\/h3>\n\n\n\n<p>Une croisi\u00e8re sur le Zamb\u00e8ze est aussi l\u2019occasion de d\u00e9couvrir l\u2019Afrique australe d\u2019une autre mani\u00e8re. En effet, pendant la saison s\u00e8che, les animaux se regroupent autour des fleuves pour s\u2019abreuver. Vous pourrez ainsi observer les nombreux troupeaux d\u2019animaux qui se r\u00e9unissent aux abords du fleuve : des \u00e9l\u00e9phants, des girafes, des lions, des gnous, des buffles, etc. Ils sont parfois pr\u00e9sents par centaine. Et \u00e0 l\u2019int\u00e9rieur m\u00eame du fleuve, les hippopotames et les crocodiles se d\u00e9veloppent.&nbsp;<\/p>\n\n\n\n<div class=\"wp-block-image\"><figure class=\"aligncenter size-full\"><picture><source srcset=\"https:\/\/mistersafari.com\/fr\/wp-content\/uploads\/sites\/2\/hippopotames-zambezi.webp 1200w,https:\/\/mistersafari.com\/fr\/wp-content\/uploads\/sites\/2\/hippopotames-zambezi-300x182.webp 300w,https:\/\/mistersafari.com\/fr\/wp-content\/uploads\/sites\/2\/hippopotames-zambezi-1024x621.webp 1024w,https:\/\/mistersafari.com\/fr\/wp-content\/uploads\/sites\/2\/hippopotames-zambezi-768x466.webp 768w\" sizes=\"auto, (max-width: 1200px) 100vw, 1200px\" type=\"image\/webp\"><img src=\"https:\/\/mistersafari.com\/fr\/wp-content\/uploads\/sites\/2\/hippopotames-zambezi.jpg\" height=\"728\" width=\"1200\" srcset=\"https:\/\/mistersafari.com\/fr\/wp-content\/uploads\/sites\/2\/hippopotames-zambezi.jpg 1200w, https:\/\/mistersafari.com\/fr\/wp-content\/uploads\/sites\/2\/hippopotames-zambezi-300x182.jpg 300w, https:\/\/mistersafari.com\/fr\/wp-content\/uploads\/sites\/2\/hippopotames-zambezi-1024x621.jpg 1024w, https:\/\/mistersafari.com\/fr\/wp-content\/uploads\/sites\/2\/hippopotames-zambezi-768x466.jpg 768w\" sizes=\"auto, (max-width: 1200px) 100vw, 1200px\" class=\"wp-image-4382 sp-no-webp\" alt=\"hippopotames fleuve zambezi\" loading=\"lazy\" decoding=\"async\"  > <\/picture><\/figure><\/div>\n\n\n\n<p>Votre croisi\u00e8re safari sur le Zamb\u00e8ze vous permettra alors d\u2019admirer la faune sauvage dans son habitat naturel.&nbsp;<\/p>\n\n\n\n<h3 class=\"wp-block-heading\">Des activit\u00e9s pour toute la famille<\/h3>\n\n\n\n<p>Une croisi\u00e8re sur le Zamb\u00e8ze vous permet de vous d\u00e9placer au sein des plus beaux coins d\u2019Afrique, et de voir d&rsquo;une fa\u00e7on unique. Mais c\u2019est aussi l\u2019occasion de faire le plein d\u2019activit\u00e9s. Vous pourrez ainsi arr\u00eater pour un <a href=\"https:\/\/mistersafari.com\/fr\/safari-zambie\/\" data-type=\"page\" data-id=\"2795\">safari au Zambie <\/a>le temps de quelques heures, faire un tour en h\u00e9licopt\u00e8re ou un saut \u00e0 l&rsquo;\u00e9lastique \u00e0 proximit\u00e9 des chutes Victoria.&nbsp;<\/p>\n\n\n\n<p>Et quand vous \u00eates sur le bateau, les activit\u00e9s ne manquent pas non plus. Les amateurs de p\u00eache pourront tenter de capturer le c\u00e9l\u00e8bre tiger fish. Et ceux qui souhaitent se relaxer profiteront de la piscine.&nbsp;<\/p>\n\n\n\n<h2 class=\"wp-block-heading\"><span class=\"ez-toc-section\" id=\"quelques-exemples-de-croisiere-sur-le-zambeze\"><\/span>Quelques exemples de croisi\u00e8re sur le Zamb\u00e8ze<span class=\"ez-toc-section-end\"><\/span><\/h2>\n\n\n\n<h3 class=\"wp-block-heading\">Une croisi\u00e8re pour les budgets limit\u00e9s<\/h3>\n\n\n\n<p>Si votre temps et votre budget sont limit\u00e9s, il est tout \u00e0 fait possible de pr\u00e9voir une croisi\u00e8re sur le Zamb\u00e8ze pour seulement quelques heures.&nbsp;<\/p>\n\n\n\n<p>Dans ce cas, vous devez choisir avec attention le spot et l\u2019horaire. Le meilleur moment est alors de faire une croisi\u00e8re au coucher du soleil. Vous profiterez ainsi de la nature sauvage dans un d\u00e9cor exceptionnel. Quant au point de d\u00e9part, il n\u2019y a aucun doute ! Les pieds des chutes Victoria sont un must do.&nbsp;<\/p>\n\n\n\n<h3 class=\"wp-block-heading\">Une croisi\u00e8re en famille<\/h3>\n\n\n\n<p>Pour un s\u00e9jour en famille lors d\u2019une croisi\u00e8re sur le Zamb\u00e8ze, le plus important est sans doute l\u2019observation des animaux. Pour cela, voici la croisi\u00e8re id\u00e9ale :&nbsp;<\/p>\n\n\n\n<ul class=\"wp-block-list\"><li><a href=\"https:\/\/mistersafari.com\/fr\/safari-zimbabwe\/parcs-reserves\/parc-national-chutes-victoria\/\" data-type=\"page\" data-id=\"3817\">Les chutes Victoria<\/a> ;\u00a0<\/li><li><a href=\"https:\/\/mistersafari.com\/fr\/safari-zimbabwe\/parcs-reserves\/parc-national-hwange\/\" data-type=\"page\" data-id=\"5486\">Le parc national de Hwange<\/a> ;\u00a0<\/li><li><a href=\"https:\/\/mistersafari.com\/fr\/safari-zimbabwe\/\" data-type=\"page\" data-id=\"2824\">Le lac Kariba<\/a>.\u00a0<\/li><\/ul>\n\n\n\n<p>Tout au long de votre parcours, les hippopotames et les crocodiles se d\u00e9placent dans le fleuve. Et lors de vos escales, vous pourrez aussi admirer les buffles, les rhinoc\u00e9ros, les \u00e9l\u00e9phants, les girafes ou encore les lions.&nbsp;<\/p>\n\n\n\n<h3 class=\"wp-block-heading\">Une croisi\u00e8re de luxe&nbsp;<\/h3>\n\n\n\n<p>Si vous avez le temps, profitez-en pour d\u00e9couvrir toutes les merveilles d\u2019Afrique, que ce soit au Zimbabwe, au Botswana ou en Namibie. Voici un exemple de trajet pour une croisi\u00e8re de luxe sur le Zamb\u00e8ze :&nbsp;<\/p>\n\n\n\n<ul class=\"wp-block-list\"><li>Les chutes Victoria ;&nbsp;<\/li><li><a href=\"https:\/\/mistersafari.com\/fr\/safari-zimbabwe\/parcs-reserves\/parc-national-bas-zambeze\/\" data-type=\"page\" data-id=\"3957\">Le parc national de Zamb\u00e8ze<\/a> ;<\/li><li>\u00cele d\u2019Impalila en Namibie ;<\/li><li>Kasane au Botswana ;<\/li><li><a href=\"https:\/\/mistersafari.com\/fr\/safari-botswana\/parcs-reserves\/delta-okavango\/\" data-type=\"page\" data-id=\"3081\">Le delta de l\u2019Okavango<\/a> ;<\/li><li><a href=\"https:\/\/mistersafari.com\/fr\/safari-botswana\/parcs-reserves\/moremi-game-reserve\/\" data-type=\"page\" data-id=\"2959\">La r\u00e9serve de Moremi<\/a>.&nbsp;<\/li><\/ul>\n\n\n\n<div class=\"wp-block-image\"><figure class=\"aligncenter size-full\"><picture><source srcset=\"https:\/\/mistersafari.com\/fr\/wp-content\/uploads\/sites\/2\/delta-croisiere-1.webp 1129w,https:\/\/mistersafari.com\/fr\/wp-content\/uploads\/sites\/2\/delta-croisiere-1-282x300.webp 282w,https:\/\/mistersafari.com\/fr\/wp-content\/uploads\/sites\/2\/delta-croisiere-1-964x1024.webp 964w,https:\/\/mistersafari.com\/fr\/wp-content\/uploads\/sites\/2\/delta-croisiere-1-768x816.webp 768w\" sizes=\"auto, (max-width: 1129px) 100vw, 1129px\" type=\"image\/webp\"><img src=\"https:\/\/mistersafari.com\/fr\/wp-content\/uploads\/sites\/2\/delta-croisiere-1.jpg\" height=\"1200\" width=\"1129\" srcset=\"https:\/\/mistersafari.com\/fr\/wp-content\/uploads\/sites\/2\/delta-croisiere-1.jpg 1129w, https:\/\/mistersafari.com\/fr\/wp-content\/uploads\/sites\/2\/delta-croisiere-1-282x300.jpg 282w, https:\/\/mistersafari.com\/fr\/wp-content\/uploads\/sites\/2\/delta-croisiere-1-964x1024.jpg 964w, https:\/\/mistersafari.com\/fr\/wp-content\/uploads\/sites\/2\/delta-croisiere-1-768x816.jpg 768w\" sizes=\"auto, (max-width: 1129px) 100vw, 1129px\" class=\"wp-image-4376 sp-no-webp\" alt=\"\" loading=\"lazy\" decoding=\"async\"  > <\/picture><figcaption>Le <span style=\"font-size: inherit\">delta de l\u2019Okavango <\/span> <\/figcaption><\/figure><\/div>\n\n\n\n<h2 class=\"wp-block-heading\"><span class=\"ez-toc-section\" id=\"combien-coute-une-croisiere-sur-le-zambeze\"><\/span>Combien co\u00fbte une croisi\u00e8re sur le Zamb\u00e8ze ?<span class=\"ez-toc-section-end\"><\/span><\/h2>\n\n\n\n<p>Les tarifs d&rsquo;une croisi\u00e8re sur le Zamb\u00e8ze d\u00e9pendent en r\u00e9alit\u00e9 du nombre de jours, et notamment des escales r\u00e9alis\u00e9es.&nbsp;<\/p>\n\n\n\n<p>Par exemple, une croisi\u00e8re de 10 jours avec plusieurs activit\u00e9s peut atteindre les 5 000 \u20ac (h\u00e9bergement compris).&nbsp; S\u2019il s\u2019agit simplement d\u2019un d\u00eener croisi\u00e8re sur le Zamb\u00e8ze au coucher de soleil, vous pourrez trouver des tarifs entre 50 et 100 \u20ac.&nbsp;<\/p>\n\n\n\n<h2 class=\"wp-block-heading\"><span class=\"ez-toc-section\" id=\"quand-partir-en-croisiere-safari-sur-le-zambeze\"><\/span>Quand partir en croisi\u00e8re safari sur le Zamb\u00e8ze ?<span class=\"ez-toc-section-end\"><\/span><\/h2>\n\n\n\n<p>Afin de profiter au maximum de votre croisi\u00e8re en Zambie, l\u2019id\u00e9al est de partir pendant la saison s\u00e8che, soit d&rsquo;avril \u00e0 octobre. C\u2019est \u00e0 cette p\u00e9riode que les animaux se regroupent le long du fleuve pour s\u2019abreuver. Et pour \u00eatre s\u00fbr de bien les voir, privil\u00e9giez la fin de la saison s\u00e8che. En effet, la concentration des troupeaux est encore plus importante en raison du manque d\u2019eau.&nbsp;<\/p>\n","protected":false},"excerpt":{"rendered":"<p>Entre la Zambie, la Namibie, le Botswana et le Zimbabwe, le fleuve Zamb\u00e8ze explore l\u2019Afrique australe. Et si vous aussi, vous souhaitez d\u00e9couvrir cette partie du continent, pourquoi ne pas faire une croisi\u00e8re sur le fleuve Zamb\u00e8ze ? Entre paysages exceptionnels, faune riche et vari\u00e9e, et s\u00e9jour de luxe, le Zamb\u00e8ze vous fera vivre une &#8230; <a title=\"Croisi\u00e8re sur le fleuve Zamb\u00e8ze\" class=\"read-more\" href=\"https:\/\/mistersafari.com\/fr\/safari-zambie\/croisiere-fleuve-zambeze\/\" aria-label=\"En savoir plus sur Croisi\u00e8re sur le fleuve Zamb\u00e8ze\">Lire la suite<\/a><\/p>\n","protected":false},"author":3,"featured_media":4384,"parent":2795,"menu_order":2,"comment_status":"closed","ping_status":"closed","template":"","meta":{"_acf_changed":false,"footnotes":""},"content_type":[],"country":[],"class_list":{"0":"post-4371","1":"page","2":"type-page","3":"status-publish","4":"has-post-thumbnail","6":"no-featured-image-padding"},"acf":{"hreflang":null},"_links":{"self":[{"href":"https:\/\/mistersafari.com\/fr\/wp-json\/wp\/v2\/pages\/4371","targetHints":{"allow":["GET"]}}],"collection":[{"href":"https:\/\/mistersafari.com\/fr\/wp-json\/wp\/v2\/pages"}],"about":[{"href":"https:\/\/mistersafari.com\/fr\/wp-json\/wp\/v2\/types\/page"}],"author":[{"embeddable":true,"href":"https:\/\/mistersafari.com\/fr\/wp-json\/wp\/v2\/users\/3"}],"replies":[{"embeddable":true,"href":"https:\/\/mistersafari.com\/fr\/wp-json\/wp\/v2\/comments?post=4371"}],"version-history":[{"count":11,"href":"https:\/\/mistersafari.com\/fr\/wp-json\/wp\/v2\/pages\/4371\/revisions"}],"predecessor-version":[{"id":5644,"href":"https:\/\/mistersafari.com\/fr\/wp-json\/wp\/v2\/pages\/4371\/revisions\/5644"}],"up":[{"embeddable":true,"href":"https:\/\/mistersafari.com\/fr\/wp-json\/wp\/v2\/pages\/2795"}],"wp:featuredmedia":[{"embeddable":true,"href":"https:\/\/mistersafari.com\/fr\/wp-json\/wp\/v2\/media\/4384"}],"wp:attachment":[{"href":"https:\/\/mistersafari.com\/fr\/wp-json\/wp\/v2\/media?parent=4371"}],"wp:term":[{"taxonomy":"content_type","embeddable":true,"href":"https:\/\/mistersafari.com\/fr\/wp-json\/wp\/v2\/content_type?post=4371"},{"taxonomy":"country","embeddable":true,"href":"https:\/\/mistersafari.com\/fr\/wp-json\/wp\/v2\/country?post=4371"}],"curies":[{"name":"wp","href":"https:\/\/api.w.org\/{rel}","templated":true}]}}