{"id":4276,"date":"2021-09-15T18:37:26","date_gmt":"2021-09-15T18:37:26","guid":{"rendered":"https:\/\/mistersafari.com\/fr\/?page_id=4276"},"modified":"2021-09-15T18:37:27","modified_gmt":"2021-09-15T18:37:27","slug":"parc-national-skeleton-coast","status":"publish","type":"page","link":"https:\/\/mistersafari.com\/fr\/safari-namibie\/parcs-reserves\/parc-national-skeleton-coast\/","title":{"rendered":"Parc National de la Skeleton Coast"},"content":{"rendered":"\n<p>Entre oc\u00e9an et d\u00e9sert se dresse le parc national le plus mystique de la Namibie : la Skeleton Coast. Aussi appel\u00e9 \u00ab porte de l\u2019enfer \u00bb en raison des nombreuses \u00e9paves qui jonchent le sable, ce parc est un lieu myst\u00e9rieux. On raconte de nombreuses l\u00e9gendes \u00e0 son propos. Vous souhaitez en d\u00e9couvrir plus sur la Skeleton Coast ? Nous vous donnons les informations essentielles \u00e0 conna\u00eetre avant de se rendre sur ce site incontournable.<\/p>\n\n\n<div id=\"ez-toc-container\" class=\"ez-toc-v2_0_76 counter-flat ez-toc-counter ez-toc-custom ez-toc-container-direction\">\n<div class=\"ez-toc-title-container\"><p class=\"ez-toc-title\" style=\"cursor:inherit\">Sommaire<\/p>\n<\/div><nav><ul class='ez-toc-list ez-toc-list-level-1 ' ><li class='ez-toc-page-1'><a class=\"ez-toc-link ez-toc-heading-1\" href=\"https:\/\/mistersafari.com\/fr\/safari-namibie\/parcs-reserves\/parc-national-skeleton-coast\/#pourquoi-se-rendre-au-parc-national-de-la-skeleton-coast\" >Pourquoi se rendre au Parc National de la Skeleton Coast ?<\/a><\/li><li class='ez-toc-page-1'><a class=\"ez-toc-link ez-toc-heading-2\" href=\"https:\/\/mistersafari.com\/fr\/safari-namibie\/parcs-reserves\/parc-national-skeleton-coast\/#comment-se-rendre-au-parc-national-de-la-skeleton-coast\" >Comment se rendre au Parc National de la Skeleton Coast<\/a><\/li><li class='ez-toc-page-1'><a class=\"ez-toc-link ez-toc-heading-3\" href=\"https:\/\/mistersafari.com\/fr\/safari-namibie\/parcs-reserves\/parc-national-skeleton-coast\/#tarifs-et-reglementation\" >Tarifs et r\u00e9glementation<\/a><\/li><li class='ez-toc-page-1'><a class=\"ez-toc-link ez-toc-heading-4\" href=\"https:\/\/mistersafari.com\/fr\/safari-namibie\/parcs-reserves\/parc-national-skeleton-coast\/#ou-dormir-au-parc-national-de-la-skeleton-coast\" >O\u00f9 dormir au Parc National de la Skeleton Coast<\/a><\/li><li class='ez-toc-page-1'><a class=\"ez-toc-link ez-toc-heading-5\" href=\"https:\/\/mistersafari.com\/fr\/safari-namibie\/parcs-reserves\/parc-national-skeleton-coast\/#le-parc-national-de-la-skeleton-coast-autres-informations-pratiques\" >Le Parc National de la Skeleton Coast : autres informations pratiques<\/a><\/li><\/ul><\/nav><\/div>\n\n\n\n\n<h2 class=\"wp-block-heading\"><span class=\"ez-toc-section\" id=\"pourquoi-se-rendre-au-parc-national-de-la-skeleton-coast\"><\/span>Pourquoi se rendre au Parc National de la Skeleton Coast ?<span class=\"ez-toc-section-end\"><\/span><\/h2>\n\n\n\n<h3 class=\"wp-block-heading\">Un safari dans le Parc National de la Skeleton Coast<\/h3>\n\n\n\n<p>Situ\u00e9 \u00e0 600 km au nord de la capitale Windhoek, le parc national de la Skeleton Coast est un endroit magique. Bien qu\u2019inhospitalier, on est subjugu\u00e9 par l\u2019horizon d\u00e9sertique de cette C\u00f4te des Squelettes. Le parc est compos\u00e9 de 2 sections : la section sud et la section nord. La premi\u00e8re est accessible aux touristes tandis que la deuxi\u00e8me est interdite en raison des risques d\u2019ensablement.<\/p>\n\n\n\n<p>Cet endroit d\u00e9sol\u00e9 invite au voyage. Les panoramas d\u00e9filent au rythme de votre 4&#215;4. Les dunes de sable se ressemblent avec pour toile de fond l\u2019oc\u00e9an Atlantique. Les routes se transforment en piste au fil des kilom\u00e8tres.&nbsp;<\/p>\n\n\n\n<p>La faune et la flore sont presque inexistantes dans ce lieu hostile. Seule une plante a r\u00e9ussi \u00e0 s\u2019acclimater au d\u00e9sert : la <em>Welwitschia mirabilis. <\/em>On estime son \u00e2ge entre 1 000 et 2 000 ans. Elle est compos\u00e9e d\u2019un tronc et de 2 feuilles en ruban. Pouvant atteindre jusqu\u2019\u00e0 4 m\u00e8tres, elle a une robustesse incroyable. M\u00eame Charles Darwin aurait \u00e9t\u00e9 impressionn\u00e9.<\/p>\n\n\n\n<p>Les animaux sauvages se font rares. Mais ceux qui se sont adapt\u00e9s au climat hostile ont des capacit\u00e9s de survie impressionnantes. Des scientifiques ont remarqu\u00e9 que certains lions du d\u00e9sert se nourrissaient de phoques, de cormorans, de flamants roses et d\u2019otaries \u00e0 fourrure !<\/p>\n\n\n\n<div class=\"wp-block-image\"><figure class=\"aligncenter size-full\"><picture><source srcset=\"https:\/\/mistersafari.com\/fr\/wp-content\/uploads\/sites\/2\/phoques-skeleton-coast.webp 1200w,https:\/\/mistersafari.com\/fr\/wp-content\/uploads\/sites\/2\/phoques-skeleton-coast-300x200.webp 300w,https:\/\/mistersafari.com\/fr\/wp-content\/uploads\/sites\/2\/phoques-skeleton-coast-1024x683.webp 1024w,https:\/\/mistersafari.com\/fr\/wp-content\/uploads\/sites\/2\/phoques-skeleton-coast-768x512.webp 768w\" sizes=\"auto, (max-width: 1200px) 100vw, 1200px\" type=\"image\/webp\"><img src=\"https:\/\/mistersafari.com\/fr\/wp-content\/uploads\/sites\/2\/phoques-skeleton-coast.jpg\" height=\"800\" width=\"1200\" srcset=\"https:\/\/mistersafari.com\/fr\/wp-content\/uploads\/sites\/2\/phoques-skeleton-coast.jpg 1200w, https:\/\/mistersafari.com\/fr\/wp-content\/uploads\/sites\/2\/phoques-skeleton-coast-300x200.jpg 300w, https:\/\/mistersafari.com\/fr\/wp-content\/uploads\/sites\/2\/phoques-skeleton-coast-1024x683.jpg 1024w, https:\/\/mistersafari.com\/fr\/wp-content\/uploads\/sites\/2\/phoques-skeleton-coast-768x512.jpg 768w\" sizes=\"auto, (max-width: 1200px) 100vw, 1200px\" class=\"wp-image-4285 sp-no-webp\" alt=\"phoques du Parc National de la Skeleton Coast\" loading=\"lazy\" decoding=\"async\"  > <\/picture><figcaption>Les phoques au Parc National  de la C\u00f4te des Squelettes <\/figcaption><\/figure><\/div>\n\n\n\n<p>Si vous avez un peu de chance, vous croiserez un caracal qui vous d\u00e9visagera avant de s\u2019\u00e9clipser. Quelques hy\u00e8nes longent \u00e9galement les c\u00f4tes \u00e0 la recherche de phoques \u00e9chou\u00e9s \u00e0 se mettre sous la dent.<\/p>\n\n\n\n<p class=\"callout-blue\">Il est indispensable d\u2019\u00eatre \u00e9quip\u00e9 d\u2019une roue de secours en cas de crevaison.<\/p>\n\n\n\n<h3 class=\"wp-block-heading\">Les autres activit\u00e9s \u00e0 faire<\/h3>\n\n\n\n<h4 class=\"wp-block-heading\">Tour en h\u00e9licopt\u00e8re<\/h4>\n\n\n\n<p>Vous souhaitez prendre de la hauteur en admirant les dunes du d\u00e9sert du Namib ? Si vous avez assez de budget, le tour en h\u00e9licopt\u00e8re est une activit\u00e9 incontournable. Depuis la cabine, vous apercevez au loin les carcasses de quelques bateaux \u00e9chou\u00e9s. La juxtaposition de l\u2019oc\u00e9an, de la plage de sable fin et du d\u00e9sert rend le paysage magique. Cette vir\u00e9e dans les airs vous laissera de merveilleux souvenirs.<\/p>\n\n\n\n<h4 class=\"wp-block-heading\">Faire de la p\u00eache \u00e0 Terrace Bay<\/h4>\n\n\n\n<p>Skeleton Coast est le paradis des p\u00eacheurs. Ils profitent du courant froid maritime de Benguela pour intercepter les poissons. Les amateurs de p\u00eache seront donc ravis de pratiquer leur activit\u00e9 favorite dans un lieu aussi exceptionnel. Ces excursions de p\u00eache sont en g\u00e9n\u00e9ral r\u00e9alis\u00e9es sur le concept du \u00ab catch and release \u00bb : les poissons sont p\u00each\u00e9s puis rel\u00e2ch\u00e9s imm\u00e9diatement.<\/p>\n\n\n\n<h2 class=\"wp-block-heading\"><span class=\"ez-toc-section\" id=\"comment-se-rendre-au-parc-national-de-la-skeleton-coast\"><\/span>Comment se rendre au Parc National de la Skeleton Coast<span class=\"ez-toc-section-end\"><\/span><\/h2>\n\n\n\n<p>Pour vous rendre au parc national de la Skeleton Coast, la premi\u00e8re \u00e9tape est d\u2019atteindre la capitale en avion. Les vols directs ne sont pas tr\u00e8s courants. En g\u00e9n\u00e9ral, il faudra passer par Johannesburg puis prendre un avion vers Windhoek.<\/p>\n\n\n\n<p>Le parc national de la Skeleton Coast \u00e9tant un lieu d\u00e9sertique, prendre la route est l\u2019option la plus pratique. Pensez donc bien une fois arriv\u00e9 \u00e0 Windhoek \u00e0 louer un 4&#215;4. Les routes qui m\u00e8nent au parc sont la C39 et la C34.<\/p>\n\n\n\n<p>Les 2 entr\u00e9es principales pour vous rendre \u00e0 la Skeleton Coast sont :<\/p>\n\n\n\n<ul class=\"wp-block-list\"><li>Ugab Gate (sud du parc) ;<\/li><li>Springbokwasser.<\/li><\/ul>\n\n\n\n<div class=\"wp-block-image\"><figure class=\"aligncenter size-full\"><picture><source srcset=\"https:\/\/mistersafari.com\/fr\/wp-content\/uploads\/sites\/2\/desert-skeleton-coast.webp 1200w,https:\/\/mistersafari.com\/fr\/wp-content\/uploads\/sites\/2\/desert-skeleton-coast-300x199.webp 300w,https:\/\/mistersafari.com\/fr\/wp-content\/uploads\/sites\/2\/desert-skeleton-coast-1024x678.webp 1024w,https:\/\/mistersafari.com\/fr\/wp-content\/uploads\/sites\/2\/desert-skeleton-coast-768x509.webp 768w\" sizes=\"auto, (max-width: 1200px) 100vw, 1200px\" type=\"image\/webp\"><img src=\"https:\/\/mistersafari.com\/fr\/wp-content\/uploads\/sites\/2\/desert-skeleton-coast.jpg\" height=\"795\" width=\"1200\" srcset=\"https:\/\/mistersafari.com\/fr\/wp-content\/uploads\/sites\/2\/desert-skeleton-coast.jpg 1200w, https:\/\/mistersafari.com\/fr\/wp-content\/uploads\/sites\/2\/desert-skeleton-coast-300x199.jpg 300w, https:\/\/mistersafari.com\/fr\/wp-content\/uploads\/sites\/2\/desert-skeleton-coast-1024x678.jpg 1024w, https:\/\/mistersafari.com\/fr\/wp-content\/uploads\/sites\/2\/desert-skeleton-coast-768x509.jpg 768w\" sizes=\"auto, (max-width: 1200px) 100vw, 1200px\" class=\"wp-image-4286 sp-no-webp\" alt=\"d\u00e9sert c\u00f4tier de Skeleton Coast\" loading=\"lazy\" decoding=\"async\"  > <\/picture><\/figure><\/div>\n\n\n\n<h2 class=\"wp-block-heading\"><span class=\"ez-toc-section\" id=\"tarifs-et-reglementation\"><\/span>Tarifs et r\u00e9glementation<span class=\"ez-toc-section-end\"><\/span><\/h2>\n\n\n\n<h3 class=\"wp-block-heading\">Skeleton Coast : prix d\u2019entr\u00e9e<\/h3>\n\n\n\n<p>Voici le prix d\u2019entr\u00e9e pour la Skeleton Coast :<\/p>\n\n\n\n<ul class=\"wp-block-list\"><li>80 $ NAD \/ personne \/ jour (environ 5 \u20ac) ;<\/li><li>10 $ NAD \/ v\u00e9hicule \/ jour (environ 60 centimes).<\/li><\/ul>\n\n\n\n<h3 class=\"wp-block-heading\">R\u00e9glementation du parc<\/h3>\n\n\n\n<p>Pour acc\u00e9der \u00e0 la Skeleton Coast, il faut demander un permis. Ce graal est indispensable pour \u00eatre autoris\u00e9 \u00e0 visiter le parc. \u00c0 l\u2019int\u00e9rieur, vous ne pourrez aller que dans la section sud. La section nord-est est trop dangereuse avec des risques d\u2019ensablement.&nbsp;<\/p>\n\n\n\n<p>Voici le r\u00e8glementations \u00e0 suivre au sein du parc :<\/p>\n\n\n\n<ul class=\"wp-block-list\"><li>ramasser ses d\u00e9chets ;<\/li><li>ne pas acc\u00e9der \u00e0 la section nord ;<\/li><li>rester \u00e0 distance des animaux sauvages ;<\/li><li>&nbsp;respecter les horaires d\u2019ouverture et de fermeture du parc.<\/li><\/ul>\n\n\n\n<p>Plus d\u2019informations sont disponibles sur votre porte d\u2019entr\u00e9e.<\/p>\n\n\n\n<h2 class=\"wp-block-heading\"><span class=\"ez-toc-section\" id=\"ou-dormir-au-parc-national-de-la-skeleton-coast\"><\/span>O\u00f9 dormir au Parc National de la Skeleton Coast<span class=\"ez-toc-section-end\"><\/span><\/h2>\n\n\n\n<p>Il n\u2019y a pratiquement pas de logements au parc national de la Skeleton Coast mais ceux que vous trouverez seront accueillants et chaleureux. Pour dormir au parc, vous avez 2 possibilit\u00e9s : le camping ou les lodges.<\/p>\n\n\n\n<h3 class=\"wp-block-heading\">Le camping<\/h3>\n\n\n\n<p>Dans le parc national de la Skeleton Coast, le camping sauvage est interdit. Si vous souhaitez dormir en tentes, il faudra donc trouver un camping sur votre chemin. Ce type d\u2019h\u00e9bergement est fait pour les plus aventureux : la c\u00f4te des squelettes est tr\u00e8s venteuse.. Vous trouverez par exemple le Mile 108 entre Terrace Bay et Cape Cross.<\/p>\n\n\n\n<h3 class=\"wp-block-heading\">Les lodges<\/h3>\n\n\n\n<p>Les lodges sont des h\u00e9bergements un peu plus luxueux. Ils comprennent des logements en dur ou en semi-dur, une salle de bain, un restaurant et un bar. Dans le parc national de la Skeleton Coast, les 2 lodges les plus connus sont Terrace Bay Resort et Hoanib Skeleton Coast Camp. Ces logements partent tr\u00e8s vite, pensez \u00e0 vous y prendre tr\u00e8s en avance pour r\u00e9server.<\/p>\n\n\n\n<p>Avec la r\u00e9servation de certains lodges, il est possible d\u2019acc\u00e9der \u00e0 la partie nord du parc. Renseignez-vous bien sur les h\u00e9bergements qui proposent cette excursion avant de vous lancer.<\/p>\n\n\n\n<h2 class=\"wp-block-heading\"><span class=\"ez-toc-section\" id=\"le-parc-national-de-la-skeleton-coast-autres-informations-pratiques\"><\/span>Le Parc National de la Skeleton Coast : autres informations pratiques<span class=\"ez-toc-section-end\"><\/span><\/h2>\n\n\n\n<h3 class=\"wp-block-heading\">G\u00e9ographie<\/h3>\n\n\n\n<p>Le parc national de la Skeleton Coast est situ\u00e9 au nord-ouest de la Namibie. Sa superficie est de 16 845 km<sup>2<\/sup>. Les paysages varient beaucoup : l\u2019oc\u00e9an Atlantique le borde sur sa c\u00f4te ouest, tandis que les dunes de sable du d\u00e9sert de Namib c\u00f4toient les majestueuses plages de la Skeleton Coast.<\/p>\n\n\n\n<h3 class=\"wp-block-heading\">M\u00e9t\u00e9o<\/h3>\n\n\n\n<p>Les temp\u00e9ratures dans le parc sont assez stables toute l\u2019ann\u00e9e. Il fait en moyenne 15 degr\u00e9s le matin et 22 degr\u00e9s l\u2019apr\u00e8s-midi. L\u2019une des caract\u00e9ristiques de la Skeleton Coast est qu\u2019il est le lieu de rencontre entre l\u2019air chaud du d\u00e9sert et la brise marine froide de l\u2019oc\u00e9an Atlantique.<\/p>\n\n\n\n<div class=\"wp-block-image\"><figure class=\"aligncenter size-full\"><picture><source srcset=\"https:\/\/mistersafari.com\/fr\/wp-content\/uploads\/sites\/2\/terrace-bay.webp 1200w,https:\/\/mistersafari.com\/fr\/wp-content\/uploads\/sites\/2\/terrace-bay-300x200.webp 300w,https:\/\/mistersafari.com\/fr\/wp-content\/uploads\/sites\/2\/terrace-bay-1024x683.webp 1024w,https:\/\/mistersafari.com\/fr\/wp-content\/uploads\/sites\/2\/terrace-bay-768x512.webp 768w\" sizes=\"auto, (max-width: 1200px) 100vw, 1200px\" type=\"image\/webp\"><img src=\"https:\/\/mistersafari.com\/fr\/wp-content\/uploads\/sites\/2\/terrace-bay.jpg\" height=\"800\" width=\"1200\" srcset=\"https:\/\/mistersafari.com\/fr\/wp-content\/uploads\/sites\/2\/terrace-bay.jpg 1200w, https:\/\/mistersafari.com\/fr\/wp-content\/uploads\/sites\/2\/terrace-bay-300x200.jpg 300w, https:\/\/mistersafari.com\/fr\/wp-content\/uploads\/sites\/2\/terrace-bay-1024x683.jpg 1024w, https:\/\/mistersafari.com\/fr\/wp-content\/uploads\/sites\/2\/terrace-bay-768x512.jpg 768w\" sizes=\"auto, (max-width: 1200px) 100vw, 1200px\" class=\"wp-image-4290 sp-no-webp\" alt=\"Terrace Bay\" loading=\"lazy\" decoding=\"async\"  > <\/picture><figcaption> Les dangereuses vagues de Terrace Bay <\/figcaption><\/figure><\/div>\n\n\n\n<p>En cons\u00e9quence, un \u00e9pais brouillard se forme chaque matin. Il se dissipe en g\u00e9n\u00e9ral en milieu de matin\u00e9e avant de laisser place au soleil. Il ne pleut pratiquement jamais dans le parc national de la Skeleton Coast.<\/p>\n\n\n\n<h3 class=\"wp-block-heading\">Quand visiter<\/h3>\n\n\n\n<p>Il y a 2 saisons principales en Namibie :<\/p>\n\n\n\n<ul class=\"wp-block-list\"><li>la saison s\u00e8che de mai \u00e0 octobre ;<\/li><li>la saison des pluies de novembre \u00e0 avril.<\/li><\/ul>\n\n\n\n<p>Si vous venez pendant la saison s\u00e8che, il fera environ 25 degr\u00e9s l\u2019apr\u00e8s-midi alors que ce sera 20 degr\u00e9s pendant la saison des pluies. Mis \u00e0 part cette petite diff\u00e9rence, le temps est globalement le m\u00eame tout au long de l\u2019ann\u00e9e. La Skeleton Coast \u00e9tant un lieu d\u00e9sertique, les pr\u00e9cipitations sont tr\u00e8s faibles. Si vous venez hors saison, les prix seront s\u00fbrement plus avantageux.<\/p>\n","protected":false},"excerpt":{"rendered":"<p>Entre oc\u00e9an et d\u00e9sert se dresse le parc national le plus mystique de la Namibie : la Skeleton Coast. Aussi appel\u00e9 \u00ab porte de l\u2019enfer \u00bb en raison des nombreuses \u00e9paves qui jonchent le sable, ce parc est un lieu myst\u00e9rieux. On raconte de nombreuses l\u00e9gendes \u00e0 son propos. Vous souhaitez en d\u00e9couvrir plus sur &#8230; <a title=\"Parc National de la Skeleton Coast\" class=\"read-more\" href=\"https:\/\/mistersafari.com\/fr\/safari-namibie\/parcs-reserves\/parc-national-skeleton-coast\/\" aria-label=\"En savoir plus sur Parc National de la Skeleton Coast\">Lire la suite<\/a><\/p>\n","protected":false},"author":3,"featured_media":4301,"parent":3258,"menu_order":2,"comment_status":"closed","ping_status":"closed","template":"","meta":{"_acf_changed":false,"footnotes":""},"content_type":[],"country":[],"class_list":{"0":"post-4276","1":"page","2":"type-page","3":"status-publish","4":"has-post-thumbnail","6":"no-featured-image-padding"},"acf":{"hreflang":null},"_links":{"self":[{"href":"https:\/\/mistersafari.com\/fr\/wp-json\/wp\/v2\/pages\/4276","targetHints":{"allow":["GET"]}}],"collection":[{"href":"https:\/\/mistersafari.com\/fr\/wp-json\/wp\/v2\/pages"}],"about":[{"href":"https:\/\/mistersafari.com\/fr\/wp-json\/wp\/v2\/types\/page"}],"author":[{"embeddable":true,"href":"https:\/\/mistersafari.com\/fr\/wp-json\/wp\/v2\/users\/3"}],"replies":[{"embeddable":true,"href":"https:\/\/mistersafari.com\/fr\/wp-json\/wp\/v2\/comments?post=4276"}],"version-history":[{"count":20,"href":"https:\/\/mistersafari.com\/fr\/wp-json\/wp\/v2\/pages\/4276\/revisions"}],"predecessor-version":[{"id":4304,"href":"https:\/\/mistersafari.com\/fr\/wp-json\/wp\/v2\/pages\/4276\/revisions\/4304"}],"up":[{"embeddable":true,"href":"https:\/\/mistersafari.com\/fr\/wp-json\/wp\/v2\/pages\/3258"}],"wp:featuredmedia":[{"embeddable":true,"href":"https:\/\/mistersafari.com\/fr\/wp-json\/wp\/v2\/media\/4301"}],"wp:attachment":[{"href":"https:\/\/mistersafari.com\/fr\/wp-json\/wp\/v2\/media?parent=4276"}],"wp:term":[{"taxonomy":"content_type","embeddable":true,"href":"https:\/\/mistersafari.com\/fr\/wp-json\/wp\/v2\/content_type?post=4276"},{"taxonomy":"country","embeddable":true,"href":"https:\/\/mistersafari.com\/fr\/wp-json\/wp\/v2\/country?post=4276"}],"curies":[{"name":"wp","href":"https:\/\/api.w.org\/{rel}","templated":true}]}}