{"id":4195,"date":"2021-09-14T09:52:09","date_gmt":"2021-09-14T09:52:09","guid":{"rendered":"https:\/\/mistersafari.com\/fr\/?page_id=4195"},"modified":"2021-09-14T12:54:39","modified_gmt":"2021-09-14T12:54:39","slug":"liuwa-plain-national-park","status":"publish","type":"page","link":"https:\/\/mistersafari.com\/fr\/safari-zambie\/parcs-reserves\/liuwa-plain-national-park\/","title":{"rendered":"Liuwa Plain national park"},"content":{"rendered":"\n<p>\u00c0 l\u2019ouest de la Zambie, le Parc National de la plaine de Liuwa Plain (dont le nom anglais est Liuwa Plain National Park) est une destination de premier ordre pour les aventuriers cherchant \u00e0 sortir des sentiers battus. N\u00e9glig\u00e9 pendant de nombreuses ann\u00e9es jusqu\u2019en 2010, l&rsquo;African Parks Foundation lui a redonn\u00e9 un coup de peps pour attirer les touristes du monde entier. Avec ses nombreux lodges haut de gamme, le Parc National de la plaine de Liuwa propose des safaris de luxe.\u00a0<\/p>\n\n\n<div id=\"ez-toc-container\" class=\"ez-toc-v2_0_76 counter-flat ez-toc-counter ez-toc-custom ez-toc-container-direction\">\n<div class=\"ez-toc-title-container\"><p class=\"ez-toc-title\" style=\"cursor:inherit\">Sommaire<\/p>\n<\/div><nav><ul class='ez-toc-list ez-toc-list-level-1 ' ><li class='ez-toc-page-1'><a class=\"ez-toc-link ez-toc-heading-1\" href=\"https:\/\/mistersafari.com\/fr\/safari-zambie\/parcs-reserves\/liuwa-plain-national-park\/#pourquoi-se-rendre-a-au-parc-national-de-la-plaine-de-liuwa\" >Pourquoi se rendre \u00e0 au Parc National de la plaine de Liuwa ?<\/a><\/li><li class='ez-toc-page-1'><a class=\"ez-toc-link ez-toc-heading-2\" href=\"https:\/\/mistersafari.com\/fr\/safari-zambie\/parcs-reserves\/liuwa-plain-national-park\/#comment-se-rendre-au-parc-national-de-la-plaine-de-liuwa\" >Comment se rendre au Parc National de la plaine de Liuwa ?<\/a><\/li><li class='ez-toc-page-1'><a class=\"ez-toc-link ez-toc-heading-3\" href=\"https:\/\/mistersafari.com\/fr\/safari-zambie\/parcs-reserves\/liuwa-plain-national-park\/#tarifs-et-reglementation\" >Tarifs et r\u00e9glementation&nbsp;<\/a><\/li><li class='ez-toc-page-1'><a class=\"ez-toc-link ez-toc-heading-4\" href=\"https:\/\/mistersafari.com\/fr\/safari-zambie\/parcs-reserves\/liuwa-plain-national-park\/#ou-dormir-au-parc-national-de-la-plaine-de-liuwa\" >O\u00f9 dormir au Parc National de la plaine de Liuwa ?<\/a><\/li><li class='ez-toc-page-1'><a class=\"ez-toc-link ez-toc-heading-5\" href=\"https:\/\/mistersafari.com\/fr\/safari-zambie\/parcs-reserves\/liuwa-plain-national-park\/#liuwa-plain-national-park-autres-informations-pratiques\" >Liuwa Plain National Park : autres informations pratiques<\/a><\/li><\/ul><\/nav><\/div>\n\n\n\n\n<h2 class=\"wp-block-heading\"><span class=\"ez-toc-section\" id=\"pourquoi-se-rendre-a-au-parc-national-de-la-plaine-de-liuwa\"><\/span>Pourquoi se rendre \u00e0 au <meta charset=\"utf-8\">Parc National de la plaine de Liuwa ?<span class=\"ez-toc-section-end\"><\/span><\/h2>\n\n\n\n<h3 class=\"wp-block-heading\">Le paradis des herbivores<\/h3>\n\n\n\n<p>Faire un safari en Afrique, c\u2019est \u00e9videmment l\u2019occasion de partir \u00e0 la rencontre d\u2019une faune in\u00e9dite en Europe. Et justement, le parc national de la plaine Liuwa, tout comme sn voisin le<a href=\"https:\/\/mistersafari.com\/fr\/safari-zambie\/parcs-reserves\/parc-national-kafue\/\" data-type=\"page\" data-id=\"3750\"> Parc National de Kafue<\/a>, abrite plusieurs animaux sauvages. D\u00e8s le d\u00e9but de la saison humide, les gnous bleus et les z\u00e8bres se r\u00e9unissent par centaine. Un peu moins nombreux, les \u00e9lans, oribis et buffles occupent aussi la r\u00e9serve.&nbsp;<\/p>\n\n\n\n<div class=\"wp-block-image\"><figure class=\"aligncenter size-full\"><picture><source srcset=\"https:\/\/mistersafari.com\/fr\/wp-content\/uploads\/sites\/2\/troupeau-gnous.webp 1200w,https:\/\/mistersafari.com\/fr\/wp-content\/uploads\/sites\/2\/troupeau-gnous-300x200.webp 300w,https:\/\/mistersafari.com\/fr\/wp-content\/uploads\/sites\/2\/troupeau-gnous-1024x682.webp 1024w,https:\/\/mistersafari.com\/fr\/wp-content\/uploads\/sites\/2\/troupeau-gnous-768x511.webp 768w\" sizes=\"auto, (max-width: 1200px) 100vw, 1200px\" type=\"image\/webp\"><img src=\"https:\/\/mistersafari.com\/fr\/wp-content\/uploads\/sites\/2\/troupeau-gnous.jpg\" height=\"799\" width=\"1200\" srcset=\"https:\/\/mistersafari.com\/fr\/wp-content\/uploads\/sites\/2\/troupeau-gnous.jpg 1200w, https:\/\/mistersafari.com\/fr\/wp-content\/uploads\/sites\/2\/troupeau-gnous-300x200.jpg 300w, https:\/\/mistersafari.com\/fr\/wp-content\/uploads\/sites\/2\/troupeau-gnous-1024x682.jpg 1024w, https:\/\/mistersafari.com\/fr\/wp-content\/uploads\/sites\/2\/troupeau-gnous-768x511.jpg 768w\" sizes=\"auto, (max-width: 1200px) 100vw, 1200px\" class=\"wp-image-4218 sp-no-webp\" alt=\"troupeau gnous bleus\" loading=\"lazy\" decoding=\"async\"  > <\/picture><figcaption>Rassemblement de troupeaux de gnous bleus au Liuwa Plain National Park<\/figcaption><\/figure><\/div>\n\n\n\n<p>Alors m\u00eame si la plaine de Liuwa accueille principalement des herbivores, quelques pr\u00e9dateurs ont \u00e9t\u00e9 r\u00e9introduits pour assurer le d\u00e9veloppement du parc. C\u2019est notamment le cas du lion, du gu\u00e9pard, de la hy\u00e8ne ou du chien sauvage.&nbsp;<\/p>\n\n\n\n<h3 class=\"wp-block-heading\">La visite en 4*4, en bateau ou \u00e0 pied&nbsp;<\/h3>\n\n\n\n<p>Selon vos envies, il est possible de r\u00e9aliser un safari avec tous les moyens de locomotion.&nbsp;<\/p>\n\n\n\n<p>Pour les plus press\u00e9s, une balade en 4*4 vous permettra de vivre la vraie exp\u00e9rience du safari en Afrique. Et cela, tout en admirant les animaux et la nature sauvage.&nbsp;<\/p>\n\n\n\n<p>Si vous avez le temps, choisissez quelques randonn\u00e9es pour partir \u00e0 la rencontre des nombreux herbivores qui peuplent Liuwa Plain national Park. D\u2019ailleurs, le paysage est totalement diff\u00e9rent des autres parcs nationaux de Zambie. En effet, vous observerez une plaine herbeuse qui s\u2019\u00e9tend \u00e0 perte de vue. \u00c0 quelques endroits, des points d\u2019eau se cachent ou encore des groupes de palmiers.&nbsp;<\/p>\n\n\n\n<p class=\"callout-orange\">Attention<strong> <\/strong>toutefois o\u00f9 vous mettez les pieds, car le parc compte plusieurs esp\u00e8ces de serpents.\u00a0<\/p>\n\n\n\n<p>Et surtout, ne ratez pas la promenade en bateau. Elle s\u2019effectue sur la rivi\u00e8re Luambimba au nord ou sur&nbsp; la rivi\u00e8re Luanginga au sud. C\u2019est la meilleure mani\u00e8re d\u2019observer les animaux qui se regroupent autour du fleuve pour s\u2019abreuver.&nbsp;<\/p>\n\n\n\n<h3 class=\"wp-block-heading\">L\u2019observation des oiseaux<\/h3>\n\n\n\n<p>Hormis les animaux terrestres, il est aussi possible d\u2019admirer les oiseaux. En effet, le parc compte 334 esp\u00e8ces. Parmi lesquelles, les outardes, les grues royales ou les grues caroncul\u00e9es, les p\u00e9licans, les cigognes, les aigles martiaux, les vautours palmistes ou encore les tantales ibis.&nbsp;<\/p>\n\n\n\n<div class=\"wp-block-image\"><figure class=\"aligncenter size-large\"><picture><source srcset=\"https:\/\/mistersafari.com\/fr\/wp-content\/uploads\/sites\/2\/grues-royales-liuwa-1024x683.webp 1024w,https:\/\/mistersafari.com\/fr\/wp-content\/uploads\/sites\/2\/grues-royales-liuwa-300x200.webp 300w,https:\/\/mistersafari.com\/fr\/wp-content\/uploads\/sites\/2\/grues-royales-liuwa-768x512.webp 768w,https:\/\/mistersafari.com\/fr\/wp-content\/uploads\/sites\/2\/grues-royales-liuwa.webp 1200w\" sizes=\"auto, (max-width: 1024px) 100vw, 1024px\" type=\"image\/webp\"><img src=\"https:\/\/mistersafari.com\/fr\/wp-content\/uploads\/sites\/2\/grues-royales-liuwa-1024x683.jpg\" height=\"683\" width=\"1024\" srcset=\"https:\/\/mistersafari.com\/fr\/wp-content\/uploads\/sites\/2\/grues-royales-liuwa-1024x683.jpg 1024w, https:\/\/mistersafari.com\/fr\/wp-content\/uploads\/sites\/2\/grues-royales-liuwa-300x200.jpg 300w, https:\/\/mistersafari.com\/fr\/wp-content\/uploads\/sites\/2\/grues-royales-liuwa-768x512.jpg 768w, https:\/\/mistersafari.com\/fr\/wp-content\/uploads\/sites\/2\/grues-royales-liuwa.jpg 1200w\" sizes=\"auto, (max-width: 1024px) 100vw, 1024px\" class=\"wp-image-4214 sp-no-webp\" alt=\"grue royale au parc national de la plaine de Liuwa\" loading=\"lazy\" decoding=\"async\"  > <\/picture><figcaption>Une grue royale <\/figcaption><\/figure><\/div>\n\n\n\n<h2 class=\"wp-block-heading\"><span class=\"ez-toc-section\" id=\"comment-se-rendre-au-parc-national-de-la-plaine-de-liuwa\"><\/span>Comment se rendre au <meta charset=\"utf-8\">Parc National de la plaine de Liuwa ?<span class=\"ez-toc-section-end\"><\/span><\/h2>\n\n\n\n<p>Le parc national de la plaine de Liuwa est situ\u00e9 \u00e0 750 km de Lusaka. Il est possible d\u2019y acc\u00e9der par la route seulement pendant la saison s\u00e8che. Cependant, nous vous recommandons de v\u00e9rifier l\u2019\u00e9tat de la route avant de faire le trajet. Par ailleurs, pr\u00e9voyez suffisamment de fioul pour votre safari. Et surtout, venez en 4*4.&nbsp;<\/p>\n\n\n\n<p>Outre la terre ferme, la meilleure mani\u00e8re de se rendre au Liuwa Plain National Park est de pr\u00e9voir un forfait tout compris aupr\u00e8s de votre h\u00f4tel, le King Lewanika Lodge. Un transfert en h\u00e9licopt\u00e8re est alors organis\u00e9 depuis l&rsquo;a\u00e9roport de Kalabo. Celui-ci dure environ 15 minutes.&nbsp;<\/p>\n\n\n\n<div class=\"wp-block-image\"><figure class=\"aligncenter size-large\"><picture><source srcset=\"https:\/\/mistersafari.com\/fr\/wp-content\/uploads\/sites\/2\/plaine-liuwa-1024x683.webp 1024w,https:\/\/mistersafari.com\/fr\/wp-content\/uploads\/sites\/2\/plaine-liuwa-300x200.webp 300w,https:\/\/mistersafari.com\/fr\/wp-content\/uploads\/sites\/2\/plaine-liuwa-768x512.webp 768w,https:\/\/mistersafari.com\/fr\/wp-content\/uploads\/sites\/2\/plaine-liuwa.webp 1200w\" sizes=\"auto, (max-width: 1024px) 100vw, 1024px\" type=\"image\/webp\"><img src=\"https:\/\/mistersafari.com\/fr\/wp-content\/uploads\/sites\/2\/plaine-liuwa-1024x683.jpg\" height=\"683\" width=\"1024\" srcset=\"https:\/\/mistersafari.com\/fr\/wp-content\/uploads\/sites\/2\/plaine-liuwa-1024x683.jpg 1024w, https:\/\/mistersafari.com\/fr\/wp-content\/uploads\/sites\/2\/plaine-liuwa-300x200.jpg 300w, https:\/\/mistersafari.com\/fr\/wp-content\/uploads\/sites\/2\/plaine-liuwa-768x512.jpg 768w, https:\/\/mistersafari.com\/fr\/wp-content\/uploads\/sites\/2\/plaine-liuwa.jpg 1200w\" sizes=\"auto, (max-width: 1024px) 100vw, 1024px\" class=\"wp-image-4223 sp-no-webp\" alt=\"plaine de Liuwa\" loading=\"lazy\" decoding=\"async\"  > <\/picture><\/figure><\/div>\n\n\n\n<h2 class=\"wp-block-heading\"><span class=\"ez-toc-section\" id=\"tarifs-et-reglementation\"><\/span>Tarifs et r\u00e9glementation&nbsp;<span class=\"ez-toc-section-end\"><\/span><\/h2>\n\n\n\n<p>L\u2019entr\u00e9e pour le parc est de 30 dollars pour les adultes et 10 dollars pour les enfants. Et si vous venez avec votre v\u00e9hicule, il faudra pr\u00e9voir 15 dollars suppl\u00e9mentaires.&nbsp;<\/p>\n\n\n\n<p>Par ailleurs, il faut \u00e9galement pr\u00e9voir le co\u00fbt des activit\u00e9s ou de l&rsquo;h\u00e9bergement.&nbsp;<\/p>\n\n\n\n<p class=\"callout-blue\"><strong>\u00c0 noter :<\/strong> lors de votre arriv\u00e9e, n\u2019oubliez pas votre passeport pour v\u00e9rification.&nbsp;<\/p>\n\n\n\n<h2 class=\"wp-block-heading\"><span class=\"ez-toc-section\" id=\"ou-dormir-au-parc-national-de-la-plaine-de-liuwa\"><\/span>O\u00f9 dormir au <meta charset=\"utf-8\"><meta charset=\"utf-8\">Parc National de la plaine de Liuwa ?<span class=\"ez-toc-section-end\"><\/span><\/h2>\n\n\n\n<p>Pour dormir au sein de Liuwa Plain national Park, il n\u2019existe qu\u2019une seule option d\u2019h\u00e9bergement : le King Lewanika Lodge qui est accessible en avion.&nbsp;<\/p>\n\n\n\n<p>Il s\u2019agit d\u2019un lodge assez on\u00e9reux et haut de gamme. De par sa client\u00e8le exclusive, le Liuwa Plain National Park vous permet de faire un safari loin du tourisme de masse.&nbsp;<\/p>\n\n\n\n<h2 class=\"wp-block-heading\"><span class=\"ez-toc-section\" id=\"liuwa-plain-national-park-autres-informations-pratiques\"><\/span>Liuwa Plain National Park : autres informations pratiques<span class=\"ez-toc-section-end\"><\/span><\/h2>\n\n\n\n<p class=\"callout-orange\"><strong>Attention : <\/strong>c\u2019est un parc tr\u00e8s saisonnier. En effet, il est seulement accessible de juin \u00e0 mi-d\u00e9cembre. Apr\u00e8s cette date, les routes deviennent impraticables.&nbsp;<\/p>\n\n\n\n<p>Cependant, pour observer les animaux, il faudra sans doute attendre le d\u00e9but de la saison des pluies, c&rsquo;est-\u00e0-dire d\u00e9but novembre. Avant cette date, les animaux se font relativement rares au sein de Liuwa Plain National Park. Il est donc pr\u00e9f\u00e9rable de venir au mois de novembre. Le reste de l\u2019ann\u00e9e, soit vous ne pourrez vous d\u00e9placer, soit vous ne verrez pas d\u2019animaux.&nbsp;<\/p>\n\n\n\n<p>C\u00f4t\u00e9 temp\u00e9rature, il fait tr\u00e8s chaud en Zambie. Cependant, les nuits sont fra\u00eeches. Alors n\u2019oubliez pas d\u2019appporter des affaires chaudes.&nbsp;<\/p>\n","protected":false},"excerpt":{"rendered":"<p>\u00c0 l\u2019ouest de la Zambie, le Parc National de la plaine de Liuwa Plain (dont le nom anglais est Liuwa Plain National Park) est une destination de premier ordre pour les aventuriers cherchant \u00e0 sortir des sentiers battus. N\u00e9glig\u00e9 pendant de nombreuses ann\u00e9es jusqu\u2019en 2010, l&rsquo;African Parks Foundation lui a redonn\u00e9 un coup de peps &#8230; <a title=\"Liuwa Plain national park\" class=\"read-more\" href=\"https:\/\/mistersafari.com\/fr\/safari-zambie\/parcs-reserves\/liuwa-plain-national-park\/\" aria-label=\"En savoir plus sur Liuwa Plain national park\">Lire la suite<\/a><\/p>\n","protected":false},"author":3,"featured_media":4197,"parent":3764,"menu_order":2,"comment_status":"closed","ping_status":"closed","template":"","meta":{"_acf_changed":false,"footnotes":""},"content_type":[],"country":[],"class_list":{"0":"post-4195","1":"page","2":"type-page","3":"status-publish","4":"has-post-thumbnail","6":"no-featured-image-padding"},"acf":{"hreflang":null},"_links":{"self":[{"href":"https:\/\/mistersafari.com\/fr\/wp-json\/wp\/v2\/pages\/4195","targetHints":{"allow":["GET"]}}],"collection":[{"href":"https:\/\/mistersafari.com\/fr\/wp-json\/wp\/v2\/pages"}],"about":[{"href":"https:\/\/mistersafari.com\/fr\/wp-json\/wp\/v2\/types\/page"}],"author":[{"embeddable":true,"href":"https:\/\/mistersafari.com\/fr\/wp-json\/wp\/v2\/users\/3"}],"replies":[{"embeddable":true,"href":"https:\/\/mistersafari.com\/fr\/wp-json\/wp\/v2\/comments?post=4195"}],"version-history":[{"count":24,"href":"https:\/\/mistersafari.com\/fr\/wp-json\/wp\/v2\/pages\/4195\/revisions"}],"predecessor-version":[{"id":4274,"href":"https:\/\/mistersafari.com\/fr\/wp-json\/wp\/v2\/pages\/4195\/revisions\/4274"}],"up":[{"embeddable":true,"href":"https:\/\/mistersafari.com\/fr\/wp-json\/wp\/v2\/pages\/3764"}],"wp:featuredmedia":[{"embeddable":true,"href":"https:\/\/mistersafari.com\/fr\/wp-json\/wp\/v2\/media\/4197"}],"wp:attachment":[{"href":"https:\/\/mistersafari.com\/fr\/wp-json\/wp\/v2\/media?parent=4195"}],"wp:term":[{"taxonomy":"content_type","embeddable":true,"href":"https:\/\/mistersafari.com\/fr\/wp-json\/wp\/v2\/content_type?post=4195"},{"taxonomy":"country","embeddable":true,"href":"https:\/\/mistersafari.com\/fr\/wp-json\/wp\/v2\/country?post=4195"}],"curies":[{"name":"wp","href":"https:\/\/api.w.org\/{rel}","templated":true}]}}