{"id":4174,"date":"2021-09-14T08:22:12","date_gmt":"2021-09-14T08:22:12","guid":{"rendered":"https:\/\/mistersafari.com\/fr\/?page_id=4174"},"modified":"2021-09-14T12:57:34","modified_gmt":"2021-09-14T12:57:34","slug":"fish-river-canyon","status":"publish","type":"page","link":"https:\/\/mistersafari.com\/fr\/safari-namibie\/parcs-reserves\/fish-river-canyon\/","title":{"rendered":"Fish River Canyon"},"content":{"rendered":"\n<p>C\u2019est en Namibie m\u00e9ridionale, dans le Parc transfrontalier du \u01c0Ai-\u01c0Ais\/Richtersveld, que se situe le c\u00e9l\u00e8bre canyon de la rivi\u00e8re Fish, une destination \u00e0 ne pas rater lors d&rsquo;un <a href=\"https:\/\/mistersafari.com\/fr\/safari-namibie\/\" data-type=\"page\" data-id=\"1827\">Safari en Namibie<\/a> ! <\/p>\n\n\n\n<p>Pr\u00e9voyez dans votre itin\u00e9raire si vous le pouvez, de descendre dans le sud afin de voir les chevaux sauvages de la r\u00e9gion de Aus. Sur votre route, admirez le spectacle incroyable que vous offre Fish River Canyon. Il s\u2019agit d\u2019un des plus grands canyons au monde, long de 168 kilom\u00e8tres (apr\u00e8s le canyon du Yarlung Tsangpo en Chine et le Grand Canyon du Colorado en Arizona).<\/p>\n\n\n\n<p>Le Fish River Canyon en Namibie d\u2019aujourd\u2019hui n\u2019a pas toujours \u00e9t\u00e9 ainsi : il r\u00e9sulte d\u2019un processus g\u00e9ologique tr\u00e8s ancien. Il y a 2 milliards d\u2019ann\u00e9es, les couches de lave et de schistes se m\u00e9lang\u00e8rent sous la pression et la chaleur. C\u2019est un milliard d\u2019ann\u00e9es plus tard que se forment certaines fissures, permettant aux roches de se placer et ainsi cr\u00e9er le canyon au bout de 500 millions d\u2019ann\u00e9es.<\/p>\n\n\n<div id=\"ez-toc-container\" class=\"ez-toc-v2_0_76 counter-flat ez-toc-counter ez-toc-custom ez-toc-container-direction\">\n<div class=\"ez-toc-title-container\"><p class=\"ez-toc-title\" style=\"cursor:inherit\">Sommaire<\/p>\n<\/div><nav><ul class='ez-toc-list ez-toc-list-level-1 ' ><li class='ez-toc-page-1'><a class=\"ez-toc-link ez-toc-heading-1\" href=\"https:\/\/mistersafari.com\/fr\/safari-namibie\/parcs-reserves\/fish-river-canyon\/#pourquoi-se-rendre-au-fish-river-canyon\" >Pourquoi se rendre au Fish River Canyon ?<\/a><\/li><li class='ez-toc-page-1'><a class=\"ez-toc-link ez-toc-heading-2\" href=\"https:\/\/mistersafari.com\/fr\/safari-namibie\/parcs-reserves\/fish-river-canyon\/#comment-se-rendre-au-fish-river-canyon\" >Comment se rendre au Fish River Canyon ?<\/a><\/li><li class='ez-toc-page-1'><a class=\"ez-toc-link ez-toc-heading-3\" href=\"https:\/\/mistersafari.com\/fr\/safari-namibie\/parcs-reserves\/fish-river-canyon\/#tarif-et-reglementation\" >Tarif et r\u00e9glementation<\/a><\/li><li class='ez-toc-page-1'><a class=\"ez-toc-link ez-toc-heading-4\" href=\"https:\/\/mistersafari.com\/fr\/safari-namibie\/parcs-reserves\/fish-river-canyon\/#ou-dormir-au-fish-river-canyon-en-namibie\" >O\u00f9 dormir au Fish River Canyon en Namibie ?<\/a><\/li><li class='ez-toc-page-1'><a class=\"ez-toc-link ez-toc-heading-5\" href=\"https:\/\/mistersafari.com\/fr\/safari-namibie\/parcs-reserves\/fish-river-canyon\/#canyon-de-la-riviere-fish-autres-informations-pratiques\" >Canyon de la rivi\u00e8re Fish : autres informations pratiques<\/a><\/li><\/ul><\/nav><\/div>\n\n\n\n\n<h2 class=\"wp-block-heading\"><span class=\"ez-toc-section\" id=\"pourquoi-se-rendre-au-fish-river-canyon\"><\/span>Pourquoi se rendre au Fish River Canyon ?<span class=\"ez-toc-section-end\"><\/span><\/h2>\n\n\n\n<p>Le Fish River Canyon est un endroit superbe vous permettant de profiter d\u2019une vue \u00e0 couper le souffle. Afin d\u2019admirer le paysage au maximum, de nombreux points de vue ont \u00e9t\u00e9 construits tout autour du canyon. Le plus connu se situe \u00e0 Hobas, m\u00eame si les autres sont tout aussi beaux !&nbsp;&nbsp;<\/p>\n\n\n\n<p>Afin d\u2019appr\u00e9cier la vue, il est possible de s\u2019y rendre en voiture, cependant, la fa\u00e7on la plus int\u00e9ressante est de parcourir le chemin \u00e0 pied. La randonn\u00e9e est l\u2019activit\u00e9 la plus populaire dans le canyon. Partir \u00e0 l\u2019aventure \u00e0 bord d\u2019un 4&#215;4 enti\u00e8rement \u00e9quip\u00e9 pour la conqu\u00eate des grands espaces est une exp\u00e9rience qui pla\u00eet \u00e0 toutes les personnes souhaitant d\u00e9couvrir la Namibie. Face \u00e0 la beaut\u00e9 du paysage g\u00e9ologique, profond de plus de 600 m\u00e8tres, vous rentrerez avec des souvenirs pleins la t\u00eate !<\/p>\n\n\n\n<div class=\"wp-block-image\"><figure class=\"aligncenter size-full\"><picture><source srcset=\"https:\/\/mistersafari.com\/fr\/wp-content\/uploads\/sites\/2\/canyon-riviere-fish.webp 1200w,https:\/\/mistersafari.com\/fr\/wp-content\/uploads\/sites\/2\/canyon-riviere-fish-300x198.webp 300w,https:\/\/mistersafari.com\/fr\/wp-content\/uploads\/sites\/2\/canyon-riviere-fish-1024x675.webp 1024w,https:\/\/mistersafari.com\/fr\/wp-content\/uploads\/sites\/2\/canyon-riviere-fish-768x506.webp 768w\" sizes=\"auto, (max-width: 1200px) 100vw, 1200px\" type=\"image\/webp\"><img src=\"https:\/\/mistersafari.com\/fr\/wp-content\/uploads\/sites\/2\/canyon-riviere-fish.jpg\" height=\"791\" width=\"1200\" srcset=\"https:\/\/mistersafari.com\/fr\/wp-content\/uploads\/sites\/2\/canyon-riviere-fish.jpg 1200w, https:\/\/mistersafari.com\/fr\/wp-content\/uploads\/sites\/2\/canyon-riviere-fish-300x198.jpg 300w, https:\/\/mistersafari.com\/fr\/wp-content\/uploads\/sites\/2\/canyon-riviere-fish-1024x675.jpg 1024w, https:\/\/mistersafari.com\/fr\/wp-content\/uploads\/sites\/2\/canyon-riviere-fish-768x506.jpg 768w\" sizes=\"auto, (max-width: 1200px) 100vw, 1200px\" class=\"wp-image-4185 sp-no-webp\" alt=\"fish river canyon\" loading=\"lazy\" decoding=\"async\"  > <\/picture><figcaption>Vue sur le canyon la rivi\u00e8re Fish<\/figcaption><\/figure><\/div>\n\n\n\n<p>Si vous \u00eates friands d\u2019aventures et de randonn\u00e9es, soyez pr\u00e9cautionneux car les infrastructures se font rares au canyon de la Fish river.<\/p>\n\n\n\n<p>Certaines r\u00e8gles de s\u00e9curit\u00e9 sont \u00e0 suivre pour \u00e9viter les mauvaises surprises lors de votre voyage. En effet, il est possible d\u2019obtenir un guide une fois sur place afin d\u2019en apprendre plus sur l\u2019histoire du Fish River Canyon en Namibie, en effet, les explications sur le site vous \u00e9tonneront.<\/p>\n\n\n\n<p class=\"callout-green\">Pour les plus sportifs et courageux, il est possible de descendre en rappel dans les gorges. La pratique de longues randonn\u00e9es de 3 \u00e0 5 jours est souvent tr\u00e8s demand\u00e9e. Celle qui est la plus connue est la Fish River Hiking Trail !<\/p>\n\n\n\n<h2 class=\"wp-block-heading\"><span class=\"ez-toc-section\" id=\"comment-se-rendre-au-fish-river-canyon\"><\/span>Comment se rendre au Fish River Canyon ?<span class=\"ez-toc-section-end\"><\/span><\/h2>\n\n\n\n<p>Afin d\u2019acc\u00e9der au site, deux acc\u00e8s s\u2019offrent \u00e0 vous : Hobas au nord et Ai-Ais au sud. Sur ces deux points, il est possible de camper afin de se r\u00e9veiller en pleine nature. Hobas offre une vue incroyable sur l\u2019ensemble du Fish River Canyon, tandis que Ai-Ais pla\u00eet aux baigneurs avec sa rivi\u00e8re et ses sources chaudes.<\/p>\n\n\n\n<p>Fish River Canyon Hiking Trail est \u00e9galement un bon moyen de d\u00e9couvrir le canyon. En effet, cette randonn\u00e9e de plusieurs jours vous propose de d\u00e9buter par le View Point \u00e0 10 kilom\u00e8tres du site d&rsquo;Hobas pour ensuite continuer tout le long de la rivi\u00e8re jusqu&rsquo;\u00e0 Ai-Ais. Vous allez faire 80 kilom\u00e8tres avec un groupe de 3 personnes minimum et de 40 personnes maximum. Si vous voyagez avec vos enfants, ils ne sont pas accept\u00e9s en dessous de 12 ans.<\/p>\n\n\n\n<p>Pensez \u00e9galement \u00e0 r\u00e9server bien \u00e0 l&rsquo;avance !<\/p>\n\n\n\n<h2 class=\"wp-block-heading\"><span class=\"ez-toc-section\" id=\"tarif-et-reglementation\"><\/span>Tarif et r\u00e9glementation<span class=\"ez-toc-section-end\"><\/span><\/h2>\n\n\n\n<p>Concernant les co\u00fbts de votre visite, pour pouvoir rentrer dans le parc, le prix est de 80N$ (environ 5 euros), pour les adultes de plus de 16 ans, qu\u2019il s\u2019agisse de Hobas ou de la station thermale d\u2019Ai-Ais. Les enfants, quant \u00e0 eux, peuvent y aller gratuitement. Si vous souhaitez garder votre voiture, cela vous co\u00fbtera 10N$.<\/p>\n\n\n\n<h2 class=\"wp-block-heading\"><span class=\"ez-toc-section\" id=\"ou-dormir-au-fish-river-canyon-en-namibie\"><\/span>O\u00f9 dormir au Fish River Canyon en Namibie ?<span class=\"ez-toc-section-end\"><\/span><\/h2>\n\n\n\n<p>Il n&rsquo;existe pas d&rsquo;infrastructure d&rsquo;accueil proche du canyon. Les aventuriers sont autonomes et dorment hors du site. Les structures pouvant h\u00e9berger les randonneurs au d\u00e9part et \u00e0 l&rsquo;arriv\u00e9e font partie du Parc transfrontalier du Richtersveld. Les hautes saisons au Fish River Canyon am\u00e8nent beaucoup de touristes, c\u2019est pourquoi, il est fortement recommand\u00e9 de r\u00e9server avant votre arriv\u00e9e afin d\u2019\u00e9viter de vous retrouver sans logement au dernier moment.<\/p>\n\n\n\n<h2 class=\"wp-block-heading\"><span class=\"ez-toc-section\" id=\"canyon-de-la-riviere-fish-autres-informations-pratiques\"><\/span>Canyon de la rivi\u00e8re Fish : autres informations pratiques<span class=\"ez-toc-section-end\"><\/span><\/h2>\n\n\n\n<p>Le canyon de la Fish River est l\u2019un endroits les plus impressionnants de l\u2019Afrique australe. C\u2019est une merveille qui est, certes, compliqu\u00e9e d\u2019acc\u00e8s, mais dont la beaut\u00e9 des paysages en vaut le d\u00e9tour. Vous ne regretterez pas de marcher des journ\u00e9es enti\u00e8res sous le soleil pour tomber face \u00e0 face avec le second plus grand canyon du monde. Au-del\u00e0 de sa v\u00e9g\u00e9tation riche, vous pouvez croiser un grand nombre de reptiles et d&rsquo;invert\u00e9br\u00e9s. D\u2019autres mammif\u00e8res et oiseaux impressionnants vous accompagnent sur le chemin du canyon.<\/p>\n\n\n\n<div class=\"wp-block-image\"><figure class=\"aligncenter size-full\"><picture><source srcset=\"https:\/\/mistersafari.com\/fr\/wp-content\/uploads\/sites\/2\/oreotrague-fish-river.webp 1200w,https:\/\/mistersafari.com\/fr\/wp-content\/uploads\/sites\/2\/oreotrague-fish-river-300x200.webp 300w,https:\/\/mistersafari.com\/fr\/wp-content\/uploads\/sites\/2\/oreotrague-fish-river-1024x683.webp 1024w,https:\/\/mistersafari.com\/fr\/wp-content\/uploads\/sites\/2\/oreotrague-fish-river-768x512.webp 768w\" sizes=\"auto, (max-width: 1200px) 100vw, 1200px\" type=\"image\/webp\"><img src=\"https:\/\/mistersafari.com\/fr\/wp-content\/uploads\/sites\/2\/oreotrague-fish-river.jpg\" height=\"800\" width=\"1200\" srcset=\"https:\/\/mistersafari.com\/fr\/wp-content\/uploads\/sites\/2\/oreotrague-fish-river.jpg 1200w, https:\/\/mistersafari.com\/fr\/wp-content\/uploads\/sites\/2\/oreotrague-fish-river-300x200.jpg 300w, https:\/\/mistersafari.com\/fr\/wp-content\/uploads\/sites\/2\/oreotrague-fish-river-1024x683.jpg 1024w, https:\/\/mistersafari.com\/fr\/wp-content\/uploads\/sites\/2\/oreotrague-fish-river-768x512.jpg 768w\" sizes=\"auto, (max-width: 1200px) 100vw, 1200px\" class=\"wp-image-4177 sp-no-webp\" alt=\"Un or\u00e9otrague en Namibie\" loading=\"lazy\" decoding=\"async\"  > <\/picture><figcaption> Or\u00e9otrague<\/figcaption><\/figure><\/div>\n\n\n\n<p>De plus, vous pouvez apercevoir les fameuses esp\u00e8ces animales telles que des chevaux sauvages, des z\u00e8bres de montagne de Hartmann, des koudous, des or\u00e9otragues, des l\u00e9opards, des steenboks, des babouins, des springboks et des rongeurs.<\/p>\n\n\n\n<p>L&rsquo;avifaune comprend des p\u00e9licans, des aigles noirs, aigles p\u00eacheurs d&rsquo;Afrique, des martins-p\u00eacheurs, des ins\u00e9parables, des autruches sauvages et diverses esp\u00e8ces d&rsquo;oiseaux aquatiques dont des h\u00e9rons.<\/p>\n\n\n\n<p>Les reptiles et les insectes se trouvent en abondance dans la r\u00e9gion (l\u00e9zards, serpents comme le cobra du Cap, Bitis caudalis, geckos). Diverses sauterelles, des papillons habitent aussi le canyon. Dans les \u00e9tendues d&rsquo;eau se trouvent par ailleurs de nombreux poissons.<\/p>\n","protected":false},"excerpt":{"rendered":"<p>C\u2019est en Namibie m\u00e9ridionale, dans le Parc transfrontalier du \u01c0Ai-\u01c0Ais\/Richtersveld, que se situe le c\u00e9l\u00e8bre canyon de la rivi\u00e8re Fish, une destination \u00e0 ne pas rater lors d&rsquo;un Safari en Namibie ! Pr\u00e9voyez dans votre itin\u00e9raire si vous le pouvez, de descendre dans le sud afin de voir les chevaux sauvages de la r\u00e9gion de &#8230; <a title=\"Fish River Canyon\" class=\"read-more\" href=\"https:\/\/mistersafari.com\/fr\/safari-namibie\/parcs-reserves\/fish-river-canyon\/\" aria-label=\"En savoir plus sur Fish River Canyon\">Lire la suite<\/a><\/p>\n","protected":false},"author":3,"featured_media":4183,"parent":3258,"menu_order":3,"comment_status":"closed","ping_status":"closed","template":"","meta":{"_acf_changed":false,"footnotes":""},"content_type":[],"country":[],"class_list":{"0":"post-4174","1":"page","2":"type-page","3":"status-publish","4":"has-post-thumbnail","6":"no-featured-image-padding"},"acf":{"hreflang":null},"_links":{"self":[{"href":"https:\/\/mistersafari.com\/fr\/wp-json\/wp\/v2\/pages\/4174","targetHints":{"allow":["GET"]}}],"collection":[{"href":"https:\/\/mistersafari.com\/fr\/wp-json\/wp\/v2\/pages"}],"about":[{"href":"https:\/\/mistersafari.com\/fr\/wp-json\/wp\/v2\/types\/page"}],"author":[{"embeddable":true,"href":"https:\/\/mistersafari.com\/fr\/wp-json\/wp\/v2\/users\/3"}],"replies":[{"embeddable":true,"href":"https:\/\/mistersafari.com\/fr\/wp-json\/wp\/v2\/comments?post=4174"}],"version-history":[{"count":11,"href":"https:\/\/mistersafari.com\/fr\/wp-json\/wp\/v2\/pages\/4174\/revisions"}],"predecessor-version":[{"id":4275,"href":"https:\/\/mistersafari.com\/fr\/wp-json\/wp\/v2\/pages\/4174\/revisions\/4275"}],"up":[{"embeddable":true,"href":"https:\/\/mistersafari.com\/fr\/wp-json\/wp\/v2\/pages\/3258"}],"wp:featuredmedia":[{"embeddable":true,"href":"https:\/\/mistersafari.com\/fr\/wp-json\/wp\/v2\/media\/4183"}],"wp:attachment":[{"href":"https:\/\/mistersafari.com\/fr\/wp-json\/wp\/v2\/media?parent=4174"}],"wp:term":[{"taxonomy":"content_type","embeddable":true,"href":"https:\/\/mistersafari.com\/fr\/wp-json\/wp\/v2\/content_type?post=4174"},{"taxonomy":"country","embeddable":true,"href":"https:\/\/mistersafari.com\/fr\/wp-json\/wp\/v2\/country?post=4174"}],"curies":[{"name":"wp","href":"https:\/\/api.w.org\/{rel}","templated":true}]}}