{"id":4048,"date":"2021-09-13T12:30:26","date_gmt":"2021-09-13T12:30:26","guid":{"rendered":"https:\/\/mistersafari.com\/fr\/?page_id=4048"},"modified":"2021-09-27T08:52:39","modified_gmt":"2021-09-27T08:52:39","slug":"voyage-de-noces-tanzanie-zanzibar","status":"publish","type":"page","link":"https:\/\/mistersafari.com\/fr\/safari-tanzanie\/voyage-de-noces-tanzanie-zanzibar\/","title":{"rendered":"Voyage de noces Tanzanie et Zanzibar"},"content":{"rendered":"\n<p>La Tanzanie et le Zanzibar sont des destinations de choix pour un voyage de noces. Entre les safaris, les plages et la douceur de vivre tanzanienne, vous vivrez une exp\u00e9rience inoubliable. Dans ce guide, nous vous aidons \u00e0 concr\u00e9tiser le voyage de vos r\u00eaves. C\u2019est parti&nbsp;!<\/p>\n\n\n<div id=\"ez-toc-container\" class=\"ez-toc-v2_0_76 counter-flat ez-toc-counter ez-toc-custom ez-toc-container-direction\">\n<div class=\"ez-toc-title-container\"><p class=\"ez-toc-title\" style=\"cursor:inherit\">Sommaire<\/p>\n<\/div><nav><ul class='ez-toc-list ez-toc-list-level-1 ' ><li class='ez-toc-page-1'><a class=\"ez-toc-link ez-toc-heading-1\" href=\"https:\/\/mistersafari.com\/fr\/safari-tanzanie\/voyage-de-noces-tanzanie-zanzibar\/#un-voyage-de-noces-en-tanzanie-et-zanzibar-quel-interet\" >Un voyage de noces en Tanzanie et Zanzibar : quel int\u00e9r\u00eat ?<\/a><\/li><li class='ez-toc-page-1'><a class=\"ez-toc-link ez-toc-heading-2\" href=\"https:\/\/mistersafari.com\/fr\/safari-tanzanie\/voyage-de-noces-tanzanie-zanzibar\/#quelles-activites-prevoir-pour-un-voyage-de-noces-inoubliable-en-tanzanie-et-au-zanzibar\" >Quelles activit\u00e9s pr\u00e9voir pour un voyage de noces inoubliable en Tanzanie et au Zanzibar ?<\/a><\/li><li class='ez-toc-page-1'><a class=\"ez-toc-link ez-toc-heading-3\" href=\"https:\/\/mistersafari.com\/fr\/safari-tanzanie\/voyage-de-noces-tanzanie-zanzibar\/#quand-partir-pour-un-voyage-de-noces-en-tanzanie-et-au-zanzibar\" >Quand partir pour un voyage de noces en Tanzanie et au Zanzibar ?<\/a><\/li><li class='ez-toc-page-1'><a class=\"ez-toc-link ez-toc-heading-4\" href=\"https:\/\/mistersafari.com\/fr\/safari-tanzanie\/voyage-de-noces-tanzanie-zanzibar\/#quel-budget-pour-une-lune-de-miel-en-tanzanie-%e2%80%93-zanzibar\" >Quel budget pour une lune de miel en Tanzanie &#8211; Zanzibar ?<\/a><\/li><li class='ez-toc-page-1'><a class=\"ez-toc-link ez-toc-heading-5\" href=\"https:\/\/mistersafari.com\/fr\/safari-tanzanie\/voyage-de-noces-tanzanie-zanzibar\/#exemples-de-voyage-de-noces-en-tanzanie\" >Exemples de voyage de noces en Tanzanie<\/a><\/li><li class='ez-toc-page-1'><a class=\"ez-toc-link ez-toc-heading-6\" href=\"https:\/\/mistersafari.com\/fr\/safari-tanzanie\/voyage-de-noces-tanzanie-zanzibar\/#faq\" >FAQ<\/a><\/li><\/ul><\/nav><\/div>\n\n\n\n\n<h2 class=\"wp-block-heading\"><span class=\"ez-toc-section\" id=\"un-voyage-de-noces-en-tanzanie-et-zanzibar-quel-interet\"><\/span><strong>Un voyage de noces en Tanzanie et Zanzibar : quel int\u00e9r\u00eat ?<\/strong><span class=\"ez-toc-section-end\"><\/span><\/h2>\n\n\n\n<p>Les amateurs de safaris seront ravis par la Tanzanie&nbsp;: vous y trouverez le Big Five et pourrez profiter de paysages \u00e9poustouflants. Le Zanzibar est une \u00eele paradisiaque au d\u00e9cor de carte postale&nbsp;: eau turquoise, plages de sables fins, palmiers\u2026 Partager cette exp\u00e9rience avec votre moiti\u00e9 vous laissera des souvenirs m\u00e9morables en t\u00eate.<\/p>\n\n\n\n<div class=\"wp-block-image\"><figure class=\"aligncenter size-full\"><picture><source srcset=\"https:\/\/mistersafari.com\/fr\/wp-content\/uploads\/sites\/2\/girafes-tanzanie-zanzibar.webp 1200w,https:\/\/mistersafari.com\/fr\/wp-content\/uploads\/sites\/2\/girafes-tanzanie-zanzibar-300x192.webp 300w,https:\/\/mistersafari.com\/fr\/wp-content\/uploads\/sites\/2\/girafes-tanzanie-zanzibar-1024x656.webp 1024w,https:\/\/mistersafari.com\/fr\/wp-content\/uploads\/sites\/2\/girafes-tanzanie-zanzibar-768x492.webp 768w\" sizes=\"auto, (max-width: 1200px) 100vw, 1200px\" type=\"image\/webp\"><img src=\"https:\/\/mistersafari.com\/fr\/wp-content\/uploads\/sites\/2\/girafes-tanzanie-zanzibar.jpg\" height=\"769\" width=\"1200\" srcset=\"https:\/\/mistersafari.com\/fr\/wp-content\/uploads\/sites\/2\/girafes-tanzanie-zanzibar.jpg 1200w, https:\/\/mistersafari.com\/fr\/wp-content\/uploads\/sites\/2\/girafes-tanzanie-zanzibar-300x192.jpg 300w, https:\/\/mistersafari.com\/fr\/wp-content\/uploads\/sites\/2\/girafes-tanzanie-zanzibar-1024x656.jpg 1024w, https:\/\/mistersafari.com\/fr\/wp-content\/uploads\/sites\/2\/girafes-tanzanie-zanzibar-768x492.jpg 768w\" sizes=\"auto, (max-width: 1200px) 100vw, 1200px\" class=\"wp-image-4055 sp-no-webp\" alt=\"girafes safari en tanzanie \" loading=\"lazy\" decoding=\"async\"  > <\/picture><figcaption>Girafes de Tanzanie<\/figcaption><\/figure><\/div>\n\n\n\n<p>En plus des safaris, l\u2019int\u00e9r\u00eat de la Tanzanie et du Zanzibar est que les activit\u00e9s sont vari\u00e9es. On oscille entre bronzage sur la plage, un cocktail \u00e0 la main, excursion en bateau \u00e0 la recherche de dauphins et survol du parc Serengeti en montgolfi\u00e8re.<\/p>\n\n\n\n<p>Vous l\u2019aurez compris, les possibilit\u00e9s sont nombreuses et vous trouverez toujours des activit\u00e9s qui feront l\u2019unanimit\u00e9. Pr\u00eat pour le d\u00e9collage&nbsp;?<\/p>\n\n\n\n<h2 class=\"wp-block-heading\"><span class=\"ez-toc-section\" id=\"quelles-activites-prevoir-pour-un-voyage-de-noces-inoubliable-en-tanzanie-et-au-zanzibar\"><\/span><strong>Quelles activit\u00e9s pr\u00e9voir pour un voyage de noces inoubliable en Tanzanie et au Zanzibar ?<\/strong><span class=\"ez-toc-section-end\"><\/span><\/h2>\n\n\n\n<p>La plupart des mari\u00e9s choisissent de combiner la Tanzanie et le Zanzibar pour profiter des <a href=\"https:\/\/mistersafari.com\/fr\/safari-tanzanie\/\" data-type=\"page\" data-id=\"932\">safaris de la Tanzanie<\/a> et des <a href=\"https:\/\/mistersafari.com\/fr\/safari-tanzanie\/zanzibar\/plages\/\" data-type=\"page\" data-id=\"868\">plages de sables fins de Zanzibar<\/a>. En Tanzanie, vous pourrez faire les <a href=\"https:\/\/mistersafari.com\/fr\/safari-tanzanie\/parcs-reserves\/\" data-type=\"page\" data-id=\"934\">parcs et r\u00e9serves<\/a> sous forme de circuit. Pour les logements, vous avez plusieurs choix. Le premier est de louer une voiture et vous d\u00e9placer au gr\u00e9 de vos envies dans les campings.<\/p>\n\n\n\n<div class=\"wp-block-image\"><figure class=\"aligncenter size-full\"><picture><source srcset=\"https:\/\/mistersafari.com\/fr\/wp-content\/uploads\/sites\/2\/crabe-zanzibar.webp 1200w,https:\/\/mistersafari.com\/fr\/wp-content\/uploads\/sites\/2\/crabe-zanzibar-300x200.webp 300w,https:\/\/mistersafari.com\/fr\/wp-content\/uploads\/sites\/2\/crabe-zanzibar-1024x682.webp 1024w,https:\/\/mistersafari.com\/fr\/wp-content\/uploads\/sites\/2\/crabe-zanzibar-768x511.webp 768w\" sizes=\"auto, (max-width: 1200px) 100vw, 1200px\" type=\"image\/webp\"><img src=\"https:\/\/mistersafari.com\/fr\/wp-content\/uploads\/sites\/2\/crabe-zanzibar.jpg\" height=\"799\" width=\"1200\" srcset=\"https:\/\/mistersafari.com\/fr\/wp-content\/uploads\/sites\/2\/crabe-zanzibar.jpg 1200w, https:\/\/mistersafari.com\/fr\/wp-content\/uploads\/sites\/2\/crabe-zanzibar-300x200.jpg 300w, https:\/\/mistersafari.com\/fr\/wp-content\/uploads\/sites\/2\/crabe-zanzibar-1024x682.jpg 1024w, https:\/\/mistersafari.com\/fr\/wp-content\/uploads\/sites\/2\/crabe-zanzibar-768x511.jpg 768w\" sizes=\"auto, (max-width: 1200px) 100vw, 1200px\" class=\"wp-image-4061 sp-no-webp\" alt=\"crabe sur la plage de zanzibar\" loading=\"lazy\" decoding=\"async\"  > <\/picture><\/figure><\/div>\n\n\n\n<p>Sinon, il existe de nombreux logements insolites \u00e0 d\u00e9couvrir au milieu de la cambrousse. Au Zanzibar, vous trouverez des h\u00f4tels avec vue sur l\u2019oc\u00e9an Indien. Certains proposent de magnifiques suites nuptiales&nbsp;: id\u00e9al pour un voyage de noces&nbsp;!<\/p>\n\n\n\n<p>Voici les principaux parcs et r\u00e9serves \u00e0 ne pas manquer en Tanzanie&nbsp;:<\/p>\n\n\n\n<ul class=\"wp-block-list\"><li><a href=\"https:\/\/mistersafari.com\/fr\/safari-tanzanie\/parcs-reserves\/parc-national-serengeti\/\" data-type=\"page\" data-id=\"816\">Parc de Serengeti<\/a>&nbsp;;<\/li><li><a href=\"https:\/\/mistersafari.com\/fr\/safari-tanzanie\/parcs-reserves\/lac-manyara\/\" data-type=\"page\" data-id=\"746\">Lac de Manyara<\/a>&nbsp;;<\/li><li><a href=\"https:\/\/mistersafari.com\/fr\/safari-tanzanie\/parcs-reserves\/cratere-ngorongoro\/\" data-type=\"page\" data-id=\"718\">Crat\u00e8re de Ngorongoro<\/a>&nbsp;;<\/li><li><a href=\"https:\/\/mistersafari.com\/fr\/safari-tanzanie\/parcs-reserves\/parc-national-tarangire\/\" data-type=\"page\" data-id=\"759\">Parc national de Tarangire<\/a>.<\/li><\/ul>\n\n\n\n<div class=\"wp-block-image\"><figure class=\"aligncenter size-full\"><picture><source srcset=\"https:\/\/mistersafari.com\/fr\/wp-content\/uploads\/sites\/2\/safari-tanzanie-zanzibar.webp 1200w,https:\/\/mistersafari.com\/fr\/wp-content\/uploads\/sites\/2\/safari-tanzanie-zanzibar-300x169.webp 300w,https:\/\/mistersafari.com\/fr\/wp-content\/uploads\/sites\/2\/safari-tanzanie-zanzibar-1024x575.webp 1024w,https:\/\/mistersafari.com\/fr\/wp-content\/uploads\/sites\/2\/safari-tanzanie-zanzibar-768x431.webp 768w\" sizes=\"auto, (max-width: 1200px) 100vw, 1200px\" type=\"image\/webp\"><img src=\"https:\/\/mistersafari.com\/fr\/wp-content\/uploads\/sites\/2\/safari-tanzanie-zanzibar.jpg\" height=\"674\" width=\"1200\" srcset=\"https:\/\/mistersafari.com\/fr\/wp-content\/uploads\/sites\/2\/safari-tanzanie-zanzibar.jpg 1200w, https:\/\/mistersafari.com\/fr\/wp-content\/uploads\/sites\/2\/safari-tanzanie-zanzibar-300x169.jpg 300w, https:\/\/mistersafari.com\/fr\/wp-content\/uploads\/sites\/2\/safari-tanzanie-zanzibar-1024x575.jpg 1024w, https:\/\/mistersafari.com\/fr\/wp-content\/uploads\/sites\/2\/safari-tanzanie-zanzibar-768x431.jpg 768w\" sizes=\"auto, (max-width: 1200px) 100vw, 1200px\" class=\"wp-image-4060 sp-no-webp\" alt=\"\u00e9l\u00e9phants du parc national de serengeti\" loading=\"lazy\" decoding=\"async\"  > <\/picture><figcaption>Visite du Parc de Serengeti<\/figcaption><\/figure><\/div>\n\n\n\n<p>Au Zanzibar, les activit\u00e9s incontournables \u00e0 faire sont&nbsp;:<\/p>\n\n\n\n<ul class=\"wp-block-list\"><li>D\u00e9ambuler dans la capitale Stone Stown&nbsp;;<\/li><li>Faire la course avec les dauphins dans l\u2019oc\u00e9an Indien (excursion en bateau)&nbsp;;<\/li><li>D\u00e9couvrir la for\u00eat du Parc National Jozani Chwaka Bay et ses colobes roux&nbsp;;<\/li><li>Faire du kayak&nbsp;;<\/li><li>Se pr\u00e9lasser sur la plage et bronzer.<\/li><\/ul>\n\n\n\n<p>En dehors des safaris, vous avez donc de nombreuses activit\u00e9s \u00e0 d\u00e9couvrir. Avec les tours en montgolfi\u00e8re, les rencontres avec les peuples locaux ou encore les balades \u00e0 cheval, vous vivrez des moments magiques.<\/p>\n\n\n\n<div class=\"wp-block-image\"><figure class=\"aligncenter size-full\"><picture><source srcset=\"https:\/\/mistersafari.com\/fr\/wp-content\/uploads\/sites\/2\/dauphin-ocean-indien.webp 1200w,https:\/\/mistersafari.com\/fr\/wp-content\/uploads\/sites\/2\/dauphin-ocean-indien-300x225.webp 300w,https:\/\/mistersafari.com\/fr\/wp-content\/uploads\/sites\/2\/dauphin-ocean-indien-1024x768.webp 1024w,https:\/\/mistersafari.com\/fr\/wp-content\/uploads\/sites\/2\/dauphin-ocean-indien-768x576.webp 768w\" sizes=\"auto, (max-width: 1200px) 100vw, 1200px\" type=\"image\/webp\"><img src=\"https:\/\/mistersafari.com\/fr\/wp-content\/uploads\/sites\/2\/dauphin-ocean-indien.jpg\" height=\"900\" width=\"1200\" srcset=\"https:\/\/mistersafari.com\/fr\/wp-content\/uploads\/sites\/2\/dauphin-ocean-indien.jpg 1200w, https:\/\/mistersafari.com\/fr\/wp-content\/uploads\/sites\/2\/dauphin-ocean-indien-300x225.jpg 300w, https:\/\/mistersafari.com\/fr\/wp-content\/uploads\/sites\/2\/dauphin-ocean-indien-1024x768.jpg 1024w, https:\/\/mistersafari.com\/fr\/wp-content\/uploads\/sites\/2\/dauphin-ocean-indien-768x576.jpg 768w\" sizes=\"auto, (max-width: 1200px) 100vw, 1200px\" class=\"wp-image-4090 sp-no-webp\" alt=\"dauphins de l&#039;oc\u00e9an indien\" loading=\"lazy\" decoding=\"async\"  > <\/picture><figcaption>Dauphins de l&rsquo;oc\u00e9an Indien<\/figcaption><\/figure><\/div>\n\n\n\n<h2 class=\"wp-block-heading\"><span class=\"ez-toc-section\" id=\"quand-partir-pour-un-voyage-de-noces-en-tanzanie-et-au-zanzibar\"><\/span><strong>Quand partir pour un voyage de noces en Tanzanie et au Zanzibar ?<\/strong><span class=\"ez-toc-section-end\"><\/span><\/h2>\n\n\n\n<p>Les mois id\u00e9aux pour une lune de miel en Tanzanie et au Zanzibar sont de juin \u00e0 septembre. Pendant cette p\u00e9riode, les animaux sont plus facilement observables, car c\u2019est la saison s\u00e8che et les points d\u2019eau sont rares.<\/p>\n\n\n\n<p>Au Zanzibar, la saison s\u00e8che est le meilleur moment pour partir, car il y a moins de pluies que le reste de l\u2019ann\u00e9e. Si vous partez de juin \u00e0 septembre en Tanzanie et au Zanzibar, vous profiterez d\u2019un climat agr\u00e9able avec une temp\u00e9rature id\u00e9ale&nbsp;: ni trop chaud, ni trop froid.<\/p>\n\n\n\n<h2 class=\"wp-block-heading\"><span class=\"ez-toc-section\" id=\"quel-budget-pour-une-lune-de-miel-en-tanzanie-%e2%80%93-zanzibar\"><\/span><strong>Quel budget pour une lune de miel en Tanzanie &#8211; Zanzibar ?<\/strong><span class=\"ez-toc-section-end\"><\/span><\/h2>\n\n\n<div class=\"gb-container gb-container-42e285c6\"><div class=\"gb-inside-container\">\n\n<p class=\"gb-headline gb-headline-039f1d6f gb-headline-text\"><strong>Trouvez les meilleures offres pour votre Safari<\/strong><\/p>\n\n\n\n<p class=\"gb-headline gb-headline-d307210d gb-headline-text\">Mister Safari vous aide \u00e0 trouver les meilleurs prix et prestataires pour organiser le safari de vos r\u00eaves<\/p>\n\n\n<div class=\"gb-button-wrapper gb-button-wrapper-8c816cbb\">\n\n<a class=\"gb-button gb-button-5d8cea5e gb-button-text\" href=\"https:\/\/mistersafari.com\/fr\/devis-safari\/\">Obtenir un devis gratuit<\/a>\n\n<\/div>\n<\/div><\/div>\n\n\n<p>Il est difficile d\u2019estimer le budget pour un voyage de noces en Tanzanie et au Zanzibar, car cela d\u00e9pend de nombreux facteurs&nbsp;: dur\u00e9e du s\u00e9jour, type d\u2019h\u00e9bergement choisi, transport et activit\u00e9s, voyage en haute saison ou basse saison touristique, etc.<\/p>\n\n\n\n<p>Si vous avez un budget limit\u00e9, un voyage de noces en Tanzanie est possible. Mais il faudra loger en camping et choisir des h\u00f4tels un peu moins luxueux \u00e0 Zanzibar. Comptez environ 5&nbsp;000\u20ac dans ce cas-l\u00e0.<\/p>\n\n\n\n<p>En revanche, pour un voyage de noces de luxe en Tanzanie et au Zanzibar, le prix sera plus \u00e9lev\u00e9 en raison des du niveau de prestation propos\u00e9&nbsp;: h\u00e9bergements 5 \u00e9toiles, transferts en avion, guide priv\u00e9 et activit\u00e9s suppl\u00e9mentaires comme le safari en montgolfi\u00e8re ou le snorkeling dans l\u2019oc\u00e9an. Les tarifs peuvent atteindre 15&nbsp;000 \u20ac pour deux.<\/p>\n\n\n\n<h2 class=\"wp-block-heading\"><span class=\"ez-toc-section\" id=\"exemples-de-voyage-de-noces-en-tanzanie\"><\/span>Exemples de voyage de noces en Tanzanie<span class=\"ez-toc-section-end\"><\/span><\/h2>\n\n\n\n<h3 class=\"wp-block-heading\">Circuit safari 10 jours<\/h3>\n\n\n\n<p>Voici un exemple de circuit safari sur 10 jours pour visiter les meilleurs endroits de la Tanzanie et du Zanzibar :<\/p>\n\n\n\n<ul class=\"wp-block-list\"><li>Jour 1 : Arriv\u00e9e \u00e0 Arusha et transfert vers le Parc National de Manyara<\/li><li>Jour 2&nbsp;: Safari au Parc National de Manyara<\/li><li>Jour 3&nbsp;: Transfert vers le Crat\u00e8re de Ngorongoro et safari en fin d\u2019apr\u00e8s-midi<\/li><li>Jour 4&nbsp;: Transfert vers le Parc National de Serengeti et safari en fin d\u2019apr\u00e8s-midi<\/li><li>Jour 5&nbsp;: Safari dans le Parc National de Serengeti (avec le survol en montgolfi\u00e8re en option)<\/li><li>Jour 6&nbsp;: Transfert vers Zanzibar<\/li><li>Jour 7&nbsp;: Visite de Stone Town<\/li><li>Jour 8&nbsp;: Journ\u00e9e plage et\/ou activit\u00e9s nautiques \u00e0 Zanzibar<\/li><li>Jour 9&nbsp;: Journ\u00e9e plage et\/ou activit\u00e9s nautiques \u00e0 Zanzibar<\/li><li>Jour 10&nbsp;: D\u00e9part<\/li><\/ul>\n\n\n\n<h3 class=\"wp-block-heading\">Circuit safari 15 jours<\/h3>\n\n\n\n<p>Pour ceux qui souhaitent profiter un peu plus longtemps de leur s\u00e9jour, nous avons pr\u00e9vu un circuit de 15 jours&nbsp;:<\/p>\n\n\n\n<ul class=\"wp-block-list\"><li>Jour 1&nbsp;: Arriv\u00e9e \u00e0 Arusha et transfert vers Longido<\/li><li>Jour 2&nbsp;: Safari et visite des villages Massa\u00ef<\/li><li>Jour 3&nbsp;: Transfert vers le Parc National de Tanrangire<\/li><li>Jour 4&nbsp;: Safari au Parc National de Tarangire<\/li><li>Jour 5&nbsp;: Transfert vers le Parc National de Manyara et safari en fin d\u2019apr\u00e8s-midi<\/li><li>Jour 6&nbsp;: Transfert vers le Crat\u00e8re de Ngorongoro et safari en fin d\u2019apr\u00e8s-midi<\/li><li>Jour 7&nbsp;: Safari au Crat\u00e8re de Ngorongoro<\/li><li>Jour 8&nbsp;: Transfert vers le parc de Serengeti et safari en fin d\u2019apr\u00e8s-midi<\/li><li>Jour 9&nbsp;: Safari au parc de Serengeti (avec le survol en montgolfi\u00e8re en option)<\/li><li>Jour 10&nbsp;: Transfert vers Zanzibar<\/li><li>Jour 11&nbsp;: Visite de Stone Town<\/li><li>Jour 12&nbsp;: Parc National de Jozani Chwaka Bay et plage en fin d\u2019apr\u00e8s-midi<\/li><li>Jour 13&nbsp;: Journ\u00e9e plage et\/ou activit\u00e9s nautiques \u00e0 Zanzibar<\/li><li>Jour 14&nbsp;: Journ\u00e9e plage et\/ou activit\u00e9s nautiques \u00e0 Zanzibar<\/li><li>Jour 15&nbsp;: D\u00e9part<\/li><\/ul>\n\n\n\n<div class=\"wp-block-image\"><figure class=\"aligncenter size-full\"><picture><source srcset=\"https:\/\/mistersafari.com\/fr\/wp-content\/uploads\/sites\/2\/plages-zanzibar-1.webp 1200w,https:\/\/mistersafari.com\/fr\/wp-content\/uploads\/sites\/2\/plages-zanzibar-1-300x225.webp 300w,https:\/\/mistersafari.com\/fr\/wp-content\/uploads\/sites\/2\/plages-zanzibar-1-1024x768.webp 1024w,https:\/\/mistersafari.com\/fr\/wp-content\/uploads\/sites\/2\/plages-zanzibar-1-768x576.webp 768w\" sizes=\"auto, (max-width: 1200px) 100vw, 1200px\" type=\"image\/webp\"><img src=\"https:\/\/mistersafari.com\/fr\/wp-content\/uploads\/sites\/2\/plages-zanzibar-1.jpg\" height=\"900\" width=\"1200\" srcset=\"https:\/\/mistersafari.com\/fr\/wp-content\/uploads\/sites\/2\/plages-zanzibar-1.jpg 1200w, https:\/\/mistersafari.com\/fr\/wp-content\/uploads\/sites\/2\/plages-zanzibar-1-300x225.jpg 300w, https:\/\/mistersafari.com\/fr\/wp-content\/uploads\/sites\/2\/plages-zanzibar-1-1024x768.jpg 1024w, https:\/\/mistersafari.com\/fr\/wp-content\/uploads\/sites\/2\/plages-zanzibar-1-768x576.jpg 768w\" sizes=\"auto, (max-width: 1200px) 100vw, 1200px\" class=\"wp-image-4057 sp-no-webp\" alt=\"plages de zanzibar\" loading=\"lazy\" decoding=\"async\"  > <\/picture><figcaption>Une des fabuleuses plages de Zanzibar<\/figcaption><\/figure><\/div>\n\n\n\n<h2 class=\"wp-block-heading\"><span class=\"ez-toc-section\" id=\"faq\"><\/span>FAQ<span class=\"ez-toc-section-end\"><\/span><\/h2>\n\n\n<div id=\"rank-math-faq\" class=\"rank-math-block\">\n<div class=\"rank-math-list \">\n<div id=\"faq-question-1631538933205\" class=\"rank-math-list-item\">\n<h3 class=\"rank-math-question \"><strong>Que faire pendant un voyage de noces en Tanzanie et au Zanzibar ?<\/strong><\/h3>\n<div class=\"rank-math-answer \">\n\n<p>Les safaris dans les magnifiques <a href=\"https:\/\/mistersafari.com\/fr\/safari-tanzanie\/parcs-reserves\/\" data-type=\"page\" data-id=\"934\">Parcs Nationaux de Tanzanie<\/a> et les apr\u00e8s-midis \u00ab\u00a0farniente\u00a0\u00bb sur les plages de sable fin de Zanzibar sont les activit\u00e9s incontournables pendant un voyage de noces en Tanzanie et au Zanzibar. Vous pouvez aussi profiter de l\u2019oc\u00e9an Indien pour essayer des activit\u00e9s nautiques. Le survol du <a href=\"https:\/\/mistersafari.com\/fr\/safari-tanzanie\/parcs-reserves\/parc-national-serengeti\/\" data-type=\"page\" data-id=\"816\">Parc National de Serengeti<\/a> en montgolfi\u00e8re est la cerise sur le g\u00e2teau pour terminer ce voyage de noces en beaut\u00e9.<\/p>\n\n<\/div>\n<\/div>\n<div id=\"faq-question-1631538939702\" class=\"rank-math-list-item\">\n<h3 class=\"rank-math-question \"><strong>Combien co\u00fbte une lune de miel en Tanzanie et au Zanzibar ?<\/strong><\/h3>\n<div class=\"rank-math-answer \">\n\n<p>Le co\u00fbt d\u2019un voyage de noces en Tanzanie et au Zanzibar d\u00e9pend de vos attentes. Que vous ayez un budget limit\u00e9 ou que vous souhaitiez profiter d\u2019un safari de luxe en Tanzanie, il existe des niveaux de prestations adapt\u00e9es pour tous les voyageurs.<\/p>\n\n<\/div>\n<\/div>\n<div id=\"faq-question-1631538954871\" class=\"rank-math-list-item\">\n<h3 class=\"rank-math-question \"><strong>Quand partir pour un voyage de noces en Tanzanie et au Zanzibar ?<\/strong><\/h3>\n<div class=\"rank-math-answer \">\n\n<p>Le meilleur moment pour partir en lune de miel en Tanzanie et au Zanzibar est pendant la saison s\u00e8che, de juin \u00e0 septembre. \u00c0 cette p\u00e9riode, les animaux sont plus faciles \u00e0 observer en Tanzanie et vous \u00e9chappez aux mois de pluies \u00e0 Zanzibar.<\/p>\n\n<\/div>\n<\/div>\n<\/div>\n<\/div>","protected":false},"excerpt":{"rendered":"<p>La Tanzanie et le Zanzibar sont des destinations de choix pour un voyage de noces. Entre les safaris, les plages et la douceur de vivre tanzanienne, vous vivrez une exp\u00e9rience inoubliable. Dans ce guide, nous vous aidons \u00e0 concr\u00e9tiser le voyage de vos r\u00eaves. C\u2019est parti&nbsp;! Un voyage de noces en Tanzanie et Zanzibar : &#8230; <a title=\"Voyage de noces Tanzanie et Zanzibar\" class=\"read-more\" href=\"https:\/\/mistersafari.com\/fr\/safari-tanzanie\/voyage-de-noces-tanzanie-zanzibar\/\" aria-label=\"En savoir plus sur Voyage de noces Tanzanie et Zanzibar\">Lire la suite<\/a><\/p>\n","protected":false},"author":3,"featured_media":4053,"parent":932,"menu_order":1,"comment_status":"closed","ping_status":"closed","template":"","meta":{"_acf_changed":false,"footnotes":""},"content_type":[],"country":[],"class_list":{"0":"post-4048","1":"page","2":"type-page","3":"status-publish","4":"has-post-thumbnail","6":"no-featured-image-padding"},"acf":{"hreflang":null},"_links":{"self":[{"href":"https:\/\/mistersafari.com\/fr\/wp-json\/wp\/v2\/pages\/4048","targetHints":{"allow":["GET"]}}],"collection":[{"href":"https:\/\/mistersafari.com\/fr\/wp-json\/wp\/v2\/pages"}],"about":[{"href":"https:\/\/mistersafari.com\/fr\/wp-json\/wp\/v2\/types\/page"}],"author":[{"embeddable":true,"href":"https:\/\/mistersafari.com\/fr\/wp-json\/wp\/v2\/users\/3"}],"replies":[{"embeddable":true,"href":"https:\/\/mistersafari.com\/fr\/wp-json\/wp\/v2\/comments?post=4048"}],"version-history":[{"count":66,"href":"https:\/\/mistersafari.com\/fr\/wp-json\/wp\/v2\/pages\/4048\/revisions"}],"predecessor-version":[{"id":4451,"href":"https:\/\/mistersafari.com\/fr\/wp-json\/wp\/v2\/pages\/4048\/revisions\/4451"}],"up":[{"embeddable":true,"href":"https:\/\/mistersafari.com\/fr\/wp-json\/wp\/v2\/pages\/932"}],"wp:featuredmedia":[{"embeddable":true,"href":"https:\/\/mistersafari.com\/fr\/wp-json\/wp\/v2\/media\/4053"}],"wp:attachment":[{"href":"https:\/\/mistersafari.com\/fr\/wp-json\/wp\/v2\/media?parent=4048"}],"wp:term":[{"taxonomy":"content_type","embeddable":true,"href":"https:\/\/mistersafari.com\/fr\/wp-json\/wp\/v2\/content_type?post=4048"},{"taxonomy":"country","embeddable":true,"href":"https:\/\/mistersafari.com\/fr\/wp-json\/wp\/v2\/country?post=4048"}],"curies":[{"name":"wp","href":"https:\/\/api.w.org\/{rel}","templated":true}]}}