{"id":3993,"date":"2021-09-08T06:10:02","date_gmt":"2021-09-08T06:10:02","guid":{"rendered":"https:\/\/mistersafari.com\/fr\/?page_id=3993"},"modified":"2021-09-08T06:10:02","modified_gmt":"2021-09-08T06:10:02","slug":"parc-national-kasanka","status":"publish","type":"page","link":"https:\/\/mistersafari.com\/fr\/safari-zambie\/parcs-reserves\/parc-national-kasanka\/","title":{"rendered":"Parc National de Kasanka"},"content":{"rendered":"\n<p>D\u2019une taille de 390 km\u00b2, le parc national de Kasanka est le seul parc de Zambie a avoir une gestion priv\u00e9e. L\u2019objectif \u00e9tait alors de prot\u00e9ger les esp\u00e8ces menac\u00e9es du braconnage qui faisait rage dans la r\u00e9gion. Aujourd\u2019hui, le parc accueille de nombreux animaux plus ou moins rares. Mais surtout, cette r\u00e9serve naturelle est particuli\u00e8rement connue pour ses chauves-souris.&nbsp;<\/p>\n\n\n\n<p><\/p>\n\n\n\n<h2 class=\"wp-block-heading\">Pourquoi se rendre au parc National de Kasanka ?<\/h2>\n\n\n\n<h3 class=\"wp-block-heading\">L&rsquo;observation des oiseaux&nbsp;<\/h3>\n\n\n\n<p>Le parc national de Kasanka est particuli\u00e8rement r\u00e9put\u00e9 pour abriter de nombreux oiseaux, et notamment des oiseaux de Zambie.&nbsp;<\/p>\n\n\n\n<p>Pour les admirer, plusieurs points d\u2019observation sont pr\u00e9vus, \u2026. dans les arbres ! Ces derniers font parfois 18 m\u00e8tres de hauteur pour que vous puissiez b\u00e9n\u00e9ficier d\u2019un panorama absolument exceptionnel sur la r\u00e9serve. En plus de voir les oiseaux, ces points de vue vous permettent aussi de vous cacher des autres mammif\u00e8res, et donc, de mieux les observer.&nbsp;<\/p>\n\n\n\n<h3 class=\"wp-block-heading\">Les migrations de chauves-souris<\/h3>\n\n\n\n<p>Si vous allez au parc de Kasanka entre les mois d&rsquo;octobre et d\u00e9cembre, vous aurez sans doute la chance d&rsquo;observer les chauves-souris. \u00c0 cette p\u00e9riode de l\u2019ann\u00e9e, elles sont plus de 10 millions \u00e0 se r\u00e9unir dans le parc.&nbsp;<\/p>\n\n\n\n<p>Ces chauves-souris frugivores de couleur paille remplissent le ciel pour se rendre dans la for\u00eat du parc ou \u00e0 proximit\u00e9 de la rivi\u00e8re Kasanka.&nbsp;<\/p>\n\n\n\n<div class=\"wp-block-image\"><figure class=\"aligncenter size-large\"><picture><source srcset=\"https:\/\/mistersafari.com\/fr\/wp-content\/uploads\/sites\/2\/chauve-souris-kansanka-1024x683.webp 1024w,https:\/\/mistersafari.com\/fr\/wp-content\/uploads\/sites\/2\/chauve-souris-kansanka-300x200.webp 300w,https:\/\/mistersafari.com\/fr\/wp-content\/uploads\/sites\/2\/chauve-souris-kansanka-768x512.webp 768w,https:\/\/mistersafari.com\/fr\/wp-content\/uploads\/sites\/2\/chauve-souris-kansanka.webp 1200w\" sizes=\"auto, (max-width: 1024px) 100vw, 1024px\" type=\"image\/webp\"><img src=\"https:\/\/mistersafari.com\/fr\/wp-content\/uploads\/sites\/2\/chauve-souris-kansanka-1024x683.jpg\" height=\"683\" width=\"1024\" srcset=\"https:\/\/mistersafari.com\/fr\/wp-content\/uploads\/sites\/2\/chauve-souris-kansanka-1024x683.jpg 1024w, https:\/\/mistersafari.com\/fr\/wp-content\/uploads\/sites\/2\/chauve-souris-kansanka-300x200.jpg 300w, https:\/\/mistersafari.com\/fr\/wp-content\/uploads\/sites\/2\/chauve-souris-kansanka-768x512.jpg 768w, https:\/\/mistersafari.com\/fr\/wp-content\/uploads\/sites\/2\/chauve-souris-kansanka.jpg 1200w\" sizes=\"auto, (max-width: 1024px) 100vw, 1024px\" class=\"wp-image-3996 sp-no-webp\" alt=\"chauve souris couleur de paille Kansanka\" loading=\"lazy\" decoding=\"async\"  > <\/picture><figcaption>Une chauve-souris couleur de paille du Parc National de Kansanki<\/figcaption><\/figure><\/div>\n\n\n\n<p>Pour les voir, c\u2019est le soir, \u00e0 l\u2019heure de chasse. Alors apr\u00e8s votre journ\u00e9e safari, rendez-vous \u00e0 proximit\u00e9 de la rivi\u00e8re pour un spectacle \u00e9tonnant.&nbsp;<\/p>\n\n\n\n<h3 class=\"wp-block-heading\">Les animaux sauvages&nbsp;<\/h3>\n\n\n\n<p>Le parc national de Kasanka n&rsquo;est pas r\u00e9put\u00e9 pour la densit\u00e9 de ces animaux sauvages. Pour autant, vous pourrez y apercevoir plusieurs esp\u00e8ces int\u00e9ressantes. C\u2019est notamment le cas de la sitatunga. Il s\u2019agit d\u2019une antilope semi-aquatique que vous pourrez observer depuis Fibwe Hide, une zone de grand marais.&nbsp;<\/p>\n\n\n\n<p>D\u2019autres esp\u00e8ces sont aussi pr\u00e9sentes comme le bubale de Lichtenstein, la zibeline,&nbsp; le puku ou le Cercopith\u00e8que \u00e0 diad\u00e8me, \u00e9galement appel\u00e9 Singe Bleu. Ces derniers se font tr\u00e8s peu nombreux en dehors des portes du parc.<\/p>\n\n\n\n<div class=\"wp-block-image\"><figure class=\"aligncenter size-full\"><picture><source srcset=\"https:\/\/mistersafari.com\/fr\/wp-content\/uploads\/sites\/2\/antilop-semi-aquatique.webp 1200w,https:\/\/mistersafari.com\/fr\/wp-content\/uploads\/sites\/2\/antilop-semi-aquatique-300x200.webp 300w,https:\/\/mistersafari.com\/fr\/wp-content\/uploads\/sites\/2\/antilop-semi-aquatique-1024x683.webp 1024w,https:\/\/mistersafari.com\/fr\/wp-content\/uploads\/sites\/2\/antilop-semi-aquatique-768x512.webp 768w\" sizes=\"auto, (max-width: 1200px) 100vw, 1200px\" type=\"image\/webp\"><img src=\"https:\/\/mistersafari.com\/fr\/wp-content\/uploads\/sites\/2\/antilop-semi-aquatique.jpg\" height=\"800\" width=\"1200\" srcset=\"https:\/\/mistersafari.com\/fr\/wp-content\/uploads\/sites\/2\/antilop-semi-aquatique.jpg 1200w, https:\/\/mistersafari.com\/fr\/wp-content\/uploads\/sites\/2\/antilop-semi-aquatique-300x200.jpg 300w, https:\/\/mistersafari.com\/fr\/wp-content\/uploads\/sites\/2\/antilop-semi-aquatique-1024x683.jpg 1024w, https:\/\/mistersafari.com\/fr\/wp-content\/uploads\/sites\/2\/antilop-semi-aquatique-768x512.jpg 768w\" sizes=\"auto, (max-width: 1200px) 100vw, 1200px\" class=\"wp-image-4030 sp-no-webp\" alt=\"antilope semi aquatique du parc de kasanka\" loading=\"lazy\" decoding=\"async\"  > <\/picture><figcaption>Une antilope du Parc National de Kansanki <\/figcaption><\/figure><\/div>\n\n\n\n<p>Outre les animaux menac\u00e9s, d\u2019autres esp\u00e8ces plus connues occupent Kasanka, comme les hippopotames ou les \u00e9l\u00e9phants.&nbsp;<\/p>\n\n\n\n<h3 class=\"wp-block-heading\">Une randonn\u00e9e ou une promenade \u00e0 v\u00e9lo<\/h3>\n\n\n\n<p>Comme au <a href=\"https:\/\/mistersafari.com\/fr\/safari-tanzanie\/parcs-reserves\/parc-national-katavi\/\" data-type=\"page\" data-id=\"3545\">Parc National de Katavi<\/a>, du fait qu\u2019il y ait tr\u00e8s peu de pr\u00e9dateurs, la meilleure mani\u00e8re de visiter le parc se fait \u00e0 pied. Ainsi, de nombreux chemins de randonn\u00e9e sont pr\u00e9vus. Vous pourrez alors partir pour quelques heures, une journ\u00e9e, ou m\u00eame plusieurs jours en dormant \u00e0 la belle \u00e9toile ou dans un camp. N\u2019h\u00e9sitez pas \u00e0 vous faire accompagner d\u2019un guide pour traquer les animaux et en apprendre plus sur leur mode de vie.&nbsp;<\/p>\n\n\n\n<p class=\"callout-green\">Outre les sentiers p\u00e9destres, il existe aussi plusieurs pistes cyclables. Le parc national de Kasanka est d\u2019ailleurs l\u2019un des rares parcs \u00e0 proposer ce mode de locomotion pour se d\u00e9placer.&nbsp;<\/p>\n\n\n\n<h3 class=\"wp-block-heading\">Les excursions sur la rivi\u00e8re Luwombwa<\/h3>\n\n\n\n<p>Pour admirer les animaux sauvages et les oiseaux, il est possible d\u2019organiser des excursions sur la rivi\u00e8re Luwombwa. Pour cela, vous avez le choix entre le cano\u00eb ou le bateau. Si vous choisissez le cano\u00eb, prenez garde ; les crocodiles sont aussi nombreux dans la rivi\u00e8re.&nbsp;<\/p>\n\n\n\n<p>Mais si vous vous rendez au parc entre octobre et d\u00e9cembre, ces pr\u00e9dateurs se cacheront sans doute dans la for\u00eat pour manger les chauves-souris mortes.&nbsp;<\/p>\n\n\n\n<p>En plus d\u2019observer la faune, les amateurs de p\u00eache pourront \u00e9galement sortir leur canne \u00e0 p\u00eache et go\u00fbter des poissons exotiques.&nbsp;<\/p>\n\n\n\n<div class=\"wp-block-image\"><figure class=\"aligncenter size-full\"><picture><source srcset=\"https:\/\/mistersafari.com\/fr\/wp-content\/uploads\/sites\/2\/croccodile-kasanka.webp 1200w,https:\/\/mistersafari.com\/fr\/wp-content\/uploads\/sites\/2\/croccodile-kasanka-300x240.webp 300w,https:\/\/mistersafari.com\/fr\/wp-content\/uploads\/sites\/2\/croccodile-kasanka-1024x819.webp 1024w,https:\/\/mistersafari.com\/fr\/wp-content\/uploads\/sites\/2\/croccodile-kasanka-768x614.webp 768w\" sizes=\"auto, (max-width: 1200px) 100vw, 1200px\" type=\"image\/webp\"><img src=\"https:\/\/mistersafari.com\/fr\/wp-content\/uploads\/sites\/2\/croccodile-kasanka.jpg\" height=\"960\" width=\"1200\" srcset=\"https:\/\/mistersafari.com\/fr\/wp-content\/uploads\/sites\/2\/croccodile-kasanka.jpg 1200w, https:\/\/mistersafari.com\/fr\/wp-content\/uploads\/sites\/2\/croccodile-kasanka-300x240.jpg 300w, https:\/\/mistersafari.com\/fr\/wp-content\/uploads\/sites\/2\/croccodile-kasanka-1024x819.jpg 1024w, https:\/\/mistersafari.com\/fr\/wp-content\/uploads\/sites\/2\/croccodile-kasanka-768x614.jpg 768w\" sizes=\"auto, (max-width: 1200px) 100vw, 1200px\" class=\"wp-image-4027 sp-no-webp\" alt=\"croccodile kasanka \" loading=\"lazy\" decoding=\"async\"  > <\/picture><\/figure><\/div>\n\n\n\n<h3 class=\"wp-block-heading\">L\u2019objectif caritatif<\/h3>\n\n\n\n<p>En 1985, David Lloyd s&rsquo;associe avec plusieurs fermiers locaux pour rendre la r\u00e9serve naturelle accessible aux touristes. Ce faisant, les autorit\u00e9s ont consenti \u00e0 prot\u00e9ger le lieu et toute la faune qui y vit. Ainsi, le parc de Kasanka a permis de sauver de nombreuses esp\u00e8ces qui \u00e9taient alors menac\u00e9es d\u2019un braconnage intensif.&nbsp;<\/p>\n\n\n\n<p>Aujourd\u2019hui, c\u2019est la seule r\u00e9serve \u00e0 gestion priv\u00e9e du pays. C\u2019est une organisation caritative, le Kasanka Trust, qui s\u2019occupe du parc. Tous les b\u00e9n\u00e9fices r\u00e9colt\u00e9s sont utilis\u00e9s pour la conservation des esp\u00e8ces et pour les communaut\u00e9s environnantes.<\/p>\n\n\n\n<h2 class=\"wp-block-heading\">Comment se rendre au parc national de Kasanka ?<\/h2>\n\n\n\n<p>Il existe deux possibilit\u00e9s de se rendre au parc national de Kasanka :&nbsp;<\/p>\n\n\n\n<ul class=\"wp-block-list\"><li>L\u2019avion : c\u2019est la m\u00e9thode la plus rapide, car le parc dispose d\u2019un a\u00e9rodrome.&nbsp;<\/li><li>La voiture : vous devrez alors prendre la grande route du Nord. Cependant, m\u00eame si la route est en bon \u00e9tat, le chemin est tr\u00e8s long.&nbsp;<\/li><\/ul>\n\n\n\n<h2 class=\"wp-block-heading\">Tarif et r\u00e8glement&nbsp;<\/h2>\n\n\n\n<p>Le prix du parc est de 15 US$ par jour et par adulte et 15 US$ par voiture.<\/p>\n\n\n\n<p>\u00c0 cela s&rsquo;ajoutent les frais d\u2019h\u00e9bergement et les \u00e9ventuelles activit\u00e9s suppl\u00e9mentaires.&nbsp;<\/p>\n\n\n\n<h2 class=\"wp-block-heading\">O\u00f9 dormir au parc national de Kasanka ?<\/h2>\n\n\n\n<p>Peu connu des touristes, le parc de Kasanka offre alors un nombre d\u2019h\u00e9bergements limit\u00e9.&nbsp;<\/p>\n\n\n\n<p>L\u2019une des meilleures options est le Wasa Lodge. Ici, des chalets vous attendent pour votre nuit. Et surtout, vous b\u00e9n\u00e9ficiez de vues imprenables sur l\u2019un des lacs.&nbsp;<\/p>\n\n\n\n<p>Hormis ce lodge, vous avez aussi la possibilit\u00e9 de dormir dans les campings. Dans ce cas, il faudra amener votre \u00e9quipement. Cependant, vous aurez acc\u00e8s \u00e0 des toilettes et des douches.&nbsp;<\/p>\n\n\n\n<p>Et pour un peu plus de confort, rendez-vous au Shoebill Camp qui propose des tentes et des cottages \u00e0 des tarifs abordables.&nbsp;<\/p>\n\n\n\n<h2 class=\"wp-block-heading\">Le parc National de Kasanka : autres informations utiles&nbsp;<\/h2>\n\n\n\n<p>Pour admirer les animaux sauvages, il est vivement conseill\u00e9 de se rendre au parc national de Kasanka pendant la p\u00e9riode de juin et octobre. \u00c0 cette \u00e9poque, les animaux se r\u00e9unissent alors autour des points d&rsquo;eau, ce qui facilite leur observation.&nbsp;<\/p>\n\n\n\n<p>Cela dit, l\u2019une des attractions phares du parc reste la migration des chauves-souris qui se d\u00e9roule entre octobre et d\u00e9cembre.&nbsp;<\/p>\n\n\n\n<p class=\"callout-blue\"><strong>Attention :<\/strong> m\u00eame si les temp\u00e9ratures sont agr\u00e9ables pendant la saison s\u00e8che, il est conseill\u00e9 de ramener des v\u00eatements chauds. En effet, les nuits peuvent \u00eatre fra\u00eeches.&nbsp;<\/p>\n","protected":false},"excerpt":{"rendered":"<p>D\u2019une taille de 390 km\u00b2, le parc national de Kasanka est le seul parc de Zambie a avoir une gestion priv\u00e9e. L\u2019objectif \u00e9tait alors de prot\u00e9ger les esp\u00e8ces menac\u00e9es du braconnage qui faisait rage dans la r\u00e9gion. Aujourd\u2019hui, le parc accueille de nombreux animaux plus ou moins rares. Mais surtout, cette r\u00e9serve naturelle est particuli\u00e8rement &#8230; <a title=\"Parc National de Kasanka\" class=\"read-more\" href=\"https:\/\/mistersafari.com\/fr\/safari-zambie\/parcs-reserves\/parc-national-kasanka\/\" aria-label=\"En savoir plus sur Parc National de Kasanka\">Lire la suite<\/a><\/p>\n","protected":false},"author":3,"featured_media":4021,"parent":3764,"menu_order":1,"comment_status":"closed","ping_status":"closed","template":"","meta":{"_acf_changed":false,"footnotes":""},"content_type":[],"country":[],"class_list":{"0":"post-3993","1":"page","2":"type-page","3":"status-publish","4":"has-post-thumbnail","6":"no-featured-image-padding"},"acf":{"hreflang":null},"_links":{"self":[{"href":"https:\/\/mistersafari.com\/fr\/wp-json\/wp\/v2\/pages\/3993","targetHints":{"allow":["GET"]}}],"collection":[{"href":"https:\/\/mistersafari.com\/fr\/wp-json\/wp\/v2\/pages"}],"about":[{"href":"https:\/\/mistersafari.com\/fr\/wp-json\/wp\/v2\/types\/page"}],"author":[{"embeddable":true,"href":"https:\/\/mistersafari.com\/fr\/wp-json\/wp\/v2\/users\/3"}],"replies":[{"embeddable":true,"href":"https:\/\/mistersafari.com\/fr\/wp-json\/wp\/v2\/comments?post=3993"}],"version-history":[{"count":17,"href":"https:\/\/mistersafari.com\/fr\/wp-json\/wp\/v2\/pages\/3993\/revisions"}],"predecessor-version":[{"id":4032,"href":"https:\/\/mistersafari.com\/fr\/wp-json\/wp\/v2\/pages\/3993\/revisions\/4032"}],"up":[{"embeddable":true,"href":"https:\/\/mistersafari.com\/fr\/wp-json\/wp\/v2\/pages\/3764"}],"wp:featuredmedia":[{"embeddable":true,"href":"https:\/\/mistersafari.com\/fr\/wp-json\/wp\/v2\/media\/4021"}],"wp:attachment":[{"href":"https:\/\/mistersafari.com\/fr\/wp-json\/wp\/v2\/media?parent=3993"}],"wp:term":[{"taxonomy":"content_type","embeddable":true,"href":"https:\/\/mistersafari.com\/fr\/wp-json\/wp\/v2\/content_type?post=3993"},{"taxonomy":"country","embeddable":true,"href":"https:\/\/mistersafari.com\/fr\/wp-json\/wp\/v2\/country?post=3993"}],"curies":[{"name":"wp","href":"https:\/\/api.w.org\/{rel}","templated":true}]}}