{"id":3957,"date":"2021-09-07T09:43:31","date_gmt":"2021-09-07T09:43:31","guid":{"rendered":"https:\/\/mistersafari.com\/fr\/?page_id=3957"},"modified":"2021-09-07T14:04:03","modified_gmt":"2021-09-07T14:04:03","slug":"parc-national-bas-zambeze","status":"publish","type":"page","link":"https:\/\/mistersafari.com\/fr\/safari-zimbabwe\/parcs-reserves\/parc-national-bas-zambeze\/","title":{"rendered":"Parc National du bas Zamb\u00e8ze"},"content":{"rendered":"\n<p>Fond\u00e9 en 1983,&nbsp; le parc national du Zamb\u00e8ze se situe en amont des <a href=\"https:\/\/mistersafari.com\/fr\/safari-zimbabwe\/parcs-reserves\/parc-national-chutes-victoria\/\" data-type=\"page\" data-id=\"3817\">chutes Victoria<\/a>. D\u2019une superficie de 4 092 km\u00b2, il est surtout caract\u00e9ris\u00e9 par la diversit\u00e9 de sa faune et de sa flore. Pour en savoir plus sur cet espace naturel, lisez notre guide.&nbsp;<\/p>\n\n\n<div id=\"ez-toc-container\" class=\"ez-toc-v2_0_76 counter-flat ez-toc-counter ez-toc-custom ez-toc-container-direction\">\n<div class=\"ez-toc-title-container\"><p class=\"ez-toc-title\" style=\"cursor:inherit\">Sommaire<\/p>\n<\/div><nav><ul class='ez-toc-list ez-toc-list-level-1 ' ><li class='ez-toc-page-1'><a class=\"ez-toc-link ez-toc-heading-1\" href=\"https:\/\/mistersafari.com\/fr\/safari-zimbabwe\/parcs-reserves\/parc-national-bas-zambeze\/#pourquoi-se-rendre-au-parc-national-du-bas-zambeze\">Pourquoi se rendre au Parc National du bas Zamb\u00e8ze ?<\/a><\/li><li class='ez-toc-page-1'><a class=\"ez-toc-link ez-toc-heading-2\" href=\"https:\/\/mistersafari.com\/fr\/safari-zimbabwe\/parcs-reserves\/parc-national-bas-zambeze\/#tarif-et-reglementation\">Tarif et r\u00e9glementation<\/a><\/li><li class='ez-toc-page-1'><a class=\"ez-toc-link ez-toc-heading-3\" href=\"https:\/\/mistersafari.com\/fr\/safari-zimbabwe\/parcs-reserves\/parc-national-bas-zambeze\/#ou-dormir-au-parc-national-du-bas-zambeze\">O\u00f9 dormir au Parc National du bas Zamb\u00e8ze ?<\/a><\/li><li class='ez-toc-page-1'><a class=\"ez-toc-link ez-toc-heading-4\" href=\"https:\/\/mistersafari.com\/fr\/safari-zimbabwe\/parcs-reserves\/parc-national-bas-zambeze\/#le-parc-national-du-zambeze-autres-informations-pratiques\">Le Parc National du Zamb\u00e8ze : autres informations pratiques<\/a><\/li><\/ul><\/nav><\/div>\n\n\n\n\n<h2 class=\"wp-block-heading\"><span class=\"ez-toc-section\" id=\"pourquoi-se-rendre-au-parc-national-du-bas-zambeze\"><\/span>Pourquoi se rendre au Parc National du bas Zamb\u00e8ze ?<span class=\"ez-toc-section-end\"><\/span><\/h2>\n\n\n\n<h3 class=\"wp-block-heading\">Les animaux<\/h3>\n\n\n\n<p>De par la volont\u00e9 de pr\u00e9servation de l&rsquo;environnement de la population locale, le parc national du Zamb\u00e8ze est un v\u00e9ritable petit paradis pour les animaux. C\u2019est ainsi que vous pourrez y observer :&nbsp;<\/p>\n\n\n\n<ul class=\"wp-block-list\"><li>Le Big 4 : le lion, l\u2019\u00e9l\u00e9phant, le buffle et le l\u00e9opard. \u00c0 l\u2019exception du rhinoc\u00e9ros qui a \u00e9t\u00e9 victime du braconnage intensif en Zambie, ils sont tous l\u00e0.<\/li><li>Les mammif\u00e8res : les pr\u00e9dateurs et autres animaux sauvages sont largement pr\u00e9sents en Zambie. Ainsi, lors de votre s\u00e9jour dans le parc national du Lower Zambezie, vous aurez l\u2019occasion d\u2019admirer des hy\u00e8nes, des chiens sauvages, des antilopes, des z\u00e8bres, des girafes, des impalas, etc;<\/li><li>Les oiseaux : avec 378 esp\u00e8ces comptabilis\u00e9es au sein du parc, les amateurs d\u2019ornithologie seront ravis de leur visite. Mais rassurez-vous si ce n\u2019est pas votre sp\u00e9cialit\u00e9, il vous suffit de lever les yeux au ciel pour observer les oiseaux. Avec diff\u00e9rentes formes, diff\u00e9rentes couleurs et diff\u00e9rentes tailles, ils vous offrent un spectacle \u00e9blouissant. Concr\u00e8tement, cet espace naturel accueille des aigles, des h\u00e9rons, des cigognes, des gu\u00eapiers, des martins-p\u00eacheurs, etc.&nbsp;<\/li><\/ul>\n\n\n\n<p>Pour faciliter l\u2019observation des diff\u00e9rentes esp\u00e8ces, n\u2019h\u00e9sitez pas \u00e0 faire appel \u00e0 un guide. Celui-ci vous orientera vers les meilleurs spots pour admirer la faune sauvage.&nbsp;<\/p>\n\n\n\n<p>Sachez \u00e9galement qu\u2019il n\u2019y a pas de cl\u00f4ture au sein du parc. De ce fait, les animaux se d\u00e9placent librement entre les diff\u00e9rentes zones.&nbsp;<\/p>\n\n\n\n<div class=\"wp-block-image\"><figure class=\"aligncenter size-full\"><picture><source srcset=\"https:\/\/mistersafari.com\/fr\/wp-content\/uploads\/sites\/2\/zebres-parc-bas-zambeze.webp 1200w,https:\/\/mistersafari.com\/fr\/wp-content\/uploads\/sites\/2\/zebres-parc-bas-zambeze-300x219.webp 300w,https:\/\/mistersafari.com\/fr\/wp-content\/uploads\/sites\/2\/zebres-parc-bas-zambeze-1024x748.webp 1024w,https:\/\/mistersafari.com\/fr\/wp-content\/uploads\/sites\/2\/zebres-parc-bas-zambeze-768x561.webp 768w\" sizes=\"auto, (max-width: 1200px) 100vw, 1200px\" type=\"image\/webp\"><img src=\"https:\/\/mistersafari.com\/fr\/wp-content\/uploads\/sites\/2\/zebres-parc-bas-zambeze.jpg\" height=\"877\" width=\"1200\" srcset=\"https:\/\/mistersafari.com\/fr\/wp-content\/uploads\/sites\/2\/zebres-parc-bas-zambeze.jpg 1200w, https:\/\/mistersafari.com\/fr\/wp-content\/uploads\/sites\/2\/zebres-parc-bas-zambeze-300x219.jpg 300w, https:\/\/mistersafari.com\/fr\/wp-content\/uploads\/sites\/2\/zebres-parc-bas-zambeze-1024x748.jpg 1024w, https:\/\/mistersafari.com\/fr\/wp-content\/uploads\/sites\/2\/zebres-parc-bas-zambeze-768x561.jpg 768w\" sizes=\"auto, (max-width: 1200px) 100vw, 1200px\" class=\"wp-image-3967 sp-no-webp\" alt=\"z\u00e8bres du parc du bas Zamb\u00e8ze\" loading=\"lazy\" decoding=\"async\"  > <\/picture><\/figure><\/div>\n\n\n\n<h3 class=\"wp-block-heading\">La beaut\u00e9 des paysages&nbsp;<\/h3>\n\n\n\n<p>De par son fleuve, le parc national du bas Zamb\u00e8ze offre une diversit\u00e9 de paysages \u00e0 ses visiteurs. Une grande partie du parc est recouverte d&rsquo;une brousse \u00e9paisse, alors que pr\u00e8s des rives, la v\u00e9g\u00e9tation est d\u00e9gag\u00e9e permettant \u00e0 la faune de s\u2019abreuver tranquillement.&nbsp;<\/p>\n\n\n\n<p>Et contrairement \u00e0 de nombreux pays africains, le sol y est riche, favorisant ainsi le d\u00e9veloppement de grands arbres verts.&nbsp;<\/p>\n\n\n\n<p>La beaut\u00e9 et la diversit\u00e9 des paysages sont le fruit d\u2019un \u00e9norme rift dans la cro\u00fbte terrestre. Par ailleurs, les sols volcaniques sont riches en min\u00e9raux gr\u00e2ce au fleuve Zamb\u00e8ze. Cela permet aujourd\u2019hui \u00e0 la r\u00e9serve de b\u00e9n\u00e9ficier d\u2019une v\u00e9g\u00e9tation luxuriante.&nbsp;<\/p>\n\n\n\n<p>Et m\u00eame si la Zambie est tr\u00e8s connue pour ses safaris, la nature y est tr\u00e8s sauvage. Vous ne risquez donc pas de vous sentir envahi par des masses de touristes.&nbsp;<\/p>\n\n\n\n<p>Par ailleurs, en remontant le parc national du bas Zamb\u00e8ze, vous pourrez admirer <a href=\"https:\/\/mistersafari.com\/fr\/safari-zimbabwe\/parcs-reserves\/parc-national-chutes-victoria\/\" data-type=\"page\" data-id=\"3817\">les chutes Victoria<\/a>, de l\u2019autre c\u00f4t\u00e9 du pays. Ces derni\u00e8res sont class\u00e9es parmi les sept merveilles du monde. Alors profitez-en pour les d\u00e9couvrir.&nbsp;<\/p>\n\n\n\n<h3 class=\"wp-block-heading\">Une excursion sur le fleuve du Zamb\u00e8ze<\/h3>\n\n\n\n<p>Incontournable lors de votre excursion dans le parc national du bas Zamb\u00e8ze ; une excursion sur le fleuve Zamb\u00e8ze. Le quatri\u00e8me fleuve d\u2019Afrique peut se traverser en bateau ou en cano\u00eb. C\u2019est ici que vous trouverez les meilleurs points de vue pour admirer la faune sauvage. Le long des rives, vous pourrez observer les troupeaux d\u2019\u00e9l\u00e9phants qui se r\u00e9unissent, les l\u00e9opards, les lions, les buffles, etc.&nbsp;<\/p>\n\n\n\n<p>Et dans l\u2019eau, ce sont les hippopotames et les crocodiles qui occupent les lieux.&nbsp;<\/p>\n\n\n\n<p class=\"callout-green\">En plus d\u2019observer la faune, vous b\u00e9n\u00e9ficiez en toile de fond d\u2019un paysage magnifique avec l\u2019escarpement du fleuve Zamb\u00e8ze qui descend jusqu\u2019\u00e0 la rivi\u00e8re.&nbsp;<\/p>\n\n\n\n<div class=\"wp-block-image\"><figure class=\"aligncenter size-large\"><picture><source srcset=\"https:\/\/mistersafari.com\/fr\/wp-content\/uploads\/sites\/2\/riviere-zambeze-1024x684.webp 1024w,https:\/\/mistersafari.com\/fr\/wp-content\/uploads\/sites\/2\/riviere-zambeze-300x200.webp 300w,https:\/\/mistersafari.com\/fr\/wp-content\/uploads\/sites\/2\/riviere-zambeze-768x513.webp 768w,https:\/\/mistersafari.com\/fr\/wp-content\/uploads\/sites\/2\/riviere-zambeze.webp 1200w\" sizes=\"auto, (max-width: 1024px) 100vw, 1024px\" type=\"image\/webp\"><img src=\"https:\/\/mistersafari.com\/fr\/wp-content\/uploads\/sites\/2\/riviere-zambeze-1024x684.jpg\" height=\"684\" width=\"1024\" srcset=\"https:\/\/mistersafari.com\/fr\/wp-content\/uploads\/sites\/2\/riviere-zambeze-1024x684.jpg 1024w, https:\/\/mistersafari.com\/fr\/wp-content\/uploads\/sites\/2\/riviere-zambeze-300x200.jpg 300w, https:\/\/mistersafari.com\/fr\/wp-content\/uploads\/sites\/2\/riviere-zambeze-768x513.jpg 768w, https:\/\/mistersafari.com\/fr\/wp-content\/uploads\/sites\/2\/riviere-zambeze.jpg 1200w\" sizes=\"auto, (max-width: 1024px) 100vw, 1024px\" class=\"wp-image-3972 sp-no-webp\" alt=\"rivi\u00e8re du parc zamb\u00e8ze\" loading=\"lazy\" decoding=\"async\"  > <\/picture><\/figure><\/div>\n\n\n\n<p>Comment se rendre au Parc National Lower Zambezie ? Situ\u00e9 dans un coin recul\u00e9, le parc national Lower Zambezie reste relativement facile d\u2019acc\u00e8s. \u00c0 ce titre, il existe plusieurs moyens de transport :&nbsp;<\/p>\n\n\n\n<ul class=\"wp-block-list\"><li>Avion : prenez l\u2019avion depuis Lusaka, la capitale de la Zambie pour vous rendre au parc. D\u2019ici, il faut pr\u00e9voir 45 \u00e0 60 minutes de vol;<\/li><li>&nbsp;La voiture : dans ce cas, le 4*4 est \u00e0 privil\u00e9gier pour se d\u00e9placer. Depuis Lusaka, prenez la route en direction de Kazungula.&nbsp;<\/li><\/ul>\n\n\n\n<div class=\"wp-block-image\"><figure class=\"aligncenter size-large\"><picture><source srcset=\"https:\/\/mistersafari.com\/fr\/wp-content\/uploads\/sites\/2\/map-zambeze-1-1024x270.webp 1024w,https:\/\/mistersafari.com\/fr\/wp-content\/uploads\/sites\/2\/map-zambeze-1-300x79.webp 300w,https:\/\/mistersafari.com\/fr\/wp-content\/uploads\/sites\/2\/map-zambeze-1-768x202.webp 768w,https:\/\/mistersafari.com\/fr\/wp-content\/uploads\/sites\/2\/map-zambeze-1.webp 1200w\" sizes=\"auto, (max-width: 1024px) 100vw, 1024px\" type=\"image\/webp\"><img src=\"https:\/\/mistersafari.com\/fr\/wp-content\/uploads\/sites\/2\/map-zambeze-1-1024x270.png\" height=\"270\" width=\"1024\" srcset=\"https:\/\/mistersafari.com\/fr\/wp-content\/uploads\/sites\/2\/map-zambeze-1-1024x270.png 1024w, https:\/\/mistersafari.com\/fr\/wp-content\/uploads\/sites\/2\/map-zambeze-1-300x79.png 300w, https:\/\/mistersafari.com\/fr\/wp-content\/uploads\/sites\/2\/map-zambeze-1-768x202.png 768w, https:\/\/mistersafari.com\/fr\/wp-content\/uploads\/sites\/2\/map-zambeze-1.png 1200w\" sizes=\"auto, (max-width: 1024px) 100vw, 1024px\" class=\"wp-image-3974 sp-no-webp\" alt=\"circuit zamb\u00e8ze\" loading=\"lazy\" decoding=\"async\"  > <\/picture><figcaption>Emplacement du Parc National du bas Zamb\u00e8ze  <em>(source : <a href=\"https:\/\/www.lowerzambezi.com\/\" target=\"_blank\" data-type=\"URL\" data-id=\"https:\/\/www.lowerzambezi.com\/\" rel=\"noreferrer noopener nofollow\">site officiel du Parc National du bas Zamb\u00e8ze<\/a>)<\/em><\/figcaption><\/figure><\/div>\n\n\n\n<h2 class=\"wp-block-heading\"><span class=\"ez-toc-section\" id=\"tarif-et-reglementation\"><\/span>Tarif et r\u00e9glementation<span class=\"ez-toc-section-end\"><\/span><\/h2>\n\n\n\n<h3 class=\"wp-block-heading\">Tarif&nbsp;<\/h3>\n\n\n\n<p>Les tarifs d\u2019un s\u00e9jour au sein du parc national du Zamb\u00e8ze d\u00e9pendent en r\u00e9alit\u00e9 de toutes les options que vous s\u00e9lectionnez : h\u00e9bergement, activit\u00e9, location de voiture, etc.&nbsp;<\/p>\n\n\n\n<p>Ainsi, les petits budgets peuvent d\u00e9couvrir le parc en privil\u00e9giant les auberges de jeunesse ou camping simple. Mais si vous avez plus de moyens, n\u2019h\u00e9sitez pas \u00e0 multiplier les activit\u00e9s et choisir des lodges haut de gamme.&nbsp;<\/p>\n\n\n\n<h3 class=\"wp-block-heading\">R\u00e9glementation&nbsp;<\/h3>\n\n\n\n<p>Le parc national du lower Zambezie \u00e9tant d\u00e9pourvu de cl\u00f4ture, il est primordial de suivre quelques r\u00e8gles pour votre s\u00e9curit\u00e9 :&nbsp;<\/p>\n\n\n\n<ul class=\"wp-block-list\"><li>Il est interdit de sortir de la voiture sans accompagnement des gardes forestiers, du fait de la pr\u00e9sence de pr\u00e9dateurs au sein du parc.&nbsp;<\/li><li>Lors de l\u2019arriv\u00e9e au lodge, \u00e9coutez attentivement les instructions du personnel. Ces derniers savent parfaitement quels animaux r\u00f4dent autour.&nbsp;<\/li><li>En l\u2019absence de cl\u00f4ture autour du lodge, ne sortez pas non accompagn\u00e9 apr\u00e8s le coucher du soleil. Si vous devez vous rendre au restaurant ou au bar, contactez la r\u00e9ception pour qu\u2019un local vous accompagne.<\/li><li>Si vous voyagez avec des enfants, gardez-les toujours \u00e0 proximit\u00e9 sans jamais les perdre de vue.&nbsp;<\/li><\/ul>\n\n\n\n<h2 class=\"wp-block-heading\"><span class=\"ez-toc-section\" id=\"ou-dormir-au-parc-national-du-bas-zambeze\"><\/span>O\u00f9 dormir au Parc National du bas Zamb\u00e8ze ?<span class=\"ez-toc-section-end\"><\/span><\/h2>\n\n\n\n<p>Le parc dispose d&rsquo;une multitude de logements pour tous les budgets : du lodge luxueux, aux camps de brousses en passant par les auberges de jeunesse, vous aurez l\u2019embarras du choix.&nbsp;&nbsp;<\/p>\n\n\n\n<p>Parmi les plus r\u00e9put\u00e9s, vous retrouverez :&nbsp;<\/p>\n\n\n\n<ul class=\"wp-block-list\"><li>Old Mondoro Bush Camp<\/li><li>Rivi\u00e8re Chongwe<\/li><li>Royal Zambezi<\/li><li>Camp Anabezi<\/li><\/ul>\n\n\n\n<p class=\"callout-blue\"><strong>\u00c0 noter : <\/strong>du fait de son isolement, le parc national du Zamb\u00e8ze est d\u00e9pourvu de pollution nocturne. \u00c0 la nuit tomb\u00e9e, les vues sur la voie lact\u00e9e sont absolument impressionnantes. Si vous souhaitez admirer cette couverture d\u2019\u00e9toiles, n\u2019h\u00e9sitez pas \u00e0 choisir un lodge parfaitement s\u00e9curis\u00e9 pour sortir en toute tranquillit\u00e9.&nbsp;<\/p>\n\n\n\n<div class=\"wp-block-image\"><figure class=\"aligncenter size-large\"><picture><source srcset=\"https:\/\/mistersafari.com\/fr\/wp-content\/uploads\/sites\/2\/lionne-zambezi-1024x683.webp 1024w,https:\/\/mistersafari.com\/fr\/wp-content\/uploads\/sites\/2\/lionne-zambezi-300x200.webp 300w,https:\/\/mistersafari.com\/fr\/wp-content\/uploads\/sites\/2\/lionne-zambezi-768x512.webp 768w,https:\/\/mistersafari.com\/fr\/wp-content\/uploads\/sites\/2\/lionne-zambezi.webp 1200w\" sizes=\"auto, (max-width: 1024px) 100vw, 1024px\" type=\"image\/webp\"><img src=\"https:\/\/mistersafari.com\/fr\/wp-content\/uploads\/sites\/2\/lionne-zambezi-1024x683.jpg\" height=\"683\" width=\"1024\" srcset=\"https:\/\/mistersafari.com\/fr\/wp-content\/uploads\/sites\/2\/lionne-zambezi-1024x683.jpg 1024w, https:\/\/mistersafari.com\/fr\/wp-content\/uploads\/sites\/2\/lionne-zambezi-300x200.jpg 300w, https:\/\/mistersafari.com\/fr\/wp-content\/uploads\/sites\/2\/lionne-zambezi-768x512.jpg 768w, https:\/\/mistersafari.com\/fr\/wp-content\/uploads\/sites\/2\/lionne-zambezi.jpg 1200w\" sizes=\"auto, (max-width: 1024px) 100vw, 1024px\" class=\"wp-image-3978 sp-no-webp\" alt=\"lionne du parc bas zamb\u00e8ze\" loading=\"lazy\" decoding=\"async\"  > <\/picture><\/figure><\/div>\n\n\n\n<h2 class=\"wp-block-heading\"><span class=\"ez-toc-section\" id=\"le-parc-national-du-zambeze-autres-informations-pratiques\"><\/span>Le Parc National du Zamb\u00e8ze : autres informations pratiques<span class=\"ez-toc-section-end\"><\/span><\/h2>\n\n\n\n<h3 class=\"wp-block-heading\">Quand partir ?<\/h3>\n\n\n\n<p>Pour admirer la faune sauvage dans les meilleures conditions, choisissez la saison s\u00e8che, soit la p\u00e9riode entre juillet et octobre. Outre la possibilit\u00e9 d\u2019observer les diff\u00e9rentes esp\u00e8ces animali\u00e8res, c\u2019est aussi le meilleur moment pour vous rendre aux chutes Victoria.&nbsp;<\/p>\n\n\n\n<p class=\"callout-green\">Cela dit, la saison humide offre \u00e9galement son lot de surprises avec un paysage luxuriant et des tarifs plus avantageux.&nbsp;<\/p>\n\n\n\n<h3 class=\"wp-block-heading\">Quelles sont les autres activit\u00e9s en Zambie ?<\/h3>\n\n\n\n<p>Outre le parc national du bas Zamb\u00e8ze, profitez de votre s\u00e9jour en Zambie pour visiter <a href=\"https:\/\/mistersafari.com\/fr\/safari-zimbabwe\/parcs-reserves\/parc-national-chutes-victoria\/\" data-type=\"page\" data-id=\"3817\">les chutes Victoria<\/a>, le <a href=\"https:\/\/mistersafari.com\/fr\/safari-botswana\/parcs-reserves\/parc-national-chobe\/\" data-type=\"page\" data-id=\"3136\">parc national de Chobe<\/a>, ou encore le <a href=\"https:\/\/mistersafari.com\/fr\/safari-zambie\/parcs-reserves\/parc-national-south-luangwa\/\" data-type=\"page\" data-id=\"3672\">parc national de South Luangwa.<\/a><\/p>\n","protected":false},"excerpt":{"rendered":"<p>Fond\u00e9 en 1983,&nbsp; le parc national du Zamb\u00e8ze se situe en amont des chutes Victoria. D\u2019une superficie de 4 092 km\u00b2, il est surtout caract\u00e9ris\u00e9 par la diversit\u00e9 de sa faune et de sa flore. Pour en savoir plus sur cet espace naturel, lisez notre guide.&nbsp; Pourquoi se rendre au Parc National du bas Zamb\u00e8ze &#8230; <a title=\"Parc National du bas Zamb\u00e8ze\" class=\"read-more\" href=\"https:\/\/mistersafari.com\/fr\/safari-zimbabwe\/parcs-reserves\/parc-national-bas-zambeze\/\" aria-label=\"En savoir plus sur Parc National du bas Zamb\u00e8ze\">Lire la suite<\/a><\/p>\n","protected":false},"author":3,"featured_media":3961,"parent":3870,"menu_order":5,"comment_status":"closed","ping_status":"closed","template":"","meta":{"_acf_changed":false,"footnotes":""},"content_type":[],"country":[],"class_list":{"0":"post-3957","1":"page","2":"type-page","3":"status-publish","4":"has-post-thumbnail","6":"no-featured-image-padding"},"acf":{"hreflang":null},"_links":{"self":[{"href":"https:\/\/mistersafari.com\/fr\/wp-json\/wp\/v2\/pages\/3957","targetHints":{"allow":["GET"]}}],"collection":[{"href":"https:\/\/mistersafari.com\/fr\/wp-json\/wp\/v2\/pages"}],"about":[{"href":"https:\/\/mistersafari.com\/fr\/wp-json\/wp\/v2\/types\/page"}],"author":[{"embeddable":true,"href":"https:\/\/mistersafari.com\/fr\/wp-json\/wp\/v2\/users\/3"}],"replies":[{"embeddable":true,"href":"https:\/\/mistersafari.com\/fr\/wp-json\/wp\/v2\/comments?post=3957"}],"version-history":[{"count":21,"href":"https:\/\/mistersafari.com\/fr\/wp-json\/wp\/v2\/pages\/3957\/revisions"}],"predecessor-version":[{"id":3998,"href":"https:\/\/mistersafari.com\/fr\/wp-json\/wp\/v2\/pages\/3957\/revisions\/3998"}],"up":[{"embeddable":true,"href":"https:\/\/mistersafari.com\/fr\/wp-json\/wp\/v2\/pages\/3870"}],"wp:featuredmedia":[{"embeddable":true,"href":"https:\/\/mistersafari.com\/fr\/wp-json\/wp\/v2\/media\/3961"}],"wp:attachment":[{"href":"https:\/\/mistersafari.com\/fr\/wp-json\/wp\/v2\/media?parent=3957"}],"wp:term":[{"taxonomy":"content_type","embeddable":true,"href":"https:\/\/mistersafari.com\/fr\/wp-json\/wp\/v2\/content_type?post=3957"},{"taxonomy":"country","embeddable":true,"href":"https:\/\/mistersafari.com\/fr\/wp-json\/wp\/v2\/country?post=3957"}],"curies":[{"name":"wp","href":"https:\/\/api.w.org\/{rel}","templated":true}]}}