{"id":388,"date":"2020-02-26T14:18:05","date_gmt":"2020-02-26T14:18:05","guid":{"rendered":"https:\/\/mistersafari.com\/fr\/?page_id=388"},"modified":"2022-02-10T10:27:13","modified_gmt":"2022-02-10T10:27:13","slug":"mentions-legales","status":"publish","type":"page","link":"https:\/\/mistersafari.com\/fr\/mentions-legales\/","title":{"rendered":"Mentions L\u00e9gales et Conditions G\u00e9n\u00e9rales d&rsquo;Utilisation"},"content":{"rendered":"\n<h2 class=\"wp-block-heading\" id=\"preambule\"><strong>Pr\u00e9ambule<\/strong><\/h2>\n\n\n\n<p>La poursuite de la navigation sur notre Site <a href=\"https:\/\/mistersafari.com\">mistersafari.com<\/a> (ci-apr\u00e8s le \u00ab\u00a0<strong>Site<\/strong>\u00a0\u00bb) vaut de la part des visiteurs du Site (ci-apr\u00e8s les \u00ab\u00a0<strong>Utilisateurs<\/strong>\u00a0\u00bb) une acceptation sans r\u00e9serve des dispositions et conditions d\u2019utilisation qui suivent (ci-apr\u00e8s d\u00e9nomm\u00e9es \u00ab\u00a0<strong>C.G.U<\/strong>.\u00a0\u00bb). Avant toute utilisation des fonctionnalit\u00e9s de notre site, l\u2019Utilisateur reconna\u00eet avoir pris connaissance des pr\u00e9sentes C.G.U. et les avoir accept\u00e9s.<\/p>\n\n\n\n<p>La version actuellement en ligne de nos C.G.U. est la seule opposable pendant toute la dur\u00e9e d\u2019utilisation du site et jusqu\u2019\u00e0 ce que nous la remplacions par une nouvelle version.<\/p>\n\n\n\n<p>Le Site est g\u00e9r\u00e9 par la Soci\u00e9t\u00e9 <em>Corail Media<\/em> qui se r\u00e9serve le droit de modifier les pr\u00e9sentes conditions \u00e0 tout moment, il est donc de la responsabilit\u00e9 des Utilisateurs de consulter les C.G.U. r\u00e9guli\u00e8rement. Toute utilisation de notre site apr\u00e8s modification des C.G.U. vaut acceptation irr\u00e9vocable par l\u2019Utilisateur de la nouvelle version. En cas de d\u00e9saccord avec nos C.G.U. l\u2019Utilisateur est invit\u00e9 \u00e0 ne plus utiliser notre Site.<\/p>\n\n\n\n<h2 class=\"wp-block-heading\" id=\"article-1-definitions\"><strong>Article 1 \u2013 D\u00e9finitions<\/strong><\/h2>\n\n\n\n<p>Sur notre site internet, les termes ci-dessous ont la signification suivante&nbsp;:&nbsp;<\/p>\n\n\n\n<ul class=\"wp-block-list\"><li><strong>\u00ab&nbsp;Contenu&nbsp;\u00bb<\/strong>&nbsp;: d\u00e9signe l\u2019ensemble des \u00e9l\u00e9ments constituant l\u2019information pr\u00e9sente sur notre Site (textes, images, vid\u00e9os, algorithmes, logiciels, widgets, etc.) et permettant son fonctionnement, l\u2019information de l\u2019Utilisateur et la pr\u00e9sentation de nos services&nbsp;;&nbsp;<\/li><\/ul>\n\n\n\n<ul class=\"wp-block-list\"><li><strong>\u00ab&nbsp;Droits de propri\u00e9t\u00e9 intellectuelle&nbsp;\u00bb<\/strong>&nbsp;: d\u00e9signe tous les droits de propri\u00e9t\u00e9 intellectuelle et droits connexes (droit d\u2019auteur, droits de marque, droits de brevets, noms commerciaux, bases de donn\u00e9es, etc.) tels que prot\u00e9g\u00e9s par le Code de la Propri\u00e9t\u00e9 Intellectuelle cr\u00e9\u00e9 par la loi n\u00b092-587 du 1<sup>er<\/sup> juillet 1992, dont la version en vigueur est celle applicable au moment de la consultation du site par l\u2019utilisateur&nbsp;;&nbsp;<\/li><\/ul>\n\n\n\n<ul class=\"wp-block-list\"><li><strong>\u00ab&nbsp;Fonctionnalit\u00e9s&nbsp;\u00bb<\/strong>&nbsp;: d\u00e9signe toutes les fonctionnalit\u00e9s mises \u00e0 disposition de nos utilisateurs via notre site&nbsp;;&nbsp;<\/li><\/ul>\n\n\n\n<ul class=\"wp-block-list\"><li>\u00ab&nbsp;<strong>Soci\u00e9t\u00e9<\/strong>&nbsp;\u00bb&nbsp;: d\u00e9signe la soci\u00e9t\u00e9 <em>Corail Media<\/em>, Soci\u00e9t\u00e9 par actions simplifi\u00e9e au capital social de 2.000 \u20ac, immatricul\u00e9e au Registre du Commerce et des Soci\u00e9t\u00e9s de Paris sous le num\u00e9ro 879&nbsp;907 269, dont le si\u00e8ge social est sis 6 rue d\u2019Armaille, 75017 Paris.<\/li><\/ul>\n\n\n\n<ul class=\"wp-block-list\"><li><strong>\u00ab\u00a0Site\u00a0\u00bb<\/strong>\u00a0: d\u00e9signe le site internet <a href=\"https:\/\/mistersafari.com\">mistersafari.com<\/a> (et toutes versions du Site en diff\u00e9rentes langues) ou tout autre site internet exploit\u00e9 par la Soci\u00e9t\u00e9 et mis \u00e0 disposition de l\u2019Utilisateur\u00a0;<\/li><\/ul>\n\n\n\n<ul class=\"wp-block-list\"><li><strong>\u00ab&nbsp;Utilisateur&nbsp;\u00bb<\/strong>&nbsp;: d\u00e9signe tout individu utilisant notre Site et ayant acc\u00e8s \u00e0 son contenu.<\/li><\/ul>\n\n\n\n<h2 class=\"wp-block-heading\" id=\"article-2-mentions-legales\"><strong>Article 2 \u2013 Mentions L\u00e9gales<\/strong><\/h2>\n\n\n\n<p>En application de la <em>loi n\u00b02004-575 du 21 juin 2004 pour la confiance dans l\u2019\u00e9conomie num\u00e9rique<\/em>, il est indiqu\u00e9 aux utilisateurs de notre Site, l\u2019identit\u00e9 des intervenants dans le cadre de sa r\u00e9alisation et de son suivi&nbsp;:&nbsp;<\/p>\n\n\n\n<p>Propri\u00e9taire&nbsp;: soci\u00e9t\u00e9 <em>Corail Media<\/em>, Soci\u00e9t\u00e9 par actions simplifi\u00e9e au capital social de 2.000 \u20ac, immatricul\u00e9e au Registre du Commerce et des Soci\u00e9t\u00e9s de Paris sous le num\u00e9ro 879&nbsp;907 269, dont le si\u00e8ge social est sis 6 rue d\u2019Armaille, 75017 Paris.<\/p>\n\n\n\n<p>Responsable \u00e9ditorial&nbsp;: <strong>Guillaume Robez<\/strong>, Soci\u00e9t\u00e9 Corail Media (<a href=\"mailto:hello@corailmedia.com\">hello@corailmedia.com<\/a>).<\/p>\n\n\n\n<p>H\u00e9bergeur&nbsp;: <strong>Kinsta<\/strong> (<a href=\"http:\/\/www.kinsta.com\" target=\"_blank\" rel=\"noreferrer noopener nofollow\">www.kinsta.com<\/a>), 8605 Santa Monica Blvd, 92581 West Hollywood, CA 90069, United States. Cependant, les serveurs de l\u2019h\u00e9bergeur sont localis\u00e9s en Belgique.&nbsp;<\/p>\n\n\n\n<p>D\u00e9l\u00e9gu\u00e9 \u00e0 la Protection des Donn\u00e9es&nbsp;: <strong>Fabien Dupuis<\/strong>, (<a href=\"mailto:dpo@corailmedia.com\">dpo@corailmedia.com<\/a>).<\/p>\n\n\n\n<h2 class=\"wp-block-heading\" id=\"article-3-protection-des-donnees-a-caractere-personnel\"><strong>Article 3 \u2013 Protection des donn\u00e9es \u00e0 caract\u00e8re personnel<\/strong><\/h2>\n\n\n\n<p>Pour l\u2019utilisation de notre Site, nous allons proc\u00e9der au traitement de certaines donn\u00e9es \u00e0 caract\u00e8re personnel concernant les Utilisateurs. Ces traitements s\u2019effectuent dans le respect de la <em>loi n\u00b078-17 du 6 janvier 1978<\/em> modifi\u00e9e relative \u00e0 l\u2019informatique, aux fichiers et aux libert\u00e9s (dite \u00ab&nbsp;Loi Informatique et Libert\u00e9s&nbsp;\u00bb) et de la Politique de Confidentialit\u00e9 accessible dans l\u2019onglet correspondant sur notre site.<\/p>\n\n\n\n<h2 class=\"wp-block-heading\" id=\"article-4-acces-au-site\"><strong>Article 4 \u2013 Acc\u00e8s au site<\/strong><\/h2>\n\n\n\n<p>L\u2019acc\u00e8s au Site et son utilisation sont r\u00e9serv\u00e9s \u00e0 un usage strictement personnel. L\u2019Utilisateur s\u2019engage \u00e0 ne pas utiliser ce Site et les informations ou donn\u00e9es qui y figurent \u00e0 des fins commerciales, politiques, publicitaires et pour toute forme de sollicitation commerciale et notamment l\u2019envoi de courriers \u00e9lectroniques non sollicit\u00e9s.<\/p>\n\n\n\n<p>La Soci\u00e9t\u00e9 ne pourra \u00eatre tenue pour responsable en cas d\u2019acc\u00e8s au Site par des mineurs pas plus qu\u2019elle ne pourra \u00eatre tenue pour responsable en cas d\u2019informations erron\u00e9es ou mensong\u00e8res fournies par les utilisateurs du Site.<\/p>\n\n\n\n<h2 class=\"wp-block-heading\" id=\"article-5-description-des-services-fournis\"><strong>Article 5 \u2013 Description des services fournis<\/strong><\/h2>\n\n\n\n<p>Mister Safari est un site web agissant en qualit\u00e9 de guide touristique et facilite la mise en relation entre les utilisateurs et les agences de voyages proposant des safaris sur le continent africain (Botswana, Afrique du Sud, Namibie, Tanzanie, Kenya) pour les particuliers.<\/p>\n\n\n\n<p>Les safaris ne sont pas organis\u00e9s directement par Mister Safari mais par des agences de voyages sp\u00e9cialis\u00e9es qui prendront directement contact avec l\u2019Utilisateur en vue de recueillir sa demande, d\u2019organiser une proposition de voyage et de transmettre une offre \u00e0 l\u2019Utilisateur et, le cas \u00e9ch\u00e9ant, d\u2019organiser le safari.<\/p>\n\n\n\n<p>Mister Safari recueille donc simplement les donn\u00e9es de l\u2019Utilisateur (via un formulaire d\u00e9di\u00e9) en vue de pr\u00e9ciser la demande de ce dernier. Le formulaire permet \u00e0 l\u2019Utilisateur d\u2019obtenir un premier devis, en fonction de sa demande, qui est donn\u00e9 \u00e0 titre purement indicatif et qui n\u2019engage ni Corail Media ni les Agences de voyages partenaires. Ces derni\u00e8res, \u00e0 qui le formulaire aura \u00e9t\u00e9 transmis, contacteront par la suite l\u2019Utilisateur en vue d\u2019organiser son voyage.&nbsp;<\/p>\n\n\n\n<p>L\u2019Utilisateur est inform\u00e9 que Corail Media per\u00e7oit une r\u00e9trocession d\u2019honoraires sur les offres de safari conclues entre l\u2019Utilisateur et l\u2019Agence de voyages partenaire.<\/p>\n\n\n\n<p>L\u2019Utilisateur est express\u00e9ment inform\u00e9 qu\u2019aucune offre ni voyage en safari n\u2019est conclu via le Site ou engageant Corail Media. Ce dernier agit uniquement en qualit\u00e9 de prestataire tiers, facilitant la mise en relation entre l\u2019Agence de voyages sp\u00e9cialis\u00e9e et l\u2019Utilisateur. Ces derniers font leur affaire de conclure, sans l\u2019entremise de Corail Media et en dehors du site, un accord pour l\u2019organisation du safari. Tout litige relatif \u00e0 l\u2019interpr\u00e9tation ou&nbsp;l\u2019ex\u00e9cution des accords par l\u2019utilisateur avec une Agence de voyages partenaire, rel\u00e8ve de la responsabilit\u00e9 exclusive de l\u2019Utilisateur et de l\u2019Agence.<\/p>\n\n\n\n<p>Corail Media ne prend aucun engagement quant \u00e0 la qualit\u00e9 des offres de safaris des Agences de voyages partenaires, ni sur leurs prix, leurs modalit\u00e9s d\u2019ex\u00e9cution, leur contenu ou tout autre aspect d\u00e9terminant de l\u2019offre et du voyage. L\u2019Utilisateur fait seul son affaire, avant de souscrire \u00e0 une offre de safari d\u2019un Partenaire, de prendre toutes les mesures de v\u00e9rification pr\u00e9alables et de s\u2019assurer de l\u2019ad\u00e9quation de l\u2019offre de safari \u00e0 ses attentes et besoins. La responsabilit\u00e9 de Corail Media ne saurait \u00eatre engag\u00e9e \u00e0 quelque titre que ce soit.<\/p>\n\n\n\n<p>Nous nous effor\u00e7ons de fournir des informations aussi pr\u00e9cises que possible, mais nous ne sommes pas responsables des oublis, inexactitudes ou carences dans la mise \u00e0 jour des informations. Toutes les informations fournies sur notre site sont donn\u00e9es \u00e0 titre indicatif et ne sont pas exhaustives, elles sont pourvues sous r\u00e9serve de modifications ayant \u00e9t\u00e9 apport\u00e9es depuis leur mise en ligne.<\/p>\n\n\n\n<p>L\u2019Utilisateur est \u00e9galement inform\u00e9 que les photographies pr\u00e9sentes sur le Site ne sont pas contractuelles et n\u2019engagent pas Corail Media ni les Agences de Voyages partenaires.<\/p>\n\n\n\n<h2 class=\"wp-block-heading\" id=\"article-6-propriete-intellectuelle\"><strong>Article 6 \u2013 Propri\u00e9t\u00e9 intellectuelle<\/strong><\/h2>\n\n\n\n<h3 class=\"wp-block-heading\" id=\"1-notre-site\">1. <strong>Notre Site<\/strong><\/h3>\n\n\n\n<p>Toutes les marques, photographies, textes, commentaires, illustrations, images anim\u00e9es ou non, s\u00e9quences vid\u00e9o, sons, ainsi que toutes les applications informatiques qui pourraient \u00eatre utilis\u00e9es pour faire fonctionner ce site et plus g\u00e9n\u00e9ralement tous les \u00e9l\u00e9ments reproduits ou utilis\u00e9s sur le Site sont prot\u00e9g\u00e9s par les lois en vigueur au titre de la propri\u00e9t\u00e9 intellectuelle.<\/p>\n\n\n\n<p>Ils sont la propri\u00e9t\u00e9 pleine et enti\u00e8re de Corail Media ou de ses partenaires commerciaux. Toute reproduction, repr\u00e9sentation, utilisation ou adaptation, sous quelques formes que ce soit, de tout ou partie de ces \u00e9l\u00e9ments, y compris les applications informatiques, sans l&rsquo;accord pr\u00e9alable et \u00e9crit de l&rsquo;\u00e9diteur, sont strictement interdites. Le fait pour l&rsquo;\u00e9diteur de ne pas engager de proc\u00e9dure d\u00e8s la prise de connaissance de ces utilisations non autoris\u00e9es ne vaut pas acceptation desdites utilisations et renonciation aux poursuites.<\/p>\n\n\n\n<p>Il est strictement interdit \u00e0 l\u2019utilisateur de&nbsp;:&nbsp;<\/p>\n\n\n\n<ul class=\"wp-block-list\"><li><em>Copier, reproduire, repr\u00e9senter, diffuser, distribuer, publier, de fa\u00e7on permanente ou provisoire, tout ou partie du contenu et\/ou du Site par tout moyen et sur tout support connu ou inconnu \u00e0 ce jour&nbsp;;&nbsp;<\/em><\/li><li><em>Cr\u00e9er des \u0153uvres d\u00e9riv\u00e9es \u00e0 partir du contenu et\/ou du Site&nbsp;;&nbsp;<\/em><\/li><li><em>Modifier, traduire, adapter, arranger, tout ou partie du Contenu et\/ou du Site&nbsp;;<\/em><\/li><li><em>D\u00e9sassembler, d\u00e9compiler, effectuer de l\u2019ing\u00e9nierie inverse sur le Site.<\/em><\/li><\/ul>\n\n\n\n<p>En tout \u00e9tat de cause l\u2019Utilisateur est seul responsable de l\u2019usage qu\u2019il fait du site.<\/p>\n\n\n\n<p>Toute exploitation non autoris\u00e9e du site ou de l\u2019un quelconque des \u00e9l\u00e9ments qu\u2019il contient sera consid\u00e9r\u00e9e comme constitutive d\u2019une contrefa\u00e7on et poursuivie conform\u00e9ment aux dispositions des <em>articles L.335-2 et suivants du Code de la Propri\u00e9t\u00e9 Intellectuelle.<\/em><\/p>\n\n\n\n<h3 class=\"wp-block-heading\" id=\"2-notre-marque\">2. <strong>Notre marque<\/strong><\/h3>\n\n\n\n<p>Les marques verbales et visuelles (<em>logos<\/em>) de Corail Media sont prot\u00e9g\u00e9es. Leur utilisation sans autorisation \u00e9crite de la Soci\u00e9t\u00e9 ou de ses partenaires sur tout support, \u00e0 des fins de valorisation de produits ou de services, ou \u00e0 des fins commerciales, est interdite sous peine de poursuites p\u00e9nales et civiles engag\u00e9es par notre Soci\u00e9t\u00e9 \u00e0 l\u2019encontre de l\u2019utilisateur et\/ou de tiers responsable.<\/p>\n\n\n\n<h3 class=\"wp-block-heading\" id=\"3-contenus-en-libre-acces\">3. <strong>Contenus en libre acc\u00e8s<\/strong><\/h3>\n\n\n\n<p>Du contenu est accessible en libre acc\u00e8s sur le Site. La mise en ligne de ce contenu sur le Site n\u2019induit pas de transfert de droit d\u2019auteur et de droit de propri\u00e9t\u00e9 sur les contenus qui restent la pleine et enti\u00e8re propri\u00e9t\u00e9 intellectuelle de Corail Media et des contributeurs.<\/p>\n\n\n\n<p>Aucun Utilisateur ne peut ni ne doit prendre de mesure(s) incompatible(s) avec le respect du droit d\u2019auteur et de la propri\u00e9t\u00e9 intellectuelle ou allant \u00e0 l\u2019encontre de toute autre loi fran\u00e7aise et internationale portant sur le droit de la propri\u00e9t\u00e9 intellectuelle. Corail Media et ses contributeurs se r\u00e9servent le droit de poursuivre tout Utilisateur pour toute violation de ces dispositions.<\/p>\n\n\n\n<h2 class=\"wp-block-heading\" id=\"article-7-gestion-du-site\"><strong>Article 7 \u2013 Gestion du site<\/strong><\/h2>\n\n\n\n<p>Notre Site est normalement accessible \u00e0 tout moment aux utilisateurs. Pour la bonne gestion du Site, l\u2019\u00e9diteur pourra \u00e0 tout moment se r\u00e9server le droit de&nbsp;:&nbsp;<\/p>\n\n\n\n<ul class=\"wp-block-list\"><li><em>Suspendre, interrompre ou limiter l\u2019acc\u00e8s \u00e0 tout ou partie du site, pour quelque raison que ce soit, avec ou sans pr\u00e9avis et \u00e0 sa seule discr\u00e9tion&nbsp;;&nbsp;<\/em><\/li><li><em>Supprimer toute information pouvant en perturber le fonctionnement, pour quelque raison que ce soit avec ou sans pr\u00e9avis et \u00e0 sa seule discr\u00e9tion&nbsp;;&nbsp;<\/em><\/li><li><em>Suspendre le Site afin de proc\u00e9der \u00e0 des mises \u00e0 jour.<\/em><\/li><\/ul>\n\n\n\n<p>Corail Media s\u2019efforcera au mieux de communiquer pr\u00e9alablement aux utilisateurs les dates et heures de l\u2019intervention, mais sa responsabilit\u00e9 ne pourrait \u00eatre recherch\u00e9e en cas de non-communication pr\u00e9alable.<\/p>\n\n\n\n<h2 class=\"wp-block-heading\" id=\"article-8-responsabilites\"><strong>Article 8 \u2013 Responsabilit\u00e9s<\/strong><\/h2>\n\n\n\n<h3 class=\"wp-block-heading\" id=\"1-acces-au-site\">1. <strong>Acc\u00e8s au site<\/strong><\/h3>\n\n\n\n<p>Corail Media s\u2019engage \u00e0 faire tout son possible afin que le site soit accessible 24h\/24 et 7j\/7. Toutefois, notre Soci\u00e9t\u00e9 ne prend aucun engagement quant \u00e0 la disponibilit\u00e9 et l\u2019accessibilit\u00e9 permanente du site et ne garantit pas que le Site soit exempt d\u2019erreurs. La responsabilit\u00e9 de l\u2019\u00e9diteur ne peut \u00eatre engag\u00e9e en cas de d\u00e9faillance, panne, difficult\u00e9 ou interruption de fonctionnement, emp\u00eachant l\u2019acc\u00e8s au site ou \u00e0 une de ses fonctionnalit\u00e9s.<\/p>\n\n\n\n<p>Corail Media et l\u2019h\u00e9bergeur ne pourront \u00eatre tenus responsables en cas de dysfonctionnement du r\u00e9seau internet, des lignes t\u00e9l\u00e9phoniques ou du mat\u00e9riel informatique et de t\u00e9l\u00e9phonie li\u00e9 notamment \u00e0 l\u2019encombrement du r\u00e9seau emp\u00eachant l\u2019acc\u00e8s au serveur.<\/p>\n\n\n\n<p>L\u2019\u00e9diteur ne pourra \u00eatre tenu pour responsables en cas de poursuites judiciaires \u00e0 l\u2019encontre des utilisateurs&nbsp;:&nbsp;<\/p>\n\n\n\n<ul class=\"wp-block-list\"><li><em>Du fait de l\u2019usage du site ou de tout autre service accessible via internet&nbsp;;&nbsp;<\/em><\/li><li><em>Du fait du non-respect par l\u2019utilisateur des pr\u00e9sentes CGU.<\/em><\/li><\/ul>\n\n\n\n<h3 class=\"wp-block-heading\" id=\"2-materiel-utilise\">2. <strong>Mat\u00e9riel utilis\u00e9<\/strong><\/h3>\n\n\n\n<p>Le mat\u00e9riel de connexion au site utilis\u00e9 par l\u2019Utilisateur est sous son enti\u00e8re responsabilit\u00e9. Il doit prendre toutes les mesures appropri\u00e9es pour prot\u00e9ger son mat\u00e9riel et ses propres donn\u00e9es. L\u2019Utilisateur s\u2019engage \u00e0 acc\u00e9der au site en utilisant un mat\u00e9riel r\u00e9cent, ne contenant pas de virus et avec un navigateur r\u00e9cemment mis \u00e0 jour.<\/p>\n\n\n\n<p>Corail Media n\u2019est pas responsable des dommages caus\u00e9s aux Utilisateurs, \u00e0 des tiers et\/ou \u00e0 leur \u00e9quipement du fait de leur connexion ou de leur utilisation du site et les Utilisateurs renoncent \u00e0 toute action de ce fait contre l\u2019\u00e9diteur.<\/p>\n\n\n\n<p>L\u2019\u00e9diteur ne pourra \u00e9galement \u00eatre tenu pour responsables des dommages indirects (<em>tels par exemple qu\u2019une perte de march\u00e9 ou perte de chance<\/em>) cons\u00e9cutifs \u00e0 l\u2019utilisation du Site.<\/p>\n\n\n\n<h2 class=\"wp-block-heading\" id=\"article-9-liens-hypertextes\"><strong>Article 9 \u2013 Liens hypertextes<\/strong><\/h2>\n\n\n\n<p>La mise en place par les utilisateurs de tout lien hypertexte vers tout ou partie du site est autoris\u00e9e.<\/p>\n\n\n\n<p>Cependant, Corail Media se r\u00e9serve le droit de demander le retrait d\u2019un lien hypertexte sur un site tiers pour quelques motifs que ce soit et notamment si le contenu du site tiers contrevient aux pr\u00e9sentes dispositions.<\/p>\n\n\n\n<p>Le Site contient un certain nombre de liens hypertextes vers d\u2019autres sites, mis en place avec l\u2019autorisation de l\u2019\u00e9diteur. Cependant, Corail Media n\u2019a pas la possibilit\u00e9 de v\u00e9rifier le contenu des sites ainsi visit\u00e9s et n\u2019assumera en cons\u00e9quence aucune responsabilit\u00e9 de ce fait.<\/p>\n\n\n\n<h2 class=\"wp-block-heading\" id=\"article-10-loi-applicable\"><strong>Article 10 \u2013 Loi applicable<\/strong><\/h2>\n\n\n\n<p>Les pr\u00e9sentes conditions d\u2019utilisation du site sont r\u00e9gies par la loi fran\u00e7aise et sont \u2013 en cas de litige &#8211; soumises \u00e0 la comp\u00e9tence exclusive de juridiction aux tribunaux comp\u00e9tents de droit commun, sous r\u00e9serve d\u2019une attribution de comp\u00e9tence sp\u00e9cifique d\u00e9coulant d\u2019un texte de loi ou r\u00e9glementaire particulier.<\/p>\n\n\n\n<h2 class=\"wp-block-heading\" id=\"article-11-contactez-nous\"><strong>Article 11 \u2013 Contactez-nous<\/strong><\/h2>\n\n\n\n<p>Pour toute question, information sur les services pr\u00e9sent\u00e9s sur le Site, ou concernant le site lui-m\u00eame, l\u2019utilisateur peut laisser un message \u00e0 l\u2019adresse suivante&nbsp;: <a href=\"mailto:hello@corailmedia.com\">hello@corailmedia.com<\/a> ou utiliser le formulaire de contact mis \u00e0 disposition sur le Site.<\/p>\n","protected":false},"excerpt":{"rendered":"<p>Pr\u00e9ambule La poursuite de la navigation sur notre Site mistersafari.com (ci-apr\u00e8s le \u00ab\u00a0Site\u00a0\u00bb) vaut de la part des visiteurs du Site (ci-apr\u00e8s les \u00ab\u00a0Utilisateurs\u00a0\u00bb) une acceptation sans r\u00e9serve des dispositions et conditions d\u2019utilisation qui suivent (ci-apr\u00e8s d\u00e9nomm\u00e9es \u00ab\u00a0C.G.U.\u00a0\u00bb). Avant toute utilisation des fonctionnalit\u00e9s de notre site, l\u2019Utilisateur reconna\u00eet avoir pris connaissance des pr\u00e9sentes C.G.U. et &#8230; <a title=\"Mentions L\u00e9gales et Conditions G\u00e9n\u00e9rales d&rsquo;Utilisation\" class=\"read-more\" href=\"https:\/\/mistersafari.com\/fr\/mentions-legales\/\" aria-label=\"En savoir plus sur Mentions L\u00e9gales et Conditions G\u00e9n\u00e9rales d&rsquo;Utilisation\">Lire la suite<\/a><\/p>\n","protected":false},"author":3,"featured_media":0,"parent":0,"menu_order":23,"comment_status":"closed","ping_status":"closed","template":"","meta":{"_acf_changed":false,"footnotes":""},"content_type":[],"country":[],"class_list":{"0":"post-388","1":"page","2":"type-page","3":"status-publish","5":"no-featured-image-padding"},"acf":{"hreflang":null},"_links":{"self":[{"href":"https:\/\/mistersafari.com\/fr\/wp-json\/wp\/v2\/pages\/388","targetHints":{"allow":["GET"]}}],"collection":[{"href":"https:\/\/mistersafari.com\/fr\/wp-json\/wp\/v2\/pages"}],"about":[{"href":"https:\/\/mistersafari.com\/fr\/wp-json\/wp\/v2\/types\/page"}],"author":[{"embeddable":true,"href":"https:\/\/mistersafari.com\/fr\/wp-json\/wp\/v2\/users\/3"}],"replies":[{"embeddable":true,"href":"https:\/\/mistersafari.com\/fr\/wp-json\/wp\/v2\/comments?post=388"}],"version-history":[{"count":13,"href":"https:\/\/mistersafari.com\/fr\/wp-json\/wp\/v2\/pages\/388\/revisions"}],"predecessor-version":[{"id":6434,"href":"https:\/\/mistersafari.com\/fr\/wp-json\/wp\/v2\/pages\/388\/revisions\/6434"}],"wp:attachment":[{"href":"https:\/\/mistersafari.com\/fr\/wp-json\/wp\/v2\/media?parent=388"}],"wp:term":[{"taxonomy":"content_type","embeddable":true,"href":"https:\/\/mistersafari.com\/fr\/wp-json\/wp\/v2\/content_type?post=388"},{"taxonomy":"country","embeddable":true,"href":"https:\/\/mistersafari.com\/fr\/wp-json\/wp\/v2\/country?post=388"}],"curies":[{"name":"wp","href":"https:\/\/api.w.org\/{rel}","templated":true}]}}