{"id":3873,"date":"2021-09-06T14:50:40","date_gmt":"2021-09-06T14:50:40","guid":{"rendered":"https:\/\/mistersafari.com\/fr\/?page_id=3873"},"modified":"2021-12-24T11:48:28","modified_gmt":"2021-12-24T11:48:28","slug":"parc-national-saadani","status":"publish","type":"page","link":"https:\/\/mistersafari.com\/fr\/safari-tanzanie\/parcs-reserves\/parc-national-saadani\/","title":{"rendered":"Parc National de Saadani"},"content":{"rendered":"\n<p>D\u2019une superficie de 1062 m\u00b2, le parc national de Saadani est le seul safari situ\u00e9 sur la c\u00f4te de l&rsquo;Afrique de l\u2019Est. Cette r\u00e9serve naturelle vous offre ainsi un d\u00e9cor entre mer et savane. Alors si vous n\u2019avez pas envie de choisir entre session farniente \u00e0 la plage et observation des animaux sauvages, ce parc du sud de la Tanzanie est le lieu id\u00e9al pour vos prochaines vacances. Et pour que votre s\u00e9jour se d\u00e9roule au mieux, nous vous avons concoct\u00e9 un petit guide.&nbsp;<\/p>\n\n\n<div id=\"ez-toc-container\" class=\"ez-toc-v2_0_76 counter-flat ez-toc-counter ez-toc-custom ez-toc-container-direction\">\n<div class=\"ez-toc-title-container\"><p class=\"ez-toc-title\" style=\"cursor:inherit\">Sommaire<\/p>\n<\/div><nav><ul class='ez-toc-list ez-toc-list-level-1 ' ><li class='ez-toc-page-1'><a class=\"ez-toc-link ez-toc-heading-1\" href=\"https:\/\/mistersafari.com\/fr\/safari-tanzanie\/parcs-reserves\/parc-national-saadani\/#pourquoi-se-rendre-au-parc-national-de-saadani\" >Pourquoi se rendre au parc national de Saadani ?<\/a><\/li><li class='ez-toc-page-1'><a class=\"ez-toc-link ez-toc-heading-2\" href=\"https:\/\/mistersafari.com\/fr\/safari-tanzanie\/parcs-reserves\/parc-national-saadani\/#comment-se-rendre-au-parc-de-saadani\" >Comment se rendre au parc de Saadani ?<\/a><\/li><li class='ez-toc-page-1'><a class=\"ez-toc-link ez-toc-heading-3\" href=\"https:\/\/mistersafari.com\/fr\/safari-tanzanie\/parcs-reserves\/parc-national-saadani\/#tarif-et-reglementation\" >Tarif et r\u00e9glementation&nbsp;<\/a><\/li><li class='ez-toc-page-1'><a class=\"ez-toc-link ez-toc-heading-4\" href=\"https:\/\/mistersafari.com\/fr\/safari-tanzanie\/parcs-reserves\/parc-national-saadani\/#ou-dormir-au-parc-national-de-saadani\" >O\u00f9 dormir au parc national de Saadani ?<\/a><\/li><li class='ez-toc-page-1'><a class=\"ez-toc-link ez-toc-heading-5\" href=\"https:\/\/mistersafari.com\/fr\/safari-tanzanie\/parcs-reserves\/parc-national-saadani\/#saadani-national-park-autres-informations-pratiques\" >Saadani National Park : autres informations pratiques<\/a><\/li><\/ul><\/nav><\/div>\n\n\n\n\n<h2 class=\"wp-block-heading\"><span class=\"ez-toc-section\" id=\"pourquoi-se-rendre-au-parc-national-de-saadani\"><\/span>Pourquoi se rendre au parc national de Saadani ?<span class=\"ez-toc-section-end\"><\/span><\/h2>\n\n\n\n<h3 class=\"wp-block-heading\">Admirer les animaux sauvages&nbsp;<\/h3>\n\n\n\n<p>Avec sa nature sauvage et sa v\u00e9g\u00e9tation dense, le parc national de Saadani abrite une faune tr\u00e8s vari\u00e9e. Alors pour les observer, plusieurs options vous sont propos\u00e9es.&nbsp;<\/p>\n\n\n\n<ul class=\"wp-block-list\"><li>\u00c0 pied : accompagn\u00e9 d\u2019un guide, vous p\u00e9n\u00e9trez dans les profondeurs de la for\u00eat \u00e9quatoriale pour admirer tous les animaux qui s\u2019y cachent (en particulier les primates). Le guide vous aidera alors \u00e0 les rep\u00e9rer et \u00e0 en savoir plus sur leur mode de vie.&nbsp;&nbsp;<\/li><li>En 4*4 : en vous d\u00e9pla\u00e7ant au loin dans la savane, vous avez toutes les chances de voir les grands pr\u00e9dateurs d\u2019Afrique, comme les l\u00e9opards, les chacals \u00e0 dos noir, les lions ou encore les hy\u00e8nes tachet\u00e9es. Outre ces animaux sauvages, vous apercevrez aussi des gnous, des buffles, des grands koudous, des girafes et des hippotragues noirs. Sans oublier les grandes colonies d&rsquo;\u00e9l\u00e9phants.&nbsp;<\/li><\/ul>\n\n\n\n<p class=\"callout-green\">Du fait de toute cette faune, le parc figure parmi les zones prot\u00e9g\u00e9es et est consid\u00e9r\u00e9 comme une unit\u00e9 de conservation des lions.&nbsp;<\/p>\n\n\n\n<div class=\"wp-block-image\"><figure class=\"aligncenter size-full\"><picture><source srcset=\"https:\/\/mistersafari.com\/fr\/wp-content\/uploads\/sites\/2\/lions-parc-saadani.webp 1200w,https:\/\/mistersafari.com\/fr\/wp-content\/uploads\/sites\/2\/lions-parc-saadani-300x199.webp 300w,https:\/\/mistersafari.com\/fr\/wp-content\/uploads\/sites\/2\/lions-parc-saadani-1024x680.webp 1024w,https:\/\/mistersafari.com\/fr\/wp-content\/uploads\/sites\/2\/lions-parc-saadani-768x510.webp 768w\" sizes=\"auto, (max-width: 1200px) 100vw, 1200px\" type=\"image\/webp\"><img src=\"https:\/\/mistersafari.com\/fr\/wp-content\/uploads\/sites\/2\/lions-parc-saadani.jpg\" height=\"797\" width=\"1200\" srcset=\"https:\/\/mistersafari.com\/fr\/wp-content\/uploads\/sites\/2\/lions-parc-saadani.jpg 1200w, https:\/\/mistersafari.com\/fr\/wp-content\/uploads\/sites\/2\/lions-parc-saadani-300x199.jpg 300w, https:\/\/mistersafari.com\/fr\/wp-content\/uploads\/sites\/2\/lions-parc-saadani-1024x680.jpg 1024w, https:\/\/mistersafari.com\/fr\/wp-content\/uploads\/sites\/2\/lions-parc-saadani-768x510.jpg 768w\" sizes=\"auto, (max-width: 1200px) 100vw, 1200px\" class=\"wp-image-3884 sp-no-webp\" alt=\"les lions du parc national saadani\" loading=\"lazy\" decoding=\"async\"  > <\/picture><figcaption>Les lions prot\u00e9g\u00e9s du parc national de Saadani<\/figcaption><\/figure><\/div>\n\n\n\n<p>Le parc national de Saadani est surtout r\u00e9put\u00e9 pour sa proximit\u00e9 avec la mer. Alors m\u00eame si vous aurez l\u2019opportunit\u00e9 d\u2019observer de nombreux animaux sauvages, ce n\u2019est pas le plus dense \u00e0 ce niveau. Vous aurez plus de chances en vous rendant dans l\u2019un des <a href=\"https:\/\/mistersafari.com\/fr\/safari-tanzanie\/\" data-type=\"page\" data-id=\"932\">safaris de Tanzanie<\/a> du Nord.&nbsp;<\/p>\n\n\n\n<h3 class=\"wp-block-heading\">Se pr\u00e9lasser sur les plages africaines&nbsp;<\/h3>\n\n\n\n<p>Le parc national de Saadani b\u00e9n\u00e9ficie d\u2019une localisation privil\u00e9gi\u00e9e en bord de mer. C\u2019est d\u2019ailleurs le seul endroit o\u00f9 vous pouvez faire un safari d\u2019aventure tout en combinant des instants de d\u00e9tente sur la plage.&nbsp;<\/p>\n\n\n\n<p>Profitez-en pour vous relaxer lors de ce s\u00e9jour en admirant le lever du soleil sur l\u2019oc\u00e9an Indien ou simplement en faisant bronzette sur votre transat.&nbsp;<\/p>\n\n\n\n<p>En plus de ces moments de calme, la plage vous offre l\u2019opportunit\u00e9 de continuer votre observation de la faune africaine. Vous pourrez ainsi apercevoir des tortues de mer qui viennent se reproduire sur la plage, des p\u00e9licans qui se prom\u00e8nent le long des c\u00f4tes. Et si vous regardez au loin, vous verrez m\u00eame des dauphins.&nbsp;<\/p>\n\n\n\n<p>Puisque vous avez la plage \u00e0 proximit\u00e9, n\u2019h\u00e9sitez pas \u00e0 programmer quelques activit\u00e9s nautiques. Que ce soit \u00e0 travers une session de snorkeling ou de plong\u00e9e sous-marine, le parc de Saadani est le lieu id\u00e9al pour admirer la barri\u00e8re de corail.&nbsp;<\/p>\n\n\n\n<div class=\"wp-block-image\"><figure class=\"aligncenter size-large\"><picture><source srcset=\"https:\/\/mistersafari.com\/fr\/wp-content\/uploads\/sites\/2\/plage-saadani-1024x683.webp 1024w,https:\/\/mistersafari.com\/fr\/wp-content\/uploads\/sites\/2\/plage-saadani-300x200.webp 300w,https:\/\/mistersafari.com\/fr\/wp-content\/uploads\/sites\/2\/plage-saadani-768x512.webp 768w\" sizes=\"auto, (max-width: 1024px) 100vw, 1024px\" type=\"image\/webp\"><img src=\"https:\/\/mistersafari.com\/fr\/wp-content\/uploads\/sites\/2\/plage-saadani-1024x683.jpg\" height=\"683\" width=\"1024\" srcset=\"https:\/\/mistersafari.com\/fr\/wp-content\/uploads\/sites\/2\/plage-saadani-1024x683.jpg 1024w, https:\/\/mistersafari.com\/fr\/wp-content\/uploads\/sites\/2\/plage-saadani-300x200.jpg 300w, https:\/\/mistersafari.com\/fr\/wp-content\/uploads\/sites\/2\/plage-saadani-768x512.jpg 768w\" sizes=\"auto, (max-width: 1024px) 100vw, 1024px\" class=\"wp-image-3934 sp-no-webp\" alt=\"plage saadani\" loading=\"lazy\" decoding=\"async\"  > <\/picture><figcaption>La plage \u00e0 proximit\u00e9 du parc national de Saadani, l&rsquo;une des plus belles plages de l&rsquo;oc\u00e9an Indien<\/figcaption><\/figure><\/div>\n\n\n\n<h3 class=\"wp-block-heading\">Profiter d\u2019une balade en bateau<\/h3>\n\n\n\n<p>Pour admirer les animaux dans un environnement in\u00e9dit, faites une croisi\u00e8re le long de la rivi\u00e8re Wami. Ici, les crocodiles, martins-p\u00eacheurs, flamants roses et hippopotames cohabitent en paix. Pensez \u00e9galement \u00e0 lever la t\u00eate afin d\u2019observer tous les oiseaux fluviaux qui volent dans les airs.&nbsp;<\/p>\n\n\n\n<div class=\"wp-block-image\"><figure class=\"aligncenter size-large\"><picture><source srcset=\"https:\/\/mistersafari.com\/fr\/wp-content\/uploads\/sites\/2\/martins-pecheurs-sadaani-1024x683.webp 1024w,https:\/\/mistersafari.com\/fr\/wp-content\/uploads\/sites\/2\/martins-pecheurs-sadaani-300x200.webp 300w,https:\/\/mistersafari.com\/fr\/wp-content\/uploads\/sites\/2\/martins-pecheurs-sadaani-768x512.webp 768w,https:\/\/mistersafari.com\/fr\/wp-content\/uploads\/sites\/2\/martins-pecheurs-sadaani.webp 1200w\" sizes=\"auto, (max-width: 1024px) 100vw, 1024px\" type=\"image\/webp\"><img src=\"https:\/\/mistersafari.com\/fr\/wp-content\/uploads\/sites\/2\/martins-pecheurs-sadaani-1024x683.jpg\" height=\"683\" width=\"1024\" srcset=\"https:\/\/mistersafari.com\/fr\/wp-content\/uploads\/sites\/2\/martins-pecheurs-sadaani-1024x683.jpg 1024w, https:\/\/mistersafari.com\/fr\/wp-content\/uploads\/sites\/2\/martins-pecheurs-sadaani-300x200.jpg 300w, https:\/\/mistersafari.com\/fr\/wp-content\/uploads\/sites\/2\/martins-pecheurs-sadaani-768x512.jpg 768w, https:\/\/mistersafari.com\/fr\/wp-content\/uploads\/sites\/2\/martins-pecheurs-sadaani.jpg 1200w\" sizes=\"auto, (max-width: 1024px) 100vw, 1024px\" class=\"wp-image-3888 sp-no-webp\" alt=\"martin p\u00eacheur\" loading=\"lazy\" decoding=\"async\"  > <\/picture><figcaption>Un martin-p\u00eacheur \u00e0 la rivi\u00e8re Wami<\/figcaption><\/figure><\/div>\n\n\n\n<p>En plus de toute cette faune, la v\u00e9g\u00e9tation entourant le fleuve vaut aussi le d\u00e9tour. Entre les for\u00eats denses et les mangroves qui se d\u00e9veloppent en masse, vous en prendrez plein les yeux.&nbsp;<\/p>\n\n\n\n<h3 class=\"wp-block-heading\">Visiter le village de p\u00eacheur<\/h3>\n\n\n\n<p>En plein dans la r\u00e9serve se trouve le village de p\u00eacheurs de Saadani. Alors si vous souhaitez d\u00e9couvrir les traditions de la population locale, c\u2019est d\u00e9finitivement l\u2019endroit o\u00f9 se rendre. Vous en apprendrez davantage sur leur mode de vie actuel, mais \u00e9galement leur pass\u00e9. En effet, le village abrite une importante collection de ruines. Celle-ci t\u00e9moigne de l\u2019\u00e9poque glorieuse du port qui \u00e9tait un lieu de commerce de premier ordre au XIXe si\u00e8cle.&nbsp;<\/p>\n\n\n\n<div class=\"wp-block-image\"><figure class=\"aligncenter size-large\"><picture><source srcset=\"https:\/\/mistersafari.com\/fr\/wp-content\/uploads\/sites\/2\/peche-saadani-tanzanie-1024x685.webp 1024w,https:\/\/mistersafari.com\/fr\/wp-content\/uploads\/sites\/2\/peche-saadani-tanzanie-300x201.webp 300w,https:\/\/mistersafari.com\/fr\/wp-content\/uploads\/sites\/2\/peche-saadani-tanzanie-768x514.webp 768w,https:\/\/mistersafari.com\/fr\/wp-content\/uploads\/sites\/2\/peche-saadani-tanzanie.webp 1200w\" sizes=\"auto, (max-width: 1024px) 100vw, 1024px\" type=\"image\/webp\"><img src=\"https:\/\/mistersafari.com\/fr\/wp-content\/uploads\/sites\/2\/peche-saadani-tanzanie-1024x685.jpg\" height=\"685\" width=\"1024\" srcset=\"https:\/\/mistersafari.com\/fr\/wp-content\/uploads\/sites\/2\/peche-saadani-tanzanie-1024x685.jpg 1024w, https:\/\/mistersafari.com\/fr\/wp-content\/uploads\/sites\/2\/peche-saadani-tanzanie-300x201.jpg 300w, https:\/\/mistersafari.com\/fr\/wp-content\/uploads\/sites\/2\/peche-saadani-tanzanie-768x514.jpg 768w, https:\/\/mistersafari.com\/fr\/wp-content\/uploads\/sites\/2\/peche-saadani-tanzanie.jpg 1200w\" sizes=\"auto, (max-width: 1024px) 100vw, 1024px\" class=\"wp-image-3882 sp-no-webp\" alt=\"la p\u00eache en plage \u00e0 proximit\u00e9 du parc national de saadani\" loading=\"lazy\" decoding=\"async\"  > <\/picture><figcaption>Un bateau traditionnel de p\u00eache \u00e0 la voile des villageois de Saadani<\/figcaption><\/figure><\/div>\n\n\n\n<h2 class=\"wp-block-heading\"><span class=\"ez-toc-section\" id=\"comment-se-rendre-au-parc-de-saadani\"><\/span>Comment se rendre au parc de Saadani ?<span class=\"ez-toc-section-end\"><\/span><\/h2>\n\n\n\n<p>Il n\u2019existe pas 1001 mani\u00e8res de se rendre au parc Saadani. Et pour cause, la route pour y acc\u00e9der est impraticable. Il est donc pr\u00e9f\u00e9rable de s\u2019y rendre en avion, soit depuis l\u2019<a href=\"https:\/\/mistersafari.com\/fr\/safari-tanzanie\/visa\/\" data-type=\"page\" data-id=\"840\">a\u00e9roport de Dar-es-Salaam<\/a>, soit depuis celui de <a href=\"https:\/\/mistersafari.com\/fr\/safari-tanzanie\/zanzibar\/\" data-type=\"page\" data-id=\"1545\">Zanzibar<\/a>.&nbsp;&nbsp;<\/p>\n\n\n\n<h2 class=\"wp-block-heading\"><span class=\"ez-toc-section\" id=\"tarif-et-reglementation\"><\/span>Tarif et r\u00e9glementation&nbsp;<span class=\"ez-toc-section-end\"><\/span><\/h2>\n\n\n\n<p>Le tarif de votre s\u00e9jour au parc de Saadani en Tanzanie d\u00e9pend en grande partie des activit\u00e9s que vous choisissez, de votre h\u00e9bergement et du temps pass\u00e9. Vous trouverez ainsi des offres variant de 400 \u20ac \u00e0 plus de 1000 \u20ac.&nbsp;<\/p>\n\n\n\n<p class=\"callout-blue\">Il est conseill\u00e9 d\u2019y rester au moins 2 jours pour profiter de la savane, de la for\u00eat et de la plage.&nbsp;<\/p>\n\n\n\n<h2 class=\"wp-block-heading\"><span class=\"ez-toc-section\" id=\"ou-dormir-au-parc-national-de-saadani\"><\/span>O\u00f9 dormir au parc national de Saadani ?<span class=\"ez-toc-section-end\"><\/span><\/h2>\n\n\n\n<p>Pour trouver une offre d\u2019h\u00e9bergement au sein du parc national de Saadani qui soit adapt\u00e9 \u00e0 votre budget et vos pr\u00e9f\u00e9rences, il est vivement conseill\u00e9 de r\u00e9server \u00e0 l\u2019avance.<\/p>\n\n\n\n<p>Et pour vous aider \u00e0 pr\u00e9parer votre s\u00e9jour, nous vous proposons une s\u00e9lection de logements \u00e0 Saadani :&nbsp;<\/p>\n\n\n\n<ul class=\"wp-block-list\"><li>Saadani Safari Lodge : il s\u2019agit de l\u2019un des seuls lodges \u00e0 proximit\u00e9 imm\u00e9diate de la plage. Vous pourrez ainsi vous r\u00e9veiller tout en admirant le lever de soleil sur l\u2019oc\u00e9an Indien.&nbsp;<\/li><li>Kijongo Bay Beach Resort : c\u2019est l\u2019un des h\u00f4tels les plus abordables en bord de mer.&nbsp;<\/li><li>Sanctuary Saadani River Lodge : ici, vous \u00eates au c\u0153ur de la savane pour profiter pleinement des animaux sauvages.&nbsp;<\/li><\/ul>\n\n\n\n<h2 class=\"wp-block-heading\"><span class=\"ez-toc-section\" id=\"saadani-national-park-autres-informations-pratiques\"><\/span>Saadani National Park : autres informations pratiques<span class=\"ez-toc-section-end\"><\/span><\/h2>\n\n\n\n<p>Comme de nombreux pays d\u2019Afrique, la <a href=\"https:\/\/mistersafari.com\/fr\/safari-tanzanie\/quand-partir\/\" data-type=\"page\" data-id=\"837\">Tanzanie<\/a> conna\u00eet une saison des pluies tr\u00e8s intense. Alors si vous ne souhaitez pas subir les pr\u00e9cipitations lors de votre s\u00e9jour, choisissez la saison s\u00e8che, c&rsquo;est-\u00e0-dire entre janvier et f\u00e9vrier ou juin et octobre. \u00c0 l\u2019inverse, les mois d\u2019avril, mai et novembre sont \u00e0 \u00e9viter.&nbsp;<\/p>\n","protected":false},"excerpt":{"rendered":"<p>D\u2019une superficie de 1062 m\u00b2, le parc national de Saadani est le seul safari situ\u00e9 sur la c\u00f4te de l&rsquo;Afrique de l\u2019Est. Cette r\u00e9serve naturelle vous offre ainsi un d\u00e9cor entre mer et savane. Alors si vous n\u2019avez pas envie de choisir entre session farniente \u00e0 la plage et observation des animaux sauvages, ce parc &#8230; <a title=\"Parc National de Saadani\" class=\"read-more\" href=\"https:\/\/mistersafari.com\/fr\/safari-tanzanie\/parcs-reserves\/parc-national-saadani\/\" aria-label=\"En savoir plus sur Parc National de Saadani\">Lire la suite<\/a><\/p>\n","protected":false},"author":3,"featured_media":3877,"parent":934,"menu_order":2,"comment_status":"closed","ping_status":"closed","template":"","meta":{"_acf_changed":false,"footnotes":""},"content_type":[],"country":[],"class_list":{"0":"post-3873","1":"page","2":"type-page","3":"status-publish","4":"has-post-thumbnail","6":"no-featured-image-padding"},"acf":{"hreflang":[{"alternative_url":"https:\/\/mistersafari.com\/saadani-national-park\/","language":"en"}]},"_links":{"self":[{"href":"https:\/\/mistersafari.com\/fr\/wp-json\/wp\/v2\/pages\/3873","targetHints":{"allow":["GET"]}}],"collection":[{"href":"https:\/\/mistersafari.com\/fr\/wp-json\/wp\/v2\/pages"}],"about":[{"href":"https:\/\/mistersafari.com\/fr\/wp-json\/wp\/v2\/types\/page"}],"author":[{"embeddable":true,"href":"https:\/\/mistersafari.com\/fr\/wp-json\/wp\/v2\/users\/3"}],"replies":[{"embeddable":true,"href":"https:\/\/mistersafari.com\/fr\/wp-json\/wp\/v2\/comments?post=3873"}],"version-history":[{"count":47,"href":"https:\/\/mistersafari.com\/fr\/wp-json\/wp\/v2\/pages\/3873\/revisions"}],"predecessor-version":[{"id":6257,"href":"https:\/\/mistersafari.com\/fr\/wp-json\/wp\/v2\/pages\/3873\/revisions\/6257"}],"up":[{"embeddable":true,"href":"https:\/\/mistersafari.com\/fr\/wp-json\/wp\/v2\/pages\/934"}],"wp:featuredmedia":[{"embeddable":true,"href":"https:\/\/mistersafari.com\/fr\/wp-json\/wp\/v2\/media\/3877"}],"wp:attachment":[{"href":"https:\/\/mistersafari.com\/fr\/wp-json\/wp\/v2\/media?parent=3873"}],"wp:term":[{"taxonomy":"content_type","embeddable":true,"href":"https:\/\/mistersafari.com\/fr\/wp-json\/wp\/v2\/content_type?post=3873"},{"taxonomy":"country","embeddable":true,"href":"https:\/\/mistersafari.com\/fr\/wp-json\/wp\/v2\/country?post=3873"}],"curies":[{"name":"wp","href":"https:\/\/api.w.org\/{rel}","templated":true}]}}