{"id":3817,"date":"2021-09-06T10:47:42","date_gmt":"2021-09-06T10:47:42","guid":{"rendered":"https:\/\/mistersafari.com\/fr\/?page_id=3817"},"modified":"2021-09-06T16:18:29","modified_gmt":"2021-09-06T16:18:29","slug":"parc-national-chutes-victoria","status":"publish","type":"page","link":"https:\/\/mistersafari.com\/fr\/safari-zimbabwe\/parcs-reserves\/parc-national-chutes-victoria\/","title":{"rendered":"Parc National des Chutes Victoria"},"content":{"rendered":"\n<p>Entre la Zambie et le Zimbabwe, les Victoria Falls figurent parmi les chutes d\u2019eau les plus impressionnantes au monde. Avec 108 m\u00e8tres de hauteur et 1700 m\u00e8tres de largeur, elles se classent d\u2019ailleurs en deuxi\u00e8me position. Alors pour d\u00e9couvrir cette merveille de la nature, il ne vous reste plus qu\u2019\u00e0 visiter le parc national des chutes Victoria. Et pour que votre s\u00e9jour se d\u00e9roule au mieux, lisez notre guide.&nbsp;<\/p>\n\n\n<div id=\"ez-toc-container\" class=\"ez-toc-v2_0_76 counter-flat ez-toc-counter ez-toc-custom ez-toc-container-direction\">\n<div class=\"ez-toc-title-container\"><p class=\"ez-toc-title\" style=\"cursor:inherit\">Sommaire<\/p>\n<\/div><nav><ul class='ez-toc-list ez-toc-list-level-1 ' ><li class='ez-toc-page-1'><a class=\"ez-toc-link ez-toc-heading-1\" href=\"https:\/\/mistersafari.com\/fr\/safari-zimbabwe\/parcs-reserves\/parc-national-chutes-victoria\/#pourquoi-se-rendre-au-parc-national-des-chutes-victoria\" >Pourquoi se rendre au parc national des Chutes Victoria ?<\/a><\/li><li class='ez-toc-page-1'><a class=\"ez-toc-link ez-toc-heading-2\" href=\"https:\/\/mistersafari.com\/fr\/safari-zimbabwe\/parcs-reserves\/parc-national-chutes-victoria\/#comment-se-rendre-au-parc-des-chutes-victoria\" >Comment se rendre au parc des Chutes Victoria ?<\/a><\/li><li class='ez-toc-page-1'><a class=\"ez-toc-link ez-toc-heading-3\" href=\"https:\/\/mistersafari.com\/fr\/safari-zimbabwe\/parcs-reserves\/parc-national-chutes-victoria\/#tarif-et-reglementation\" >Tarif et r\u00e9glementation<\/a><\/li><li class='ez-toc-page-1'><a class=\"ez-toc-link ez-toc-heading-4\" href=\"https:\/\/mistersafari.com\/fr\/safari-zimbabwe\/parcs-reserves\/parc-national-chutes-victoria\/#ou-dormir-au-parc-national-victoria-falls\" >O\u00f9 dormir au parc national Victoria Falls ?<\/a><\/li><li class='ez-toc-page-1'><a class=\"ez-toc-link ez-toc-heading-5\" href=\"https:\/\/mistersafari.com\/fr\/safari-zimbabwe\/parcs-reserves\/parc-national-chutes-victoria\/#le-parc-national-des-chutes-victoria-autres-informations-pratiques\" >Le Parc National des Chutes Victoria : autres informations pratiques<\/a><\/li><\/ul><\/nav><\/div>\n\n\n\n\n<h2 class=\"wp-block-heading\"><span class=\"ez-toc-section\" id=\"pourquoi-se-rendre-au-parc-national-des-chutes-victoria\"><\/span>Pourquoi se rendre au parc national des Chutes Victoria ?<span class=\"ez-toc-section-end\"><\/span><\/h2>\n\n\n\n<h3 class=\"wp-block-heading\">Admirer les chutes Victoria&nbsp;<\/h3>\n\n\n\n<p>Venez observer les chutes Victoria lors de votre s\u00e9jour dans ce parc national \u00e9ponyme. D\u00e8s votre arriv\u00e9e, tous vos sens seront en \u00e9veil.&nbsp;<\/p>\n\n\n\n<p>D\u2019abord la vue. Et pour cause, les Victoria Falls, c\u2019est 1700 m\u00e8tres de cascades qui percutent le sol 108 m\u00e8tres plus bas. En plus de ce spectacle impressionnant, les arcs-en-ciel sont l\u00e9gion dans ce parc national.&nbsp;<\/p>\n\n\n\n<p>Ensuite l\u2019ou\u00efe. Le bruit des chutes d\u2019eau venant toucher le sol vous donne l\u2019impression d\u2019assister \u00e0 un concert unique en son genre. D\u2019ailleurs, en Zambie, le parc national des Chutes Victoria est surnomm\u00e9 Mosi-Oa-Tunya. C\u2019est la traduction locale pour l\u2019expression \u201cla fum\u00e9e qui gronde\u201d.&nbsp;<\/p>\n\n\n\n<p>Et pour finir le toucher. O\u00f9 que vous soyez, il est fort probable que vous terminiez tremp\u00e9. En effet, les vapeurs d\u2019eau produites lors de la descente s\u2019\u00e9tendent bien au-del\u00e0 des chutes. Mais avec la chaleur qu\u2019il fait en Zambie et au Zimbabwe, ce petit rafraichissement est toujours le bienvenu,&nbsp;<\/p>\n\n\n\n<p>Bon \u00e0 savoir : Du fait de leur caract\u00e9ristique naturelle, presque mystique, les Vic&rsquo;s Falls ont \u00e9t\u00e9 surnomm\u00e9es les chutes de la paix par l\u2019ambassadeur Sri Chinmoy. Ce faisant, elles rejoignent la liste des 1800 monuments internationaux d\u00e9di\u00e9s \u00e0 la paix.&nbsp;<\/p>\n\n\n\n<div class=\"wp-block-image\"><figure class=\"aligncenter size-large\"><picture><source srcset=\"https:\/\/mistersafari.com\/fr\/wp-content\/uploads\/sites\/2\/parc-national-victoria-falls-1024x683.webp 1024w,https:\/\/mistersafari.com\/fr\/wp-content\/uploads\/sites\/2\/parc-national-victoria-falls-300x200.webp 300w,https:\/\/mistersafari.com\/fr\/wp-content\/uploads\/sites\/2\/parc-national-victoria-falls-768x512.webp 768w,https:\/\/mistersafari.com\/fr\/wp-content\/uploads\/sites\/2\/parc-national-victoria-falls.webp 1200w\" sizes=\"auto, (max-width: 1024px) 100vw, 1024px\" type=\"image\/webp\"><img src=\"https:\/\/mistersafari.com\/fr\/wp-content\/uploads\/sites\/2\/parc-national-victoria-falls-1024x683.jpg\" height=\"683\" width=\"1024\" srcset=\"https:\/\/mistersafari.com\/fr\/wp-content\/uploads\/sites\/2\/parc-national-victoria-falls-1024x683.jpg 1024w, https:\/\/mistersafari.com\/fr\/wp-content\/uploads\/sites\/2\/parc-national-victoria-falls-300x200.jpg 300w, https:\/\/mistersafari.com\/fr\/wp-content\/uploads\/sites\/2\/parc-national-victoria-falls-768x512.jpg 768w, https:\/\/mistersafari.com\/fr\/wp-content\/uploads\/sites\/2\/parc-national-victoria-falls.jpg 1200w\" sizes=\"auto, (max-width: 1024px) 100vw, 1024px\" class=\"wp-image-3858 sp-no-webp\" alt=\"Vue sur les chutes Victoria\" loading=\"lazy\" decoding=\"async\"  > <\/picture><figcaption>Les magnifiques Victoria falls <\/figcaption><\/figure><\/div>\n\n\n\n<h3 class=\"wp-block-heading\">Un tour en h\u00e9licopt\u00e8re ou en ULM<\/h3>\n\n\n\n<p>Les Vic\u2019s Falls sont belles sous toutes les coutures. Alors profitez de votre s\u00e9jour au parc national des chutes Victoria pour faire un tour en h\u00e9licopt\u00e8re ou en ULM. Depuis le ciel, vous serez impressionn\u00e9 par leur taille, mais aussi par le concert retentissant provoqu\u00e9 par le contact du fleuve Zamb\u00e8ze avec le sol lors de la descente.&nbsp;<\/p>\n\n\n\n<p>Le parc des Chutes Victoria propose plusieurs options de vols : des longs ou des courts. Les plus courts vous permettent d\u2019arpenter uniquement le dessus des chutes. En revanche, les longs vols (environ 30 minutes) vous offrent l\u2019opportunit\u00e9 de vous rendre jusqu\u2019aux r\u00e9serves et d\u2019admirer ainsi les nombreux animaux sauvages depuis le ciel.&nbsp;<\/p>\n\n\n\n<h3 class=\"wp-block-heading\">Faire trempette \u00e0 Devil&rsquo;s Pool<\/h3>\n\n\n\n<p>Vous aimez vivre des exp\u00e9riences extraordinaires ? Dans ce cas, rendez-vous \u00e0 Livingstone Island. Il s\u2019agit de l\u2019entr\u00e9e du parc depuis la <a href=\"https:\/\/mistersafari.com\/fr\/safari-zambie\/\" data-type=\"page\" data-id=\"2795\">Zambie<\/a>. Ce site accueille Devil&rsquo;s Pool. Autrement dit, une piscine naturelle situ\u00e9e au-dessus des chutes Victoria (\u00e0 seulement quelques centim\u00e8tres du pr\u00e9cipice). D\u2019ici, vous b\u00e9n\u00e9ficierez d\u2019un point de vue unique sur les chutes d\u2019eau.&nbsp;<\/p>\n\n\n\n<p>Attention, pour se baigner dans ces piscines naturelles, il est indispensable de r\u00e9server plusieurs semaines, voire plusieurs mois \u00e0 l\u2019avance. Par ailleurs, sachez que la baignade n\u2019est possible que d&rsquo;ao\u00fbt \u00e0 janvier (lorsque le niveau d\u2019eau est bas).&nbsp;<\/p>\n\n\n\n<h3 class=\"wp-block-heading\">Partir pour une session de rafting<\/h3>\n\n\n\n<p>Amateur de sensations fortes ? Faites une session de rafting sur le fleuve Zamb\u00e8ze. Vous d\u00e9couvrirez alors les plus beaux sites du parc national des chutes Victoria tout en faisant le plein d\u2019adr\u00e9naline.<\/p>\n\n\n\n<p>\u00c0 cette fin, vous partirez depuis les pieds des chutes (sauf entre janvier et ao\u00fbt o\u00f9 le niveau d\u2019eau est trop haut) pour affronter l\u2019un des fleuves les plus sauvages d\u2019Afrique. En effet, plusieurs travers\u00e9es sont class\u00e9es comme rafting de classe 5 (soit l\u2019un des plus hauts niveaux). Alors ne soyez pas surpris si votre bateau se renverse !&nbsp;<\/p>\n\n\n\n<div class=\"wp-block-image\"><figure class=\"aligncenter size-large\"><picture><source srcset=\"https:\/\/mistersafari.com\/fr\/wp-content\/uploads\/sites\/2\/rafting-chutes-vicotia-842x1024.webp 842w,https:\/\/mistersafari.com\/fr\/wp-content\/uploads\/sites\/2\/rafting-chutes-vicotia-247x300.webp 247w,https:\/\/mistersafari.com\/fr\/wp-content\/uploads\/sites\/2\/rafting-chutes-vicotia-768x934.webp 768w,https:\/\/mistersafari.com\/fr\/wp-content\/uploads\/sites\/2\/rafting-chutes-vicotia.webp 986w\" sizes=\"auto, (max-width: 842px) 100vw, 842px\" type=\"image\/webp\"><img src=\"https:\/\/mistersafari.com\/fr\/wp-content\/uploads\/sites\/2\/rafting-chutes-vicotia-842x1024.jpg\" height=\"1024\" width=\"842\" srcset=\"https:\/\/mistersafari.com\/fr\/wp-content\/uploads\/sites\/2\/rafting-chutes-vicotia-842x1024.jpg 842w, https:\/\/mistersafari.com\/fr\/wp-content\/uploads\/sites\/2\/rafting-chutes-vicotia-247x300.jpg 247w, https:\/\/mistersafari.com\/fr\/wp-content\/uploads\/sites\/2\/rafting-chutes-vicotia-768x934.jpg 768w, https:\/\/mistersafari.com\/fr\/wp-content\/uploads\/sites\/2\/rafting-chutes-vicotia.jpg 986w\" sizes=\"auto, (max-width: 842px) 100vw, 842px\" class=\"wp-image-3828 sp-no-webp\" alt=\"rafting aux pieds des chutes de Victoria\" loading=\"lazy\" decoding=\"async\"  > <\/picture><figcaption>Rafting sur le fleuve Zamb\u00e8ze au parc national des chutes de Victoria <\/figcaption><\/figure><\/div>\n\n\n\n<h3 class=\"wp-block-heading\">Une croisi\u00e8re sur le fleuve du Zamb\u00e8ze&nbsp;<\/h3>\n\n\n\n<p>Et si vous n\u2019aimez pas les activit\u00e9s aussi intenses, il est toujours possible de d\u00e9couvrir les chutes Victoria depuis l\u2019eau. Pour cela, optez pour la croisi\u00e8re sur le fleuve. Celle-ci vous transportera au pied des chutes afin que vous en preniez plein les yeux. Alors m\u00eame si votre bateau ne risque pas de se renverser, vous serez tout aussi tremp\u00e9s tant la brume est intense.&nbsp;<\/p>\n\n\n\n<p>Un peu plus loin, vous pourrez apercevoir des crocodiles et hippopotames qui s\u2019amusent dans l\u2019eau.&nbsp;&nbsp;<\/p>\n\n\n\n<p>Pour votre croisi\u00e8re, choisissez le coucher de soleil et profitez d\u2019un panorama exceptionnel.&nbsp;<\/p>\n\n\n\n<h3 class=\"wp-block-heading\">Se promener dans la for\u00eat tropicale<\/h3>\n\n\n\n<p>Pour d\u00e9couvrir les chutes Victoria depuis le <a href=\"https:\/\/mistersafari.com\/fr\/safari-zimbabwe\/\" data-type=\"page\" data-id=\"2824\">Zimbabwe<\/a>, vous passez par les for\u00eats tropicales. Mais rassurez-vous, un parcours est clairement d\u00e9fini pour vous permettre d\u2019admirer les chutes lors de votre promenade.&nbsp;<\/p>\n\n\n\n<p>Pr\u00e9voyez entre 2 \u00e0 3 heures pour vous balader le long de ce sentier.&nbsp;<\/p>\n\n\n\n<div class=\"wp-block-image\"><figure class=\"aligncenter size-large\"><picture><source srcset=\"https:\/\/mistersafari.com\/fr\/wp-content\/uploads\/sites\/2\/promenade-chutes-vicotia-819x1024.webp 819w,https:\/\/mistersafari.com\/fr\/wp-content\/uploads\/sites\/2\/promenade-chutes-vicotia-240x300.webp 240w,https:\/\/mistersafari.com\/fr\/wp-content\/uploads\/sites\/2\/promenade-chutes-vicotia-768x960.webp 768w,https:\/\/mistersafari.com\/fr\/wp-content\/uploads\/sites\/2\/promenade-chutes-vicotia.webp 960w\" sizes=\"auto, (max-width: 819px) 100vw, 819px\" type=\"image\/webp\"><img src=\"https:\/\/mistersafari.com\/fr\/wp-content\/uploads\/sites\/2\/promenade-chutes-vicotia-819x1024.jpg\" height=\"1024\" width=\"819\" srcset=\"https:\/\/mistersafari.com\/fr\/wp-content\/uploads\/sites\/2\/promenade-chutes-vicotia-819x1024.jpg 819w, https:\/\/mistersafari.com\/fr\/wp-content\/uploads\/sites\/2\/promenade-chutes-vicotia-240x300.jpg 240w, https:\/\/mistersafari.com\/fr\/wp-content\/uploads\/sites\/2\/promenade-chutes-vicotia-768x960.jpg 768w, https:\/\/mistersafari.com\/fr\/wp-content\/uploads\/sites\/2\/promenade-chutes-vicotia.jpg 960w\" sizes=\"auto, (max-width: 819px) 100vw, 819px\" class=\"wp-image-3829 sp-no-webp\" alt=\"Promenade tropicale au parc national des chutes de Victoria\" loading=\"lazy\" decoding=\"async\"  > <\/picture><\/figure><\/div>\n\n\n\n<h2 class=\"wp-block-heading\"><span class=\"ez-toc-section\" id=\"comment-se-rendre-au-parc-des-chutes-victoria\"><\/span>Comment se rendre au parc des Chutes Victoria ?<span class=\"ez-toc-section-end\"><\/span><\/h2>\n\n\n\n<p>Les chutes Victoria sont situ\u00e9es \u00e0 75 % sur le territoire du Zimbabwe et \u00e0 25 % sur le territoire de la Zambie. Alors que vous soyez dans ou l\u2019autre de ces pays, vous pourrez d\u00e9couvrir cette merveille de la nature.&nbsp;<\/p>\n\n\n\n<ul class=\"wp-block-list\"><li>Depuis le Zimbabwe : il vous suffit de prendre l\u2019avion jusqu&rsquo;\u00e0 l&rsquo;a\u00e9roport de Victoria Falls.&nbsp;<\/li><li>Depuis la Zambie : pour entrer au parc, il faudra vous rendre \u00e0 Livingston Island.&nbsp;<\/li><\/ul>\n\n\n\n<p class=\"callout-blue\">\u00c0 noter : le parc \u00e9tant proche de la <a href=\"https:\/\/mistersafari.com\/fr\/safari-namibie\/\" data-type=\"page\" data-id=\"1827\">Namibie<\/a> et du <a href=\"https:\/\/mistersafari.com\/fr\/safari-botswana\/\" data-type=\"page\" data-id=\"1772\">Botswana<\/a>, il est \u00e9galement possible de visiter les chutes depuis ces pays. Dans ce cas, il vous faut un visa aller-retour pour d\u00e9couvrir les c\u00e9l\u00e8bres Vic Falls.&nbsp;<\/p>\n\n\n\n<h2 class=\"wp-block-heading\"><span class=\"ez-toc-section\" id=\"tarif-et-reglementation\"><\/span>Tarif et r\u00e9glementation<span class=\"ez-toc-section-end\"><\/span><\/h2>\n\n\n\n<p>L\u2019entr\u00e9e au parc des chutes Victoria est de 30 $. N\u00e9anmoins, pour vivre une exp\u00e9rience compl\u00e8te, il est pr\u00e9f\u00e9rable de pr\u00e9voir des activit\u00e9s compl\u00e9mentaires, comme le rafting ou l\u2019h\u00e9licopt\u00e8re. Il faut donc les prendre en compte pour calculer votre budget. Idem pour l\u2019h\u00e9bergement dont les prix varient de 50 \u20ac \/ nuit \u00e0 700 \u20ac \/ nuit.&nbsp;<\/p>\n\n\n\n<p class=\"callout-orange\">Attention : sur le parcours mis en place au Zimbabwe pour admirer les chutes Victoria, les barri\u00e8res sont tr\u00e8s rudimentaires, voire inexistantes. Alors si vous souhaitez prendre de belles photos, prenez garde \u00e0 ne pas vous approcher trop pr\u00e8s au risque de glisser. Les accidents sont malheureusement tr\u00e8s fr\u00e9quents et remplir son feed Instagram ne vaut pas la peine de prendre de tels risques.&nbsp;<\/p>\n\n\n\n<h2 class=\"wp-block-heading\"><span class=\"ez-toc-section\" id=\"ou-dormir-au-parc-national-victoria-falls\"><\/span>O\u00f9 dormir au parc national Victoria Falls ?<span class=\"ez-toc-section-end\"><\/span><\/h2>\n\n\n\n<p>Les chutes Victoria figurant parmi les plus belles chutes au monde, les touristes sont nombreux \u00e0 vouloir les d\u00e9couvrir. Ainsi, les offres d\u2019h\u00e9bergement ne manquent pas.&nbsp;<\/p>\n\n\n\n<p>Pour vous aider \u00e0 choisir, voici quelques suggestions pour votre s\u00e9jour :&nbsp;<\/p>\n\n\n\n<ul class=\"wp-block-list\"><li>Lodge Ilala : c\u2019est l\u2019un des moins chers \u00e0 proximit\u00e9 des chutes. En seulement quelques minutes, vous pouvez acc\u00e9der aux Vics Falls.&nbsp;<\/li><li>Matetsi Victoria Falls : cet h\u00f4tel de luxe est parfait pour profiter des chutes dans une ambiance sauvage.&nbsp;<\/li><li>Victoria Falls Safari Club : \u00e0 10 minutes des chutes, c\u2019est l\u2019endroit id\u00e9al pour votre s\u00e9jour. En prime, vous aurez peut-\u00eatre la chance de croiser des \u00e9l\u00e9phants \u00e0 votre r\u00e9veil.&nbsp;<\/li><\/ul>\n\n\n\n<p>Quel que soit l\u2019h\u00f4tel choisi, il est conseill\u00e9 de r\u00e9server le plus t\u00f4t possible afin de profiter des meilleurs tarifs.&nbsp;<\/p>\n\n\n\n<div class=\"wp-block-image\"><figure class=\"aligncenter size-full\"><picture><source srcset=\"https:\/\/mistersafari.com\/fr\/wp-content\/uploads\/sites\/2\/pont-parc-national-victoria-falls.webp \"  type=\"image\/webp\"><img src=\"https:\/\/mistersafari.com\/fr\/wp-content\/uploads\/sites\/2\/pont-parc-national-victoria-falls.jpg\" height=\"900\" width=\"1200\" class=\"wp-image-3958 sp-no-webp\" alt=\"pont parc national des chutes Victoria\" loading=\"lazy\" decoding=\"async\"  > <\/picture><figcaption>Vue sur le pont en arc du parc national Victoria falls<\/figcaption><\/figure><\/div>\n\n\n\n<h2 class=\"wp-block-heading\"><span class=\"ez-toc-section\" id=\"le-parc-national-des-chutes-victoria-autres-informations-pratiques\"><\/span>Le Parc National des Chutes Victoria : autres informations pratiques<span class=\"ez-toc-section-end\"><\/span><\/h2>\n\n\n\n<h3 class=\"wp-block-heading\">Quand visiter les chutes Victoria ?<\/h3>\n\n\n\n<p>La meilleure p\u00e9riode pour visiter les Chutes Victoria est la p\u00e9riode se d\u00e9roulant entre f\u00e9vrier et mai. C\u2019est juste apr\u00e8s la saison des pluies. En effet, le niveau des eaux est au plus haut pour que vous en preniez plein les yeux.&nbsp;<\/p>\n\n\n\n<p>\u00c0 l\u2019inverse, entre ao\u00fbt et janvier, les niveaux sont plus bas, ce qui rend les chutes moins impressionnantes. Cependant, cela vous permet de mieux distinguer leurs formes.&nbsp;&nbsp;<\/p>\n\n\n\n<p>Au-del\u00e0 des saisons, la beaut\u00e9 des chutes Victoria \u00e9volue au cours de la journ\u00e9e. Par exemple, \u00e0 6 heures du matin, vous pourrez profiter du calme de ce site \u00e9blouissant et du lever du soleil. Et si vous vous y rendez vers 14 heures, n\u2019oubliez pas votre appareil photo pour observer les plus beaux arcs-en-ciel.&nbsp;<\/p>\n\n\n\n<h3 class=\"wp-block-heading\">Que faire autour du parc des chutes Victoria ?<\/h3>\n\n\n\n<p>Situ\u00e9 sur le fleuve Zamb\u00e8ze, le parc des chutes Victoria est \u00e0 la fronti\u00e8re entre la Zambie et le Zimbabwe. Ainsi, vous pourrez facilement d\u00e9couvrir les parcs nationaux et lieux d&rsquo;int\u00e9r\u00eat de ces pays. L\u2019un des plus proches est le parc national de Chobe, qui se trouve \u00e0 seulement 1h30 des chutes Victoria.&nbsp;<\/p>\n","protected":false},"excerpt":{"rendered":"<p>Entre la Zambie et le Zimbabwe, les Victoria Falls figurent parmi les chutes d\u2019eau les plus impressionnantes au monde. Avec 108 m\u00e8tres de hauteur et 1700 m\u00e8tres de largeur, elles se classent d\u2019ailleurs en deuxi\u00e8me position. Alors pour d\u00e9couvrir cette merveille de la nature, il ne vous reste plus qu\u2019\u00e0 visiter le parc national des &#8230; <a title=\"Parc National des Chutes Victoria\" class=\"read-more\" href=\"https:\/\/mistersafari.com\/fr\/safari-zimbabwe\/parcs-reserves\/parc-national-chutes-victoria\/\" aria-label=\"En savoir plus sur Parc National des Chutes Victoria\">Lire la suite<\/a><\/p>\n","protected":false},"author":3,"featured_media":3861,"parent":3870,"menu_order":0,"comment_status":"closed","ping_status":"closed","template":"","meta":{"_acf_changed":false,"footnotes":""},"content_type":[],"country":[],"class_list":{"0":"post-3817","1":"page","2":"type-page","3":"status-publish","4":"has-post-thumbnail","6":"no-featured-image-padding"},"acf":{"hreflang":null},"_links":{"self":[{"href":"https:\/\/mistersafari.com\/fr\/wp-json\/wp\/v2\/pages\/3817","targetHints":{"allow":["GET"]}}],"collection":[{"href":"https:\/\/mistersafari.com\/fr\/wp-json\/wp\/v2\/pages"}],"about":[{"href":"https:\/\/mistersafari.com\/fr\/wp-json\/wp\/v2\/types\/page"}],"author":[{"embeddable":true,"href":"https:\/\/mistersafari.com\/fr\/wp-json\/wp\/v2\/users\/3"}],"replies":[{"embeddable":true,"href":"https:\/\/mistersafari.com\/fr\/wp-json\/wp\/v2\/comments?post=3817"}],"version-history":[{"count":28,"href":"https:\/\/mistersafari.com\/fr\/wp-json\/wp\/v2\/pages\/3817\/revisions"}],"predecessor-version":[{"id":3960,"href":"https:\/\/mistersafari.com\/fr\/wp-json\/wp\/v2\/pages\/3817\/revisions\/3960"}],"up":[{"embeddable":true,"href":"https:\/\/mistersafari.com\/fr\/wp-json\/wp\/v2\/pages\/3870"}],"wp:featuredmedia":[{"embeddable":true,"href":"https:\/\/mistersafari.com\/fr\/wp-json\/wp\/v2\/media\/3861"}],"wp:attachment":[{"href":"https:\/\/mistersafari.com\/fr\/wp-json\/wp\/v2\/media?parent=3817"}],"wp:term":[{"taxonomy":"content_type","embeddable":true,"href":"https:\/\/mistersafari.com\/fr\/wp-json\/wp\/v2\/content_type?post=3817"},{"taxonomy":"country","embeddable":true,"href":"https:\/\/mistersafari.com\/fr\/wp-json\/wp\/v2\/country?post=3817"}],"curies":[{"name":"wp","href":"https:\/\/api.w.org\/{rel}","templated":true}]}}