{"id":3750,"date":"2021-09-06T07:18:19","date_gmt":"2021-09-06T07:18:19","guid":{"rendered":"https:\/\/mistersafari.com\/fr\/?page_id=3750"},"modified":"2021-09-14T09:55:17","modified_gmt":"2021-09-14T09:55:17","slug":"parc-national-kafue","status":"publish","type":"page","link":"https:\/\/mistersafari.com\/fr\/safari-zambie\/parcs-reserves\/parc-national-kafue\/","title":{"rendered":"Parc National de Kafue"},"content":{"rendered":"\n<p>Situ\u00e9 \u00e0 l\u2019ouest de la Zambie, le parc national de Kafue est un petit paradis pour les amoureux de la nature. Et pour cause, c\u2019est l\u2019un des plus grands du continent. Alors pour votre s\u00e9jour dans cette r\u00e9serve, vous \u00eates s\u00fbr d\u2019en prendre plein les yeux.&nbsp;<\/p>\n\n\n<div id=\"ez-toc-container\" class=\"ez-toc-v2_0_76 counter-flat ez-toc-counter ez-toc-custom ez-toc-container-direction\">\n<div class=\"ez-toc-title-container\"><p class=\"ez-toc-title\" style=\"cursor:inherit\">Sommaire<\/p>\n<\/div><nav><ul class='ez-toc-list ez-toc-list-level-1 ' ><li class='ez-toc-page-1'><a class=\"ez-toc-link ez-toc-heading-1\" href=\"https:\/\/mistersafari.com\/fr\/safari-zambie\/parcs-reserves\/parc-national-kafue\/#pourquoi-se-rendre-au-parc-national-de-kafue\" >Pourquoi se rendre au parc national de Kafue ?<\/a><\/li><li class='ez-toc-page-1'><a class=\"ez-toc-link ez-toc-heading-2\" href=\"https:\/\/mistersafari.com\/fr\/safari-zambie\/parcs-reserves\/parc-national-kafue\/#comment-se-rendre-au-parc-national-de-kafue\" >Comment se rendre au Parc National de Kafue ?<\/a><\/li><li class='ez-toc-page-1'><a class=\"ez-toc-link ez-toc-heading-3\" href=\"https:\/\/mistersafari.com\/fr\/safari-zambie\/parcs-reserves\/parc-national-kafue\/#tarif-et-reglementation\" >Tarif et r\u00e9glementation<\/a><\/li><li class='ez-toc-page-1'><a class=\"ez-toc-link ez-toc-heading-4\" href=\"https:\/\/mistersafari.com\/fr\/safari-zambie\/parcs-reserves\/parc-national-kafue\/#ou-dormir-au-parc-national-de-kafue\" >O\u00f9 dormir au Parc National de Kafue ?<\/a><\/li><li class='ez-toc-page-1'><a class=\"ez-toc-link ez-toc-heading-5\" href=\"https:\/\/mistersafari.com\/fr\/safari-zambie\/parcs-reserves\/parc-national-kafue\/#le-parc-national-de-kafue-autres-informations-pratiques\" >Le Parc National de Kafue : autres informations pratiques<\/a><\/li><\/ul><\/nav><\/div>\n\n\n\n\n<h2 class=\"wp-block-heading\"><span class=\"ez-toc-section\" id=\"pourquoi-se-rendre-au-parc-national-de-kafue\"><\/span>Pourquoi se rendre au parc national de Kafue ?<span class=\"ez-toc-section-end\"><\/span><\/h2>\n\n\n\n<h3 class=\"wp-block-heading\">La diversit\u00e9 des animaux&nbsp;<\/h3>\n\n\n\n<p>Avec une superficie de 22 400 km\u00b2, le parc national de Kafue figure parmi les plus grandes r\u00e9serves du continent africain. Cette \u00e9tendue lui permet d\u2019accueillir une vari\u00e9t\u00e9 d\u2019animaux, dont certains que l\u2019on ne retrouve que rarement, notamment la grue caroncul\u00e9e qui en est danger d\u2019extinction, ou encore le C\u00e9phalophe \u00e0 dos jaune.&nbsp;<\/p>\n\n\n\n<p>Partout dans le parc, vous aurez l\u2019occasion d\u2019admirer des antilopes (c\u2019est d\u2019ailleurs ici que se trouve la plus grande diversit\u00e9), des puku, des lions et des l\u00e9opards.&nbsp;<\/p>\n\n\n\n<div class=\"wp-block-image\"><figure class=\"aligncenter size-full\"><picture><source srcset=\"https:\/\/mistersafari.com\/fr\/wp-content\/uploads\/sites\/2\/leopard-kafue-1.webp 1200w,https:\/\/mistersafari.com\/fr\/wp-content\/uploads\/sites\/2\/leopard-kafue-1-300x200.webp 300w,https:\/\/mistersafari.com\/fr\/wp-content\/uploads\/sites\/2\/leopard-kafue-1-1024x683.webp 1024w,https:\/\/mistersafari.com\/fr\/wp-content\/uploads\/sites\/2\/leopard-kafue-1-768x512.webp 768w\" sizes=\"auto, (max-width: 1200px) 100vw, 1200px\" type=\"image\/webp\"><img src=\"https:\/\/mistersafari.com\/fr\/wp-content\/uploads\/sites\/2\/leopard-kafue-1.jpg\" height=\"800\" width=\"1200\" srcset=\"https:\/\/mistersafari.com\/fr\/wp-content\/uploads\/sites\/2\/leopard-kafue-1.jpg 1200w, https:\/\/mistersafari.com\/fr\/wp-content\/uploads\/sites\/2\/leopard-kafue-1-300x200.jpg 300w, https:\/\/mistersafari.com\/fr\/wp-content\/uploads\/sites\/2\/leopard-kafue-1-1024x683.jpg 1024w, https:\/\/mistersafari.com\/fr\/wp-content\/uploads\/sites\/2\/leopard-kafue-1-768x512.jpg 768w\" sizes=\"auto, (max-width: 1200px) 100vw, 1200px\" class=\"wp-image-4234 sp-no-webp\" alt=\"l\u00e9opard kafue\" loading=\"lazy\" decoding=\"async\"  > <\/picture><figcaption>Un l\u00e9opard du parc national de Kafue<\/figcaption><\/figure><\/div>\n\n\n\n<p>Dans les plaines de Busanga, les gnous bleus, les z\u00e8bres, les koudous, les \u00e9lans, les gu\u00e9pards, les hy\u00e8nes, les c\u00e9phalophes de Grimm, les guibs harnach\u00e9s et les cobes cohabitent en harmonie.<\/p>\n\n\n\n<p>Au total, le parc accueille 158 esp\u00e8ces de mammif\u00e8res.&nbsp;<\/p>\n\n\n\n<div class=\"wp-block-image\"><figure class=\"aligncenter size-full\"><img loading=\"lazy\" decoding=\"async\" width=\"12000\" height=\"8000\" src=\"https:\/\/mistersafari.com\/fr\/wp-content\/uploads\/sites\/2\/koudous-kafue.jpg\" alt=\"les koudous du parc national de kafue\" class=\"wp-image-3791\" \/><figcaption>Les magnifiques Koudous du parc national de Kafue<\/figcaption><\/figure><\/div>\n\n\n\n<h3 class=\"wp-block-heading\">Les rivi\u00e8res de Kafue&nbsp;<\/h3>\n\n\n\n<p>Les points d\u2019eau constituent des sites privil\u00e9gi\u00e9s pour admirer les animaux sauvages. Et pour cause, c\u2019est ici qu\u2019ils viennent s\u2019abreuver, ou simplement se rafra\u00eechir. Vous pourrez observer leur comportement en troupe ou en solitaire.<\/p>\n\n\n\n<p>Au sein du parc national de Kafue, il y a trois rivi\u00e8res : <a href=\"https:\/\/mistersafari.com\/fr\/safari-zambie\/parcs-reserves\/parc-national-south-luangwa\/\" data-type=\"page\" data-id=\"3672\">Luangwa<\/a>, Lufupa et Kafue. Les crocodiles et les hippopotames y \u00e9lisent domicile et s\u2019y regroupent parfois par centaine.&nbsp;<\/p>\n\n\n\n<p>Afin de les d\u00e9couvrir, n\u2019h\u00e9sitez pas \u00e0 partir en croisi\u00e8re. De nombreux bateaux sont affr\u00e9t\u00e9s un peu partout sur les cours d\u2019eau. Et pour ceux qui aiment le risque, il est aussi possible de naviguer \u00e0 bord d\u2019un cano\u00eb. Mais prenez garde aux crocodiles !&nbsp;<\/p>\n\n\n\n<p>Pour les amateurs de p\u00eache, sachez que les rivi\u00e8res de Kafue et Lungwa sont des terrains de jeux privil\u00e9gi\u00e9s (en particulier pour le barbeau et le brochet d\u2019eau douce). Et si vous n\u2019avez pas votre mat\u00e9riel avec vous, la plupart des lodges vous fournissent les \u00e9quipements ad\u00e9quats, y compris le bateau.&nbsp;<\/p>\n\n\n\n<h3 class=\"wp-block-heading\">Les oiseaux<\/h3>\n\n\n\n<p>La plaine de Busanga est la plus propice \u00e0 l\u2019observation des animaux sauvages. Mais ne vous contentez pas de regarder le sol lors de votre safari au parc national de Kafue. En effet, le spectacle est tout aussi impressionnant dans les airs, puisque la r\u00e9serve compte plus de 500 esp\u00e8ces d\u2019oiseaux.&nbsp;<\/p>\n\n\n\n<div class=\"wp-block-image\"><figure class=\"aligncenter size-full\"><picture><source srcset=\"https:\/\/mistersafari.com\/fr\/wp-content\/uploads\/sites\/2\/Rollier-longs-brins-kafue.webp 1200w,https:\/\/mistersafari.com\/fr\/wp-content\/uploads\/sites\/2\/Rollier-longs-brins-kafue-300x200.webp 300w,https:\/\/mistersafari.com\/fr\/wp-content\/uploads\/sites\/2\/Rollier-longs-brins-kafue-1024x682.webp 1024w,https:\/\/mistersafari.com\/fr\/wp-content\/uploads\/sites\/2\/Rollier-longs-brins-kafue-768x511.webp 768w\" sizes=\"auto, (max-width: 1200px) 100vw, 1200px\" type=\"image\/webp\"><img src=\"https:\/\/mistersafari.com\/fr\/wp-content\/uploads\/sites\/2\/Rollier-longs-brins-kafue.jpg\" height=\"799\" width=\"1200\" srcset=\"https:\/\/mistersafari.com\/fr\/wp-content\/uploads\/sites\/2\/Rollier-longs-brins-kafue.jpg 1200w, https:\/\/mistersafari.com\/fr\/wp-content\/uploads\/sites\/2\/Rollier-longs-brins-kafue-300x200.jpg 300w, https:\/\/mistersafari.com\/fr\/wp-content\/uploads\/sites\/2\/Rollier-longs-brins-kafue-1024x682.jpg 1024w, https:\/\/mistersafari.com\/fr\/wp-content\/uploads\/sites\/2\/Rollier-longs-brins-kafue-768x511.jpg 768w\" sizes=\"auto, (max-width: 1200px) 100vw, 1200px\" class=\"wp-image-4231 sp-no-webp\" alt=\"Rollier \u00e0 longs brins de Zambie\" loading=\"lazy\" decoding=\"async\"  > <\/picture><figcaption>Rollier&nbsp;\u00e0 longs brins&nbsp;de Zambie<\/figcaption><\/figure><\/div>\n\n\n\n<p>Alors que vous soyez ou non amateur d\u2019ornithologie, vous ne pourrez qu\u2019\u00eatre \u00e9bloui par la grande diversit\u00e9 de tailles et de couleurs.&nbsp;<\/p>\n\n\n\n<p>Pour vous donner une id\u00e9e des diff\u00e9rentes esp\u00e8ces, sachez que les chouettes-p\u00eacheuses de Pel, les h\u00e9rons goliath et les ins\u00e9parables \u00e0 joues noires sont pr\u00e9sents au sein du parc. Il ne vous reste plus qu\u2019\u00e0 les identifier !<\/p>\n\n\n\n<h3 class=\"wp-block-heading\">Des paysages vari\u00e9s&nbsp;<\/h3>\n\n\n\n<p>De par son immensit\u00e9, le parc de Kafue accueille une vari\u00e9t\u00e9 de paysages. Alors m\u00eame si la savane herbeuse \u00e0 miombo s\u2019\u00e9tend sur la majorit\u00e9 du territoire, vous pourrez aussi d\u00e9couvrir un \u00e9cosyst\u00e8me d\u2019une grande richesse.&nbsp;<\/p>\n\n\n\n<p>Ainsi, le sud est caract\u00e9ris\u00e9 par ses collines et ses for\u00eats de mopanes Zambiennes. Sur les rives de la rivi\u00e8re Kafue, ce sont les for\u00eats de tecks qui dominent.&nbsp;<\/p>\n\n\n\n<p>Vous observerez \u00e9galement des zones de granit atteignant 120 m\u00e8tres. Ici, contemplez le massif fait d\u2019ardoise, de calcaire et de quartzites. Quant au sol, il est couvert de schistes argileux et de lat\u00e9rite.&nbsp;<\/p>\n\n\n\n<p>Par ailleurs, selon l\u2019\u00e9poque de votre visite, les paysages changent du tout au tout. Si pendant la saison s\u00e8che, les plaines dominent le parc, notamment les <a href=\"https:\/\/mistersafari.com\/fr\/safari-zambie\/parcs-reserves\/liuwa-plain-national-park\/\" data-type=\"page\" data-id=\"4195\">plaines de Liuwa<\/a> elles se transforment en mar\u00e9cage d\u00e8s la saison des pluies.\u00a0<\/p>\n\n\n\n<h3 class=\"wp-block-heading\">Un survol des plaines&nbsp;<\/h3>\n\n\n\n<p>Vous souhaitez vivre une exp\u00e9rience unique lors de votre s\u00e9jour au sein du parc national de Kafue ? Optez pour un survol des plaines. Alors m\u00eame si les safaris \u00e0 pied ou en 4*4 sont \u00e9videmment \u00e0 faire, un vol en montgolfi\u00e8re vous permettra d\u2019appr\u00e9hender la r\u00e9serve d\u2019une autre mani\u00e8re.&nbsp;<\/p>\n\n\n\n<div class=\"wp-block-image\"><figure class=\"aligncenter size-full\"><picture><source srcset=\"https:\/\/mistersafari.com\/fr\/wp-content\/uploads\/sites\/2\/survol-kafue-zambie.webp 1200w,https:\/\/mistersafari.com\/fr\/wp-content\/uploads\/sites\/2\/survol-kafue-zambie-300x240.webp 300w,https:\/\/mistersafari.com\/fr\/wp-content\/uploads\/sites\/2\/survol-kafue-zambie-1024x819.webp 1024w,https:\/\/mistersafari.com\/fr\/wp-content\/uploads\/sites\/2\/survol-kafue-zambie-768x614.webp 768w\" sizes=\"auto, (max-width: 1200px) 100vw, 1200px\" type=\"image\/webp\"><img src=\"https:\/\/mistersafari.com\/fr\/wp-content\/uploads\/sites\/2\/survol-kafue-zambie.jpg\" height=\"960\" width=\"1200\" srcset=\"https:\/\/mistersafari.com\/fr\/wp-content\/uploads\/sites\/2\/survol-kafue-zambie.jpg 1200w, https:\/\/mistersafari.com\/fr\/wp-content\/uploads\/sites\/2\/survol-kafue-zambie-300x240.jpg 300w, https:\/\/mistersafari.com\/fr\/wp-content\/uploads\/sites\/2\/survol-kafue-zambie-1024x819.jpg 1024w, https:\/\/mistersafari.com\/fr\/wp-content\/uploads\/sites\/2\/survol-kafue-zambie-768x614.jpg 768w\" sizes=\"auto, (max-width: 1200px) 100vw, 1200px\" class=\"wp-image-3796 sp-no-webp\" alt=\"survol montgolfi\u00e8re au parc national de kafue\" loading=\"lazy\" decoding=\"async\"  > <\/picture><figcaption>Vol en  montgolfi\u00e8re sur le parc national de Kafue<\/figcaption><\/figure><\/div>\n\n\n\n<p>D\u2019une part, le ciel vous offre un point de vue privil\u00e9gi\u00e9 pour admirer la faune qui se d\u00e9veloppe. Et comme vous \u00eates bien trop haut, elle ne risque pas de fuir en vous voyant arriver. D\u2019autre part, ce sont les paysages qui valent le d\u00e9tour lors de votre excursion dans le ciel.&nbsp;<\/p>\n\n\n\n<p class=\"callout-orange\"><strong>Attention :  <\/strong>cette activit\u00e9 est seulement valable pendant la saison s\u00e8che entre juin et octobre.&nbsp;<\/p>\n\n\n\n<h2 class=\"wp-block-heading\"><span class=\"ez-toc-section\" id=\"comment-se-rendre-au-parc-national-de-kafue\"><\/span>Comment se rendre au Parc National de Kafue ?<span class=\"ez-toc-section-end\"><\/span><\/h2>\n\n\n\n<p>Le parc \u00e9tant particuli\u00e8rement grand, il s\u2019agit surtout de savoir o\u00f9 vous souhaitez atterrir.&nbsp;<\/p>\n\n\n\n<p>Pour admirer les animaux sauvages, c\u2019est la plaine Busanga qui est \u00e0 privil\u00e9gier. Cependant, celle-ci est difficilement accessible en raison de la mauvaise qualit\u00e9 des routes. Il est donc pr\u00e9f\u00e9rable de bien se renseigner avant d&rsquo;y aller.&nbsp;<\/p>\n\n\n\n<p>Quant au sud ou \u00e0 la partie centrale du parc, ils sont plus facilement accessibles par la route. Vous pourrez alors partir de Lusaka (environ 4 heures) ou de Livingstone (environ 3 heures) o\u00f9 vous pouvez profiter des magnifiques <a href=\"https:\/\/mistersafari.com\/fr\/safari-zimbabwe\/parcs-reserves\/parc-national-chutes-victoria\/\" data-type=\"page\" data-id=\"3817\">Chutes de Victoria<\/a> avant votre d\u00e9part pour le parc national de Kafue.&nbsp;<\/p>\n\n\n\n<h2 class=\"wp-block-heading\"><span class=\"ez-toc-section\" id=\"tarif-et-reglementation\"><\/span>Tarif et r\u00e9glementation<span class=\"ez-toc-section-end\"><\/span><\/h2>\n\n\n\n<p>De par la taille du parc national de Kafue, il est possible de rester une ou deux journ\u00e9es, voire une semaine ou plus. Or, selon le temps pass\u00e9, les prix varient \u00e9norm\u00e9ment. Et pour cause, il faudra pr\u00e9voir toutes les activit\u00e9s (safari, guide, vol en montgolfi\u00e8re, croisi\u00e8re, \u2026), mais aussi les h\u00e9bergements.&nbsp;<\/p>\n\n\n\n<h2 class=\"wp-block-heading\"><span class=\"ez-toc-section\" id=\"ou-dormir-au-parc-national-de-kafue\"><\/span>O\u00f9 dormir au Parc National de Kafue ?<span class=\"ez-toc-section-end\"><\/span><\/h2>\n\n\n\n<p>Bien que le parc national de Kafue soit l\u2019un des plus grands au monde, l\u2019offre en h\u00e9bergement reste assez limit\u00e9e.&nbsp;<\/p>\n\n\n\n<p>Voici toutefois quelques suggestions pour votre s\u00e9jour :&nbsp;<\/p>\n\n\n\n<ul class=\"wp-block-list\"><li>Kaingu SafarI Lodge ; situ\u00e9 \u00e0 proximit\u00e9 de la rivi\u00e8re Kafue, vous aurez l\u2019opportunit\u00e9 de vous r\u00e9veiller avec la faune sauvage.&nbsp;<\/li><li>Mukambi Busanga Plains Camp : en plein c\u0153ur des plaines de Busanga, ce lodge vous offre un cadre privil\u00e9gi\u00e9 pour votre s\u00e9jour.&nbsp;<\/li><li>Shumba Camp : ce lodge de luxe vous propose des prestations haut de gamme.<\/li><\/ul>\n\n\n\n<p>Du fait de l\u2019offre restreinte, nous vous conseillons de r\u00e9server votre h\u00f4tel en amont (\u00e0 moins qu\u2019il ne soit d\u00e9j\u00e0 inclus dans votre package)<\/p>\n\n\n\n<h2 class=\"wp-block-heading\"><span class=\"ez-toc-section\" id=\"le-parc-national-de-kafue-autres-informations-pratiques\"><\/span>Le Parc National de Kafue : autres informations pratiques<span class=\"ez-toc-section-end\"><\/span><\/h2>\n\n\n\n<p>Pour profiter du parc national de Kafue, et notamment de la diversit\u00e9 de sa faune, mieux vaut partir pendant la saison s\u00e8che. Autrement dit, de mai \u00e0 octobre. En effet, une grande partie de la r\u00e9serve est inaccessible de novembre \u00e0 avril. Et pourtant, le parc est absolument magnifique \u00e0 cette p\u00e9riode.&nbsp;<\/p>\n\n\n\n<p class=\"callout-blue\"><strong>\u00c0 noter :<\/strong> le parc national de Kafue est situ\u00e9 en altitude, vous faisant ainsi b\u00e9n\u00e9ficier d\u2019un climat plus doux que dans le reste du pays.&nbsp;<\/p>\n","protected":false},"excerpt":{"rendered":"<p>Situ\u00e9 \u00e0 l\u2019ouest de la Zambie, le parc national de Kafue est un petit paradis pour les amoureux de la nature. Et pour cause, c\u2019est l\u2019un des plus grands du continent. Alors pour votre s\u00e9jour dans cette r\u00e9serve, vous \u00eates s\u00fbr d\u2019en prendre plein les yeux.&nbsp; Pourquoi se rendre au parc national de Kafue ? &#8230; <a title=\"Parc National de Kafue\" class=\"read-more\" href=\"https:\/\/mistersafari.com\/fr\/safari-zambie\/parcs-reserves\/parc-national-kafue\/\" aria-label=\"En savoir plus sur Parc National de Kafue\">Lire la suite<\/a><\/p>\n","protected":false},"author":3,"featured_media":3801,"parent":3764,"menu_order":3,"comment_status":"closed","ping_status":"closed","template":"","meta":{"_acf_changed":false,"footnotes":""},"content_type":[],"country":[],"class_list":{"0":"post-3750","1":"page","2":"type-page","3":"status-publish","4":"has-post-thumbnail","6":"no-featured-image-padding"},"acf":{"hreflang":null},"_links":{"self":[{"href":"https:\/\/mistersafari.com\/fr\/wp-json\/wp\/v2\/pages\/3750","targetHints":{"allow":["GET"]}}],"collection":[{"href":"https:\/\/mistersafari.com\/fr\/wp-json\/wp\/v2\/pages"}],"about":[{"href":"https:\/\/mistersafari.com\/fr\/wp-json\/wp\/v2\/types\/page"}],"author":[{"embeddable":true,"href":"https:\/\/mistersafari.com\/fr\/wp-json\/wp\/v2\/users\/3"}],"replies":[{"embeddable":true,"href":"https:\/\/mistersafari.com\/fr\/wp-json\/wp\/v2\/comments?post=3750"}],"version-history":[{"count":30,"href":"https:\/\/mistersafari.com\/fr\/wp-json\/wp\/v2\/pages\/3750\/revisions"}],"predecessor-version":[{"id":4243,"href":"https:\/\/mistersafari.com\/fr\/wp-json\/wp\/v2\/pages\/3750\/revisions\/4243"}],"up":[{"embeddable":true,"href":"https:\/\/mistersafari.com\/fr\/wp-json\/wp\/v2\/pages\/3764"}],"wp:featuredmedia":[{"embeddable":true,"href":"https:\/\/mistersafari.com\/fr\/wp-json\/wp\/v2\/media\/3801"}],"wp:attachment":[{"href":"https:\/\/mistersafari.com\/fr\/wp-json\/wp\/v2\/media?parent=3750"}],"wp:term":[{"taxonomy":"content_type","embeddable":true,"href":"https:\/\/mistersafari.com\/fr\/wp-json\/wp\/v2\/content_type?post=3750"},{"taxonomy":"country","embeddable":true,"href":"https:\/\/mistersafari.com\/fr\/wp-json\/wp\/v2\/country?post=3750"}],"curies":[{"name":"wp","href":"https:\/\/api.w.org\/{rel}","templated":true}]}}