{"id":3672,"date":"2021-09-03T00:45:47","date_gmt":"2021-09-03T00:45:47","guid":{"rendered":"https:\/\/mistersafari.com\/fr\/?page_id=3672"},"modified":"2021-09-03T11:33:50","modified_gmt":"2021-09-03T11:33:50","slug":"parc-national-south-luangwa","status":"publish","type":"page","link":"https:\/\/mistersafari.com\/fr\/safari-zambie\/parcs-reserves\/parc-national-south-luangwa\/","title":{"rendered":"Parc National de South Luangwa"},"content":{"rendered":"\n<p>Situ\u00e9 \u00e0 l&rsquo;est de la Zambie, le parc national de South Luangwa est surnomm\u00e9 par les locaux :&nbsp; \u00ab\u00a0South Park\u00a0\u00bb. Cet espace naturel a \u00e9t\u00e9 fond\u00e9 en 1904 sous le nom de Luangwa Game Park, puis est devenu l&rsquo;une des trois r\u00e9serves du pays en 1938.&nbsp;<\/p>\n\n\n\n<p>Aujourd&rsquo;hui, South Luangwa couvre une superficie d&rsquo;environ 9 050 Km\u00b2 et se situe entre 500 et 800 m\u00e8tres au-dessus du niveau de la mer. Le parc est d\u00e9limit\u00e9 par des fronti\u00e8res naturelles qui en font toute sa beaut\u00e9. \u00c0 l\u2019Ouest et au Nord-Ouest, c\u2019est l&rsquo;escarpement de Muchinga qui sert de fronti\u00e8re. Et au Sud, les m\u00e9andres de la rivi\u00e8re Luangwa bordent le parc. \u00c0 l\u2019int\u00e9rieur de ce grand espace, des animaux par milliers cohabitent pour le plus grand plaisir des visiteurs.&nbsp;<\/p>\n\n\n<div id=\"ez-toc-container\" class=\"ez-toc-v2_0_76 counter-flat ez-toc-counter ez-toc-custom ez-toc-container-direction\">\n<div class=\"ez-toc-title-container\"><p class=\"ez-toc-title\" style=\"cursor:inherit\">Sommaire<\/p>\n<\/div><nav><ul class='ez-toc-list ez-toc-list-level-1 ' ><li class='ez-toc-page-1'><a class=\"ez-toc-link ez-toc-heading-1\" href=\"https:\/\/mistersafari.com\/fr\/safari-zambie\/parcs-reserves\/parc-national-south-luangwa\/#pourquoi-se-rendre-au-parc-national-de-south-luangwa\" >Pourquoi se rendre au Parc National de South Luangwa ?<\/a><\/li><li class='ez-toc-page-1'><a class=\"ez-toc-link ez-toc-heading-2\" href=\"https:\/\/mistersafari.com\/fr\/safari-zambie\/parcs-reserves\/parc-national-south-luangwa\/#comment-se-rendre-au-parc-national-de-south-luangwa\" >Comment se rendre au Parc National de South Luangwa<\/a><\/li><li class='ez-toc-page-1'><a class=\"ez-toc-link ez-toc-heading-3\" href=\"https:\/\/mistersafari.com\/fr\/safari-zambie\/parcs-reserves\/parc-national-south-luangwa\/#tarif-et-reglementation\" >Tarif et r\u00e9glementation<\/a><\/li><li class='ez-toc-page-1'><a class=\"ez-toc-link ez-toc-heading-4\" href=\"https:\/\/mistersafari.com\/fr\/safari-zambie\/parcs-reserves\/parc-national-south-luangwa\/#ou-dormir-au-parc-national-de-south-luangwa\" >O\u00f9 dormir au Parc National de South Luangwa ?<\/a><\/li><li class='ez-toc-page-1'><a class=\"ez-toc-link ez-toc-heading-5\" href=\"https:\/\/mistersafari.com\/fr\/safari-zambie\/parcs-reserves\/parc-national-south-luangwa\/#le-parc-national-de-south-luangwa-autres-informations-pratiques\" >Le Parc National de South Luangwa : autres informations pratiques<\/a><\/li><\/ul><\/nav><\/div>\n\n\n\n\n<p><\/p>\n\n\n\n<h2 class=\"wp-block-heading\"><span class=\"ez-toc-section\" id=\"pourquoi-se-rendre-au-parc-national-de-south-luangwa\"><\/span>Pourquoi se rendre au Parc National de South Luangwa ?<span class=\"ez-toc-section-end\"><\/span><\/h2>\n\n\n\n<h3 class=\"wp-block-heading\">Des paysages \u00e9poustouflants&nbsp;<\/h3>\n\n\n\n<p>Si vous cherchez \u00e0 capturer des photos de l\u2019Afrique pure, vous \u00eates au bon endroit en vous rendant au parc national de South Luangwa. Et pour cause, en plein c\u0153ur du parc, une \u00e9paisse brousse prend place. Mais si vous vous rapprochez de la rivi\u00e8re, les paysages deviennent \u00e9blouissants : entre le cours d\u2019eau, les sols riches et les grands arbres verts, vous en prendrez plein les yeux.&nbsp;<\/p>\n\n\n\n<p>Du fait de cette abondance de v\u00e9g\u00e9tation, les animaux \u00e9lisent domicile \u00e0 proximit\u00e9 de la rive. C\u2019est le spot parfait pour observer la faune dans son environnement naturel.&nbsp;<\/p>\n\n\n\n<h3 class=\"wp-block-heading\">Des animaux par milliers&nbsp;<\/h3>\n\n\n\n<p>Et pour voir des animaux, vous ne risquez pas d\u2019\u00eatre d\u00e9\u00e7u. Bien que le parc du Sud Luangwa ne soit pas le plus grand de Zambie, il saura vous impressionner par la richesse de sa faune.&nbsp;<\/p>\n\n\n\n<p>Tout d\u2019abord, les big four s\u2019y trouvent, tel que le lion, l\u2019\u00e9l\u00e9phant, le buffle et le l\u00e9opard. Malheureusement, le rhinoc\u00e9ros manque \u00e0 l\u2019appel du fait d\u2019un passif de braconnage d\u00e9vastateur pour cette esp\u00e8ce.&nbsp;<\/p>\n\n\n\n<p>Outre ces grands pr\u00e9dateurs, vous pourrez \u00e9galement admirer les antilopes ou les z\u00e8bres brouter dans la r\u00e9serve, les singes et les babouins se d\u00e9placer d&rsquo;arbre en arbres, ou encore des hy\u00e8nes, des chiens sauvages, des girafes, des gnous de Cookson (ces derniers ne se trouvent d\u2019ailleurs que dans cette r\u00e9gion), et bien d\u2019autres.&nbsp;<\/p>\n\n\n\n<div class=\"wp-block-image\"><figure class=\"aligncenter size-large\"><picture><source srcset=\"https:\/\/mistersafari.com\/fr\/wp-content\/uploads\/sites\/2\/gnou-Cookson-1024x683.webp 1024w,https:\/\/mistersafari.com\/fr\/wp-content\/uploads\/sites\/2\/gnou-Cookson-300x200.webp 300w,https:\/\/mistersafari.com\/fr\/wp-content\/uploads\/sites\/2\/gnou-Cookson-768x512.webp 768w,https:\/\/mistersafari.com\/fr\/wp-content\/uploads\/sites\/2\/gnou-Cookson-174x116.webp 174w,https:\/\/mistersafari.com\/fr\/wp-content\/uploads\/sites\/2\/gnou-Cookson.webp 1200w\" sizes=\"auto, (max-width: 1024px) 100vw, 1024px\" type=\"image\/webp\"><img src=\"https:\/\/mistersafari.com\/fr\/wp-content\/uploads\/sites\/2\/gnou-Cookson-1024x683.jpg\" height=\"683\" width=\"1024\" srcset=\"https:\/\/mistersafari.com\/fr\/wp-content\/uploads\/sites\/2\/gnou-Cookson-1024x683.jpg 1024w, https:\/\/mistersafari.com\/fr\/wp-content\/uploads\/sites\/2\/gnou-Cookson-300x200.jpg 300w, https:\/\/mistersafari.com\/fr\/wp-content\/uploads\/sites\/2\/gnou-Cookson-768x512.jpg 768w, https:\/\/mistersafari.com\/fr\/wp-content\/uploads\/sites\/2\/gnou-Cookson-174x116.jpg 174w, https:\/\/mistersafari.com\/fr\/wp-content\/uploads\/sites\/2\/gnou-Cookson.jpg 1200w\" sizes=\"auto, (max-width: 1024px) 100vw, 1024px\" class=\"wp-image-3740 sp-no-webp\" alt=\"gnou de Cookson du parc natioal du south Luangwa\" loading=\"lazy\" decoding=\"async\"  > <\/picture><figcaption>Les Gnous de Cookson du parc national du South Luangwa<\/figcaption><\/figure><\/div>\n\n\n\n<h3 class=\"wp-block-heading\">Un spectacle d\u2019oiseaux&nbsp;<\/h3>\n\n\n\n<p>Si vous levez les yeux au ciel, vous aurez l\u2019occasion d&rsquo;observer les nombreux oiseaux qui peuplent le parc national de South Luangwa.&nbsp;<\/p>\n\n\n\n<p>Avec pr\u00e8s de 400 esp\u00e8ces recens\u00e9es, la r\u00e9serve vous offre une multitude de couleurs, de tailles et de formes. Parmi les plus populaires, les aigles, les h\u00e9rons, les cigognes, les gu\u00eapiers, et bien s\u00fbr, les martins-p\u00eacheurs. Pour les admirer, mieux vaut vous rendre \u00e0 proximit\u00e9 de la rivi\u00e8re de Luangwa.&nbsp;<\/p>\n\n\n\n<p>Si vous n\u2019\u00eates pas un fervent ornithologue, votre guide vous expliquera o\u00f9 les observer avec vos jumelles. Il vous donnera \u00e9galement de nombreuses informations sur leur mode de vie, leurs diff\u00e9rences, leurs points communs, etc.&nbsp;<\/p>\n\n\n\n<p>Du fait que le parc soit relativement isol\u00e9 et \u00e9loign\u00e9 du reste du pays, c\u2019est un petit paradis pour les oiseaux migrateurs qui viennent s\u2019y r\u00e9fugier.&nbsp;<\/p>\n\n\n\n<h3 class=\"wp-block-heading\">Un safari \u00e0 pied&nbsp;<\/h3>\n\n\n\n<p>La plupart des safaris africains se font \u00e0 bord d\u2019un 4*4. Mais, il est aussi possible d\u2019explorer la savane \u00e0 pied. Avec ce mode de transport, vous vous mettez litt\u00e9ralement dans la peau d\u2019un local pour vivre une exp\u00e9rience encore plus forte.&nbsp;<\/p>\n\n\n\n<p>Ainsi, vous pourrez vous promener le long de la rivi\u00e8re ou en pleine for\u00eat pour observer les nombreux singes qui s\u2019y d\u00e9veloppent.&nbsp;<\/p>\n\n\n\n<p>Et si vous avez peur de rencontrer des lions ou des hy\u00e8nes sur votre passage, rassurez-vous ! Un guide vous accompagnera durant votre s\u00e9jour pour s\u2019assurer que vous ne courriez aucun danger. En plus de garantir votre s\u00e9curit\u00e9, il vous emm\u00e8nera hors des sentiers battus pour que vous puissiez admirer les animaux les plus insaisissables.&nbsp;<\/p>\n\n\n\n<div class=\"wp-block-image\"><figure class=\"aligncenter size-large\"><picture><source srcset=\"https:\/\/mistersafari.com\/fr\/wp-content\/uploads\/sites\/2\/lionne-parc-south-luangwa-1024x684.webp 1024w,https:\/\/mistersafari.com\/fr\/wp-content\/uploads\/sites\/2\/lionne-parc-south-luangwa-300x200.webp 300w,https:\/\/mistersafari.com\/fr\/wp-content\/uploads\/sites\/2\/lionne-parc-south-luangwa-768x513.webp 768w,https:\/\/mistersafari.com\/fr\/wp-content\/uploads\/sites\/2\/lionne-parc-south-luangwa-174x116.webp 174w,https:\/\/mistersafari.com\/fr\/wp-content\/uploads\/sites\/2\/lionne-parc-south-luangwa.webp 1200w\" sizes=\"auto, (max-width: 1024px) 100vw, 1024px\" type=\"image\/webp\"><img src=\"https:\/\/mistersafari.com\/fr\/wp-content\/uploads\/sites\/2\/lionne-parc-south-luangwa-1024x684.jpg\" height=\"684\" width=\"1024\" srcset=\"https:\/\/mistersafari.com\/fr\/wp-content\/uploads\/sites\/2\/lionne-parc-south-luangwa-1024x684.jpg 1024w, https:\/\/mistersafari.com\/fr\/wp-content\/uploads\/sites\/2\/lionne-parc-south-luangwa-300x200.jpg 300w, https:\/\/mistersafari.com\/fr\/wp-content\/uploads\/sites\/2\/lionne-parc-south-luangwa-768x513.jpg 768w, https:\/\/mistersafari.com\/fr\/wp-content\/uploads\/sites\/2\/lionne-parc-south-luangwa-174x116.jpg 174w, https:\/\/mistersafari.com\/fr\/wp-content\/uploads\/sites\/2\/lionne-parc-south-luangwa.jpg 1200w\" sizes=\"auto, (max-width: 1024px) 100vw, 1024px\" class=\"wp-image-3684 sp-no-webp\" alt=\"Une lionne du parc national de South Luangwa\" loading=\"lazy\" decoding=\"async\"  > <\/picture><figcaption><br>Une des nombreuses Lionnes du parc national de South Luangwa<\/figcaption><\/figure><\/div>\n\n\n\n<h3 class=\"wp-block-heading\">Une promenade le long de la rivi\u00e8re Luangwa&nbsp;<\/h3>\n\n\n\n<p>Le parc national de South Luangwa est caract\u00e9ris\u00e9 par sa rivi\u00e8re. Et pour cause, la rivi\u00e8re Luangwa traverse l\u2019Est de la Zambie et rejoint d\u2019autres cours d\u2019eau, tels que <a href=\"https:\/\/mistersafari.com\/fr\/safari-botswana\/parcs-reserves\/delta-okavango\/\" data-type=\"page\" data-id=\"3081\">Okavango<\/a> et le Limpopo. Cette barri\u00e8re naturelle isole une partie du pays, laissant ainsi les animaux en paix. Lors de votre excursion, vous pourrez ainsi admirer les centaines d\u2019esp\u00e8ces qui se r\u00e9unissent tout autour de la rivi\u00e8re.&nbsp;<\/p>\n\n\n\n<p>South Luangwa vous offrant un cadre id\u00e9al, il est inconcevable d\u2019y faire un safari sans faire une promenade en bateau sur la rivi\u00e8re. D\u2019ici, vous pourrez observer les animaux se rafra\u00eechir dans l\u2019eau ou s\u2019abreuver sur les rives. \u00c0 bord de votre petite barque, vous verrez probablement de nombreux hippopotames et crocodiles qui y \u00e9lisent domicile. C\u2019est le meilleur point de vue pour observer la nature sauvage du parc.&nbsp;<\/p>\n\n\n\n<div class=\"wp-block-image\"><figure class=\"aligncenter size-large\"><picture><source srcset=\"https:\/\/mistersafari.com\/fr\/wp-content\/uploads\/sites\/2\/south-luangwa-hippos-1024x683.webp 1024w,https:\/\/mistersafari.com\/fr\/wp-content\/uploads\/sites\/2\/south-luangwa-hippos-300x200.webp 300w,https:\/\/mistersafari.com\/fr\/wp-content\/uploads\/sites\/2\/south-luangwa-hippos-768x512.webp 768w,https:\/\/mistersafari.com\/fr\/wp-content\/uploads\/sites\/2\/south-luangwa-hippos-174x116.webp 174w,https:\/\/mistersafari.com\/fr\/wp-content\/uploads\/sites\/2\/south-luangwa-hippos.webp 1200w\" sizes=\"auto, (max-width: 1024px) 100vw, 1024px\" type=\"image\/webp\"><img src=\"https:\/\/mistersafari.com\/fr\/wp-content\/uploads\/sites\/2\/south-luangwa-hippos-1024x683.jpg\" height=\"683\" width=\"1024\" srcset=\"https:\/\/mistersafari.com\/fr\/wp-content\/uploads\/sites\/2\/south-luangwa-hippos-1024x683.jpg 1024w, https:\/\/mistersafari.com\/fr\/wp-content\/uploads\/sites\/2\/south-luangwa-hippos-300x200.jpg 300w, https:\/\/mistersafari.com\/fr\/wp-content\/uploads\/sites\/2\/south-luangwa-hippos-768x512.jpg 768w, https:\/\/mistersafari.com\/fr\/wp-content\/uploads\/sites\/2\/south-luangwa-hippos-174x116.jpg 174w, https:\/\/mistersafari.com\/fr\/wp-content\/uploads\/sites\/2\/south-luangwa-hippos.jpg 1200w\" sizes=\"auto, (max-width: 1024px) 100vw, 1024px\" class=\"wp-image-3681 sp-no-webp\" alt=\"Hippopotames du parc national du South Luangwa\" loading=\"lazy\" decoding=\"async\"  > <\/picture><figcaption>Une famille d&rsquo;hippopotames qui se rafraichie dans la rivi\u00e8re Luangwa<\/figcaption><\/figure><\/div>\n\n\n\n<h2 class=\"wp-block-heading\"><span class=\"ez-toc-section\" id=\"comment-se-rendre-au-parc-national-de-south-luangwa\"><\/span>Comment se rendre au Parc National de South Luangwa<span class=\"ez-toc-section-end\"><\/span><\/h2>\n\n\n\n<p>Plusieurs modes de transport vous permettent d\u2019acc\u00e9der au parc de South Luangwa.&nbsp;<\/p>\n\n\n\n<ul class=\"wp-block-list\"><li>L\u2019avion : l\u2019a\u00e9roport de Mfuwe est situ\u00e9 \u00e0 45 minutes de l\u2019entr\u00e9e principale du parc. Ensuite, si vous souhaitez vous rendre dans l\u2019un de vos lodges, il faudra pr\u00e9voir entre 20 minutes \u00e0 5 heures de trajet (en fonction de leur localisation). Depuis Lusaka, la capitale de la Zambie, il y a environ 2 vols par jour qui se rendent au parc.<\/li><li>La voiture : dans ce cas, le 4*4 est indispensable pour arriver \u00e0 destination et vous promener dans la r\u00e9serve.&nbsp;<\/li><\/ul>\n\n\n\n<h2 class=\"wp-block-heading\"><span class=\"ez-toc-section\" id=\"tarif-et-reglementation\"><\/span>Tarif et r\u00e9glementation<span class=\"ez-toc-section-end\"><\/span><\/h2>\n\n\n\n<p>Tous les budgets peuvent visiter le parc national de South Luangwa. Cependant, le prix du s\u00e9jour d\u00e9pend des diff\u00e9rentes options choisies. Et pour cause, il est possible de dormir dans des lodges grand luxe ou de s\u00e9lectionner des campings rudimentaires.&nbsp;<\/p>\n\n\n\n<p>Par ailleurs, le prix des activit\u00e9s (guides, bateau, \u2026) influe \u00e9galement sur le tarif de votre s\u00e9jour dans la r\u00e9serve.<\/p>\n\n\n\n<div class=\"wp-block-image\"><figure class=\"aligncenter size-large\"><picture><source srcset=\"https:\/\/mistersafari.com\/fr\/wp-content\/uploads\/sites\/2\/visite-parc-national-south-luangwa-1024x683.webp 1024w,https:\/\/mistersafari.com\/fr\/wp-content\/uploads\/sites\/2\/visite-parc-national-south-luangwa-300x200.webp 300w,https:\/\/mistersafari.com\/fr\/wp-content\/uploads\/sites\/2\/visite-parc-national-south-luangwa-768x512.webp 768w,https:\/\/mistersafari.com\/fr\/wp-content\/uploads\/sites\/2\/visite-parc-national-south-luangwa-174x116.webp 174w,https:\/\/mistersafari.com\/fr\/wp-content\/uploads\/sites\/2\/visite-parc-national-south-luangwa.webp 1200w\" sizes=\"auto, (max-width: 1024px) 100vw, 1024px\" type=\"image\/webp\"><img src=\"https:\/\/mistersafari.com\/fr\/wp-content\/uploads\/sites\/2\/visite-parc-national-south-luangwa-1024x683.jpg\" height=\"683\" width=\"1024\" srcset=\"https:\/\/mistersafari.com\/fr\/wp-content\/uploads\/sites\/2\/visite-parc-national-south-luangwa-1024x683.jpg 1024w, https:\/\/mistersafari.com\/fr\/wp-content\/uploads\/sites\/2\/visite-parc-national-south-luangwa-300x200.jpg 300w, https:\/\/mistersafari.com\/fr\/wp-content\/uploads\/sites\/2\/visite-parc-national-south-luangwa-768x512.jpg 768w, https:\/\/mistersafari.com\/fr\/wp-content\/uploads\/sites\/2\/visite-parc-national-south-luangwa-174x116.jpg 174w, https:\/\/mistersafari.com\/fr\/wp-content\/uploads\/sites\/2\/visite-parc-national-south-luangwa.jpg 1200w\" sizes=\"auto, (max-width: 1024px) 100vw, 1024px\" class=\"wp-image-3683 sp-no-webp\" alt=\"parc national du South Luangwa\" loading=\"lazy\" decoding=\"async\"  > <\/picture><\/figure><\/div>\n\n\n\n<h2 class=\"wp-block-heading\"><span class=\"ez-toc-section\" id=\"ou-dormir-au-parc-national-de-south-luangwa\"><\/span>O\u00f9 dormir au Parc National de South Luangwa ?<span class=\"ez-toc-section-end\"><\/span><\/h2>\n\n\n\n<p>Le parc de South Luangwa propose une grande diversit\u00e9 d\u2019h\u00e9bergements : lodges luxueux ou camps de brousse sous tente avec douche ext\u00e9rieure. C\u2019est \u00e0 vous de choisir l\u2019option qui vous convient en fonction de vos pr\u00e9f\u00e9rences et de votre budget.&nbsp;<\/p>\n\n\n\n<p>Pour vous aider \u00e0 faire votre choix, voici quelques suggestions d\u2019h\u00e9bergement :&nbsp;<\/p>\n\n\n\n<ul class=\"wp-block-list\"><li>Kaingo Camp : tout autour du lodge, vous pouvez continuer \u00e0 observer la vie sauvage (il faut compter environ 921 $ par nuit).<\/li><li>Flatdogs Camp : ce lodge de luxe est id\u00e9al pour les familles avec enfant (environ 303 $ \/ nuit).<\/li><li>Camp Nsefu : ce lodge vintage vous permet de dormir en toute tranquillit\u00e9 isol\u00e9e au fin fond de la savane africaine (\u00e0 partir de 652 $ par nuit).&nbsp;<\/li><li>Kafunta River Lodge : c\u2019est le lodge classique pour un safari en Afrique (environ 403 $ \/ nuit).&nbsp;<\/li><\/ul>\n\n\n\n<h2 class=\"wp-block-heading\"><span class=\"ez-toc-section\" id=\"le-parc-national-de-south-luangwa-autres-informations-pratiques\"><\/span>Le Parc National de South Luangwa : autres informations pratiques<span class=\"ez-toc-section-end\"><\/span><\/h2>\n\n\n\n<h3 class=\"wp-block-heading\">Quand visiter ?<\/h3>\n\n\n\n<p>Comme de nombreuses r\u00e9serves en Zambie, la meilleure p\u00e9riode pour visiter le parc national de Luangwa est la saison s\u00e8che (autrement dit, de juillet \u00e0 octobre). Et pour cause, c\u2019est \u00e0 ce moment que la faune se rassemble autour de la rivi\u00e8re Luangwa. Les animaux quittent, en effet, les zones de brousse o\u00f9 les temp\u00e9ratures deviennent trop \u00e9lev\u00e9es. Dans ces conditions, il est tr\u00e8s facile d\u2019observer les animaux du parc.&nbsp;<\/p>\n\n\n\n<p class=\"callout-orange\">Du fait de cette attractivit\u00e9, certains lodges ne sont disponibles que pendant cette saison.&nbsp;<\/p>\n\n\n\n<p>Cependant, la saison humide est aussi agr\u00e9able \u00e0 visiter. Pendant cette p\u00e9riode, les pluies transforment le paysage sec en une oasis verte et luxuriante. Par ailleurs, c\u2019est pendant la saison humide (ou \u00e9meraude) que les premi\u00e8res naissances commencent \u00e0 voir le jour.&nbsp; C\u2019est aussi \u00e0 cette p\u00e9riode que les oiseaux migrateurs font leur retour.&nbsp;<\/p>\n\n\n\n<h3 class=\"wp-block-heading\">Les autres activit\u00e9s ?<\/h3>\n\n\n\n<p>Juste \u00e0 la sortie du parc national de South Luangwa se trouve Kawaza Village. C\u2019est le meilleur endroit si vous souhaitez partir \u00e0 la rencontre de la population locale, et plus pr\u00e9cis\u00e9ment de l\u2019ethnie Kunda.&nbsp;<\/p>\n\n\n\n<p>Durant votre s\u00e9jour en Zambie, profitez-en pour d\u00e9couvrir le reste du pays. Si vous souhaitez&nbsp; faire un maximum de safaris, nous vous sugg\u00e9rons le parc national de Chobe ou encore Lower Zambezi National Park.&nbsp;<br>Et surtout, n\u2019oubliez pas de passer par les chutes Victoria qui font partie des sept merveilles de la nature.&nbsp;<\/p>\n","protected":false},"excerpt":{"rendered":"<p>Situ\u00e9 \u00e0 l&rsquo;est de la Zambie, le parc national de South Luangwa est surnomm\u00e9 par les locaux :&nbsp; \u00ab\u00a0South Park\u00a0\u00bb. Cet espace naturel a \u00e9t\u00e9 fond\u00e9 en 1904 sous le nom de Luangwa Game Park, puis est devenu l&rsquo;une des trois r\u00e9serves du pays en 1938.&nbsp; Aujourd&rsquo;hui, South Luangwa couvre une superficie d&rsquo;environ 9 050 &#8230; <a title=\"Parc National de South Luangwa\" class=\"read-more\" href=\"https:\/\/mistersafari.com\/fr\/safari-zambie\/parcs-reserves\/parc-national-south-luangwa\/\" aria-label=\"En savoir plus sur Parc National de South Luangwa\">Lire la suite<\/a><\/p>\n","protected":false},"author":5,"featured_media":3741,"parent":3764,"menu_order":0,"comment_status":"closed","ping_status":"closed","template":"","meta":{"_acf_changed":false,"footnotes":""},"content_type":[],"country":[],"class_list":{"0":"post-3672","1":"page","2":"type-page","3":"status-publish","4":"has-post-thumbnail","6":"no-featured-image-padding"},"acf":{"hreflang":null},"_links":{"self":[{"href":"https:\/\/mistersafari.com\/fr\/wp-json\/wp\/v2\/pages\/3672","targetHints":{"allow":["GET"]}}],"collection":[{"href":"https:\/\/mistersafari.com\/fr\/wp-json\/wp\/v2\/pages"}],"about":[{"href":"https:\/\/mistersafari.com\/fr\/wp-json\/wp\/v2\/types\/page"}],"author":[{"embeddable":true,"href":"https:\/\/mistersafari.com\/fr\/wp-json\/wp\/v2\/users\/5"}],"replies":[{"embeddable":true,"href":"https:\/\/mistersafari.com\/fr\/wp-json\/wp\/v2\/comments?post=3672"}],"version-history":[{"count":18,"href":"https:\/\/mistersafari.com\/fr\/wp-json\/wp\/v2\/pages\/3672\/revisions"}],"predecessor-version":[{"id":3747,"href":"https:\/\/mistersafari.com\/fr\/wp-json\/wp\/v2\/pages\/3672\/revisions\/3747"}],"up":[{"embeddable":true,"href":"https:\/\/mistersafari.com\/fr\/wp-json\/wp\/v2\/pages\/3764"}],"wp:featuredmedia":[{"embeddable":true,"href":"https:\/\/mistersafari.com\/fr\/wp-json\/wp\/v2\/media\/3741"}],"wp:attachment":[{"href":"https:\/\/mistersafari.com\/fr\/wp-json\/wp\/v2\/media?parent=3672"}],"wp:term":[{"taxonomy":"content_type","embeddable":true,"href":"https:\/\/mistersafari.com\/fr\/wp-json\/wp\/v2\/content_type?post=3672"},{"taxonomy":"country","embeddable":true,"href":"https:\/\/mistersafari.com\/fr\/wp-json\/wp\/v2\/country?post=3672"}],"curies":[{"name":"wp","href":"https:\/\/api.w.org\/{rel}","templated":true}]}}