{"id":3643,"date":"2021-09-02T12:00:15","date_gmt":"2021-09-02T12:00:15","guid":{"rendered":"https:\/\/mistersafari.com\/fr\/?page_id=3643"},"modified":"2022-05-20T07:54:49","modified_gmt":"2022-05-20T07:54:49","slug":"parc-national-etosha","status":"publish","type":"page","link":"https:\/\/mistersafari.com\/fr\/safari-namibie\/parcs-reserves\/parc-national-etosha\/","title":{"rendered":"Parc National d\u2019Etosha"},"content":{"rendered":"\n<p>Le Parc National d\u2019Etosha est un parc embl\u00e9matique de la Namibie. Il abrite un \u00e9cosyst\u00e8me unique id\u00e9al pour faire un safari. Nous vous guidons dans cette destination paradisiaque, lieu de pr\u00e9dilection des flamants roses.<\/p>\n\n\n<div id=\"ez-toc-container\" class=\"ez-toc-v2_0_76 counter-flat ez-toc-counter ez-toc-custom ez-toc-container-direction\">\n<div class=\"ez-toc-title-container\"><p class=\"ez-toc-title\" style=\"cursor:inherit\">Sommaire<\/p>\n<\/div><nav><ul class='ez-toc-list ez-toc-list-level-1 ' ><li class='ez-toc-page-1'><a class=\"ez-toc-link ez-toc-heading-1\" href=\"https:\/\/mistersafari.com\/fr\/safari-namibie\/parcs-reserves\/parc-national-etosha\/#pourquoi-se-rendre-au-parc-national-detosha%e2%80%89\">Pourquoi se rendre au Parc National d\u2019Etosha\u2009?<\/a><\/li><li class='ez-toc-page-1'><a class=\"ez-toc-link ez-toc-heading-2\" href=\"https:\/\/mistersafari.com\/fr\/safari-namibie\/parcs-reserves\/parc-national-etosha\/#comment-se-rendre-au-parc-national-detosha\">Comment se rendre au Parc National d\u2019Etosha<\/a><\/li><li class='ez-toc-page-1'><a class=\"ez-toc-link ez-toc-heading-3\" href=\"https:\/\/mistersafari.com\/fr\/safari-namibie\/parcs-reserves\/parc-national-etosha\/#tarifs-et-reglementation\">Tarifs et r\u00e9glementation<\/a><\/li><li class='ez-toc-page-1'><a class=\"ez-toc-link ez-toc-heading-4\" href=\"https:\/\/mistersafari.com\/fr\/safari-namibie\/parcs-reserves\/parc-national-etosha\/#ou-dormir-au-parc-national-detosha\">O\u00f9 dormir au Parc National d\u2019Etosha<\/a><\/li><li class='ez-toc-page-1'><a class=\"ez-toc-link ez-toc-heading-5\" href=\"https:\/\/mistersafari.com\/fr\/safari-namibie\/parcs-reserves\/parc-national-etosha\/#le-parc-national-detosha-autres-informations-pratiques\">Le Parc National d\u2019Etosha : autres informations pratiques<\/a><\/li><\/ul><\/nav><\/div>\n\n\n\n\n<h2 class=\"wp-block-heading\"><span class=\"ez-toc-section\" id=\"pourquoi-se-rendre-au-parc-national-detosha%e2%80%89\"><\/span>Pourquoi se rendre au Parc National d\u2019Etosha\u2009?<span class=\"ez-toc-section-end\"><\/span><\/h2>\n\n\n\n<h3 class=\"wp-block-heading\">Un safari dans le Parc National d\u2019Etosha<\/h3>\n\n\n\n<p>Situ\u00e9e au nord-ouest de l\u2019Afrique du Sud, la Namibie est un territoire qui accueille de nombreux animaux sauvages. Le parc national d\u2019Etosha a \u00e9t\u00e9 cr\u00e9\u00e9 en 1907 : c\u2019est l\u2019un des plus anciens du monde. N\u00e9anmoins, sa superficie a chang\u00e9 au fil des ann\u00e9es. En 1907, il atteignait 93\u2009240 km\u00b2 de superficie. En 1963, sa taille a \u00e9t\u00e9 r\u00e9duite \u00e0 sa superficie actuelle : 22\u2009275 km\u00b2.<\/p>\n\n\n\n<p>Les paysages d\u00e9sertiques du parc sont agr\u00e9ment\u00e9s d\u2019une faune et d\u2019une flore fabuleuse : 114 esp\u00e8ces de mammif\u00e8res et 340 esp\u00e8ces d\u2019oiseaux. \u00c0 l\u2019exception du buffle, le big Five est pr\u00e9sent. Avec un peu de patience, vous assisterez peut-\u00eatre au d\u00e9fil\u00e9 d\u2019un troupeau d\u2019\u00e9l\u00e9phants en qu\u00eate d\u2019oasis.<\/p>\n\n\n\n<p>Des sc\u00e8nes authentiques de la vie sauvage s\u2019offrent aux plus chanceux : une girafe qui apprend \u00e0 boire \u00e0 son petit, un \u00e9l\u00e9phant qui intimide un rhinoc\u00e9ros pour se d\u00e9salt\u00e9rer, ou encore la marche majestueuse d\u2019une lionne et de ses lionceaux.&nbsp;&nbsp;&nbsp;&nbsp;&nbsp;&nbsp;&nbsp;&nbsp;&nbsp;&nbsp;&nbsp;&nbsp;&nbsp;&nbsp;&nbsp;&nbsp;&nbsp;&nbsp;&nbsp;&nbsp;&nbsp;&nbsp;&nbsp;&nbsp;&nbsp;&nbsp;&nbsp;&nbsp;&nbsp;&nbsp;&nbsp;&nbsp;&nbsp;&nbsp;&nbsp;&nbsp;&nbsp;&nbsp;&nbsp;&nbsp;&nbsp;&nbsp;&nbsp;&nbsp;&nbsp;&nbsp;&nbsp;&nbsp;&nbsp;&nbsp;&nbsp;&nbsp;&nbsp;&nbsp;&nbsp;&nbsp;&nbsp;&nbsp;&nbsp;&nbsp;&nbsp;&nbsp;&nbsp;&nbsp;&nbsp;&nbsp;&nbsp;&nbsp;&nbsp;&nbsp;&nbsp;&nbsp;&nbsp;&nbsp;&nbsp;&nbsp;&nbsp;&nbsp;&nbsp;&nbsp;&nbsp;&nbsp;&nbsp;&nbsp;&nbsp;&nbsp;&nbsp;&nbsp;&nbsp;&nbsp;&nbsp;&nbsp;&nbsp;&nbsp;&nbsp;&nbsp;&nbsp;&nbsp;&nbsp;&nbsp;&nbsp;&nbsp;&nbsp;&nbsp;&nbsp;&nbsp;&nbsp;&nbsp;&nbsp;&nbsp;&nbsp;&nbsp;&nbsp;&nbsp;&nbsp;&nbsp;&nbsp;&nbsp;&nbsp;&nbsp;&nbsp;&nbsp;&nbsp;&nbsp;&nbsp;&nbsp;&nbsp;&nbsp;&nbsp;&nbsp;&nbsp;&nbsp;&nbsp;&nbsp;&nbsp;&nbsp;&nbsp;&nbsp;&nbsp;&nbsp;&nbsp;&nbsp;&nbsp;&nbsp;&nbsp;&nbsp;&nbsp;&nbsp;&nbsp;&nbsp;&nbsp;&nbsp;&nbsp;&nbsp;&nbsp;&nbsp;&nbsp;&nbsp;&nbsp;&nbsp;&nbsp;&nbsp;&nbsp;&nbsp;&nbsp;&nbsp;&nbsp;&nbsp;&nbsp;&nbsp;&nbsp;&nbsp;&nbsp;&nbsp;&nbsp;&nbsp;&nbsp;&nbsp;&nbsp;&nbsp;<\/p>\n\n\n\n<div class=\"wp-block-image\"><figure class=\"aligncenter size-large\"><picture><source srcset=\"https:\/\/mistersafari.com\/fr\/wp-content\/uploads\/sites\/2\/giraffes-etosha-1024x598.webp 1024w,https:\/\/mistersafari.com\/fr\/wp-content\/uploads\/sites\/2\/giraffes-etosha-300x175.webp 300w,https:\/\/mistersafari.com\/fr\/wp-content\/uploads\/sites\/2\/giraffes-etosha-768x449.webp 768w,https:\/\/mistersafari.com\/fr\/wp-content\/uploads\/sites\/2\/giraffes-etosha-199x116.webp 199w,https:\/\/mistersafari.com\/fr\/wp-content\/uploads\/sites\/2\/giraffes-etosha.webp 1200w\" sizes=\"auto, (max-width: 1024px) 100vw, 1024px\" type=\"image\/webp\"><img src=\"https:\/\/mistersafari.com\/fr\/wp-content\/uploads\/sites\/2\/giraffes-etosha-1024x598.jpg\" height=\"598\" width=\"1024\" srcset=\"https:\/\/mistersafari.com\/fr\/wp-content\/uploads\/sites\/2\/giraffes-etosha-1024x598.jpg 1024w, https:\/\/mistersafari.com\/fr\/wp-content\/uploads\/sites\/2\/giraffes-etosha-300x175.jpg 300w, https:\/\/mistersafari.com\/fr\/wp-content\/uploads\/sites\/2\/giraffes-etosha-768x449.jpg 768w, https:\/\/mistersafari.com\/fr\/wp-content\/uploads\/sites\/2\/giraffes-etosha-199x116.jpg 199w, https:\/\/mistersafari.com\/fr\/wp-content\/uploads\/sites\/2\/giraffes-etosha.jpg 1200w\" sizes=\"auto, (max-width: 1024px) 100vw, 1024px\" class=\"wp-image-3649 sp-no-webp\" alt=\"girafes d&#039;Etosha\" loading=\"lazy\" decoding=\"async\"  > <\/picture><figcaption>Les girafes du parc d&rsquo;Etosha<\/figcaption><\/figure><\/div>\n\n\n\n<p>Pendant la saison s\u00e8che, les points d\u2019eau sont pris d\u2019assaut par les animaux. Se poster \u00e0 proximit\u00e9 et attendre augmente la probabilit\u00e9 de les croiser.<\/p>\n\n\n\n<p class=\"callout-green\">Le saviez-vous\u2009? Le pan d\u2019Etosha a \u00e9t\u00e9 le lieu de tournage du film l\u2019Odyss\u00e9e de l\u2019espace !<\/p>\n\n\n\n<p>Visible de l\u2019espace, le pan d\u2019Etosha a une superficie de presque 5\u2009000 km\u00b2. Ce lac ass\u00e9ch\u00e9 au panorama lunaire est le terrain de jeu id\u00e9al pour les flamants roses. Apr\u00e8s la saison des pluies, des crustac\u00e9s se cachent dans les failles de cet immense marais salant d\u2019Afrique. Les flamants roses n\u2019ont plus qu\u2019\u00e0 sortir leur bec.<\/p>\n\n\n\n<h3 class=\"wp-block-heading\">Les autres activit\u00e9s \u00e0 faire<\/h3>\n\n\n\n<h4 class=\"wp-block-heading\">Faire du quad dans les dunes de Sossusvlei<\/h4>\n\n\n\n<p>Ce sont les dunes de sable les plus hautes d\u2019Afrique. Leur couleur rouge orange caract\u00e9ristique vous envoutera. Imaginez-vous traverser ces dunes au volant d\u2019un quad les cheveux aux vents. Sensations fortes garanties\u2009!<\/p>\n\n\n\n<h4 class=\"wp-block-heading\">D\u00e9couvrir le Twyfelfontein<\/h4>\n\n\n\n<p>Ce site historique regroupe plus de 2\u2009500 gravures sur roches. Des girafes, rhinoc\u00e9ros et \u00e9l\u00e9phants sont peints \u00e0 l\u2019ocre rouge sur la pierre. C\u2019est un d\u00e9tour incontournable pour les f\u00e9rus d\u2019arch\u00e9ologie. Inscrit au patrimoine mondial de l\u2019UNESCO, Twyfelfontein vous mettra des \u00e9toiles dans les yeux.<\/p>\n\n\n\n<p class=\"callout-blue\"><strong>Un conseil :<\/strong> venez t\u00f4t pour la visite de ce site, car on atteint vite les 45 degr\u00e9s dans la journ\u00e9e.<\/p>\n\n\n\n<h4 class=\"wp-block-heading\">Faire du kayak avec les otaries<\/h4>\n\n\n\n<p>La Namibie est aussi connue pour Walvis Bay et ses colonies d\u2019otaries. Confortablement install\u00e9 dans votre kayak, vous contemplez les paysages grandioses qui vous entourent. La sortie est plut\u00f4t tranquille : un coup de pagaie \u00e0 gauche, un coup de pagaie \u00e0 droite, et les otaries sont d\u00e9j\u00e0 l\u00e0 pour jouer avec vous. Les plus t\u00e9m\u00e9raires monteront m\u00eame sur votre kayak.<\/p>\n\n\n\n<h4 class=\"wp-block-heading\">Visiter les parcs Okonjima et Waterberg<\/h4>\n\n\n\n<p>Les parcs Okonjima et <a href=\"https:\/\/mistersafari.com\/fr\/safari-namibie\/parcs-reserves\/plateau-waterberg\/\" data-type=\"page\" data-id=\"3260\">Waterberg<\/a> sont un peu moins fr\u00e9quent\u00e9s que le parc national d\u2019Etosha, et vous y trouverez une faune et une flore \u00e9poustouflantes. Ces parcs sont pr\u00e9serv\u00e9s du tourisme de masse. Une bonne nouvelle pour ceux qui aiment se retrouver en t\u00eate \u00e0 t\u00eate avec la nature.<\/p>\n\n\n\n<h2 class=\"wp-block-heading\"><span class=\"ez-toc-section\" id=\"comment-se-rendre-au-parc-national-detosha\"><\/span>Comment se rendre au Parc National d\u2019Etosha<span class=\"ez-toc-section-end\"><\/span><\/h2>\n\n\n\n<h3 class=\"wp-block-heading\">Par l\u2019avion<\/h3>\n\n\n\n<p>Pour se rendre au parc national d\u2019Etosha par avion, il faut prendre un vol international arrivant \u00e0 la capitale : Windhoek. Depuis la France, il n\u2019y a pas de vol direct. Vous avez donc le choix entre les correspondances suivantes : Johannesburg, Amsterdam, Londres et Francfort.<\/p>\n\n\n\n<p>L\u2019\u00e9tape suivante est de rallier la capitale de la Namibie au parc. Vous pouvez vous rendre dans 3 camps du parc national d\u2019Etosha par avion avec des vols internes : Okaukuejo, Halali et Namutoni.<\/p>\n\n\n\n<h3 class=\"wp-block-heading\">Par la route<\/h3>\n\n\n\n<p>Le parc national d\u2019Etosha est une destination tr\u00e8s populaire en self-drive. Depuis la capitale, comptez environ 4 h de route. Une fois arriv\u00e9 vous avez le choix entre 4 portes d\u2019entr\u00e9e :<\/p>\n\n\n\n<ul class=\"wp-block-list\"><li>porte du roi Nehale Lya Mpingana au nord du parc\u2009;<\/li><li>porte d\u2019Anderson au sud du parc\u2009;<\/li><li>porte de Galton au sud-ouest du parc\u2009;<\/li><li>porte de Von Lindequist \u00e0 l\u2019est du parc<\/li><\/ul>\n\n\n\n<div class=\"wp-block-image\"><figure class=\"aligncenter size-large\"><picture><source srcset=\"https:\/\/mistersafari.com\/fr\/wp-content\/uploads\/sites\/2\/plan-parc-national-estosha-1024x478.webp 1024w,https:\/\/mistersafari.com\/fr\/wp-content\/uploads\/sites\/2\/plan-parc-national-estosha-300x140.webp 300w,https:\/\/mistersafari.com\/fr\/wp-content\/uploads\/sites\/2\/plan-parc-national-estosha-768x358.webp 768w,https:\/\/mistersafari.com\/fr\/wp-content\/uploads\/sites\/2\/plan-parc-national-estosha-228x106.webp 228w,https:\/\/mistersafari.com\/fr\/wp-content\/uploads\/sites\/2\/plan-parc-national-estosha.webp 1200w\" sizes=\"auto, (max-width: 1024px) 100vw, 1024px\" type=\"image\/webp\"><img src=\"https:\/\/mistersafari.com\/fr\/wp-content\/uploads\/sites\/2\/plan-parc-national-estosha-1024x478.jpg\" height=\"478\" width=\"1024\" srcset=\"https:\/\/mistersafari.com\/fr\/wp-content\/uploads\/sites\/2\/plan-parc-national-estosha-1024x478.jpg 1024w, https:\/\/mistersafari.com\/fr\/wp-content\/uploads\/sites\/2\/plan-parc-national-estosha-300x140.jpg 300w, https:\/\/mistersafari.com\/fr\/wp-content\/uploads\/sites\/2\/plan-parc-national-estosha-768x358.jpg 768w, https:\/\/mistersafari.com\/fr\/wp-content\/uploads\/sites\/2\/plan-parc-national-estosha-228x106.jpg 228w, https:\/\/mistersafari.com\/fr\/wp-content\/uploads\/sites\/2\/plan-parc-national-estosha.jpg 1200w\" sizes=\"auto, (max-width: 1024px) 100vw, 1024px\" class=\"wp-image-3657 sp-no-webp\" alt=\"plan du parc national d&#039;Etosha\" loading=\"lazy\" decoding=\"async\"  > <\/picture><figcaption>Source : <a href=\"https:\/\/www.etoshanationalpark.org\/fr\/\" data-type=\"URL\" data-id=\"https:\/\/www.etoshanationalpark.org\/fr\/\" target=\"_blank\" rel=\"noopener\">https:\/\/www.etoshanationalpark.org\/fr\/<\/a><\/figcaption><\/figure><\/div>\n\n\n\n<p>Les horaires d\u2019ouverture et de fermeture se basent sur le lever et le coucher du soleil. Ils varient donc toute l\u2019ann\u00e9e. En moyenne, le soleil se l\u00e8ve entre 6 h et 7 h du matin et il se couche entre 17 h 30 et 19 h 30.<\/p>\n\n\n\n<p>Pendant la saison des pluies, le 4&#215;4 est fortement recommand\u00e9, car les routes sont moins praticables.<\/p>\n\n\n\n<h2 class=\"wp-block-heading\"><span class=\"ez-toc-section\" id=\"tarifs-et-reglementation\"><\/span>Tarifs et r\u00e9glementation<span class=\"ez-toc-section-end\"><\/span><\/h2>\n\n\n\n<h3 class=\"wp-block-heading\">Parc national d\u2019Etosha : prix d\u2019entr\u00e9e<\/h3>\n\n\n\n<p>Voici les tarifs du parc national d\u2019Etosha en 2021 :<\/p>\n\n\n\n<ul class=\"wp-block-list\"><li>80 Nad par adulte par jour (environ 5 \u20ac)\u2009;<\/li><li>gratuit pour les enfants de moins de 16 ans ;<\/li><li>10 Nad par voiture de moins de 10 places (environ 60 centimes).<\/li><\/ul>\n\n\n\n<h3 class=\"wp-block-heading\">R\u00e9glementation du parc<\/h3>\n\n\n\n<p>Lors de votre visite au parc national d\u2019Etosha, il est important de respecter la faune et la flore. Pour prot\u00e9ger les animaux sauvages, pensez \u00e0 garder vos distances, \u00e0 ramasser vos d\u00e9chets et \u00e0 ne pas sortir de votre v\u00e9hicule. Plus d\u2019informations sur les r\u00e8gles \u00e0 suivre sont disponibles sur votre porte d\u2019entr\u00e9e.<\/p>\n\n\n\n<h2 class=\"wp-block-heading\"><span class=\"ez-toc-section\" id=\"ou-dormir-au-parc-national-detosha\"><\/span>O\u00f9 dormir au Parc National d\u2019Etosha<span class=\"ez-toc-section-end\"><\/span><\/h2>\n\n\n\n<p>Il existe 5 camps dans le parc national d\u2019Etosha :<\/p>\n\n\n\n<ul class=\"wp-block-list\"><li>Okaukuejo ;<\/li><li>Halali ;<\/li><li>Namutoni ;<\/li><li>Dolomite ;<\/li><li>Onkoshi.<\/li><\/ul>\n\n\n\n<p>Si vous souhaitez camper, seuls les 3 premiers camps sont accessibles. Pour un h\u00e9bergement un peu plus luxueux dans des lodges, vous pouvez loger dans les 5 camps. Mais comment choisir entre les 2 options pour d\u00e9couvrir le parc national d\u2019Etosha\u2009?<\/p>\n\n\n\n<h3 class=\"wp-block-heading\">Le camping<\/h3>\n\n\n\n<p>Le camping est la solution la plus abordable pour les amateurs de safaris. Dans le camp, vous trouverez des sanitaires, des douches et de l\u2019eau potable. Bien que rudimentaire, ce type de logement offre une exp\u00e9rience magique.<\/p>\n\n\n\n<h3 class=\"wp-block-heading\">Les lodges<\/h3>\n\n\n\n<p>Pour plus de confort, le lodge est un h\u00e9bergement en dur. Dans ce logement prestigieux, vous avez acc\u00e8s \u00e0 un restaurant, un bar et parfois m\u00eame une piscine. Ce type de logement conviendra \u00e0 ceux qui cherchent un service haut de gamme.<\/p>\n\n\n\n<p class=\"callout-orange\">Important \u00e0 savoir : l\u2019acc\u00e8s \u00e0 l\u2019ouest du parc est r\u00e9serv\u00e9 aux r\u00e9sidents du Dolomite Camp. Si vous souhaitez explorer cette partie du parc, il est donc essentiel de r\u00e9server une nuit dans ce lodge.<\/p>\n\n\n\n<h2 class=\"wp-block-heading\"><span class=\"ez-toc-section\" id=\"le-parc-national-detosha-autres-informations-pratiques\"><\/span>Le Parc National d\u2019Etosha : autres informations pratiques<span class=\"ez-toc-section-end\"><\/span><\/h2>\n\n\n\n<h3 class=\"wp-block-heading\">G\u00e9ographie<\/h3>\n\n\n\n<p>Situ\u00e9 au nord de la Namibie, le parc national d\u2019Etosha a une superficie de 22\u2009275 km\u00b2. La capitale Windhoek est \u00e0 400 km au sud du parc. Les principaux voisins de la Namibie sont l\u2019Angola (au nord), le <a href=\"https:\/\/mistersafari.com\/fr\/safari-botswana\/\" data-type=\"page\" data-id=\"1772\">Botswana <\/a>(\u00e0 l\u2019est) et l\u2019<a href=\"https:\/\/mistersafari.com\/fr\/safari-afrique-du-sud\/\" data-type=\"page\" data-id=\"1093\">Afrique du Sud<\/a> (au sud).<\/p>\n\n\n\n<h3 class=\"wp-block-heading\">M\u00e9t\u00e9o<\/h3>\n\n\n\n<p>Il y a <a href=\"https:\/\/mistersafari.com\/fr\/safari-namibie\/quand-partir\/\" data-type=\"page\" data-id=\"2433\">2 saisons principales en Namibie<\/a> :<\/p>\n\n\n\n<ul class=\"wp-block-list\"><li>la saison des pluies de novembre \u00e0 avril\u2009;<\/li><li>la saison s\u00e8che de mai \u00e0 octobre.<\/li><\/ul>\n\n\n\n<p>Lors de la saison s\u00e8che, la temp\u00e9rature moyenne est de 27 degr\u00e9s alors qu\u2019on atteint jusqu\u2019\u00e0 35 degr\u00e9s lors de la saison des pluies.<\/p>\n\n\n\n<h3 class=\"wp-block-heading\">Quand visiter&nbsp;<\/h3>\n\n\n\n<p>La meilleure p\u00e9riode pour visiter le parc national d\u2019Etosha d\u00e9pend du type d\u2019animaux sauvages que vous souhaitez voir. Pendant la p\u00e9riode s\u00e8che, il est plus facile d\u2019observer la faune africaine, car les animaux se regroupent autour des points d\u2019eau pour se d\u00e9salt\u00e9rer.<\/p>\n\n\n\n<p>Pendant la saison des pluies, l\u2019observation est un peu plus ardue, mais c\u2019est la p\u00e9riode des naissances. On est attendris par la d\u00e9marche h\u00e9sitante des \u00e9l\u00e9phanteaux. La saison des pluies est aussi la meilleure p\u00e9riode pour observer l\u2019avifaune.<\/p>\n","protected":false},"excerpt":{"rendered":"<p>Le Parc National d\u2019Etosha est un parc embl\u00e9matique de la Namibie. Il abrite un \u00e9cosyst\u00e8me unique id\u00e9al pour faire un safari. Nous vous guidons dans cette destination paradisiaque, lieu de pr\u00e9dilection des flamants roses. Pourquoi se rendre au Parc National d\u2019Etosha\u2009? Un safari dans le Parc National d\u2019Etosha Situ\u00e9e au nord-ouest de l\u2019Afrique du Sud, &#8230; <a title=\"Parc National d\u2019Etosha\" class=\"read-more\" href=\"https:\/\/mistersafari.com\/fr\/safari-namibie\/parcs-reserves\/parc-national-etosha\/\" aria-label=\"En savoir plus sur Parc National d\u2019Etosha\">Lire la suite<\/a><\/p>\n","protected":false},"author":5,"featured_media":3653,"parent":3258,"menu_order":5,"comment_status":"closed","ping_status":"closed","template":"","meta":{"_acf_changed":false,"footnotes":""},"content_type":[],"country":[],"class_list":{"0":"post-3643","1":"page","2":"type-page","3":"status-publish","4":"has-post-thumbnail","6":"no-featured-image-padding"},"acf":{"hreflang":[{"alternative_url":"https:\/\/mistersafari.com\/etosha-national-park\/","language":"en"}]},"_links":{"self":[{"href":"https:\/\/mistersafari.com\/fr\/wp-json\/wp\/v2\/pages\/3643","targetHints":{"allow":["GET"]}}],"collection":[{"href":"https:\/\/mistersafari.com\/fr\/wp-json\/wp\/v2\/pages"}],"about":[{"href":"https:\/\/mistersafari.com\/fr\/wp-json\/wp\/v2\/types\/page"}],"author":[{"embeddable":true,"href":"https:\/\/mistersafari.com\/fr\/wp-json\/wp\/v2\/users\/5"}],"replies":[{"embeddable":true,"href":"https:\/\/mistersafari.com\/fr\/wp-json\/wp\/v2\/comments?post=3643"}],"version-history":[{"count":27,"href":"https:\/\/mistersafari.com\/fr\/wp-json\/wp\/v2\/pages\/3643\/revisions"}],"predecessor-version":[{"id":6486,"href":"https:\/\/mistersafari.com\/fr\/wp-json\/wp\/v2\/pages\/3643\/revisions\/6486"}],"up":[{"embeddable":true,"href":"https:\/\/mistersafari.com\/fr\/wp-json\/wp\/v2\/pages\/3258"}],"wp:featuredmedia":[{"embeddable":true,"href":"https:\/\/mistersafari.com\/fr\/wp-json\/wp\/v2\/media\/3653"}],"wp:attachment":[{"href":"https:\/\/mistersafari.com\/fr\/wp-json\/wp\/v2\/media?parent=3643"}],"wp:term":[{"taxonomy":"content_type","embeddable":true,"href":"https:\/\/mistersafari.com\/fr\/wp-json\/wp\/v2\/content_type?post=3643"},{"taxonomy":"country","embeddable":true,"href":"https:\/\/mistersafari.com\/fr\/wp-json\/wp\/v2\/country?post=3643"}],"curies":[{"name":"wp","href":"https:\/\/api.w.org\/{rel}","templated":true}]}}