{"id":3587,"date":"2021-09-01T14:53:20","date_gmt":"2021-09-01T14:53:20","guid":{"rendered":"https:\/\/mistersafari.com\/fr\/?page_id=3587"},"modified":"2021-09-03T08:44:48","modified_gmt":"2021-09-03T08:44:48","slug":"parc-national-bwabwata","status":"publish","type":"page","link":"https:\/\/mistersafari.com\/fr\/safari-namibie\/parcs-reserves\/parc-national-bwabwata\/","title":{"rendered":"Parc National de Bwabwata"},"content":{"rendered":"\n<p>Le parc National de Bwabwata a une superficie impressionnante de 6 100 km\u00b2. Cette r\u00e9serve a connu un braconnage important pendant plusieurs ann\u00e9es car il \u00e9tait proclam\u00e9 parc de chasse. C\u2019est seulement depuis peu que la faune et la flore se r\u00e9tablissent et se renouvellent enfin. Il prend son nom officiellement en 2007 et int\u00e8gre l&rsquo;ancienne r\u00e9serve de chasse de Mahango. Il se trouve dans les r\u00e9gions de Caprivi et de Kavango entre le Botswana et l&rsquo;Angola.<\/p>\n\n\n<div id=\"ez-toc-container\" class=\"ez-toc-v2_0_76 counter-flat ez-toc-counter ez-toc-custom ez-toc-container-direction\">\n<div class=\"ez-toc-title-container\"><p class=\"ez-toc-title\" style=\"cursor:inherit\">Sommaire<\/p>\n<\/div><nav><ul class='ez-toc-list ez-toc-list-level-1 ' ><li class='ez-toc-page-1'><a class=\"ez-toc-link ez-toc-heading-1\" href=\"https:\/\/mistersafari.com\/fr\/safari-namibie\/parcs-reserves\/parc-national-bwabwata\/#pourquoi-se-rendre-au-parc-national-de-bwabwata\" >Pourquoi se rendre au parc National de Bwabwata ?<\/a><\/li><li class='ez-toc-page-1'><a class=\"ez-toc-link ez-toc-heading-2\" href=\"https:\/\/mistersafari.com\/fr\/safari-namibie\/parcs-reserves\/parc-national-bwabwata\/#comment-visiter-le-parc-de-bwabwata\" >Comment visiter le parc de Bwabwata ?<\/a><\/li><li class='ez-toc-page-1'><a class=\"ez-toc-link ez-toc-heading-3\" href=\"https:\/\/mistersafari.com\/fr\/safari-namibie\/parcs-reserves\/parc-national-bwabwata\/#bwabwata-tarif-et-reglementation\" >Bwabwata : tarif et r\u00e9glementation<\/a><\/li><li class='ez-toc-page-1'><a class=\"ez-toc-link ez-toc-heading-4\" href=\"https:\/\/mistersafari.com\/fr\/safari-namibie\/parcs-reserves\/parc-national-bwabwata\/#ou-dormir-pour-visiter-le-parc-national-de-bwabwata\" >O\u00f9 dormir pour visiter le parc National de Bwabwata ?<\/a><\/li><li class='ez-toc-page-1'><a class=\"ez-toc-link ez-toc-heading-5\" href=\"https:\/\/mistersafari.com\/fr\/safari-namibie\/parcs-reserves\/parc-national-bwabwata\/#le-parc-national-de-bwabwata-autres-informations-pratiques\" >Le parc National de Bwabwata : autres informations pratiques<\/a><\/li><\/ul><\/nav><\/div>\n\n\n\n\n<h2 class=\"wp-block-heading\"><span class=\"ez-toc-section\" id=\"pourquoi-se-rendre-au-parc-national-de-bwabwata\"><\/span>Pourquoi se rendre au parc National de Bwabwata ?<span class=\"ez-toc-section-end\"><\/span><\/h2>\n\n\n\n<p>Le principal atout de ce parc est sa tranquillit\u00e9 : les touristes sont g\u00e9n\u00e9ralement regroup\u00e9s plus loin comme <a href=\"https:\/\/mistersafari.com\/fr\/safari-namibie\/parcs-reserves\/parc-national-etosha\/\" data-type=\"page\" data-id=\"3643\">le parc National d\u2019Etosha<\/a>. La faune sauvage est tr\u00e8s fournie, on trouve plusieurs milliers d&rsquo;\u00e9l\u00e9phants, hippopotames, antilopes, ainsi que de beaux f\u00e9lins comme des lions et des l\u00e9opards.<\/p>\n\n\n\n<p>La v\u00e9g\u00e9tation du parc regorge de merveilles. En effet, <a href=\"https:\/\/mistersafari.com\/fr\/safari-botswana\/parcs-reserves\/central-kalahari-game-reserve\/\" data-type=\"page\" data-id=\"3057\">la for\u00eat du Kalahari<\/a> poss\u00e8de des arbres tels que le teck du Zamb\u00e8ze, le faux mopane sur les zones sablonneuses, le camelthorn et le bois de plomb dans les marimbas. Des roseaux et des papyrus sur les plaines d&rsquo;inondation sont \u00e9galement observables tels que le Jackal-berry, le Mangoustan, le Knob Thorn et le Makalani Palm. Cette flore est tr\u00e8s appr\u00e9ci\u00e9e par les visiteurs et les passionn\u00e9s de nature.<\/p>\n\n\n\n<p>De plus, au sein du parc, il est possible d\u2019observer une grande concentration d\u2019animaux. Des pr\u00e9dateurs impressionnants y habitent tels que le lion, le l\u00e9opard, le gu\u00e9pard et la hy\u00e8ne. Ce refuge abrite \u00e9galement l&rsquo;un des derniers chiens sauvages en Namibie.<\/p>\n\n\n\n<h3 class=\"wp-block-heading\">La diversit\u00e9 de sa faune<\/h3>\n\n\n\n<p>Le parc National de Bwabwata offre un environnement tr\u00e8s diff\u00e9rent du reste de la Namibie, avec ses troupeaux d&rsquo;\u00e9l\u00e9phants immenses qui traversent les routes. Il s\u2019agit d\u2019une destination incontournable \u00e0 int\u00e9grer dans votre <a href=\"https:\/\/mistersafari.com\/fr\/safari-namibie\/\" data-type=\"page\" data-id=\"1827\">safari en Namibie<\/a> vers les chutes Victoria pour en prendre plein la vue. Cette aire prot\u00e9g\u00e9e est \u00e9galement un chemin de migration entre le Botswana et l&rsquo;Angola pour de nombreux animaux, dont les \u00e9l\u00e9phants d&rsquo;Afrique.<\/p>\n\n\n\n<div class=\"wp-block-image\"><figure class=\"aligncenter size-large\"><picture><source srcset=\"https:\/\/mistersafari.com\/fr\/wp-content\/uploads\/sites\/2\/elephant-afrique-1024x678.webp 1024w,https:\/\/mistersafari.com\/fr\/wp-content\/uploads\/sites\/2\/elephant-afrique-300x199.webp 300w,https:\/\/mistersafari.com\/fr\/wp-content\/uploads\/sites\/2\/elephant-afrique-768x509.webp 768w,https:\/\/mistersafari.com\/fr\/wp-content\/uploads\/sites\/2\/elephant-afrique-175x116.webp 175w,https:\/\/mistersafari.com\/fr\/wp-content\/uploads\/sites\/2\/elephant-afrique.webp 1200w\" sizes=\"auto, (max-width: 1024px) 100vw, 1024px\" type=\"image\/webp\"><img src=\"https:\/\/mistersafari.com\/fr\/wp-content\/uploads\/sites\/2\/elephant-afrique-1024x678.jpg\" height=\"678\" width=\"1024\" srcset=\"https:\/\/mistersafari.com\/fr\/wp-content\/uploads\/sites\/2\/elephant-afrique-1024x678.jpg 1024w, https:\/\/mistersafari.com\/fr\/wp-content\/uploads\/sites\/2\/elephant-afrique-300x199.jpg 300w, https:\/\/mistersafari.com\/fr\/wp-content\/uploads\/sites\/2\/elephant-afrique-768x509.jpg 768w, https:\/\/mistersafari.com\/fr\/wp-content\/uploads\/sites\/2\/elephant-afrique-175x116.jpg 175w, https:\/\/mistersafari.com\/fr\/wp-content\/uploads\/sites\/2\/elephant-afrique.jpg 1200w\" sizes=\"auto, (max-width: 1024px) 100vw, 1024px\" class=\"wp-image-3621 sp-no-webp\" alt=\"elephants afrique\" loading=\"lazy\" decoding=\"async\"  > <\/picture><figcaption>Les \u00e9l\u00e9phants du parc de Bwabwata<\/figcaption><\/figure><\/div>\n\n\n\n<p>Le parc de Bwabwata fait \u00e9galement le bonheur des passionn\u00e9s d\u2019oiseaux : on y trouve la grue caroncul\u00e9e, le skimmer africain, l&rsquo;aigle serpentaire bagu\u00e9 \u00e0 l&rsquo;ouest, le hibou des bois, le hibou p\u00eacheur de Pel, le trogon de Narina, le perroquet du Cap et les pics \u00e0 bec rouge et \u00e0 bec jaune.<\/p>\n\n\n\n<div class=\"wp-block-image\"><figure class=\"aligncenter size-large\"><picture><source srcset=\"https:\/\/mistersafari.com\/fr\/wp-content\/uploads\/sites\/2\/grue-caronculee-1024x576.webp 1024w,https:\/\/mistersafari.com\/fr\/wp-content\/uploads\/sites\/2\/grue-caronculee-300x169.webp 300w,https:\/\/mistersafari.com\/fr\/wp-content\/uploads\/sites\/2\/grue-caronculee-768x432.webp 768w,https:\/\/mistersafari.com\/fr\/wp-content\/uploads\/sites\/2\/grue-caronculee-206x116.webp 206w,https:\/\/mistersafari.com\/fr\/wp-content\/uploads\/sites\/2\/grue-caronculee.webp 1200w\" sizes=\"auto, (max-width: 1024px) 100vw, 1024px\" type=\"image\/webp\"><img src=\"https:\/\/mistersafari.com\/fr\/wp-content\/uploads\/sites\/2\/grue-caronculee-1024x576.jpg\" height=\"576\" width=\"1024\" srcset=\"https:\/\/mistersafari.com\/fr\/wp-content\/uploads\/sites\/2\/grue-caronculee-1024x576.jpg 1024w, https:\/\/mistersafari.com\/fr\/wp-content\/uploads\/sites\/2\/grue-caronculee-300x169.jpg 300w, https:\/\/mistersafari.com\/fr\/wp-content\/uploads\/sites\/2\/grue-caronculee-768x432.jpg 768w, https:\/\/mistersafari.com\/fr\/wp-content\/uploads\/sites\/2\/grue-caronculee-206x116.jpg 206w, https:\/\/mistersafari.com\/fr\/wp-content\/uploads\/sites\/2\/grue-caronculee.jpg 1200w\" sizes=\"auto, (max-width: 1024px) 100vw, 1024px\" class=\"wp-image-3622 sp-no-webp\" alt=\"grue caroncul\u00e9e\" loading=\"lazy\" decoding=\"async\"  > <\/picture><figcaption>Les grues caronclu\u00e9es <\/figcaption><\/figure><\/div>\n\n\n\n<p>Bwabwata est, contrairement \u00e0 la plupart des zones prot\u00e9g\u00e9es, peupl\u00e9 de nombreux locaux : 5 500 autochtones y vivent. Sa localisation, hors des sentiers battus, lui donne un charme incroyable.<\/p>\n\n\n\n<h2 class=\"wp-block-heading\"><span class=\"ez-toc-section\" id=\"comment-visiter-le-parc-de-bwabwata\"><\/span>Comment visiter le parc de Bwabwata ?<span class=\"ez-toc-section-end\"><\/span><\/h2>\n\n\n\n<p>Les pistes sont tr\u00e8s sableuses sur les routes de Bwabwata, il est donc primordial d\u2019avoir un 4&#215;4 pour acc\u00e9der aux camps locaux g\u00e9r\u00e9s par des fermiers.<\/p>\n\n\n\n<p class=\"callout-green\">Aucun permis n&rsquo;est requis pour traverser le parc si vous empruntez la route goudronn\u00e9e B8, \u00e9galement appel\u00e9e l&rsquo;autoroute Trans-Caprivi. Il est primordial de rester vigilant car aucune barri\u00e8re de s\u00e9curit\u00e9 n\u2019existe.<\/p>\n\n\n\n<p>La plupart des installations touristiques se trouvent en dehors du parc. Elles sont g\u00e9r\u00e9es par des op\u00e9rateurs priv\u00e9s proposant des excursions \u00e0 la journ\u00e9e dans le parc. L&rsquo;association Kyaramacan g\u00e8re le camping Goabaca \u00e0 Popa Falls, sur la rive Est de la rivi\u00e8re Okavango. Namibia Wildlife Resorts g\u00e8re le Popa Falls Rest Camp sur la rive ouest de la rivi\u00e8re. La plupart des touristes sont des campeurs ind\u00e9pendants vivant \u00e0 l\u2019\u00e9tranger, dans la r\u00e9gion d&rsquo;Afrique australe ou en Namibie.<\/p>\n\n\n\n<h2 class=\"wp-block-heading\"><span class=\"ez-toc-section\" id=\"bwabwata-tarif-et-reglementation\"><\/span>Bwabwata : tarif et r\u00e9glementation<span class=\"ez-toc-section-end\"><\/span><\/h2>\n\n\n\n<p>Afin de pouvoir acc\u00e9der \u00e0 Bwabwata, il faut retirer un permis d&rsquo;entr\u00e9e \u00e0 Katima Mulilo ou Susuwe. Le tarif d&rsquo;entr\u00e9e est de 40 N$ et 10 N$ pour la voiture.<\/p>\n\n\n\n<p id=\"callout-blue\">Il est important de r\u00e9server afin de pr\u00e9venir votre arriv\u00e9e. Pour cela, rendez-vous aupr\u00e8s de l&rsquo;IRDNC \u00e0 Katima Mulilo ou de la NACOBTA, sur leur site internet.<\/p>\n\n\n\n<p>Le parc est principalement sans cl\u00f4ture, mais la fronti\u00e8re Sud avec le Botswana en poss\u00e8de trois pour des raisons v\u00e9t\u00e9rinaires. Gr\u00e2ce \u00e0 celles-ci, les \u00e9pid\u00e9mies dans les troupeaux sont \u00e9vit\u00e9es, comme la maladie de la vache folle.<\/p>\n\n\n\n<h2 class=\"wp-block-heading\"><span class=\"ez-toc-section\" id=\"ou-dormir-pour-visiter-le-parc-national-de-bwabwata\"><\/span>O\u00f9 dormir pour visiter le parc National de Bwabwata ?<span class=\"ez-toc-section-end\"><\/span><\/h2>\n\n\n\n<p>Un accord existe entre le Minist\u00e8re du Tourisme et de l&rsquo;Environnement et les communaut\u00e9s locales pour permettre de g\u00e9rer et d\u00e9velopper deux aires de camping au sein de la r\u00e9serve.<\/p>\n\n\n\n<p>Cette exp\u00e9rience est unique en Namibie et laisse toujours les visiteurs avec plein de magie dans les yeux. Les communaut\u00e9s doivent \u00e9galement assurer la protection des animaux sauvages dans les villages adjacents. Ainsi, tous les b\u00e9n\u00e9fices g\u00e9n\u00e9r\u00e9s servent \u00e0 l\u2019am\u00e9lioration du niveau de vie des populations locales.<\/p>\n\n\n\n<p>De nombreux h\u00f4tels se situent en dehors du parc, \u00e0 Bagani par exemple, petite ville d&rsquo;environ 2 000 habitants sur la rive sud-ouest de la rivi\u00e8re Okavango dans la r\u00e9gion de Kavango.<\/p>\n\n\n\n<p>Pour une immersion un peu plus luxueuse, vous pouvez trouver l\u2019h\u00f4tel Divava Okavango Lodge &amp; Spa, entre Rundu et Divindu. Pour vous y rendre, dirigez-vous vers la C48 direction Popa Falls et suivez les panneaux vers Suclabo Lodge et Divava Logde Okavango.<\/p>\n\n\n\n<h2 class=\"wp-block-heading\"><span class=\"ez-toc-section\" id=\"le-parc-national-de-bwabwata-autres-informations-pratiques\"><\/span>Le parc National de Bwabwata : autres informations pratiques<span class=\"ez-toc-section-end\"><\/span><\/h2>\n\n\n\n<p>De mai \u00e0 octobre, c\u2019est la saison s\u00e8che. \u00c0 cette p\u00e9riode, les animaux se rassemblent autour des sources d&rsquo;eau. Ainsi, la faune est plus facile \u00e0 observer gr\u00e2ce au sous-bois qui recule \u00e0 ce moment-l\u00e0. Les mois les plus humides font le bonheur des ornithologues car les oiseaux sont de sortie sous les fortes chaleurs.<\/p>\n\n\n\n<p>En g\u00e9n\u00e9ral, il fait assez chaud \u00e0 Bwabwata tout au long de l&rsquo;ann\u00e9e : <\/p>\n\n\n\n<ul class=\"wp-block-list\"><li>Cependant, de mai \u00e0 octobre, c\u2019est l&rsquo;hiver et les temp\u00e9ratures froides dominent. Il est utile de prendre des v\u00eatements chauds <a href=\"https:\/\/mistersafari.com\/fr\/blog\/preparer-valise-safari\/\" data-type=\"post\" data-id=\"2648\">dans votre valise<\/a> si vous souhaitez partir \u00e0 cette p\u00e9riode en faisant des safaris.<\/li><li>De novembre \u00e0 avril, c\u2019est l\u2019\u00e9t\u00e9 et des orages courts et violents s\u00e9vissent malgr\u00e9 les fortes temp\u00e9ratures.<\/li><\/ul>\n","protected":false},"excerpt":{"rendered":"<p>Le parc National de Bwabwata a une superficie impressionnante de 6 100 km\u00b2. Cette r\u00e9serve a connu un braconnage important pendant plusieurs ann\u00e9es car il \u00e9tait proclam\u00e9 parc de chasse. C\u2019est seulement depuis peu que la faune et la flore se r\u00e9tablissent et se renouvellent enfin. Il prend son nom officiellement en 2007 et int\u00e8gre &#8230; <a title=\"Parc National de Bwabwata\" class=\"read-more\" href=\"https:\/\/mistersafari.com\/fr\/safari-namibie\/parcs-reserves\/parc-national-bwabwata\/\" aria-label=\"En savoir plus sur Parc National de Bwabwata\">Lire la suite<\/a><\/p>\n","protected":false},"author":5,"featured_media":3631,"parent":3258,"menu_order":4,"comment_status":"closed","ping_status":"closed","template":"","meta":{"_acf_changed":false,"footnotes":""},"content_type":[],"country":[],"class_list":{"0":"post-3587","1":"page","2":"type-page","3":"status-publish","4":"has-post-thumbnail","6":"no-featured-image-padding"},"acf":{"hreflang":null},"_links":{"self":[{"href":"https:\/\/mistersafari.com\/fr\/wp-json\/wp\/v2\/pages\/3587","targetHints":{"allow":["GET"]}}],"collection":[{"href":"https:\/\/mistersafari.com\/fr\/wp-json\/wp\/v2\/pages"}],"about":[{"href":"https:\/\/mistersafari.com\/fr\/wp-json\/wp\/v2\/types\/page"}],"author":[{"embeddable":true,"href":"https:\/\/mistersafari.com\/fr\/wp-json\/wp\/v2\/users\/5"}],"replies":[{"embeddable":true,"href":"https:\/\/mistersafari.com\/fr\/wp-json\/wp\/v2\/comments?post=3587"}],"version-history":[{"count":48,"href":"https:\/\/mistersafari.com\/fr\/wp-json\/wp\/v2\/pages\/3587\/revisions"}],"predecessor-version":[{"id":3767,"href":"https:\/\/mistersafari.com\/fr\/wp-json\/wp\/v2\/pages\/3587\/revisions\/3767"}],"up":[{"embeddable":true,"href":"https:\/\/mistersafari.com\/fr\/wp-json\/wp\/v2\/pages\/3258"}],"wp:featuredmedia":[{"embeddable":true,"href":"https:\/\/mistersafari.com\/fr\/wp-json\/wp\/v2\/media\/3631"}],"wp:attachment":[{"href":"https:\/\/mistersafari.com\/fr\/wp-json\/wp\/v2\/media?parent=3587"}],"wp:term":[{"taxonomy":"content_type","embeddable":true,"href":"https:\/\/mistersafari.com\/fr\/wp-json\/wp\/v2\/content_type?post=3587"},{"taxonomy":"country","embeddable":true,"href":"https:\/\/mistersafari.com\/fr\/wp-json\/wp\/v2\/country?post=3587"}],"curies":[{"name":"wp","href":"https:\/\/api.w.org\/{rel}","templated":true}]}}