{"id":3545,"date":"2021-09-01T12:48:36","date_gmt":"2021-09-01T12:48:36","guid":{"rendered":"https:\/\/mistersafari.com\/fr\/?page_id=3545"},"modified":"2021-12-24T11:46:34","modified_gmt":"2021-12-24T11:46:34","slug":"parc-national-katavi","status":"publish","type":"page","link":"https:\/\/mistersafari.com\/fr\/safari-tanzanie\/parcs-reserves\/parc-national-katavi\/","title":{"rendered":"Parc National de Katavi"},"content":{"rendered":"\n<p>D\u2019une superficie de 4 471 km\u00b2,&nbsp; le parc national de Katavi est la troisi\u00e8me plus grande r\u00e9serve naturelle de Tanzanie. Ici, la conservation des mammif\u00e8res vous permet d\u2019apercevoir les plus beaux pr\u00e9dateurs d\u2019Afrique. Alors que vous soyez \u00e9co-touriste, apprenti photographe, aventurier ou simplement curieux, le parc de Katavi vous comblera le temps de votre s\u00e9jour.<\/p>\n\n\n<div id=\"ez-toc-container\" class=\"ez-toc-v2_0_76 counter-flat ez-toc-counter ez-toc-custom ez-toc-container-direction\">\n<div class=\"ez-toc-title-container\"><p class=\"ez-toc-title\" style=\"cursor:inherit\">Sommaire<\/p>\n<\/div><nav><ul class='ez-toc-list ez-toc-list-level-1 ' ><li class='ez-toc-page-1'><a class=\"ez-toc-link ez-toc-heading-1\" href=\"https:\/\/mistersafari.com\/fr\/safari-tanzanie\/parcs-reserves\/parc-national-katavi\/#pourquoi-se-rendre-au-parc-national-de-katavi\" >Pourquoi se rendre au Parc National de Katavi ?<\/a><\/li><li class='ez-toc-page-1'><a class=\"ez-toc-link ez-toc-heading-2\" href=\"https:\/\/mistersafari.com\/fr\/safari-tanzanie\/parcs-reserves\/parc-national-katavi\/#comment-se-rendre-au-parc-national-de-katavi\" >Comment se rendre au Parc National de Katavi ?<\/a><\/li><li class='ez-toc-page-1'><a class=\"ez-toc-link ez-toc-heading-3\" href=\"https:\/\/mistersafari.com\/fr\/safari-tanzanie\/parcs-reserves\/parc-national-katavi\/#tarif-et-reglementation\" >Tarif et r\u00e9glementation&nbsp;<\/a><\/li><li class='ez-toc-page-1'><a class=\"ez-toc-link ez-toc-heading-4\" href=\"https:\/\/mistersafari.com\/fr\/safari-tanzanie\/parcs-reserves\/parc-national-katavi\/#ou-dormir-au-parc-national-de-katavi\" >O\u00f9 dormir au Parc national de Katavi ?<\/a><\/li><li class='ez-toc-page-1'><a class=\"ez-toc-link ez-toc-heading-5\" href=\"https:\/\/mistersafari.com\/fr\/safari-tanzanie\/parcs-reserves\/parc-national-katavi\/#le-parc-national-de-katavi-autres-informations-pratiques\" >Le Parc National de Katavi : autres informations pratiques&nbsp;<\/a><\/li><\/ul><\/nav><\/div>\n\n\n\n\n<h2 class=\"wp-block-heading\"><span class=\"ez-toc-section\" id=\"pourquoi-se-rendre-au-parc-national-de-katavi\"><\/span>Pourquoi se rendre au Parc National de Katavi ?<span class=\"ez-toc-section-end\"><\/span><\/h2>\n\n\n\n<p>Pendant la colonisation britannique, le Parc national de Katavi \u00e9tait une r\u00e9serve de chasse. Le site portait alors un tout autre nom : \u201cParc Rukwa Game Reserve\u201d. Mais suite \u00e0 l\u2019ind\u00e9pendance de la Tanzanie, le parc de Katavi fut renomm\u00e9 et transform\u00e9 en r\u00e9serve naturelle \u00e0 destination de la protection et la conservation des mammif\u00e8res d\u2019Afrique. Aujourd&rsquo;hui, le parc offre \u00e0 ses visiteurs une multitude d\u2019activit\u00e9s, et est un incontournable du <a href=\"https:\/\/mistersafari.com\/fr\/safari-tanzanie\/\" data-type=\"page\" data-id=\"932\">safari en Tanzanie<\/a>.<\/p>\n\n\n\n<h3 class=\"wp-block-heading\">La richesse de sa faune&nbsp;<\/h3>\n\n\n\n<p>Z\u00e8bres, buffles d\u2019Afrique, gnous, girafes, waterbucks, \u00e9l\u00e9phants, hy\u00e8nes, antilopes, lions, l\u00e9opards, gu\u00e9pards, etc. Voil\u00e0 une infime partie des animaux sauvages que vous aurez l\u2019occasion de croiser lors de votre s\u00e9jour dans le parc national de Katavi. Gr\u00e2ce \u00e0 la diversit\u00e9 de sa faune, le parc t\u00e9moigne de la richesse de tout le pays.<\/p>\n\n\n\n<div class=\"wp-block-image\"><figure class=\"aligncenter size-full\"><picture><source srcset=\"https:\/\/mistersafari.com\/fr\/wp-content\/uploads\/sites\/2\/elephant-tanzanie-katavi.webp 1200w,https:\/\/mistersafari.com\/fr\/wp-content\/uploads\/sites\/2\/elephant-tanzanie-katavi-300x200.webp 300w,https:\/\/mistersafari.com\/fr\/wp-content\/uploads\/sites\/2\/elephant-tanzanie-katavi-1024x683.webp 1024w,https:\/\/mistersafari.com\/fr\/wp-content\/uploads\/sites\/2\/elephant-tanzanie-katavi-768x512.webp 768w,https:\/\/mistersafari.com\/fr\/wp-content\/uploads\/sites\/2\/elephant-tanzanie-katavi-174x116.webp 174w\" sizes=\"auto, (max-width: 1200px) 100vw, 1200px\" type=\"image\/webp\"><img src=\"https:\/\/mistersafari.com\/fr\/wp-content\/uploads\/sites\/2\/elephant-tanzanie-katavi.jpg\" height=\"800\" width=\"1200\" srcset=\"https:\/\/mistersafari.com\/fr\/wp-content\/uploads\/sites\/2\/elephant-tanzanie-katavi.jpg 1200w, https:\/\/mistersafari.com\/fr\/wp-content\/uploads\/sites\/2\/elephant-tanzanie-katavi-300x200.jpg 300w, https:\/\/mistersafari.com\/fr\/wp-content\/uploads\/sites\/2\/elephant-tanzanie-katavi-1024x683.jpg 1024w, https:\/\/mistersafari.com\/fr\/wp-content\/uploads\/sites\/2\/elephant-tanzanie-katavi-768x512.jpg 768w, https:\/\/mistersafari.com\/fr\/wp-content\/uploads\/sites\/2\/elephant-tanzanie-katavi-174x116.jpg 174w\" sizes=\"auto, (max-width: 1200px) 100vw, 1200px\" class=\"wp-image-3559 sp-no-webp\" alt=\"\u00e9l\u00e9phants katavi\" loading=\"lazy\" decoding=\"async\"  > <\/picture><figcaption>Les \u00e9l\u00e9phants du parc Katavi<\/figcaption><\/figure><\/div>\n\n\n\n<p>Pour observer les animaux, il est conseill\u00e9 de se rendre \u00e0 la plaine de Chada. Ici, vous pourrez admirer les buffles par milliers et les \u00e9l\u00e9phants par centaines. Et tout cela, en restant tout proche d\u2019eux.&nbsp;<\/p>\n\n\n\n<p class=\"callout-green\">La rivi\u00e8re Katuma vous offre aussi une exp\u00e9rience unique. En effet, c\u2019est l\u2019endroit id\u00e9al pour admirer les hippopotames et les crocodiles. <\/p>\n\n\n\n<p>C\u2019est d\u2019ailleurs au sein de ce parc que se trouvent les concentrations les plus denses de Tanzanie.&nbsp;<\/p>\n\n\n\n<h3 class=\"wp-block-heading\">Les oiseaux par milliers&nbsp;<\/h3>\n\n\n\n<p>Amateur d\u2019ornithologie ? Vous ne serez pas d\u00e9\u00e7u en vous rendant au parc national de Katavi. Si vous avez de la chance, vous pourrez observer les 450 esp\u00e8ces d\u2019oiseaux qui y vivent, telles que des h\u00e9rons, des pluviers, des spatules, des cigognes, des aigles, des vautours \u00e0 dos blanc et bien d\u2019autres.&nbsp;<\/p>\n\n\n\n<p>Pour bien les observer, nous vous conseillons de venir entre novembre et avril. C\u2019est \u00e0 cette p\u00e9riode que les oiseaux migrateurs d\u2019Europe et d\u2019Afrique du Nord s\u2019y trouvent.&nbsp;<\/p>\n\n\n\n<h3 class=\"wp-block-heading\">Un safari \u00e0 pied ou en 4*4&nbsp;<\/h3>\n\n\n\n<p>Faire un safari au parc national de Katavi est l\u2019activit\u00e9 incontournable de la r\u00e9gion. Pour cela, les visiteurs ont plusieurs options :&nbsp;<\/p>\n\n\n\n<ul class=\"wp-block-list\"><li>en 4*4 : au sein de votre v\u00e9hicule \u00e0 toit ouvert, vous pourrez observer les animaux les plus sauvages d&rsquo;Afrique.&nbsp;<\/li><li>\u00e0 pied : certains sentiers sont pr\u00e9vus pour rencontrer les animaux \u00e0 pied, notamment sur la plaine de Chada (particuli\u00e8rement en saison s\u00e8che, car la plaine se transforme en lac pendant la saison des pluies).&nbsp;<\/li><\/ul>\n\n\n\n<p class=\"callout-blue\">Les plus t\u00e9m\u00e9raires pourront aussi pr\u00e9voir des promenades nocturnes, mais toujours accompagn\u00e9s d\u2019un guide.&nbsp;<\/p>\n\n\n\n<p>Attention, si vous vous promenez \u00e0 pied au sein de la savane bois\u00e9e, vous risqueriez de vous retrouver avec l\u2019un des serpents les plus venimeux d\u2019Afrique : le mamba noir. Alors pour ne pas vous faire piquer, faites attention o\u00f9 vous mettez les pieds.&nbsp;<\/p>\n\n\n\n<h3 class=\"wp-block-heading\">Les paysages vari\u00e9s&nbsp;<\/h3>\n\n\n\n<p>Le parc national de Katavi se situe dans la vall\u00e9e du Rift entre le lac Rukwa et le lac Tanganyika, et est assez proche du <a href=\"https:\/\/mistersafari.com\/fr\/safari-tanzanie\/parcs-reserves\/parc-monts-mahale\/\" data-type=\"page\" data-id=\"800\">parc national des monts Mahale.<\/a> Entre les deux, c\u2019est la rivi\u00e8re Katuma qui prend place pour le plus grand bonheur des animaux.<\/p>\n\n\n\n<div class=\"wp-block-image\"><figure class=\"aligncenter size-large\"><picture><source srcset=\"https:\/\/mistersafari.com\/fr\/wp-content\/uploads\/sites\/2\/hippo-katavi-1024x733.webp 1024w,https:\/\/mistersafari.com\/fr\/wp-content\/uploads\/sites\/2\/hippo-katavi-300x215.webp 300w,https:\/\/mistersafari.com\/fr\/wp-content\/uploads\/sites\/2\/hippo-katavi-768x550.webp 768w,https:\/\/mistersafari.com\/fr\/wp-content\/uploads\/sites\/2\/hippo-katavi-162x116.webp 162w,https:\/\/mistersafari.com\/fr\/wp-content\/uploads\/sites\/2\/hippo-katavi.webp 1200w\" sizes=\"auto, (max-width: 1024px) 100vw, 1024px\" type=\"image\/webp\"><img src=\"https:\/\/mistersafari.com\/fr\/wp-content\/uploads\/sites\/2\/hippo-katavi-1024x733.jpg\" height=\"733\" width=\"1024\" srcset=\"https:\/\/mistersafari.com\/fr\/wp-content\/uploads\/sites\/2\/hippo-katavi-1024x733.jpg 1024w, https:\/\/mistersafari.com\/fr\/wp-content\/uploads\/sites\/2\/hippo-katavi-300x215.jpg 300w, https:\/\/mistersafari.com\/fr\/wp-content\/uploads\/sites\/2\/hippo-katavi-768x550.jpg 768w, https:\/\/mistersafari.com\/fr\/wp-content\/uploads\/sites\/2\/hippo-katavi-162x116.jpg 162w, https:\/\/mistersafari.com\/fr\/wp-content\/uploads\/sites\/2\/hippo-katavi.jpg 1200w\" sizes=\"auto, (max-width: 1024px) 100vw, 1024px\" class=\"wp-image-3560 sp-no-webp\" alt=\"\" loading=\"lazy\" decoding=\"async\"  > <\/picture><\/figure><\/div>\n\n\n\n<p>Mais outre ces points d\u2019eau, le parc est aussi compos\u00e9 de plaines inondables, de prairies plates et de for\u00eats denses. La diversit\u00e9 de cet \u00e9cosyst\u00e8me permet d\u2019accueillir tous types d\u2019animaux sauvages.<\/p>\n\n\n\n<h3 class=\"wp-block-heading\">Le Tamarinier sacr\u00e9<\/h3>\n\n\n\n<p>Pour votre s\u00e9jour en Tanzanie, impr\u00e9gnez-vous de la culture locale et de son folklore. Pour cela, rendez-vous \u00e0 proximit\u00e9 du lac Katavi, o\u00f9 se trouve le Tamarinier sacr\u00e9.&nbsp;<\/p>\n\n\n\n<p>Selon les croyances, c\u2019est ici que repose l\u2019esprit Wabende, \u201cKatabi\u201d, un chasseur l\u00e9gendaire. Pour lui rendre hommage, nombre de locaux laissent des offrandes au pied de l\u2019arbre. D\u2019ailleurs, pour les communaut\u00e9s Bende et Pimbwe, qui vivaient autrefois dans la r\u00e9serve, le tamarinier \u00e9tait aussi surnomm\u00e9 \u201cL\u2019arbre de l\u2019esprit\u201d.<\/p>\n\n\n\n<h2 class=\"wp-block-heading\"><span class=\"ez-toc-section\" id=\"comment-se-rendre-au-parc-national-de-katavi\"><\/span>Comment se rendre au Parc National de Katavi ?<span class=\"ez-toc-section-end\"><\/span><\/h2>\n\n\n\n<p>Situ\u00e9 dans la partie occidentale de la Tanzanie, \u00e0 environ 40 km au sud de la ville de Mpanda, le parc national de Katavi est principalement accessible en avion.&nbsp; C\u2019est donc depuis l\u2019a\u00e9roport de Dar Es-Salaam que vous pourrez partir.&nbsp;<\/p>\n\n\n\n<p>Mais si vous pr\u00e9f\u00e9rez voyager par la terre ferme, c\u2019est aussi possible. N\u00e9anmoins, il faudra vous armer de patience. En effet, si vous vous y rendez depuis la ville de Dar Es-Salaam, pr\u00e9voyez deux \u00e0 trois jours de route.&nbsp;<\/p>\n\n\n\n<h2 class=\"wp-block-heading\"><span class=\"ez-toc-section\" id=\"tarif-et-reglementation\"><\/span>Tarif et r\u00e9glementation&nbsp;<span class=\"ez-toc-section-end\"><\/span><\/h2>\n\n\n\n<p>Voici les tarifs applicables au sein du parc national de Katavi :&nbsp;<\/p>\n\n\n\n<ul class=\"wp-block-list\"><li>30 $ par jour pour les adultes,&nbsp;<\/li><li>10 $ par jour pour les enfants de 5 \u00e0 15 ans,&nbsp;<\/li><li>gratuit pour les enfants de moins de 5 ans.&nbsp;<\/li><li>Un suppl\u00e9ment d&rsquo;environ 9$ est demand\u00e9 si vous venez avec votre propre v\u00e9hicule (d\u00e8s lors qu\u2019il est immatricul\u00e9 localement). \u00c0 l\u2019inverse, si votre voiture est immatricul\u00e9e \u00e0 l\u2019\u00e9tranger, il faudra pr\u00e9voir un suppl\u00e9ment encore plus cher.<\/li><\/ul>\n\n\n\n<p>Attention, ces tarifs ne comprennent que l\u2019entr\u00e9e. Il faudra aussi ajouter l\u2019h\u00e9bergement et les diff\u00e9rentes activit\u00e9s.&nbsp;<\/p>\n\n\n\n<h2 class=\"wp-block-heading\"><span class=\"ez-toc-section\" id=\"ou-dormir-au-parc-national-de-katavi\"><\/span>O\u00f9 dormir au Parc national de Katavi ?<span class=\"ez-toc-section-end\"><\/span><\/h2>\n\n\n\n<p>Le parc \u00e9tant assez \u00e9loign\u00e9, les offres d\u2019h\u00e9bergement sont assez limit\u00e9es. Voici les principaux :&nbsp;<\/p>\n\n\n\n<ul class=\"wp-block-list\"><li>Le Mbali Mbali Katavi Lodge : au centre du parc, il s\u2019agit d\u2019un lodge de luxe avec une dizaine de tentes. En choisissant les offres safari, vous avez la possibilit\u00e9 de faire deux safaris par jour.<\/li><li>Le Katavi Wildlife Camp : au bord de la plaine de Katisunga, ce lodge vous accueille \u00e9galement dans une ambiance haut de gamme avec ses tentes, ses salles de bains privatives, ses terrasses et ses hamacs.&nbsp;<\/li><li>Le Chada Katavi de Nomad Tanzania : situ\u00e9 en bordure de la plaine de Chada, il n\u2019est ouvert que pendant la saison s\u00e8che. Si le c\u0153ur vous en dit, vous pourrez dormir dans la brousse \u00e0 la belle \u00e9toile.<\/li><\/ul>\n\n\n\n<h2 class=\"wp-block-heading\"><span class=\"ez-toc-section\" id=\"le-parc-national-de-katavi-autres-informations-pratiques\"><\/span>Le Parc National de Katavi : autres informations pratiques&nbsp;<span class=\"ez-toc-section-end\"><\/span><\/h2>\n\n\n\n<p>La saison s\u00e8che (de mai \u00e0 octobre) est d\u00e9finitivement la meilleure p\u00e9riode pour admirer la faune sauvage du parc. En effet, les animaux se rassemblent autour des ressources d&rsquo;eau disponibles. Le spectacle est encore plus impressionnant \u00e0 la fin de la saison s\u00e8che, puisque la concentration des esp\u00e8ces est plus forte.&nbsp;<\/p>\n\n\n\n<p>Pendant la saison humide, le paysage change totalement. Et pour cause, la plupart des plaines sont inondables et les sentiers de randonn\u00e9e se transforment alors en lac.&nbsp;<\/p>\n","protected":false},"excerpt":{"rendered":"<p>D\u2019une superficie de 4 471 km\u00b2,&nbsp; le parc national de Katavi est la troisi\u00e8me plus grande r\u00e9serve naturelle de Tanzanie. Ici, la conservation des mammif\u00e8res vous permet d\u2019apercevoir les plus beaux pr\u00e9dateurs d\u2019Afrique. Alors que vous soyez \u00e9co-touriste, apprenti photographe, aventurier ou simplement curieux, le parc de Katavi vous comblera le temps de votre s\u00e9jour. &#8230; <a title=\"Parc National de Katavi\" class=\"read-more\" href=\"https:\/\/mistersafari.com\/fr\/safari-tanzanie\/parcs-reserves\/parc-national-katavi\/\" aria-label=\"En savoir plus sur Parc National de Katavi\">Lire la suite<\/a><\/p>\n","protected":false},"author":2,"featured_media":3552,"parent":934,"menu_order":3,"comment_status":"closed","ping_status":"closed","template":"","meta":{"_acf_changed":false,"footnotes":""},"content_type":[],"country":[],"class_list":{"0":"post-3545","1":"page","2":"type-page","3":"status-publish","4":"has-post-thumbnail","6":"no-featured-image-padding"},"acf":{"hreflang":[{"alternative_url":"https:\/\/mistersafari.com\/katavi-national-park\/","language":"en"}]},"_links":{"self":[{"href":"https:\/\/mistersafari.com\/fr\/wp-json\/wp\/v2\/pages\/3545","targetHints":{"allow":["GET"]}}],"collection":[{"href":"https:\/\/mistersafari.com\/fr\/wp-json\/wp\/v2\/pages"}],"about":[{"href":"https:\/\/mistersafari.com\/fr\/wp-json\/wp\/v2\/types\/page"}],"author":[{"embeddable":true,"href":"https:\/\/mistersafari.com\/fr\/wp-json\/wp\/v2\/users\/2"}],"replies":[{"embeddable":true,"href":"https:\/\/mistersafari.com\/fr\/wp-json\/wp\/v2\/comments?post=3545"}],"version-history":[{"count":25,"href":"https:\/\/mistersafari.com\/fr\/wp-json\/wp\/v2\/pages\/3545\/revisions"}],"predecessor-version":[{"id":6252,"href":"https:\/\/mistersafari.com\/fr\/wp-json\/wp\/v2\/pages\/3545\/revisions\/6252"}],"up":[{"embeddable":true,"href":"https:\/\/mistersafari.com\/fr\/wp-json\/wp\/v2\/pages\/934"}],"wp:featuredmedia":[{"embeddable":true,"href":"https:\/\/mistersafari.com\/fr\/wp-json\/wp\/v2\/media\/3552"}],"wp:attachment":[{"href":"https:\/\/mistersafari.com\/fr\/wp-json\/wp\/v2\/media?parent=3545"}],"wp:term":[{"taxonomy":"content_type","embeddable":true,"href":"https:\/\/mistersafari.com\/fr\/wp-json\/wp\/v2\/content_type?post=3545"},{"taxonomy":"country","embeddable":true,"href":"https:\/\/mistersafari.com\/fr\/wp-json\/wp\/v2\/country?post=3545"}],"curies":[{"name":"wp","href":"https:\/\/api.w.org\/{rel}","templated":true}]}}