{"id":3513,"date":"2021-08-03T10:08:18","date_gmt":"2021-08-03T10:08:18","guid":{"rendered":"https:\/\/mistersafari.com\/fr\/safari-ouganda\/quand-partir-en-ouganda\/"},"modified":"2021-09-27T14:19:23","modified_gmt":"2021-09-27T14:19:23","slug":"quand-partir","status":"publish","type":"page","link":"https:\/\/mistersafari.com\/fr\/safari-ouganda\/quand-partir\/","title":{"rendered":"Quand partir en Ouganda ?"},"content":{"rendered":"\n<p>C\u2019est bon, vous l\u2019avez d\u00e9cid\u00e9 : direction l\u2019Ouganda pour votre prochain voyage ? Ce pays aux multiples visages vous charmera. Entre plaines semi-arides et for\u00eats luxuriantes, lacs et montagnes, il y en aura pour tous les go\u00fbts. Pour profiter pleinement de votre s\u00e9jour, vous vous demandez s\u00fbrement quand partir en Ouganda. Suivez le guide.<\/p>\n\n\n<div id=\"ez-toc-container\" class=\"ez-toc-v2_0_76 counter-flat ez-toc-counter ez-toc-custom ez-toc-container-direction\">\n<div class=\"ez-toc-title-container\"><p class=\"ez-toc-title\" style=\"cursor:inherit\">Sommaire<\/p>\n<\/div><nav><ul class='ez-toc-list ez-toc-list-level-1 ' ><li class='ez-toc-page-1'><a class=\"ez-toc-link ez-toc-heading-1\" href=\"https:\/\/mistersafari.com\/fr\/safari-ouganda\/quand-partir\/#quand-partir-en-ouganda-les-meilleurs-mois\">Quand partir en Ouganda : les meilleurs mois<\/a><\/li><li class='ez-toc-page-1'><a class=\"ez-toc-link ez-toc-heading-2\" href=\"https:\/\/mistersafari.com\/fr\/safari-ouganda\/quand-partir\/#la-meteo-et-le-climat-en-ouganda\">La m\u00e9t\u00e9o et le climat en Ouganda<\/a><\/li><li class='ez-toc-page-1'><a class=\"ez-toc-link ez-toc-heading-3\" href=\"https:\/\/mistersafari.com\/fr\/safari-ouganda\/quand-partir\/#quand-partir-en-ouganda-en-fonction-des-activites\">Quand partir en Ouganda en fonction des activit\u00e9s<\/a><\/li><\/ul><\/nav><\/div>\n\n\n\n\n<h2 class=\"wp-block-heading\"><span class=\"ez-toc-section\" id=\"quand-partir-en-ouganda-les-meilleurs-mois\"><\/span>Quand partir en Ouganda : les meilleurs mois<span class=\"ez-toc-section-end\"><\/span><\/h2>\n\n\n\n<p>2 grandes saisons caract\u00e9risent le climat de l\u2019Ouganda :<\/p>\n\n\n\n<ul class=\"wp-block-list\"><li>la saison s\u00e8che de d\u00e9cembre \u00e0 f\u00e9vrier puis de juin \u00e0 ao\u00fbt ;<\/li><li>la saison des pluies de mars \u00e0 mai puis de septembre \u00e0 novembre.<\/li><\/ul>\n\n\n\n<p>En fonction de l\u2019endroit o\u00f9 vous vous rendez, il peut y avoir 2 saisons s\u00e8ches et 2 saisons des pluies ou juste 1 saison s\u00e8che et 1 saison des pluies. Il est donc important de se renseigner au pr\u00e9alable sur le temps pr\u00e9vu et les saisons pour chaque r\u00e9gion que vous visitez.<\/p>\n\n\n\n<p>On vous a fait un tableau r\u00e9capitulatif pour vous aider \u00e0 choisir le meilleur moment pour partir en Ouganda :<\/p>\n\n\n\n<figure class=\"wp-block-table\"><table class=\"has-fixed-layout\"><thead><tr><th class=\"has-text-align-center\" data-align=\"center\">Janv<\/th><th class=\"has-text-align-center\" data-align=\"center\">F\u00e9vr<\/th><th class=\"has-text-align-center\" data-align=\"center\">Mars<\/th><th class=\"has-text-align-center\" data-align=\"center\">Avr<\/th><th class=\"has-text-align-center\" data-align=\"center\">Mai<\/th><th class=\"has-text-align-center\" data-align=\"center\">Juin<\/th><th class=\"has-text-align-center\" data-align=\"center\">Juill<\/th><th class=\"has-text-align-center\" data-align=\"center\">Ao\u00fbt<\/th><th class=\"has-text-align-center\" data-align=\"center\">Sept<\/th><th class=\"has-text-align-center\" data-align=\"center\">Octo<\/th><th class=\"has-text-align-center\" data-align=\"center\">Nov<\/th><th class=\"has-text-align-center\" data-align=\"center\">D\u00e9c<\/th><\/tr><\/thead><tbody><tr><td class=\"has-text-align-center\" data-align=\"center\">***<\/td><td class=\"has-text-align-center\" data-align=\"center\">***<\/td><td class=\"has-text-align-center\" data-align=\"center\">**<\/td><td class=\"has-text-align-center\" data-align=\"center\">*<\/td><td class=\"has-text-align-center\" data-align=\"center\">*<\/td><td class=\"has-text-align-center\" data-align=\"center\">*<\/td><td class=\"has-text-align-center\" data-align=\"center\">**<\/td><td class=\"has-text-align-center\" data-align=\"center\">**<\/td><td class=\"has-text-align-center\" data-align=\"center\">*<\/td><td class=\"has-text-align-center\" data-align=\"center\">*<\/td><td class=\"has-text-align-center\" data-align=\"center\">**<\/td><td class=\"has-text-align-center\" data-align=\"center\">***<\/td><\/tr><\/tbody><\/table><figcaption>Les meilleurs mois pour partir en Ouganda<\/figcaption><\/figure>\n\n\n\n<p>L\u2019Ouganda est une destination id\u00e9ale pour faire des safaris : vous retrouverez des animaux sauvages comme le gorille, le lion arboricole, ou la grue royale (le symbole de l\u2019Ouganda.) Ce pays d\u2019une superficie de 240 000 km<sup>2&nbsp; <\/sup>est surnomm\u00e9 la \u00ab Perle de l\u2019Afrique \u00bb.<\/p>\n\n\n\n<p>L\u2019avantage de visiter l\u2019Ouganda est que le pays est encore pr\u00e9serv\u00e9 du tourisme de masse. C\u2019est donc une vraie aventure de se lancer dans ce voyage. Partez \u00e0 la d\u00e9couverte de ce bijou du continent africain et de ses parcs nationaux l\u00e9gendaires !<\/p>\n\n\n\n<h2 class=\"wp-block-heading\"><span class=\"ez-toc-section\" id=\"la-meteo-et-le-climat-en-ouganda\"><\/span>La m\u00e9t\u00e9o et le climat en Ouganda<span class=\"ez-toc-section-end\"><\/span><\/h2>\n\n\n\n<h3 class=\"wp-block-heading\">Les temp\u00e9ratures<\/h3>\n\n\n\n<p>Les temp\u00e9ratures oscillent entre 20 et 30 degr\u00e9s toute l\u2019ann\u00e9e. C\u2019est au Nord qu\u2019il fait le plus sec, car la zone est semi-aride. Pour des temp\u00e9ratures un peu plus rafra\u00eechissantes, rendez-vous en altitude avec les monts Rwenzori, aussi appel\u00e9s \u00ab montagnes de la lune \u00bb.<\/p>\n\n\n\n<p>Quelles sont les temp\u00e9ratures moyennes en fonction des saisons ? Les temp\u00e9ratures sont relativement stables toute l\u2019ann\u00e9e, car l\u2019Ouganda est situ\u00e9 au niveau de l\u2019\u00c9quateur. La journ\u00e9e, la moyenne est de 26 degr\u00e9s tandis que la nuit, la temp\u00e9rature est aux alentours 16 degr\u00e9s. Vous pourrez avoir des pics de chaleur en d\u00e9cembre et janvier : on atteint souvent les 30 degr\u00e9s \u00e0 cette p\u00e9riode.<\/p>\n\n\n\n<h3 class=\"wp-block-heading\">La m\u00e9t\u00e9o selon les r\u00e9gions<\/h3>\n\n\n\n<p>En fonction du coin que vous visitez en Ouganda, la m\u00e9t\u00e9o diff\u00e8re. Il est donc n\u00e9cessaire de se renseigner sur l\u2019endroit pr\u00e9cis o\u00f9 vous vous rendez. En effet, la dur\u00e9e de la saison des pluies n\u2019est pas la m\u00eame dans toutes les r\u00e9gions.<\/p>\n\n\n\n<p>Au Nord, vous trouverez <a href=\"https:\/\/mistersafari.com\/fr\/safari-ouganda\/parcs-reserves\/parc-national-kidepo\/\" data-type=\"page\" data-id=\"3389\">le parc national de Kidepo Valley<\/a>. Au nord-est, c\u2019est la r\u00e9serve de Matheniko qui s\u2019offre \u00e0 vous. Dans cette partie de l\u2019Ouganda, il est pr\u00e9f\u00e9rable d\u2019\u00e9viter les pluies. Vous n\u2019avez qu\u2019un petit cr\u00e9neau pour vous y rendre quand le temps est relativement sec : de novembre \u00e0 f\u00e9vrier. En effet, la saison des pluies dure 8 mois de mars \u00e0 octobre !<\/p>\n\n\n\n<div class=\"wp-block-image\"><figure class=\"aligncenter size-full\"><picture><source srcset=\"https:\/\/mistersafari.com\/fr\/wp-content\/uploads\/sites\/2\/pluie-ouganda.webp 1200w,https:\/\/mistersafari.com\/fr\/wp-content\/uploads\/sites\/2\/pluie-ouganda-300x223.webp 300w,https:\/\/mistersafari.com\/fr\/wp-content\/uploads\/sites\/2\/pluie-ouganda-1024x762.webp 1024w,https:\/\/mistersafari.com\/fr\/wp-content\/uploads\/sites\/2\/pluie-ouganda-768x572.webp 768w\" sizes=\"auto, (max-width: 1200px) 100vw, 1200px\" type=\"image\/webp\"><img src=\"https:\/\/mistersafari.com\/fr\/wp-content\/uploads\/sites\/2\/pluie-ouganda.jpg\" height=\"893\" width=\"1200\" srcset=\"https:\/\/mistersafari.com\/fr\/wp-content\/uploads\/sites\/2\/pluie-ouganda.jpg 1200w, https:\/\/mistersafari.com\/fr\/wp-content\/uploads\/sites\/2\/pluie-ouganda-300x223.jpg 300w, https:\/\/mistersafari.com\/fr\/wp-content\/uploads\/sites\/2\/pluie-ouganda-1024x762.jpg 1024w, https:\/\/mistersafari.com\/fr\/wp-content\/uploads\/sites\/2\/pluie-ouganda-768x572.jpg 768w\" sizes=\"auto, (max-width: 1200px) 100vw, 1200px\" class=\"wp-image-4358 sp-no-webp\" alt=\"saison de pluie au Ouganda\" loading=\"lazy\" decoding=\"async\"  > <\/picture><\/figure><\/div>\n\n\n\n<p>\u00c0 l\u2019est de l\u2019Ouganda, <a href=\"https:\/\/mistersafari.com\/fr\/safari-ouganda\/parcs-reserves\/parc-national-kibale\/\" data-type=\"page\" data-id=\"3384\">le parc de Kibale<\/a>, la cascade de Sipi et le parc national du mont Elgon sont des lieux magiques \u00e0 visiter. Mais gare \u00e0 la pluie : les mois de mars \u00e0 juin sont d\u00e9conseill\u00e9s. Les animaux sauvages seront plus rares si la pluie d\u00e9ferle lors de votre voyage.<\/p>\n\n\n\n<p>Le sud de l\u2019Ouganda regorge de parcs et de lacs \u00e0 couper le souffle. Les plus connus sont le <a href=\"https:\/\/mistersafari.com\/fr\/safari-ouganda\/parcs-reserves\/foret-impenetrable-bwindi\/\" data-type=\"page\" data-id=\"3392\">parc national de Bwindi<\/a> et l\u2019incontournable lac Victoria. Pour profiter au mieux de votre s\u00e9jour, on vous conseille les mois de juin \u00e0 septembre et de d\u00e9cembre \u00e0 f\u00e9vrier.<\/p>\n\n\n\n<p>Il est interdit de se baigner dans le lac Victoria, car vous pourriez attraper la <a href=\"https:\/\/fr.wikipedia.org\/wiki\/Bilharziose\" target=\"_blank\" data-type=\"URL\" data-id=\"https:\/\/fr.wikipedia.org\/wiki\/Bilharziose\" rel=\"noreferrer noopener\">bilharziose<\/a>, une infection parasitaire dangereuse.<\/p>\n\n\n\n<p>L\u2019ouest de l\u2019Ouganda est l\u2019endroit o\u00f9 la saison des pluies est la plus br\u00e8ve. On peut donc y aller \u00e0 toutes les p\u00e9riodes de l\u2019ann\u00e9e mis \u00e0 part les mois de mars \u00e0 juin. Dans cette partie du pays, vous retrouverez le parc de <a href=\"https:\/\/mistersafari.com\/fr\/safari-ouganda\/parcs-reserves\/parc-national-murchison-falls\/\" data-type=\"page\" data-id=\"3386\">Murchison Falls<\/a> ou encore la r\u00e9serve de Budongo.<\/p>\n\n\n\n<h2 class=\"wp-block-heading\"><span class=\"ez-toc-section\" id=\"quand-partir-en-ouganda-en-fonction-des-activites\"><\/span>Quand partir en Ouganda en fonction des activit\u00e9s<span class=\"ez-toc-section-end\"><\/span><\/h2>\n\n\n\n<p>Chaque p\u00e9riode de l\u2019ann\u00e9e a son charme en Ouganda. Avec un peu de chance, vous passerez entre les gouttes. Le choix du mois de d\u00e9part d\u00e9pendra de vos disponibilit\u00e9s, de la r\u00e9gion visit\u00e9e et des activit\u00e9s que vous souhaitez faire.<\/p>\n\n\n\n<p>Si vous voulez vous retrouver seul au monde et profiter des <a href=\"https:\/\/mistersafari.com\/fr\/safari-ouganda\/\" data-type=\"page\" data-id=\"2815\">safaris typiques de l\u2019Ouganda<\/a>, venez hors saison. En plus de prix plus bas, les lieux touristiques seront d\u00e9serts. Pendant la pleine saison, ne vous attendez pas non plus \u00e0 une horde de vacanciers. Contrairement au Kenya ou la Tanzanie, le pays est peu fr\u00e9quent\u00e9 par les touristes.<\/p>\n\n\n\n<p>Notre coup de c\u0153ur de l\u2019Ouganda est le lac Victoria. Au lever ou au coucher de soleil, c\u2019est un panorama de r\u00eave qui s\u2019offre \u00e0 vous depuis les bords de ce somptueux lac. Ne manquez pas non plus la visite des \u00eeles Sese au nord-ouest du lac Victoria.<\/p>\n","protected":false},"excerpt":{"rendered":"<p>C\u2019est bon, vous l\u2019avez d\u00e9cid\u00e9 : direction l\u2019Ouganda pour votre prochain voyage ? Ce pays aux multiples visages vous charmera. Entre plaines semi-arides et for\u00eats luxuriantes, lacs et montagnes, il y en aura pour tous les go\u00fbts. Pour profiter pleinement de votre s\u00e9jour, vous vous demandez s\u00fbrement quand partir en Ouganda. Suivez le guide. Quand &#8230; <a title=\"Quand partir en Ouganda ?\" class=\"read-more\" href=\"https:\/\/mistersafari.com\/fr\/safari-ouganda\/quand-partir\/\" aria-label=\"En savoir plus sur Quand partir en Ouganda ?\">Lire la suite<\/a><\/p>\n","protected":false},"author":3,"featured_media":4365,"parent":2815,"menu_order":1,"comment_status":"closed","ping_status":"closed","template":"","meta":{"_acf_changed":false,"footnotes":""},"content_type":[],"country":[34],"class_list":{"0":"post-3513","1":"page","2":"type-page","3":"status-publish","4":"has-post-thumbnail","6":"country-ouganda","7":"no-featured-image-padding"},"acf":{"hreflang":null},"_links":{"self":[{"href":"https:\/\/mistersafari.com\/fr\/wp-json\/wp\/v2\/pages\/3513","targetHints":{"allow":["GET"]}}],"collection":[{"href":"https:\/\/mistersafari.com\/fr\/wp-json\/wp\/v2\/pages"}],"about":[{"href":"https:\/\/mistersafari.com\/fr\/wp-json\/wp\/v2\/types\/page"}],"author":[{"embeddable":true,"href":"https:\/\/mistersafari.com\/fr\/wp-json\/wp\/v2\/users\/3"}],"replies":[{"embeddable":true,"href":"https:\/\/mistersafari.com\/fr\/wp-json\/wp\/v2\/comments?post=3513"}],"version-history":[{"count":12,"href":"https:\/\/mistersafari.com\/fr\/wp-json\/wp\/v2\/pages\/3513\/revisions"}],"predecessor-version":[{"id":4477,"href":"https:\/\/mistersafari.com\/fr\/wp-json\/wp\/v2\/pages\/3513\/revisions\/4477"}],"up":[{"embeddable":true,"href":"https:\/\/mistersafari.com\/fr\/wp-json\/wp\/v2\/pages\/2815"}],"wp:featuredmedia":[{"embeddable":true,"href":"https:\/\/mistersafari.com\/fr\/wp-json\/wp\/v2\/media\/4365"}],"wp:attachment":[{"href":"https:\/\/mistersafari.com\/fr\/wp-json\/wp\/v2\/media?parent=3513"}],"wp:term":[{"taxonomy":"content_type","embeddable":true,"href":"https:\/\/mistersafari.com\/fr\/wp-json\/wp\/v2\/content_type?post=3513"},{"taxonomy":"country","embeddable":true,"href":"https:\/\/mistersafari.com\/fr\/wp-json\/wp\/v2\/country?post=3513"}],"curies":[{"name":"wp","href":"https:\/\/api.w.org\/{rel}","templated":true}]}}