{"id":3392,"date":"2021-07-16T15:05:00","date_gmt":"2021-07-16T13:05:23","guid":{"rendered":"https:\/\/mistersafari.com\/fr\/safari-ouganda\/parcs-reserves\/foret-impenetrable-de-bwindi\/"},"modified":"2021-08-02T09:07:40","modified_gmt":"2021-08-02T09:07:40","slug":"foret-impenetrable-bwindi","status":"publish","type":"page","link":"https:\/\/mistersafari.com\/fr\/safari-ouganda\/parcs-reserves\/foret-impenetrable-bwindi\/","title":{"rendered":"For\u00eat Imp\u00e9n\u00e9trable de Bwindi"},"content":{"rendered":"\n<p>C\u2019est dans le sud-ouest de l\u2019Ouganda, en Afrique que se situe le Parc national de Bwindi. Il s\u2019\u00e9tend sur plus de 32 000 hectares. Sa biodiversit\u00e9 est impressionnante et offre un environnement remarquable \u00e0 de nombreuses esp\u00e8ces animales. \u00c9galement appel\u00e9 \u00ab Perle d\u2019Afrique \u00bb gr\u00e2ce \u00e0 la richesse de ses terres, l\u2019Ouganda pr\u00e9serve avec soin sa for\u00eat. Le pays compte au total plus de dix Parcs nationaux et un tr\u00e8s grand nombre de zones prot\u00e9g\u00e9es.<\/p>\n\n\n<div id=\"ez-toc-container\" class=\"ez-toc-v2_0_76 counter-flat ez-toc-counter ez-toc-custom ez-toc-container-direction\">\n<div class=\"ez-toc-title-container\"><p class=\"ez-toc-title\" style=\"cursor:inherit\">Sommaire<\/p>\n<\/div><nav><ul class='ez-toc-list ez-toc-list-level-1 ' ><li class='ez-toc-page-1'><a class=\"ez-toc-link ez-toc-heading-1\" href=\"https:\/\/mistersafari.com\/fr\/safari-ouganda\/parcs-reserves\/foret-impenetrable-bwindi\/#pourquoi-se-rendre-au-parc-national-de-la-foret-impenetrable-bwindi\">Pourquoi se rendre au Parc national de la for\u00eat imp\u00e9n\u00e9trable Bwindi ?<\/a><\/li><li class='ez-toc-page-1'><a class=\"ez-toc-link ez-toc-heading-2\" href=\"https:\/\/mistersafari.com\/fr\/safari-ouganda\/parcs-reserves\/foret-impenetrable-bwindi\/#comment-visiter-le-parc-de-la-foret-impenetrable-de-bwindi\">Comment visiter le parc de la for\u00eat imp\u00e9n\u00e9trable de Bwindi ?<\/a><\/li><li class='ez-toc-page-1'><a class=\"ez-toc-link ez-toc-heading-3\" href=\"https:\/\/mistersafari.com\/fr\/safari-ouganda\/parcs-reserves\/foret-impenetrable-bwindi\/#le-parc-national-de-bwindi-tarif-et-reglementation\">Le parc national de Bwindi : tarif et r\u00e9glementation<\/a><\/li><li class='ez-toc-page-1'><a class=\"ez-toc-link ez-toc-heading-4\" href=\"https:\/\/mistersafari.com\/fr\/safari-ouganda\/parcs-reserves\/foret-impenetrable-bwindi\/#ou-dormir-au-parc-de-bwindi\">O\u00f9 dormir au parc de Bwindi ?<\/a><\/li><li class='ez-toc-page-1'><a class=\"ez-toc-link ez-toc-heading-5\" href=\"https:\/\/mistersafari.com\/fr\/safari-ouganda\/parcs-reserves\/foret-impenetrable-bwindi\/#la-forete-impenetrable-de-bwindi-autres-informations-pratiques\">La for\u00eate imp\u00e9n\u00e9trable de Bwindi : autres informations pratiques<\/a><\/li><\/ul><\/nav><\/div>\n\n\n\n\n<h2 class=\"wp-block-heading\"><span class=\"ez-toc-section\" id=\"pourquoi-se-rendre-au-parc-national-de-la-foret-impenetrable-bwindi\"><\/span>Pourquoi se rendre au Parc national de la for\u00eat imp\u00e9n\u00e9trable Bwindi ?<span class=\"ez-toc-section-end\"><\/span><\/h2>\n\n\n\n<h3 class=\"wp-block-heading\">Une vari\u00e9t\u00e9 d\u2019esp\u00e8ces incroyable<\/h3>\n\n\n\n<p>La nature florissante de la for\u00eat imp\u00e9n\u00e9trable est un des \u00e9cosyst\u00e8mes les plus riches du continent africain : on y trouve plus de 100 esp\u00e8ces d\u2019arbres, 348 esp\u00e8ces d&rsquo;oiseaux, 120 esp\u00e8ces de mammif\u00e8res, 220 esp\u00e8ces de papillons et de nombreuses esp\u00e8ces menac\u00e9es. La beaut\u00e9 de ce parc lui vaut une place au patrimoine mondial de l\u2019UNESCO (Organisation des Nations Unies pour l&rsquo;\u00c9ducation, la Science et la Culture). Ainsi, le Parc National de Bwindi est un incontournable du safari en Ouganda.<\/p>\n\n\n\n<p class=\"callout-green\">Attention les yeux, si vous avez la chance de p\u00e9n\u00e9trer dans cette for\u00eat : l\u2019ambiance tropicale cr\u00e9e une atmosph\u00e8re particuli\u00e8rement merveilleuse. <\/p>\n\n\n\n<p>La for\u00eat imp\u00e9n\u00e9trable de Bwindi et ses reliefs culminent jusqu\u2019\u00e0 2 607 m\u00e8tres. Bien qu\u2019elle soit \u00e2g\u00e9e de plus de 25 000 ans, un souffle nouveau vous envahit lors de votre voyage en Ouganda.<\/p>\n\n\n\n<p>L\u2019omnipr\u00e9sence de l\u2019eau apporte beaucoup de brume pendant les randonn\u00e9es, ce qui rend l\u2019exp\u00e9rience encore plus prenante et mystique.<\/p>\n\n\n\n<h3 class=\"wp-block-heading\">La rencontre avec les gorilles du Parc national de Bwindi<\/h3>\n\n\n\n<p>Lors de votre voyage, pr\u00e9parez-vous \u00e0 effectuer la randonn\u00e9e la plus spectaculaire de votre vie. En effet, pendant l\u2019ascension, de nombreux primates viennent \u00e0 votre rencontre. Le Parc national de Bwindi est \u00e9galement r\u00e9put\u00e9 pour h\u00e9berger des gorilles.  Pr\u00e8s de la moiti\u00e9 de la population mondiale des gorilles de montagne se trouve au sein du Parc national de la for\u00eat imp\u00e9n\u00e9trable de Bwindi.<\/p>\n\n\n\n<div class=\"wp-block-image\"><figure class=\"aligncenter size-large\"><img loading=\"lazy\" decoding=\"async\" width=\"1024\" height=\"683\" src=\"https:\/\/mk0mistersafarimcosm.kinstacdn.com\/wp-content\/uploads\/sites\/2\/gorille-bwindi-1024x683.jpg\" alt=\"\" class=\"wp-image-3445\" srcset=\"https:\/\/mistersafari.com\/fr\/wp-content\/uploads\/sites\/2\/gorille-bwindi-1024x683.jpg 1024w, https:\/\/mistersafari.com\/fr\/wp-content\/uploads\/sites\/2\/gorille-bwindi-300x200.jpg 300w, https:\/\/mistersafari.com\/fr\/wp-content\/uploads\/sites\/2\/gorille-bwindi-768x512.jpg 768w, https:\/\/mistersafari.com\/fr\/wp-content\/uploads\/sites\/2\/gorille-bwindi.jpg 1200w\" sizes=\"auto, (max-width: 1024px) 100vw, 1024px\" \/><figcaption>Les gorilles de Bwindi<\/figcaption><\/figure><\/div>\n\n\n\n<p>C\u2019est une exp\u00e9rience riche en \u00e9motions apr\u00e8s avoir arpent\u00e9 les sentiers boueux pendant plusieurs heures. Observez les g\u00e9ants de la for\u00eat se reposer, manger et m\u00eame jouer sous vos yeux.<\/p>\n\n\n\n<h3 class=\"wp-block-heading\">Les autres esp\u00e8ces \u00e0 observer dans la for\u00eat imp\u00e9n\u00e9trable de Bwindi<\/h3>\n\n\n\n<p>Outre les gorilles qui attirent l\u2019int\u00e9r\u00eat principal des visiteurs, il est possible de rencontrer des chimpanz\u00e9s, des singes Colobe blancs et noirs, des singes \u00e0 queue rouge, des singes bleus, des singes velours et des babouins. De plus, sur votre chemin, d\u2019autres animaux vous accompagnent : les cochons sauvages, les phacoch\u00e8res g\u00e9ants des for\u00eats, plusieurs antilopes et les \u00e9l\u00e9phants !<\/p>\n\n\n\n<h2 class=\"wp-block-heading\"><span class=\"ez-toc-section\" id=\"comment-visiter-le-parc-de-la-foret-impenetrable-de-bwindi\"><\/span>Comment visiter le parc de la for\u00eat imp\u00e9n\u00e9trable de Bwindi ?<span class=\"ez-toc-section-end\"><\/span><\/h2>\n\n\n\n<h3 class=\"gb-headline gb-headline-a068cf81 gb-headline-text\">Comment s&rsquo;y rendre ?<\/h3>\n\n\n\n<p>Il existe 4 pistes de trek dans le parc, qui sont accessibles depuis diff\u00e9rentes villes d&rsquo;Ouganda. Comptez environ :<\/p>\n\n\n\n<ul class=\"wp-block-list\"><li>3 \u00e0 5 heures de route depuis Queen Elizabeth ;<\/li><li>5 \u00e0 7 heures de route depuis Lake Mburo ;<\/li><li>8 \u00e0 10 heures de route depuis Kampala ou Entebbe.<\/li><\/ul>\n\n\n\n<p>Il est aussi possible de s&rsquo;y rendre en avion avec les a\u00e9roports de Kihihi ou Kisoro.<\/p>\n\n\n\n<h3 class=\"wp-block-heading\">Le permis pour voir les gorilles<\/h3>\n\n\n\n<p>Il est primordial, faute de place, de r\u00e9server aupr\u00e8s de<a href=\"https:\/\/www.ugandawildlife.org\/\" target=\"_blank\" rel=\"noreferrer noopener\"> l&rsquo;Ouganda Wildlife Authority Service<\/a>, \u00e0 Kampala si vous souhaitez observer les grands singes.<\/p>\n\n\n\n<p>Les <a href=\"https:\/\/mistersafari.com\/fr\/safari-ouganda\/\">safaris en Ouganda<\/a>, en R\u00e9publique D\u00e9mocratique du Congo et au <a href=\"https:\/\/mistersafari.com\/fr\/safari-rwanda\/\">Rwanda<\/a> sont r\u00e9put\u00e9s comme luxueux car le prix monte rapidement avec l\u2019obtention du permis. Tout voyageur ayant l\u2019intention de faire des randonn\u00e9es aupr\u00e8s de ces animaux impressionnants doit l\u2019avoir en sa possession. Il permet d\u2019acc\u00e9der et d\u2019interagir avec cette esp\u00e8ce menac\u00e9e dans son habitat naturel.<\/p>\n\n\n\n<h2 class=\"gb-headline gb-headline-5540b9e6 gb-headline-text\"><span class=\"ez-toc-section\" id=\"le-parc-national-de-bwindi-tarif-et-reglementation\"><\/span>Le parc national de Bwindi : tarif et r\u00e9glementation<span class=\"ez-toc-section-end\"><\/span><\/h2>\n\n\n\n<h3 class=\"wp-block-heading\">Le permis d&rsquo;entr\u00e9e<\/h3>\n\n\n\n<p>Nous l&rsquo;avons d\u00e9j\u00e0 mentionn\u00e9, mais le parc de Bwindi est un parc dont l&rsquo;entr\u00e9e est assez ch\u00e8re par rapport \u00e0 d&rsquo;autres parcs.  Ainsi, pour acc\u00e9der au Parc national de la for\u00eat imp\u00e9n\u00e9trable de Bwindi, le permis co\u00fbte 592 euros en 2021 : il a pour but de limiter le tourisme de masse et pr\u00e9server la tranquillit\u00e9 des gorilles.<\/p>\n\n\n\n<h3 class=\"wp-block-heading\">R\u00e9glementation<\/h3>\n\n\n\n<p><meta charset=\"utf-8\">Vous \u00eates amen\u00e9s \u00e0 croiser beaucoup d\u2019esp\u00e8ces menac\u00e9es tout le long de votre visite du Parc national de la for\u00eat imp\u00e9n\u00e9trable de Bwindi. La faune riche et fragile \u00e9merveille les amoureux de la nature et fait comprendre qu&rsquo;il est primordial de prot\u00e9ger cet environnement.<\/p>\n\n\n\n<div class=\"wp-block-image\"><figure class=\"aligncenter size-large\"><picture><source srcset=\"https:\/\/mistersafari.com\/fr\/wp-content\/uploads\/sites\/2\/foret-bwindi-1024x683.webp 1024w,https:\/\/mistersafari.com\/fr\/wp-content\/uploads\/sites\/2\/foret-bwindi-300x200.webp 300w,https:\/\/mistersafari.com\/fr\/wp-content\/uploads\/sites\/2\/foret-bwindi-768x512.webp 768w,https:\/\/mistersafari.com\/fr\/wp-content\/uploads\/sites\/2\/foret-bwindi.webp 1200w\" sizes=\"auto, (max-width: 1024px) 100vw, 1024px\" type=\"image\/webp\"><img src=\"https:\/\/mistersafari.com\/fr\/wp-content\/uploads\/sites\/2\/foret-bwindi-1024x683.jpg\" height=\"683\" width=\"1024\" srcset=\"https:\/\/mistersafari.com\/fr\/wp-content\/uploads\/sites\/2\/foret-bwindi-1024x683.jpg 1024w, https:\/\/mistersafari.com\/fr\/wp-content\/uploads\/sites\/2\/foret-bwindi-300x200.jpg 300w, https:\/\/mistersafari.com\/fr\/wp-content\/uploads\/sites\/2\/foret-bwindi-768x512.jpg 768w, https:\/\/mistersafari.com\/fr\/wp-content\/uploads\/sites\/2\/foret-bwindi.jpg 1200w\" sizes=\"auto, (max-width: 1024px) 100vw, 1024px\" class=\"wp-image-3449 sp-no-webp\" alt=\"for\u00eat du parc de bwindi\" loading=\"lazy\" decoding=\"async\"  > <\/picture><figcaption>Une for\u00eat dense et majestueuse<\/figcaption><\/figure><\/div>\n\n\n\n<p>Le Parc est contr\u00f4l\u00e9 et r\u00e9glement\u00e9 par les autorit\u00e9s ougandaises, un certain nombre de r\u00e8gles doivent donc \u00eatre respect\u00e9es pour pr\u00e9server la faune et la flore et garantir la s\u00e9curit\u00e9 des voyageurs lors de leur safari.<\/p>\n\n\n\n<p>En voici une liste non exhaustive :<\/p>\n\n\n\n<ul class=\"wp-block-list\"><li>Si vous croisez un animal sauvage, il faudra couper votre moteur et le laisser continuer son chemin ;<\/li><li>La vitesse de conduite est limit\u00e9e ;<\/li><li>Il est important de garder une distance de s\u00e9curit\u00e9 avec les animaux sauvages ; <\/li><li>Il est strictement interdit de pr\u00e9lever un animal ou un v\u00e9g\u00e9tal ; <\/li><li>Il est interdit de nourrir ou perturber la vie animale, un safari doit se faire dans le respect de la vie sauvage ;<\/li><li>Il est interdit de sortir de son v\u00e9hicule en dehors des zones balis\u00e9es ;<\/li><li>Les animaux domestiques ne sont pas autoris\u00e9s lors d\u2019un safari ; <\/li><li>Les armes \u00e0 feu sont strictement interdites au sein du parc ; <\/li><li>Aucun d\u00e9chet ne doit \u00eatre laiss\u00e9 derri\u00e8re vous.<\/li><\/ul>\n\n\n\n<p>La protection environnementale est au c\u0153ur des pr\u00e9occupations des gardes forestiers qui s\u2019engagent \u00e0 veiller sur les esp\u00e8ces dans leur habitat naturel. Les voyageurs sont bien \u00e9videmment sensibles \u00e0 cette notion de respect tout le long du safari.<\/p>\n\n\n\n<h3 class=\"wp-block-heading\">Les autres d\u00e9penses \u00e0 pr\u00e9voir<\/h3>\n\n\n\n<h4 class=\"wp-block-heading\">Les rangers et trackers<\/h4>\n\n\n\n<p>Afin de passer un safari en toute tranquillit\u00e9, comptez \u00e9galement dans votre budget la visite faite par un professionnel. Tout d\u2019abord, des pisteurs v\u00e9rifient dans la jungle la pr\u00e9sence des gorilles de montagne. Une fois rep\u00e9r\u00e9s, ils informent les rangers sur les directions \u00e0 prendre afin d\u2019\u00e9viter aux voyageurs de faire une randonn\u00e9e de 5 heures. Les pisteurs suivent \u00e9galement les animaux pour ne pas les perdre de vue et font part de leur position tout le long de la journ\u00e9e. Une formation en d\u00e9fense et en conservation est n\u00e9cessaire pour faire leur m\u00e9tier afin de garantir la s\u00e9curit\u00e9 des voyageurs et des singes.<\/p>\n\n\n\n<h4 class=\"wp-block-heading\">Les porteurs de Bwindi<\/h4>\n\n\n\n<p>Ils sont d\u2019une aide pr\u00e9cieuse en fonction de votre condition physique. En effet, il est pr\u00e9f\u00e9rable d\u2019en avoir un \u00e0 ses c\u00f4t\u00e9s lors du safari car certaines parties de la randonn\u00e9e sont dangereuses. Le porteur prend votre sac \u00e0 dos et vous soutient en cas de pente glissante ou de mont\u00e9e fatigante. Le seul effort restant \u00e0 faire est d\u2019ouvrir l\u2019\u0153il pour apercevoir les chimpanz\u00e9s se balancer entre les branches des arbres.<\/p>\n\n\n\n<p>Au-del\u00e0 de la pr\u00e9sence d\u2019un ranger, qui est pr\u00e9vue dans l\u2019achat du \u201cpermis gorilles\u201d, les pourboires pour les acteurs de la randonn\u00e9e sont \u00e0 anticiper. Ils permettent de souligner votre appr\u00e9ciation pour le service qui vous a \u00e9t\u00e9 offert. Bien \u00e9videmment, le montant est au choix des randonneurs.<\/p>\n\n\n\n<p>Pr\u00e9voyez enfin avant de partir un bon \u00e9quipement dans votre <a href=\"https:\/\/mistersafari.com\/fr\/blog\/preparer-valise-safari\/\" data-type=\"post\" data-id=\"2648\">valise<\/a> afin de marcher toute la journ\u00e9e dans la for\u00eat \u00e0 la recherche de ces animaux majestueux : des chaussures confortables qui agrippent le sol sont recommand\u00e9es. En effet, le terrain est glissant \u00e0 cause des pluies quotidiennes.<\/p>\n\n\n\n<h2 class=\"wp-block-heading\"><span class=\"ez-toc-section\" id=\"ou-dormir-au-parc-de-bwindi\"><\/span>O\u00f9 dormir au parc de Bwindi ?<span class=\"ez-toc-section-end\"><\/span><\/h2>\n\n\n\n<p>Pour loger lors de votre safari au parc de Bwindi, nous vous conseillons de choisir un des lodges les plus proches. Le parc est assez recul\u00e9, et n&rsquo;offre pas des dizaines d&rsquo;options comme c&rsquo;est le cas dans des parcs beaucoup plus visit\u00e9s en Afrique (le <a href=\"https:\/\/mistersafari.com\/fr\/safari-afrique-du-sud\/parcs-reserves\/parc-kruger\/\" data-type=\"page\" data-id=\"1113\">parc Kruger<\/a> ou encore le <a href=\"https:\/\/mistersafari.com\/fr\/safari-kenya\/parcs-reserves\/masai-mara\/\" data-type=\"page\" data-id=\"536\">Masai Mara<\/a> par exemple). <\/p>\n\n\n\n<p>Voici une s\u00e9lection non exhaustive de lodges \u00e0 envisager :<\/p>\n\n\n\n<ul class=\"wp-block-list\"><li>Rushaga Gorilla Camp ;<\/li><li>Broadbill Forest Camp ;<\/li><li>Buhoma Community Haven Lodge ;<\/li><li>Volcanoes Bwindi Lodge.<\/li><\/ul>\n\n\n\n<p>Retenez que vous pourrez aussi opter pour un camp (en tente) et pas uniquement pour des lodges.<\/p>\n\n\n\n<h2 class=\"wp-block-heading\"><span class=\"ez-toc-section\" id=\"la-forete-impenetrable-de-bwindi-autres-informations-pratiques\"><\/span>La for\u00eate imp\u00e9n\u00e9trable de Bwindi : autres informations pratiques<span class=\"ez-toc-section-end\"><\/span><\/h2>\n\n\n\n<h3 class=\"wp-block-heading\">Origines de la for\u00eat de Bwindi<\/h3>\n\n\n\n<p>Dans cette r\u00e9gion de l&rsquo;Ouganda, la langue Rukiga est la plus parl\u00e9e. Ainsi, nous savons que le mot \u00ab Bwindi \u00bb signifie \u00ab imp\u00e9n\u00e9trable \u00bb dans ce dialecte. Cette for\u00eat porte cet adjectif gr\u00e2ce \u00e0 sa superficie de 331 km\u00b2 qui la rend difficile d\u2019acc\u00e8s.<\/p>\n\n\n\n<h3 class=\"wp-block-heading\">M\u00e9t\u00e9o<\/h3>\n\n\n\n<p>L\u2019Ouganda est travers\u00e9 par l\u2019\u00e9quateur mais son climat est temp\u00e9r\u00e9 par l\u2019altitude. Les temp\u00e9ratures moyennes sont comprises entre 20 et 25 degr\u00e9s. Les variations de temp\u00e9ratures sont assez faibles tout le long de l\u2019ann\u00e9e, m\u00eame si la p\u00e9riode la plus chaude reste entre d\u00e9cembre et mars.<\/p>\n\n\n\n<h3 class=\"wp-block-heading\">Quand visiter ?<\/h3>\n\n\n\n<p>La saison id\u00e9ale pour un safari dans le parc de Bwindi  se situe pendant la p\u00e9riode o\u00f9 les routes sont plus praticables, de juin \u00e0 ao\u00fbt puis de d\u00e9cembre \u00e0 f\u00e9vrier. Lors de la  haute saison touristique, de juin \u00e0 septembre, les permis sont assez rares et il faudra donc anticiper votre visite du parc longtemps \u00e0 l&rsquo;avance !<\/p>\n\n\n\n<h3 class=\"wp-block-heading\">La sant\u00e9<\/h3>\n\n\n\n<p>Lorsque vous voyagez en pleine nature pour un safari, il est indispensable de consulter votre m\u00e9decin et de partager avec lui les d\u00e9tails de votre voyage. Il vous donnera toutes les informations pour pr\u00e9venir d\u2019\u00e9ventuelles maladies. D\u2019autre part, certains vaccins sont recommand\u00e9s par l\u2019institut Pasteur, <a href=\"https:\/\/www.pasteur.fr\/fr\/centre-medical\/preparer-son-voyage\/ouganda\" target=\"_blank\" rel=\"noreferrer noopener\">en voici la liste<\/a>.<\/p>\n","protected":false},"excerpt":{"rendered":"<p>C\u2019est dans le sud-ouest de l\u2019Ouganda, en Afrique que se situe le Parc national de Bwindi. Il s\u2019\u00e9tend sur plus de 32 000 hectares. Sa biodiversit\u00e9 est impressionnante et offre un environnement remarquable \u00e0 de nombreuses esp\u00e8ces animales. \u00c9galement appel\u00e9 \u00ab Perle d\u2019Afrique \u00bb gr\u00e2ce \u00e0 la richesse de ses terres, l\u2019Ouganda pr\u00e9serve avec soin &#8230; <a title=\"For\u00eat Imp\u00e9n\u00e9trable de Bwindi\" class=\"read-more\" href=\"https:\/\/mistersafari.com\/fr\/safari-ouganda\/parcs-reserves\/foret-impenetrable-bwindi\/\" aria-label=\"En savoir plus sur For\u00eat Imp\u00e9n\u00e9trable de Bwindi\">Lire la suite<\/a><\/p>\n","protected":false},"author":3,"featured_media":3511,"parent":3380,"menu_order":7,"comment_status":"closed","ping_status":"closed","template":"","meta":{"_acf_changed":false,"footnotes":""},"content_type":[],"country":[],"class_list":{"0":"post-3392","1":"page","2":"type-page","3":"status-publish","4":"has-post-thumbnail","6":"no-featured-image-padding"},"acf":{"hreflang":null},"_links":{"self":[{"href":"https:\/\/mistersafari.com\/fr\/wp-json\/wp\/v2\/pages\/3392","targetHints":{"allow":["GET"]}}],"collection":[{"href":"https:\/\/mistersafari.com\/fr\/wp-json\/wp\/v2\/pages"}],"about":[{"href":"https:\/\/mistersafari.com\/fr\/wp-json\/wp\/v2\/types\/page"}],"author":[{"embeddable":true,"href":"https:\/\/mistersafari.com\/fr\/wp-json\/wp\/v2\/users\/3"}],"replies":[{"embeddable":true,"href":"https:\/\/mistersafari.com\/fr\/wp-json\/wp\/v2\/comments?post=3392"}],"version-history":[{"count":20,"href":"https:\/\/mistersafari.com\/fr\/wp-json\/wp\/v2\/pages\/3392\/revisions"}],"predecessor-version":[{"id":3512,"href":"https:\/\/mistersafari.com\/fr\/wp-json\/wp\/v2\/pages\/3392\/revisions\/3512"}],"up":[{"embeddable":true,"href":"https:\/\/mistersafari.com\/fr\/wp-json\/wp\/v2\/pages\/3380"}],"wp:featuredmedia":[{"embeddable":true,"href":"https:\/\/mistersafari.com\/fr\/wp-json\/wp\/v2\/media\/3511"}],"wp:attachment":[{"href":"https:\/\/mistersafari.com\/fr\/wp-json\/wp\/v2\/media?parent=3392"}],"wp:term":[{"taxonomy":"content_type","embeddable":true,"href":"https:\/\/mistersafari.com\/fr\/wp-json\/wp\/v2\/content_type?post=3392"},{"taxonomy":"country","embeddable":true,"href":"https:\/\/mistersafari.com\/fr\/wp-json\/wp\/v2\/country?post=3392"}],"curies":[{"name":"wp","href":"https:\/\/api.w.org\/{rel}","templated":true}]}}