{"id":3389,"date":"2021-07-16T15:03:00","date_gmt":"2021-07-16T13:03:04","guid":{"rendered":"https:\/\/mistersafari.com\/fr\/safari-ouganda\/parcs-reserves\/parc-national-de-kibepo\/"},"modified":"2021-08-02T09:04:49","modified_gmt":"2021-08-02T09:04:49","slug":"parc-national-kidepo","status":"publish","type":"page","link":"https:\/\/mistersafari.com\/fr\/safari-ouganda\/parcs-reserves\/parc-national-kidepo\/","title":{"rendered":"Parc National de Kidepo"},"content":{"rendered":"\n<p>Le Parc National de Kidepo, est situ\u00e9 dans le nord-est de l\u2019Ouganda, dans une zone tr\u00e8s recul\u00e9e, encore tr\u00e8s sauvage et peu visit\u00e9e. Votre safari n\u2019en sera que plus exceptionnel ! Vous ne croiserez que tr\u00e8s peu de visiteurs pendant votre s\u00e9jour.<\/p>\n\n\n\n<p>Il est en effet important de noter que ce parc se trouve \u00e0 200 km de la ville la plus proche, Moroto et \u00e0 plus de 500 km de la capitale du pays, Kampala.<\/p>\n\n\n\n<p>Ce safari offre des paysages de savane sublimes et des plus authentiques, il est un des parcs les plus spectaculaires d\u2019Ouganda. Il est nich\u00e9 dans une plaine travers\u00e9e par les rivi\u00e8res Narus et Kidepo qui rythment la vie de la faune et de la flore, avec en son c\u0153ur la pr\u00e9sence de montagnes dont le mont Morungole qui culmine \u00e0 plus de 2500 m\u00e8tres d&rsquo;altitude.<\/p>\n\n\n\n<p>Vous trouverez toutes les informations sur le Parc National de Kidepo dans ce guide.<\/p>\n\n\n<div id=\"ez-toc-container\" class=\"ez-toc-v2_0_76 counter-flat ez-toc-counter ez-toc-custom ez-toc-container-direction\">\n<div class=\"ez-toc-title-container\"><p class=\"ez-toc-title\" style=\"cursor:inherit\">Sommaire<\/p>\n<\/div><nav><ul class='ez-toc-list ez-toc-list-level-1 ' ><li class='ez-toc-page-1'><a class=\"ez-toc-link ez-toc-heading-1\" href=\"https:\/\/mistersafari.com\/fr\/safari-ouganda\/parcs-reserves\/parc-national-kidepo\/#pourquoi-se-rendre-au-parc-national-de-kidepo\">Pourquoi se rendre au parc national de Kidepo ?<\/a><\/li><li class='ez-toc-page-1'><a class=\"ez-toc-link ez-toc-heading-2\" href=\"https:\/\/mistersafari.com\/fr\/safari-ouganda\/parcs-reserves\/parc-national-kidepo\/#comment-visiter-le-parc-national-de-kidepo\">Comment visiter le parc national de Kidepo ?<\/a><\/li><li class='ez-toc-page-1'><a class=\"ez-toc-link ez-toc-heading-3\" href=\"https:\/\/mistersafari.com\/fr\/safari-ouganda\/parcs-reserves\/parc-national-kidepo\/#le-parc-national-de-kidepo-tarif-et-reglementation\">Le parc National de Kidepo : tarif et r\u00e9glementation<\/a><\/li><li class='ez-toc-page-1'><a class=\"ez-toc-link ez-toc-heading-4\" href=\"https:\/\/mistersafari.com\/fr\/safari-ouganda\/parcs-reserves\/parc-national-kidepo\/#ou-dormir-au-parc-national-de-kidepo\">O\u00f9 dormir au Parc National de Kidepo ?<\/a><\/li><li class='ez-toc-page-1'><a class=\"ez-toc-link ez-toc-heading-5\" href=\"https:\/\/mistersafari.com\/fr\/safari-ouganda\/parcs-reserves\/parc-national-kidepo\/#le-parc-national-de-kidepo-autres-informations-pratiques\">Le Parc National de Kidepo : autres informations pratiques<\/a><\/li><\/ul><\/nav><\/div>\n\n\n\n\n<h2 class=\"wp-block-heading\"><span class=\"ez-toc-section\" id=\"pourquoi-se-rendre-au-parc-national-de-kidepo\"><\/span>Pourquoi se rendre au parc national de Kidepo ?<span class=\"ez-toc-section-end\"><\/span><\/h2>\n\n\n\n<p>La pr\u00e9sence des rivi\u00e8res Kidepo et Narus dans cette zone semi-aride d\u2019Ouganda et ses variations d\u2019altitude, offre une faune abondante dont une trentaine d\u2019esp\u00e8ces que vous ne trouverez nulle part ailleurs dans le pays.<\/p>\n\n\n\n<p>\u00c0 l\u2019occasion de ce safari, vous pourrez apercevoir et d\u00e9couvrir plus de 86 esp\u00e8ces de mammif\u00e8res comme le gu\u00e9pard, le caracal, l\u2019otocyon et le prot\u00e8le mais aussi le lion, le l\u00e9opard, l\u2019\u00e9l\u00e9phant, le z\u00e8bre, le buffle, la girafe, l\u2019\u00e9land, la hy\u00e8ne tachet\u00e9e, le phacoch\u00e8re, le chacal, et pr\u00e8s de 500 esp\u00e8ces d\u2019oiseaux.<\/p>\n\n\n\n<h2 class=\"wp-block-heading\"><span class=\"ez-toc-section\" id=\"comment-visiter-le-parc-national-de-kidepo\"><\/span>Comment visiter le parc national de Kidepo ?<span class=\"ez-toc-section-end\"><\/span><\/h2>\n\n\n\n<p>Ce safari se trouve dans des terres tr\u00e8s recul\u00e9es d\u2019Afrique, il est assez difficile d\u2019y acc\u00e9der ce qui rend le voyage encore plus incroyable et exceptionnel.<\/p>\n\n\n\n<p>Il vous faudra en effet prendre un vol en avion-taxi depuis Kampala, la capitale.<\/p>\n\n\n\n<p>Ce safari s\u2019organise en 4&#215;4 pour profiter pleinement de l\u2019\u00e9tendue du domaine et d\u00e9couvrir toute sa richesse, hors des sentiers battus.<\/p>\n\n\n\n<p>Votre guide vous accompagnera dans votre safari sur les traces des animaux sauvages de la r\u00e9gion pour d\u00e9cupler vos chances d\u2019en apercevoir le plus possible.<\/p>\n\n\n\n<h2 class=\"wp-block-heading\"><span class=\"ez-toc-section\" id=\"le-parc-national-de-kidepo-tarif-et-reglementation\"><\/span>Le parc National de Kidepo : tarif et r\u00e9glementation<span class=\"ez-toc-section-end\"><\/span><\/h2>\n\n\n\n<h3 class=\"wp-block-heading\">Les tarifs<\/h3>\n\n\n\n<p>Pour acc\u00e9der au parc, il vous faudra compter 40 US$ par adulte pour 24 heures et entre 5 US$ \u00e0 8 US$ pour un v\u00e9hicule immatricul\u00e9 en Ouganda selon sa taille.<\/p>\n\n\n\n<h3 class=\"wp-block-heading\">La r\u00e9glementation<\/h3>\n\n\n\n<p>Le Parc est une r\u00e9serve nationale contr\u00f4l\u00e9e et r\u00e9glement\u00e9e par les autorit\u00e9s ougandaises, un certain nombre de r\u00e8gles doivent donc \u00eatre respect\u00e9es pour pr\u00e9server la faune et la flore et garantir la s\u00e9curit\u00e9 des voyageurs lors de leur safari.<\/p>\n\n\n\n<p>En voici une liste non exhaustive :<\/p>\n\n\n\n<ul class=\"wp-block-list\"><li>Si vous croisez un animal sauvage, il faudra couper votre moteur et le laisser continuer son chemin ;<\/li><li>La vitesse de conduite est limit\u00e9e ;<\/li><li>Il est important de garder une distance de s\u00e9curit\u00e9 avec les animaux sauvages ; <\/li><li>Il est strictement interdit de pr\u00e9lever un animal ou un v\u00e9g\u00e9tal ; <\/li><li>Il est interdit de nourrir ou perturber la vie animale, un safari doit se faire dans le respect de la vie sauvage ;<\/li><li>Il est interdit de sortir de son v\u00e9hicule en dehors des zones balis\u00e9es ;<\/li><li>Les animaux domestiques ne sont pas autoris\u00e9s lors d\u2019un safari ; <\/li><li>Les armes \u00e0 feu sont strictement interdites au sein du parc ; <\/li><li>Aucun d\u00e9chet ne doit \u00eatre laiss\u00e9 derri\u00e8re vous.<\/li><\/ul>\n\n\n\n<h2 class=\"wp-block-heading\"><span class=\"ez-toc-section\" id=\"ou-dormir-au-parc-national-de-kidepo\"><\/span>O\u00f9 dormir au Parc National de Kidepo ?<span class=\"ez-toc-section-end\"><\/span><\/h2>\n\n\n\n<p>Ce parc recul\u00e9, et tr\u00e8s peu visit\u00e9, n\u2019offre pas, contrairement aux autres safaris, des dizaines d\u2019options pour se loger.<\/p>\n\n\n\n<p>Nous avons s\u00e9lectionn\u00e9 pour vous l\u2019Apoka Lodge offrant une vue sublime sur le Parc National de Kidepo. Ce lodge dispose d\u2019une dizaine de chalets, vous pourrez y trouver tout le confort n\u00e9cessaire apr\u00e8s votre journ\u00e9e de safari pour vous d\u00e9tendre au rythme de la vie sauvage.<\/p>\n\n\n\n<p>Pour les plus petits budgets, non loin de l\u2019Apoka Lodge, vous trouverez l\u2019Apoka Rest Camp pour un s\u00e9jour au sein du parc. Vous pourrez dormir dans des bungalows assez simples mais dans un environnement naturel incroyable pour observer les animaux se promenant librement dans leur milieu sauvage.<\/p>\n\n\n\n<h2 class=\"wp-block-heading\"><span class=\"ez-toc-section\" id=\"le-parc-national-de-kidepo-autres-informations-pratiques\"><\/span>Le Parc National de Kidepo : autres informations pratiques<span class=\"ez-toc-section-end\"><\/span><\/h2>\n\n\n\n<h3 class=\"wp-block-heading\">M\u00e9t\u00e9o<\/h3>\n\n\n\n<p>L\u2019Ouganda est travers\u00e9 par l\u2019\u00e9quateur mais son climat est temp\u00e9r\u00e9 par l\u2019altitude. Les temp\u00e9ratures moyennes sont comprises entre 20 et 25 degr\u00e9s. Les variations de temp\u00e9ratures sont assez faibles tout le long de l\u2019ann\u00e9e, m\u00eame si la p\u00e9riode la plus chaude reste entre d\u00e9cembre et mars.<\/p>\n\n\n\n<h3 class=\"wp-block-heading\">Quand visiter ?<\/h3>\n\n\n\n<p>La saison id\u00e9ale pour un safari dans le parc de Kidepo se situe pendant la p\u00e9riode de s\u00e9cheresse du mois de septembre au mois de mars. Les animaux se r\u00e9unissent autour de la rivi\u00e8re Narus pour s\u2019abreuver, une des seules sources d&rsquo;eau de la r\u00e9gion en cette p\u00e9riode, ils sont ainsi plus faciles \u00e0 observer. Une chance pour les visiteurs.<\/p>\n\n\n\n<p>Pendant la saison des pluies, du mois d\u2019avril au mois d\u2019ao\u00fbt, les herbes hautes et vertes remplacent un paysage sec et aride, les animaux s\u2019y cachent plus facilement et sont donc plus difficiles \u00e0 rep\u00e9rer lors de votre safari. Il y a tout de m\u00eame deux importants avantages pendant cette p\u00e9riode des pluies, vous avez de grandes chances d\u2019\u00eatre les seuls visiteurs du safari tr\u00e8s tr\u00e8s peu fr\u00e9quent\u00e9 en cette p\u00e9riode et, autre avantage, les pluies chassent la poussi\u00e8re pour offrir de meilleurs points de vue sur la flore pendant votre safari.<\/p>\n\n\n\n<h3 class=\"wp-block-heading\">La sant\u00e9<\/h3>\n\n\n\n<p>Lorsque vous voyagez en pleine nature pour un safari, il est indispensable de consulter votre m\u00e9decin et de partager avec lui les d\u00e9tails de votre voyage. Il vous donnera toutes les informations pour pr\u00e9venir d\u2019\u00e9ventuelles maladies. D\u2019autre part, certains vaccins sont recommand\u00e9s par l\u2019institut Pasteur, <a href=\"https:\/\/www.pasteur.fr\/fr\/centre-medical\/preparer-son-voyage\/ouganda\" target=\"_blank\" rel=\"noreferrer noopener\">en voici la liste<\/a>.<\/p>\n","protected":false},"excerpt":{"rendered":"<p>Le Parc National de Kidepo, est situ\u00e9 dans le nord-est de l\u2019Ouganda, dans une zone tr\u00e8s recul\u00e9e, encore tr\u00e8s sauvage et peu visit\u00e9e. Votre safari n\u2019en sera que plus exceptionnel ! Vous ne croiserez que tr\u00e8s peu de visiteurs pendant votre s\u00e9jour. Il est en effet important de noter que ce parc se trouve \u00e0 &#8230; <a title=\"Parc National de Kidepo\" class=\"read-more\" href=\"https:\/\/mistersafari.com\/fr\/safari-ouganda\/parcs-reserves\/parc-national-kidepo\/\" aria-label=\"En savoir plus sur Parc National de Kidepo\">Lire la suite<\/a><\/p>\n","protected":false},"author":3,"featured_media":3510,"parent":3380,"menu_order":6,"comment_status":"closed","ping_status":"closed","template":"","meta":{"_acf_changed":false,"footnotes":""},"content_type":[],"country":[],"class_list":{"0":"post-3389","1":"page","2":"type-page","3":"status-publish","4":"has-post-thumbnail","6":"no-featured-image-padding"},"acf":{"hreflang":null},"_links":{"self":[{"href":"https:\/\/mistersafari.com\/fr\/wp-json\/wp\/v2\/pages\/3389","targetHints":{"allow":["GET"]}}],"collection":[{"href":"https:\/\/mistersafari.com\/fr\/wp-json\/wp\/v2\/pages"}],"about":[{"href":"https:\/\/mistersafari.com\/fr\/wp-json\/wp\/v2\/types\/page"}],"author":[{"embeddable":true,"href":"https:\/\/mistersafari.com\/fr\/wp-json\/wp\/v2\/users\/3"}],"replies":[{"embeddable":true,"href":"https:\/\/mistersafari.com\/fr\/wp-json\/wp\/v2\/comments?post=3389"}],"version-history":[{"count":8,"href":"https:\/\/mistersafari.com\/fr\/wp-json\/wp\/v2\/pages\/3389\/revisions"}],"predecessor-version":[{"id":3408,"href":"https:\/\/mistersafari.com\/fr\/wp-json\/wp\/v2\/pages\/3389\/revisions\/3408"}],"up":[{"embeddable":true,"href":"https:\/\/mistersafari.com\/fr\/wp-json\/wp\/v2\/pages\/3380"}],"wp:featuredmedia":[{"embeddable":true,"href":"https:\/\/mistersafari.com\/fr\/wp-json\/wp\/v2\/media\/3510"}],"wp:attachment":[{"href":"https:\/\/mistersafari.com\/fr\/wp-json\/wp\/v2\/media?parent=3389"}],"wp:term":[{"taxonomy":"content_type","embeddable":true,"href":"https:\/\/mistersafari.com\/fr\/wp-json\/wp\/v2\/content_type?post=3389"},{"taxonomy":"country","embeddable":true,"href":"https:\/\/mistersafari.com\/fr\/wp-json\/wp\/v2\/country?post=3389"}],"curies":[{"name":"wp","href":"https:\/\/api.w.org\/{rel}","templated":true}]}}