{"id":3386,"date":"2021-07-16T12:59:36","date_gmt":"2021-07-16T12:59:36","guid":{"rendered":"https:\/\/mistersafari.com\/fr\/safari-ouganda\/parcs-reserves\/parc-national-murchison-falls\/"},"modified":"2021-10-20T13:14:17","modified_gmt":"2021-10-20T13:14:17","slug":"parc-national-murchison-falls","status":"publish","type":"page","link":"https:\/\/mistersafari.com\/fr\/safari-ouganda\/parcs-reserves\/parc-national-murchison-falls\/","title":{"rendered":"Parc National Murchison Falls"},"content":{"rendered":"\n<p>Cr\u00e9\u00e9 en 1952, le Parc National Murchison Falls en Ouganda doit son nom aux incroyables chutes d\u2019eau qui le caract\u00e9risent si bien. Mais surtout, c\u2019est la plus grande r\u00e9serve du pays avec une superficie de 3 840 km<sup>2<\/sup>. Ainsi, vous y d\u00e9couvrirez une grande vari\u00e9t\u00e9 d&rsquo;esp\u00e8ces d\u2019animaux et de paysages.<\/p>\n\n\n<div id=\"ez-toc-container\" class=\"ez-toc-v2_0_76 counter-flat ez-toc-counter ez-toc-custom ez-toc-container-direction\">\n<div class=\"ez-toc-title-container\"><p class=\"ez-toc-title\" style=\"cursor:inherit\">Sommaire<\/p>\n<\/div><nav><ul class='ez-toc-list ez-toc-list-level-1 ' ><li class='ez-toc-page-1'><a class=\"ez-toc-link ez-toc-heading-1\" href=\"https:\/\/mistersafari.com\/fr\/safari-ouganda\/parcs-reserves\/parc-national-murchison-falls\/#pourquoi-se-rendre-au-parc-national-murchison-falls\" >Pourquoi se rendre au Parc National Murchison Falls ?<\/a><\/li><li class='ez-toc-page-1'><a class=\"ez-toc-link ez-toc-heading-2\" href=\"https:\/\/mistersafari.com\/fr\/safari-ouganda\/parcs-reserves\/parc-national-murchison-falls\/#comment-se-rendre-au-parc-national-murchison-falls\" >Comment se rendre au Parc National Murchison Falls ?<\/a><\/li><li class='ez-toc-page-1'><a class=\"ez-toc-link ez-toc-heading-3\" href=\"https:\/\/mistersafari.com\/fr\/safari-ouganda\/parcs-reserves\/parc-national-murchison-falls\/#tarif-et-reglementation\" >Tarif et r\u00e9glementation<\/a><\/li><li class='ez-toc-page-1'><a class=\"ez-toc-link ez-toc-heading-4\" href=\"https:\/\/mistersafari.com\/fr\/safari-ouganda\/parcs-reserves\/parc-national-murchison-falls\/#ou-dormir-au-parc-national-murchison-falls\" >O\u00f9 dormir au Parc National Murchison Falls ?<\/a><\/li><li class='ez-toc-page-1'><a class=\"ez-toc-link ez-toc-heading-5\" href=\"https:\/\/mistersafari.com\/fr\/safari-ouganda\/parcs-reserves\/parc-national-murchison-falls\/#le-parc-national-murchison-falls-autres-informations-pratiques\" >Le Parc National Murchison Falls : autres informations pratiques<\/a><\/li><li class='ez-toc-page-1'><a class=\"ez-toc-link ez-toc-heading-6\" href=\"https:\/\/mistersafari.com\/fr\/safari-ouganda\/parcs-reserves\/parc-national-murchison-falls\/#faq\" >FAQ<\/a><\/li><\/ul><\/nav><\/div>\n\n\n\n\n<h2 class=\"wp-block-heading\"><span class=\"ez-toc-section\" id=\"pourquoi-se-rendre-au-parc-national-murchison-falls\"><\/span>Pourquoi se rendre au Parc National Murchison Falls ?<span class=\"ez-toc-section-end\"><\/span><\/h2>\n\n\n\n<h3 class=\"wp-block-heading\">Les chutes de Murchison<\/h3>\n\n\n\n<p>Comme son nom l\u2019indique, le parc est caract\u00e9ris\u00e9 par les chutes de Murchison. Situ\u00e9es sur la rivi\u00e8re du Nil, en plein c\u0153ur du parc, celles-ci vous offrent un spectacle \u00e9poustouflant : 7 m\u00e8tres de largeur, 43 m\u00e8tres de hauteur et une pression de 300 m<sup>3<\/sup>\/s.<\/p>\n\n\n\n<p>D\u2019ailleurs, de nombreux touristes choisissent de dormir \u00e0 proximit\u00e9 pour \u00e9couter le bruit des chutes d\u2019eau. Et pour ceux qui s\u2019aventurent trop pr\u00e8s, ils risquent de se faire \u00e9clabousser.<\/p>\n\n\n\n<p>M\u00eame si les chutes sont magnifiques vues d\u2019en bas, c\u2019est au sommet du Nil que vous aurez la vue la plus impressionnante. Pour y acc\u00e9der, il est possible de s\u2019y rendre en voiture ou de marcher pendant une trentaine de minutes.<\/p>\n\n\n\n<div class=\"wp-block-image\"><figure class=\"aligncenter size-full\"><picture><source srcset=\"https:\/\/mistersafari.com\/fr\/wp-content\/uploads\/sites\/2\/murchison-falls.webp 1200w,https:\/\/mistersafari.com\/fr\/wp-content\/uploads\/sites\/2\/murchison-falls-300x225.webp 300w,https:\/\/mistersafari.com\/fr\/wp-content\/uploads\/sites\/2\/murchison-falls-1024x768.webp 1024w,https:\/\/mistersafari.com\/fr\/wp-content\/uploads\/sites\/2\/murchison-falls-768x576.webp 768w\" sizes=\"auto, (max-width: 1200px) 100vw, 1200px\" type=\"image\/webp\"><img src=\"https:\/\/mistersafari.com\/fr\/wp-content\/uploads\/sites\/2\/murchison-falls.jpg\" height=\"900\" width=\"1200\" srcset=\"https:\/\/mistersafari.com\/fr\/wp-content\/uploads\/sites\/2\/murchison-falls.jpg 1200w, https:\/\/mistersafari.com\/fr\/wp-content\/uploads\/sites\/2\/murchison-falls-300x225.jpg 300w, https:\/\/mistersafari.com\/fr\/wp-content\/uploads\/sites\/2\/murchison-falls-1024x768.jpg 1024w, https:\/\/mistersafari.com\/fr\/wp-content\/uploads\/sites\/2\/murchison-falls-768x576.jpg 768w\" sizes=\"auto, (max-width: 1200px) 100vw, 1200px\" class=\"wp-image-5527 sp-no-webp\" alt=\"les chutes de murchison\" loading=\"lazy\" decoding=\"async\"  > <\/picture><figcaption>Les chutes de Murchison<\/figcaption><\/figure><\/div>\n\n\n\n<p>Outre ces c\u00e9l\u00e8bres chutes d\u2019eau, il y en a d&rsquo;autres dans le Parc National Murchison Falls. Et notamment, celles de Karuma, dans la partie orientale. Moins r\u00e9put\u00e9es, elles valent aussi le d\u00e9tour du fait de la formation de mousse blanche qui les caract\u00e9rise.<\/p>\n\n\n\n<p>Ici, la p\u00eache est abondante. \u00c0 la fois pour les hommes, mais aussi pour les animaux qui viennent se recueillir r\u00e9guli\u00e8rement. Ainsi, vous y apercevrez des singes, des buffles, des bubales, des antilopes, des lions, des girafes, des babouins et des oiseaux.<\/p>\n\n\n\n<h3 class=\"wp-block-heading\">Une travers\u00e9e du Nil<\/h3>\n\n\n\n<p>Au-del\u00e0 des chutes d\u2019eau, c\u2019est toute la rivi\u00e8re du Nil qui se visite au cours de votre s\u00e9jour dans le Parc National Murchison Falls. Le plus long fleuve du monde trouve sa source dans la ville de Jinja et traverse l\u2019ensemble de la r\u00e9serve.<\/p>\n\n\n\n<p>Profitez-en pour pr\u00e9voir une excursion en bateau et d\u00e9couvrir l\u2019Ouganda autrement. Sur le chemin, hippopotames et crocodiles y ont \u00e9lu domicile. Vous pourrez alors les observer le long des bancs de sable. De temps en temps, d\u2019autres animaux viennent s\u2019abreuver sur le Nil ou simplement se rafra\u00eechir.<\/p>\n\n\n\n<p>Pour ces excursions sur le Nil, vous avez deux possibilit\u00e9s.&nbsp;<\/p>\n\n\n\n<ul class=\"wp-block-list\"><li>Une excursion jusqu\u2019au pied des chutes de Murchison : le voyage dure environ 3 heures.&nbsp;<\/li><li>Une excursion entre Paraa et le delta de Papyrus en passant par le lac Albert : il s\u2019agit d\u2019une boucle qui dure entre 4 et 5 heures. Sur le chemin, vous aurez l\u2019occasion de d\u00e9couvrir la cigogne \u00e0 bec-en-sabot et d\u2019autres esp\u00e8ces animales.<\/li><\/ul>\n\n\n\n<div class=\"wp-block-image\"><figure class=\"aligncenter size-full\"><picture><source srcset=\"https:\/\/mistersafari.com\/fr\/wp-content\/uploads\/sites\/2\/crocodile-Nil-victoria.webp 1200w,https:\/\/mistersafari.com\/fr\/wp-content\/uploads\/sites\/2\/crocodile-Nil-victoria-300x200.webp 300w,https:\/\/mistersafari.com\/fr\/wp-content\/uploads\/sites\/2\/crocodile-Nil-victoria-1024x683.webp 1024w,https:\/\/mistersafari.com\/fr\/wp-content\/uploads\/sites\/2\/crocodile-Nil-victoria-768x512.webp 768w\" sizes=\"auto, (max-width: 1200px) 100vw, 1200px\" type=\"image\/webp\"><img src=\"https:\/\/mistersafari.com\/fr\/wp-content\/uploads\/sites\/2\/crocodile-Nil-victoria.jpg\" height=\"800\" width=\"1200\" srcset=\"https:\/\/mistersafari.com\/fr\/wp-content\/uploads\/sites\/2\/crocodile-Nil-victoria.jpg 1200w, https:\/\/mistersafari.com\/fr\/wp-content\/uploads\/sites\/2\/crocodile-Nil-victoria-300x200.jpg 300w, https:\/\/mistersafari.com\/fr\/wp-content\/uploads\/sites\/2\/crocodile-Nil-victoria-1024x683.jpg 1024w, https:\/\/mistersafari.com\/fr\/wp-content\/uploads\/sites\/2\/crocodile-Nil-victoria-768x512.jpg 768w\" sizes=\"auto, (max-width: 1200px) 100vw, 1200px\" class=\"wp-image-5529 sp-no-webp\" alt=\"crocodile au nil victoria au murchison falls\" loading=\"lazy\" decoding=\"async\"  > <\/picture><\/figure><\/div>\n\n\n\n<h3 class=\"wp-block-heading\">La r\u00e9gion de Buligi<\/h3>\n\n\n\n<p>Le site de Buligi se situe entre le Nil Victoria et le Nil Albert.&nbsp;<\/p>\n\n\n\n<p>Entre prairies de savane, v\u00e9g\u00e9tation fluviale, for\u00eats et acacias, la faune sauvage se d\u00e9veloppe pour le plus grand bonheur de vos yeux. Pour explorer cet espace, il est conseill\u00e9 de faire appel \u00e0 un ranger qui saura vous guider le temps de votre excursion.<\/p>\n\n\n\n<p>Outre les animaux, c\u2019est un excellent site pour admirer la vue sur la vall\u00e9e qui s&rsquo;\u00e9tend au-del\u00e0 du lac Albert.<\/p>\n\n\n\n<h3 class=\"wp-block-heading\">La faune sauvage pr\u00e9sente dans le parc<\/h3>\n\n\n\n<p>Le Parc National Murchison Falls accueille une grande vari\u00e9t\u00e9 de mammif\u00e8res et d\u2019oiseaux.<\/p>\n\n\n\n<p>C\u00f4t\u00e9 mammif\u00e8re, ils sont plus de 70 esp\u00e8ces \u00e0 occuper la r\u00e9serve, parmi lesquelles l&rsquo;hippopotame, la girafe de Rothschild, le phacoch\u00e8re, le buffle du Cap, le kob d&rsquo;Ouganda, le bubale et les \u00e9l\u00e9phants. \u00c0 cela s\u2019ajoutent de nombreux primates : 800 chimpanz\u00e9s, des babouins oliv\u00e2tres, des singes colobes noirs et blancs, des singes \u00e0 queue rouge, etc.<\/p>\n\n\n\n<p>Quant aux oiseaux, plus de 450 esp\u00e8ces sont r\u00e9unies dans le Parc National des chutes de Murchison : h\u00e9ron Goliath, colin de Virginie, grue \u00e0 couronne grise, coucal \u00e0 t\u00eate bleue, gobe-mouches des marais, oiseau d&rsquo;argent, jacana africain, piapia, outarde de Denham, martin-p\u00eacheur malachite et bien d\u2019autres.<\/p>\n\n\n\n<div class=\"wp-block-image\"><figure class=\"aligncenter size-full\"><picture><source srcset=\"https:\/\/mistersafari.com\/fr\/wp-content\/uploads\/sites\/2\/grue-couronne-grise-murchison.webp 1200w,https:\/\/mistersafari.com\/fr\/wp-content\/uploads\/sites\/2\/grue-couronne-grise-murchison-300x199.webp 300w,https:\/\/mistersafari.com\/fr\/wp-content\/uploads\/sites\/2\/grue-couronne-grise-murchison-1024x678.webp 1024w,https:\/\/mistersafari.com\/fr\/wp-content\/uploads\/sites\/2\/grue-couronne-grise-murchison-768x509.webp 768w\" sizes=\"auto, (max-width: 1200px) 100vw, 1200px\" type=\"image\/webp\"><img src=\"https:\/\/mistersafari.com\/fr\/wp-content\/uploads\/sites\/2\/grue-couronne-grise-murchison.jpg\" height=\"795\" width=\"1200\" srcset=\"https:\/\/mistersafari.com\/fr\/wp-content\/uploads\/sites\/2\/grue-couronne-grise-murchison.jpg 1200w, https:\/\/mistersafari.com\/fr\/wp-content\/uploads\/sites\/2\/grue-couronne-grise-murchison-300x199.jpg 300w, https:\/\/mistersafari.com\/fr\/wp-content\/uploads\/sites\/2\/grue-couronne-grise-murchison-1024x678.jpg 1024w, https:\/\/mistersafari.com\/fr\/wp-content\/uploads\/sites\/2\/grue-couronne-grise-murchison-768x509.jpg 768w\" sizes=\"auto, (max-width: 1200px) 100vw, 1200px\" class=\"wp-image-5534 sp-no-webp\" alt=\"des grues au courones grises au murchison falls\" loading=\"lazy\" decoding=\"async\"  > <\/picture><figcaption> Des grues \u00e0 couronne grise<\/figcaption><\/figure><\/div>\n\n\n\n<h3 class=\"wp-block-heading\">Paraa<\/h3>\n\n\n\n<p>Paraa signifie \u00ab\u00a0la maison des hippopotames\u00a0\u00bb selon le dialecte local. En arrivant dans cette zone, vous comprendrez rapidement pourquoi le site porte ce nom.<\/p>\n\n\n\n<p>Mais Paraa n\u2019est pas seulement connue pour ses hippopotames. Et pour cause, une multitude d\u2019activit\u00e9s se d\u00e9veloppent au sein de cette zone du Parc National des chutes de Murchison. Par exemple, safari, vol en montgolfi\u00e8re, visite culturelle, observation des oiseaux, promenades guid\u00e9es \u00e0 pied ou en bateau, sortie de p\u00eache, etc.<\/p>\n\n\n\n<p>Ces diff\u00e9rentes excursions vous permettent d\u2019admirer les animaux qui vivent ici, mais aussi de comprendre le mode de vie des habitants. Ainsi, vous pourrez rencontrer le peuple indig\u00e8ne Luo qui vous pr\u00e9sentera sa culture et son quotidien.<\/p>\n\n\n\n<h3 class=\"wp-block-heading\">Les for\u00eats<\/h3>\n\n\n\n<p>Les for\u00eats sont nombreuses au sein de la r\u00e9serve. Il en existe toutefois deux principales \u00e0 ne pas manquer :<\/p>\n\n\n\n<ul class=\"wp-block-list\"><li>La for\u00eat de Budongo : situ\u00e9 dans la partie sud-ouest du Parc National Murchison Falls, cet espace vous offre une grande diversit\u00e9 de faune et de flore (287 esp\u00e8ces de papillons, 24 mammif\u00e8res, plus de 460 esp\u00e8ces d&rsquo;arbres et environ 360 types d&rsquo;oiseaux). Explorez notamment le \u00ab\u00a0Royal Mile\u00a0\u00bb, un tron\u00e7on de route id\u00e9al pour observer les oiseaux et les primates.<\/li><li>La for\u00eat de Kaniyo Pabidi : ces pistes s&rsquo;\u00e9tendent sur 8 kilom\u00e8tres. Ici, vous aurez l\u2019occasion de suivre les chimpanz\u00e9s et autres primates.<\/li><\/ul>\n\n\n\n<h2 class=\"wp-block-heading\"><span class=\"ez-toc-section\" id=\"comment-se-rendre-au-parc-national-murchison-falls\"><\/span>Comment se rendre au Parc National Murchison Falls ?<span class=\"ez-toc-section-end\"><\/span><\/h2>\n\n\n\n<p>Depuis Kampala, il faudra pr\u00e9voir environ 5 heures pour vous rendre au Parc National Murchison Falls (305 km). Vous arrivez alors \u00e0 proximit\u00e9 de Masindi au sud de la r\u00e9serve. Cette ville vous permet d\u2019acc\u00e9der rapidement \u00e0 Paraa.<\/p>\n\n\n\n<p class=\"callout-blue\">Attention, pendant la basse saison (saison humide) certaines routes sont impraticables.<\/p>\n\n\n\n<p>Outre la route, il est aussi possible d\u2019acc\u00e9der au parc par voie a\u00e9rienne. Pour cela, vous atterrissez \u00e0 Pakuba qui se trouve \u00e0 environ 19 kilom\u00e8tres de Paraa.<\/p>\n\n\n\n<h2 class=\"wp-block-heading\"><span class=\"ez-toc-section\" id=\"tarif-et-reglementation\"><\/span>Tarif et r\u00e9glementation<span class=\"ez-toc-section-end\"><\/span><\/h2>\n\n\n\n<p>Pour visiter le Parc National Murchison Falls, il est conseill\u00e9 de faire appel \u00e0 un guide qui vous emm\u00e8ne sur les diff\u00e9rents sites. Et si vous souhaitez voir un maximum d\u2019animaux et de paysages, il est pr\u00e9f\u00e9rable de pr\u00e9voir plusieurs jours au sein de la r\u00e9serve. C\u2019est justement pour cette raison que les tour-op\u00e9rateurs proposent g\u00e9n\u00e9ralement des forfaits.<\/p>\n\n\n\n<p>Voici quelques exemples de prix applicables :&nbsp;<\/p>\n\n\n\n<ul class=\"wp-block-list\"><li>3 jours : entre 500 et 850 \u20ac<\/li><li>4 jours : environ 650 et 1 100 \u20ac<\/li><li>9 jours : environ 2 300 et 6 000 \u20ac<\/li><\/ul>\n\n\n\n<h2 class=\"wp-block-heading\"><span class=\"ez-toc-section\" id=\"ou-dormir-au-parc-national-murchison-falls\"><\/span>O\u00f9 dormir au Parc National Murchison Falls ?<span class=\"ez-toc-section-end\"><\/span><\/h2>\n\n\n\n<p>\u00c0 l\u2019int\u00e9rieur du Parc National des chutes de Murchison, il est possible de dormir dans des h\u00f4tels, des lodges ou des campings. Les plus populaires sont les suivants :&nbsp;<\/p>\n\n\n\n<ul class=\"wp-block-list\"><li>Murchison River Lodge : il s&rsquo;agit d&rsquo;un \u00e9co-lodge avec une vue imprenable sur le Nil.<\/li><li>Le Paraa Safari Lodge : il se situe dans la zone Paraa. Ici, vous b\u00e9n\u00e9ficiez d\u2019un h\u00e9bergement de qualit\u00e9 avec un restaurant raffin\u00e9 et un bar pour animer vos soir\u00e9es.&nbsp;<\/li><\/ul>\n\n\n\n<p>Pour les plus petits budgets, il est aussi possible de trouver des h\u00e9bergements \u00e0 la fronti\u00e8re ou des auberges de jeunesse \u00e0 Masindi. N\u00e9anmoins, vu la taille de la r\u00e9serve, il est conseill\u00e9 de dormir sur place.<\/p>\n\n\n\n<div class=\"wp-block-image\"><figure class=\"aligncenter size-full\"><picture><source srcset=\"https:\/\/mistersafari.com\/fr\/wp-content\/uploads\/sites\/2\/chalet-murchison-falls.webp 1200w,https:\/\/mistersafari.com\/fr\/wp-content\/uploads\/sites\/2\/chalet-murchison-falls-300x200.webp 300w,https:\/\/mistersafari.com\/fr\/wp-content\/uploads\/sites\/2\/chalet-murchison-falls-1024x681.webp 1024w,https:\/\/mistersafari.com\/fr\/wp-content\/uploads\/sites\/2\/chalet-murchison-falls-768x511.webp 768w\" sizes=\"auto, (max-width: 1200px) 100vw, 1200px\" type=\"image\/webp\"><img src=\"https:\/\/mistersafari.com\/fr\/wp-content\/uploads\/sites\/2\/chalet-murchison-falls.jpg\" height=\"798\" width=\"1200\" srcset=\"https:\/\/mistersafari.com\/fr\/wp-content\/uploads\/sites\/2\/chalet-murchison-falls.jpg 1200w, https:\/\/mistersafari.com\/fr\/wp-content\/uploads\/sites\/2\/chalet-murchison-falls-300x200.jpg 300w, https:\/\/mistersafari.com\/fr\/wp-content\/uploads\/sites\/2\/chalet-murchison-falls-1024x681.jpg 1024w, https:\/\/mistersafari.com\/fr\/wp-content\/uploads\/sites\/2\/chalet-murchison-falls-768x511.jpg 768w\" sizes=\"auto, (max-width: 1200px) 100vw, 1200px\" class=\"wp-image-5532 sp-no-webp\" alt=\"logement murchison falls\" loading=\"lazy\" decoding=\"async\"  > <\/picture><figcaption>Des chalets au Parc National Murchison Falls <\/figcaption><\/figure><\/div>\n\n\n\n<h2 class=\"wp-block-heading\"><span class=\"ez-toc-section\" id=\"le-parc-national-murchison-falls-autres-informations-pratiques\"><\/span>Le Parc National Murchison Falls : autres informations pratiques<span class=\"ez-toc-section-end\"><\/span><\/h2>\n\n\n\n<p>Les temp\u00e9ratures sont agr\u00e9ables tout au long de l\u2019ann\u00e9e (entre 17 et 28 degr\u00e9s). N\u00e9anmoins, pendant la saison humide (entre mars et mai \/ septembre et novembre), certaines routes deviennent impraticables. Il est donc pr\u00e9f\u00e9rable de s\u2019y rendre pendant la saison s\u00e8che. Dans ce cas, pensez \u00e0 emporter un chapeau et une cr\u00e8me solaire indice 50. Sans oublier, le kit antimoustique.<br><\/p>\n\n\n\n<h2 class=\"gb-headline gb-headline-8997eb7b gb-headline-text\"><span class=\"ez-toc-section\" id=\"faq\"><\/span>FAQ<span class=\"ez-toc-section-end\"><\/span><\/h2>\n\n\n<div id=\"rank-math-faq\" class=\"rank-math-block\">\n<div class=\"rank-math-list \">\n<div id=\"faq-question-1634723263693\" class=\"rank-math-list-item\">\n<h3 class=\"rank-math-question \">O\u00f9 se trouve le  Parc National Murchison Falls ?<\/h3>\n<div class=\"rank-math-answer \">\n\n<p>Le parc se situe au nord-ouest de l\u2019Ouganda au niveau du lac Albert autour du Nil Victoria.<\/p>\n\n<\/div>\n<\/div>\n<div id=\"faq-question-1634723285105\" class=\"rank-math-list-item\">\n<h3 class=\"rank-math-question \">Combien co\u00fbte l&rsquo;entr\u00e9e au Parc National Murchison Falls ?<\/h3>\n<div class=\"rank-math-answer \">\n\n<p>Les\u00a0frais d\u2019entr\u00e9e par personne\u00a0au parc sont de 30 \u00e0 40$ US pour les adultes et de 10 \u00e0 20$ pour les enfants.<\/p>\n\n<\/div>\n<\/div>\n<div id=\"faq-question-1634723293355\" class=\"rank-math-list-item\">\n<h3 class=\"rank-math-question \">Quels animaux peut-on voir ?<\/h3>\n<div class=\"rank-math-answer \">\n\n<p>Vous pouvez voir en plus des fameux chimpanz\u00e9s : des hippopotames, girafes, phacoch\u00e8res, buffles du Cap, kobs d&rsquo;Ouganda, bubales et des \u00e9l\u00e9phants.<\/p>\n\n<\/div>\n<\/div>\n<\/div>\n<\/div>","protected":false},"excerpt":{"rendered":"<p>Cr\u00e9\u00e9 en 1952, le Parc National Murchison Falls en Ouganda doit son nom aux incroyables chutes d\u2019eau qui le caract\u00e9risent si bien. Mais surtout, c\u2019est la plus grande r\u00e9serve du pays avec une superficie de 3 840 km2. Ainsi, vous y d\u00e9couvrirez une grande vari\u00e9t\u00e9 d&rsquo;esp\u00e8ces d\u2019animaux et de paysages. Pourquoi se rendre au Parc &#8230; <a title=\"Parc National Murchison Falls\" class=\"read-more\" href=\"https:\/\/mistersafari.com\/fr\/safari-ouganda\/parcs-reserves\/parc-national-murchison-falls\/\" aria-label=\"En savoir plus sur Parc National Murchison Falls\">Lire la suite<\/a><\/p>\n","protected":false},"author":3,"featured_media":3509,"parent":3380,"menu_order":5,"comment_status":"closed","ping_status":"closed","template":"","meta":{"_acf_changed":false,"footnotes":""},"content_type":[],"country":[],"class_list":{"0":"post-3386","1":"page","2":"type-page","3":"status-publish","4":"has-post-thumbnail","6":"no-featured-image-padding"},"acf":{"hreflang":null},"_links":{"self":[{"href":"https:\/\/mistersafari.com\/fr\/wp-json\/wp\/v2\/pages\/3386","targetHints":{"allow":["GET"]}}],"collection":[{"href":"https:\/\/mistersafari.com\/fr\/wp-json\/wp\/v2\/pages"}],"about":[{"href":"https:\/\/mistersafari.com\/fr\/wp-json\/wp\/v2\/types\/page"}],"author":[{"embeddable":true,"href":"https:\/\/mistersafari.com\/fr\/wp-json\/wp\/v2\/users\/3"}],"replies":[{"embeddable":true,"href":"https:\/\/mistersafari.com\/fr\/wp-json\/wp\/v2\/comments?post=3386"}],"version-history":[{"count":8,"href":"https:\/\/mistersafari.com\/fr\/wp-json\/wp\/v2\/pages\/3386\/revisions"}],"predecessor-version":[{"id":5535,"href":"https:\/\/mistersafari.com\/fr\/wp-json\/wp\/v2\/pages\/3386\/revisions\/5535"}],"up":[{"embeddable":true,"href":"https:\/\/mistersafari.com\/fr\/wp-json\/wp\/v2\/pages\/3380"}],"wp:featuredmedia":[{"embeddable":true,"href":"https:\/\/mistersafari.com\/fr\/wp-json\/wp\/v2\/media\/3509"}],"wp:attachment":[{"href":"https:\/\/mistersafari.com\/fr\/wp-json\/wp\/v2\/media?parent=3386"}],"wp:term":[{"taxonomy":"content_type","embeddable":true,"href":"https:\/\/mistersafari.com\/fr\/wp-json\/wp\/v2\/content_type?post=3386"},{"taxonomy":"country","embeddable":true,"href":"https:\/\/mistersafari.com\/fr\/wp-json\/wp\/v2\/country?post=3386"}],"curies":[{"name":"wp","href":"https:\/\/api.w.org\/{rel}","templated":true}]}}