{"id":3384,"date":"2021-07-16T12:59:36","date_gmt":"2021-07-16T12:59:36","guid":{"rendered":"https:\/\/mistersafari.com\/fr\/safari-ouganda\/parcs-reserves\/parc-national-de-kibale\/"},"modified":"2022-10-03T07:19:17","modified_gmt":"2022-10-03T07:19:17","slug":"parc-national-kibale","status":"publish","type":"page","link":"https:\/\/mistersafari.com\/fr\/safari-ouganda\/parcs-reserves\/parc-national-kibale\/","title":{"rendered":"Parc National de Kibale"},"content":{"rendered":"\n<p>Vous souhaitez partir \u00e0 la d\u00e9couverte des chimpanz\u00e9s ? Dans ce cas, le Parc National de Kibale est sans doute l&rsquo;une des meilleures destinations d&rsquo;Ouganda. En effet, il dispose de la plus grande diversit\u00e9 de primates d\u2019Afrique. Avec une superficie de 795 km\u00b2, cette r\u00e9serve naturelle vous fait d\u00e9couvrir ses for\u00eats tropicales et tous ses tr\u00e9sors. Mais avant de partir \u00e0 l\u2019aventure, lisez notre guide.<\/p>\n\n\n<div id=\"ez-toc-container\" class=\"ez-toc-v2_0_76 counter-flat ez-toc-counter ez-toc-custom ez-toc-container-direction\">\n<div class=\"ez-toc-title-container\"><p class=\"ez-toc-title\" style=\"cursor:inherit\">Sommaire<\/p>\n<\/div><nav><ul class='ez-toc-list ez-toc-list-level-1 ' ><li class='ez-toc-page-1'><a class=\"ez-toc-link ez-toc-heading-1\" href=\"https:\/\/mistersafari.com\/fr\/safari-ouganda\/parcs-reserves\/parc-national-kibale\/#pourquoi-se-rendre-au-parc-national-de-kibale\" >Pourquoi se rendre au Parc National de Kibale ?<\/a><\/li><li class='ez-toc-page-1'><a class=\"ez-toc-link ez-toc-heading-2\" href=\"https:\/\/mistersafari.com\/fr\/safari-ouganda\/parcs-reserves\/parc-national-kibale\/#comment-se-rendre-au-parc-national-de-kibale\" >Comment se rendre au Parc National de Kibale ?<\/a><\/li><li class='ez-toc-page-1'><a class=\"ez-toc-link ez-toc-heading-3\" href=\"https:\/\/mistersafari.com\/fr\/safari-ouganda\/parcs-reserves\/parc-national-kibale\/#tarif-et-reglementation\" >Tarif et r\u00e9glementation<\/a><\/li><li class='ez-toc-page-1'><a class=\"ez-toc-link ez-toc-heading-4\" href=\"https:\/\/mistersafari.com\/fr\/safari-ouganda\/parcs-reserves\/parc-national-kibale\/#ou-dormir-au-parc-national-de-kibale\" >O\u00f9 dormir au Parc National de Kibale ?<\/a><\/li><li class='ez-toc-page-1'><a class=\"ez-toc-link ez-toc-heading-5\" href=\"https:\/\/mistersafari.com\/fr\/safari-ouganda\/parcs-reserves\/parc-national-kibale\/#le-parc-national-de-kibale-autres-informations-pratiques\" >Le Parc National de Kibale : autres informations pratiques<\/a><\/li><\/ul><\/nav><\/div>\n\n\n\n\n<h2 class=\"wp-block-heading\"><span class=\"ez-toc-section\" id=\"pourquoi-se-rendre-au-parc-national-de-kibale\"><\/span>Pourquoi se rendre au Parc National de Kibale ?<span class=\"ez-toc-section-end\"><\/span><\/h2>\n\n\n\n<h3 class=\"wp-block-heading\">La d\u00e9couverte des chimpanz\u00e9s<\/h3>\n\n\n\n<p>Le Parc National de Kibale accueille le plus grand nombre et la plus grande diversit\u00e9 de primates d&rsquo;Afrique. Et pour cause, cet espace naturel recueille 13 esp\u00e8ces diff\u00e9rentes.<\/p>\n\n\n\n<p>Parmi elles, vous verrez plus de 1450 chimpanz\u00e9s. Ce sont d\u2019ailleurs les plus populaires du parc.<\/p>\n\n\n\n<p>Vous pourrez \u00e9galement d\u00e9couvrir les singes de L&rsquo;Hoest, les singes colobes rouges, les colobes noir et blanc, les singes \u00e0 queue rouge, les singes bleus, les babouins oliv\u00e2tres, les mangabeys \u00e0 joues grises, les b\u00e9b\u00e9s des buissons ou encore des pottos.&nbsp;<\/p>\n\n\n\n<p>Du fait de sa grande diversit\u00e9 de primates, le Parc National de la for\u00eat de Kibale a d\u00e9velopp\u00e9 son activit\u00e9 phare : le pistage des chimpanz\u00e9s. Pour vivre cette exp\u00e9rience unique, rendez-vous au centre d&rsquo;accueil de Kanyanchu. Vous partirez alors pour une dur\u00e9e de 2 \u00e0 3 heures dans les for\u00eats d\u2019Ouganda. Au cours de cette excursion, les guides vous aideront \u00e0 reconna\u00eetre les primates et vous donneront des explications sur leurs habitudes, leur mode de vie, leurs traditions, etc.<\/p>\n\n\n\n<h3 class=\"wp-block-heading\">La diversit\u00e9 de la faune et de la flore&nbsp;<\/h3>\n\n\n\n<p>La for\u00eat de Kibale dispose d\u2019une v\u00e9g\u00e9tation vari\u00e9e pour le plus grand plaisir des animaux qui y habitent.&nbsp;<\/p>\n\n\n\n<p>Le long du plateau de Fort Portal, vous serez donc immerg\u00e9 dans une for\u00eat tropicale humide, voire s\u00e8che \u00e0 certains endroits. En vous rapprochant de la vall\u00e9e du rift, c\u2019est la savane qui prend place. Au centre du Parc National de Kibale, la for\u00eat est tr\u00e8s haute et la v\u00e9g\u00e9tation peut s\u2019\u00e9lever jusqu\u2019\u00e0 55 m\u00e8tres de hauteur.&nbsp;<\/p>\n\n\n\n<p>Au total, 351 esp\u00e8ces d\u2019arbres sont enregistr\u00e9es, avec une vari\u00e9t\u00e9 de foug\u00e8res, d\u2019arbustes et d\u2019herbes foresti\u00e8res.&nbsp;<\/p>\n\n\n\n<p>Cette v\u00e9g\u00e9tation dense en fait le lieu de vie privil\u00e9gi\u00e9 des primates. Mais pas seulement. Si vous avez de la chance, vous pourrez \u00e9galement apercevoir des buffles, des l\u00e9opards, des cochons de brousse, des \u00e9l\u00e9phants, des c\u00e9phalophes, des amphibiens, des reptiles ainsi que des papillons color\u00e9s.<\/p>\n\n\n\n<p>\u00c0 cela s\u2019ajoutent 325 esp\u00e8ces d\u2019oiseaux qui peuplent le Parc National de la for\u00eat de Kibale. Certains d\u2019entre eux sont d\u2019ailleurs originaires de la r\u00e9gion, comme le crimsonwing, l&rsquo;apalis \u00e0 t\u00eate noire, le sunbird \u00e0 t\u00eate bleue, la paruline des bois \u00e0 face rouge et le sunbird \u00e0 poitrine violette.<\/p>\n\n\n\n<h3 class=\"wp-block-heading\">Une randonn\u00e9e dans la for\u00eat de Kibale&nbsp;<\/h3>\n\n\n\n<p>Amateur de randonn\u00e9e ? Un sentier de 12 kilom\u00e8tres vous attend. Mais attention, pour profiter de la nature sauvage et de ses habitants, il est pr\u00e9f\u00e9rable de s\u2019y rendre pendant la saison s\u00e8che.<\/p>\n\n\n\n<p>\u00c0 cette p\u00e9riode, vous aurez l\u2019opportunit\u00e9 d\u2019admirer la grande vari\u00e9t\u00e9 de l\u2019\u00e9cosyst\u00e8me fait de for\u00eats riveraines, de marais, de prairies et de for\u00eats tropicales humides. Cette excursion vous permettra d\u2019observer les oiseaux, ainsi que les primates du Parc National de Kibale.<\/p>\n\n\n\n<h3 class=\"wp-block-heading\">Une visite culturelle<\/h3>\n\n\n\n<p>Pour vous impr\u00e9gner parfaitement de la culture ougandaise, il est conseill\u00e9 de faire un tour guid\u00e9. Un local vous emm\u00e8nera \u00e0 la rencontre des autochtones Batooro et des immigrants Bakiga.<\/p>\n\n\n\n<p>Ainsi, vous pourrez visiter les villages traditionnels pour en apprendre davantage sur leur mode de vie et leur quotidien. Vous y verrez alors l&rsquo;\u00e9glise, l\u2019\u00e9cole, le gu\u00e9risseur du village, mais aussi les chants et les danses traditionnels.<\/p>\n\n\n\n<h2 class=\"wp-block-heading\"><span class=\"ez-toc-section\" id=\"comment-se-rendre-au-parc-national-de-kibale\"><\/span>Comment se rendre au Parc National de Kibale ?<span class=\"ez-toc-section-end\"><\/span><\/h2>\n\n\n\n<p>Situ\u00e9 dans la partie occidentale de l&rsquo;Ouganda, le Parc National de Kibale est \u00e0 environ 348 km de Kampala (soit 5 heures de route) et \u00e0 26 km au sud-est de Fort Portal.<\/p>\n\n\n\n<p>Pour vous y rendre depuis Kampala, passez par Mubenda. C\u2019est la route la plus accessible et aussi la plus courte. En revanche, si vous souhaitez vous rendre au sud du parc, vous pouvez emprunter les routes Mbarara ou Kamwenge.<\/p>\n\n\n\n<p>Outre la voiture, il est aussi possible de prendre le bus. Celui-ci circule quotidiennement depuis Kampala jusqu\u2019\u00e0 Fort Portal. D\u2019ici, vous prendrez un autre bus en direction de Kamwenge.<\/p>\n\n\n\n<h2 class=\"wp-block-heading\"><span class=\"ez-toc-section\" id=\"tarif-et-reglementation\"><\/span>Tarif et r\u00e9glementation<span class=\"ez-toc-section-end\"><\/span><\/h2>\n\n\n\n<h3 class=\"wp-block-heading\">Tarifs<\/h3>\n\n\n\n<p>Pour profiter au maximum de votre s\u00e9jour, il est possible d\u2019opter pour des forfaits de plusieurs jours. Voici quelques exemples de tarifs :&nbsp;<\/p>\n\n\n\n<ul class=\"wp-block-list\"><li>3 jours : 800 $<\/li><li>5 jours : 1 700 $<\/li><li>7 jours : 2 100 $<\/li><\/ul>\n\n\n\n<p>En r\u00e9alit\u00e9, ces tarifs d\u00e9pendent largement des options que vous choisissez. Par exemple :&nbsp;<\/p>\n\n\n\n<ul class=\"wp-block-list\"><li>Entr\u00e9e du parc : 40 $ pour les non-r\u00e9sidents &#8211; 20 $ pour les enfants<\/li><li>Chimpanzee trekking : 200 $<\/li><li>Visite guid\u00e9e pour d\u00e9couvrir les oiseaux : 30 $<\/li><\/ul>\n\n\n\n<p>Par ailleurs, le prix de l&rsquo;h\u00e9bergement influe aussi sur votre forfait, selon que vous choisissiez un h\u00f4tel grand luxe, un camping ou une auberge de jeunesse.<\/p>\n\n\n\n<h3 class=\"wp-block-heading\">R\u00e9glementation<\/h3>\n\n\n\n<p>Lors de votre visite dans le Parc National de Kibale, il est primordial de respecter plusieurs r\u00e8gles pour le bien-\u00eatre des animaux et la protection de la nature :&nbsp;<\/p>\n\n\n\n<ul class=\"wp-block-list\"><li>Respecter une distance d&rsquo;environ 8 m\u00e8tres entre vous et les chimpanz\u00e9s. \u00c9vitez \u00e9galement toute tentative d&rsquo;approche, car ces primates ont besoin de libert\u00e9.&nbsp;<\/li><li>Les personnes souffrant de grippe ou de diarrh\u00e9e ne sont pas autoris\u00e9es dans le parc. De m\u00eame que les enfants de moins de 12 ans.&nbsp;<\/li><li>Il est interdit de manger \u00e0 proximit\u00e9 des primates.&nbsp;<\/li><li>Pour garantir le bien-\u00eatre des primates, enlevez le flash de votre appareil photo.&nbsp;<\/li><\/ul>\n\n\n\n<h2 class=\"wp-block-heading\"><span class=\"ez-toc-section\" id=\"ou-dormir-au-parc-national-de-kibale\"><\/span>O\u00f9 dormir au Parc National de Kibale ?<span class=\"ez-toc-section-end\"><\/span><\/h2>\n\n\n\n<p>Le Parc National de Kibale offre plusieurs types de logements pour tous les budgets et tous conforts. Par exemple, vous pourrez dormir dans des chambres haut de gamme, des cabanes dans les arbres ou des cottages.<\/p>\n\n\n\n<p>Voici les h\u00e9bergements les plus r\u00e9put\u00e9s de la for\u00eat de Kibale :&nbsp;<\/p>\n\n\n\n<ul class=\"wp-block-list\"><li>Primate Lodge Kibale ;<\/li><li>Nyinabulitwa Country Resort ;<\/li><li>Chimps\u2019 Nest ;<\/li><li>Kanyanchu River Camp ;<\/li><li>Kibale Forest Camp.&nbsp;<\/li><\/ul>\n\n\n\n<h2 class=\"wp-block-heading\"><span class=\"ez-toc-section\" id=\"le-parc-national-de-kibale-autres-informations-pratiques\"><\/span>Le Parc National de Kibale : autres informations pratiques<span class=\"ez-toc-section-end\"><\/span><\/h2>\n\n\n\n<h3 class=\"wp-block-heading\">Quand partir ?<\/h3>\n\n\n\n<p>Le Parc National de Kibale, comme le reste de l\u2019Ouganda, b\u00e9n\u00e9ficie de temp\u00e9ratures agr\u00e9ables (entre 14 et 27 degr\u00e9s), et ce, tout au long de l\u2019ann\u00e9e. N\u00e9anmoins, la meilleure saison est la p\u00e9riode s\u00e8che, c&rsquo;est-\u00e0-dire, entre d\u00e9cembre et f\u00e9vrier, puis juin \u00e0 septembre.<\/p>\n\n\n\n<p>Si vous venez en saison humide, vous ne pourrez explorer l\u2019int\u00e9gralit\u00e9 du parc. En effet, toutes les routes ne seront pas praticables \u00e0 ces p\u00e9riodes de l\u2019ann\u00e9e. En particulier, celles de la zone nord qui conna\u00eet des pr\u00e9cipitations annuelles de 1700 mm.<\/p>\n\n\n\n<h3 class=\"wp-block-heading\">Que visiter autour ?<\/h3>\n\n\n\n<p>Le Parc National de Kibale se situe \u00e0 proximit\u00e9 de la belle ville de Fort Portal. Celle-ci abrite plus de 50 lacs r\u00e9partis dans diff\u00e9rents crat\u00e8res. Parmi les plus r\u00e9put\u00e9s, il y a le crat\u00e8re Ndali Kasenda.<\/p>\n\n\n\n<p>Et si vous \u00eates dans le sud du parc, il vous sera facile d\u2019acc\u00e9der au Parc National Queen Elizabeth qui est limitrophe.<\/p>\n","protected":false},"excerpt":{"rendered":"<p>Vous souhaitez partir \u00e0 la d\u00e9couverte des chimpanz\u00e9s ? Dans ce cas, le Parc National de Kibale est sans doute l&rsquo;une des meilleures destinations d&rsquo;Ouganda. En effet, il dispose de la plus grande diversit\u00e9 de primates d\u2019Afrique. Avec une superficie de 795 km\u00b2, cette r\u00e9serve naturelle vous fait d\u00e9couvrir ses for\u00eats tropicales et tous ses &#8230; <a title=\"Parc National de Kibale\" class=\"read-more\" href=\"https:\/\/mistersafari.com\/fr\/safari-ouganda\/parcs-reserves\/parc-national-kibale\/\" aria-label=\"En savoir plus sur Parc National de Kibale\">Lire la suite<\/a><\/p>\n","protected":false},"author":3,"featured_media":3508,"parent":3380,"menu_order":4,"comment_status":"closed","ping_status":"closed","template":"","meta":{"_acf_changed":false,"footnotes":""},"content_type":[],"country":[],"class_list":{"0":"post-3384","1":"page","2":"type-page","3":"status-publish","4":"has-post-thumbnail","6":"no-featured-image-padding"},"acf":{"hreflang":[{"alternative_url":"https:\/\/mistersafari.com\/kibale-national-park\/","language":"en"}]},"_links":{"self":[{"href":"https:\/\/mistersafari.com\/fr\/wp-json\/wp\/v2\/pages\/3384","targetHints":{"allow":["GET"]}}],"collection":[{"href":"https:\/\/mistersafari.com\/fr\/wp-json\/wp\/v2\/pages"}],"about":[{"href":"https:\/\/mistersafari.com\/fr\/wp-json\/wp\/v2\/types\/page"}],"author":[{"embeddable":true,"href":"https:\/\/mistersafari.com\/fr\/wp-json\/wp\/v2\/users\/3"}],"replies":[{"embeddable":true,"href":"https:\/\/mistersafari.com\/fr\/wp-json\/wp\/v2\/comments?post=3384"}],"version-history":[{"count":5,"href":"https:\/\/mistersafari.com\/fr\/wp-json\/wp\/v2\/pages\/3384\/revisions"}],"predecessor-version":[{"id":6721,"href":"https:\/\/mistersafari.com\/fr\/wp-json\/wp\/v2\/pages\/3384\/revisions\/6721"}],"up":[{"embeddable":true,"href":"https:\/\/mistersafari.com\/fr\/wp-json\/wp\/v2\/pages\/3380"}],"wp:featuredmedia":[{"embeddable":true,"href":"https:\/\/mistersafari.com\/fr\/wp-json\/wp\/v2\/media\/3508"}],"wp:attachment":[{"href":"https:\/\/mistersafari.com\/fr\/wp-json\/wp\/v2\/media?parent=3384"}],"wp:term":[{"taxonomy":"content_type","embeddable":true,"href":"https:\/\/mistersafari.com\/fr\/wp-json\/wp\/v2\/content_type?post=3384"},{"taxonomy":"country","embeddable":true,"href":"https:\/\/mistersafari.com\/fr\/wp-json\/wp\/v2\/country?post=3384"}],"curies":[{"name":"wp","href":"https:\/\/api.w.org\/{rel}","templated":true}]}}