{"id":3382,"date":"2021-07-16T12:59:36","date_gmt":"2021-07-16T12:59:36","guid":{"rendered":"https:\/\/mistersafari.com\/fr\/safari-ouganda\/parcs-reserves\/parc-national-queen-elizabeth\/"},"modified":"2021-09-27T14:21:05","modified_gmt":"2021-09-27T14:21:05","slug":"parc-national-queen-elizabeth","status":"publish","type":"page","link":"https:\/\/mistersafari.com\/fr\/safari-ouganda\/parcs-reserves\/parc-national-queen-elizabeth\/","title":{"rendered":"Parc National Queen Elizabeth"},"content":{"rendered":"\n<p>Suite \u00e0 la visite de la Reine d\u2019Angleterre en 1954, l\u2019un des plus grands parcs de l\u2019Ouganda porte d\u00e9sormais son nom : le Parc National Queen Elizabeth. S&rsquo;\u00e9tendant sur plus de 2000 km2, cette r\u00e9serve vous fera d\u00e9couvrir une grande diversit\u00e9 d\u2019animaux, en particulier des hippopotames et des oiseaux. Mais aussi des paysages incroyables.<\/p>\n\n\n<div id=\"ez-toc-container\" class=\"ez-toc-v2_0_76 counter-flat ez-toc-counter ez-toc-custom ez-toc-container-direction\">\n<div class=\"ez-toc-title-container\"><p class=\"ez-toc-title\" style=\"cursor:inherit\">Sommaire<\/p>\n<\/div><nav><ul class='ez-toc-list ez-toc-list-level-1 ' ><li class='ez-toc-page-1'><a class=\"ez-toc-link ez-toc-heading-1\" href=\"https:\/\/mistersafari.com\/fr\/safari-ouganda\/parcs-reserves\/parc-national-queen-elizabeth\/#pourquoi-se-rendre-au-parc-national-queen-elizabeth\" >Pourquoi se rendre au Parc National Queen Elizabeth ?<\/a><\/li><li class='ez-toc-page-1'><a class=\"ez-toc-link ez-toc-heading-2\" href=\"https:\/\/mistersafari.com\/fr\/safari-ouganda\/parcs-reserves\/parc-national-queen-elizabeth\/#comment-se-rendre-au-parc-national-queen-elizabeth\" >Comment se rendre au Parc National Queen Elizabeth ?<\/a><\/li><li class='ez-toc-page-1'><a class=\"ez-toc-link ez-toc-heading-3\" href=\"https:\/\/mistersafari.com\/fr\/safari-ouganda\/parcs-reserves\/parc-national-queen-elizabeth\/#tarif-et-reglementation\" >Tarif et r\u00e9glementation<\/a><\/li><li class='ez-toc-page-1'><a class=\"ez-toc-link ez-toc-heading-4\" href=\"https:\/\/mistersafari.com\/fr\/safari-ouganda\/parcs-reserves\/parc-national-queen-elizabeth\/#ou-dormir-au-parc-national-queen-elizabeth\" >O\u00f9 dormir au Parc National Queen Elizabeth ?<\/a><\/li><li class='ez-toc-page-1'><a class=\"ez-toc-link ez-toc-heading-5\" href=\"https:\/\/mistersafari.com\/fr\/safari-ouganda\/parcs-reserves\/parc-national-queen-elizabeth\/#le-parc-national-queen-elizabeth-autres-informations-pratiques\" >Le Parc National Queen Elizabeth : autres informations pratiques<\/a><\/li><\/ul><\/nav><\/div>\n\n\n\n\n<h2 class=\"wp-block-heading\"><span class=\"ez-toc-section\" id=\"pourquoi-se-rendre-au-parc-national-queen-elizabeth\"><\/span>Pourquoi se rendre au Parc National Queen Elizabeth ?<span class=\"ez-toc-section-end\"><\/span><\/h2>\n\n\n\n<h3 class=\"wp-block-heading\">La diversit\u00e9 de la faune&nbsp;<\/h3>\n\n\n\n<p>Cr\u00e9\u00e9 en 1952, le Parc National Queen Elizabeth en Ouganda est class\u00e9 comme r\u00e9serve mondiale de biosph\u00e8re par l\u2019Unesco.<\/p>\n\n\n\n<p>Il accueille 95 esp\u00e8ces de mammif\u00e8res de toutes tailles. Vous aurez ainsi l\u2019occasion de voir des \u00e9l\u00e9phants un peu partout, des hippopotames par centaines sur le canal de Kazinga, des lions qui grimpent aux arbres, des hy\u00e8nes qui occupent les prairies touffues, des buffles, des crocodiles qui se prom\u00e8nent entre les fleuves et les lacs, des singes qui jouent dans la for\u00eat (chimpanz\u00e9, babouins, colobes noir et blanc), des cobs, des phacoch\u00e8res, des damalisques, des potamoch\u00e8res, et bien d\u2019autres.<\/p>\n\n\n\n<p>Pour les amateurs d&rsquo;ornithologie, le Parc National Queen Elizabeth est aussi un petit paradis. Et pour cause, la r\u00e9serve compte plus de 600 esp\u00e8ces d\u2019oiseaux. Vous verrez par exemple des \u00e9chassiers, des rapaces, des martins-p\u00eacheurs, des h\u00e9rons Goliath, des ibis, des oies \u00e9gyptiennes, des p\u00e9licans, des grues royales (l\u2019embl\u00e8me du pays), etc. Un d\u00e9fil\u00e9 de couleurs vous attend lors de votre excursion dans la savane de l\u2019Ouganda.<\/p>\n\n\n\n<h3 class=\"wp-block-heading\">Une excursion sur Kazinga Channel<\/h3>\n\n\n\n<p>Cette rivi\u00e8re relie le lac Georges et le lac Edward, et ce, sur 40 km de long. Sa longueur et la richesse de son \u00e9cosyst\u00e8me en font l\u2019un des sites les plus populaires de la r\u00e9serve. Et pour le d\u00e9couvrir en profondeur, il est possible de partir en excursion en bateau.&nbsp;<\/p>\n\n\n\n<p>Lors de cette promenade, vous aurez l\u2019opportunit\u00e9 d\u2019admirer toute la faune qui s\u2019y cache. Notamment des hippopotames. Et pour cause, Kazinga Channel est r\u00e9put\u00e9 pour attirer la plus grande concentration d\u2019hippopotames. Ces derniers jouent dans l\u2019eau ou se reposent le long des berges. Quoi qu\u2019il en soit, ils ne s&rsquo;\u00e9loignent jamais trop de la surface de la terre.<\/p>\n\n\n\n<p>\u00c0 leur c\u00f4t\u00e9, vous pourrez \u00e9galement apercevoir des buffles qui en profitent pour se ressourcer dans l\u2019eau.<\/p>\n\n\n\n<p>Et si vous levez les yeux au ciel, la diversit\u00e9 d\u2019oiseaux vous offre un beau spectacle color\u00e9.<\/p>\n\n\n\n<h3 class=\"wp-block-heading\">Un \u00e9cosyst\u00e8me riche<\/h3>\n\n\n\n<p>Outre les animaux, le paysage entourant le Parc National Queen Elizabeth est tout aussi exceptionnel et vari\u00e9.&nbsp;<\/p>\n\n\n\n<p>\u00c0 commencer par le site Ishasha qui couvre une superficie de pr\u00e8s de 100 km2. Cette savane herbeuse accueille les grands pr\u00e9dateurs d&rsquo;Afrique, et notamment les lions. Mais ce ne sont pas des lions ordinaires puisqu\u2019ils adorent grimper aux arbres.<\/p>\n\n\n\n<p>Faites \u00e9galement une excursion en direction des Twins Lakes. Il s\u2019agit de deux lacs s\u00e9par\u00e9s par une bande de terre. Et m\u00eame s\u2019ils sont \u201cjumeaux\u201d, ils sont en r\u00e9alit\u00e9 bien diff\u00e9rents, puisque l\u2019un est dot\u00e9 d\u2019une eau tr\u00e8s claire, alors que l\u2019autre est plut\u00f4t sombre et vert.<\/p>\n\n\n\n<p>Et bien s\u00fbr, profitez de votre s\u00e9jour dans le parc Queen Elizabeth pour explorer les for\u00eats Maramagambo. Ici, les bois d\u2019acacia et les mar\u00e9cages se rencontrent, offrant ainsi un cadre de vie id\u00e9al pour les primates et les oiseaux. Si vous souhaitez les apercevoir, il vous suffit de bien ouvrir les yeux.<\/p>\n\n\n\n<p>Dans une autre ambiance, le parc accueille aussi un petit village de p\u00eacheurs. C\u2019est l&rsquo;occasion de d\u00e9couvrir les habitants et leur mode de vie.<\/p>\n\n\n\n<h3 class=\"wp-block-heading\">Les vestiges de la monarchie<\/h3>\n\n\n\n<p>Au milieu du XXe si\u00e8cle, l\u2019Ouganda faisait encore partie des colonies britanniques. C\u2019est ainsi que la Reine Elizabeth est venue visiter ce parc d\u2019une beaut\u00e9 \u00e9poustouflante. Aujourd\u2019hui, on retrouve des traces de son passage puisque le pavillon construit pour la prot\u00e9ger du soleil est toujours pr\u00e9sent. Il est possible de le visiter pour replonger dans cette \u00e9poque glorieuse.<\/p>\n\n\n\n<p>Apr\u00e8s l\u2019exploration du duc d\u2019\u00c9dimbourg en 2007, de nombreuses r\u00e9novations ont \u00e9t\u00e9 entreprises. Vous pourrez alors b\u00e9n\u00e9ficier de plusieurs \u00e9quipements comme un caf\u00e9 ou des services internet.<\/p>\n\n\n\n<h2 class=\"wp-block-heading\"><span class=\"ez-toc-section\" id=\"comment-se-rendre-au-parc-national-queen-elizabeth\"><\/span>Comment se rendre au Parc National Queen Elizabeth ?<span class=\"ez-toc-section-end\"><\/span><\/h2>\n\n\n\n<p>Facilement accessible, le Parc National Queen Elizabeth est aussi l\u2019un des favoris des touristes venus visiter l\u2019Ouganda.<\/p>\n\n\n\n<p>Du fait de son attractivit\u00e9, plusieurs moyens de transport sont disponibles :&nbsp;<\/p>\n\n\n\n<ul class=\"wp-block-list\"><li>La voiture : depuis Kampala, prenez la route en direction de Mbarara et Busheny, et suivez les indications vous menant vers la r\u00e9serve. Le long du chemin, la route est goudronn\u00e9e.&nbsp;<\/li><li>Les transports en commun : il existe deux lignes de bus qui s&rsquo;arr\u00eatent au parc ; celle de la Poste et Link. Ces derniers font le trajet entre Kasese et Kampala. Si vous \u00eates \u00e0 <a href=\"https:\/\/mistersafari.com\/fr\/safari-ouganda\/parcs-reserves\/parc-national-kibale\/\" data-type=\"page\" data-id=\"3384\">Kibale<\/a>, il faudra vous rendre en Fort Portal pour prendre le bus en direction de Kasese.<\/li><\/ul>\n\n\n\n<h2 class=\"wp-block-heading\"><span class=\"ez-toc-section\" id=\"tarif-et-reglementation\"><\/span>Tarif et r\u00e9glementation<span class=\"ez-toc-section-end\"><\/span><\/h2>\n\n\n\n<p>Entre une traque des lions sur le site d\u2019Ishasha, une balade en bateau sur le canal de Kazinga et une promenade dans la for\u00eat \u00e0 la d\u00e9couverte des chimpanz\u00e9s, il est pr\u00e9f\u00e9rable d\u2019organiser un s\u00e9jour sur plusieurs jours.<\/p>\n\n\n\n<p>Pour cette raison, le parc propose des forfaits sur 2, 3, 4, 5, et m\u00eame sur 8 jours.<\/p>\n\n\n\n<p>En moyenne, il faudra pr\u00e9voir environ 700 \u20ac pour 3 jours. Pour ce tarif, vous avez les transports inclus, le logement et la nourriture.<\/p>\n\n\n\n<h2 class=\"wp-block-heading\"><span class=\"ez-toc-section\" id=\"ou-dormir-au-parc-national-queen-elizabeth\"><\/span>O\u00f9 dormir au Parc National Queen Elizabeth ?<span class=\"ez-toc-section-end\"><\/span><\/h2>\n\n\n\n<p>Pour dormir au Parc National Queen Elizabeth, plusieurs options vous sont offertes en fonction de votre budget et de vos exigences de confort. Voici les lodges les plus populaires :&nbsp;<\/p>\n\n\n\n<ul class=\"wp-block-list\"><li>Le Mazike Lodge vous offre tout le confort n\u00e9cessaire avec ses 8 bungalows. En prime, vous b\u00e9n\u00e9ficiez d\u2019une vue \u00e0 couper le souffle, puisque le Mazike Lodge est situ\u00e9 sur un petit promontoire surplombant la savane.<\/li><li>Ishasha Wilderness Camp : situ\u00e9 au niveau du site d\u2019Ishasha au bord de la rivi\u00e8re Ntungwe, ce camp vous offre une belle exp\u00e9rience en pleine nature sauvage. Vous dormirez alors dans une tente confortablement meubl\u00e9e avec douche et petit salon.&nbsp;<\/li><li>Kyambura Gorge Lodge : ce lodge vous accueille dans un style r\u00e9solument africain, mais empreint de modernit\u00e9. Ici, vous avez tout le confort n\u00e9cessaire pour votre s\u00e9jour. Vous dormez dans des bandas en bois, avec salle de douche luxe, service de majordome, piscine, espace de massage et acc\u00e8s wifi.&nbsp;<\/li><li>Queen Elizabeth Bush Lodge : ce lodge est parfait pour les petits budgets. Situ\u00e9 au c\u0153ur du camp, vous aurez l\u2019opportunit\u00e9 d\u2019apercevoir la nature et les animaux d\u00e8s votre r\u00e9veil.&nbsp;<\/li><\/ul>\n\n\n\n<h2 class=\"wp-block-heading\"><span class=\"ez-toc-section\" id=\"le-parc-national-queen-elizabeth-autres-informations-pratiques\"><\/span>Le Parc National Queen Elizabeth : autres informations pratiques<span class=\"ez-toc-section-end\"><\/span><\/h2>\n\n\n\n<h3 class=\"wp-block-heading\">Quand partir ?<\/h3>\n\n\n\n<p>L&rsquo;Ouganda b\u00e9n\u00e9ficie de temp\u00e9ratures cl\u00e9mentes tout au long de l\u2019ann\u00e9e. Vous pouvez donc partir \u00e0 tout moment pour visiter le Parc National Queen Elizabeth. N\u00e9anmoins, les fortes pr\u00e9cipitations peuvent aussi perturber votre voyage. C\u2019est pourquoi, il est conseill\u00e9 d\u2019\u00e9viter les p\u00e9riodes entre mars et mai et entre septembre et novembre.<\/p>\n\n\n\n<h3 class=\"wp-block-heading\">Quelles sont les activit\u00e9s \u00e0 proximit\u00e9 ?<\/h3>\n\n\n\n<p>Profitez de votre s\u00e9jour en Ouganda pour faire des safaris et explorer la nature. Et \u00e7a tombe bien puisque le Parc National Queen Elizabeth se trouve \u00e0 c\u00f4t\u00e9 d\u2019autres r\u00e9serves naturelles, telles que :&nbsp;<\/p>\n\n\n\n<ul class=\"wp-block-list\"><li>le <a href=\"https:\/\/mistersafari.com\/fr\/safari-ouganda\/parcs-reserves\/foret-impenetrable-bwindi\/\" data-type=\"page\" data-id=\"3392\">Parc National de Bwindi au sud<\/a> ;\u00a0<\/li><li>le Parc National Rwenzori Mountains au Nord ;<\/li><li>le <a href=\"https:\/\/mistersafari.com\/fr\/safari-ouganda\/parcs-reserves\/parc-national-kibale\/\" data-type=\"page\" data-id=\"3384\">Parc National de la For\u00eat Kibale au Nord<\/a>.<\/li><\/ul>\n","protected":false},"excerpt":{"rendered":"<p>Suite \u00e0 la visite de la Reine d\u2019Angleterre en 1954, l\u2019un des plus grands parcs de l\u2019Ouganda porte d\u00e9sormais son nom : le Parc National Queen Elizabeth. S&rsquo;\u00e9tendant sur plus de 2000 km2, cette r\u00e9serve vous fera d\u00e9couvrir une grande diversit\u00e9 d\u2019animaux, en particulier des hippopotames et des oiseaux. Mais aussi des paysages incroyables. Pourquoi &#8230; <a title=\"Parc National Queen Elizabeth\" class=\"read-more\" href=\"https:\/\/mistersafari.com\/fr\/safari-ouganda\/parcs-reserves\/parc-national-queen-elizabeth\/\" aria-label=\"En savoir plus sur Parc National Queen Elizabeth\">Lire la suite<\/a><\/p>\n","protected":false},"author":3,"featured_media":3506,"parent":3380,"menu_order":0,"comment_status":"closed","ping_status":"closed","template":"","meta":{"_acf_changed":false,"footnotes":""},"content_type":[],"country":[],"class_list":{"0":"post-3382","1":"page","2":"type-page","3":"status-publish","4":"has-post-thumbnail","6":"no-featured-image-padding"},"acf":{"hreflang":null},"_links":{"self":[{"href":"https:\/\/mistersafari.com\/fr\/wp-json\/wp\/v2\/pages\/3382","targetHints":{"allow":["GET"]}}],"collection":[{"href":"https:\/\/mistersafari.com\/fr\/wp-json\/wp\/v2\/pages"}],"about":[{"href":"https:\/\/mistersafari.com\/fr\/wp-json\/wp\/v2\/types\/page"}],"author":[{"embeddable":true,"href":"https:\/\/mistersafari.com\/fr\/wp-json\/wp\/v2\/users\/3"}],"replies":[{"embeddable":true,"href":"https:\/\/mistersafari.com\/fr\/wp-json\/wp\/v2\/comments?post=3382"}],"version-history":[{"count":7,"href":"https:\/\/mistersafari.com\/fr\/wp-json\/wp\/v2\/pages\/3382\/revisions"}],"predecessor-version":[{"id":4478,"href":"https:\/\/mistersafari.com\/fr\/wp-json\/wp\/v2\/pages\/3382\/revisions\/4478"}],"up":[{"embeddable":true,"href":"https:\/\/mistersafari.com\/fr\/wp-json\/wp\/v2\/pages\/3380"}],"wp:featuredmedia":[{"embeddable":true,"href":"https:\/\/mistersafari.com\/fr\/wp-json\/wp\/v2\/media\/3506"}],"wp:attachment":[{"href":"https:\/\/mistersafari.com\/fr\/wp-json\/wp\/v2\/media?parent=3382"}],"wp:term":[{"taxonomy":"content_type","embeddable":true,"href":"https:\/\/mistersafari.com\/fr\/wp-json\/wp\/v2\/content_type?post=3382"},{"taxonomy":"country","embeddable":true,"href":"https:\/\/mistersafari.com\/fr\/wp-json\/wp\/v2\/country?post=3382"}],"curies":[{"name":"wp","href":"https:\/\/api.w.org\/{rel}","templated":true}]}}