{"id":3319,"date":"2021-07-05T14:16:12","date_gmt":"2021-07-05T14:16:12","guid":{"rendered":"https:\/\/mistersafari.com\/fr\/safari-kenya\/lodges\/shimba-hills\/"},"modified":"2022-05-20T08:19:59","modified_gmt":"2022-05-20T08:19:59","slug":"shimba-hills","status":"publish","type":"page","link":"https:\/\/mistersafari.com\/fr\/safari-kenya\/parcs-reserves\/shimba-hills\/","title":{"rendered":"R\u00e9serve de Shimba Hills"},"content":{"rendered":"\n<p>Envie de s\u2019\u00e9vader au Kenya dans un parc national r\u00e9put\u00e9 pour ses cascades, sa v\u00e9g\u00e9tation luxuriante et ses animaux sauvages ? D\u00e9couvrez la mythique r\u00e9serve nationale de Shimba Hills. Abritant une faune et une flore tr\u00e8s riche, elle vous transportera par sa beaut\u00e9 l\u00e9gendaire. Suivez le guide pour r\u00e9ussir votre excursion dans la r\u00e9serve nationale de Shimba Hills.<\/p>\n\n\n<div id=\"ez-toc-container\" class=\"ez-toc-v2_0_76 counter-flat ez-toc-counter ez-toc-custom ez-toc-container-direction\">\n<div class=\"ez-toc-title-container\"><p class=\"ez-toc-title\" style=\"cursor:inherit\">Sommaire<\/p>\n<\/div><nav><ul class='ez-toc-list ez-toc-list-level-1 ' ><li class='ez-toc-page-1'><a class=\"ez-toc-link ez-toc-heading-1\" href=\"https:\/\/mistersafari.com\/fr\/safari-kenya\/parcs-reserves\/shimba-hills\/#pourquoi-se-rendre-a-la-reserve-nationale-de-shimba-hills\">Pourquoi se rendre \u00e0 la r\u00e9serve nationale de Shimba Hills ?<\/a><\/li><li class='ez-toc-page-1'><a class=\"ez-toc-link ez-toc-heading-2\" href=\"https:\/\/mistersafari.com\/fr\/safari-kenya\/parcs-reserves\/shimba-hills\/#comment-se-rendre-a-la-reserve-nationale-de-shimba-hills\">Comment se rendre \u00e0 la r\u00e9serve nationale de Shimba Hills ?<\/a><\/li><li class='ez-toc-page-1'><a class=\"ez-toc-link ez-toc-heading-3\" href=\"https:\/\/mistersafari.com\/fr\/safari-kenya\/parcs-reserves\/shimba-hills\/#tarif-et-reglementation\">Tarif et r\u00e9glementation<\/a><\/li><li class='ez-toc-page-1'><a class=\"ez-toc-link ez-toc-heading-4\" href=\"https:\/\/mistersafari.com\/fr\/safari-kenya\/parcs-reserves\/shimba-hills\/#ou-dormir-a-la-reserve-nationale-de-shimba-hills\">O\u00f9 dormir \u00e0 la r\u00e9serve nationale de Shimba Hills ?<\/a><\/li><li class='ez-toc-page-1'><a class=\"ez-toc-link ez-toc-heading-5\" href=\"https:\/\/mistersafari.com\/fr\/safari-kenya\/parcs-reserves\/shimba-hills\/#la-reserve-nationale-de-shimba-hills-autres-informations-pratiques\">La r\u00e9serve nationale de Shimba Hills : autres informations pratiques<\/a><\/li><\/ul><\/nav><\/div>\n\n\n\n\n<h2 class=\"wp-block-heading\"><span class=\"ez-toc-section\" id=\"pourquoi-se-rendre-a-la-reserve-nationale-de-shimba-hills\"><\/span>Pourquoi se rendre \u00e0 la r\u00e9serve nationale de Shimba Hills ?<span class=\"ez-toc-section-end\"><\/span><\/h2>\n\n\n\n<h3 class=\"wp-block-heading\">Un safari dans la r\u00e9serve nationale de Shimba Hills<\/h3>\n\n\n\n<p>\u00c0 seulement 15 kilom\u00e8tres de l\u2019oc\u00e9an Indien, la r\u00e9serve nationale de Shimba Hills est un paradis exotique. La faune et la flore sont exceptionnelles : \u00e9l\u00e9phants, girafes et buffles se baladent paisiblement dans ce parc. Plus rares, on distingue quelques antilopes de sable, reconnaissables \u00e0 leur allure \u00e9lanc\u00e9e et leurs cornes recourb\u00e9es vers l\u2019arri\u00e8re.<\/p>\n\n\n\n<p>Vous croiserez aussi s\u00fbrement le visage ang\u00e9lique de chats sauvages (appel\u00e9s servals), ou assisterez aux acrobaties de colobes gu\u00e9r\u00e9za, des singes aux longs poils blancs.<\/p>\n\n\n\n<p>Instaur\u00e9e en 1993, la r\u00e9serve nationale de Shimba Hills est un endroit magique qui regroupe beaucoup de plantes rares du Kenya. Une aubaine pour les amateurs de nature.<\/p>\n\n\n\n<p>Les activit\u00e9s incontournables de ce parc sont la randonn\u00e9e et la visite de cascades. Mais vous pourrez aussi observer de nombreuses esp\u00e8ces d\u2019animaux qui se cachent dans la v\u00e9g\u00e9tation dense de la for\u00eat. Prenez une pause dans votre quotidien pour une parenth\u00e8se enchant\u00e9e au c\u0153ur du Kenya.<\/p>\n\n\n\n<h3 class=\"wp-block-heading\">Les autres activit\u00e9s \u00e0 la r\u00e9serve nationale de Shimba Hills et aux alentours<\/h3>\n\n\n\n<h4 class=\"wp-block-heading\">For\u00eat de Mwaluganje<\/h4>\n\n\n\n<p>Envo\u00fbtante et enchanteresse, la for\u00eat Mwaluganje fait partie de ces lieux qu\u2019on n\u2019oublie pas. Ce sanctuaire pour \u00e9l\u00e9phants a \u00e9t\u00e9 cr\u00e9\u00e9 pour laisser un passage aux pachydermes lors de leur \u00ab migration \u00bb. Gr\u00e2ce \u00e0 cette zone de conservation, hommes et \u00e9l\u00e9phants vivent en harmonie et se partagent le territoire.<\/p>\n\n\n\n<h4 class=\"wp-block-heading\">Cascade Sheldrick Falls<\/h4>\n\n\n\n<p>La cascade de Sheldrick Falls est l\u2019activit\u00e9 \u00e0 ne pas manquer de cette r\u00e9serve. Apr\u00e8s 2,5 kilom\u00e8tres de marche, on arrive \u00e0 cette somptueuse cascade d\u2019une hauteur de 21 m\u00e8tres. Prenez votre maillot de bain pour profiter pleinement de cette cascade. On s\u2019y baigne, on y pique-nique. C\u2019est un spot de qualit\u00e9 pour prendre vos meilleures photos.<\/p>\n\n\n\n<h4 class=\"wp-block-heading\">Mombasa et Diani Beach<\/h4>\n\n\n\n<p>\u00c0 <a href=\"https:\/\/mistersafari.com\/fr\/safari-kenya\/plages\/#diani-beach\" data-type=\"page\">Diani Beach<\/a>, vous pourrez siroter votre petit cocktail avec une vue \u00e9poustouflante sur l\u2019eau turquoise de l\u2019oc\u00e9an Indien. C\u2019est une plage de sable fin tr\u00e8s r\u00e9put\u00e9e. Il se peut que des dromadaires se baladent sur cette longue plage de sable blanc.<\/p>\n\n\n\n<p>La ville de Mombasa est reconnaissable par les 4 d\u00e9fenses d\u2019\u00e9l\u00e9phant en t\u00f4le pr\u00e9sentes dans son centre-ville. Nos 2 incontournables de cette fascinante ville sont le march\u00e9 aux \u00e9pices et l\u2019Akamba Handicraft, une coop\u00e9rative de sculpteurs de bois.<\/p>\n\n\n\n<h2 class=\"wp-block-heading\"><span class=\"ez-toc-section\" id=\"comment-se-rendre-a-la-reserve-nationale-de-shimba-hills\"><\/span>Comment se rendre \u00e0 la r\u00e9serve nationale de Shimba Hills ?<span class=\"ez-toc-section-end\"><\/span><\/h2>\n\n\n\n<h3 class=\"wp-block-heading\">Par avion<\/h3>\n\n\n\n<p>Pour visiter la r\u00e9serve nationale de Shimba Hills, le plus pratique est d\u2019arriver directement \u00e0 Mombasa en avion. Mombasa est la 2<sup>e<\/sup> ville la plus peupl\u00e9e du Kenya et elle poss\u00e8de un a\u00e9roport international : l\u2019a\u00e9roport Mombasa-Moi. Une autre possibilit\u00e9 est d\u2019arriver \u00e0 Nairobi en avion puis de prendre un deuxi\u00e8me vol pour Mombasa.<\/p>\n\n\n\n<h3 class=\"wp-block-heading\">Par voiture<\/h3>\n\n\n\n<p>Pour arriver en voiture de Mombasa, prenez le ferry de Likoni puis longez la c\u00f4te vers le sud sur l\u2019A14. Apr\u00e8s environ 10 km, tournez \u00e0 droite sur la C106 en direction de Kwale. Vous arrivez alors \u00e0 l\u2019entr\u00e9e principale.<\/p>\n\n\n\n<h2 class=\"wp-block-heading\"><span class=\"ez-toc-section\" id=\"tarif-et-reglementation\"><\/span>Tarif et r\u00e9glementation<span class=\"ez-toc-section-end\"><\/span><\/h2>\n\n\n\n<h3 class=\"wp-block-heading\">Prix d\u2019entr\u00e9e \u00e0 la r\u00e9serve nationale de Shimba Hills<\/h3>\n\n\n\n<p>Voici les tarifs (2021) de la r\u00e9serve nationale de Shimba Hills :<\/p>\n\n\n\n<ul class=\"wp-block-list\"><li>20 dollars pour les adultes ;<\/li><li>10 dollars pour les enfants.<\/li><\/ul>\n\n\n\n<h3 class=\"wp-block-heading\">La r\u00e9glementation<\/h3>\n\n\n\n<p>Les r\u00e8gles \u00e0 suivre ont \u00e9t\u00e9 instaur\u00e9es pour prot\u00e9ger la faune et la flore. Pensez donc \u00e0 ramasser vos d\u00e9chets quand vous partez d\u2019un endroit, rester \u00e0 une distance assez grande des animaux sauvages et limiter le bruit. Ces informations sont rappel\u00e9es \u00e0 chaque porte d\u2019entr\u00e9e du parc.<\/p>\n\n\n\n<h2 class=\"wp-block-heading\"><span class=\"ez-toc-section\" id=\"ou-dormir-a-la-reserve-nationale-de-shimba-hills\"><\/span>O\u00f9 dormir \u00e0 la r\u00e9serve nationale de Shimba Hills ?<span class=\"ez-toc-section-end\"><\/span><\/h2>\n\n\n\n<p>Si vous souhaitez dormir \u00e0 la r\u00e9serve nationale de Shimba Hills, 2 types de logements sont possibles : le camping et le lodge.<\/p>\n\n\n\n<h3 class=\"wp-block-heading\">Le camping<\/h3>\n\n\n\n<p>Il existe 4 campings dans la r\u00e9serve nationale de Shimba Hills : le Professional, le Sheldrick Walk Falls, l\u2019Ocean View et le Makadara Picnic sites. Le camping conviendra pour les petits budgets. Vous aurez \u00e0 votre disposition l\u2019eau courante, et des toilettes et douches partag\u00e9es avec les autres campeurs.<\/p>\n\n\n\n<h3 class=\"wp-block-heading\">Les lodges<\/h3>\n\n\n\n<p>Apr\u00e8s une journ\u00e9e bien remplie \u00e0 chasser les cascades et \u00e0 chercher les animaux sauvages, d\u00e9tendez-vous dans un lodge, un h\u00e9bergement haut de gamme. Ce type de logement comprend un restaurant, un bar et des chambres en dur ou semi-dur.<\/p>\n\n\n\n<p>Selon le <a href=\"https:\/\/www.kws.go.ke\/\" target=\"_blank\" rel=\"noreferrer noopener\">Kenya Wildlife Service<\/a>, le Shimba Hills Lodge est le seul lodge de la r\u00e9serve naturelle. Construit en 1986, cet h\u00f4tel perdu au milieu de la brousse vous ravira. Il est parfait pour ceux qui souhaitent un s\u00e9jour d\u00e9paysant avec une vue \u00e0 couper le souffle sur la savane environnante.<\/p>\n\n\n\n<p><em>D\u2019autres logements sont disponibles mais il faudra s\u2019excentrer du parc pour y acc\u00e9der.<\/em><\/p>\n\n\n\n<h2 class=\"wp-block-heading\"><span class=\"ez-toc-section\" id=\"la-reserve-nationale-de-shimba-hills-autres-informations-pratiques\"><\/span>La r\u00e9serve nationale de Shimba Hills : autres informations pratiques<span class=\"ez-toc-section-end\"><\/span><\/h2>\n\n\n\n<h3 class=\"wp-block-heading\">G\u00e9ographie<\/h3>\n\n\n\n<p>\u00c0 15 kilom\u00e8tres de la c\u00f4te, ce parc de 300 km2 est d\u2019une beaut\u00e9 indescriptible. Situ\u00e9e au sud-est du Kenya et \u00e0 60 kilom\u00e8tres de Mombasa, la r\u00e9serve de Shimba Hills est tr\u00e8s proche de la Tanzanie et de l\u2019\u00eele Zanzibar. Une occasion en or pour combiner for\u00eats et plages dans votre circuit.<\/p>\n\n\n\n<h3 class=\"wp-block-heading\">M\u00e9t\u00e9o<\/h3>\n\n\n\n<p>Dans la r\u00e9serve de Shimba Hills, il y a 2 saisons s\u00e8ches et 2 saisons des pluies. Les saisons des pluies se d\u00e9roulent d\u2019octobre \u00e0 novembre et d\u2019avril \u00e0 mai (les orages sont fr\u00e9quents, c\u2019est la p\u00e9riode de l\u2019ann\u00e9e o\u00f9 il pleut le plus). Avec une moyenne de 29 degr\u00e9s l\u2019apr\u00e8s-midi, le ressenti est chaud et humide.<\/p>\n\n\n\n<h3 class=\"wp-block-heading\">Quand visiter<\/h3>\n\n\n\n<p>La meilleure p\u00e9riode pour visiter la r\u00e9serve nationale de Shimba Hills est de juin \u00e0 septembre et de janvier \u00e0 mars. Pendant ces p\u00e9riodes il y a moins de pluie, les randonn\u00e9es sont donc plus agr\u00e9ables. L\u2019observation d\u2019animaux sauvages est aussi facilit\u00e9e, car ils se regroupent autour des points d\u2019eau du parc.<\/p>\n","protected":false},"excerpt":{"rendered":"<p>Envie de s\u2019\u00e9vader au Kenya dans un parc national r\u00e9put\u00e9 pour ses cascades, sa v\u00e9g\u00e9tation luxuriante et ses animaux sauvages ? D\u00e9couvrez la mythique r\u00e9serve nationale de Shimba Hills. Abritant une faune et une flore tr\u00e8s riche, elle vous transportera par sa beaut\u00e9 l\u00e9gendaire. Suivez le guide pour r\u00e9ussir votre excursion dans la r\u00e9serve nationale &#8230; <a title=\"R\u00e9serve de Shimba Hills\" class=\"read-more\" href=\"https:\/\/mistersafari.com\/fr\/safari-kenya\/parcs-reserves\/shimba-hills\/\" aria-label=\"En savoir plus sur R\u00e9serve de Shimba Hills\">Lire la suite<\/a><\/p>\n","protected":false},"author":3,"featured_media":3334,"parent":926,"menu_order":9,"comment_status":"closed","ping_status":"closed","template":"","meta":{"_acf_changed":false,"footnotes":""},"content_type":[],"country":[],"class_list":{"0":"post-3319","1":"page","2":"type-page","3":"status-publish","4":"has-post-thumbnail","6":"no-featured-image-padding"},"acf":{"hreflang":[{"alternative_url":"https:\/\/mistersafari.com\/shimba-hills-national-reserve\/","language":"en"}]},"_links":{"self":[{"href":"https:\/\/mistersafari.com\/fr\/wp-json\/wp\/v2\/pages\/3319","targetHints":{"allow":["GET"]}}],"collection":[{"href":"https:\/\/mistersafari.com\/fr\/wp-json\/wp\/v2\/pages"}],"about":[{"href":"https:\/\/mistersafari.com\/fr\/wp-json\/wp\/v2\/types\/page"}],"author":[{"embeddable":true,"href":"https:\/\/mistersafari.com\/fr\/wp-json\/wp\/v2\/users\/3"}],"replies":[{"embeddable":true,"href":"https:\/\/mistersafari.com\/fr\/wp-json\/wp\/v2\/comments?post=3319"}],"version-history":[{"count":14,"href":"https:\/\/mistersafari.com\/fr\/wp-json\/wp\/v2\/pages\/3319\/revisions"}],"predecessor-version":[{"id":6490,"href":"https:\/\/mistersafari.com\/fr\/wp-json\/wp\/v2\/pages\/3319\/revisions\/6490"}],"up":[{"embeddable":true,"href":"https:\/\/mistersafari.com\/fr\/wp-json\/wp\/v2\/pages\/926"}],"wp:featuredmedia":[{"embeddable":true,"href":"https:\/\/mistersafari.com\/fr\/wp-json\/wp\/v2\/media\/3334"}],"wp:attachment":[{"href":"https:\/\/mistersafari.com\/fr\/wp-json\/wp\/v2\/media?parent=3319"}],"wp:term":[{"taxonomy":"content_type","embeddable":true,"href":"https:\/\/mistersafari.com\/fr\/wp-json\/wp\/v2\/content_type?post=3319"},{"taxonomy":"country","embeddable":true,"href":"https:\/\/mistersafari.com\/fr\/wp-json\/wp\/v2\/country?post=3319"}],"curies":[{"name":"wp","href":"https:\/\/api.w.org\/{rel}","templated":true}]}}