{"id":3306,"date":"2021-07-05T13:55:09","date_gmt":"2021-07-05T13:55:09","guid":{"rendered":"https:\/\/mistersafari.com\/fr\/safari-kenya\/parcs-reserves\/parc-national-aberdare\/"},"modified":"2022-03-14T09:06:20","modified_gmt":"2022-03-14T09:06:20","slug":"aberdare","status":"publish","type":"page","link":"https:\/\/mistersafari.com\/fr\/safari-kenya\/parcs-reserves\/aberdare\/","title":{"rendered":"Parc National Aberdare"},"content":{"rendered":"\n<p>Dans la brume du parc national d\u2019Aberdare, entrevoir un \u00e9l\u00e9phant ou une antilope est une \u00e9motion qui ne s\u2019oublie pas. Dans cette for\u00eat luxuriante, les paysages sont \u00e0 couper le souffle. Entre cascades et randonn\u00e9es, les montagnes Aberdare r\u00e9v\u00e8lent leurs secrets aux aventureux qui osent les gravir. Nous vous guidons dans ce joyau de la nature \u00e0 l\u2019ambiance feutr\u00e9e.<\/p>\n\n\n<div id=\"ez-toc-container\" class=\"ez-toc-v2_0_76 counter-flat ez-toc-counter ez-toc-custom ez-toc-container-direction\">\n<div class=\"ez-toc-title-container\"><p class=\"ez-toc-title\" style=\"cursor:inherit\">Sommaire<\/p>\n<\/div><nav><ul class='ez-toc-list ez-toc-list-level-1 ' ><li class='ez-toc-page-1'><a class=\"ez-toc-link ez-toc-heading-1\" href=\"https:\/\/mistersafari.com\/fr\/safari-kenya\/parcs-reserves\/aberdare\/#pourquoi-se-rendre-au-parc-national-daberdare\">Pourquoi se rendre au parc national d\u2019Aberdare ?<\/a><\/li><li class='ez-toc-page-1'><a class=\"ez-toc-link ez-toc-heading-2\" href=\"https:\/\/mistersafari.com\/fr\/safari-kenya\/parcs-reserves\/aberdare\/#comment-se-rendre-au-parc-national-daberdare\">Comment se rendre au parc national d\u2019Aberdare ?<\/a><\/li><li class='ez-toc-page-1'><a class=\"ez-toc-link ez-toc-heading-3\" href=\"https:\/\/mistersafari.com\/fr\/safari-kenya\/parcs-reserves\/aberdare\/#tarif-et-reglementation\">Tarif et r\u00e9glementation<\/a><\/li><li class='ez-toc-page-1'><a class=\"ez-toc-link ez-toc-heading-4\" href=\"https:\/\/mistersafari.com\/fr\/safari-kenya\/parcs-reserves\/aberdare\/#ou-dormir-au-parc-national-daberdare\">O\u00f9 dormir au parc national d\u2019Aberdare ?<\/a><\/li><li class='ez-toc-page-1'><a class=\"ez-toc-link ez-toc-heading-5\" href=\"https:\/\/mistersafari.com\/fr\/safari-kenya\/parcs-reserves\/aberdare\/#le-parc-national-daberdare-autres-informations-pratiques\">Le parc national d\u2019Aberdare : autres informations pratiques<\/a><\/li><\/ul><\/nav><\/div>\n\n\n\n\n<h2 class=\"wp-block-heading\"><span class=\"ez-toc-section\" id=\"pourquoi-se-rendre-au-parc-national-daberdare\"><\/span>Pourquoi se rendre au parc national d\u2019Aberdare ?<span class=\"ez-toc-section-end\"><\/span><\/h2>\n\n\n\n<h3 class=\"wp-block-heading\">Un safari dans le parc national d\u2019Aberdare<\/h3>\n\n\n\n<p>Situ\u00e9 \u00e0 plus de 2 000 m\u00e8tres d\u2019altitude, le parc national d\u2019Aberdare d\u00e9gage une atmosph\u00e8re magique. La brise nous rafra\u00eechit apr\u00e8s des heures \u00e0 marcher sur les chemins escarp\u00e9s des montagnes. Dans le brouillard, on distingue les ombres d\u2019animaux sauvages. La forme d\u2019une antilope se dessine puis dispara\u00eet dans la brume.<\/p>\n\n\n\n<p>Cr\u00e9\u00e9 en 1950, le parc national d\u2019Aberdare est un lieu empreint d\u2019histoire. C\u2019est dans ce parc, plus pr\u00e9cis\u00e9ment dans l\u2019h\u00f4tel Treetops que la princesse \u00c9lisabeth apprit la mort de son p\u00e8re le roi George VI. Arriv\u00e9e princesse au Kenya, elle repartira reine.<\/p>\n\n\n\n<p>De nombreux animaux sauvages d\u00e9ambulent dans ce fabuleux parc :<\/p>\n\n\n\n<ul class=\"wp-block-list\"><li>\u00e9l\u00e9phants ;<\/li><li>buffles ;<\/li><li>phacoch\u00e8res ;<\/li><li>hy\u00e8nes ;<\/li><li>antilopes ;<\/li><li>l\u00e9opards ;<\/li><li>singes.<\/li><\/ul>\n\n\n\n<p>Les ornithologues en herbe seront \u00e9galement ravis. Le parc national d\u2019Aberdare renferme plus de 250 esp\u00e8ces d\u2019oiseaux. Le plus embl\u00e9matique est le majestueux Touraco de Hartlaub, reconnaissable \u00e0 sa cr\u00eate noire. Vous pourrez m\u00eame chasser la truite dans ce paradis terrestre.<\/p>\n\n\n\n<p>Les \u00e9l\u00e9phants se d\u00e9placent en troupeau. Ils suivent les sentiers qu\u2019ils ont eux-m\u00eames cr\u00e9\u00e9s dans la v\u00e9g\u00e9tation luxuriante. Ce sont les animaux sauvages les plus imposants du parc, suivis de pr\u00e8s par les buffles.<\/p>\n\n\n\n<p>Les autres animaux sont un peu plus discrets. Vous croiserez peut-\u00eatre au d\u00e9tour d\u2019un chemin le regard d\u2019une hy\u00e8ne ou la silhouette furtive d\u2019un l\u00e9opard en qu\u00eate de sa proie. Les amateurs de for\u00eats seront \u00e9galement enchant\u00e9s par la flore exceptionnelle de ce parc : en fonction de l\u2019altitude, vous retrouverez des for\u00eats tropicales ou des for\u00eats de bambous.<\/p>\n\n\n\n<p>Le saviez-vous ? Dedan Kimathi, le chef du mouvement ind\u00e9pendantiste des Mau Mau se cacha dans ce parc pendant des ann\u00e9es avant d\u2019\u00eatre arr\u00eat\u00e9 et condamn\u00e9 \u00e0 mort.<\/p>\n\n\n\n<h3 class=\"wp-block-heading\">Les autres activit\u00e9s \u00e0 faire<\/h3>\n\n\n\n<h4 class=\"wp-block-heading\">Escalade et randonn\u00e9e<\/h4>\n\n\n\n<p>Le pic Satima est un spot id\u00e9al pour les passionn\u00e9s d\u2019escalade et les amateurs de randonn\u00e9es. 3<sup>e<\/sup> point le plus haut du Kenya avec ses 4 000 m\u00e8tres d\u2019altitude, en faire l\u2019ascension est une aventure humaine. Ce mont est aussi un lieu idyllique pour camper et pratiquer l\u2019escalade.<\/p>\n\n\n\n<p>Un autre mont \u00e0 explorer pour ses panoramas \u00e0 tomber par terre est le mont \u00c9l\u00e9phant (ou l\u2019Elephant Hill). Culminant \u00e0 3 500 m\u00e8tres et situ\u00e9 plus au sud de la cha\u00eene de montagnes d\u2019Aberdare, on le reconna\u00eet par sa forme de pachyderme.<\/p>\n\n\n\n<h4 class=\"wp-block-heading\">Les cascades de l\u2019Aberdare : un incontournable<\/h4>\n\n\n\n<p>Acc\u00e9der aux plus embl\u00e9matiques chutes du Kenya est une exp\u00e9rience unique. Avec ses 3 \u00e9tages, la chute de Karuru est la plus spectaculaire. Haute de 273 m\u00e8tres, elle d\u00e9verse son flot sur les rochers pour finalement se transformer en \u00e9cume dans son bassin final. Une autre cascade incontournable est la chute de Chania.<\/p>\n\n\n\n<h4 class=\"wp-block-heading\">La grotte Queen\u2019s cave<\/h4>\n\n\n\n<p>Appel\u00e9e Queen\u2019s cave apr\u00e8s le passage de la reine \u00c9lisabeth II, cette grotte cach\u00e9e offre une vue imprenable sur la Magura Falls. C\u2019est l\u2019endroit parfait pour pique-niquer avec comme toile de fond le son relaxant de la cascade.<\/p>\n\n\n\n<h4 class=\"wp-block-heading\">Les autres parcs nationaux au Kenya<\/h4>\n\n\n\n<p>Si vous venez pour faire des safaris, la v\u00e9g\u00e9tation peut rendre difficile l\u2019observation de certains animaux sauvages. Pr\u00e9voyez donc de faire d\u2019autres parcs nationaux comme la r\u00e9serve nationale de <a href=\"https:\/\/mistersafari.com\/fr\/safari-kenya\/parcs-reserves\/masai-mara\/\" data-type=\"page\" data-id=\"536\">Masa\u00ef Mara<\/a> ou le parc national de Nairobi.<\/p>\n\n\n\n<h2 class=\"wp-block-heading\"><span class=\"ez-toc-section\" id=\"comment-se-rendre-au-parc-national-daberdare\"><\/span>Comment se rendre au parc national d\u2019Aberdare ?<span class=\"ez-toc-section-end\"><\/span><\/h2>\n\n\n\n<p>Pour se rendre au parc national d\u2019Aberdare, prenez tout d\u2019abord l\u2019avion jusqu\u2019\u00e0 Nairobi. Ensuite, pour arriver au parc national d\u2019Aberdare, vous avez le choix entre la voiture et l\u2019avion.<\/p>\n\n\n\n<p>Pour ceux qui souhaitent venir en avion, le <a href=\"https:\/\/www.kws.go.ke\/\" target=\"_blank\" rel=\"noreferrer noopener\">Kenya Wildlife Service<\/a> conseille la piste d\u2019atterrissage de Mweiga, situ\u00e9e \u00e0 l\u2019est du parc. C\u2019est la plus proche du parc national d\u2019Aberdare. En voiture depuis Nairobi, comptez entre 3 h et 4 h pour acc\u00e9der au parc national d\u2019Aberdare.<\/p>\n\n\n\n<p>Les diff\u00e9rentes portes d\u2019entr\u00e9e sont :<\/p>\n\n\n\n<ul class=\"wp-block-list\"><li>Shamata Gate et Rhino Gate au nord ;<\/li><li>Mutubio West Gate \u00e0 l\u2019ouest ;<\/li><li>Kiandongoro Gate, Ruhuruini Gate, Ark Gate et Wandare Park Gate \u00e0 l\u2019est.<\/li><\/ul>\n\n\n\n<p>Si vous visitez le parc en 4&#215;4, munissez-vous d\u2019une carte : le GPS n\u2019est pas tr\u00e8s pr\u00e9cis et les routes ne sont pas tr\u00e8s bien indiqu\u00e9es. V\u00e9rifiez bien \u00e9galement que les routes sont praticables avant de vous lancer dans cette exp\u00e9dition.<\/p>\n\n\n\n<h2 class=\"wp-block-heading\"><span class=\"ez-toc-section\" id=\"tarif-et-reglementation\"><\/span>Tarif et r\u00e9glementation<span class=\"ez-toc-section-end\"><\/span><\/h2>\n\n\n\n<h3 class=\"wp-block-heading\">Prix d\u2019entr\u00e9e au parc national d\u2019Aberdare<\/h3>\n\n\n\n<p>Le prix d\u2019entr\u00e9e du parc national d\u2019Aberdare est :<\/p>\n\n\n\n<ul class=\"wp-block-list\"><li>$30 pour les adultes ;<\/li><li>$20 par enfant et \u00e9tudiant.<\/li><\/ul>\n\n\n\n<h3 class=\"wp-block-heading\">La r\u00e9glementation<\/h3>\n\n\n\n<p>La r\u00e9glementation en vigueur dans le parc est de :<\/p>\n\n\n\n<ul class=\"wp-block-list\"><li>garder de la distance avec les animaux ;<\/li><li>ramasser ses d\u00e9chets ;<\/li><li>rester \u00e0 bord du 4&#215;4.<\/li><\/ul>\n\n\n\n<p>\u00c0 chaque porte d\u2019entr\u00e9e du parc national d\u2019Aberdare, les indications seront pr\u00e9cis\u00e9es.<\/p>\n\n\n\n<h2 class=\"wp-block-heading\"><span class=\"ez-toc-section\" id=\"ou-dormir-au-parc-national-daberdare\"><\/span>O\u00f9 dormir au parc national d\u2019Aberdare ?<span class=\"ez-toc-section-end\"><\/span><\/h2>\n\n\n\n<p>Quels sont les meilleurs endroits pour dormir au parc national d\u2019Aberdare ? Tout d\u00e9pendra de votre budget et de l\u2019exp\u00e9rience que vous souhaitez vivre. Dans l\u2019Aberdare National Park, il existe 2 grands types d\u2019h\u00e9bergements : les lodges et le camping. On vous explique les caract\u00e9ristiques de ces diff\u00e9rentes sortes de logements.<\/p>\n\n\n\n<h3 class=\"wp-block-heading\">Le camping<\/h3>\n\n\n\n<p>Le parc national d\u2019Aberdare dispose de nombreux campings. Dans ces h\u00e9bergements au confort sommaire, vous avez acc\u00e8s \u00e0 l\u2019eau courante, aux toilettes et aux douches partag\u00e9es et avec un peu de chance \u00e0 une cuisinette partag\u00e9e. C\u2019est la solution la plus \u00e9conomique qui vous laissera de merveilleux souvenirs.<\/p>\n\n\n\n<h3 class=\"wp-block-heading\">Les lodges<\/h3>\n\n\n\n<p>Les lodges sont des h\u00e9bergements haut de gamme qui proposent des tentes en dur ou semi-dur, un restaurant, un bar et une piscine \u00e0 leurs r\u00e9sidents. Situ\u00e9s en plein c\u0153ur de la nature, l\u2019ambiance est intimiste. Depuis la terrasse de ce logement paradisiaque, on aper\u00e7oit les animaux sauvages vagabondant dans la for\u00eat luxuriante.<\/p>\n\n\n\n<h2 class=\"wp-block-heading\"><span class=\"ez-toc-section\" id=\"le-parc-national-daberdare-autres-informations-pratiques\"><\/span>Le parc national d\u2019Aberdare : autres informations pratiques<span class=\"ez-toc-section-end\"><\/span><\/h2>\n\n\n\n<h3 class=\"wp-block-heading\">G\u00e9ographie<\/h3>\n\n\n\n<p>D\u2019une superficie de 765 km2, le parc national d\u2019Aberdare est situ\u00e9 dans le centre ouest du Kenya, \u00e0 160 km au nord de Nairobi. Proche du mont Kenya, ce parc culmine jusqu\u2019\u00e0 4 000 m\u00e8tres d\u2019altitude. Les amateurs de montagne seront enchant\u00e9s.<\/p>\n\n\n\n<h3 class=\"wp-block-heading\">M\u00e9t\u00e9o<\/h3>\n\n\n\n<p>Le parc national d\u2019Aberdare est situ\u00e9 dans une zone tr\u00e8s humide et pluvieuse. Seule la saison s\u00e8che vient casser cette dynamique de juillet \u00e0 septembre. Pendant cette p\u00e9riode, il y a moins de brouillard et les nuits sont plus froides.<\/p>\n\n\n\n<h3 class=\"wp-block-heading\">Quand visiter<\/h3>\n\n\n\n<p>On vous conseille de visiter le parc Aberdare de juillet \u00e0 septembre. Ce sont les mois les plus agr\u00e9ables, car la saison des pluies est pass\u00e9e. Les routes sont donc plus praticables et les averses sont moins fr\u00e9quentes.<\/p>\n","protected":false},"excerpt":{"rendered":"<p>Dans la brume du parc national d\u2019Aberdare, entrevoir un \u00e9l\u00e9phant ou une antilope est une \u00e9motion qui ne s\u2019oublie pas. Dans cette for\u00eat luxuriante, les paysages sont \u00e0 couper le souffle. Entre cascades et randonn\u00e9es, les montagnes Aberdare r\u00e9v\u00e8lent leurs secrets aux aventureux qui osent les gravir. Nous vous guidons dans ce joyau de la &#8230; <a title=\"Parc National Aberdare\" class=\"read-more\" href=\"https:\/\/mistersafari.com\/fr\/safari-kenya\/parcs-reserves\/aberdare\/\" aria-label=\"En savoir plus sur Parc National Aberdare\">Lire la suite<\/a><\/p>\n","protected":false},"author":3,"featured_media":3333,"parent":926,"menu_order":8,"comment_status":"closed","ping_status":"closed","template":"","meta":{"_acf_changed":false,"footnotes":""},"content_type":[],"country":[],"class_list":{"0":"post-3306","1":"page","2":"type-page","3":"status-publish","4":"has-post-thumbnail","6":"no-featured-image-padding"},"acf":{"hreflang":[{"alternative_url":"https:\/\/mistersafari.com\/aberdare-national-park\/","language":"en"}]},"_links":{"self":[{"href":"https:\/\/mistersafari.com\/fr\/wp-json\/wp\/v2\/pages\/3306","targetHints":{"allow":["GET"]}}],"collection":[{"href":"https:\/\/mistersafari.com\/fr\/wp-json\/wp\/v2\/pages"}],"about":[{"href":"https:\/\/mistersafari.com\/fr\/wp-json\/wp\/v2\/types\/page"}],"author":[{"embeddable":true,"href":"https:\/\/mistersafari.com\/fr\/wp-json\/wp\/v2\/users\/3"}],"replies":[{"embeddable":true,"href":"https:\/\/mistersafari.com\/fr\/wp-json\/wp\/v2\/comments?post=3306"}],"version-history":[{"count":6,"href":"https:\/\/mistersafari.com\/fr\/wp-json\/wp\/v2\/pages\/3306\/revisions"}],"predecessor-version":[{"id":6470,"href":"https:\/\/mistersafari.com\/fr\/wp-json\/wp\/v2\/pages\/3306\/revisions\/6470"}],"up":[{"embeddable":true,"href":"https:\/\/mistersafari.com\/fr\/wp-json\/wp\/v2\/pages\/926"}],"wp:featuredmedia":[{"embeddable":true,"href":"https:\/\/mistersafari.com\/fr\/wp-json\/wp\/v2\/media\/3333"}],"wp:attachment":[{"href":"https:\/\/mistersafari.com\/fr\/wp-json\/wp\/v2\/media?parent=3306"}],"wp:term":[{"taxonomy":"content_type","embeddable":true,"href":"https:\/\/mistersafari.com\/fr\/wp-json\/wp\/v2\/content_type?post=3306"},{"taxonomy":"country","embeddable":true,"href":"https:\/\/mistersafari.com\/fr\/wp-json\/wp\/v2\/country?post=3306"}],"curies":[{"name":"wp","href":"https:\/\/api.w.org\/{rel}","templated":true}]}}