{"id":3260,"date":"2021-07-02T08:13:49","date_gmt":"2021-07-02T08:13:49","guid":{"rendered":"https:\/\/mistersafari.com\/fr\/safari-namibie\/parcs-et-reserves-en-namibie\/plateau-du-waterberg\/"},"modified":"2021-09-07T15:45:15","modified_gmt":"2021-09-07T15:45:15","slug":"plateau-waterberg","status":"publish","type":"page","link":"https:\/\/mistersafari.com\/fr\/safari-namibie\/parcs-reserves\/plateau-waterberg\/","title":{"rendered":"Plateau du Waterberg"},"content":{"rendered":"\n<p>Au c\u0153ur du d\u00e9sert du Kalahari, dans la r\u00e9gion centrale de l\u2019Otjozondjupa, se trouve le parc national du plateau du Waterberg. Cr\u00e9\u00e9 en 1972, cet espace naturel de 405 km2 est un v\u00e9ritable sanctuaire pour les esp\u00e8ces menac\u00e9es. Lors de votre s\u00e9jour en Namibie, vous y d\u00e9couvrirez les merveilles du pays, aussi bien au niveau de la faune que de la flore.<\/p>\n\n\n\n<h2 class=\"wp-block-heading\">Pourquoi se rendre au Parc National du Plateau du Waterberg ?<\/h2>\n\n\n\n<p>Parmi les 10 parcs nationaux de Namibie, il y a le parc national de Waterberg. Situ\u00e9e sur un plateau du gr\u00e8s rouge, cette r\u00e9serve prot\u00e9g\u00e9e vous offre des paysages naturels \u00e9poustouflants, ainsi qu\u2019une faune riche et vari\u00e9e.<\/p>\n\n\n\n<h3 class=\"wp-block-heading\">Un safari pour la visite du parc Waterberg<\/h3>\n\n\n\n<p>Lors de votre visite dans le parc national du plateau du Waterberg, profitez-en pour r\u00e9server une excursion en safari. \u00c0 cette occasion, vous pourrez observer des animaux rares ou en voie d\u2019extinction. Pour cela, vous devez \u00eatre accompagn\u00e9 des rangers de la r\u00e9serve qui vous transportent dans un 4*4 \u00e0 ciel ouvert.<\/p>\n\n\n\n<p>Afin de rejoindre le haut du plateau s\u2019\u00e9levant \u00e0 200 m\u00e8tres, vous passerez par des pistes sablonneuses. Sur le chemin, ouvrez bien les yeux pour admirer la beaut\u00e9 naturelle du paysage.<\/p>\n\n\n\n<h3 class=\"wp-block-heading\">Des randonn\u00e9es et treks pour admirer la faune et la flore<\/h3>\n\n\n\n<p>Bien que le game drive soit une activit\u00e9 incontournable lors d\u2019un <a href=\"https:\/\/mistersafari.com\/fr\/safari-namibie\/\" data-type=\"page\" data-id=\"1827\">voyage en Namibie<\/a>, ce n\u2019est pas la meilleure mani\u00e8re d\u2019admirer les animaux de cet espace prot\u00e9g\u00e9. Pour explorer le parc national du plateau du Waterberg et d\u00e9couvrir ses tr\u00e9sors, mieux vaut partir \u00e0 pied.<\/p>\n\n\n\n<p>\u00c0 cette fin, prenez vos chaussures de marche et partez \u00e0 la journ\u00e9e ou sur plusieurs jours, avec un guide ou non. Vous aurez acc\u00e8s \u00e0 plusieurs sentiers de randonn\u00e9e accessibles \u00e0 tous. Pour les plus courageux, deux itin\u00e9raires de treks sont pr\u00e9vus :&nbsp;<\/p>\n\n\n\n<ul class=\"wp-block-list\"><li>Waterberg Wilderness Trail : il s\u2019agit d\u2019un trek guid\u00e9 (pouvant accueillir jusqu\u2019\u00e0 8 personnes) d\u2019une distance de 42 kilom\u00e8tres. Pour ce trek, vous partirez de la porte de Onjoka.<\/li><li>Waterberg Unguided Hiking Trail : c\u2019est un trek libre d\u2019une distance de 50 kilom\u00e8tres.<\/li><\/ul>\n\n\n\n<p>Pour ces deux escapades, pr\u00e9voyez environ 4 jours de voyage. Alors n\u2019oubliez pas d\u2019emporter une tente, un sac de couchage, de l\u2019eau et de la nourriture.<\/p>\n\n\n\n<p>Lors de vos balades, ne ratez pas le spot incontournable du parc : Mountain View. L\u2019acc\u00e8s au sommet du plateau se fait par un sentier rocailleux aux parois escarp\u00e9es. D\u2019ici, vous b\u00e9n\u00e9ficiez d\u2019une vue impressionnante sur l\u2019\u00e9tendue de la savane.<\/p>\n\n\n\n<h3 class=\"wp-block-heading\">Une faune diversifi\u00e9e&#8230;<\/h3>\n\n\n\n<p>Le parc national du plateau du Waterberg est r\u00e9put\u00e9 pour ses nombreuses sources d\u2019eau. Celles-ci permettent d\u2019alimenter la faune et la flore de la r\u00e9gion. Gr\u00e2ce \u00e0 la v\u00e9g\u00e9tation luxuriante de cet \u00e9cosyst\u00e8me, diff\u00e9rentes esp\u00e8ces (m\u00eame les plus rares) ont trouv\u00e9 leur petit paradis au sein m\u00eame du d\u00e9sert de Namibie.<\/p>\n\n\n\n<p>Pour les admirer, n\u2019h\u00e9sitez pas \u00e0 vous approcher des points d\u2019eau. C\u2019est ici que les troupeaux viennent s&rsquo;abreuver pour le plus grand bonheur de vos yeux.&nbsp;<\/p>\n\n\n\n<p>Parmi la faune pr\u00e9sente dans ce sanctuaire pour animaux en danger, vous verrez une grande diversit\u00e9 d\u2019antilopes (antilope rouanne, hippotragues noire, ou dik-dik), des koudous, des rhinoc\u00e9ros (notamment le rhinoc\u00e9ros noir), des impalas, des l\u00e9opards, des lions, des girafes, des vautours du Cape, etc.<\/p>\n\n\n\n<p>Outre le sol, pensez \u00e0 lever les yeux au ciel. Dans les arbres, vous y apercevrez les singes malicieux faisant des grimaces. Et encore plus haut, ce sont les oiseaux qui vous offriront leur spectacle tout en couleur et en chanson. Au total, le parc compte plus de 200 esp\u00e8ces d\u2019oiseaux.<\/p>\n\n\n\n<figure class=\"wp-block-image size-large\"><picture><source srcset=\"https:\/\/mistersafari.com\/fr\/wp-content\/uploads\/sites\/2\/antilope-parc-de-waterberg-1024x683.webp 1024w,https:\/\/mistersafari.com\/fr\/wp-content\/uploads\/sites\/2\/antilope-parc-de-waterberg-300x200.webp 300w,https:\/\/mistersafari.com\/fr\/wp-content\/uploads\/sites\/2\/antilope-parc-de-waterberg-768x512.webp 768w,https:\/\/mistersafari.com\/fr\/wp-content\/uploads\/sites\/2\/antilope-parc-de-waterberg-1536x1024.webp 1536w,https:\/\/mistersafari.com\/fr\/wp-content\/uploads\/sites\/2\/antilope-parc-de-waterberg.webp 1200w\" sizes=\"auto, (max-width: 1024px) 100vw, 1024px\" type=\"image\/webp\"><img src=\"https:\/\/mistersafari.com\/fr\/wp-content\/uploads\/sites\/2\/antilope-parc-de-waterberg-1024x683.jpg\" height=\"683\" width=\"1024\" srcset=\"https:\/\/mistersafari.com\/fr\/wp-content\/uploads\/sites\/2\/antilope-parc-de-waterberg-1024x683.jpg 1024w, https:\/\/mistersafari.com\/fr\/wp-content\/uploads\/sites\/2\/antilope-parc-de-waterberg-300x200.jpg 300w, https:\/\/mistersafari.com\/fr\/wp-content\/uploads\/sites\/2\/antilope-parc-de-waterberg-768x512.jpg 768w, https:\/\/mistersafari.com\/fr\/wp-content\/uploads\/sites\/2\/antilope-parc-de-waterberg-1536x1024.jpg 1536w, https:\/\/mistersafari.com\/fr\/wp-content\/uploads\/sites\/2\/antilope-parc-de-waterberg.jpg 1200w\" sizes=\"auto, (max-width: 1024px) 100vw, 1024px\" class=\"wp-image-3276 sp-no-webp\" alt=\"Antilope au parc du Waterberg\" loading=\"lazy\" decoding=\"async\"  > <\/picture><\/figure>\n\n\n\n<p>Enfin, faites attention o\u00f9 vous mettez les pieds, car la r\u00e9serve regorge aussi de serpents, tels que le mamba noir ou le cobra cracheur.<\/p>\n\n\n\n<h3 class=\"wp-block-heading\">Et une flore luxuriante&nbsp;<\/h3>\n\n\n\n<p>Tous ces animaux se retrouvent dans un d\u00e9cor exceptionnel. Entre falaises abruptes, formations rocheuses rougeoyantes, et feuillis gris vert, les couleurs vous offrent 1001 contrastes. Mais surtout, c\u2019est la diversit\u00e9 des paysages qui vous \u00e9tonnera. En plein milieu d\u2019une savane broussailleuse, des prairies et diverses plantes (acacias, lilas, lichen) se d\u00e9veloppent gr\u00e2ce aux ressources d\u2019eau \u00e9parpill\u00e9es partout sur le plateau.<\/p>\n\n\n\n<p>Pour profiter de cet environnement sous toutes ses coutures, il est conseill\u00e9 de rester au moins une nuit au plateau du Waterberg. Au moment du coucher de soleil, les contrastes de couleurs sont encore plus impressionnants. Et d\u00e8s la nuit tomb\u00e9e, le ciel \u00e9toil\u00e9 vous transportera dans un autre univers.<\/p>\n\n\n\n<h3 class=\"wp-block-heading\">Les autres activit\u00e9s \u00e0 proximit\u00e9 du parc national de Waterberg<\/h3>\n\n\n\n<p>Peu fr\u00e9quent\u00e9e des touristes, la r\u00e9gion de Waterberg regorge pourtant de centres d\u2019int\u00e9r\u00eat pour ses visiteurs. Au cours de votre s\u00e9jour, profitez-en pour d\u00e9couvrir les villes d\u2019Okonjoma et d\u2019Otjiwarongo. Elles abritent plusieurs r\u00e9serves visant \u00e0 la protection des animaux, parmi lesquelles la R\u00e9serve Naturelle d\u2019Okonjima. Cette derni\u00e8re a pour objectif de favoriser la cohabitation entre les hommes et les autres grands pr\u00e9dateurs de Namibie. Vous pourrez aussi d\u00e9couvrir le Cheetah Conservation Fund \u00e0 destination des l\u00e9opards. La fondation soigne ceux qui sont bless\u00e9s et lutte pour leur survie dans les plaines du pays.<\/p>\n\n\n\n<div class=\"wp-block-image\"><figure class=\"aligncenter size-large\"><picture><source srcset=\"https:\/\/mistersafari.com\/fr\/wp-content\/uploads\/sites\/2\/le\u0301opard-parc-du-waterberg-793x1024.webp 793w,https:\/\/mistersafari.com\/fr\/wp-content\/uploads\/sites\/2\/le\u0301opard-parc-du-waterberg-232x300.webp 232w,https:\/\/mistersafari.com\/fr\/wp-content\/uploads\/sites\/2\/le\u0301opard-parc-du-waterberg-768x991.webp 768w,https:\/\/mistersafari.com\/fr\/wp-content\/uploads\/sites\/2\/le\u0301opard-parc-du-waterberg-1190x1536.webp 1190w,https:\/\/mistersafari.com\/fr\/wp-content\/uploads\/sites\/2\/le\u0301opard-parc-du-waterberg-1587x2048.webp 1587w,https:\/\/mistersafari.com\/fr\/wp-content\/uploads\/sites\/2\/le\u0301opard-parc-du-waterberg.webp 930w\" sizes=\"auto, (max-width: 793px) 100vw, 793px\" type=\"image\/webp\"><img src=\"https:\/\/mistersafari.com\/fr\/wp-content\/uploads\/sites\/2\/le\u0301opard-parc-du-waterberg-793x1024.jpg\" height=\"1024\" width=\"793\" srcset=\"https:\/\/mistersafari.com\/fr\/wp-content\/uploads\/sites\/2\/le\u0301opard-parc-du-waterberg-793x1024.jpg 793w, https:\/\/mistersafari.com\/fr\/wp-content\/uploads\/sites\/2\/le\u0301opard-parc-du-waterberg-232x300.jpg 232w, https:\/\/mistersafari.com\/fr\/wp-content\/uploads\/sites\/2\/le\u0301opard-parc-du-waterberg-768x991.jpg 768w, https:\/\/mistersafari.com\/fr\/wp-content\/uploads\/sites\/2\/le\u0301opard-parc-du-waterberg-1190x1536.jpg 1190w, https:\/\/mistersafari.com\/fr\/wp-content\/uploads\/sites\/2\/le\u0301opard-parc-du-waterberg-1587x2048.jpg 1587w, https:\/\/mistersafari.com\/fr\/wp-content\/uploads\/sites\/2\/le\u0301opard-parc-du-waterberg.jpg 930w\" sizes=\"auto, (max-width: 793px) 100vw, 793px\" class=\"wp-image-3283 sp-no-webp\" alt=\"L\u00e9opard au Parc du Waterberg\" loading=\"lazy\" decoding=\"async\"  > <\/picture><\/figure><\/div>\n\n\n\n<p>Outre la faune, d\u00e9couvrez le march\u00e9 de Okahanja qui vous propose de tr\u00e8s belles sculptures de bois. Enfin, rendez-vous au centre culturel Ovaherero pour en apprendre davantage sur l\u2019histoire et la culture des habitants du village.<\/p>\n\n\n\n<h2 class=\"wp-block-heading\">Comment se rendre au Parc National de Waterberg ?<\/h2>\n\n\n\n<p>Le parc national du plateau du Waterberg est situ\u00e9 \u00e0 60 km de Otjiwarongo et \u00e0 environ 300 km de Windhoek, la capitale de Namibie.<\/p>\n\n\n\n<p>Pour vous y rendre, le plus simple est de partir de Windhoek. D\u2019ici, vous prendrez la route B1 en direction de Otjiwarango, puis la C22 en direction d\u2019Etosha. Prenez ensuite \u00e0 gauche sur la route D2512, et 28 kilom\u00e8tres plus tard, bifurquez \u00e0 gauche. C\u2019est la route qui m\u00e8ne au parc. Au total, il faudra pr\u00e9voir environ 4 heures de route.<\/p>\n\n\n\n<p>Vous avez aussi la possibilit\u00e9 de partir d\u2019Etosha, \u00e0 travers la C22 en direction de la capitale. Si vous choisissez cette route, comptez 5 heures de trajet pour arriver \u00e0 destination.<\/p>\n\n\n\n<p>Dans tous les cas, il est pr\u00e9f\u00e9rable de partir en 4*4 pour se d\u00e9placer.<\/p>\n\n\n\n<h2 class=\"wp-block-heading\">Tarif et r\u00e9glementation<\/h2>\n\n\n\n<p>L\u2019entr\u00e9e du parc est de 80$N par jour et par personne. Cependant, les enfants de moins de 16 b\u00e9n\u00e9ficient d\u2019une entr\u00e9e gratuite.<\/p>\n\n\n\n<p>Enfin, si vous pr\u00e9voyez un tour en game drive, les tarifs varient selon la taille du v\u00e9hicule :<\/p>\n\n\n\n<ul class=\"wp-block-list\"><li>V\u00e9hicule de 10 places : 10 $N<\/li><li>Bus de 11 \u00e0 25 places : 40$N<\/li><li>Bus de 26 \u00e0 50 places : 300$N<\/li><\/ul>\n\n\n\n<p>Le parc national du plateau du Waterberg est ouvert de 6h \u00e0 21h tout au long de l\u2019ann\u00e9e.<\/p>\n\n\n\n<p>Concernant la r\u00e9glementation, sachez qu\u2019il est interdit de rouler dans le parc avec son propre 4*4. Si vous souhaitez faire un game drive, il faudra imp\u00e9rativement r\u00e9server un v\u00e9hicule.<\/p>\n\n\n\n<h2 class=\"wp-block-heading\">O\u00f9 dormir au Parc Waterberg ?<\/h2>\n\n\n\n<p>Pour une exp\u00e9rience compl\u00e8te de la savane, le plateau du Waterberg vous propose deux campings tr\u00e8s bien am\u00e9nag\u00e9s avec piscine et \u00e9quipement pour barbecue.<\/p>\n\n\n\n<p>Ainsi, vous avez le choix entre le Waterberg Plateau Campsite situ\u00e9 \u00e0 l\u2019entr\u00e9e du parc ou le Waterberg Andersson Camp.<\/p>\n\n\n\n<div class=\"wp-block-image\"><figure class=\"aligncenter size-large\"><picture><source srcset=\"https:\/\/mistersafari.com\/fr\/wp-content\/uploads\/sites\/2\/coucher-de-soleil-parc-de-waterberg-768x1024.webp 768w,https:\/\/mistersafari.com\/fr\/wp-content\/uploads\/sites\/2\/coucher-de-soleil-parc-de-waterberg-225x300.webp 225w,https:\/\/mistersafari.com\/fr\/wp-content\/uploads\/sites\/2\/coucher-de-soleil-parc-de-waterberg-1152x1536.webp 1152w,https:\/\/mistersafari.com\/fr\/wp-content\/uploads\/sites\/2\/coucher-de-soleil-parc-de-waterberg-1536x2048.webp 1536w,https:\/\/mistersafari.com\/fr\/wp-content\/uploads\/sites\/2\/coucher-de-soleil-parc-de-waterberg.webp 900w\" sizes=\"auto, (max-width: 768px) 100vw, 768px\" type=\"image\/webp\"><img src=\"https:\/\/mistersafari.com\/fr\/wp-content\/uploads\/sites\/2\/coucher-de-soleil-parc-de-waterberg-768x1024.jpg\" height=\"1024\" width=\"768\" srcset=\"https:\/\/mistersafari.com\/fr\/wp-content\/uploads\/sites\/2\/coucher-de-soleil-parc-de-waterberg-768x1024.jpg 768w, https:\/\/mistersafari.com\/fr\/wp-content\/uploads\/sites\/2\/coucher-de-soleil-parc-de-waterberg-225x300.jpg 225w, https:\/\/mistersafari.com\/fr\/wp-content\/uploads\/sites\/2\/coucher-de-soleil-parc-de-waterberg-1152x1536.jpg 1152w, https:\/\/mistersafari.com\/fr\/wp-content\/uploads\/sites\/2\/coucher-de-soleil-parc-de-waterberg-1536x2048.jpg 1536w, https:\/\/mistersafari.com\/fr\/wp-content\/uploads\/sites\/2\/coucher-de-soleil-parc-de-waterberg.jpg 900w\" sizes=\"auto, (max-width: 768px) 100vw, 768px\" class=\"wp-image-3282 sp-no-webp\" alt=\"Coucher de soleil au Parc du Waterberg\" loading=\"lazy\" decoding=\"async\"  > <\/picture><\/figure><\/div>\n\n\n\n<p>Et si vous ne souhaitez pas dormir \u00e0 la belle \u00e9toile, il y a aussi Bernabe-de-la-Bat Restcamp. Situ\u00e9 au pied du plateau, ce complexe vous propose plusieurs chalets pour les familles ou les couples, ainsi que des chambres doubles. Ici, vous b\u00e9n\u00e9ficierez de plus de confort, avec un terrain de camping, une \u00e9picerie, un restaurant et une piscine.<\/p>\n\n\n\n<p>Un peu plus loin, dans la ville Otjiwarongo, des h\u00e9bergements plus luxueux sont \u00e9galement disponibles au sein du Waterberg Wilderness lodge ou du Waterberg Plateau Lodge.<\/p>\n\n\n\n<h2 class=\"wp-block-heading\">Le Parc National du Plateau du Waterberg : autres informations pratiques<\/h2>\n\n\n\n<p>Le parc national du plateau du Waterberg peut se visiter toute l\u2019ann\u00e9e. Mais pour b\u00e9n\u00e9ficier des meilleures conditions, l\u2019hiver (entre mai et septembre) est la p\u00e9riode \u00e0 privil\u00e9gier. \u00c0 la fois doux et sec, l\u2019hiver vous permet d\u2019observer les animaux plus facilement. C\u00f4t\u00e9 temp\u00e9rature, les d\u00e9buts de journ\u00e9e s&rsquo;av\u00e8rent frais (environ 5 \u00baC), mais la chaleur se fait rapidement ressentir au fil de la journ\u00e9e.<\/p>\n\n\n\n<p>Du fait de ces conditions avantageuses, cette p\u00e9riode est aussi la plus pris\u00e9e. Si vous pr\u00e9voyez des activit\u00e9s, notamment un safari en 4*4, mieux vaut r\u00e9server le plus t\u00f4t possible.<\/p>\n\n\n\n<p>La p\u00e9riode estivale qui commence en octobre est beaucoup moins agr\u00e9able, du fait des temp\u00e9ratures \u00e9lev\u00e9es et des pluies abondantes. En \u00e9t\u00e9, les routes sont impraticables et l\u2019observation de la faune est plus difficile.<\/p>\n\n\n\n<figure class=\"wp-block-image size-large\"><picture><source srcset=\"https:\/\/mistersafari.com\/fr\/wp-content\/uploads\/sites\/2\/safari-parc-du-waterberg-1024x685.webp 1024w,https:\/\/mistersafari.com\/fr\/wp-content\/uploads\/sites\/2\/safari-parc-du-waterberg-300x201.webp 300w,https:\/\/mistersafari.com\/fr\/wp-content\/uploads\/sites\/2\/safari-parc-du-waterberg-768x514.webp 768w,https:\/\/mistersafari.com\/fr\/wp-content\/uploads\/sites\/2\/safari-parc-du-waterberg-1536x1028.webp 1536w,https:\/\/mistersafari.com\/fr\/wp-content\/uploads\/sites\/2\/safari-parc-du-waterberg.webp 1200w\" sizes=\"auto, (max-width: 1024px) 100vw, 1024px\" type=\"image\/webp\"><img src=\"https:\/\/mistersafari.com\/fr\/wp-content\/uploads\/sites\/2\/safari-parc-du-waterberg-1024x685.jpg\" height=\"685\" width=\"1024\" srcset=\"https:\/\/mistersafari.com\/fr\/wp-content\/uploads\/sites\/2\/safari-parc-du-waterberg-1024x685.jpg 1024w, https:\/\/mistersafari.com\/fr\/wp-content\/uploads\/sites\/2\/safari-parc-du-waterberg-300x201.jpg 300w, https:\/\/mistersafari.com\/fr\/wp-content\/uploads\/sites\/2\/safari-parc-du-waterberg-768x514.jpg 768w, https:\/\/mistersafari.com\/fr\/wp-content\/uploads\/sites\/2\/safari-parc-du-waterberg-1536x1028.jpg 1536w, https:\/\/mistersafari.com\/fr\/wp-content\/uploads\/sites\/2\/safari-parc-du-waterberg.jpg 1200w\" sizes=\"auto, (max-width: 1024px) 100vw, 1024px\" class=\"wp-image-3274 sp-no-webp\" alt=\"Safari au Parc du Waterberg\" loading=\"lazy\" decoding=\"async\"  > <\/picture><\/figure>\n\n\n\n<p>Quel que soit le moment o\u00f9 vous souhaitez partir, le parc national du plateau du Waterberg est un incontournable lors de votre s\u00e9jour en Namibie.<\/p>\n","protected":false},"excerpt":{"rendered":"<p>Au c\u0153ur du d\u00e9sert du Kalahari, dans la r\u00e9gion centrale de l\u2019Otjozondjupa, se trouve le parc national du plateau du Waterberg. Cr\u00e9\u00e9 en 1972, cet espace naturel de 405 km2 est un v\u00e9ritable sanctuaire pour les esp\u00e8ces menac\u00e9es. Lors de votre s\u00e9jour en Namibie, vous y d\u00e9couvrirez les merveilles du pays, aussi bien au niveau &#8230; <a title=\"Plateau du Waterberg\" class=\"read-more\" href=\"https:\/\/mistersafari.com\/fr\/safari-namibie\/parcs-reserves\/plateau-waterberg\/\" aria-label=\"En savoir plus sur Plateau du Waterberg\">Lire la suite<\/a><\/p>\n","protected":false},"author":3,"featured_media":4008,"parent":3258,"menu_order":0,"comment_status":"closed","ping_status":"closed","template":"","meta":{"_acf_changed":false,"footnotes":""},"content_type":[],"country":[],"class_list":{"0":"post-3260","1":"page","2":"type-page","3":"status-publish","4":"has-post-thumbnail","6":"no-featured-image-padding"},"acf":{"hreflang":null},"_links":{"self":[{"href":"https:\/\/mistersafari.com\/fr\/wp-json\/wp\/v2\/pages\/3260","targetHints":{"allow":["GET"]}}],"collection":[{"href":"https:\/\/mistersafari.com\/fr\/wp-json\/wp\/v2\/pages"}],"about":[{"href":"https:\/\/mistersafari.com\/fr\/wp-json\/wp\/v2\/types\/page"}],"author":[{"embeddable":true,"href":"https:\/\/mistersafari.com\/fr\/wp-json\/wp\/v2\/users\/3"}],"replies":[{"embeddable":true,"href":"https:\/\/mistersafari.com\/fr\/wp-json\/wp\/v2\/comments?post=3260"}],"version-history":[{"count":17,"href":"https:\/\/mistersafari.com\/fr\/wp-json\/wp\/v2\/pages\/3260\/revisions"}],"predecessor-version":[{"id":4011,"href":"https:\/\/mistersafari.com\/fr\/wp-json\/wp\/v2\/pages\/3260\/revisions\/4011"}],"up":[{"embeddable":true,"href":"https:\/\/mistersafari.com\/fr\/wp-json\/wp\/v2\/pages\/3258"}],"wp:featuredmedia":[{"embeddable":true,"href":"https:\/\/mistersafari.com\/fr\/wp-json\/wp\/v2\/media\/4008"}],"wp:attachment":[{"href":"https:\/\/mistersafari.com\/fr\/wp-json\/wp\/v2\/media?parent=3260"}],"wp:term":[{"taxonomy":"content_type","embeddable":true,"href":"https:\/\/mistersafari.com\/fr\/wp-json\/wp\/v2\/content_type?post=3260"},{"taxonomy":"country","embeddable":true,"href":"https:\/\/mistersafari.com\/fr\/wp-json\/wp\/v2\/country?post=3260"}],"curies":[{"name":"wp","href":"https:\/\/api.w.org\/{rel}","templated":true}]}}