{"id":3136,"date":"2021-06-29T15:35:27","date_gmt":"2021-06-29T15:35:27","guid":{"rendered":"https:\/\/mistersafari.com\/fr\/?page_id=3136"},"modified":"2022-10-06T10:43:42","modified_gmt":"2022-10-06T10:43:42","slug":"parc-national-chobe","status":"publish","type":"page","link":"https:\/\/mistersafari.com\/fr\/safari-botswana\/parcs-reserves\/parc-national-chobe\/","title":{"rendered":"Parc National de Chobe"},"content":{"rendered":"\n<p>Le parc national de Chobe, situ\u00e9 au Botswana, est le deuxi\u00e8me plus grand du pays apr\u00e8s la R\u00e9serve du Kalahari Central qui comprend le Parc National de Gemsbok. Le parc de Chobe (Chobe National Park) fait partie des parcs b\u00e9n\u00e9ficiant de la plus importante biodiversit\u00e9 entre grandes plaines, mar\u00e9cages et for\u00eats. Il offre la plus riche concentration d\u2019animaux sauvages d\u2019Afrique ! Ce parc est incroyable, on le nomme le royaume des \u00e9l\u00e9phants.<\/p>\n\n\n<div id=\"ez-toc-container\" class=\"ez-toc-v2_0_76 counter-flat ez-toc-counter ez-toc-custom ez-toc-container-direction\">\n<div class=\"ez-toc-title-container\"><p class=\"ez-toc-title\" style=\"cursor:inherit\">Sommaire<\/p>\n<\/div><nav><ul class='ez-toc-list ez-toc-list-level-1 ' ><li class='ez-toc-page-1'><a class=\"ez-toc-link ez-toc-heading-1\" href=\"https:\/\/mistersafari.com\/fr\/safari-botswana\/parcs-reserves\/parc-national-chobe\/#pourquoi-se-rendre-au-parc-national-de-chobe\">Pourquoi se rendre au Parc National de Chobe ?<\/a><\/li><li class='ez-toc-page-1'><a class=\"ez-toc-link ez-toc-heading-2\" href=\"https:\/\/mistersafari.com\/fr\/safari-botswana\/parcs-reserves\/parc-national-chobe\/#comment-visiter-le-parc-national-de-chobe\">Comment visiter le Parc National de Chobe?<\/a><\/li><li class='ez-toc-page-1'><a class=\"ez-toc-link ez-toc-heading-3\" href=\"https:\/\/mistersafari.com\/fr\/safari-botswana\/parcs-reserves\/parc-national-chobe\/#tarif-et-reglementation\">Tarif et r\u00e9glementation<\/a><\/li><li class='ez-toc-page-1'><a class=\"ez-toc-link ez-toc-heading-4\" href=\"https:\/\/mistersafari.com\/fr\/safari-botswana\/parcs-reserves\/parc-national-chobe\/#ou-dormir-au-parc-national-de-chobe\">O\u00f9 dormir au Parc National de Chobe ?<\/a><\/li><li class='ez-toc-page-1'><a class=\"ez-toc-link ez-toc-heading-5\" href=\"https:\/\/mistersafari.com\/fr\/safari-botswana\/parcs-reserves\/parc-national-chobe\/#le-parc-national-de-chobe-autres-informations-pratiques\">Le Parc National de Chobe : autres informations pratiques<\/a><\/li><\/ul><\/nav><\/div>\n\n\n\n\n<h2 class=\"wp-block-heading\"><span class=\"ez-toc-section\" id=\"pourquoi-se-rendre-au-parc-national-de-chobe\"><\/span>Pourquoi se rendre au Parc National de Chobe ?<span class=\"ez-toc-section-end\"><\/span><\/h2>\n\n\n\n<p>Le Parc de Chobe tient sa renomm\u00e9e internationale de sa biodiversit\u00e9 et de son impressionnante population d\u00b4\u00e9l\u00e9phants, environ 50 000 pachydermes ! Ces \u00e9l\u00e9phants du Kalahari comptent parmi les plus gros sp\u00e9cimens de leur esp\u00e8ce, ils sont tr\u00e8s impressionnants et majestueux.<\/p>\n\n\n<div class=\"wp-block-image\">\n<figure class=\"aligncenter size-large\"><picture><source srcset=\"https:\/\/mistersafari.com\/fr\/wp-content\/uploads\/sites\/2\/elephant-chobe-2-1024x768.webp 1024w,https:\/\/mistersafari.com\/fr\/wp-content\/uploads\/sites\/2\/elephant-chobe-2-300x225.webp 300w,https:\/\/mistersafari.com\/fr\/wp-content\/uploads\/sites\/2\/elephant-chobe-2-768x576.webp 768w,https:\/\/mistersafari.com\/fr\/wp-content\/uploads\/sites\/2\/elephant-chobe-2-1536x1152.webp 1536w,https:\/\/mistersafari.com\/fr\/wp-content\/uploads\/sites\/2\/elephant-chobe-2-2048x1536.webp 2048w,https:\/\/mistersafari.com\/fr\/wp-content\/uploads\/sites\/2\/elephant-chobe-2.webp 1200w\" sizes=\"auto, (max-width: 1024px) 100vw, 1024px\" type=\"image\/webp\"><img src=\"https:\/\/mistersafari.com\/fr\/wp-content\/uploads\/sites\/2\/elephant-chobe-2-1024x768.jpg\" height=\"768\" width=\"1024\" srcset=\"https:\/\/mistersafari.com\/fr\/wp-content\/uploads\/sites\/2\/elephant-chobe-2-1024x768.jpg 1024w, https:\/\/mistersafari.com\/fr\/wp-content\/uploads\/sites\/2\/elephant-chobe-2-300x225.jpg 300w, https:\/\/mistersafari.com\/fr\/wp-content\/uploads\/sites\/2\/elephant-chobe-2-768x576.jpg 768w, https:\/\/mistersafari.com\/fr\/wp-content\/uploads\/sites\/2\/elephant-chobe-2-1536x1152.jpg 1536w, https:\/\/mistersafari.com\/fr\/wp-content\/uploads\/sites\/2\/elephant-chobe-2-2048x1536.jpg 2048w, https:\/\/mistersafari.com\/fr\/wp-content\/uploads\/sites\/2\/elephant-chobe-2.jpg 1200w\" sizes=\"auto, (max-width: 1024px) 100vw, 1024px\" class=\"wp-image-3239 sp-no-webp\" alt=\"elephant chobe\" loading=\"lazy\" decoding=\"async\"  > <\/picture><\/figure><\/div>\n\n\n<p>Quant aux  lions du Parc de Chobe, ils sont r\u00e9put\u00e9s pour leur capacit\u00e9 \u00e0 chasser ces \u00e9l\u00e9phants, du plus jeunes au plus anciens !<\/p>\n\n\n\n<p>Le parc est divis\u00e9 en 4 zones qui offrent chacune un \u00e9cosyst\u00e8me riche diff\u00e9rent, ce qui en fait un parc incontournable d&rsquo;un <a href=\"https:\/\/mistersafari.com\/fr\/safari-botswana\/\" data-type=\"page\" data-id=\"1772\">safari au Botswana<\/a>. Il s\u2019\u00e9tend de la rivi\u00e8re Chobe au nord jusqu\u2019au <a href=\"https:\/\/mistersafari.com\/fr\/safari-botswana\/parcs-reserves\/delta-okavango\/\" data-type=\"page\" data-id=\"3081\">Delta de l\u2019Okavango<\/a> au sud-ouest. <\/p>\n\n\n\n<h3 class=\"wp-block-heading\">La zone de Serondela<\/h3>\n\n\n\n<p>La zone de Serondela, la berge de la rivi\u00e8re Chobe, situ\u00e9e \u00e0 l&rsquo;extr\u00eame nord-est est la partie la plus visit\u00e9e du parc. La pr\u00e9sence de la rivi\u00e8re Chobe est clef. C\u2019est un important point d\u2019eau pour les \u00e9l\u00e9phants, les girafes et les buffles, surtout pendant la longue p\u00e9riode de s\u00e9cheresse qui s\u2019\u00e9tend du mois de mai \u00e0 octobre. Autour du cours d\u2019eau se r\u00e9unissent \u00e9galement de nombreux oiseaux comme le gu\u00eapier carmin. Pendant cette p\u00e9riode s\u00e8che, diff\u00e9rentes esp\u00e8ces de cigognes, de canards ou d&rsquo;ans\u00e9riformes s\u2019en rapprochent.<\/p>\n\n\n\n<h3 class=\"wp-block-heading\">La zone du marais de Savuti <\/h3>\n\n\n\n<p>Cette  zone s\u2019\u00e9tend sur 10 800 km2 \u00e0 l\u2019ouest du parc. Le marais est aliment\u00e9 par le canal de Savuti qui s\u2019ass\u00e8che pendant de longues p\u00e9riodes avant de se remettre \u00e0 couler soudainement. Cette r\u00e9gion est couverte de prairies et de savane avec, par cons\u00e9quent, une faune tr\u00e8s prosp\u00e8re.<\/p>\n\n\n\n<p>Les safaris pendant la saison s\u00e8che sont un moment propice pour observer des rhinoc\u00e9ros, des phacoch\u00e8res, des koudous, des impalas, des z\u00e8bres, des gnous mais aussi des \u00e9l\u00e9phants d&rsquo;Afrique. Pendant la saison des pluies, plus de 450 esp\u00e8ces d\u2019oiseaux se retrouvent sur cette partie du parc, ainsi que des lions, hy\u00e8nes et parfois des gu\u00e9pards ! <\/p>\n\n\n<div class=\"wp-block-image\">\n<figure class=\"aligncenter size-large\"><picture><source srcset=\"https:\/\/mistersafari.com\/fr\/wp-content\/uploads\/sites\/2\/chobe-lion-1024x679.webp 1024w,https:\/\/mistersafari.com\/fr\/wp-content\/uploads\/sites\/2\/chobe-lion-300x199.webp 300w,https:\/\/mistersafari.com\/fr\/wp-content\/uploads\/sites\/2\/chobe-lion-768x509.webp 768w,https:\/\/mistersafari.com\/fr\/wp-content\/uploads\/sites\/2\/chobe-lion-1536x1019.webp 1536w,https:\/\/mistersafari.com\/fr\/wp-content\/uploads\/sites\/2\/chobe-lion.webp 1200w\" sizes=\"auto, (max-width: 1024px) 100vw, 1024px\" type=\"image\/webp\"><img src=\"https:\/\/mistersafari.com\/fr\/wp-content\/uploads\/sites\/2\/chobe-lion-1024x679.jpg\" height=\"679\" width=\"1024\" srcset=\"https:\/\/mistersafari.com\/fr\/wp-content\/uploads\/sites\/2\/chobe-lion-1024x679.jpg 1024w, https:\/\/mistersafari.com\/fr\/wp-content\/uploads\/sites\/2\/chobe-lion-300x199.jpg 300w, https:\/\/mistersafari.com\/fr\/wp-content\/uploads\/sites\/2\/chobe-lion-768x509.jpg 768w, https:\/\/mistersafari.com\/fr\/wp-content\/uploads\/sites\/2\/chobe-lion-1536x1019.jpg 1536w, https:\/\/mistersafari.com\/fr\/wp-content\/uploads\/sites\/2\/chobe-lion.jpg 1200w\" sizes=\"auto, (max-width: 1024px) 100vw, 1024px\" class=\"wp-image-3241 sp-no-webp\" alt=\"lion\" loading=\"lazy\" decoding=\"async\"  > <\/picture><\/figure><\/div>\n\n\n<p>Cette r\u00e9gion est tr\u00e8s r\u00e9put\u00e9e pour la migration annuelle de z\u00e8bres et des pr\u00e9dateurs et pour ses lions de Savuti et leur capacit\u00e9 \u00e0 chasser les plus gros des \u00e9l\u00e9phants.<\/p>\n\n\n\n<h3 class=\"wp-block-heading\">Le marais de Linyanti<\/h3>\n\n\n\n<p>Il est localis\u00e9 au nord-ouest du parc est adjacent \u00e0 la rivi\u00e8re Linyanti. Cette partie du parc offre une grande concentration d\u2019animaux sauvages comme des lions, des l\u00e9opards, des lycaons, des antilopes rouannes, des antilopes noires, des hippopotames et \u00e9videmment des \u00e9l\u00e9phants d&rsquo;Afrique. Quelques cobe de Lechwe, guibs d&rsquo;eau ou encore crocodiles du Nil peuvent \u00e9galement \u00eatre aper\u00e7us, m\u00eame s&rsquo;ils sont plus rares. Les oiseaux sont tr\u00e8s pr\u00e9sents dans cette r\u00e9gion.<\/p>\n\n\n\n<h3 class=\"gb-headline gb-headline-26ff7d0a gb-headline-text\">Entre les marais de Savuti et de Linyanti<\/h3>\n\n\n\n<p>La zone est s\u00e8che, moins connue et moins fr\u00e9quent\u00e9e mais tr\u00e8s int\u00e9ressante car on y trouve des \u00e9lands, et donc aussi un haut lieu du safari.<\/p>\n\n\n\n<h2 class=\"wp-block-heading\"><span class=\"ez-toc-section\" id=\"comment-visiter-le-parc-national-de-chobe\"><\/span>Comment visiter le Parc National de Chobe?<span class=\"ez-toc-section-end\"><\/span><\/h2>\n\n\n\n<p>Chobe est l\u2019un des parcs les plus visit\u00e9s d\u2019Afrique, son acc\u00e8s contrairement \u00e0 de nombreux autres safaris est tr\u00e8s facile, il se trouve \u00e0 seulement 10 minutes en voiture de l\u2019a\u00e9roport de la ville de Kasane et \u00e0 plus ou moins 2 heures des Chutes Victoria, spot tr\u00e8s touristique qui accueille de nombreux visiteurs toute l\u2019ann\u00e9e.<\/p>\n\n\n\n<p>La version la plus classique pour les safaris reste en 4&#215;4, dans un v\u00e9hicule adapt\u00e9. Il est ainsi facile de parcourir le Parc National de Chobe sur des kilom\u00e8tres pour d\u00e9couvrir toute sa richesse. <\/p>\n\n\n\n<p class=\"callout-green\">Votre guide vous accompagnera dans votre safari sur les traces des animaux sauvages pour optimiser vos chances d\u2019en apercevoir le plus possible.<\/p>\n\n\n\n<p>Ce parc incroyable offre \u00e9galement la possibilit\u00e9 d\u2019une croisi\u00e8re sur la rivi\u00e8re Chobe, navigable toute l\u2019ann\u00e9e.<br>Cette croisi\u00e8re est incontournable lors de votre voyage surtout si vous optez pour un safari l\u2019apr\u00e8s-midi ! Le paysage, les \u00e9l\u00e9phants au bord de l\u2019eau qui viennent se baigner, les hippopotames\u2026et de nombreux animaux qui viennent boire sur les rives. <\/p>\n\n\n\n<p>Le coucher du soleil offre un spectacle incroyable et inoubliable et tout cela au calme, au rythme de la rivi\u00e8re ! Il est possible de faire des croisi\u00e8res de 2 ou 3 nuits pour profiter un maximum de cet environnement f\u00e9erique et hors du temps !<\/p>\n\n\n\n<p>Une derni\u00e8re surprise est propos\u00e9e par le parc, une visite des plus originale et inattendue ! Un safari via les airs ! A bord de petits avions, le spectacle de l\u2019immensit\u00e9 du domaine est \u00e9poustouflant et fait ressortir toute la beaut\u00e9 de la vie sauvage en perp\u00e9tuelle mouvement.<\/p>\n\n\n\n<h2 class=\"wp-block-heading\"><span class=\"ez-toc-section\" id=\"tarif-et-reglementation\"><\/span>Tarif et r\u00e9glementation<span class=\"ez-toc-section-end\"><\/span><\/h2>\n\n\n\n<p>L\u2019entr\u00e9e au Parc est assez on\u00e9reuse, 120 US$ par jour et par personne. Cependant, il est possible de prendre un tour depuis la ville de Kasane, \u00e0 la journ\u00e9e, pour les plus petits budgets.<\/p>\n\n\n\n<p>Comme vous le savez, un safari est tr\u00e8s diff\u00e9rent d\u2019une visite de zoo : le Parc est une r\u00e9serve nationale contr\u00f4l\u00e9e et r\u00e9glement\u00e9e, un certain nombre de r\u00e8gles doivent donc \u00eatre respect\u00e9es pour garantir la s\u00e9curit\u00e9 des voyageurs et pr\u00e9server la faune et la flore.<\/p>\n\n\n\n<p>En voici une liste non exhaustive : <\/p>\n\n\n\n<ul class=\"wp-block-list\"><li>L\u2019entr\u00e9e et la circulation dans le parc de Chobe sont interdites en dehors des horaires d\u2019ouverture. Il est imp\u00e9ratif d\u2019\u00eatre rentr\u00e9 au camp avant la tomb\u00e9e de la nuit pour la s\u00e9curit\u00e9 de tous.<\/li><li>Il est indispensable d\u2019avoir un permis d\u00e9di\u00e9, d\u00e9livr\u00e9 par les autorit\u00e9s du Botswana, pour rentrer et circuler dans le parc.<\/li><li>Chaque personne devra \u00eatre enregistr\u00e9e \u00e0 son arriv\u00e9e et \u00e0 son d\u00e9part.<\/li><li>Le camping sauvage est interdit, il est beaucoup trop dangereux de s\u2019improviser un campement au milieu des animaux sauvages. Le camping est donc autoris\u00e9 uniquement dans les sites pr\u00e9vus et \u00e9tudi\u00e9s \u00e0 cet effet.<\/li><li>La conduite est limit\u00e9e \u00e0 40km\/h.<\/li><li>Il est interdit de faire du hors-piste .<\/li><li>Il est interdit de nourrir ou perturber la vie animale<\/li><li>Il est interdit de sortir de son v\u00e9hicule sauf aux points d\u2019observation identifi\u00e9s<\/li><li>etc<\/li><\/ul>\n\n\n<div class=\"wp-block-image\">\n<figure class=\"aligncenter size-large\"><picture><source srcset=\"https:\/\/mistersafari.com\/fr\/wp-content\/uploads\/sites\/2\/elephant-chobe-1024x683.webp 1024w,https:\/\/mistersafari.com\/fr\/wp-content\/uploads\/sites\/2\/elephant-chobe-300x200.webp 300w,https:\/\/mistersafari.com\/fr\/wp-content\/uploads\/sites\/2\/elephant-chobe-768x512.webp 768w,https:\/\/mistersafari.com\/fr\/wp-content\/uploads\/sites\/2\/elephant-chobe-1536x1024.webp 1536w,https:\/\/mistersafari.com\/fr\/wp-content\/uploads\/sites\/2\/elephant-chobe.webp 1200w\" sizes=\"auto, (max-width: 1024px) 100vw, 1024px\" type=\"image\/webp\"><img src=\"https:\/\/mistersafari.com\/fr\/wp-content\/uploads\/sites\/2\/elephant-chobe-1024x683.jpg\" height=\"683\" width=\"1024\" srcset=\"https:\/\/mistersafari.com\/fr\/wp-content\/uploads\/sites\/2\/elephant-chobe-1024x683.jpg 1024w, https:\/\/mistersafari.com\/fr\/wp-content\/uploads\/sites\/2\/elephant-chobe-300x200.jpg 300w, https:\/\/mistersafari.com\/fr\/wp-content\/uploads\/sites\/2\/elephant-chobe-768x512.jpg 768w, https:\/\/mistersafari.com\/fr\/wp-content\/uploads\/sites\/2\/elephant-chobe-1536x1024.jpg 1536w, https:\/\/mistersafari.com\/fr\/wp-content\/uploads\/sites\/2\/elephant-chobe.jpg 1200w\" sizes=\"auto, (max-width: 1024px) 100vw, 1024px\" class=\"wp-image-3242 sp-no-webp\" alt=\"elephant\" loading=\"lazy\" decoding=\"async\"  > <\/picture><\/figure><\/div>\n\n\n<h2 class=\"wp-block-heading\"><span class=\"ez-toc-section\" id=\"ou-dormir-au-parc-national-de-chobe\"><\/span>O\u00f9 dormir au Parc National de Chobe ?<span class=\"ez-toc-section-end\"><\/span><\/h2>\n\n\n\n<p>Comme pour de nombreux safaris, plusieurs options sont possibles, selon les envies et les budgets.<\/p>\n\n\n\n<h3 class=\"gb-headline gb-headline-9e4b5a22 gb-headline-text\">Le camping<\/h3>\n\n\n\n<p>Des aires de camping sont am\u00e9nag\u00e9es pour passer la nuit sous des tentes en pleine nature. Cette formule est id\u00e9ale pour les moyens budgets. Les petits budgets pr\u00e9f\u00e8reront faire un aller-retour dans la journ\u00e9e entre Kasane et le parc afin de dormir dans les h\u00f4tels de la ville moins on\u00e9reux<\/p>\n\n\n\n<h3 class=\"gb-headline gb-headline-a3c919be gb-headline-text\">En bivouacs<\/h3>\n\n\n\n<p>Il est possible d\u2019\u00eatre log\u00e9s dans des bivouacs de luxe. Les emplacements sont choisis avec le plus grand soin pour offrir la meilleure exp\u00e9rience entre tranquillit\u00e9 en plein c\u0153ur de la nature et quelques moments intenses face \u00e0 cette vie sauvage en perp\u00e9tuel mouvement. Un guide et une \u00e9quipe d\u00e9di\u00e9s accompagnent des petits groupes priv\u00e9s, souvent pour des safaris de plusieurs jours.<\/p>\n\n\n\n<h3 class=\"gb-headline gb-headline-b944be34 gb-headline-text\">Les lodges<\/h3>\n\n\n\n<p>Une option plus \u00ab\u00a0luxe\u00a0\u00bb qui fait r\u00eaver avec un service d\u2019exception. Ils b\u00e9n\u00e9ficient souvent d\u2019un emplacement privil\u00e9gi\u00e9 au bord de la rivi\u00e8re ou au c\u0153ur d\u2019un parc. M\u00eame si ce choix de logement est souvent tr\u00e8s pris\u00e9, la structure m\u00eame des lodges permet de s\u2019isoler ou de se poser dans un endroit discret, au calme pour profiter d\u2019une vue incroyable sur la vie sauvage.<\/p>\n\n\n\n<p>En ce qui concernent le safari de Chobe,  le <a href=\"https:\/\/mistersafari.com\/fr\/safari-botswana\/lodges\/chobe-game-lodge\/\" data-type=\"page\" data-id=\"2989\">Chobe Game Lodge<\/a> est l\u2019unique lodge en plein c\u0153ur du parc national. Il se situe tout au nord-est du parc, directement au bord de la rivi\u00e8re Chobe !<\/p>\n\n\n\n<h3 class=\"gb-headline gb-headline-264bc261 gb-headline-text\">Les h\u00f4tels<\/h3>\n\n\n\n<p>Les h\u00f4tels sont situ\u00e9s \u00e0 l\u2019ext\u00e9rieur du parc, dont de tr\u00e8s nombreux dans la ville de Kasane avec un large choix d\u2019offres, les tarifs sont variables d\u2019un h\u00f4tel \u00e0 l\u2019autre mais restent cependant plut\u00f4t \u00e9lev\u00e9s. Il ne vous restera plus qu\u2019\u00e0 vous rendre aux portes du parc de Chobe au petit matin pour y passer la journ\u00e9e et profitez de votre safari.<\/p>\n\n\n\n<h2 class=\"wp-block-heading\"><span class=\"ez-toc-section\" id=\"le-parc-national-de-chobe-autres-informations-pratiques\"><\/span>Le Parc National de Chobe : autres informations pratiques<span class=\"ez-toc-section-end\"><\/span><\/h2>\n\n\n\n<h3 class=\"wp-block-heading\">M\u00e9t\u00e9o<\/h3>\n\n\n\n<p>Au parc de Chobe, il y a 2 saisons principales. La temp\u00e9rature moyenne annuelle au parc de Chobe avoisine les 25\u00b0C. La saison s\u00e8che dure d&rsquo;avril \u00e0 octobre, avec des temp\u00e9ratures variables. Entre juin et ao\u00fbt, les nuits sont fra\u00eeches et les journ\u00e9es assez chaudes, tandis que les temp\u00e9ratures culminent \u00e0 35\u00b0C en octobre. La saison des pluies d\u00e9bute en novembre, et dure jusqu&rsquo;en mars, avec des pluies variables selon les mois (pic en janvier).<\/p>\n\n\n\n<h3 class=\"wp-block-heading\">Quand visiter ?<\/h3>\n\n\n\n<p>Entre les mois de mai et octobre, pendant la p\u00e9riode de s\u00e9cheresse, les animaux se r\u00e9unissent autour de la rivi\u00e8re Chobe, une des seules sources d\u2019eaux de la r\u00e9gion en cette p\u00e9riode, ils sont ainsi plus faciles \u00e0 rep\u00e9rer. Pendant la saison des pluies, du mois de d\u00e9cembre au mois d\u2019avril, les animaux se d\u00e9placent plus car ils trouvent plus facilement de l\u2019eau.<\/p>\n\n\n\n<h3 class=\"wp-block-heading\">Sant\u00e9<\/h3>\n\n\n\n<p>Le meilleur conseil lorsqu\u2019on voyage en pleine nature pour un safari est de consulter votre m\u00e9decin et de partager avec lui votre itin\u00e9raire. Il vous expliquera les maladies pr\u00e9sentes sur le territoire et les m\u00e9dicaments \u00e0 prendre pour vous prot\u00e9ger ou vous soigner. Cependant, certains vaccins sont <a href=\"https:\/\/www.pasteur.fr\/fr\/centre-medical\/preparer-son-voyage\/botswana\" target=\"_blank\" rel=\"noreferrer noopener\">recommand\u00e9s par l\u2019institut Pasteur<\/a> comme l\u2019h\u00e9patite B, la Rage, la Typho\u00efde pour de longs s\u00e9jours dans des zones isol\u00e9es mais \u00e9galement le Paludisme, qui lui concerne seulement le nord du pays.<br><br>Heureusement, certains gestes simples du quotidien permettent de limiter le risque de transmission de certaines maladies et notamment du paludisme. Il est tr\u00e8s important d\u2019utiliser un puissant r\u00e9pulsif de moustiques et de porter des v\u00eatements couvrants, surtout \u00e0 la nuit tomb\u00e9e.<\/p>\n\n\n\n<p>Il n\u2019est pas rare que les chambres d\u2019h\u00f4tel ou de lodges mettent \u00e0 votre disposition des prises anti-moustiques et une moustiquaire pour dormir. Renseignez-vous avant de partir pour pouvoir anticiper ce point au moment de faire vos valises !<\/p>\n\n\n\n<p>En Afrique, le soleil tape tr\u00e8s fort, un \u00e9cran total pour toute la famille est plus que recommand\u00e9 ! Sans oublier une protection pour votre t\u00eate comme un chapeau ou une casquette et des lunettes de soleil. Enfin, une petite trousse de secours est toujours appr\u00e9ciable. Vous pouvez en discuter avec votre pharmacien directement ou avec votre m\u00e9decin si vous pr\u00e9f\u00e9rez.<\/p>\n","protected":false},"excerpt":{"rendered":"<p>Le parc national de Chobe, situ\u00e9 au Botswana, est le deuxi\u00e8me plus grand du pays apr\u00e8s la R\u00e9serve du Kalahari Central qui comprend le Parc National de Gemsbok. Le parc de Chobe (Chobe National Park) fait partie des parcs b\u00e9n\u00e9ficiant de la plus importante biodiversit\u00e9 entre grandes plaines, mar\u00e9cages et for\u00eats. Il offre la plus &#8230; <a title=\"Parc National de Chobe\" class=\"read-more\" href=\"https:\/\/mistersafari.com\/fr\/safari-botswana\/parcs-reserves\/parc-national-chobe\/\" aria-label=\"En savoir plus sur Parc National de Chobe\">Lire la suite<\/a><\/p>\n","protected":false},"author":3,"featured_media":3247,"parent":2957,"menu_order":0,"comment_status":"closed","ping_status":"closed","template":"","meta":{"_acf_changed":false,"footnotes":""},"content_type":[23],"country":[27],"class_list":{"0":"post-3136","1":"page","2":"type-page","3":"status-publish","4":"has-post-thumbnail","6":"content_type-parc","7":"country-botswana","8":"no-featured-image-padding"},"acf":{"hreflang":[{"alternative_url":"https:\/\/mistersafari.com\/chobe-national-park\/","language":"en"}]},"_links":{"self":[{"href":"https:\/\/mistersafari.com\/fr\/wp-json\/wp\/v2\/pages\/3136","targetHints":{"allow":["GET"]}}],"collection":[{"href":"https:\/\/mistersafari.com\/fr\/wp-json\/wp\/v2\/pages"}],"about":[{"href":"https:\/\/mistersafari.com\/fr\/wp-json\/wp\/v2\/types\/page"}],"author":[{"embeddable":true,"href":"https:\/\/mistersafari.com\/fr\/wp-json\/wp\/v2\/users\/3"}],"replies":[{"embeddable":true,"href":"https:\/\/mistersafari.com\/fr\/wp-json\/wp\/v2\/comments?post=3136"}],"version-history":[{"count":24,"href":"https:\/\/mistersafari.com\/fr\/wp-json\/wp\/v2\/pages\/3136\/revisions"}],"predecessor-version":[{"id":6744,"href":"https:\/\/mistersafari.com\/fr\/wp-json\/wp\/v2\/pages\/3136\/revisions\/6744"}],"up":[{"embeddable":true,"href":"https:\/\/mistersafari.com\/fr\/wp-json\/wp\/v2\/pages\/2957"}],"wp:featuredmedia":[{"embeddable":true,"href":"https:\/\/mistersafari.com\/fr\/wp-json\/wp\/v2\/media\/3247"}],"wp:attachment":[{"href":"https:\/\/mistersafari.com\/fr\/wp-json\/wp\/v2\/media?parent=3136"}],"wp:term":[{"taxonomy":"content_type","embeddable":true,"href":"https:\/\/mistersafari.com\/fr\/wp-json\/wp\/v2\/content_type?post=3136"},{"taxonomy":"country","embeddable":true,"href":"https:\/\/mistersafari.com\/fr\/wp-json\/wp\/v2\/country?post=3136"}],"curies":[{"name":"wp","href":"https:\/\/api.w.org\/{rel}","templated":true}]}}