{"id":3081,"date":"2021-06-29T13:33:52","date_gmt":"2021-06-29T13:33:52","guid":{"rendered":"https:\/\/mistersafari.com\/fr\/safari-botswana\/parcs-reserves\/delta-de-lokavango\/"},"modified":"2022-10-18T08:03:13","modified_gmt":"2022-10-18T08:03:13","slug":"delta-okavango","status":"publish","type":"page","link":"https:\/\/mistersafari.com\/fr\/safari-botswana\/parcs-reserves\/delta-okavango\/","title":{"rendered":"Delta de l&rsquo;Okavango"},"content":{"rendered":"\n<p>Deuxi\u00e8me plus grand delta int\u00e9rieur du monde, le delta de l&rsquo;Okavango est d&rsquo;une beaut\u00e9 l\u00e9gendaire. Apr\u00e8s la saison des pluies, l&rsquo;eau met quelques mois \u00e0 ruisseler jusqu&rsquo;au delta, recouvrant des pans entiers de terres. Des \u00eeles disparaissent, tandis que les animaux se r\u00e9fugient au sec. Dans ce fleuve qui n&rsquo;atteindra jamais la mer, vous retrouverez le Big Five. Alors pr\u00eat \u00e0 partir \u00e0 l&rsquo;aventure ?<\/p>\n\n\n<div id=\"ez-toc-container\" class=\"ez-toc-v2_0_76 counter-flat ez-toc-counter ez-toc-custom ez-toc-container-direction\">\n<div class=\"ez-toc-title-container\"><p class=\"ez-toc-title\" style=\"cursor:inherit\">Sommaire<\/p>\n<\/div><nav><ul class='ez-toc-list ez-toc-list-level-1 ' ><li class='ez-toc-page-1'><a class=\"ez-toc-link ez-toc-heading-1\" href=\"https:\/\/mistersafari.com\/fr\/safari-botswana\/parcs-reserves\/delta-okavango\/#pourquoi-se-rendre-au-delta-de-lokavango\">Pourquoi se rendre au delta de l&rsquo;Okavango ?<\/a><\/li><li class='ez-toc-page-1'><a class=\"ez-toc-link ez-toc-heading-2\" href=\"https:\/\/mistersafari.com\/fr\/safari-botswana\/parcs-reserves\/delta-okavango\/#comment-se-rendre-au-delta-de-lokavango\">Comment se rendre au delta de l&rsquo;Okavango<\/a><\/li><li class='ez-toc-page-1'><a class=\"ez-toc-link ez-toc-heading-3\" href=\"https:\/\/mistersafari.com\/fr\/safari-botswana\/parcs-reserves\/delta-okavango\/#tarifs-et-reglementation\">Tarifs et r\u00e9glementation<\/a><\/li><li class='ez-toc-page-1'><a class=\"ez-toc-link ez-toc-heading-4\" href=\"https:\/\/mistersafari.com\/fr\/safari-botswana\/parcs-reserves\/delta-okavango\/#ou-dormir-au-delta-de-lokavango\">O\u00f9 dormir au delta de l&rsquo;Okavango ?<\/a><\/li><li class='ez-toc-page-1'><a class=\"ez-toc-link ez-toc-heading-5\" href=\"https:\/\/mistersafari.com\/fr\/safari-botswana\/parcs-reserves\/delta-okavango\/#delta-de-lokavango-autres-informations-pratiques\">Delta de l&rsquo;Okavango : autres informations pratiques<\/a><\/li><\/ul><\/nav><\/div>\n\n\n\n\n<h2 class=\"wp-block-heading\"><span class=\"ez-toc-section\" id=\"pourquoi-se-rendre-au-delta-de-lokavango\"><\/span>Pourquoi se rendre au delta de l&rsquo;Okavango ?<span class=\"ez-toc-section-end\"><\/span><\/h2>\n\n\n\n<p>Le delta de l\u2019Okavango est un lieu magique entre ciel et terre. Les animaux les plus sauvages viennent se d\u00e9salt\u00e9rer dans cette oasis. Girafes, z\u00e8bres, rhinoc\u00e9ros, lycaon, gu\u00e9pards, antilopes et chiens sauvages ont trouv\u00e9 refuge dans ce havre de paix.<\/p>\n\n\n\n<p>Les amateurs d\u2019oiseaux trouveront leur compte avec la diversit\u00e9 d\u2019esp\u00e8ces qui existent dans le delta de l\u2019Okavango. Vous trouverez des esp\u00e8ces en voie de disparition comme la grue caroncul\u00e9e ou l&rsquo;aigrette vineuse. Elles profitent de la qui\u00e9tude du delta pour se ressourcer.<\/p>\n\n\n\n<p>Les \u00e9l\u00e9phants ont trouv\u00e9 leur paradis. Ils seraient plus de 100 000 \u00e0 vivre dans le delta de l\u2019Okavango. Vous avez de grandes chances d\u2019en croiser au d\u00e9tour d\u2019un chemin. Ils profitent de ces \u00e9tendues d\u2019eaux et de prairies verdoyantes pour se nourrir et s\u2019hydrater.<\/p>\n\n\n<div class=\"wp-block-image\">\n<figure class=\"aligncenter size-full\"><picture><source srcset=\"https:\/\/mistersafari.com\/fr\/wp-content\/uploads\/sites\/2\/Delta-Okavango.webp 1200w,https:\/\/mistersafari.com\/fr\/wp-content\/uploads\/sites\/2\/Delta-Okavango-300x187.webp 300w,https:\/\/mistersafari.com\/fr\/wp-content\/uploads\/sites\/2\/Delta-Okavango-1024x637.webp 1024w,https:\/\/mistersafari.com\/fr\/wp-content\/uploads\/sites\/2\/Delta-Okavango-768x478.webp 768w\" sizes=\"auto, (max-width: 1200px) 100vw, 1200px\" type=\"image\/webp\"><img src=\"https:\/\/mistersafari.com\/fr\/wp-content\/uploads\/sites\/2\/Delta-Okavango.jpg\" height=\"747\" width=\"1200\" srcset=\"https:\/\/mistersafari.com\/fr\/wp-content\/uploads\/sites\/2\/Delta-Okavango.jpg 1200w, https:\/\/mistersafari.com\/fr\/wp-content\/uploads\/sites\/2\/Delta-Okavango-300x187.jpg 300w, https:\/\/mistersafari.com\/fr\/wp-content\/uploads\/sites\/2\/Delta-Okavango-1024x637.jpg 1024w, https:\/\/mistersafari.com\/fr\/wp-content\/uploads\/sites\/2\/Delta-Okavango-768x478.jpg 768w\" sizes=\"auto, (max-width: 1200px) 100vw, 1200px\" class=\"wp-image-4260 sp-no-webp\" alt=\"Deltra de l&#039;Okavango\" loading=\"lazy\" decoding=\"async\"  > <\/picture><\/figure><\/div>\n\n\n<p>Le delta de l\u2019Okavango est inscrit depuis 2014 sur la <a href=\"https:\/\/whc.unesco.org\/fr\/list\/1432\/\" target=\"_blank\" rel=\"noreferrer noopener\">liste du patrimoine mondial de l&rsquo;UNESCO<\/a>. Pour profiter pleinement de cet \u00e9cosyst\u00e8me unique, nous vous recommandons un s\u00e9jour d\u2019au moins 3 nuit\u00e9es. Vous pourrez alterner entre des camps aquatiques (sur pilotis et accessibles en bateau) et semi-aquatiques.<\/p>\n\n\n\n<h3 class=\"wp-block-heading\">Safari en 4&#215;4<\/h3>\n\n\n\n<p>Le safari 4&#215;4 est un classique du delta de l\u2019Okavango. Accompagn\u00e9 de guides, vous vous lancez sur les traces du Big Five. Apr\u00e8s des heures de recherche, deux ombres furtives apparaissent enfin au loin : un lionceau et une lionne se pr\u00e9lassent le long du fleuve.<\/p>\n\n\n\n<h3 class=\"wp-block-heading\">Safari en mokoro<\/h3>\n\n\n\n<p>Sur des pirogues, vous c\u00f4toyez les hippopotames et les crocodiles. On les observe du coin de l&rsquo;\u0153il, un sourire aux l\u00e8vres\u2026 Mais on ne s\u2019en approche pas trop. La travers\u00e9e du fleuve est tr\u00e8s agr\u00e9able. On se sent isol\u00e9 du monde, au milieu d\u2019un paradis inexplor\u00e9.<\/p>\n\n\n<div class=\"wp-block-image\">\n<figure class=\"aligncenter size-full\"><picture><source srcset=\"https:\/\/mistersafari.com\/fr\/wp-content\/uploads\/sites\/2\/hippos-delta.webp 1200w,https:\/\/mistersafari.com\/fr\/wp-content\/uploads\/sites\/2\/hippos-delta-300x200.webp 300w,https:\/\/mistersafari.com\/fr\/wp-content\/uploads\/sites\/2\/hippos-delta-1024x683.webp 1024w,https:\/\/mistersafari.com\/fr\/wp-content\/uploads\/sites\/2\/hippos-delta-768x512.webp 768w\" sizes=\"auto, (max-width: 1200px) 100vw, 1200px\" type=\"image\/webp\"><img src=\"https:\/\/mistersafari.com\/fr\/wp-content\/uploads\/sites\/2\/hippos-delta.jpg\" height=\"800\" width=\"1200\" srcset=\"https:\/\/mistersafari.com\/fr\/wp-content\/uploads\/sites\/2\/hippos-delta.jpg 1200w, https:\/\/mistersafari.com\/fr\/wp-content\/uploads\/sites\/2\/hippos-delta-300x200.jpg 300w, https:\/\/mistersafari.com\/fr\/wp-content\/uploads\/sites\/2\/hippos-delta-1024x683.jpg 1024w, https:\/\/mistersafari.com\/fr\/wp-content\/uploads\/sites\/2\/hippos-delta-768x512.jpg 768w\" sizes=\"auto, (max-width: 1200px) 100vw, 1200px\" class=\"wp-image-4263 sp-no-webp\" alt=\"hippopotame dans le Delta Okavango\" loading=\"lazy\" decoding=\"async\"  > <\/picture><\/figure><\/div>\n\n\n<h3 class=\"wp-block-heading\">Safari en avion<\/h3>\n\n\n\n<p>La vue est \u00e9poustouflante, splendide : des troupeaux de buffles se d\u00e9tachent dans le paysage. En prenant de la hauteur, ils deviennent des points sombres \u00e9voluant dans les plaines luxuriantes du <a href=\"https:\/\/mistersafari.com\/fr\/safari-botswana\/\" data-type=\"page\" data-id=\"1772\">Botswana<\/a>. Ils longent les \u00e9tendues d\u2019eau et viennent m\u00eame parfois s\u2019y d\u00e9salt\u00e9rer.<\/p>\n\n\n\n<h3 class=\"wp-block-heading\">Safari mobile<\/h3>\n\n\n\n<p>Avec ce type de safari, vous \u00eates en immersion totale dans la brousse africaine. Vous vous d\u00e9placez au rythme des animaux sauvages et campez dans des lieux pr\u00e9serv\u00e9s et intimistes. Le spectacle est f\u00e9erique, l\u2019exp\u00e9rience inoubliable.<\/p>\n\n\n\n<h2 class=\"wp-block-heading\"><span class=\"ez-toc-section\" id=\"comment-se-rendre-au-delta-de-lokavango\"><\/span>Comment se rendre au delta de l&rsquo;Okavango<span class=\"ez-toc-section-end\"><\/span><\/h2>\n\n\n\n<p>Pour se rendre au delta de l\u2019Okavango, la premi\u00e8re \u00e9tape est d\u2019arriver par avion au Botswana. Peu de pays proposent des vols directs pour le Botswana. Si vous venez d\u2019Europe, il est donc conseill\u00e9 de passer par l\u2019Afrique du Sud. Les 2 a\u00e9roports principaux sont Johannesburg et Cape Town. Ensuite, vous pourrez prendre un vol local vers Gaborone ou Kasane. La derni\u00e8re \u00e9tape est d\u2019arriver \u00e0 l\u2019a\u00e9roport de Maun.<\/p>\n\n\n\n<p>De Maun, vous avez 2 possibilit\u00e9s : louer un 4&#215;4 ou prendre un avion charter. \u00c0 vous de choisir la meilleure solution en fonction de votre itin\u00e9raire, de la saison et du type de logement vis\u00e9.<\/p>\n\n\n\n<h2 class=\"wp-block-heading\"><span class=\"ez-toc-section\" id=\"tarifs-et-reglementation\"><\/span>Tarifs et r\u00e9glementation<span class=\"ez-toc-section-end\"><\/span><\/h2>\n\n\n\n<h3 class=\"wp-block-heading\">Tarifs au delta de l&rsquo;Okavango<\/h3>\n\n\n\n<p>Les tarifs du delta de l\u2019Okavango d\u00e9pendent de votre destination. Dans les parcs nationaux, les prix sont abordables, alors que dans les concessions priv\u00e9es moins embouteill\u00e9es, les prix s\u2019envolent.<\/p>\n\n\n\n<p>Voici les tarifs de la <a href=\"https:\/\/mistersafari.com\/fr\/safari-botswana\/parcs-reserves\/moremi-game-reserve\/\" data-type=\"page\" data-id=\"2959\">Moremi Game Reserve<\/a> :<\/p>\n\n\n\n<ul class=\"wp-block-list\"><li>Pour un adulte : 120 pulas (environ 10 \u20ac).<\/li><li>Pour un enfant entre 8 et 17 ans : 60 pulas (environ 5 \u20ac).<\/li><li>Pour un enfant de moins de 8 ans : entr\u00e9e gratuite.<\/li><\/ul>\n\n\n\n<p>Si vous souhaitez vous rendre dans une concession priv\u00e9e, o\u00f9 l\u2019on retrouve la plupart des lodges, le prix sera un peu plus cons\u00e9quent. Comptez entre 1 500 et 4 000 dollars en moyenne. En euros, on arrive \u00e0 une fourchette entre 1 260 \u20ac et 3 360 \u20ac par personne.<\/p>\n\n\n\n<h3 class=\"wp-block-heading\">R\u00e9glementation<\/h3>\n\n\n\n<p>Dans le delta de l\u2019Okavango, vous devez suivre des r\u00e8gles strictes pour pr\u00e9server la faune et la flore :<\/p>\n\n\n\n<ul class=\"wp-block-list\"><li>laisser une distance de s\u00e9curit\u00e9 avec les animaux sauvages ;<\/li><li>ramasser ses d\u00e9chets ;<\/li><li>rester sur les pistes.<\/li><\/ul>\n\n\n\n<p>Des indications plus pr\u00e9cises vous seront donn\u00e9es \u00e0 chaque porte d\u2019entr\u00e9e.<\/p>\n\n\n\n<h2 class=\"wp-block-heading\"><span class=\"ez-toc-section\" id=\"ou-dormir-au-delta-de-lokavango\"><\/span>O\u00f9 dormir au delta de l&rsquo;Okavango ?<span class=\"ez-toc-section-end\"><\/span><\/h2>\n\n\n\n<p>Au delta de l\u2019Okavango, il n\u2019y a pas beaucoup d\u2019h\u00e9bergements, car l\u2019eau recouvre la majorit\u00e9 des terres apr\u00e8s la saison des pluies. Nous vous invitons \u00e0 vous renseigner aupr\u00e8s des campings et des lodges vis\u00e9s pour v\u00e9rifier leurs disponibilit\u00e9s.<\/p>\n\n\n\n<h3 class=\"wp-block-heading\">Les campings<\/h3>\n\n\n\n<p>Les campings offrent un confort sommaire. Vous dormez sous des tentes, avec des douches et des toilettes partag\u00e9es avec les autres voyageurs. Le camping itin\u00e9rant vous permet de conjuguer autonomie et aventure. Il se peut que des rugissements de lions se fassent entendre la nuit.<\/p>\n\n\n\n<p>Avant de vous aventurer dans le delta de l\u2019Okavango, munissez-vous d\u2019un v\u00e9hicule adapt\u00e9, d\u2019une carte et d\u2019un moyen de communication ad\u00e9quat.<\/p>\n\n\n\n<h3 class=\"wp-block-heading\">Les lodges<\/h3>\n\n\n\n<p>Les lodges les plus r\u00e9put\u00e9s du delta de l\u2019Okavango sont le <a href=\"https:\/\/mistersafari.com\/fr\/safari-botswana\/lodges\/mombo-camp\/\" data-type=\"page\" data-id=\"2672\">Mombo Safari Camp<\/a> et le Little Mombo. Au c\u0153ur du delta de l\u2019Okavango, ils offrent un panorama magique. Les animaux sauvages se d\u00e9salt\u00e8rent dans le fleuve tandis que les oiseaux virevoltent au-dessus de la rivi\u00e8re \u00e0 la recherche de quelques poissons \u00e0 se mettre sous la dent.<\/p>\n\n\n\n<p>En plus de proposer des chambres individuelles avec lits doubles et salles de bains, la plupart des lodges poss\u00e8dent une piscine. Si vous souhaitez vous d\u00e9tendre entre les safaris avec un petit plongeon dans la piscine ou un cocktail, le lodge est l\u2019h\u00e9bergement id\u00e9al.<\/p>\n\n\n\n<p>Bon \u00e0 savoir : le transfert de l\u2019a\u00e9roport au lodge est en g\u00e9n\u00e9ral compris dans le tarif et organis\u00e9 par le staff. N\u2019\u00e9tant pas forc\u00e9ment accessible par 4&#215;4, vous prendrez s\u00fbrement l\u2019avion ou le bateau pour rejoindre votre h\u00e9bergement.<\/p>\n\n\n\n<h2 class=\"wp-block-heading\"><span class=\"ez-toc-section\" id=\"delta-de-lokavango-autres-informations-pratiques\"><\/span>Delta de l&rsquo;Okavango : autres informations pratiques<span class=\"ez-toc-section-end\"><\/span><\/h2>\n\n\n\n<h3 class=\"wp-block-heading\">G\u00e9ographie<\/h3>\n\n\n\n<p>Le delta de l\u2019Okavango est situ\u00e9 au nord du Botswana. Sa superficie peut atteindre jusqu\u2019\u00e0 18 000 km<sup>2 <\/sup>lorsque l\u2019eau est au plus haut. 40 % du delta est compos\u00e9 par la <a href=\"https:\/\/mistersafari.com\/fr\/safari-botswana\/parcs-reserves\/moremi-game-reserve\/\" data-type=\"page\" data-id=\"2959\">Moremi Game Reserve<\/a>. Le reste est compos\u00e9 de concessions priv\u00e9es. Il prend sa source dans les montagnes de l\u2019Angola et se d\u00e9verse dans le d\u00e9sert du Kalahari.<\/p>\n\n\n<div class=\"wp-block-image\">\n<figure class=\"aligncenter size-full\"><picture><source srcset=\"https:\/\/mistersafari.com\/fr\/wp-content\/uploads\/sites\/2\/zebres-delta.webp 1200w,https:\/\/mistersafari.com\/fr\/wp-content\/uploads\/sites\/2\/zebres-delta-300x190.webp 300w,https:\/\/mistersafari.com\/fr\/wp-content\/uploads\/sites\/2\/zebres-delta-1024x649.webp 1024w,https:\/\/mistersafari.com\/fr\/wp-content\/uploads\/sites\/2\/zebres-delta-768x486.webp 768w\" sizes=\"auto, (max-width: 1200px) 100vw, 1200px\" type=\"image\/webp\"><img src=\"https:\/\/mistersafari.com\/fr\/wp-content\/uploads\/sites\/2\/zebres-delta.jpg\" height=\"760\" width=\"1200\" srcset=\"https:\/\/mistersafari.com\/fr\/wp-content\/uploads\/sites\/2\/zebres-delta.jpg 1200w, https:\/\/mistersafari.com\/fr\/wp-content\/uploads\/sites\/2\/zebres-delta-300x190.jpg 300w, https:\/\/mistersafari.com\/fr\/wp-content\/uploads\/sites\/2\/zebres-delta-1024x649.jpg 1024w, https:\/\/mistersafari.com\/fr\/wp-content\/uploads\/sites\/2\/zebres-delta-768x486.jpg 768w\" sizes=\"auto, (max-width: 1200px) 100vw, 1200px\" class=\"wp-image-4265 sp-no-webp\" alt=\"z\u00e8bres Delta Okavango\" loading=\"lazy\" decoding=\"async\"  > <\/picture><\/figure><\/div>\n\n\n<h3 class=\"wp-block-heading\">M\u00e9t\u00e9o<\/h3>\n\n\n\n<p>Au delta de l\u2019Okavango, il y a 2 saisons principales :<\/p>\n\n\n\n<ul class=\"wp-block-list\"><li>la saison s\u00e8che ;<\/li><li>la saison des pluies.<\/li><\/ul>\n\n\n\n<p>La particularit\u00e9 du delta de l\u2019Okavango est qu\u2019il atteint son niveau le plus \u00e9lev\u00e9 pendant la saison s\u00e8che. En effet, l\u2019eau qui provient de l\u2019Angola met des mois \u00e0 atteindre tout le delta. La saison des pluies se d\u00e9roule de novembre \u00e0 mars. La saison s\u00e8che a lieu d\u2019avril \u00e0 octobre. De mai \u00e0 ao\u00fbt, les nuits sont fra\u00eeches (environ 10 degr\u00e9s). Si vous partez \u00e0 cette p\u00e9riode de l\u2019ann\u00e9e, dotez-vous d\u2019habits assez chauds pour dormir.<\/p>\n\n\n\n<h3 class=\"wp-block-heading\">Quand visiter<\/h3>\n\n\n\n<p>Pendant la saison des pluies, il est d\u00e9conseill\u00e9 de voyager dans le delta, car le terrain est boueux et vous risquez de vous enliser. La p\u00e9riode de juillet \u00e0 septembre est id\u00e9ale pour venir au Botswana, car les animaux sont de sortie. Le delta de l\u2019Okavango atteint son apog\u00e9e en juillet pour ensuite redescendre tout doucement. Vous pourrez donc croiser le Big Five \u00e0 cette p\u00e9riode, se regroupant sur les quelques \u00eelots \u00e9pargn\u00e9s de l\u2019eau.<\/p>\n","protected":false},"excerpt":{"rendered":"<p>Deuxi\u00e8me plus grand delta int\u00e9rieur du monde, le delta de l&rsquo;Okavango est d&rsquo;une beaut\u00e9 l\u00e9gendaire. Apr\u00e8s la saison des pluies, l&rsquo;eau met quelques mois \u00e0 ruisseler jusqu&rsquo;au delta, recouvrant des pans entiers de terres. Des \u00eeles disparaissent, tandis que les animaux se r\u00e9fugient au sec. Dans ce fleuve qui n&rsquo;atteindra jamais la mer, vous retrouverez &#8230; <a title=\"Delta de l&rsquo;Okavango\" class=\"read-more\" href=\"https:\/\/mistersafari.com\/fr\/safari-botswana\/parcs-reserves\/delta-okavango\/\" aria-label=\"En savoir plus sur Delta de l&rsquo;Okavango\">Lire la suite<\/a><\/p>\n","protected":false},"author":3,"featured_media":3092,"parent":2957,"menu_order":3,"comment_status":"closed","ping_status":"closed","template":"","meta":{"_acf_changed":false,"footnotes":""},"content_type":[23],"country":[27],"class_list":{"0":"post-3081","1":"page","2":"type-page","3":"status-publish","4":"has-post-thumbnail","6":"content_type-parc","7":"country-botswana","8":"no-featured-image-padding"},"acf":{"hreflang":[{"alternative_url":"https:\/\/mistersafari.com\/okavango-delta-safari\/","language":"en"}]},"_links":{"self":[{"href":"https:\/\/mistersafari.com\/fr\/wp-json\/wp\/v2\/pages\/3081","targetHints":{"allow":["GET"]}}],"collection":[{"href":"https:\/\/mistersafari.com\/fr\/wp-json\/wp\/v2\/pages"}],"about":[{"href":"https:\/\/mistersafari.com\/fr\/wp-json\/wp\/v2\/types\/page"}],"author":[{"embeddable":true,"href":"https:\/\/mistersafari.com\/fr\/wp-json\/wp\/v2\/users\/3"}],"replies":[{"embeddable":true,"href":"https:\/\/mistersafari.com\/fr\/wp-json\/wp\/v2\/comments?post=3081"}],"version-history":[{"count":15,"href":"https:\/\/mistersafari.com\/fr\/wp-json\/wp\/v2\/pages\/3081\/revisions"}],"predecessor-version":[{"id":6768,"href":"https:\/\/mistersafari.com\/fr\/wp-json\/wp\/v2\/pages\/3081\/revisions\/6768"}],"up":[{"embeddable":true,"href":"https:\/\/mistersafari.com\/fr\/wp-json\/wp\/v2\/pages\/2957"}],"wp:featuredmedia":[{"embeddable":true,"href":"https:\/\/mistersafari.com\/fr\/wp-json\/wp\/v2\/media\/3092"}],"wp:attachment":[{"href":"https:\/\/mistersafari.com\/fr\/wp-json\/wp\/v2\/media?parent=3081"}],"wp:term":[{"taxonomy":"content_type","embeddable":true,"href":"https:\/\/mistersafari.com\/fr\/wp-json\/wp\/v2\/content_type?post=3081"},{"taxonomy":"country","embeddable":true,"href":"https:\/\/mistersafari.com\/fr\/wp-json\/wp\/v2\/country?post=3081"}],"curies":[{"name":"wp","href":"https:\/\/api.w.org\/{rel}","templated":true}]}}