{"id":3074,"date":"2021-06-29T13:26:38","date_gmt":"2021-06-29T13:26:38","guid":{"rendered":"https:\/\/mistersafari.com\/fr\/safari-kenya\/parcs-reserves\/plateau-de-laikipia\/"},"modified":"2022-03-14T09:10:05","modified_gmt":"2022-03-14T09:10:05","slug":"plateau-laikipia","status":"publish","type":"page","link":"https:\/\/mistersafari.com\/fr\/safari-kenya\/parcs-reserves\/plateau-laikipia\/","title":{"rendered":"Plateau de Laikipia"},"content":{"rendered":"\n<p>D\u2019une superficie presque aussi grande que le Liban, le plateau de Laikipia est d\u2019une beaut\u00e9 transcendante. Plaines, savanes et for\u00eats tropicales se c\u00f4toient sur 9\u2009500 km<sup>2<\/sup>. Un panorama de r\u00eave qui accueille le top de la faune sauvage : le <a href=\"https:\/\/mistersafari.com\/fr\/safari-kenya\/animaux\/\" data-type=\"page\" data-id=\"1746\">Big Five<\/a>. Voici le guide ultime pour un s\u00e9jour au plateau de Laikipia.<\/p>\n\n\n<div id=\"ez-toc-container\" class=\"ez-toc-v2_0_76 counter-flat ez-toc-counter ez-toc-custom ez-toc-container-direction\">\n<div class=\"ez-toc-title-container\"><p class=\"ez-toc-title\" style=\"cursor:inherit\">Sommaire<\/p>\n<\/div><nav><ul class='ez-toc-list ez-toc-list-level-1 ' ><li class='ez-toc-page-1'><a class=\"ez-toc-link ez-toc-heading-1\" href=\"https:\/\/mistersafari.com\/fr\/safari-kenya\/parcs-reserves\/plateau-laikipia\/#pourquoi-se-rendre-au-plateau-de-laikipia%e2%80%89\">Pourquoi se rendre au plateau de Laikipia\u2009?<\/a><\/li><li class='ez-toc-page-1'><a class=\"ez-toc-link ez-toc-heading-2\" href=\"https:\/\/mistersafari.com\/fr\/safari-kenya\/parcs-reserves\/plateau-laikipia\/#comment-se-rendre-au-plateau-de-laikipia\">Comment se rendre au plateau de Laikipia<\/a><\/li><li class='ez-toc-page-1'><a class=\"ez-toc-link ez-toc-heading-3\" href=\"https:\/\/mistersafari.com\/fr\/safari-kenya\/parcs-reserves\/plateau-laikipia\/#tarifs-et-reglementation\">Tarifs et r\u00e9glementation<\/a><\/li><li class='ez-toc-page-1'><a class=\"ez-toc-link ez-toc-heading-4\" href=\"https:\/\/mistersafari.com\/fr\/safari-kenya\/parcs-reserves\/plateau-laikipia\/#ou-dormir-au-plateau-de-laikipia\">O\u00f9 dormir au plateau de Laikipia ?<\/a><\/li><li class='ez-toc-page-1'><a class=\"ez-toc-link ez-toc-heading-5\" href=\"https:\/\/mistersafari.com\/fr\/safari-kenya\/parcs-reserves\/plateau-laikipia\/#plateau-de-laikipia-autres-informations-pratiques\">Plateau de Laikipia : autres informations pratiques<\/a><\/li><\/ul><\/nav><\/div>\n\n\n\n\n<h2 class=\"wp-block-heading\"><span class=\"ez-toc-section\" id=\"pourquoi-se-rendre-au-plateau-de-laikipia%e2%80%89\"><\/span>Pourquoi se rendre au plateau de Laikipia\u2009?<span class=\"ez-toc-section-end\"><\/span><\/h2>\n\n\n\n<p>Si vous avez d\u00e9cid\u00e9 de <a href=\"https:\/\/mistersafari.com\/fr\/safari-kenya\/comment-aller\/\" data-type=\"page\" data-id=\"715\">vous rendre au Kenya<\/a>, le plateau de Laikipia est un incontournable. Jouxtant le mont Kenya, ce lieu encore pr\u00e9serv\u00e9 du tourisme de masse rassemble une faune et une flore extraordinaires. Entre monts et vall\u00e9es, for\u00eats et savanes, vous ne saurez plus o\u00f9 donner de la t\u00eate.<\/p>\n\n\n\n<p>En 1985, le plateau de Laikipia a accueilli le tournage du film Out of Africa, retra\u00e7ant une histoire d\u2019amour au Kenya. Succ\u00e8s plan\u00e9taire, cette \u0153uvre cin\u00e9matographique a obtenu 7 oscars. En logeant au Sergera Retreat, vous pourrez m\u00eame survoler les plaines kenyanes avec le bimoteur jaune typique du film.<\/p>\n\n\n\n<p>\u00c0 l\u2019int\u00e9rieur du plateau de Laikipia, les <a href=\"https:\/\/mistersafari.com\/fr\/safari-kenya\/parcs-reserves\/\" data-type=\"page\" data-id=\"926\">r\u00e9serves<\/a> les plus accessibles sont l\u2019Ol Pejeta et la Lewa Wildlife Conservancy. Au sein de l\u2019Ol Pejeta, vous retrouverez des girafes r\u00e9ticul\u00e9es, des rhinoc\u00e9ros, des \u00e9l\u00e9phants, des buffles, des lions\u2026 Un bouquet d\u2019animaux sauvages. Dans la Lewa Wildlife Conservancy, vous pourrez observer la gr\u00e2ce des z\u00e8bres Gr\u00e9vy et apercevoir au loin quelques rhinoc\u00e9ros \u00e0 l\u2019allure pataude.<\/p>\n\n\n\n<p>Visiter le plateau de Laikipia, c\u2019est aussi contempler des paysages \u00e0 couper le souffle : le mont Kenya se dresse devant vous, majestueux et envo\u00fbtant. Culminant \u00e0 5\u2009199 m\u00e8tres, son sommet enneig\u00e9 contraste avec la lave noire qui le recouvre. Pour les plus aventureux, l\u2019ascension du mont Kenya est une promenade mythique \u00e0 faire apr\u00e8s avoir explor\u00e9 la r\u00e9gion du Laikipia.<\/p>\n\n\n\n<h3 class=\"wp-block-heading\">Balade \u00e0 cheval<\/h3>\n\n\n\n<p>Les cheveux au vent, vous avancez au trot ou au galop au rythme des reliefs. Le paysage d\u00e9file devant vous \u00e0 grande vitesse. Un sentiment de libert\u00e9 s\u2019invite, le l\u00e2cher-prise vous envahit. C\u2019est une sortie \u00e0 ne pas manquer qui restera grav\u00e9e \u00e0 vie dans votre m\u00e9moire.<\/p>\n\n\n\n<h3 class=\"wp-block-heading\">Sortie \u00e0 dos de chameau<\/h3>\n\n\n\n<p>Les chameaux font partie du paysage k\u00e9nyan au m\u00eame titre que les plaines arides du plateau de Laikida. Une balade \u00e0 dos de chameaux vous fait profiter du d\u00e9cor grandiose de ce plateau. On se sent en communion avec la nature, suivant la cadence tranquille du chameau.<\/p>\n\n\n\n<h2 class=\"wp-block-heading\"><span class=\"ez-toc-section\" id=\"comment-se-rendre-au-plateau-de-laikipia\"><\/span>Comment se rendre au plateau de Laikipia<span class=\"ez-toc-section-end\"><\/span><\/h2>\n\n\n\n<p>Le plateau de Laikipia est accessible en avion et en voiture. La premi\u00e8re \u00e9tape est d\u2019arriver au Kenya. Pour ce faire, prenez un avion jusqu\u2019\u00e0 Nairobi \u00e0 l\u2019a\u00e9roport international Jomo Kenyatta.<\/p>\n\n\n\n<p>Une fois arriv\u00e9s, 2 choix s\u2019offrent \u00e0 vous :<\/p>\n\n\n\n<ul class=\"wp-block-list\"><li><a href=\"https:\/\/mistersafari.com\/fr\/safari-kenya\/location-voiture\/\" data-type=\"page\" data-id=\"680\">Louer une voiture \u00e0 Nairobi<\/a> pour aller jusqu\u2019aux plateaux de Laikipia. Comptez entre 4 et 8 heures de trajet en fonction de votre destination.<\/li><li>Prendre un charter priv\u00e9 (avion) qui vous am\u00e8ne directement aux plateaux de Laikipia. En g\u00e9n\u00e9ral, les lodges haut de gamme vous proposent cette option.<\/li><\/ul>\n\n\n\n<p>En voiture, la route principale \u00e0 emprunter depuis l\u2019a\u00e9roport est l\u2019A2. Elle vous dirige vers Nanyuki et l\u2019Ol Pejeta Conservancy. Avant de partir, v\u00e9rifiez que les routes sont praticables et qu\u2019elles ne sont pas envahies d\u2019eau.<\/p>\n\n\n\n<h2 class=\"wp-block-heading\"><span class=\"ez-toc-section\" id=\"tarifs-et-reglementation\"><\/span>Tarifs et r\u00e9glementation<span class=\"ez-toc-section-end\"><\/span><\/h2>\n\n\n\n<h3 class=\"wp-block-heading\">Tarifs<\/h3>\n\n\n\n<p>Les tarifs ne sont pas pr\u00e9cis\u00e9s pour le plateau de Laikipia. Mais pour les diff\u00e9rents parcs nationaux \u00e0 l\u2019int\u00e9rieur m\u00eame du plateau, les tarifs sont indiqu\u00e9s.<\/p>\n\n\n\n<p>Pour l\u2019<a href=\"https:\/\/www.olpejetaconservancy.org\/\" target=\"_blank\" rel=\"noreferrer noopener\">Ol Pejeta Conservancy<\/a>, les prix sont :<\/p>\n\n\n\n<ul class=\"wp-block-list\"><li>90$ par adulte par jour (environ 75\u20ac) ;<\/li><li>45$ par enfant par jour (environ 38\u20ac).<\/li><\/ul>\n\n\n\n<p>Notez que du 16 mai au 31 juillet 2021, il y a des r\u00e9ductions : pour les adultes on passe \u00e0 60 dollars par jour et pour les enfants \u00e0 30 dollars par jour.<\/p>\n\n\n\n<p>Pour la <a href=\"https:\/\/www.lewa.org\/\" target=\"_blank\" rel=\"noreferrer noopener\">Lewa Wildlife Conservancy<\/a>, les prix 2020 sont :<\/p>\n\n\n\n<ul class=\"wp-block-list\"><li>198$ par adulte par jour (environ 166 \u20ac) ;<\/li><li>99$ par enfant par jour (environ 83 \u20ac).<\/li><\/ul>\n\n\n\n<p>Notez que si vous r\u00e9servez un logement, vous devrez payer une autre taxe qui comprend la nuit\u00e9e.<\/p>\n\n\n\n<h3 class=\"wp-block-heading\">R\u00e9glementation<\/h3>\n\n\n\n<p>Il est important de respecter la faune et la flore du plateau de Laikipia. Les r\u00e8gles sont simples : ne pas s\u2019approcher trop pr\u00e8s des animaux, limiter le bruit, ou encore ramasser ses d\u00e9chets. Des indications plus pr\u00e9cises vous seront donn\u00e9es \u00e0 l\u2019entr\u00e9e de chaque parc national.<\/p>\n\n\n\n<h2 class=\"wp-block-heading\"><span class=\"ez-toc-section\" id=\"ou-dormir-au-plateau-de-laikipia\"><\/span>O\u00f9 dormir au plateau de Laikipia ?<span class=\"ez-toc-section-end\"><\/span><\/h2>\n\n\n\n<p>Le plateau de Laikipia est r\u00e9put\u00e9 pour ses h\u00e9bergements haut de gamme. Mais vous trouverez aussi quelques campings parsem\u00e9s dans la r\u00e9serve. Entre le camping et le lodge, ce lieu est adapt\u00e9 pour tous les budgets.<\/p>\n\n\n\n<h3 class=\"wp-block-heading\">Campings<\/h3>\n\n\n\n<p>Si vous choisissez le camping, le confort sera sommaire : tentes, toilettes et douches partag\u00e9es avec les autres campeurs. C\u2019est le moyen le plus \u00e9conomique de voyager dans ces contr\u00e9es sauvages. La nuit, vous entendrez peut-\u00eatre dans le lointain le rugissement d\u2019un lion.<\/p>\n\n\n\n<p>Avant de vous engager avec votre voiture \u00e0 la recherche d\u2019un camping, v\u00e9rifiez que les routes sont praticables. En effet, il se peut qu\u2019avec la pluie, vous ne puissiez pas vous d\u00e9placer avec un 4&#215;4.<\/p>\n\n\n\n<h3 class=\"wp-block-heading\">Lodges<\/h3>\n\n\n\n<p>Les <a href=\"https:\/\/mistersafari.com\/fr\/safari-kenya\/lodges\/\" data-type=\"page\" data-id=\"2470\">lodges<\/a> sont des h\u00e9bergements luxueux. Dans cette r\u00e9gion, ils sont souvent pr\u00e9sents dans des zones recul\u00e9es, au milieu de la faune sauvage. Ils offrent un confort optimal et proposent de nombreuses activit\u00e9s aux alentours.<\/p>\n\n\n\n<p>Vous pourrez par exemple faire un tour en h\u00e9licopt\u00e8re ou une balade en chevaux. La plupart de ces lodges ont des tentes en dur, en semi-dur ou mont\u00e9es sur pilotis. Ils poss\u00e8dent un restaurant, un bar et une piscine.<\/p>\n\n\n\n<h2 class=\"wp-block-heading\"><span class=\"ez-toc-section\" id=\"plateau-de-laikipia-autres-informations-pratiques\"><\/span>Plateau de Laikipia : autres informations pratiques<span class=\"ez-toc-section-end\"><\/span><\/h2>\n\n\n\n<h3 class=\"wp-block-heading\">G\u00e9ographie<\/h3>\n\n\n\n<p>Le plateau de Laikipia est situ\u00e9 au centre du <a href=\"https:\/\/mistersafari.com\/fr\/safari-kenya\/\" data-type=\"page\" data-id=\"924\">Kenya<\/a> au nord de Nairobi (\u00e0 environ 150 km \u00e0 vol d\u2019oiseau). Le mont Kenya le jouxte. D\u2019une superficie de 9 500 km<sup>2<\/sup>, il regroupe des r\u00e9serves comme l\u2019Ol Pejeta ou la Lewa Wildlife Conservancy.<\/p>\n\n\n\n<h3 class=\"wp-block-heading\">M\u00e9t\u00e9o<\/h3>\n\n\n\n<p>Au plateau de Laikipia, il y a 2 saisons principales :<\/p>\n\n\n\n<ul class=\"wp-block-list\"><li>la saison s\u00e8che ;<\/li><li>la saison des pluies.<\/li><\/ul>\n\n\n\n<p>La saison s\u00e8che a lieu \u00e0 deux moments de l\u2019ann\u00e9e : de janvier \u00e0 f\u00e9vrier puis de juin \u00e0 septembre. La saison des pluies se d\u00e9roule en avril et mai puis en novembre. Les mois de mars et de d\u00e9cembre sont en g\u00e9n\u00e9ral un entre-deux entre les deux saisons.<\/p>\n\n\n\n<h3 class=\"wp-block-heading\">Quand visiter<\/h3>\n\n\n\n<p>La p\u00e9riode de juin \u00e0 septembre est id\u00e9ale pour visiter le plateau de Laikipia car c\u2019est \u00e0 cette p\u00e9riode de l\u2019ann\u00e9e qu\u2019il y a le plus d\u2019animaux sauvages. Notez \u00e9galement que certains lodges sont ferm\u00e9s pendant la saison des pluies.<\/p>\n","protected":false},"excerpt":{"rendered":"<p>D\u2019une superficie presque aussi grande que le Liban, le plateau de Laikipia est d\u2019une beaut\u00e9 transcendante. Plaines, savanes et for\u00eats tropicales se c\u00f4toient sur 9\u2009500 km2. Un panorama de r\u00eave qui accueille le top de la faune sauvage : le Big Five. Voici le guide ultime pour un s\u00e9jour au plateau de Laikipia. Pourquoi se &#8230; <a title=\"Plateau de Laikipia\" class=\"read-more\" href=\"https:\/\/mistersafari.com\/fr\/safari-kenya\/parcs-reserves\/plateau-laikipia\/\" aria-label=\"En savoir plus sur Plateau de Laikipia\">Lire la suite<\/a><\/p>\n","protected":false},"author":3,"featured_media":3093,"parent":926,"menu_order":7,"comment_status":"closed","ping_status":"closed","template":"","meta":{"_acf_changed":false,"footnotes":""},"content_type":[],"country":[],"class_list":{"0":"post-3074","1":"page","2":"type-page","3":"status-publish","4":"has-post-thumbnail","6":"no-featured-image-padding"},"acf":{"hreflang":[{"alternative_url":"https:\/\/mistersafari.com\/laikipia-plateau\/","language":"en"}]},"_links":{"self":[{"href":"https:\/\/mistersafari.com\/fr\/wp-json\/wp\/v2\/pages\/3074","targetHints":{"allow":["GET"]}}],"collection":[{"href":"https:\/\/mistersafari.com\/fr\/wp-json\/wp\/v2\/pages"}],"about":[{"href":"https:\/\/mistersafari.com\/fr\/wp-json\/wp\/v2\/types\/page"}],"author":[{"embeddable":true,"href":"https:\/\/mistersafari.com\/fr\/wp-json\/wp\/v2\/users\/3"}],"replies":[{"embeddable":true,"href":"https:\/\/mistersafari.com\/fr\/wp-json\/wp\/v2\/comments?post=3074"}],"version-history":[{"count":7,"href":"https:\/\/mistersafari.com\/fr\/wp-json\/wp\/v2\/pages\/3074\/revisions"}],"predecessor-version":[{"id":6472,"href":"https:\/\/mistersafari.com\/fr\/wp-json\/wp\/v2\/pages\/3074\/revisions\/6472"}],"up":[{"embeddable":true,"href":"https:\/\/mistersafari.com\/fr\/wp-json\/wp\/v2\/pages\/926"}],"wp:featuredmedia":[{"embeddable":true,"href":"https:\/\/mistersafari.com\/fr\/wp-json\/wp\/v2\/media\/3093"}],"wp:attachment":[{"href":"https:\/\/mistersafari.com\/fr\/wp-json\/wp\/v2\/media?parent=3074"}],"wp:term":[{"taxonomy":"content_type","embeddable":true,"href":"https:\/\/mistersafari.com\/fr\/wp-json\/wp\/v2\/content_type?post=3074"},{"taxonomy":"country","embeddable":true,"href":"https:\/\/mistersafari.com\/fr\/wp-json\/wp\/v2\/country?post=3074"}],"curies":[{"name":"wp","href":"https:\/\/api.w.org\/{rel}","templated":true}]}}