{"id":3057,"date":"2021-06-22T14:37:58","date_gmt":"2021-06-22T14:37:58","guid":{"rendered":"https:\/\/mistersafari.com\/fr\/safari-botswana\/parcs-reserves\/central-kalahari-game-reserve\/"},"modified":"2022-10-11T08:55:50","modified_gmt":"2022-10-11T08:55:50","slug":"central-kalahari-game-reserve","status":"publish","type":"page","link":"https:\/\/mistersafari.com\/fr\/safari-botswana\/parcs-reserves\/central-kalahari-game-reserve\/","title":{"rendered":"Central Kalahari Game Reserve"},"content":{"rendered":"\n<p>Avec ses 52\u2009000 km<sup>2<\/sup>, le parc national de Kalahari est la plus grande r\u00e9serve du Botswana. Ouvert aux touristes depuis 1980, cet \u00e9crin de beaut\u00e9 est une destination exceptionnelle pour les safaris. Vous serez \u00e9merveill\u00e9 par sa faune sauvage extraordinaire et ses paysages semi-d\u00e9sertiques. Voici les informations cl\u00e9s pour visiter la Central Kalahari Game Reserve.<\/p>\n\n\n<div id=\"ez-toc-container\" class=\"ez-toc-v2_0_76 counter-flat ez-toc-counter ez-toc-custom ez-toc-container-direction\">\n<div class=\"ez-toc-title-container\"><p class=\"ez-toc-title\" style=\"cursor:inherit\">Sommaire<\/p>\n<\/div><nav><ul class='ez-toc-list ez-toc-list-level-1 ' ><li class='ez-toc-page-1'><a class=\"ez-toc-link ez-toc-heading-1\" href=\"https:\/\/mistersafari.com\/fr\/safari-botswana\/parcs-reserves\/central-kalahari-game-reserve\/#pourquoi-se-rendre-a-la-reserve-du-kalahari-central\" >Pourquoi se rendre \u00e0 la r\u00e9serve du Kalahari central ?<\/a><\/li><li class='ez-toc-page-1'><a class=\"ez-toc-link ez-toc-heading-2\" href=\"https:\/\/mistersafari.com\/fr\/safari-botswana\/parcs-reserves\/central-kalahari-game-reserve\/#comment-se-rendre-a-la-reserve-du-kalahari-central\" >Comment se rendre \u00e0 la r\u00e9serve du Kalahari central ?<\/a><\/li><li class='ez-toc-page-1'><a class=\"ez-toc-link ez-toc-heading-3\" href=\"https:\/\/mistersafari.com\/fr\/safari-botswana\/parcs-reserves\/central-kalahari-game-reserve\/#tarif-et-reglementation\" >Tarif et r\u00e9glementation<\/a><\/li><li class='ez-toc-page-1'><a class=\"ez-toc-link ez-toc-heading-4\" href=\"https:\/\/mistersafari.com\/fr\/safari-botswana\/parcs-reserves\/central-kalahari-game-reserve\/#ou-dormir-au-central-kalahari\" >O\u00f9 dormir au Central Kalahari<\/a><\/li><li class='ez-toc-page-1'><a class=\"ez-toc-link ez-toc-heading-5\" href=\"https:\/\/mistersafari.com\/fr\/safari-botswana\/parcs-reserves\/central-kalahari-game-reserve\/#le-parc-national-du-central-kalahari-autres-informations-pratiques\" >Le parc national du Central Kalahari : autres informations pratiques<\/a><\/li><\/ul><\/nav><\/div>\n\n\n\n\n<h2 class=\"wp-block-heading\"><span class=\"ez-toc-section\" id=\"pourquoi-se-rendre-a-la-reserve-du-kalahari-central\"><\/span>Pourquoi se rendre \u00e0 la r\u00e9serve du Kalahari central ?<span class=\"ez-toc-section-end\"><\/span><\/h2>\n\n\n\n<p>Cr\u00e9\u00e9 en 1961, la r\u00e9serve de Kalahari est le 2<sup>e<\/sup> plus grand parc prot\u00e9g\u00e9 du monde. Il regroupe une faune et une flore tr\u00e8s diverses.<\/p>\n\n\n\n<p>Vous retrouverez dans ce parc les animaux sauvages suivants :<\/p>\n\n\n\n<ul class=\"wp-block-list\"><li>antilopes\u2009;<\/li><li>autruches\u2009;<\/li><li>\u00e9l\u00e9phants\u2009;<\/li><li>girafes\u2009;<\/li><li>gu\u00e9pards\u2009;<\/li><li>hy\u00e8nes brunes\u2009;<\/li><li>lions\u2009;<\/li><li>oryx\u2009;<\/li><li>z\u00e8bres.<\/li><\/ul>\n\n\n\n<p>Ce parc tentaculaire invite \u00e0 la d\u00e9tente. On ne se lasse pas de voir d\u00e9filer depuis la fen\u00eatre de son 4&#215;4 les paysages idylliques du d\u00e9sert de Kalahari. Entre \u00e9tendues de sable, nature verdoyante et vie sauvage abondante, chaque seconde pass\u00e9e est un instant de bonheur.<\/p>\n\n\n<div class=\"wp-block-image\">\n<figure class=\"aligncenter size-full\"><picture><source srcset=\"https:\/\/mistersafari.com\/fr\/wp-content\/uploads\/sites\/2\/safari-kalahari-.webp 1200w,https:\/\/mistersafari.com\/fr\/wp-content\/uploads\/sites\/2\/safari-kalahari--300x200.webp 300w,https:\/\/mistersafari.com\/fr\/wp-content\/uploads\/sites\/2\/safari-kalahari--1024x683.webp 1024w,https:\/\/mistersafari.com\/fr\/wp-content\/uploads\/sites\/2\/safari-kalahari--768x512.webp 768w\" sizes=\"auto, (max-width: 1200px) 100vw, 1200px\" type=\"image\/webp\"><img src=\"https:\/\/mistersafari.com\/fr\/wp-content\/uploads\/sites\/2\/safari-kalahari-.png\" height=\"800\" width=\"1200\" srcset=\"https:\/\/mistersafari.com\/fr\/wp-content\/uploads\/sites\/2\/safari-kalahari-.png 1200w, https:\/\/mistersafari.com\/fr\/wp-content\/uploads\/sites\/2\/safari-kalahari--300x200.png 300w, https:\/\/mistersafari.com\/fr\/wp-content\/uploads\/sites\/2\/safari-kalahari--1024x683.png 1024w, https:\/\/mistersafari.com\/fr\/wp-content\/uploads\/sites\/2\/safari-kalahari--768x512.png 768w\" sizes=\"auto, (max-width: 1200px) 100vw, 1200px\" class=\"wp-image-6835 sp-no-webp\" alt=\"safari au Kalahari\" loading=\"lazy\" decoding=\"async\"  > <\/picture><\/figure><\/div>\n\n\n<p>Silence et tranquillit\u00e9 sont les ma\u00eetres mots de cet endroit magique. S\u2019aventurer dans le parc de Kalahari, c\u2019est laisser l\u2019agitation de la vie moderne de c\u00f4t\u00e9. Le temps d\u2019un voyage, on d\u00e9compresse de notre quotidien et on se laisse porter par l\u2019ambiance zen de ce lieu.<\/p>\n\n\n\n<p>Peu pris\u00e9 des touristes, ce parc vous r\u00e9serve quelques surprises\u2026 Avez-vous d\u00e9j\u00e0 vu des lions \u00e0 crini\u00e8re noire\u2009? Cette esp\u00e8ce n\u2019existe que dans cette r\u00e9serve. Une occasion en or pour les amateurs de photos : sensations fortes garanties\u2009!<\/p>\n\n\n\n<h3 class=\"wp-block-heading\">Les autres activit\u00e9s<\/h3>\n\n\n\n<p>Le safari 4&#215;4 est l\u2019activit\u00e9 incontournable du coin. Sillonnant les routes \u00e0 la qu\u00eate de f\u00e9lins, on assiste \u00e0 un spectacle f\u00e9\u00e9rique. Au loin, des antilopes essaient d\u2019\u00e9chapper aux crocs d\u2019un gu\u00e9pard affam\u00e9. De nuit, les hy\u00e8nes brunes sortent timidement de leur cachette.<\/p>\n\n\n<div class=\"wp-block-image\">\n<figure class=\"aligncenter size-full\"><picture><source srcset=\"https:\/\/mistersafari.com\/fr\/wp-content\/uploads\/sites\/2\/gazelle-kalahari-.webp 1200w,https:\/\/mistersafari.com\/fr\/wp-content\/uploads\/sites\/2\/gazelle-kalahari--300x200.webp 300w,https:\/\/mistersafari.com\/fr\/wp-content\/uploads\/sites\/2\/gazelle-kalahari--1024x683.webp 1024w,https:\/\/mistersafari.com\/fr\/wp-content\/uploads\/sites\/2\/gazelle-kalahari--768x512.webp 768w\" sizes=\"auto, (max-width: 1200px) 100vw, 1200px\" type=\"image\/webp\"><img src=\"https:\/\/mistersafari.com\/fr\/wp-content\/uploads\/sites\/2\/gazelle-kalahari-.png\" height=\"800\" width=\"1200\" srcset=\"https:\/\/mistersafari.com\/fr\/wp-content\/uploads\/sites\/2\/gazelle-kalahari-.png 1200w, https:\/\/mistersafari.com\/fr\/wp-content\/uploads\/sites\/2\/gazelle-kalahari--300x200.png 300w, https:\/\/mistersafari.com\/fr\/wp-content\/uploads\/sites\/2\/gazelle-kalahari--1024x683.png 1024w, https:\/\/mistersafari.com\/fr\/wp-content\/uploads\/sites\/2\/gazelle-kalahari--768x512.png 768w\" sizes=\"auto, (max-width: 1200px) 100vw, 1200px\" class=\"wp-image-6836 sp-no-webp\" alt=\"Les gazelles Springbok du Kalahari\" loading=\"lazy\" decoding=\"async\"  > <\/picture><figcaption>Les gazelles Springbok du Kalahari<\/figcaption><\/figure><\/div>\n\n\n<p>Le Fly in Safari vous offre une vue grandiose de ces terres rouge\u00e2tres. \u00c0 bord d\u2019un avion, on voyage dans une autre dimension. On survole les troupeaux de gnous et les plaines broussailleuses, des \u00e9toiles dans les yeux. C\u2019est une exp\u00e9rience unique \u00e0 ne pas rater lors de votre s\u00e9jour \u00e0 la Central Kalahari GR.<\/p>\n\n\n\n<h3 class=\"wp-block-heading\">Deception Valley<\/h3>\n\n\n\n<p>Vous ne serez pas d\u00e9\u00e7u par la Deception Valley. Des dunes de sable s\u2019invitent \u00e0 perte de vue. Cette vall\u00e9e a m\u00eame inspir\u00e9 le couple Owens pour l\u2019\u00e9criture de leur livre. Apr\u00e8s 7 ann\u00e9es pass\u00e9es \u00e0 vivre dans la Deception Valley, ils publient Cry of the Kalahari, relatant leur aventure dans la r\u00e9serve de Kalahari.<\/p>\n\n\n\n<h3 class=\"wp-block-heading\">Khutse Game Reserve<\/h3>\n\n\n\n<p>La Khutse Game Reserve se situe au sud de la Central Kalahari Game Reserve : les 2 parcs sont juxtapos\u00e9s. Apr\u00e8s votre halte dans la r\u00e9serve de Kalahari, vous pouvez donc continuer votre p\u00e9riple vers cette r\u00e9serve animali\u00e8re. Dans le parc de Khutse, vous croiserez surtout les animaux sauvages pendant la saison des pluies, se d\u00e9salt\u00e9rant dans des \u00ab\u2009pans\u2009\u00bb (des lacs \u00e9ph\u00e9m\u00e8res). Encore plus au sud, on rejoint la capitale Gaborone.<\/p>\n\n\n\n<h2 class=\"wp-block-heading\"><span class=\"ez-toc-section\" id=\"comment-se-rendre-a-la-reserve-du-kalahari-central\"><\/span>Comment se rendre \u00e0 la r\u00e9serve du Kalahari central ?<span class=\"ez-toc-section-end\"><\/span><\/h2>\n\n\n\n<p>Pour vous rendre \u00e0 la r\u00e9serve du Kalahari central, il faut adopter 2 modes de transport : l\u2019avion et la voiture. Pour la plupart des pays en dehors du continent africain, il n\u2019y a pas de vol direct pour le Botswana.<\/p>\n\n\n<div class=\"wp-block-image\">\n<figure class=\"aligncenter size-full\"><picture><source srcset=\"https:\/\/mistersafari.com\/fr\/wp-content\/uploads\/sites\/2\/chacal-kalahari-.webp 1200w,https:\/\/mistersafari.com\/fr\/wp-content\/uploads\/sites\/2\/chacal-kalahari--300x200.webp 300w,https:\/\/mistersafari.com\/fr\/wp-content\/uploads\/sites\/2\/chacal-kalahari--1024x683.webp 1024w,https:\/\/mistersafari.com\/fr\/wp-content\/uploads\/sites\/2\/chacal-kalahari--768x512.webp 768w\" sizes=\"auto, (max-width: 1200px) 100vw, 1200px\" type=\"image\/webp\"><img src=\"https:\/\/mistersafari.com\/fr\/wp-content\/uploads\/sites\/2\/chacal-kalahari-.png\" height=\"800\" width=\"1200\" srcset=\"https:\/\/mistersafari.com\/fr\/wp-content\/uploads\/sites\/2\/chacal-kalahari-.png 1200w, https:\/\/mistersafari.com\/fr\/wp-content\/uploads\/sites\/2\/chacal-kalahari--300x200.png 300w, https:\/\/mistersafari.com\/fr\/wp-content\/uploads\/sites\/2\/chacal-kalahari--1024x683.png 1024w, https:\/\/mistersafari.com\/fr\/wp-content\/uploads\/sites\/2\/chacal-kalahari--768x512.png 768w\" sizes=\"auto, (max-width: 1200px) 100vw, 1200px\" class=\"wp-image-6838 sp-no-webp\" alt=\"Le chacal du Kalahari\" loading=\"lazy\" decoding=\"async\"  > <\/picture><figcaption>Le chacal du Kalahari<\/figcaption><\/figure><\/div>\n\n\n<p>Pour y acc\u00e9der, il faut donc prendre un vol qui arrive \u00e0 Cape Town ou Johannesburg. Une fois en Afrique du Sud, plusieurs a\u00e9roports sont int\u00e9ressants \u00e0 viser : Gaborone, Maun, Kasane ou Francistown. Ensuite vous avez le choix entre vous rapprocher du parc avec des vols internes ou prendre directement la voiture.<\/p>\n\n\n\n<p>Pour entrer dans la r\u00e9serve en voiture, vous avez 3 acc\u00e8s :<\/p>\n\n\n\n<ul class=\"wp-block-list\"><li>Matswere (au nord-est) ;<\/li><li>Xade (\u00e0 l\u2019ouest)\u2009;<\/li><li>Khutse (au sud).<\/li><\/ul>\n\n\n\n<p>Notez que pour l\u2019entr\u00e9e par Matswere, il faut passer par Rakops.<\/p>\n\n\n\n<p>En 4&#215;4, il existe de nombreux parcours possibles dans la Central Kalahari Game Reserve. La concentration d\u2019animaux est en g\u00e9n\u00e9ral plus forte dans le nord. C\u2019est pourquoi on peut pr\u00e9f\u00e9rer n\u2019explorer que cette partie du parc. Mais pour ceux qui aiment la sensation d\u2019\u00eatre seuls au monde au milieu de la nature sauvage, le sud de la r\u00e9serve est une \u00e9tape incontournable. On vous conseille alors d\u2019arriver par Khutse et de remonter tout le parc.<\/p>\n\n\n<div class=\"wp-block-image\">\n<figure class=\"aligncenter size-full\"><picture><source srcset=\"https:\/\/mistersafari.com\/fr\/wp-content\/uploads\/sites\/2\/ecureuil-kalahari-.webp 1200w,https:\/\/mistersafari.com\/fr\/wp-content\/uploads\/sites\/2\/ecureuil-kalahari--300x200.webp 300w,https:\/\/mistersafari.com\/fr\/wp-content\/uploads\/sites\/2\/ecureuil-kalahari--1024x683.webp 1024w,https:\/\/mistersafari.com\/fr\/wp-content\/uploads\/sites\/2\/ecureuil-kalahari--768x512.webp 768w\" sizes=\"auto, (max-width: 1200px) 100vw, 1200px\" type=\"image\/webp\"><img src=\"https:\/\/mistersafari.com\/fr\/wp-content\/uploads\/sites\/2\/ecureuil-kalahari-.png\" height=\"800\" width=\"1200\" srcset=\"https:\/\/mistersafari.com\/fr\/wp-content\/uploads\/sites\/2\/ecureuil-kalahari-.png 1200w, https:\/\/mistersafari.com\/fr\/wp-content\/uploads\/sites\/2\/ecureuil-kalahari--300x200.png 300w, https:\/\/mistersafari.com\/fr\/wp-content\/uploads\/sites\/2\/ecureuil-kalahari--1024x683.png 1024w, https:\/\/mistersafari.com\/fr\/wp-content\/uploads\/sites\/2\/ecureuil-kalahari--768x512.png 768w\" sizes=\"auto, (max-width: 1200px) 100vw, 1200px\" class=\"wp-image-6840 sp-no-webp\" alt=\"Les \u00e9cureuils du Kalahari\" loading=\"lazy\" decoding=\"async\"  > <\/picture><figcaption>Les \u00e9cureuils du Kalahari<\/figcaption><\/figure><\/div>\n\n\n<h2 class=\"wp-block-heading\"><span class=\"ez-toc-section\" id=\"tarif-et-reglementation\"><\/span>Tarif et r\u00e9glementation<span class=\"ez-toc-section-end\"><\/span><\/h2>\n\n\n\n<h3 class=\"wp-block-heading\">Prix d\u2019entr\u00e9e du parc national du Central Kalahari<\/h3>\n\n\n\n<p>Pour les touristes, le prix d\u2019entr\u00e9e du Central Kalahari National Park en 2017 \u00e9tait de :<\/p>\n\n\n\n<ul class=\"wp-block-list\"><li>120 pulas pour les plus de 15 ans (environ 10 euros)\u2009;<\/li><li>60 pulas pour les enfants de 8 \u00e0 15 ans (environ 5 euros)\u2009;<\/li><li>gratuit pour les enfants de moins de 8 ans.<\/li><\/ul>\n\n\n\n<h3 class=\"wp-block-heading\">La r\u00e9glementation<\/h3>\n\n\n\n<p>Lorsque vous entrez dans la r\u00e9serve, vous devez suivre des r\u00e8gles pr\u00e9cises. Ce sont des r\u00e8gles de bon sens comme ramasser ses d\u00e9chets, respecter les horaires du parc ou rester dans son v\u00e9hicule. N\u2019oubliez pas non plus de garder vos distances avec les animaux sauvages. Vous d\u00e9couvrirez la r\u00e9glementation \u00e0 l\u2019entr\u00e9e des portes du parc.<\/p>\n\n\n\n<h2 class=\"wp-block-heading\"><span class=\"ez-toc-section\" id=\"ou-dormir-au-central-kalahari\"><\/span>O\u00f9 dormir au Central Kalahari<span class=\"ez-toc-section-end\"><\/span><\/h2>\n\n\n\n<p>\u00c0 la Central Kalahari Game Reserve, vous avez plusieurs options pour dormir. Le domaine est assez grand pour qu\u2019un large choix de campements soit disponible. Le camping est la solution la moins ch\u00e8re tandis que les lodges proposent des chambres d\u2019exception.<\/p>\n\n\n\n<h3 class=\"wp-block-heading\">Le camping<\/h3>\n\n\n\n<p>Le camping offre les commodit\u00e9s de base pour un voyageur. Les principaux campings se trouvent dans le nord du parc. Mais vous pourrez aussi en retrouver diss\u00e9min\u00e9s le long de la route. Ils se situent tous dans des endroits magnifiques qui vous feront profiter de la faune et de la flore aux alentours.<\/p>\n\n\n\n<h3 class=\"wp-block-heading\">Les lodges<\/h3>\n\n\n\n<p>Pour ceux qui souhaitent d\u00e9couvrir la r\u00e9gion en gardant leur petit confort, les lodges sont des h\u00e9bergements de haut standing. La particularit\u00e9 du lodge est qu\u2019il est en plein c\u0153ur de la nature avec un restaurant, un bar et d\u2019autres \u00e9quipements. Certains poss\u00e8dent m\u00eame des piscines.<\/p>\n\n\n\n<p>Nos bons plans sont la Deception Valley et le Dinaka Safari lodge. \u00c0 la limite du parc au nord, vous retrouverez \u00e9galement l\u2019Evolve Back.<\/p>\n\n\n\n<h2 class=\"wp-block-heading\"><span class=\"ez-toc-section\" id=\"le-parc-national-du-central-kalahari-autres-informations-pratiques\"><\/span>Le parc national du Central Kalahari : autres informations pratiques<span class=\"ez-toc-section-end\"><\/span><\/h2>\n\n\n\n<h3 class=\"wp-block-heading\">G\u00e9ographie<\/h3>\n\n\n\n<p>La r\u00e9serve du Kalahari central se situe au milieu du Botswana. C\u2019est l\u2019une des plus grandes r\u00e9serves du monde : elle fait 52\u2009000 km<sup>2<\/sup>. Ce parc fait la m\u00eame taille que l\u2019Estonie. Gr\u00e2ce \u00e0 sa superficie exceptionnelle, la r\u00e9serve offre une diversit\u00e9 de paysages incroyables.<\/p>\n\n\n<div class=\"wp-block-image\">\n<figure class=\"aligncenter size-full\"><picture><source srcset=\"https:\/\/mistersafari.com\/fr\/wp-content\/uploads\/sites\/2\/lions-kalahari-.webp 1200w,https:\/\/mistersafari.com\/fr\/wp-content\/uploads\/sites\/2\/lions-kalahari--300x200.webp 300w,https:\/\/mistersafari.com\/fr\/wp-content\/uploads\/sites\/2\/lions-kalahari--1024x683.webp 1024w,https:\/\/mistersafari.com\/fr\/wp-content\/uploads\/sites\/2\/lions-kalahari--768x512.webp 768w\" sizes=\"auto, (max-width: 1200px) 100vw, 1200px\" type=\"image\/webp\"><img src=\"https:\/\/mistersafari.com\/fr\/wp-content\/uploads\/sites\/2\/lions-kalahari-.png\" height=\"800\" width=\"1200\" srcset=\"https:\/\/mistersafari.com\/fr\/wp-content\/uploads\/sites\/2\/lions-kalahari-.png 1200w, https:\/\/mistersafari.com\/fr\/wp-content\/uploads\/sites\/2\/lions-kalahari--300x200.png 300w, https:\/\/mistersafari.com\/fr\/wp-content\/uploads\/sites\/2\/lions-kalahari--1024x683.png 1024w, https:\/\/mistersafari.com\/fr\/wp-content\/uploads\/sites\/2\/lions-kalahari--768x512.png 768w\" sizes=\"auto, (max-width: 1200px) 100vw, 1200px\" class=\"wp-image-6841 sp-no-webp\" alt=\"Les lions du Kalahari\" loading=\"lazy\" decoding=\"async\"  > <\/picture><figcaption>Les lions du Kalahari<\/figcaption><\/figure><\/div>\n\n\n<h3 class=\"wp-block-heading\">M\u00e9t\u00e9o<\/h3>\n\n\n\n<p>Dans la Central Kalahari Game Reserve, il y a une saison des pluies et une saison s\u00e8che. De novembre \u00e0 mars, c\u2019est la saison des pluies. \u00c0 cette p\u00e9riode, les animaux sont de sortie et la v\u00e9g\u00e9tation est riche. La saison s\u00e8che se d\u00e9roule d\u2019avril \u00e0 octobre. Les temp\u00e9ratures oscillent en moyenne entre 20 et 35 degr\u00e9s.<\/p>\n\n\n\n<h3 class=\"wp-block-heading\">Quand visiter<\/h3>\n\n\n\n<p>La p\u00e9riode de visite d\u00e9pend de votre appr\u00e9hension sur la route. Est-ce que vous pr\u00e9f\u00e9rez la saison des pluies qui est plus verdoyante, mais o\u00f9 vous pouvez rester enlis\u00e9 dans la boue\u2009? Dans ce cas, partir \u00e0 la fin de la saison des pluies vers mars est la bonne solution.<\/p>\n\n\n\n<p>Pour les moins aventureux, on vous conseille la saison s\u00e8che. Vous aurez moins de difficult\u00e9s lors de vos d\u00e9placements. \u00c0 cette p\u00e9riode, les animaux sauvages se regroupent autour de points d\u2019eau pour s\u2019abreuver. Les mois d\u2019avril et mai sont les plus agr\u00e9ables.<\/p>\n","protected":false},"excerpt":{"rendered":"<p>Avec ses 52\u2009000 km2, le parc national de Kalahari est la plus grande r\u00e9serve du Botswana. Ouvert aux touristes depuis 1980, cet \u00e9crin de beaut\u00e9 est une destination exceptionnelle pour les safaris. Vous serez \u00e9merveill\u00e9 par sa faune sauvage extraordinaire et ses paysages semi-d\u00e9sertiques. Voici les informations cl\u00e9s pour visiter la Central Kalahari Game Reserve. &#8230; <a title=\"Central Kalahari Game Reserve\" class=\"read-more\" href=\"https:\/\/mistersafari.com\/fr\/safari-botswana\/parcs-reserves\/central-kalahari-game-reserve\/\" aria-label=\"En savoir plus sur Central Kalahari Game Reserve\">Lire la suite<\/a><\/p>\n","protected":false},"author":3,"featured_media":3064,"parent":2957,"menu_order":2,"comment_status":"closed","ping_status":"closed","template":"","meta":{"_acf_changed":false,"footnotes":""},"content_type":[23],"country":[27],"class_list":{"0":"post-3057","1":"page","2":"type-page","3":"status-publish","4":"has-post-thumbnail","6":"content_type-parc","7":"country-botswana","8":"no-featured-image-padding"},"acf":{"hreflang":[{"alternative_url":"https:\/\/mistersafari.com\/central-kalahari-game-reserve\/","language":"en"}]},"_links":{"self":[{"href":"https:\/\/mistersafari.com\/fr\/wp-json\/wp\/v2\/pages\/3057","targetHints":{"allow":["GET"]}}],"collection":[{"href":"https:\/\/mistersafari.com\/fr\/wp-json\/wp\/v2\/pages"}],"about":[{"href":"https:\/\/mistersafari.com\/fr\/wp-json\/wp\/v2\/types\/page"}],"author":[{"embeddable":true,"href":"https:\/\/mistersafari.com\/fr\/wp-json\/wp\/v2\/users\/3"}],"replies":[{"embeddable":true,"href":"https:\/\/mistersafari.com\/fr\/wp-json\/wp\/v2\/comments?post=3057"}],"version-history":[{"count":7,"href":"https:\/\/mistersafari.com\/fr\/wp-json\/wp\/v2\/pages\/3057\/revisions"}],"predecessor-version":[{"id":6842,"href":"https:\/\/mistersafari.com\/fr\/wp-json\/wp\/v2\/pages\/3057\/revisions\/6842"}],"up":[{"embeddable":true,"href":"https:\/\/mistersafari.com\/fr\/wp-json\/wp\/v2\/pages\/2957"}],"wp:featuredmedia":[{"embeddable":true,"href":"https:\/\/mistersafari.com\/fr\/wp-json\/wp\/v2\/media\/3064"}],"wp:attachment":[{"href":"https:\/\/mistersafari.com\/fr\/wp-json\/wp\/v2\/media?parent=3057"}],"wp:term":[{"taxonomy":"content_type","embeddable":true,"href":"https:\/\/mistersafari.com\/fr\/wp-json\/wp\/v2\/content_type?post=3057"},{"taxonomy":"country","embeddable":true,"href":"https:\/\/mistersafari.com\/fr\/wp-json\/wp\/v2\/country?post=3057"}],"curies":[{"name":"wp","href":"https:\/\/api.w.org\/{rel}","templated":true}]}}