{"id":3046,"date":"2021-06-22T14:16:52","date_gmt":"2021-06-22T14:16:52","guid":{"rendered":"https:\/\/mistersafari.com\/fr\/safari-kenya\/parcs-reserves\/lake-turkana\/"},"modified":"2022-03-14T09:10:27","modified_gmt":"2022-03-14T09:10:27","slug":"lac-turkana","status":"publish","type":"page","link":"https:\/\/mistersafari.com\/fr\/safari-kenya\/parcs-reserves\/lac-turkana\/","title":{"rendered":"Lac Turkana"},"content":{"rendered":"\n<p>Surnomm\u00e9 Mer de Jade, le lac Turkana est le plus grand lac sal\u00e9 au monde. Inscrit au patrimoine mondial de l\u2019Unesco depuis 1997, sa couleur \u00e9meraude vous charmera. Allez-vous succomber \u00e0 ce lieu paradisiaque ? On vous donne les informations cl\u00e9s pour r\u00e9ussir votre escapade au lac Turkana.<\/p>\n\n\n<div id=\"ez-toc-container\" class=\"ez-toc-v2_0_76 counter-flat ez-toc-counter ez-toc-custom ez-toc-container-direction\">\n<div class=\"ez-toc-title-container\"><p class=\"ez-toc-title\" style=\"cursor:inherit\">Sommaire<\/p>\n<\/div><nav><ul class='ez-toc-list ez-toc-list-level-1 ' ><li class='ez-toc-page-1'><a class=\"ez-toc-link ez-toc-heading-1\" href=\"https:\/\/mistersafari.com\/fr\/safari-kenya\/parcs-reserves\/lac-turkana\/#pourquoi-se-rendre-au-lac-turkana\" >Pourquoi se rendre au lac Turkana ?<\/a><\/li><li class='ez-toc-page-1'><a class=\"ez-toc-link ez-toc-heading-2\" href=\"https:\/\/mistersafari.com\/fr\/safari-kenya\/parcs-reserves\/lac-turkana\/#comment-se-rendre-au-parc-national-du-lac-turkana\" >Comment se rendre au parc national du lac Turkana ?<\/a><\/li><li class='ez-toc-page-1'><a class=\"ez-toc-link ez-toc-heading-3\" href=\"https:\/\/mistersafari.com\/fr\/safari-kenya\/parcs-reserves\/lac-turkana\/#tarif-et-reglementation\" >Tarif et r\u00e9glementation<\/a><\/li><li class='ez-toc-page-1'><a class=\"ez-toc-link ez-toc-heading-4\" href=\"https:\/\/mistersafari.com\/fr\/safari-kenya\/parcs-reserves\/lac-turkana\/#ou-dormir-au-lac-turkana\" >O\u00f9 dormir au lac Turkana ?<\/a><\/li><li class='ez-toc-page-1'><a class=\"ez-toc-link ez-toc-heading-5\" href=\"https:\/\/mistersafari.com\/fr\/safari-kenya\/parcs-reserves\/lac-turkana\/#le-parc-national-du-lac-turkana-autres-informations-pratiques\" >Le parc national du lac Turkana : autres informations pratiques<\/a><\/li><\/ul><\/nav><\/div>\n\n\n\n\n<h2 class=\"wp-block-heading\"><span class=\"ez-toc-section\" id=\"pourquoi-se-rendre-au-lac-turkana\"><\/span>Pourquoi se rendre au lac Turkana ?<span class=\"ez-toc-section-end\"><\/span><\/h2>\n\n\n\n<p>C\u2019est un monde extraterrestre, un lieu o\u00f9 d\u00e9sert, lac et volcans se c\u00f4toient. Pr\u00e9serv\u00e9 du tourisme de masse, le lac Turkana plaira aux plus aventureux.<\/p>\n\n\n\n<p>Quels sont les animaux typiques du Turkana Lake ? Les crocodiles du Nil se pr\u00e9lassent le long du lac tandis que les serpents se faufilent sur le sol d\u00e9sertique. Les hippopotames font une sieste dans le lac Turkana au milieu des colonies de poissons. Ce lieu rassemble les plus grands oiseaux migrateurs qui y font halte apr\u00e8s des mois de voyage.<\/p>\n\n\n\n<p>Certains pal\u00e9ontologues consid\u00e8rent que le lac Turkana est le berceau de l\u2019humanit\u00e9. Selon la th\u00e9orie de Mikael Fortelius, c\u2019est \u00e0 cet endroit que les hommes du genre Homo ont b\u00e9n\u00e9fici\u00e9 d\u2019un microclimat de s\u00e9cheresse tandis que les australopith\u00e8ques profitaient des zones humides de l\u2019Afrique pour vivre.<\/p>\n\n\n\n<p>Puis la s\u00e9cheresse a envahi toute l\u2019Afrique. Les Homos qui ont eu le temps de s\u2019habituer ont surv\u00e9cu. Quant aux australopith\u00e8ques, le changement de climat a \u00e9t\u00e9 trop rude : ils ont disparu. Cette explication n\u2019est qu\u2019une hypoth\u00e8se de l\u2019\u00e9volution humaine. Le lac de Turkana n\u2019a pas fini de nous livrer ses secrets\u2026<\/p>\n\n\n\n<p>Le lac Turkana comprend 3 parcs nationaux :<\/p>\n\n\n\n<ul class=\"wp-block-list\"><li>le parc national de Sibiloi ;<\/li><li>le parc national de l\u2019\u00eele Sud ;<\/li><li>le parc national de l\u2019\u00eele Centrale.<\/li><\/ul>\n\n\n\n<h3 class=\"wp-block-heading\">Parc de Sibiloi<\/h3>\n\n\n\n<p>Situ\u00e9 au nord-est du lac, le parc de Sibiloi est le paradis des pal\u00e9ontologues. Plus de 10 000 fossiles ont \u00e9t\u00e9 trouv\u00e9s dans la zone. En 1968, le Koobi Fora Research Project a \u00e9t\u00e9 lanc\u00e9 pour organiser des fouilles de plus grande ampleur sur ce site historique. Le parc Sibiloi a donc h\u00e9rit\u00e9 d\u2019un deuxi\u00e8me nom : Koobi Fara.&nbsp;<\/p>\n\n\n\n<p>D\u2019une superficie de 1 600 km<sup>2<\/sup>, le parc Sibiloi est difficile d\u2019acc\u00e8s. On vous conseille d\u2019y acc\u00e9der en avion ou bateau plut\u00f4t que par la voiture.<\/p>\n\n\n\n<h3 class=\"wp-block-heading\">\u00cele Centrale du lac Turkana<\/h3>\n\n\n\n<p>L\u2019\u00eele centrale regorge d\u2019oiseaux migrateurs comme le flamant rose. C\u2019est aussi un lieu de reproduction important pour les crocodiles du Nil. Cette \u00eele poss\u00e8de plusieurs lacs et volcans actifs. La visiter, c\u2019est se retrouver isol\u00e9 du monde. Une activit\u00e9 incontournable au lac Turkana est donc l\u2019exploration de l\u2019\u00eele centrale, accompagn\u00e9 d\u2019un guide local. Vous pouvez m\u00eame y bivouaquer.<\/p>\n\n\n\n<h3 class=\"wp-block-heading\">\u00cele Sud du lac Turkana<\/h3>\n\n\n\n<p>Enti\u00e8rement recouverte de cendres volcaniques, l\u2019\u00eele Sud poss\u00e8de jusqu\u2019\u00e0 84 esp\u00e8ces diff\u00e9rentes d\u2019animaux. Vous pouvez \u00e9galement la visiter pour d\u00e9couvrir sa faune et sa flore extraordinaires. On acc\u00e8de \u00e0 cette \u00eele en bateau.<\/p>\n\n\n\n<h2 class=\"wp-block-heading\"><span class=\"ez-toc-section\" id=\"comment-se-rendre-au-parc-national-du-lac-turkana\"><\/span>Comment se rendre au parc national du lac Turkana ?<span class=\"ez-toc-section-end\"><\/span><\/h2>\n\n\n\n<p>La premi\u00e8re \u00e9tape pour vous rendre au lac Turkana est de prendre un avion pour Nairobi. Puis pour vous rendre au lac Turkana, vous avez plusieurs possibilit\u00e9s :<\/p>\n\n\n\n<ul class=\"wp-block-list\"><li>prendre l\u2019avion de Nairobi \u00e0 Lodwar ;<\/li><li>prendre le bus de Nairobi \u00e0 Kitale puis de Kitale \u00e0 Lodwar ;<\/li><li>louer un 4&#215;4 \u00e0 Nairobi et prendre la route vers Lodwar.<\/li><\/ul>\n\n\n\n<p>Une fois \u00e0 Lodwar, \u00e0 vous de choisir votre circuit et votre mode de transport pour explorer le lac Turkana et ses environs.<\/p>\n\n\n\n<p>\u00c0 noter : certains lodges mettent \u00e0 disposition des taxis pour faire le trajet aller-retour de Lodwar \u00e0 leur h\u00e9bergement.<\/p>\n\n\n\n<h2 class=\"wp-block-heading\"><span class=\"ez-toc-section\" id=\"tarif-et-reglementation\"><\/span>Tarif et r\u00e9glementation<span class=\"ez-toc-section-end\"><\/span><\/h2>\n\n\n\n<h3 class=\"wp-block-heading\">Prix d\u2019entr\u00e9e du parc national du lac Turkana<\/h3>\n\n\n\n<p>Nous n\u2019avons pas trouv\u00e9 les prix d\u2019entr\u00e9e du parc national du lac Turkana. Avant d\u2019arriver, pr\u00e9voyez donc assez d\u2019argent en cash pour r\u00e9gler ces frais. La monnaie locale est le shilling k\u00e9nyan. Le dollar am\u00e9ricain est aussi beaucoup utilis\u00e9.<\/p>\n\n\n\n<h3 class=\"wp-block-heading\">La r\u00e9glementation<\/h3>\n\n\n\n<p>La r\u00e9glementation au Lake Turkana est semblable aux r\u00e8gles d\u2019autres parcs nationaux :<\/p>\n\n\n\n<ul class=\"wp-block-list\"><li>ramasser ses d\u00e9chets ;<\/li><li>ne pas s\u2019approcher trop pr\u00e8s des animaux sauvages ;<\/li><li>limiter le bruit ;<\/li><li>respecter la faune.<\/li><\/ul>\n\n\n\n<h2 class=\"wp-block-heading\"><span class=\"ez-toc-section\" id=\"ou-dormir-au-lac-turkana\"><\/span>O\u00f9 dormir au lac Turkana ?<span class=\"ez-toc-section-end\"><\/span><\/h2>\n\n\n\n<p>Les h\u00e9bergements sont plut\u00f4t rares au Lake Turkana, car il n\u2019y a pas beaucoup de touristes. Sur place, vous avez le choix entre des campings et des lodges. On vous donne les meilleurs plans pour dormir au lac Turkana.<\/p>\n\n\n\n<h3 class=\"wp-block-heading\">Camping<\/h3>\n\n\n\n<p>Le camping est adapt\u00e9 pour les petits budgets. Avec ce type d\u2019h\u00e9bergement, vous b\u00e9n\u00e9ficiez des commodit\u00e9s de base. Vous trouverez des campings le long du lac ou dans des endroits un peu plus recul\u00e9s. En fonction du lieu, soit les tentes sont fournies, soit c\u2019est \u00e0 vous de les apporter.&nbsp;<\/p>\n\n\n\n<h3 class=\"wp-block-heading\">Lodge<\/h3>\n\n\n\n<p>Le lodge est un h\u00e9bergement de haut standing pour les voyageurs soucieux de leur confort. Dans la plupart des lodges, vous retrouverez un restaurant, un bar et une piscine. Le lodge le plus r\u00e9put\u00e9 de la r\u00e9gion est Eliye Spring Resort, qui est situ\u00e9 au bord du lac. Dans ce lodge, vous dormez dans des huttes rondes traditionnelles.<\/p>\n\n\n\n<h2 class=\"wp-block-heading\"><span class=\"ez-toc-section\" id=\"le-parc-national-du-lac-turkana-autres-informations-pratiques\"><\/span>Le parc national du lac Turkana : autres informations pratiques<span class=\"ez-toc-section-end\"><\/span><\/h2>\n\n\n\n<h3 class=\"wp-block-heading\">G\u00e9ographie<\/h3>\n\n\n\n<p>Long de 249 km et large de 44 km, le lac Turkana est le lac le plus sal\u00e9 d\u2019Afrique. Il se situe au nord-ouest du Kenya. Plus grand lac d\u00e9sertique du monde, la vall\u00e9e du Grand Rift Afrique le longe. Ses 3 parcs nationaux font respectivement 158 000 hectares pour le parc de Sibiloi, 500 hectares pour l\u2019\u00eele centrale et 3 900 hectares pour l\u2019\u00eele du sud.<\/p>\n\n\n\n<h3 class=\"wp-block-heading\">M\u00e9t\u00e9o<\/h3>\n\n\n\n<p>Il fait en moyenne 30 degr\u00e9s toute l\u2019ann\u00e9e et il ne pleut presque jamais. Le lac Turkana \u00e9tant dans un lieu d\u00e9sertique, pr\u00e9voyez de quoi vous prot\u00e9ger de la chaleur. C\u2019est de d\u00e9cembre \u00e0 mars qu\u2019il fait le plus chaud. De mai \u00e0 septembre, attendez-vous \u00e0 des vents violents. Les mois les plus agr\u00e9ables sont juin et juillet, car vous b\u00e9n\u00e9ficiez d\u2019une l\u00e9g\u00e8re baisse de temp\u00e9rature.<\/p>\n\n\n\n<h3 class=\"wp-block-heading\">Quand visiter<\/h3>\n\n\n\n<p>Le Lake Turkana se visite \u00e0 toutes les p\u00e9riodes de l\u2019ann\u00e9e. N\u00e9anmoins, on vous conseille d\u2019\u00e9viter de le visiter de d\u00e9cembre \u00e0 mars si la trop grande chaleur vous rebute. Sachez \u00e9galement qu\u2019un vent fort soufflera de mai \u00e0 septembre. La p\u00e9riode id\u00e9ale pour vous rendre au lac Turkana d\u00e9pendra donc de vos pr\u00e9f\u00e9rences de climat.<\/p>\n","protected":false},"excerpt":{"rendered":"<p>Surnomm\u00e9 Mer de Jade, le lac Turkana est le plus grand lac sal\u00e9 au monde. Inscrit au patrimoine mondial de l\u2019Unesco depuis 1997, sa couleur \u00e9meraude vous charmera. Allez-vous succomber \u00e0 ce lieu paradisiaque ? On vous donne les informations cl\u00e9s pour r\u00e9ussir votre escapade au lac Turkana. Pourquoi se rendre au lac Turkana ? &#8230; <a title=\"Lac Turkana\" class=\"read-more\" href=\"https:\/\/mistersafari.com\/fr\/safari-kenya\/parcs-reserves\/lac-turkana\/\" aria-label=\"En savoir plus sur Lac Turkana\">Lire la suite<\/a><\/p>\n","protected":false},"author":3,"featured_media":3063,"parent":926,"menu_order":6,"comment_status":"closed","ping_status":"closed","template":"","meta":{"_acf_changed":false,"footnotes":""},"content_type":[],"country":[],"class_list":{"0":"post-3046","1":"page","2":"type-page","3":"status-publish","4":"has-post-thumbnail","6":"no-featured-image-padding"},"acf":{"hreflang":[{"alternative_url":"https:\/\/mistersafari.com\/lake-turkana\/","language":"en"}]},"_links":{"self":[{"href":"https:\/\/mistersafari.com\/fr\/wp-json\/wp\/v2\/pages\/3046","targetHints":{"allow":["GET"]}}],"collection":[{"href":"https:\/\/mistersafari.com\/fr\/wp-json\/wp\/v2\/pages"}],"about":[{"href":"https:\/\/mistersafari.com\/fr\/wp-json\/wp\/v2\/types\/page"}],"author":[{"embeddable":true,"href":"https:\/\/mistersafari.com\/fr\/wp-json\/wp\/v2\/users\/3"}],"replies":[{"embeddable":true,"href":"https:\/\/mistersafari.com\/fr\/wp-json\/wp\/v2\/comments?post=3046"}],"version-history":[{"count":7,"href":"https:\/\/mistersafari.com\/fr\/wp-json\/wp\/v2\/pages\/3046\/revisions"}],"predecessor-version":[{"id":6473,"href":"https:\/\/mistersafari.com\/fr\/wp-json\/wp\/v2\/pages\/3046\/revisions\/6473"}],"up":[{"embeddable":true,"href":"https:\/\/mistersafari.com\/fr\/wp-json\/wp\/v2\/pages\/926"}],"wp:featuredmedia":[{"embeddable":true,"href":"https:\/\/mistersafari.com\/fr\/wp-json\/wp\/v2\/media\/3063"}],"wp:attachment":[{"href":"https:\/\/mistersafari.com\/fr\/wp-json\/wp\/v2\/media?parent=3046"}],"wp:term":[{"taxonomy":"content_type","embeddable":true,"href":"https:\/\/mistersafari.com\/fr\/wp-json\/wp\/v2\/content_type?post=3046"},{"taxonomy":"country","embeddable":true,"href":"https:\/\/mistersafari.com\/fr\/wp-json\/wp\/v2\/country?post=3046"}],"curies":[{"name":"wp","href":"https:\/\/api.w.org\/{rel}","templated":true}]}}