{"id":2989,"date":"2021-06-10T14:05:03","date_gmt":"2021-06-10T14:05:03","guid":{"rendered":"https:\/\/mistersafari.com\/fr\/safari-botswana\/lodges\/chobe-game-lodge\/"},"modified":"2021-07-01T15:17:18","modified_gmt":"2021-07-01T15:17:18","slug":"chobe-game-lodge","status":"publish","type":"page","link":"https:\/\/mistersafari.com\/fr\/safari-botswana\/lodges\/chobe-game-lodge\/","title":{"rendered":"Chobe Game Lodge"},"content":{"rendered":"\n<p>Bienvenue au royaume des \u00e9l\u00e9phants ! Le Chobe Game Lodge est un h\u00e9bergement de luxe au c\u0153ur du <a href=\"https:\/\/mistersafari.com\/fr\/safari-botswana\/parcs-reserves\/parc-national-chobe\/\" data-type=\"page\" data-id=\"3136\">Chobe National Park<\/a>. Ce lodge est r\u00e9put\u00e9 pour ses safaris et ses prestations haut de gamme. On vous guide dans ce lieu magique.<\/p>\n\n\n<div id=\"ez-toc-container\" class=\"ez-toc-v2_0_76 counter-flat ez-toc-counter ez-toc-custom ez-toc-container-direction\">\n<div class=\"ez-toc-title-container\"><p class=\"ez-toc-title\" style=\"cursor:inherit\">Sommaire<\/p>\n<\/div><nav><ul class='ez-toc-list ez-toc-list-level-1 ' ><li class='ez-toc-page-1'><a class=\"ez-toc-link ez-toc-heading-1\" href=\"https:\/\/mistersafari.com\/fr\/safari-botswana\/lodges\/chobe-game-lodge\/#pourquoi-se-loger-a-chobe-game-lodge\" >Pourquoi se loger \u00e0 Chobe Game lodge ?<\/a><\/li><li class='ez-toc-page-1'><a class=\"ez-toc-link ez-toc-heading-2\" href=\"https:\/\/mistersafari.com\/fr\/safari-botswana\/lodges\/chobe-game-lodge\/#localisation-de-chobe-game-lodge\" >Localisation de Chobe Game lodge<\/a><\/li><li class='ez-toc-page-1'><a class=\"ez-toc-link ez-toc-heading-3\" href=\"https:\/\/mistersafari.com\/fr\/safari-botswana\/lodges\/chobe-game-lodge\/#equipements-de-chobe-game-lodge\" >\u00c9quipements de Chobe Game lodge<\/a><\/li><li class='ez-toc-page-1'><a class=\"ez-toc-link ez-toc-heading-4\" href=\"https:\/\/mistersafari.com\/fr\/safari-botswana\/lodges\/chobe-game-lodge\/#quels-sont-les-tarifs-de-chobe-game-lodge\" >Quels sont les tarifs de Chobe Game Lodge ?<\/a><\/li><li class='ez-toc-page-1'><a class=\"ez-toc-link ez-toc-heading-5\" href=\"https:\/\/mistersafari.com\/fr\/safari-botswana\/lodges\/chobe-game-lodge\/#chobe-game-lodge-avis-clients\" >Chobe Game Lodge : avis clients<\/a><\/li><\/ul><\/nav><\/div>\n\n\n\n\n<h2 class=\"wp-block-heading\"><span class=\"ez-toc-section\" id=\"pourquoi-se-loger-a-chobe-game-lodge\"><\/span>Pourquoi se loger \u00e0 Chobe Game lodge ?<span class=\"ez-toc-section-end\"><\/span><\/h2>\n\n\n\n<p>Le second mariage d\u2019Elizabeth Taylor et Richard Burton au Chobe Game Lodge en 1975 a mis sur le devant de la sc\u00e8ne internationale ce fabuleux lodge. Compos\u00e9 d\u2019une quarantaine de suites, il offre un panorama de r\u00eave entre terre et rivi\u00e8re. C\u2019est l\u2019\u00e9tape incontournable du <a href=\"https:\/\/mistersafari.com\/fr\/safari-botswana\/\" data-type=\"page\" data-id=\"1772\">Botswana<\/a> pour se ressourcer et profiter de la faune sauvage.<\/p>\n\n\n\n<p>Les \u00e9l\u00e9phants se baladent tranquillement le long de la rivi\u00e8re Chobe. Depuis sa terrasse priv\u00e9e, on peut admirer leur allure nonchalante. Ils sont au nombre de 50 000 dans le Chobe National Park \u00e0 profiter de la tranquillit\u00e9 de ces territoires.<\/p>\n\n\n\n<p>2 types de safari sont propos\u00e9s : le safari en 4&#215;4 \u00e9lectrique et la balade en bateau sur la rivi\u00e8re de Chobe. La voiture \u00e9lectrique permet d\u2019\u00eatre silencieux, de s\u2019approcher au plus pr\u00e8s des animaux et de ne pas les d\u00e9ranger. Le bateau est la sortie \u00e0 ne pas manquer. Avec ses panneaux solaires, il ne pollue pas la rivi\u00e8re. On longe des troupeaux entiers de buffles et d&rsquo;\u00e9l\u00e9phants qui se d\u00e9salt\u00e8rent dans ce cours d\u2019eau.<\/p>\n\n\n\n<h2 class=\"wp-block-heading\"><span class=\"ez-toc-section\" id=\"localisation-de-chobe-game-lodge\"><\/span>Localisation de Chobe Game lodge<span class=\"ez-toc-section-end\"><\/span><\/h2>\n\n\n\n<p>Le Chobe Game Lodge est situ\u00e9 dans le <a href=\"https:\/\/mistersafari.com\/fr\/safari-botswana\/parcs-reserves\/parc-national-chobe\/\" data-type=\"page\" data-id=\"3136\">Parc National de Chobe<\/a> au nord du Botswana entre les fronti\u00e8res de la Namibie, du Zimbabwe et de la Zambie.<\/p>\n\n\n\n<p>Le lodge est accessible par l\u2019a\u00e9roport de Kasane puis par la route pendant 40 minutes. Se rendre \u00e0 l\u2019h\u00f4tel est d\u00e9j\u00e0 un safari : la petite route offre un panorama splendide de la faune sauvage.<\/p>\n\n\n\n<p>En dehors du Chobe Game Park, le Botswana regorge d\u2019autres coins de paradis pour faire des safaris. Lors de votre voyage, faites un tour \u00e0 la <a href=\"https:\/\/mistersafari.com\/fr\/safari-botswana\/parcs-reserves\/moremi-game-reserve\/\" data-type=\"page\" data-id=\"2959\">Moremi Game Reserve<\/a> dans le <a href=\"https:\/\/mistersafari.com\/fr\/safari-botswana\/parcs-reserves\/delta-okavango\/\" data-type=\"page\" data-id=\"3081\">delta de l\u2019Okavango<\/a>, ou encore \u00e0 la Mokolodi Nature Reserve.<\/p>\n\n\n\n<h2 class=\"wp-block-heading\"><span class=\"ez-toc-section\" id=\"equipements-de-chobe-game-lodge\"><\/span>\u00c9quipements de Chobe Game lodge<span class=\"ez-toc-section-end\"><\/span><\/h2>\n\n\n\n<figure class=\"wp-block-table\"><table class=\"has-fixed-layout\"><thead><tr><th class=\"has-text-align-center\" data-align=\"center\"><strong>\u00c9quipement<\/strong><\/th><th class=\"has-text-align-center\" data-align=\"center\"><strong>Oui\/Non<\/strong><\/th><\/tr><\/thead><tbody><tr><td class=\"has-text-align-center\" data-align=\"center\">Wifi<\/td><td class=\"has-text-align-center\" data-align=\"center\">Oui<\/td><\/tr><tr><td class=\"has-text-align-center\" data-align=\"center\">Climatisation<\/td><td class=\"has-text-align-center\" data-align=\"center\">Oui<\/td><\/tr><tr><td class=\"has-text-align-center\" data-align=\"center\">Ventilateur<\/td><td class=\"has-text-align-center\" data-align=\"center\">Oui<\/td><\/tr><tr><td class=\"has-text-align-center\" data-align=\"center\">Parking<\/td><td class=\"has-text-align-center\" data-align=\"center\">N\/A<\/td><\/tr><tr><td class=\"has-text-align-center\" data-align=\"center\">Restaurant<\/td><td class=\"has-text-align-center\" data-align=\"center\">Oui<\/td><\/tr><tr><td class=\"has-text-align-center\" data-align=\"center\">Bar<\/td><td class=\"has-text-align-center\" data-align=\"center\">Oui<\/td><\/tr><tr><td class=\"has-text-align-center\" data-align=\"center\">Room service<\/td><td class=\"has-text-align-center\" data-align=\"center\">Oui<\/td><\/tr><tr><td class=\"has-text-align-center\" data-align=\"center\">Balcon\/terrasse priv\u00e9<\/td><td class=\"has-text-align-center\" data-align=\"center\">Oui<\/td><\/tr><tr><td class=\"has-text-align-center\" data-align=\"center\">Pressing<\/td><td class=\"has-text-align-center\" data-align=\"center\">Oui<\/td><\/tr><tr><td class=\"has-text-align-center\" data-align=\"center\">Massage<\/td><td class=\"has-text-align-center\" data-align=\"center\">Oui<\/td><\/tr><tr><td class=\"has-text-align-center\" data-align=\"center\">Piscine<\/td><td class=\"has-text-align-center\" data-align=\"center\">Oui<\/td><\/tr><tr><td class=\"has-text-align-center\" data-align=\"center\">S\u00e9curit\u00e9<\/td><td class=\"has-text-align-center\" data-align=\"center\">N\/A<\/td><\/tr><tr><td class=\"has-text-align-center\" data-align=\"center\">Navette a\u00e9roport<\/td><td class=\"has-text-align-center\" data-align=\"center\">Oui<\/td><\/tr><\/tbody><\/table><figcaption>\u00c9quipements de Chobe Game lodge<\/figcaption><\/figure>\n\n\n\n<h2 class=\"wp-block-heading\"><span class=\"ez-toc-section\" id=\"quels-sont-les-tarifs-de-chobe-game-lodge\"><\/span>Quels sont les tarifs de Chobe Game Lodge ?<span class=\"ez-toc-section-end\"><\/span><\/h2>\n\n\n\n<p>Les tarifs du Chobe Game Lodge ne sont pas indiqu\u00e9s. D\u2019apr\u00e8s les commentaires des clients, les prix d\u00e9pendent des agences de safari et ne sont communiqu\u00e9s que si vous r\u00e9servez.<\/p>\n\n\n\n<p>Il existe 4 types de chambres :<\/p>\n\n\n\n<ul class=\"wp-block-list\"><li>la chambre standard ;<\/li><li>la suite nuptiale ;<\/li><li>la suite familiale ;<\/li><li>la \u00ab Triple Room \u00bb.<\/li><\/ul>\n\n\n\n<p>Les chambres standards poss\u00e8dent tout le confort qu\u2019on attend d\u2019une suite de luxe : baignoire, lit double, terrasse donnant sur la rivi\u00e8re Chobe. Si vous souhaitez offrir un voyage \u00e0 votre moiti\u00e9, ne tardez pas trop pour la suite nuptiale. Il n\u2019y en a qu\u2019une dans tout le lodge ! \u00c9l\u00e9gante et intimiste, c\u2019est la suite id\u00e9ale pour un s\u00e9jour romantique en couple.<\/p>\n\n\n\n<p>Les familles trouveront leur bonheur avec les suites familiales : elles poss\u00e8dent une piscine priv\u00e9e \u00e0 d\u00e9bordement o\u00f9 les enfants pourront se d\u00e9penser. La Triple Room a la particularit\u00e9 d\u2019avoir 2 salles de bains. \u00c0 la fois conviviale et spacieuse, les familles nombreuses vont l\u2019adorer !<\/p>\n\n\n\n<h2 class=\"wp-block-heading\"><span class=\"ez-toc-section\" id=\"chobe-game-lodge-avis-clients\"><\/span>Chobe Game Lodge : avis clients<span class=\"ez-toc-section-end\"><\/span><\/h2>\n\n\n\n<p>Le Chope Game Lodge a obtenu une note de 4,5\/5 sur Tripadvisor avec 1 223 avis. Sa note est de 4,7\/5 pour les avis Google pour 159 avis.<\/p>\n\n\n\n<p>Les avis sont unanimes : le personnel est aux petits soins, l\u2019emplacement est unique et les services propos\u00e9s sont complets (piscine, wifi, massage etc.). Le point n\u00e9gatif relev\u00e9 est que l\u2019h\u00e9bergement est plus un \u00ab h\u00f4tel \u00bb qu\u2019un lodge. La capacit\u00e9 de la structure est de presque 100 clients alors que les autres lodges sont en g\u00e9n\u00e9ral plus confidentiels avec moins de personnes.<\/p>\n","protected":false},"excerpt":{"rendered":"<p>Bienvenue au royaume des \u00e9l\u00e9phants ! Le Chobe Game Lodge est un h\u00e9bergement de luxe au c\u0153ur du Chobe National Park. Ce lodge est r\u00e9put\u00e9 pour ses safaris et ses prestations haut de gamme. On vous guide dans ce lieu magique. Pourquoi se loger \u00e0 Chobe Game lodge ? Le second mariage d\u2019Elizabeth Taylor et &#8230; <a title=\"Chobe Game Lodge\" class=\"read-more\" href=\"https:\/\/mistersafari.com\/fr\/safari-botswana\/lodges\/chobe-game-lodge\/\" aria-label=\"En savoir plus sur Chobe Game Lodge\">Lire la suite<\/a><\/p>\n","protected":false},"author":3,"featured_media":0,"parent":2670,"menu_order":2,"comment_status":"closed","ping_status":"closed","template":"","meta":{"_acf_changed":false,"footnotes":""},"content_type":[],"country":[],"class_list":{"0":"post-2989","1":"page","2":"type-page","3":"status-publish","5":"no-featured-image-padding"},"acf":{"hreflang":null},"_links":{"self":[{"href":"https:\/\/mistersafari.com\/fr\/wp-json\/wp\/v2\/pages\/2989","targetHints":{"allow":["GET"]}}],"collection":[{"href":"https:\/\/mistersafari.com\/fr\/wp-json\/wp\/v2\/pages"}],"about":[{"href":"https:\/\/mistersafari.com\/fr\/wp-json\/wp\/v2\/types\/page"}],"author":[{"embeddable":true,"href":"https:\/\/mistersafari.com\/fr\/wp-json\/wp\/v2\/users\/3"}],"replies":[{"embeddable":true,"href":"https:\/\/mistersafari.com\/fr\/wp-json\/wp\/v2\/comments?post=2989"}],"version-history":[{"count":6,"href":"https:\/\/mistersafari.com\/fr\/wp-json\/wp\/v2\/pages\/2989\/revisions"}],"predecessor-version":[{"id":3257,"href":"https:\/\/mistersafari.com\/fr\/wp-json\/wp\/v2\/pages\/2989\/revisions\/3257"}],"up":[{"embeddable":true,"href":"https:\/\/mistersafari.com\/fr\/wp-json\/wp\/v2\/pages\/2670"}],"wp:attachment":[{"href":"https:\/\/mistersafari.com\/fr\/wp-json\/wp\/v2\/media?parent=2989"}],"wp:term":[{"taxonomy":"content_type","embeddable":true,"href":"https:\/\/mistersafari.com\/fr\/wp-json\/wp\/v2\/content_type?post=2989"},{"taxonomy":"country","embeddable":true,"href":"https:\/\/mistersafari.com\/fr\/wp-json\/wp\/v2\/country?post=2989"}],"curies":[{"name":"wp","href":"https:\/\/api.w.org\/{rel}","templated":true}]}}