{"id":2959,"date":"2021-06-10T13:21:12","date_gmt":"2021-06-10T13:21:12","guid":{"rendered":"https:\/\/mistersafari.com\/fr\/safari-botswana\/parcs-reserves\/moremi-game-reserve\/"},"modified":"2022-10-05T13:18:10","modified_gmt":"2022-10-05T13:18:10","slug":"moremi-game-reserve","status":"publish","type":"page","link":"https:\/\/mistersafari.com\/fr\/safari-botswana\/parcs-reserves\/moremi-game-reserve\/","title":{"rendered":"La r\u00e9serve de Moremi"},"content":{"rendered":"\n<p>Vous souhaitez d\u00e9couvrir la Moremi Game Reserve\u2009? C\u2019est en 1963 que ce territoire devint une zone prot\u00e9g\u00e9e gr\u00e2ce \u00e0 l\u2019\u00e9pouse du chef Moremi III. Cette r\u00e9serve naturelle abrite une faune et une flore d\u2019une grande richesse, avec la pr\u00e9sence du Big Five. Laissez-vous guider dans cet \u00e9crin de beaut\u00e9 botswan\u00e9en.<\/p>\n\n\n<div id=\"ez-toc-container\" class=\"ez-toc-v2_0_76 counter-flat ez-toc-counter ez-toc-custom ez-toc-container-direction\">\n<div class=\"ez-toc-title-container\"><p class=\"ez-toc-title\" style=\"cursor:inherit\">Sommaire<\/p>\n<\/div><nav><ul class='ez-toc-list ez-toc-list-level-1 ' ><li class='ez-toc-page-1'><a class=\"ez-toc-link ez-toc-heading-1\" href=\"https:\/\/mistersafari.com\/fr\/safari-botswana\/parcs-reserves\/moremi-game-reserve\/#pourquoi-se-rendre-a-la-moremi-game-reserve%e2%80%89\" >Pourquoi se rendre \u00e0 la Moremi Game Reserve\u2009?<\/a><\/li><li class='ez-toc-page-1'><a class=\"ez-toc-link ez-toc-heading-2\" href=\"https:\/\/mistersafari.com\/fr\/safari-botswana\/parcs-reserves\/moremi-game-reserve\/#comment-se-rendre-dans-la-moremi-game-reserve%e2%80%89\" >Comment se rendre dans la Moremi Game Reserve\u2009?<\/a><\/li><li class='ez-toc-page-1'><a class=\"ez-toc-link ez-toc-heading-3\" href=\"https:\/\/mistersafari.com\/fr\/safari-botswana\/parcs-reserves\/moremi-game-reserve\/#tarifs-et-reglementation\" >Tarifs et r\u00e9glementation<\/a><\/li><li class='ez-toc-page-1'><a class=\"ez-toc-link ez-toc-heading-4\" href=\"https:\/\/mistersafari.com\/fr\/safari-botswana\/parcs-reserves\/moremi-game-reserve\/#ou-dormir-dans-la-moremi-game-reserve%e2%80%89\" >O\u00f9 dormir dans la Moremi Game Reserve\u2009?<\/a><\/li><li class='ez-toc-page-1'><a class=\"ez-toc-link ez-toc-heading-5\" href=\"https:\/\/mistersafari.com\/fr\/safari-botswana\/parcs-reserves\/moremi-game-reserve\/#moremi-game-reserve-autres-informations-pratiques\" >Moremi Game Reserve : autres informations pratiques<\/a><\/li><\/ul><\/nav><\/div>\n\n\n\n\n<h2 class=\"wp-block-heading\"><span class=\"ez-toc-section\" id=\"pourquoi-se-rendre-a-la-moremi-game-reserve%e2%80%89\"><\/span>Pourquoi se rendre \u00e0 la Moremi Game Reserve\u2009?<span class=\"ez-toc-section-end\"><\/span><\/h2>\n\n\n\n<h3 class=\"wp-block-heading\">Un safari dans la Moremi Game Reserve<\/h3>\n\n\n\n<p>Le parc national de Moremi est l\u2019endroit parfait pour observer les Big Five. Vous retrouverez des lions, des \u00e9l\u00e9phants, des l\u00e9opards, des gu\u00e9pards, des hippopotames, des crocodiles, des antilopes, des chiens sauvages et une kyrielle d\u2019oiseaux (plus de 400 esp\u00e8ces diff\u00e9rentes).<\/p>\n\n\n<div class=\"wp-block-image\">\n<figure class=\"aligncenter size-full\"><picture><source srcset=\"https:\/\/mistersafari.com\/fr\/wp-content\/uploads\/sites\/2\/safari-moremi-game-reserve.webp 1200w,https:\/\/mistersafari.com\/fr\/wp-content\/uploads\/sites\/2\/safari-moremi-game-reserve-300x200.webp 300w,https:\/\/mistersafari.com\/fr\/wp-content\/uploads\/sites\/2\/safari-moremi-game-reserve-1024x683.webp 1024w,https:\/\/mistersafari.com\/fr\/wp-content\/uploads\/sites\/2\/safari-moremi-game-reserve-768x512.webp 768w\" sizes=\"auto, (max-width: 1200px) 100vw, 1200px\" type=\"image\/webp\"><img src=\"https:\/\/mistersafari.com\/fr\/wp-content\/uploads\/sites\/2\/safari-moremi-game-reserve.jpg\" height=\"800\" width=\"1200\" srcset=\"https:\/\/mistersafari.com\/fr\/wp-content\/uploads\/sites\/2\/safari-moremi-game-reserve.jpg 1200w, https:\/\/mistersafari.com\/fr\/wp-content\/uploads\/sites\/2\/safari-moremi-game-reserve-300x200.jpg 300w, https:\/\/mistersafari.com\/fr\/wp-content\/uploads\/sites\/2\/safari-moremi-game-reserve-1024x683.jpg 1024w, https:\/\/mistersafari.com\/fr\/wp-content\/uploads\/sites\/2\/safari-moremi-game-reserve-768x512.jpg 768w\" sizes=\"auto, (max-width: 1200px) 100vw, 1200px\" class=\"wp-image-6726 sp-no-webp\" alt=\"\" loading=\"lazy\" decoding=\"async\"  > <\/picture><\/figure><\/div>\n\n\n<p>En 2001, des rhinoc\u00e9ros blancs ont \u00e9t\u00e9 r\u00e9introduits dans la r\u00e9serve. 2 ans apr\u00e8s, ce sont les rhinoc\u00e9ros noirs qui ont \u00e9t\u00e9 r\u00e9int\u00e9gr\u00e9s au parc. Avec un peu de chance, vous pourrez photographier l\u2019un d\u2019eux prendre un bain de boue.<\/p>\n\n\n\n<p class=\"callout-orange\">La r\u00e9serve naturelle de Moremi fait partie des zones \u00e0 risque pour le paludisme. Si vous voyagez dans cette r\u00e9gion, pensez \u00e0 prendre un traitement de pr\u00e9vention contre le paludisme. La meilleure solution est de vous renseigner aupr\u00e8s de votre m\u00e9decin sur la d\u00e9marche \u00e0 suivre.<\/p>\n\n\n\n<h3 class=\"wp-block-heading\">Les autres activit\u00e9s dans la Moremi Game Reserve<\/h3>\n\n\n\n<p>En plus du safari classique en 4&#215;4, la r\u00e9serve naturelle de Moremi vous r\u00e9serve quelques surprises\u2026 Safari \u00e0 pied, vol en h\u00e9licopt\u00e8re, d\u00e9couverte de la faune sauvage avec un mokoro, ou encore safari \u00e0 cheval. Zoom sur les activit\u00e9s insolites \u00e0 ne pas manquer.<\/p>\n\n\n\n<h4 class=\"wp-block-heading\">Safari \u00e0 pied<\/h4>\n\n\n\n<p>Le safari \u00e0 pied est un incontournable du parc national de Moremi. Accompagn\u00e9 d\u2019un guide, vous partez sur les traces des animaux sauvages. Les z\u00e8bres sont les moins peureux alors que les gnous prennent vite la poudre d\u2019escampette quand on s\u2019approche d\u2019eux. Ces balades vous laisseront des souvenirs marquants.<\/p>\n\n\n\n<h4 class=\"wp-block-heading\">Vol en h\u00e9licopt\u00e8re<\/h4>\n\n\n\n<p>Seuls les camps les plus luxueux proposent cette activit\u00e9. Vous survolez le <a href=\"https:\/\/mistersafari.com\/fr\/safari-botswana\/parcs-reserves\/delta-okavango\/\" data-type=\"page\" data-id=\"3081\">delta de l\u2019Okavango<\/a> et ses somptueuses plaines. Depuis les airs, vous contemplez les troupeaux se d\u00e9pla\u00e7ant \u00e0 la recherche de nourriture. Si vous venez pendant la p\u00e9riode de migration des oiseaux, un spectacle majestueux s\u2019offre \u00e0 vous.<\/p>\n\n\n<div class=\"wp-block-image\">\n<figure class=\"aligncenter size-full\"><picture><source srcset=\"https:\/\/mistersafari.com\/fr\/wp-content\/uploads\/sites\/2\/safari-helicopter-moremi.webp 1200w,https:\/\/mistersafari.com\/fr\/wp-content\/uploads\/sites\/2\/safari-helicopter-moremi-300x200.webp 300w,https:\/\/mistersafari.com\/fr\/wp-content\/uploads\/sites\/2\/safari-helicopter-moremi-1024x683.webp 1024w,https:\/\/mistersafari.com\/fr\/wp-content\/uploads\/sites\/2\/safari-helicopter-moremi-768x512.webp 768w\" sizes=\"auto, (max-width: 1200px) 100vw, 1200px\" type=\"image\/webp\"><img src=\"https:\/\/mistersafari.com\/fr\/wp-content\/uploads\/sites\/2\/safari-helicopter-moremi.jpg\" height=\"800\" width=\"1200\" srcset=\"https:\/\/mistersafari.com\/fr\/wp-content\/uploads\/sites\/2\/safari-helicopter-moremi.jpg 1200w, https:\/\/mistersafari.com\/fr\/wp-content\/uploads\/sites\/2\/safari-helicopter-moremi-300x200.jpg 300w, https:\/\/mistersafari.com\/fr\/wp-content\/uploads\/sites\/2\/safari-helicopter-moremi-1024x683.jpg 1024w, https:\/\/mistersafari.com\/fr\/wp-content\/uploads\/sites\/2\/safari-helicopter-moremi-768x512.jpg 768w\" sizes=\"auto, (max-width: 1200px) 100vw, 1200px\" class=\"wp-image-6727 sp-no-webp\" alt=\"\" loading=\"lazy\" decoding=\"async\"  > <\/picture><\/figure><\/div>\n\n\n<h4 class=\"wp-block-heading\">Safari en mokoro<\/h4>\n\n\n\n<p>Les mokoros sont des pirogues traditionnelles utilis\u00e9es par les habitants de la r\u00e9gion pour se d\u00e9placer dans le delta. Vous filez sur l\u2019eau, profitant de paysages idylliques et du silence de la nature. Au loin, des hippopotames barbotent tranquillement dans l\u2019eau. Vous pourrez m\u00eame apercevoir des troupeaux d\u2019\u00e9l\u00e9phants cherchant quelques plantes \u00e0 se mettre sous la dent.<\/p>\n\n\n\n<h4 class=\"wp-block-heading\">Safari \u00e0 cheval<\/h4>\n\n\n\n<p>Profitez du parc national de Moremi pour faire une chevauch\u00e9e de r\u00eave au milieu des girafes et des z\u00e8bres. Une exp\u00e9rience unique qui n\u2019est possible que dans certains camps. C\u2019est une chance en or de d\u00e9couvrir les plaines luxuriantes peupl\u00e9es d\u2019animaux sauvages. Un sentiment de libert\u00e9 vous gagne quand vous galopez dans les vastes \u00e9tendues du Botswana.<\/p>\n\n\n\n<h2 class=\"wp-block-heading\"><span class=\"ez-toc-section\" id=\"comment-se-rendre-dans-la-moremi-game-reserve%e2%80%89\"><\/span>Comment se rendre dans la Moremi Game Reserve\u2009?<span class=\"ez-toc-section-end\"><\/span><\/h2>\n\n\n\n<p>Pour vous rendre \u00e0 la Moremi Game Reserve, vous avez 2 options : l\u2019avion ou la voiture. En p\u00e9riode de pluie, la plupart des routes sont inaccessibles en voiture. Si vous souhaitez partir en self drive, renseignez-vous au pr\u00e9alable sur l\u2019\u00e9tat des routes apr\u00e8s la saison pluie (surtout si vous arrivez en avril) et faites preuve d\u2019une grande prudence sur le chemin.<\/p>\n\n\n\n<p>Il y a 2 entr\u00e9es principales depuis Maun :<\/p>\n\n\n\n<ul class=\"wp-block-list\"><li>le Northgate Bridge\u2009;<\/li><li>le Southgate Bridge.<\/li><\/ul>\n\n\n\n<p class=\"callout-blue\">Notez que la route est tr\u00e8s peu praticable : pr\u00e9voyez un bon 4&#215;4 et attendez-vous \u00e0 une conduite sportive ! Si vous venez du parc national de Chobe, le Northgate bridge est la porte d\u2019entr\u00e9e la plus proche.<\/p>\n\n\n\n<p>Pour un d\u00e9placement par avion, la solution la plus populaire est l&rsquo;a\u00e9roport de Maun. Pour y acc\u00e9der, prenez un vol local depuis Kasane ou Gaborone. Des vols r\u00e9gionaux de Johannesburg ou Cape Town font aussi le trajet jusqu\u2019\u00e0 Maun.<\/p>\n\n\n<div class=\"wp-block-image\">\n<figure class=\"aligncenter size-full\"><picture><source srcset=\"https:\/\/mistersafari.com\/fr\/wp-content\/uploads\/sites\/2\/girafe-moremi.webp 1200w,https:\/\/mistersafari.com\/fr\/wp-content\/uploads\/sites\/2\/girafe-moremi-300x200.webp 300w,https:\/\/mistersafari.com\/fr\/wp-content\/uploads\/sites\/2\/girafe-moremi-1024x683.webp 1024w,https:\/\/mistersafari.com\/fr\/wp-content\/uploads\/sites\/2\/girafe-moremi-768x512.webp 768w\" sizes=\"auto, (max-width: 1200px) 100vw, 1200px\" type=\"image\/webp\"><img src=\"https:\/\/mistersafari.com\/fr\/wp-content\/uploads\/sites\/2\/girafe-moremi.png\" height=\"800\" width=\"1200\" srcset=\"https:\/\/mistersafari.com\/fr\/wp-content\/uploads\/sites\/2\/girafe-moremi.png 1200w, https:\/\/mistersafari.com\/fr\/wp-content\/uploads\/sites\/2\/girafe-moremi-300x200.png 300w, https:\/\/mistersafari.com\/fr\/wp-content\/uploads\/sites\/2\/girafe-moremi-1024x683.png 1024w, https:\/\/mistersafari.com\/fr\/wp-content\/uploads\/sites\/2\/girafe-moremi-768x512.png 768w\" sizes=\"auto, (max-width: 1200px) 100vw, 1200px\" class=\"wp-image-6730 sp-no-webp\" alt=\"\" loading=\"lazy\" decoding=\"async\"  > <\/picture><\/figure><\/div>\n\n\n<p>Si vous avez r\u00e9serv\u00e9 des lodges \u00e0 c\u00f4t\u00e9 du delta de l&rsquo;Okavango, le transfert en avion est la plupart du temps compris dans le forfait du s\u00e9jour.<\/p>\n\n\n\n<h2 class=\"wp-block-heading\"><span class=\"ez-toc-section\" id=\"tarifs-et-reglementation\"><\/span>Tarifs et r\u00e9glementation<span class=\"ez-toc-section-end\"><\/span><\/h2>\n\n\n\n<h3 class=\"wp-block-heading\">Moremi Game Reserve : prix d\u2019entr\u00e9e<\/h3>\n\n\n\n<p>Les prix d\u2019entr\u00e9e de la Moremi Game Reserve sont les suivants :<\/p>\n\n\n\n<ul class=\"wp-block-list\"><li>120 pulas par adulte (environ 10 \u20ac)\u2009;<\/li><li>60 pulas par enfant entre 8 et 17 ans (environ 5 \u20ac)\u2009;<\/li><li>gratuit pour les enfants de moins de 8 ans.<\/li><\/ul>\n\n\n\n<p>En plus de ces tarifs, vous devez payer 50 pulas par jour (environ 4 \u20ac) pour chaque v\u00e9hicule. Prenez \u00e9galement en compte que l\u2019euro n\u2019est pas accept\u00e9 dans le pays. Pensez \u00e0 \u00e9changer vos euros contre des pulas ou des dollars am\u00e9ricains avant de partir !<\/p>\n\n\n\n<h3 class=\"wp-block-heading\">R\u00e9glementation de la r\u00e9serve<\/h3>\n\n\n\n<p>Il est demand\u00e9 aux visiteurs de respecter la faune et la flore. Restez bien sur les routes balis\u00e9es et gardez vos distances avec les animaux sauvages. Des informations compl\u00e9mentaires sur la r\u00e9glementation vous seront donn\u00e9es \u00e0 votre porte d\u2019entr\u00e9e du parc.<\/p>\n\n\n\n<h2 class=\"wp-block-heading\"><span class=\"ez-toc-section\" id=\"ou-dormir-dans-la-moremi-game-reserve%e2%80%89\"><\/span>O\u00f9 dormir dans la Moremi Game Reserve\u2009?<span class=\"ez-toc-section-end\"><\/span><\/h2>\n\n\n\n<p>Le parc national de Moremi est r\u00e9put\u00e9 pour ses lodges luxueux au milieu de la nature verdoyante. Mais pour des budgets un peu plus serr\u00e9s, vous trouverez \u00e9galement votre bonheur avec les campings de la r\u00e9serve.<\/p>\n\n\n\n<h3 class=\"wp-block-heading\">Les campings<\/h3>\n\n\n\n<p>Dans la plupart des campings, vous aurez acc\u00e8s \u00e0 l\u2019eau courante, \u00e0 des toilettes et \u00e0 des douches. C\u2019est la solution d\u2019h\u00e9bergement id\u00e9ale pour les petits budgets et les aventureux. Au plus pr\u00e8s de la nature, vous garderez des souvenirs m\u00e9morables de ces nuits sous la tente.<\/p>\n\n\n<div class=\"wp-block-image\">\n<figure class=\"aligncenter size-full\"><picture><source srcset=\"https:\/\/mistersafari.com\/fr\/wp-content\/uploads\/sites\/2\/hippo-moremi.webp 1200w,https:\/\/mistersafari.com\/fr\/wp-content\/uploads\/sites\/2\/hippo-moremi-300x200.webp 300w,https:\/\/mistersafari.com\/fr\/wp-content\/uploads\/sites\/2\/hippo-moremi-1024x683.webp 1024w,https:\/\/mistersafari.com\/fr\/wp-content\/uploads\/sites\/2\/hippo-moremi-768x512.webp 768w\" sizes=\"auto, (max-width: 1200px) 100vw, 1200px\" type=\"image\/webp\"><img src=\"https:\/\/mistersafari.com\/fr\/wp-content\/uploads\/sites\/2\/hippo-moremi.png\" height=\"800\" width=\"1200\" srcset=\"https:\/\/mistersafari.com\/fr\/wp-content\/uploads\/sites\/2\/hippo-moremi.png 1200w, https:\/\/mistersafari.com\/fr\/wp-content\/uploads\/sites\/2\/hippo-moremi-300x200.png 300w, https:\/\/mistersafari.com\/fr\/wp-content\/uploads\/sites\/2\/hippo-moremi-1024x683.png 1024w, https:\/\/mistersafari.com\/fr\/wp-content\/uploads\/sites\/2\/hippo-moremi-768x512.png 768w\" sizes=\"auto, (max-width: 1200px) 100vw, 1200px\" class=\"wp-image-6728 sp-no-webp\" alt=\"\" loading=\"lazy\" decoding=\"async\"  > <\/picture><\/figure><\/div>\n\n\n<h3 class=\"wp-block-heading\">Les lodges<\/h3>\n\n\n\n<p>Les lodges sont des logements en dur qui vous donnent tout le confort d\u2019un h\u00f4tel. Piscine, salle de sport, vue splendide sur la plaine inond\u00e9e\u2026 Certains lodges offrent un service haut de gamme \u00e0 leurs clients. Construits au milieu de la faune sauvage, le <a href=\"https:\/\/mistersafari.com\/fr\/safari-botswana\/lodges\/mombo-camp\/\" data-type=\"page\" data-id=\"2672\">Mombo Camp <\/a>et le Little Mombo sont les plus renomm\u00e9s.<\/p>\n\n\n\n<h2 class=\"wp-block-heading\"><span class=\"ez-toc-section\" id=\"moremi-game-reserve-autres-informations-pratiques\"><\/span>Moremi Game Reserve : autres informations pratiques<span class=\"ez-toc-section-end\"><\/span><\/h2>\n\n\n\n<h3 class=\"wp-block-heading\">G\u00e9ographie<\/h3>\n\n\n\n<p>Situ\u00e9e dans le nord-ouest du Botswana, la Moremi Game Reserve couvre plusieurs territoires :<\/p>\n\n\n\n<ul class=\"wp-block-list\"><li>la Chief\u2019s Island\u2009;<\/li><li>la Mopane tongue\u2009;<\/li><li>une partie du delta de l\u2019Okavango.<\/li><\/ul>\n\n\n\n<p>Le parc national de Moremi a une surface d\u2019environ 5\u2009000 km<sup>2<\/sup>. On estime que ce parc est constitu\u00e9 \u00e0 70 % par de l\u2019eau et \u00e0 30 % par des terres. Outre le Big Five, vous retrouverez sur ces territoires de nombreux mopanes, des arbres typiques de l\u2019Afrique australe.<\/p>\n\n\n\n<h3 class=\"wp-block-heading\">M\u00e9t\u00e9o<\/h3>\n\n\n\n<p>Lors de la p\u00e9riode s\u00e8che, les temp\u00e9ratures alternent entre 26 degr\u00e9s et 34 degr\u00e9s. Les mois de juin et juillet sont les plus frais. C\u2019est au mois d\u2019octobre qu\u2019on arrive aux 34 degr\u00e9s. Lors de la saison des pluies, comptez en moyenne 31 degr\u00e9s. Si vous venez pendant cette p\u00e9riode, attendez-vous \u00e0 des averses irr\u00e9guli\u00e8res et des orages fr\u00e9quents.<\/p>\n\n\n\n<h3 class=\"wp-block-heading\">Quand visiter<\/h3>\n\n\n\n<p>La p\u00e9riode de votre visite d\u00e9pend de la faune que vous voulez voir. La haute saison (saison s\u00e8che) est d\u2019avril \u00e0 octobre. C\u2019est \u00e0 ce moment que les eaux sont les plus basses et que les f\u00e9lins sont de sortie. En g\u00e9n\u00e9ral, les prix sont plus \u00e9lev\u00e9s, car c\u2019est \u00e0 cette p\u00e9riode qu\u2019il y a le plus de fr\u00e9quentations.<\/p>\n\n\n\n<p>La saison des pluies se passe de novembre \u00e0 mars. Lors de cette p\u00e9riode, le delta de l\u2019Okavango est au plus haut. Les fauves sont donc plus rares. Mais pendant la saison des pluies, vous assistez \u00e0 la migration des oiseaux et c\u2019est un spectacle magique.<\/p>\n\n\n\n<p class=\"callout-green\">La meilleure p\u00e9riode est donc de juillet \u00e0 octobre, car il y a plus de lodges ouverts et que vous avez plus de chances de croiser des animaux sauvages.<\/p>\n\n\n<div id=\"rank-math-faq\" class=\"rank-math-block\">\n<div class=\"rank-math-list \">\n<div id=\"faq-question-1664958561290\" class=\"rank-math-list-item\">\n<h3 class=\"rank-math-question \">O\u00f9 se trouve la R\u00e9serve de\u00a0Moremi ?<\/h3>\n<div class=\"rank-math-answer \">\n\n<p>La r\u00e9serve priv\u00e9e de Moremi se situe dans le nord-ouest du Botswana, \u00e0 l&rsquo;est du delta de l&rsquo;Okavango.<\/p>\n\n<\/div>\n<\/div>\n<div id=\"faq-question-1664958709617\" class=\"rank-math-list-item\">\n<h3 class=\"rank-math-question \"><strong>Quels animaux peut-on voir \u00e0 la r\u00e9serve de Moremi ?<\/strong><\/h3>\n<div class=\"rank-math-answer \">\n\n<p>En plus des Big Five, vous trouverez des crocodiles, des antilopes, des chiens sauvages et plus de 400 esp\u00e8ces d&rsquo;oiseaux diff\u00e9rentes.<\/p>\n\n<\/div>\n<\/div>\n<div id=\"faq-question-1664958796464\" class=\"rank-math-list-item\">\n<h3 class=\"rank-math-question \">Quelle est la meilleure p\u00e9riode pour visiter la r\u00e9serve de Moremi ?<\/h3>\n<div class=\"rank-math-answer \">\n\n<p>La meilleure p\u00e9riode pour visiter la r\u00e9serve est la saison s\u00e8che (juillet \u00e0 octobre). Vous aurez acc\u00e8s \u00e0 plus de lodges et vous aurez plus de chances de rencontrer les animaux.<\/p>\n\n<\/div>\n<\/div>\n<\/div>\n<\/div>","protected":false},"excerpt":{"rendered":"<p>Vous souhaitez d\u00e9couvrir la Moremi Game Reserve\u2009? C\u2019est en 1963 que ce territoire devint une zone prot\u00e9g\u00e9e gr\u00e2ce \u00e0 l\u2019\u00e9pouse du chef Moremi III. Cette r\u00e9serve naturelle abrite une faune et une flore d\u2019une grande richesse, avec la pr\u00e9sence du Big Five. Laissez-vous guider dans cet \u00e9crin de beaut\u00e9 botswan\u00e9en. Pourquoi se rendre \u00e0 la &#8230; <a title=\"La r\u00e9serve de Moremi\" class=\"read-more\" href=\"https:\/\/mistersafari.com\/fr\/safari-botswana\/parcs-reserves\/moremi-game-reserve\/\" aria-label=\"En savoir plus sur La r\u00e9serve de Moremi\">Lire la suite<\/a><\/p>\n","protected":false},"author":3,"featured_media":6733,"parent":2957,"menu_order":1,"comment_status":"closed","ping_status":"closed","template":"","meta":{"_acf_changed":false,"footnotes":""},"content_type":[23],"country":[27],"class_list":{"0":"post-2959","1":"page","2":"type-page","3":"status-publish","4":"has-post-thumbnail","6":"content_type-parc","7":"country-botswana","8":"no-featured-image-padding"},"acf":{"hreflang":[{"alternative_url":"https:\/\/mistersafari.com\/moremi-game-reserve\/","language":"en"}]},"_links":{"self":[{"href":"https:\/\/mistersafari.com\/fr\/wp-json\/wp\/v2\/pages\/2959","targetHints":{"allow":["GET"]}}],"collection":[{"href":"https:\/\/mistersafari.com\/fr\/wp-json\/wp\/v2\/pages"}],"about":[{"href":"https:\/\/mistersafari.com\/fr\/wp-json\/wp\/v2\/types\/page"}],"author":[{"embeddable":true,"href":"https:\/\/mistersafari.com\/fr\/wp-json\/wp\/v2\/users\/3"}],"replies":[{"embeddable":true,"href":"https:\/\/mistersafari.com\/fr\/wp-json\/wp\/v2\/comments?post=2959"}],"version-history":[{"count":8,"href":"https:\/\/mistersafari.com\/fr\/wp-json\/wp\/v2\/pages\/2959\/revisions"}],"predecessor-version":[{"id":6745,"href":"https:\/\/mistersafari.com\/fr\/wp-json\/wp\/v2\/pages\/2959\/revisions\/6745"}],"up":[{"embeddable":true,"href":"https:\/\/mistersafari.com\/fr\/wp-json\/wp\/v2\/pages\/2957"}],"wp:featuredmedia":[{"embeddable":true,"href":"https:\/\/mistersafari.com\/fr\/wp-json\/wp\/v2\/media\/6733"}],"wp:attachment":[{"href":"https:\/\/mistersafari.com\/fr\/wp-json\/wp\/v2\/media?parent=2959"}],"wp:term":[{"taxonomy":"content_type","embeddable":true,"href":"https:\/\/mistersafari.com\/fr\/wp-json\/wp\/v2\/content_type?post=2959"},{"taxonomy":"country","embeddable":true,"href":"https:\/\/mistersafari.com\/fr\/wp-json\/wp\/v2\/country?post=2959"}],"curies":[{"name":"wp","href":"https:\/\/api.w.org\/{rel}","templated":true}]}}