{"id":2853,"date":"2021-05-20T13:15:58","date_gmt":"2021-05-20T13:15:58","guid":{"rendered":"https:\/\/mistersafari.com\/fr\/safari-afrique-du-sud\/lodges-en-afrique-du-sud\/londolozi\/"},"modified":"2021-06-20T19:00:52","modified_gmt":"2021-06-20T19:00:52","slug":"londolozi","status":"publish","type":"page","link":"https:\/\/mistersafari.com\/fr\/safari-afrique-du-sud\/lodges\/londolozi\/","title":{"rendered":"Londolozi"},"content":{"rendered":"\n<p>Le Londolozi Lodge vous invite \u00e0 venir profiter de la richesse de la faune de sa r\u00e9serve dans un cadre luxueux, proche de la nature. La vari\u00e9t\u00e9 des logements en fait une destination id\u00e9ale pour tout voyageur en qu\u00eate de confort au milieu de l\u2019une des plus belles savanes africaines. D\u00e9couvrez en plus sur le Londolozi Lodge gr\u00e2ce \u00e0 notre guide.<\/p>\n\n\n<div id=\"ez-toc-container\" class=\"ez-toc-v2_0_76 counter-flat ez-toc-counter ez-toc-custom ez-toc-container-direction\">\n<div class=\"ez-toc-title-container\"><p class=\"ez-toc-title\" style=\"cursor:inherit\">Sommaire<\/p>\n<\/div><nav><ul class='ez-toc-list ez-toc-list-level-1 ' ><li class='ez-toc-page-1'><a class=\"ez-toc-link ez-toc-heading-1\" href=\"https:\/\/mistersafari.com\/fr\/safari-afrique-du-sud\/lodges\/londolozi\/#pourquoi-loger-a-londolozi-lodge\" >Pourquoi loger \u00e0 Londolozi Lodge ?<\/a><\/li><li class='ez-toc-page-1'><a class=\"ez-toc-link ez-toc-heading-2\" href=\"https:\/\/mistersafari.com\/fr\/safari-afrique-du-sud\/lodges\/londolozi\/#localisation-du-londolozi-lodge\" >Localisation du Londolozi Lodge<\/a><\/li><li class='ez-toc-page-1'><a class=\"ez-toc-link ez-toc-heading-3\" href=\"https:\/\/mistersafari.com\/fr\/safari-afrique-du-sud\/lodges\/londolozi\/#equipements-du-londolozi-lodge\" >\u00c9quipements du Londolozi Lodge<\/a><\/li><li class='ez-toc-page-1'><a class=\"ez-toc-link ez-toc-heading-4\" href=\"https:\/\/mistersafari.com\/fr\/safari-afrique-du-sud\/lodges\/londolozi\/#quels-sont-les-tarifs-du-londolozi-lodge\" >Quels sont les tarifs du Londolozi Lodge ?<\/a><\/li><li class='ez-toc-page-1'><a class=\"ez-toc-link ez-toc-heading-5\" href=\"https:\/\/mistersafari.com\/fr\/safari-afrique-du-sud\/lodges\/londolozi\/#londolozi-lodge-avis-clients\" >Londolozi Lodge : avis clients<\/a><\/li><\/ul><\/nav><\/div>\n\n\n\n\n<h2 class=\"wp-block-heading\"><span class=\"ez-toc-section\" id=\"pourquoi-loger-a-londolozi-lodge\"><\/span>Pourquoi loger \u00e0 Londolozi Lodge ?<span class=\"ez-toc-section-end\"><\/span><\/h2>\n\n\n\n<p>Au c\u0153ur de la R\u00e9serve Sabi Sand et au bord de la Rivi\u00e8re Sand, le Londolozi Lodge b\u00e9n\u00e9ficie d\u2019un emplacement privil\u00e9gi\u00e9. Il profite de la densit\u00e9 d\u2019animaux du <a href=\"https:\/\/mistersafari.com\/fr\/safari-afrique-du-sud\/parcs-reserves\/parc-kruger\/\">Parc National Kruger<\/a>. L\u2019absence de cl\u00f4ture entre les deux lieux permet aux <a href=\"https:\/\/mistersafari.com\/fr\/safari-afrique-du-sud\/animaux\/\">animaux<\/a> de migrer librement, multipliant ainsi les chances de les rencontrer.<\/p>\n\n\n\n<p>La R\u00e9serve Sabi Sand abrite une large population de l\u00e9opards. Elle est aussi r\u00e9put\u00e9e pour \u00eatre le paradis des pr\u00e9dateurs. Un s\u00e9jour au Londolozi Lodge est donc la porte d\u2019acc\u00e8s \u00e0 une faune riche, au pied de votre logement.<\/p>\n\n\n\n<p>C\u2019est d\u2019ailleurs au cours de deux game drives quotidiens que vous partirez observer les plus grands animaux sauvages d\u2019Afrique. Accompagn\u00e9s d\u2019un ranger et d\u2019un tracker, ils vous emm\u00e8neront dans la brousse de Sabi Sand \u00e0 la d\u00e9couverte d\u2019une faune incroyable. Des marches dans le bush sont aussi organis\u00e9es, pour pister les empreintes des animaux et en apprendre plus sur la flore.<\/p>\n\n\n\n<p>Le Londolozi Lodge est compos\u00e9 de 5 camps qui r\u00e9pondent aux besoins et aux attentes de chacun : familles, groupes d\u2019amis, couples, lune de miel ou voyageurs solos trouveront le logement r\u00eav\u00e9.<\/p>\n\n\n\n<p><strong>Chacun des camps est membre Relais &amp; Ch\u00e2teaux, gage de qualit\u00e9.<\/strong><\/p>\n\n\n\n<p>C\u2019est en effet un h\u00e9bergement haut de gamme qui vous attend. Les prestations sont luxueuses et rendent votre s\u00e9jour magique.<\/p>\n\n\n\n<p>Au sein du lodge, vous pouvez profiter d\u2019un centre de bien-\u00eatre avec des cours de yoga, de m\u00e9ditation, une salle de sport et plusieurs piscines. Pour les novices ou les amateurs de photographie, un safari tr\u00e8s orient\u00e9 photo peut \u00eatre organis\u00e9. Vous b\u00e9n\u00e9ficiez notamment de l\u2019acc\u00e8s \u00e0 un studio pour \u00e9diter et imprimer vos photos ou louer du mat\u00e9riel.<\/p>\n\n\n\n<p>Londolozi est aussi r\u00e9put\u00e9e pour ses efforts de conservation et de protection. Une visite des \u201ccoulisses de Londolozi\u201d vous emm\u00e8ne \u00e0 travers les jardins de permaculture, le potager, un village local, une cr\u00e8che, l\u2019occasion d\u2019en apprendre plus sur les d\u00e9marches de protection de l\u2019environnement initi\u00e9es par les fondateurs\u2026<\/p>\n\n\n\n<h2 class=\"wp-block-heading\"><span class=\"ez-toc-section\" id=\"localisation-du-londolozi-lodge\"><\/span>Localisation du Londolozi Lodge<span class=\"ez-toc-section-end\"><\/span><\/h2>\n\n\n\n<p>Situ\u00e9 \u00e0 l\u2019Est de l\u2019Afrique du Sud, le Londolozi Lodge se trouve en bordure du <a href=\"https:\/\/mistersafari.com\/fr\/safari-afrique-du-sud\/parcs-reserves\/parc-kruger\/\">Parc National Kruger<\/a>.<\/p>\n\n\n\n<p>Pour rejoindre le lodge, plusieurs options s\u2019offrent \u00e0 vous :<\/p>\n\n\n\n<ul class=\"wp-block-list\"><li>un vol quotidien depuis Johannesburg vers l\u2019a\u00e9rodrome de Londolozi, puis un transfert de 5 minutes par la route ;<\/li><li>un vol depuis Johannesburg ou Cape Town vers l\u2019a\u00e9roport Skukuza au Parc Kruger, puis un transfert en avion vers l\u2019a\u00e9rodrome de Londolozi ou un transfert en voiture d\u2019environ 1h30 ;<\/li><li>un vol vers l\u2019a\u00e9roport de Kruger Mpumalanga puis un trajet en voiture de 2h30 ;<\/li><li>un trajet en voiture depuis Johannesburg d\u2019environ 6h.<\/li><\/ul>\n\n\n\n<p>Si vous arrivez par la route, vous entrez dans la R\u00e9serve par la Porte Newington. Ici, des droits d\u2019entr\u00e9e vous seront demand\u00e9s (R 130 par v\u00e9hicule et R 140 par personne).<\/p>\n\n\n\n<p>Bien \u00e9videmment, un s\u00e9jour au Londolozi Lodge sera aussi l\u2019occasion de vous rendre dans le <a href=\"https:\/\/mistersafari.com\/fr\/safari-afrique-du-sud\/parcs-reserves\/parc-kruger\/\">Parc National Kruger<\/a>, le plus grand parc du pays. De nombreuses autres r\u00e9serves priv\u00e9es, avec des lodges tout aussi incroyables que le Londolozi Lodge, valent aussi le d\u00e9tour \u00e0 proximit\u00e9.<\/p>\n\n\n\n<h2 class=\"wp-block-heading\"><span class=\"ez-toc-section\" id=\"equipements-du-londolozi-lodge\"><\/span>\u00c9quipements du Londolozi Lodge<span class=\"ez-toc-section-end\"><\/span><\/h2>\n\n\n\n<figure class=\"wp-block-table\"><table class=\"has-fixed-layout\"><thead><tr><th class=\"has-text-align-center\" data-align=\"center\">\u00c9quipements<\/th><th class=\"has-text-align-center\" data-align=\"center\">Oui\/Non<\/th><\/tr><\/thead><tbody><tr><td class=\"has-text-align-center\" data-align=\"center\">Wifi<\/td><td class=\"has-text-align-center\" data-align=\"center\">Oui<\/td><\/tr><tr><td class=\"has-text-align-center\" data-align=\"center\">Climatisation<\/td><td class=\"has-text-align-center\" data-align=\"center\">Oui<\/td><\/tr><tr><td class=\"has-text-align-center\" data-align=\"center\">Ventilateur<\/td><td class=\"has-text-align-center\" data-align=\"center\">N\/A<\/td><\/tr><tr><td class=\"has-text-align-center\" data-align=\"center\">Parking<\/td><td class=\"has-text-align-center\" data-align=\"center\">Oui<\/td><\/tr><tr><td class=\"has-text-align-center\" data-align=\"center\">Restaurant<\/td><td class=\"has-text-align-center\" data-align=\"center\">Oui<\/td><\/tr><tr><td class=\"has-text-align-center\" data-align=\"center\">Bar<\/td><td class=\"has-text-align-center\" data-align=\"center\">Oui<\/td><\/tr><tr><td class=\"has-text-align-center\" data-align=\"center\">Room service<\/td><td class=\"has-text-align-center\" data-align=\"center\">Oui<\/td><\/tr><tr><td class=\"has-text-align-center\" data-align=\"center\">Balcon\/terrasse priv\u00e9<\/td><td class=\"has-text-align-center\" data-align=\"center\">Oui<\/td><\/tr><tr><td class=\"has-text-align-center\" data-align=\"center\">Pressing<\/td><td class=\"has-text-align-center\" data-align=\"center\">Oui<\/td><\/tr><tr><td class=\"has-text-align-center\" data-align=\"center\">Massage<\/td><td class=\"has-text-align-center\" data-align=\"center\">Oui<\/td><\/tr><tr><td class=\"has-text-align-center\" data-align=\"center\">Piscine<\/td><td class=\"has-text-align-center\" data-align=\"center\">Oui<\/td><\/tr><tr><td class=\"has-text-align-center\" data-align=\"center\">S\u00e9curit\u00e9<\/td><td class=\"has-text-align-center\" data-align=\"center\">Oui<\/td><\/tr><tr><td class=\"has-text-align-center\" data-align=\"center\">Navette a\u00e9roport<\/td><td class=\"has-text-align-center\" data-align=\"center\">Oui<\/td><\/tr><\/tbody><\/table><figcaption>\u00c9quipements du Londolozi Lodge<\/figcaption><\/figure>\n\n\n\n<h2 class=\"wp-block-heading\"><span class=\"ez-toc-section\" id=\"quels-sont-les-tarifs-du-londolozi-lodge\"><\/span>Quels sont les tarifs du Londolozi Lodge ?<span class=\"ez-toc-section-end\"><\/span><\/h2>\n\n\n\n<p>Les tarifs 2021 du Londolozi Lodge sont :<\/p>\n\n\n\n<figure class=\"wp-block-table\"><table class=\"has-fixed-layout\"><thead><tr><th class=\"has-text-align-center\" data-align=\"center\">Type de chambre<\/th><th class=\"has-text-align-center\" data-align=\"center\">Prestations<\/th><th class=\"has-text-align-center\" data-align=\"center\">Tarif journalier (\u00e0 partir de)<\/th><\/tr><\/thead><tbody><tr><td class=\"has-text-align-center\" data-align=\"center\">Varty camps<\/td><td class=\"has-text-align-center\" data-align=\"center\">All inclusive<\/td><td class=\"has-text-align-center\" data-align=\"center\">R 16 950 \/ personne<\/td><\/tr><tr><td class=\"has-text-align-center\" data-align=\"center\">Founders camp<\/td><td class=\"has-text-align-center\" data-align=\"center\">All inclusive<\/td><td class=\"has-text-align-center\" data-align=\"center\">R 19 950 \/ personne<\/td><\/tr><tr><td class=\"has-text-align-center\" data-align=\"center\">Tree camp<\/td><td class=\"has-text-align-center\" data-align=\"center\">All inclusive<\/td><td class=\"has-text-align-center\" data-align=\"center\">R 28 750 \/ personne<\/td><\/tr><tr><td class=\"has-text-align-center\" data-align=\"center\">Pioneer camp<\/td><td class=\"has-text-align-center\" data-align=\"center\">All inclusive<\/td><td class=\"has-text-align-center\" data-align=\"center\">R 28 750 \/ personne<\/td><\/tr><tr><td class=\"has-text-align-center\" data-align=\"center\">Private Granite suites<\/td><td class=\"has-text-align-center\" data-align=\"center\">All inclusive<\/td><td class=\"has-text-align-center\" data-align=\"center\">R 30 450 \/ personne<\/td><\/tr><\/tbody><\/table><figcaption>Tarifs du Londolozi Lodge<\/figcaption><\/figure>\n\n\n\n<p>Chacun des camps s\u2019adresse \u00e0 diff\u00e9rents types de voyageurs :<\/p>\n\n\n\n<ul class=\"wp-block-list\"><li>Varty camp : 10 chalets, id\u00e9al pour les familles ou les petits groupes ;<\/li><li>Founders camp : 10 chalets, id\u00e9al pour les familles ou les petits groupes ;<\/li><li>Pioneer camp : 3 suites, adapt\u00e9 aussi bien aux couples qu\u2019aux familles ;<\/li><li>Tree camp : 6 suites, pour les couples (ou les familles si vous r\u00e9servez l\u2019ensemble des suites) ;<\/li><li>Private granite suites : 3 suites, pour les couples (ou les familles si vous r\u00e9servez l\u2019ensemble des suites).<\/li><\/ul>\n\n\n\n<h2 class=\"wp-block-heading\"><span class=\"ez-toc-section\" id=\"londolozi-lodge-avis-clients\"><\/span>Londolozi Lodge : avis clients<span class=\"ez-toc-section-end\"><\/span><\/h2>\n\n\n\n<p>Au moment de la r\u00e9daction de cet article, le Londolozi Lodge obtient la note de 5\/5 sur TripAdvisor avec plus de 500 avis re\u00e7us.&nbsp;<\/p>\n\n\n\n<p>Le lodge marque un (quasi) sans faute aupr\u00e8s de ses clients. Les voyageurs vantent :<\/p>\n\n\n\n<ul class=\"wp-block-list\"><li>la large pr\u00e9sence des animaux et la qualit\u00e9 des safaris ;<\/li><li>l\u2019attention et le professionnalisme du personnel ;<\/li><li>les logements confortables et luxueux ;<\/li><li>la qualit\u00e9 de la restauration.<\/li><\/ul>\n","protected":false},"excerpt":{"rendered":"<p>Le Londolozi Lodge vous invite \u00e0 venir profiter de la richesse de la faune de sa r\u00e9serve dans un cadre luxueux, proche de la nature. La vari\u00e9t\u00e9 des logements en fait une destination id\u00e9ale pour tout voyageur en qu\u00eate de confort au milieu de l\u2019une des plus belles savanes africaines. D\u00e9couvrez en plus sur le &#8230; <a title=\"Londolozi\" class=\"read-more\" href=\"https:\/\/mistersafari.com\/fr\/safari-afrique-du-sud\/lodges\/londolozi\/\" aria-label=\"En savoir plus sur Londolozi\">Lire la suite<\/a><\/p>\n","protected":false},"author":3,"featured_media":0,"parent":2849,"menu_order":1,"comment_status":"closed","ping_status":"closed","template":"","meta":{"_acf_changed":false,"footnotes":""},"content_type":[],"country":[],"class_list":{"0":"post-2853","1":"page","2":"type-page","3":"status-publish","5":"no-featured-image-padding"},"acf":{"hreflang":null},"_links":{"self":[{"href":"https:\/\/mistersafari.com\/fr\/wp-json\/wp\/v2\/pages\/2853","targetHints":{"allow":["GET"]}}],"collection":[{"href":"https:\/\/mistersafari.com\/fr\/wp-json\/wp\/v2\/pages"}],"about":[{"href":"https:\/\/mistersafari.com\/fr\/wp-json\/wp\/v2\/types\/page"}],"author":[{"embeddable":true,"href":"https:\/\/mistersafari.com\/fr\/wp-json\/wp\/v2\/users\/3"}],"replies":[{"embeddable":true,"href":"https:\/\/mistersafari.com\/fr\/wp-json\/wp\/v2\/comments?post=2853"}],"version-history":[{"count":3,"href":"https:\/\/mistersafari.com\/fr\/wp-json\/wp\/v2\/pages\/2853\/revisions"}],"predecessor-version":[{"id":3025,"href":"https:\/\/mistersafari.com\/fr\/wp-json\/wp\/v2\/pages\/2853\/revisions\/3025"}],"up":[{"embeddable":true,"href":"https:\/\/mistersafari.com\/fr\/wp-json\/wp\/v2\/pages\/2849"}],"wp:attachment":[{"href":"https:\/\/mistersafari.com\/fr\/wp-json\/wp\/v2\/media?parent=2853"}],"wp:term":[{"taxonomy":"content_type","embeddable":true,"href":"https:\/\/mistersafari.com\/fr\/wp-json\/wp\/v2\/content_type?post=2853"},{"taxonomy":"country","embeddable":true,"href":"https:\/\/mistersafari.com\/fr\/wp-json\/wp\/v2\/country?post=2853"}],"curies":[{"name":"wp","href":"https:\/\/api.w.org\/{rel}","templated":true}]}}