{"id":2851,"date":"2021-05-20T13:15:34","date_gmt":"2021-05-20T13:15:34","guid":{"rendered":"https:\/\/mistersafari.com\/fr\/safari-afrique-du-sud\/lodges-en-afrique-du-sud\/sabi-sabi\/"},"modified":"2021-05-24T13:57:16","modified_gmt":"2021-05-24T13:57:16","slug":"sabi-sabi","status":"publish","type":"page","link":"https:\/\/mistersafari.com\/fr\/safari-afrique-du-sud\/lodges\/sabi-sabi\/","title":{"rendered":"Sabi Sabi lodge"},"content":{"rendered":"\n<p>Log\u00e9 pr\u00e8s d\u2019un des plus grands et plus riches parcs animaliers du pays, le Sabi Sabi Lodge est un h\u00e9bergement au c\u0153ur d\u2019une r\u00e9serve priv\u00e9e. C\u2019est le lieu id\u00e9al pour observer les animaux sauvages lors de safaris de qualit\u00e9. Pour en savoir plus sur ce lodge, suivez notre guide.<\/p>\n\n\n<div id=\"ez-toc-container\" class=\"ez-toc-v2_0_76 counter-flat ez-toc-counter ez-toc-custom ez-toc-container-direction\">\n<div class=\"ez-toc-title-container\"><p class=\"ez-toc-title\" style=\"cursor:inherit\">Sommaire<\/p>\n<\/div><nav><ul class='ez-toc-list ez-toc-list-level-1 ' ><li class='ez-toc-page-1'><a class=\"ez-toc-link ez-toc-heading-1\" href=\"https:\/\/mistersafari.com\/fr\/safari-afrique-du-sud\/lodges\/sabi-sabi\/#pourquoi-loger-a-sabi-sabi-lodge\">Pourquoi loger \u00e0 Sabi Sabi Lodge ?<\/a><\/li><li class='ez-toc-page-1'><a class=\"ez-toc-link ez-toc-heading-2\" href=\"https:\/\/mistersafari.com\/fr\/safari-afrique-du-sud\/lodges\/sabi-sabi\/#localisation-du-sabi-sabi-lodge\">Localisation du Sabi Sabi Lodge<\/a><\/li><li class='ez-toc-page-1'><a class=\"ez-toc-link ez-toc-heading-3\" href=\"https:\/\/mistersafari.com\/fr\/safari-afrique-du-sud\/lodges\/sabi-sabi\/#equipements-du-sabi-sabi-lodge\">Equipements du Sabi Sabi Lodge<\/a><\/li><li class='ez-toc-page-1'><a class=\"ez-toc-link ez-toc-heading-4\" href=\"https:\/\/mistersafari.com\/fr\/safari-afrique-du-sud\/lodges\/sabi-sabi\/#quels-sont-les-tarifs-du-sabi-sabi-lodge\">Quels sont les tarifs du Sabi Sabi Lodge ?<\/a><\/li><li class='ez-toc-page-1'><a class=\"ez-toc-link ez-toc-heading-5\" href=\"https:\/\/mistersafari.com\/fr\/safari-afrique-du-sud\/lodges\/sabi-sabi\/#sabi-sabi-lodge-avis-clients\">Sabi Sabi Lodge : avis clients<\/a><\/li><\/ul><\/nav><\/div>\n\n\n\n\n<h2 class=\"wp-block-heading\"><span class=\"ez-toc-section\" id=\"pourquoi-loger-a-sabi-sabi-lodge\"><\/span>Pourquoi loger \u00e0 Sabi Sabi Lodge ?<span class=\"ez-toc-section-end\"><\/span><\/h2>\n\n\n\n<p>Le Sabi Sabi Lodge est situ\u00e9 dans la R\u00e9serve Sabie. C\u2019est l\u2019une des r\u00e9serves priv\u00e9es qui longent le c\u00f4t\u00e9 ouest du c\u00e9l\u00e8bre <a href=\"https:\/\/mistersafari.com\/fr\/safari-afrique-du-sud\/parcs-reserves\/parc-kruger\/\">Parc National Kruger<\/a>. Ce dernier est r\u00e9put\u00e9 pour la densit\u00e9 d\u2019<a href=\"https:\/\/mistersafari.com\/fr\/safari-afrique-du-sud\/animaux\/\">animaux<\/a> sauvages. Et gr\u00e2ce \u00e0 l\u2019absence de cl\u00f4ture entre le parc et la r\u00e9serve, les animaux peuvent se d\u00e9placer librement. Le spectacle est donc grandiose d\u00e8s les portes du Lodge Sabi Sabi, voire m\u00eame depuis votre terrasse !<\/p>\n\n\n\n<p>Vous pourrez choisir parmi quatre lodges :&nbsp;<\/p>\n\n\n\n<ul class=\"wp-block-list\"><li>Selati Camp, o\u00f9 l\u2019on remonte dans le temps, id\u00e9al pour les couples en lune de miel ;<\/li><li>Bush Lodge et Little Bush Camp, au design contemporain pour une exp\u00e9rience luxueuse ;<\/li><li>Earth Lodge, et son d\u00e9cor avant-gardiste et r\u00e9put\u00e9 mondialement pour sa conception&nbsp; et sa gestion \u00e9cologique.<\/li><\/ul>\n\n\n\n<figure class=\"wp-block-image size-large\"><picture><source srcset=\"https:\/\/mistersafari.com\/fr\/wp-content\/uploads\/sites\/2\/Sabi-Sabi-Lodge-Piscine-Prive\u0301e-1024x683.webp 1024w,https:\/\/mistersafari.com\/fr\/wp-content\/uploads\/sites\/2\/Sabi-Sabi-Lodge-Piscine-Prive\u0301e-300x200.webp 300w,https:\/\/mistersafari.com\/fr\/wp-content\/uploads\/sites\/2\/Sabi-Sabi-Lodge-Piscine-Prive\u0301e-768x512.webp 768w,https:\/\/mistersafari.com\/fr\/wp-content\/uploads\/sites\/2\/Sabi-Sabi-Lodge-Piscine-Prive\u0301e-1536x1024.webp 1536w,https:\/\/mistersafari.com\/fr\/wp-content\/uploads\/sites\/2\/Sabi-Sabi-Lodge-Piscine-Prive\u0301e.webp 1200w\" sizes=\"auto, (max-width: 1024px) 100vw, 1024px\" type=\"image\/webp\"><img src=\"https:\/\/mistersafari.com\/fr\/wp-content\/uploads\/sites\/2\/Sabi-Sabi-Lodge-Piscine-Prive\u0301e-1024x683.jpeg\" height=\"683\" width=\"1024\" srcset=\"https:\/\/mistersafari.com\/fr\/wp-content\/uploads\/sites\/2\/Sabi-Sabi-Lodge-Piscine-Prive\u0301e-1024x683.jpeg 1024w, https:\/\/mistersafari.com\/fr\/wp-content\/uploads\/sites\/2\/Sabi-Sabi-Lodge-Piscine-Prive\u0301e-300x200.jpeg 300w, https:\/\/mistersafari.com\/fr\/wp-content\/uploads\/sites\/2\/Sabi-Sabi-Lodge-Piscine-Prive\u0301e-768x512.jpeg 768w, https:\/\/mistersafari.com\/fr\/wp-content\/uploads\/sites\/2\/Sabi-Sabi-Lodge-Piscine-Prive\u0301e-1536x1024.jpeg 1536w, https:\/\/mistersafari.com\/fr\/wp-content\/uploads\/sites\/2\/Sabi-Sabi-Lodge-Piscine-Prive\u0301e.jpeg 1200w\" sizes=\"auto, (max-width: 1024px) 100vw, 1024px\" class=\"wp-image-2871 sp-no-webp\" alt=\"Sabi Sabi Lodge - Piscine Priv\u00e9e\" loading=\"lazy\" decoding=\"async\"  > <\/picture><figcaption><a href=\"https:\/\/www.sabisabi.com\/\" target=\"_blank\" aria-label=\"Source (opens in a new tab)\" rel=\"noreferrer noopener nofollow\" class=\"rank-math-link\">Source<\/a><\/figcaption><\/figure>\n\n\n\n<p>Tous offrent des h\u00e9bergements intimes, luxueux et accueillants.<\/p>\n\n\n\n<p>Le lodge est g\u00e9r\u00e9 dans une d\u00e9marche d\u2019\u00e9cotourisme, avec en ligne de mire la protection de la faune et de la flore. Les suites sont d\u00e9cor\u00e9es avec go\u00fbt, vous plongeant dans l\u2019Afrique d\u2019hier et d\u2019aujourd\u2019hui.&nbsp;<\/p>\n\n\n\n<p>Deux game drives par jour sont organis\u00e9s dans des 4&#215;4 ouverts pour une grande visibilit\u00e9. Vous \u00eates accompagn\u00e9s par un ranger et un tracker Shangaan (villages locaux). Vous pouvez aussi exp\u00e9rimenter les safaris \u00e0 pied lors d\u2019une marche dans le bush en fin de matin\u00e9e ou des safaris de nuit pour observer la faune nocturne.&nbsp;<\/p>\n\n\n\n<p><strong>Lors d\u2019un safari depuis cette R\u00e9serve, vous avez toutes les chances de pouvoir rencontrer le fameux <\/strong><a href=\"https:\/\/mistersafari.com\/fr\/safari-afrique-du-sud\/big-five\/\"><strong>Big Five<\/strong><\/a><strong> !<\/strong><\/p>\n\n\n\n<p>Mais les prestations du lodge ne s\u2019arr\u00eatent pas l\u00e0. Entre vos sorties safaris, vous avez \u00e0 disposition des piscines priv\u00e9es ou communes, un spa, une biblioth\u00e8que, des jardins, une cave \u00e0 vin, \u2026 Un centre pour enfants s\u2019occupe aussi des activit\u00e9s pour les plus petits et en fait une destination familiale par excellence.&nbsp;<\/p>\n\n\n\n<h2 class=\"wp-block-heading\"><span class=\"ez-toc-section\" id=\"localisation-du-sabi-sabi-lodge\"><\/span>Localisation du Sabi Sabi Lodge<span class=\"ez-toc-section-end\"><\/span><\/h2>\n\n\n\n<p>Le Sabi Sabi Lodge borde la limite Sud-Ouest du <a href=\"https:\/\/mistersafari.com\/fr\/safari-afrique-du-sud\/parcs-reserves\/parc-kruger\/\" class=\"rank-math-link\">Parc National Kruger<\/a>, \u00e0 l\u2019Est de l\u2019Afrique du Sud. C\u2019est le lieu exclusif pour des safaris priv\u00e9s dans la R\u00e9serve Sabie. Mais c\u2019est aussi un point de liaison id\u00e9al pour rejoindre le Parc Kruger ou l\u2019une des nombreuses autres r\u00e9serves priv\u00e9es qui l\u2019entourent.<\/p>\n\n\n\n<p>Si vous disposez de votre propre v\u00e9hicule, il faudra compter environ 5 heures de route depuis Johannesburg. En avion, le vol dure 1h depuis l\u2019A\u00e9roport International de Tambo \u00e0 Johannesburg.<\/p>\n\n\n\n<p>D\u2019autres liaisons existent vers les a\u00e9roports de Skukuza ou de Kruger Mpumalanga. Pr\u00e9voyez 1 \u00e0 2 heures de route pour rejoindre le lodge. Vous acc\u00e9derez \u00e0 la R\u00e9serve par la Shaw&rsquo;s Gate, ouverte de 5h \u00e0 22h.<\/p>\n\n\n\n<figure class=\"wp-block-image size-large\"><picture><source srcset=\"https:\/\/mistersafari.com\/fr\/wp-content\/uploads\/sites\/2\/Sabi-Sabi-Lodge-Excursion.webp 1000w,https:\/\/mistersafari.com\/fr\/wp-content\/uploads\/sites\/2\/Sabi-Sabi-Lodge-Excursion-300x200.webp 300w,https:\/\/mistersafari.com\/fr\/wp-content\/uploads\/sites\/2\/Sabi-Sabi-Lodge-Excursion-768x512.webp 768w\" sizes=\"auto, (max-width: 1000px) 100vw, 1000px\" type=\"image\/webp\"><img src=\"https:\/\/mistersafari.com\/fr\/wp-content\/uploads\/sites\/2\/Sabi-Sabi-Lodge-Excursion.jpeg\" height=\"667\" width=\"1000\" srcset=\"https:\/\/mistersafari.com\/fr\/wp-content\/uploads\/sites\/2\/Sabi-Sabi-Lodge-Excursion.jpeg 1000w, https:\/\/mistersafari.com\/fr\/wp-content\/uploads\/sites\/2\/Sabi-Sabi-Lodge-Excursion-300x200.jpeg 300w, https:\/\/mistersafari.com\/fr\/wp-content\/uploads\/sites\/2\/Sabi-Sabi-Lodge-Excursion-768x512.jpeg 768w\" sizes=\"auto, (max-width: 1000px) 100vw, 1000px\" class=\"wp-image-2872 sp-no-webp\" alt=\"Sabi Sabi Lodge - Excursion\" loading=\"lazy\" decoding=\"async\"  > <\/picture><figcaption><a href=\"https:\/\/www.sabisabi.com\/\" target=\"_blank\" aria-label=\"Source (opens in a new tab)\" rel=\"noreferrer noopener nofollow\" class=\"rank-math-link\">Source<\/a><\/figcaption><\/figure>\n\n\n\n<h2 class=\"wp-block-heading\"><span class=\"ez-toc-section\" id=\"equipements-du-sabi-sabi-lodge\"><\/span>Equipements du Sabi Sabi Lodge<span class=\"ez-toc-section-end\"><\/span><\/h2>\n\n\n\n<figure class=\"wp-block-table\"><table class=\"has-fixed-layout\"><thead><tr><th class=\"has-text-align-center\" data-align=\"center\">Equipement<\/th><th class=\"has-text-align-center\" data-align=\"center\">Oui\/Non<\/th><\/tr><\/thead><tbody><tr><td class=\"has-text-align-center\" data-align=\"center\">Wifi<\/td><td class=\"has-text-align-center\" data-align=\"center\">Oui<\/td><\/tr><tr><td class=\"has-text-align-center\" data-align=\"center\">Climatisation<\/td><td class=\"has-text-align-center\" data-align=\"center\">Oui<\/td><\/tr><tr><td class=\"has-text-align-center\" data-align=\"center\">Ventilateur<\/td><td class=\"has-text-align-center\" data-align=\"center\">Oui<\/td><\/tr><tr><td class=\"has-text-align-center\" data-align=\"center\">Parking<\/td><td class=\"has-text-align-center\" data-align=\"center\">Oui<\/td><\/tr><tr><td class=\"has-text-align-center\" data-align=\"center\">Restaurant<\/td><td class=\"has-text-align-center\" data-align=\"center\">Oui<\/td><\/tr><tr><td class=\"has-text-align-center\" data-align=\"center\">Bar<\/td><td class=\"has-text-align-center\" data-align=\"center\">Oui<\/td><\/tr><tr><td class=\"has-text-align-center\" data-align=\"center\">Room service<\/td><td class=\"has-text-align-center\" data-align=\"center\">Oui<\/td><\/tr><tr><td class=\"has-text-align-center\" data-align=\"center\">Balcon\/terrasse priv\u00e9<\/td><td class=\"has-text-align-center\" data-align=\"center\">Oui<\/td><\/tr><tr><td class=\"has-text-align-center\" data-align=\"center\">Pressing<\/td><td class=\"has-text-align-center\" data-align=\"center\">Oui<\/td><\/tr><tr><td class=\"has-text-align-center\" data-align=\"center\">Massage<\/td><td class=\"has-text-align-center\" data-align=\"center\">Oui<\/td><\/tr><tr><td class=\"has-text-align-center\" data-align=\"center\">Piscine<\/td><td class=\"has-text-align-center\" data-align=\"center\">Oui<\/td><\/tr><tr><td class=\"has-text-align-center\" data-align=\"center\">S\u00e9curit\u00e9<\/td><td class=\"has-text-align-center\" data-align=\"center\">Oui<\/td><\/tr><tr><td class=\"has-text-align-center\" data-align=\"center\">Navette a\u00e9roport<\/td><td class=\"has-text-align-center\" data-align=\"center\">Oui<\/td><\/tr><\/tbody><\/table><figcaption>Equipements du Sabi Sabi Lodge<\/figcaption><\/figure>\n\n\n\n<h2 class=\"wp-block-heading\"><span class=\"ez-toc-section\" id=\"quels-sont-les-tarifs-du-sabi-sabi-lodge\"><\/span>Quels sont les tarifs du Sabi Sabi Lodge ?<span class=\"ez-toc-section-end\"><\/span><\/h2>\n\n\n\n<p>Les tarifs 2021 du Sabi Sabi Lodge sont les suivants :<\/p>\n\n\n\n<figure class=\"wp-block-table\"><table class=\"has-fixed-layout\"><thead><tr><th class=\"has-text-align-center\" data-align=\"center\">Type de chambre<\/th><th class=\"has-text-align-center\" data-align=\"center\">Prestations<\/th><th class=\"has-text-align-center\" data-align=\"center\">Tarif journalier (\u00e0 partir de)<\/th><\/tr><\/thead><tbody><tr><td class=\"has-text-align-center\" data-align=\"center\">Bush lodge<\/td><td class=\"has-text-align-center\" data-align=\"center\">All inclusive<\/td><td class=\"has-text-align-center\" data-align=\"center\">R 16 000<\/td><\/tr><tr><td class=\"has-text-align-center\" data-align=\"center\">Little Bush camp<\/td><td class=\"has-text-align-center\" data-align=\"center\">All inclusive<\/td><td class=\"has-text-align-center\" data-align=\"center\">R 17 000<\/td><\/tr><tr><td class=\"has-text-align-center\" data-align=\"center\">Selati camp<\/td><td class=\"has-text-align-center\" data-align=\"center\">All inclusive<\/td><td class=\"has-text-align-center\" data-align=\"center\">R 17 000<\/td><\/tr><tr><td class=\"has-text-align-center\" data-align=\"center\">Earth lodge<\/td><td class=\"has-text-align-center\" data-align=\"center\">All inclusive<\/td><td class=\"has-text-align-center\" data-align=\"center\">R 24 000<\/td><\/tr><\/tbody><\/table><figcaption>Tarifs du Sabi Sabi Lodge<\/figcaption><\/figure>\n\n\n\n<p>Vous devrez aussi payer un prix d\u2019entr\u00e9e pour acc\u00e9der \u00e0 la R\u00e9serve. Il s\u2019\u00e9l\u00e8ve \u00e0 R 220\/personne\/nuit.<\/p>\n\n\n\n<p>Bush Lodge, Selati Camp et Earth Lodge disposent de suites sup\u00e9rieures incluant des prestations exclusives les plus luxueuses, dont des safaris privatis\u00e9s.<\/p>\n\n\n\n<figure class=\"wp-block-image size-large\"><picture><source srcset=\"https:\/\/mistersafari.com\/fr\/wp-content\/uploads\/sites\/2\/Sabi-Sabi-Lodge-Chambre-1024x684.webp 1024w,https:\/\/mistersafari.com\/fr\/wp-content\/uploads\/sites\/2\/Sabi-Sabi-Lodge-Chambre-300x200.webp 300w,https:\/\/mistersafari.com\/fr\/wp-content\/uploads\/sites\/2\/Sabi-Sabi-Lodge-Chambre-768x513.webp 768w,https:\/\/mistersafari.com\/fr\/wp-content\/uploads\/sites\/2\/Sabi-Sabi-Lodge-Chambre.webp 1200w\" sizes=\"auto, (max-width: 1024px) 100vw, 1024px\" type=\"image\/webp\"><img src=\"https:\/\/mistersafari.com\/fr\/wp-content\/uploads\/sites\/2\/Sabi-Sabi-Lodge-Chambre-1024x684.jpeg\" height=\"684\" width=\"1024\" srcset=\"https:\/\/mistersafari.com\/fr\/wp-content\/uploads\/sites\/2\/Sabi-Sabi-Lodge-Chambre-1024x684.jpeg 1024w, https:\/\/mistersafari.com\/fr\/wp-content\/uploads\/sites\/2\/Sabi-Sabi-Lodge-Chambre-300x200.jpeg 300w, https:\/\/mistersafari.com\/fr\/wp-content\/uploads\/sites\/2\/Sabi-Sabi-Lodge-Chambre-768x513.jpeg 768w, https:\/\/mistersafari.com\/fr\/wp-content\/uploads\/sites\/2\/Sabi-Sabi-Lodge-Chambre.jpeg 1200w\" sizes=\"auto, (max-width: 1024px) 100vw, 1024px\" class=\"wp-image-2873 sp-no-webp\" alt=\"Sabi Sabi Lodge - Chambre\" loading=\"lazy\" decoding=\"async\"  > <\/picture><figcaption><a href=\"https:\/\/www.sabisabi.com\/\" target=\"_blank\" aria-label=\"Source (opens in a new tab)\" rel=\"noreferrer noopener nofollow\" class=\"rank-math-link\">Source<\/a><\/figcaption><\/figure>\n\n\n\n<h2 class=\"wp-block-heading\"><span class=\"ez-toc-section\" id=\"sabi-sabi-lodge-avis-clients\"><\/span>Sabi Sabi Lodge : avis clients<span class=\"ez-toc-section-end\"><\/span><\/h2>\n\n\n\n<p>Au moment de la r\u00e9daction de cet avis, les lodges du Sabi Sabi obtiennent tous la note de 5\/5 sur TripAdvisor gr\u00e2ce \u00e0 :<\/p>\n\n\n\n<ul class=\"wp-block-list\"><li>687 avis pour le Bush Lodge ;<\/li><li>387 avis pour le Earth Lodge ;<\/li><li>308 avis pour le Selati Camp ;<\/li><li>350 avis pour le Little Bush Camp.<\/li><\/ul>\n\n\n\n<p>Les avis des clients sont tr\u00e8s \u00e9logieux, aussi bien concernant les logements que les sorties game drives. Les suites et villas sont spacieuses, propres, confortables et poss\u00e8dent tout ce dont vous pourriez avoir besoin. Le personnel est aux petits soins et s&rsquo;attache \u00e0 rendre votre s\u00e9jour parfait. La restauration semble ravir les voyageurs, avec des menus dignes d\u2019un restaurant \u00e9toil\u00e9.<\/p>\n","protected":false},"excerpt":{"rendered":"<p>Log\u00e9 pr\u00e8s d\u2019un des plus grands et plus riches parcs animaliers du pays, le Sabi Sabi Lodge est un h\u00e9bergement au c\u0153ur d\u2019une r\u00e9serve priv\u00e9e. C\u2019est le lieu id\u00e9al pour observer les animaux sauvages lors de safaris de qualit\u00e9. Pour en savoir plus sur ce lodge, suivez notre guide. Pourquoi loger \u00e0 Sabi Sabi Lodge &#8230; <a title=\"Sabi Sabi lodge\" class=\"read-more\" href=\"https:\/\/mistersafari.com\/fr\/safari-afrique-du-sud\/lodges\/sabi-sabi\/\" aria-label=\"En savoir plus sur Sabi Sabi lodge\">Lire la suite<\/a><\/p>\n","protected":false},"author":3,"featured_media":0,"parent":2849,"menu_order":0,"comment_status":"closed","ping_status":"closed","template":"","meta":{"_acf_changed":false,"footnotes":""},"content_type":[],"country":[],"class_list":{"0":"post-2851","1":"page","2":"type-page","3":"status-publish","5":"no-featured-image-padding"},"acf":{"hreflang":null},"_links":{"self":[{"href":"https:\/\/mistersafari.com\/fr\/wp-json\/wp\/v2\/pages\/2851","targetHints":{"allow":["GET"]}}],"collection":[{"href":"https:\/\/mistersafari.com\/fr\/wp-json\/wp\/v2\/pages"}],"about":[{"href":"https:\/\/mistersafari.com\/fr\/wp-json\/wp\/v2\/types\/page"}],"author":[{"embeddable":true,"href":"https:\/\/mistersafari.com\/fr\/wp-json\/wp\/v2\/users\/3"}],"replies":[{"embeddable":true,"href":"https:\/\/mistersafari.com\/fr\/wp-json\/wp\/v2\/comments?post=2851"}],"version-history":[{"count":8,"href":"https:\/\/mistersafari.com\/fr\/wp-json\/wp\/v2\/pages\/2851\/revisions"}],"predecessor-version":[{"id":2875,"href":"https:\/\/mistersafari.com\/fr\/wp-json\/wp\/v2\/pages\/2851\/revisions\/2875"}],"up":[{"embeddable":true,"href":"https:\/\/mistersafari.com\/fr\/wp-json\/wp\/v2\/pages\/2849"}],"wp:attachment":[{"href":"https:\/\/mistersafari.com\/fr\/wp-json\/wp\/v2\/media?parent=2851"}],"wp:term":[{"taxonomy":"content_type","embeddable":true,"href":"https:\/\/mistersafari.com\/fr\/wp-json\/wp\/v2\/content_type?post=2851"},{"taxonomy":"country","embeddable":true,"href":"https:\/\/mistersafari.com\/fr\/wp-json\/wp\/v2\/country?post=2851"}],"curies":[{"name":"wp","href":"https:\/\/api.w.org\/{rel}","templated":true}]}}