{"id":2824,"date":"2021-05-20T08:01:36","date_gmt":"2021-05-20T08:01:36","guid":{"rendered":"https:\/\/mistersafari.com\/fr\/?page_id=2824"},"modified":"2021-09-06T16:10:10","modified_gmt":"2021-09-06T16:10:10","slug":"safari-zimbabwe","status":"publish","type":"page","link":"https:\/\/mistersafari.com\/fr\/safari-zimbabwe\/","title":{"rendered":"Safari au Zimbabwe"},"content":{"rendered":"\n<p>Souvent \u00e9cart\u00e9 des circuits safaris en Afrique, le Zimbabwe a pourtant tout pour plaire : des paysages magnifiques, une faune particuli\u00e8rement dense, une population tr\u00e8s accueillante, \u2026 Retrouvez dans ce guide toutes les raisons d\u2019aller au Zimbabwe pour un safari et nos conseils pour organiser votre voyage.<\/p>\n\n\n\n<h2 class=\"wp-block-heading\">Safari au Zimbabwe : les raisons du succ\u00e8s<\/h2>\n\n\n\n<h3 class=\"wp-block-heading\">Les animaux<\/h3>\n\n\n\n<p>Au c\u0153ur de l\u2019Afrique australe, le Zimbabwe regorge d\u2019une faune sauvage dense. On y retrouve tous les animaux typiques de la savane africaine.&nbsp;<\/p>\n\n\n\n<p>Bien \u00e9videmment, le Big Five est pr\u00e9sent dans tout le pays et facilement observable : les pr\u00e9dateurs, comme les lions et les l\u00e9opards, mais aussi les \u00e9l\u00e9phants, les buffles et les rhinoc\u00e9ros. \u00c0 leurs c\u00f4t\u00e9s, le pays abrite de nombreux autres animaux, des plus embl\u00e9matiques aux plus rares :<\/p>\n\n\n\n<ul class=\"wp-block-list\"><li>girafe ;<\/li><li>z\u00e8bre ;<\/li><li>gu\u00e9pard ;<\/li><li>hippopotame ;<\/li><li>crocodiles ;<\/li><li>gnou ;<\/li><li>antilope ;<\/li><li>\u00e9land ;<\/li><li>hy\u00e8ne ;<\/li><li>phacoch\u00e8re ;<\/li><li>impala ;<\/li><li>koudou ;<\/li><li>chacal ;<\/li><li>lycaon ;<\/li><li>\u2026<\/li><\/ul>\n\n\n\n<p>Les quelques for\u00eats, la savane bois\u00e9e mais surtout ses lacs font du Zimbabwe un lieu d\u2019habitat privil\u00e9gi\u00e9 pour une centaine d\u2019esp\u00e8ces d\u2019oiseaux. Enfin, les primates tels que le galago, le vervet ou le colobe arpentent le pays.<\/p>\n\n\n\n<h3 class=\"wp-block-heading\">Les parcs et les r\u00e9serves<\/h3>\n\n\n\n<p>12 % du territoire du Zimbabwe sont des aires prot\u00e9g\u00e9es. On d\u00e9nombre une dizaine de parcs nationaux et de nombreuses r\u00e9serves priv\u00e9es. L\u2019un des principaux atouts du Zimbabwe est sa tranquillit\u00e9. C\u2019est l\u2019assurance d\u2019un safari paisible, loin de la foule.<\/p>\n\n\n\n<p>Le plus c\u00e9l\u00e8bre parc national du Zimbabwe est le Parc National d\u2019Hwange, situ\u00e9 \u00e0 l\u2019ouest du pays \u00e0 la fronti\u00e8re avec le Botswana. C\u2019est l\u2019un des plus grands parcs animaliers d\u2019Afrique. Un safari dans le Parc National d\u2019Hwange est la garantie de rencontrer les animaux d\u2019Afrique les plus embl\u00e9matiques. La faune est en effet particuli\u00e8rement dense et les paysages varient selon les endroits du parc pour offrir un spectacle grandiose.<\/p>\n\n\n\n<div class=\"wp-block-image\"><figure class=\"aligncenter size-large\"><picture><source srcset=\"https:\/\/mistersafari.com\/fr\/wp-content\/uploads\/sites\/2\/Safari-au-Zimbabwe-Hwange-National-Park-1024x683.webp 1024w,https:\/\/mistersafari.com\/fr\/wp-content\/uploads\/sites\/2\/Safari-au-Zimbabwe-Hwange-National-Park-300x200.webp 300w,https:\/\/mistersafari.com\/fr\/wp-content\/uploads\/sites\/2\/Safari-au-Zimbabwe-Hwange-National-Park-768x512.webp 768w,https:\/\/mistersafari.com\/fr\/wp-content\/uploads\/sites\/2\/Safari-au-Zimbabwe-Hwange-National-Park-1536x1024.webp 1536w,https:\/\/mistersafari.com\/fr\/wp-content\/uploads\/sites\/2\/Safari-au-Zimbabwe-Hwange-National-Park-2048x1365.webp 2048w,https:\/\/mistersafari.com\/fr\/wp-content\/uploads\/sites\/2\/Safari-au-Zimbabwe-Hwange-National-Park-scaled.webp 1200w\" sizes=\"auto, (max-width: 1024px) 100vw, 1024px\" type=\"image\/webp\"><img src=\"https:\/\/mistersafari.com\/fr\/wp-content\/uploads\/sites\/2\/Safari-au-Zimbabwe-Hwange-National-Park-1024x683.jpg\" height=\"683\" width=\"1024\" srcset=\"https:\/\/mistersafari.com\/fr\/wp-content\/uploads\/sites\/2\/Safari-au-Zimbabwe-Hwange-National-Park-1024x683.jpg 1024w, https:\/\/mistersafari.com\/fr\/wp-content\/uploads\/sites\/2\/Safari-au-Zimbabwe-Hwange-National-Park-300x200.jpg 300w, https:\/\/mistersafari.com\/fr\/wp-content\/uploads\/sites\/2\/Safari-au-Zimbabwe-Hwange-National-Park-768x512.jpg 768w, https:\/\/mistersafari.com\/fr\/wp-content\/uploads\/sites\/2\/Safari-au-Zimbabwe-Hwange-National-Park-1536x1024.jpg 1536w, https:\/\/mistersafari.com\/fr\/wp-content\/uploads\/sites\/2\/Safari-au-Zimbabwe-Hwange-National-Park-2048x1365.jpg 2048w, https:\/\/mistersafari.com\/fr\/wp-content\/uploads\/sites\/2\/Safari-au-Zimbabwe-Hwange-National-Park-scaled.jpg 1200w\" sizes=\"auto, (max-width: 1024px) 100vw, 1024px\" class=\"wp-image-2831 sp-no-webp\" alt=\"Safari au Zimbabwe - Hwange National Park\" loading=\"lazy\" decoding=\"async\"  > <\/picture><\/figure><\/div>\n\n\n\n<p>Vient ensuite le Parc National de Mana Pools. Avec ses nombreux points d\u2019eau (le fleuve Zamb\u00e8ze et des lacs), vous pourrez notamment y r\u00e9aliser des safaris en cano\u00eb. Le lycaon, animal rare, y est pr\u00e9sent.<\/p>\n\n\n\n<p>Pour voir de larges troupeaux d\u2019\u00e9l\u00e9phants, de buffles et de lions, rendez-vous au bord du Lac Kariba dans le Parc National de Matusadona.<\/p>\n\n\n\n<p>Les amoureux des rhinoc\u00e9ros se rendront dans le Parc National de Matobo o\u00f9 vous pourrez r\u00e9aliser des safaris \u00e0 pied.<\/p>\n\n\n\n<p>Le Zimbabwe est r\u00e9put\u00e9 pour avoir les meilleurs guides de safari. Longuement form\u00e9s, passionn\u00e9s et particuli\u00e8rement accueillants, ils contribuent \u00e0 rendre votre safari au Zimbabwe inoubliable !<\/p>\n\n\n\n<h3 class=\"wp-block-heading\">Les circuits<\/h3>\n\n\n\n<p>Les safaris au Zimbabwe sont g\u00e9n\u00e9ralement organis\u00e9s sous la forme d\u2019un circuit qui permet de d\u00e9couvrir les nombreuses facettes du pays. En visitant plusieurs parcs et r\u00e9serves du Zimbabwe, vous optimisez vos chances de rencontrer une riche vari\u00e9t\u00e9 d\u2019animaux.<\/p>\n\n\n\n<p>Certains voyageurs choisissent aussi de combiner un safari au Zimbabwe avec d\u2019autres pays voisins : le <a href=\"https:\/\/mistersafari.com\/fr\/safari-botswana\/\">Botswana<\/a>, l&rsquo;<a href=\"https:\/\/mistersafari.com\/fr\/safari-afrique-du-sud\/\">Afrique du Sud<\/a>, le <a href=\"https:\/\/mistersafari.com\/fr\/safari-mozambique\/\">Mozambique<\/a>, le <a href=\"https:\/\/mistersafari.com\/fr\/safari-malawi\/\">Malawi<\/a> ou encore la Zambie.<\/p>\n\n\n\n<h3 class=\"wp-block-heading\">Un safari au Zimbabwe\u2026 Et quoi d\u2019autre sur place ?<\/h3>\n\n\n\n<p><strong>L\u2019incontournable du Zimbabwe, c\u2019est aussi bien \u00e9videmment les Victoria Falls.<\/strong><\/p>\n\n\n\n<p>Situ\u00e9es au nord-ouest du pays \u00e0 la fronti\u00e8re avec la Zambie, ces chutes impressionnantes tombent d\u2019une hauteur de plus de 100 m\u00e8tres dans le fleuve Zamb\u00e8ze. Faisant partie des plus importantes chutes du monde et class\u00e9es parmi les 7 Merveilles du monde, il est possible d\u2019y r\u00e9aliser de nombreuses activit\u00e9s : survol en h\u00e9licopt\u00e8re, safari en cano\u00eb, rafting, tyrolienne, baignade, ap\u00e9ritif sur un bateau, \u2026<\/p>\n\n\n\n<div class=\"wp-block-image\"><figure class=\"aligncenter size-large\"><picture><source srcset=\"https:\/\/mistersafari.com\/fr\/wp-content\/uploads\/sites\/2\/Safari-au-Zimbabwe-Victoria-Falls-1024x683.webp 1024w,https:\/\/mistersafari.com\/fr\/wp-content\/uploads\/sites\/2\/Safari-au-Zimbabwe-Victoria-Falls-300x200.webp 300w,https:\/\/mistersafari.com\/fr\/wp-content\/uploads\/sites\/2\/Safari-au-Zimbabwe-Victoria-Falls-768x512.webp 768w,https:\/\/mistersafari.com\/fr\/wp-content\/uploads\/sites\/2\/Safari-au-Zimbabwe-Victoria-Falls-1536x1025.webp 1536w,https:\/\/mistersafari.com\/fr\/wp-content\/uploads\/sites\/2\/Safari-au-Zimbabwe-Victoria-Falls-2048x1366.webp 2048w,https:\/\/mistersafari.com\/fr\/wp-content\/uploads\/sites\/2\/Safari-au-Zimbabwe-Victoria-Falls-scaled.webp 1200w\" sizes=\"auto, (max-width: 1024px) 100vw, 1024px\" type=\"image\/webp\"><img src=\"https:\/\/mistersafari.com\/fr\/wp-content\/uploads\/sites\/2\/Safari-au-Zimbabwe-Victoria-Falls-1024x683.jpg\" height=\"683\" width=\"1024\" srcset=\"https:\/\/mistersafari.com\/fr\/wp-content\/uploads\/sites\/2\/Safari-au-Zimbabwe-Victoria-Falls-1024x683.jpg 1024w, https:\/\/mistersafari.com\/fr\/wp-content\/uploads\/sites\/2\/Safari-au-Zimbabwe-Victoria-Falls-300x200.jpg 300w, https:\/\/mistersafari.com\/fr\/wp-content\/uploads\/sites\/2\/Safari-au-Zimbabwe-Victoria-Falls-768x512.jpg 768w, https:\/\/mistersafari.com\/fr\/wp-content\/uploads\/sites\/2\/Safari-au-Zimbabwe-Victoria-Falls-1536x1025.jpg 1536w, https:\/\/mistersafari.com\/fr\/wp-content\/uploads\/sites\/2\/Safari-au-Zimbabwe-Victoria-Falls-2048x1366.jpg 2048w, https:\/\/mistersafari.com\/fr\/wp-content\/uploads\/sites\/2\/Safari-au-Zimbabwe-Victoria-Falls-scaled.jpg 1200w\" sizes=\"auto, (max-width: 1024px) 100vw, 1024px\" class=\"wp-image-2830 sp-no-webp\" alt=\"Safari au Zimbabwe - Victoria Falls\" loading=\"lazy\" decoding=\"async\"  > <\/picture><\/figure><\/div>\n\n\n\n<p>Plongez dans l\u2019histoire du Zimbabwe avec les peintures rupestres de Matobo ou encore les ruines de Great Zimbabwe.<\/p>\n\n\n\n<p>Vous pourrez aussi visiter les villes du pays : Harare, la capitale, et ses nombreux parcs, jardins et mus\u00e9es, Bulawayo et son architecture ou encore Khami, class\u00e9e \u00e0 l\u2019UNESCO.<\/p>\n\n\n\n<p>Enfin, le Lac Kariba est un lac artificiel de plus de 5000 km2 \u00e0 la fronti\u00e8re avec la Zambie.<\/p>\n\n\n\n<h2 class=\"wp-block-heading\">Quand partir pour un safari au Zimbabwe ?<\/h2>\n\n\n\n<p>Pendant l\u2019hiver austral, le pays conna\u00eet une saison s\u00e8che qui court d&rsquo;avril \u00e0 octobre. Les temp\u00e9ratures sont agr\u00e9ables, les pluies quasiment absentes : c\u2019est la meilleure p\u00e9riode pour un safari au Zimbabwe. Les nuits sont fra\u00eeches.<\/p>\n\n\n\n<p><em>Le d\u00e9but de l\u2019hiver (avril et mai) est particuli\u00e8rement int\u00e9ressant pour aller voir <a href=\"https:\/\/mistersafari.com\/fr\/safari-zimbabwe\/parcs-reserves\/parc-national-chutes-victoria\/\" data-type=\"page\" data-id=\"3817\">les Chutes Victoria<\/a> qui sont alors \u00e0 leur plein.<\/em><\/p>\n\n\n\n<p>Les derniers mois de la saison s\u00e8che sont souvent tr\u00e8s chauds, surtout en octobre. La saison des pluies a lieu de novembre \u00e0 mars. Le climat est chaud, lourd et humide avec de fortes pluies et des orages.<\/p>\n\n\n\n<h2 class=\"wp-block-heading\">Safari au Zimbabwe : quel budget ?<\/h2>\n\n\n\n<p>Peu touristique, largement influenc\u00e9 par le dollar am\u00e9ricain et d\u00e9pendant de l\u2019importation pour de nombreux produits, le co\u00fbt d\u2019un safari au Zimbabwe est plut\u00f4t \u00e9lev\u00e9, compar\u00e9 \u00e0 d\u2019autres pays voisins. Le budget d\u2019un safari au Zimbabwe va d\u00e9pendre :<\/p>\n\n\n\n<ul class=\"wp-block-list\"><li>de la p\u00e9riode et la dur\u00e9e du voyage ;<\/li><li>du nombre de voyageurs ;<\/li><li>du type d\u2019h\u00e9bergement et des moyens de transport sur place ;<\/li><li>des parcs visit\u00e9s et des autres activit\u00e9s ;<\/li><li>du type d\u2019organisation : seul, en groupe, avec un guide priv\u00e9, \u2026<\/li><\/ul>\n\n\n\n<p>Heureusement, quelques astuces existent pour faire des \u00e9conomies. Les vols directs vers le Zimbabwe sont assez chers, mais vous pouvez assez facilement rejoindre le pays en passant par l\u2019Afrique du Sud ou encore le Botswana. Le large choix d\u2019h\u00e9bergements permet aussi de se loger en fonction de son budget. Enfin, pensez \u00e0 d\u00e9buter les pr\u00e9paratifs de votre voyage suffisamment longtemps \u00e0 l\u2019avance pour avoir le temps de comparer toutes les options.<\/p>\n\n\n\n<h2 class=\"wp-block-heading\">Organiser son safari au Zimbabwe<\/h2>\n\n\n\n<h3 class=\"wp-block-heading\">Les diff\u00e9rentes options<\/h3>\n\n\n\n<h4 class=\"wp-block-heading\">Organiser seul son safari au Zimbabwe<\/h4>\n\n\n\n<p>Organiser un safari au Zimbabwe seul est possible, que vous soyez novice en safari ou un voyageur d\u00e9j\u00e0 aguerri. Vous pourrez ainsi r\u00e9aliser un voyage unique en fonction de vos propres envies.&nbsp;<\/p>\n\n\n\n<p>\u00c9tant un pays peu touristique, la principale difficult\u00e9 va \u00eatre de rassembler toutes les informations n\u00e9cessaires et acc\u00e9der aux diff\u00e9rents prestataires depuis la France. Les safaris sont des voyages atypiques qui requi\u00e8rent malgr\u00e9 tout une grande organisation et id\u00e9alement une connaissance de l\u2019Afrique. Notre conseil est donc de vous y prendre suffisamment t\u00f4t pour disposer du temps n\u00e9cessaire \u00e0 la pr\u00e9paration d\u2019un tel p\u00e9riple.<\/p>\n\n\n\n<div class=\"wp-block-image\"><figure class=\"aligncenter size-large\"><picture><source srcset=\"https:\/\/mistersafari.com\/fr\/wp-content\/uploads\/sites\/2\/Safari-au-Zimbabwe-Lion-1024x768.webp 1024w,https:\/\/mistersafari.com\/fr\/wp-content\/uploads\/sites\/2\/Safari-au-Zimbabwe-Lion-300x225.webp 300w,https:\/\/mistersafari.com\/fr\/wp-content\/uploads\/sites\/2\/Safari-au-Zimbabwe-Lion-768x576.webp 768w,https:\/\/mistersafari.com\/fr\/wp-content\/uploads\/sites\/2\/Safari-au-Zimbabwe-Lion-1536x1152.webp 1536w,https:\/\/mistersafari.com\/fr\/wp-content\/uploads\/sites\/2\/Safari-au-Zimbabwe-Lion-2048x1536.webp 2048w,https:\/\/mistersafari.com\/fr\/wp-content\/uploads\/sites\/2\/Safari-au-Zimbabwe-Lion-scaled.webp 1200w\" sizes=\"auto, (max-width: 1024px) 100vw, 1024px\" type=\"image\/webp\"><img src=\"https:\/\/mistersafari.com\/fr\/wp-content\/uploads\/sites\/2\/Safari-au-Zimbabwe-Lion-1024x768.jpg\" height=\"768\" width=\"1024\" srcset=\"https:\/\/mistersafari.com\/fr\/wp-content\/uploads\/sites\/2\/Safari-au-Zimbabwe-Lion-1024x768.jpg 1024w, https:\/\/mistersafari.com\/fr\/wp-content\/uploads\/sites\/2\/Safari-au-Zimbabwe-Lion-300x225.jpg 300w, https:\/\/mistersafari.com\/fr\/wp-content\/uploads\/sites\/2\/Safari-au-Zimbabwe-Lion-768x576.jpg 768w, https:\/\/mistersafari.com\/fr\/wp-content\/uploads\/sites\/2\/Safari-au-Zimbabwe-Lion-1536x1152.jpg 1536w, https:\/\/mistersafari.com\/fr\/wp-content\/uploads\/sites\/2\/Safari-au-Zimbabwe-Lion-2048x1536.jpg 2048w, https:\/\/mistersafari.com\/fr\/wp-content\/uploads\/sites\/2\/Safari-au-Zimbabwe-Lion-scaled.jpg 1200w\" sizes=\"auto, (max-width: 1024px) 100vw, 1024px\" class=\"wp-image-2829 sp-no-webp\" alt=\"Safari au Zimbabwe - Lion\" loading=\"lazy\" decoding=\"async\"  > <\/picture><\/figure><\/div>\n\n\n\n<h4 class=\"wp-block-heading\">Les tour-op\u00e9rateurs \u00ab classiques \u00bb<\/h4>\n\n\n\n<p>Pour gagner du temps et \u00e9viter le stress de l\u2019organisation de ce type de voyage, la plupart des tour-op\u00e9rateurs proposent des safaris cl\u00e9 en main pour lesquels le p\u00e9riple est organis\u00e9 et g\u00e9r\u00e9 de A \u00e0 Z : vols, h\u00e9bergements, transports, visites et activit\u00e9s, \u2026 Quelques points d\u2019attention sont \u00e0 relever : vous ferez s\u00fbrement partie d\u2019un groupe et vous ne pourrez pas modifier certains \u00e9l\u00e9ments du voyage.<\/p>\n\n\n\n<h4 class=\"wp-block-heading\">Les agences de voyages d\u00e9di\u00e9es aux safaris<\/h4>\n\n\n\n<p>Derni\u00e8re option et celle que nous privil\u00e9gions : certaines agences de voyages sont sp\u00e9cialis\u00e9es dans l\u2019organisation de safaris au Zimbabwe ou plus g\u00e9n\u00e9ralement en Afrique. Les voyages sont sur-mesure, en fonction de votre budget et de vos envies, et surtout de grande qualit\u00e9. Gr\u00e2ce \u00e0 leur r\u00e9seau de partenaires sur place, vous acc\u00e9dez \u00e0 des prestations exclusives et uniques. \u00c9videmment, le co\u00fbt est g\u00e9n\u00e9ralement un peu plus \u00e9lev\u00e9, mais le jeu en vaut la chandelle pour un tel voyage !<\/p>\n\n\n\n<h3 class=\"wp-block-heading\">Les logements<\/h3>\n\n\n\n<p>Le Zimbabwe dispose d\u2019un large choix de logements, pas forc\u00e9ment en nombre mais surtout en type :<\/p>\n\n\n\n<ul class=\"wp-block-list\"><li>de nombreux campings dans chacun des parcs nationaux, avec des niveaux de gamme vari\u00e9s ;<\/li><li>quelques auberges de jeunesse dans les villes ;<\/li><li>des camps de chalets, bungalows ou cottages en self-catering ;<\/li><li>des lodges et des safaris camps, les logements typiques du safari.<\/li><\/ul>\n\n\n\n<p>Certains h\u00e9bergements disposent d\u2019un confort assez rudimentaire, avec des tarifs adapt\u00e9s aux petits budgets. D\u2019autres, au contraire, proposent des infrastructures et un service tr\u00e8s luxueux.<\/p>\n\n\n\n<h2 class=\"wp-block-heading\">Pr\u00e9parer son safari au Zimbabwe<\/h2>\n\n\n\n<h3 class=\"wp-block-heading\">Les formalit\u00e9s d\u2019entr\u00e9e<\/h3>\n\n\n\n<p>\u00c0 votre arriv\u00e9e au Zimbabwe, vous devez pr\u00e9senter un passeport valide au moins 6 mois apr\u00e8s la date de fin du s\u00e9jour.<\/p>\n\n\n\n<p>Un visa est aussi n\u00e9cessaire. Il est valide pour une p\u00e9riode de 90 jours. Vous pouvez en faire la demande en ligne sur le site du gouvernement zimbabw\u00e9en ou lors de votre arriv\u00e9e par l\u2019un des points d\u2019entr\u00e9e officiels du pays. Il co\u00fbte 30$ pour un visa une entr\u00e9e, payable en esp\u00e8ces avec l\u2019appoint.<\/p>\n\n\n\n<h3 class=\"wp-block-heading\">La sant\u00e9<\/h3>\n\n\n\n<p>Concernant l\u2019hygi\u00e8ne et la sant\u00e9 au Zimbabwe, certaines pr\u00e9cautions sont \u00e0 prendre.<\/p>\n\n\n\n<p>L\u2019<a href=\"https:\/\/www.pasteur.fr\/fr\/centre-medical\/preparer-son-voyage\/zimbabwe\" target=\"_blank\" aria-label=\" (opens in a new tab)\" rel=\"noreferrer noopener\" class=\"rank-math-link\">Institut Pasteur<\/a> recommande d\u2019\u00eatre \u00e0 jour de son carnet vaccinal : dipht\u00e9rie, t\u00e9tanos, coqueluche, poliomy\u00e9lite, h\u00e9patites A et B, typho\u00efde, rage et m\u00e9ningites. Si vous arrivez d\u2019un <a class=\"rank-math-link\" href=\"https:\/\/www.who.int\/ith\/chapters\/ithcountrylistFR.pdf\" target=\"_blank\" rel=\"noopener\">pays o\u00f9 la fi\u00e8vre jaune est end\u00e9mique<\/a>, vous devrez aussi fournir un certificat de vaccination contre la fi\u00e8vre jaune.&nbsp;<\/p>\n\n\n\n<p>Le paludisme s\u00e9vit dans certaines zones du Zimbabwe et notamment les Parcs Nationaux de Hwange, Mana Pools, Nyanga, Gonarezhou (le risque est plus faible vers Harare et Bulawayo). Selon les recommandations de votre m\u00e9decin, vous pouvez prendre un traitement pr\u00e9ventif antipaludique. Mais cela ne vous pr\u00e9munit pas des bons gestes \u00e0 adopter sur place :<\/p>\n\n\n\n<ul class=\"wp-block-list\"><li>utiliser des r\u00e9pulsifs ;<\/li><li>vous prot\u00e9ger la peau avec des v\u00eatements couvrants ;<\/li><li>utiliser des moustiquaires.<\/li><\/ul>\n\n\n\n<p>Le SIDA est aussi largement pr\u00e9sent au Zimbabwe et il est ainsi conseill\u00e9 d\u2019\u00e9viter les comportements \u00e0 risque.&nbsp;<\/p>\n\n\n\n<p>Les conditions sanitaires sont relativement mauvaises dans ce pays d\u2019Afrique. Vous devrez \u00eatre vigilant quant \u00e0 la nourriture et les boissons : ne boire que de l\u2019eau en bouteille, \u00e9viter les aliments crus ou peu cuits, veiller \u00e0 la qualit\u00e9 des aliments, se laver les mains r\u00e9guli\u00e8rement, \u2026<\/p>\n\n\n\n<div class=\"wp-block-image\"><figure class=\"aligncenter size-full\"><picture><source srcset=\"https:\/\/mistersafari.com\/fr\/wp-content\/uploads\/sites\/2\/balade-safari-zimbabwe.webp 1200w,https:\/\/mistersafari.com\/fr\/wp-content\/uploads\/sites\/2\/balade-safari-zimbabwe-300x200.webp 300w,https:\/\/mistersafari.com\/fr\/wp-content\/uploads\/sites\/2\/balade-safari-zimbabwe-1024x683.webp 1024w,https:\/\/mistersafari.com\/fr\/wp-content\/uploads\/sites\/2\/balade-safari-zimbabwe-768x512.webp 768w\" sizes=\"auto, (max-width: 1200px) 100vw, 1200px\" type=\"image\/webp\"><img src=\"https:\/\/mistersafari.com\/fr\/wp-content\/uploads\/sites\/2\/balade-safari-zimbabwe.jpg\" height=\"800\" width=\"1200\" srcset=\"https:\/\/mistersafari.com\/fr\/wp-content\/uploads\/sites\/2\/balade-safari-zimbabwe.jpg 1200w, https:\/\/mistersafari.com\/fr\/wp-content\/uploads\/sites\/2\/balade-safari-zimbabwe-300x200.jpg 300w, https:\/\/mistersafari.com\/fr\/wp-content\/uploads\/sites\/2\/balade-safari-zimbabwe-1024x683.jpg 1024w, https:\/\/mistersafari.com\/fr\/wp-content\/uploads\/sites\/2\/balade-safari-zimbabwe-768x512.jpg 768w\" sizes=\"auto, (max-width: 1200px) 100vw, 1200px\" class=\"wp-image-3955 sp-no-webp\" alt=\"girafe en safari en zimbabwe\" loading=\"lazy\" decoding=\"async\"  > <\/picture><\/figure><\/div>\n\n\n\n<h3 class=\"wp-block-heading\">Pr\u00e9parer sa valise pour un safari au Zimbabwe<\/h3>\n\n\n\n<p>Quid de la valise pour un safari au Zimbabwe ? On vous rappelle les indispensables :<\/p>\n\n\n\n<ul class=\"wp-block-list\"><li>des v\u00eatements l\u00e9gers, couvrants, de couleurs neutres ;<\/li><li>des v\u00eatements plus chauds pour les soir\u00e9es et nuits ;<\/li><li>des chaussures adapt\u00e9es pour marcher sur des sentiers ;<\/li><li>le mat\u00e9riel photo et vid\u00e9o ;<\/li><li>une trousse \u00e0 pharmacie ;<\/li><li>divers accessoires comme chargeur, lampe frontale, guides, adaptateurs de prise, \u2026<\/li><\/ul>\n\n\n\n<p>Notre guide pour<a href=\"https:\/\/mistersafari.com\/fr\/blog\/preparer-valise-safari\/\" class=\"rank-math-link\"> pr\u00e9parer sa valise pour un safari<\/a> reprend en d\u00e9tail le contenu d\u2019une valise pour un safari.<\/p>\n\n\n\n<h3 class=\"wp-block-heading\">La monnaie<\/h3>\n\n\n\n<p>La monnaie officielle du Zimbabwe est le dollar zimbabw\u00e9en. C\u2019est la principale devise utilis\u00e9e au Zimbabwe, avec une monnaie physique (bond notes et bond coins) et une monnaie \u00e9lectronique. Le dollar am\u00e9ricain est aussi accept\u00e9 dans certains endroits. Pour conna\u00eetre le taux de change, rendez-vous <a href=\"https:\/\/www.xe.com\/fr\/currencyconverter\/convert\/?Amount=1&amp;From=EUR&amp;To=ZWD\" target=\"_blank\" aria-label=\" (opens in a new tab)\" rel=\"noreferrer noopener\" class=\"rank-math-link\">ici<\/a>.<\/p>\n\n\n\n<h3 class=\"wp-block-heading\">Conduire au Zimbabwe<\/h3>\n\n\n\n<p>Pour conduire au Zimbabwe, seul votre permis de conduire fran\u00e7ais est n\u00e9cessaire.<\/p>\n\n\n\n<p>La conduite est \u00e0 gauche et la plus grande prudence est requise : attention aux pi\u00e9tons, animaux et autres v\u00e9hicules. Les routes principales sont goudronn\u00e9es. Les axes secondaires et les pistes sont parfois en mauvais \u00e9tat, surtout pendant ou apr\u00e8s la saison des pluies, mais restent globalement corrects. Par contre, il est vivement conseill\u00e9 de faire le plein d\u2019essence d\u00e8s que l\u2019occasion se pr\u00e9sente.<\/p>\n\n\n\n<h3 class=\"wp-block-heading\">Les assurances<\/h3>\n\n\n\n<p>Parmi les pr\u00e9paratifs de votre safari au Zimbabwe, la souscription \u00e0 une assurance voyage est essentielle.<\/p>\n\n\n\n<p>La plupart des cartes de cr\u00e9dit incluent une assurance voyage. Pensez \u00e0 v\u00e9rifier les garanties incluses ou non. Les compagnies d\u2019assurances ou assureurs sp\u00e9cialis\u00e9s proposent de nombreux contrats d\u2019assurance voyage. N\u2019h\u00e9sitez pas \u00e0 utiliser un comparateur en ligne pour trouver la meilleure offre.<\/p>\n\n\n\n<p>Les assurances voyages conseill\u00e9es sont :<\/p>\n\n\n\n<ul class=\"wp-block-list\"><li>les frais de sant\u00e9 et d\u2019hospitalisation ;<\/li><li>l\u2019assurance rapatriement ;<\/li><li>l\u2019assurance annulation.<\/li><\/ul>\n\n\n\n<h2 class=\"wp-block-heading\">FAQ<\/h2>\n\n\n<div id=\"rank-math-faq\" class=\"rank-math-block\">\n<div class=\"rank-math-list \">\n<div id=\"faq-question-1621497421925\" class=\"rank-math-list-item\">\n<h3 class=\"rank-math-question \">Combien co\u00fbte un safari au Zimbabwe ?<\/h3>\n<div class=\"rank-math-answer \">\n\n<p>Le co\u00fbt d\u2019un safari au Zimbabwe fait partie des safaris en Afrique les plus \u00e9lev\u00e9s. Mais c\u2019est la garantie d\u2019un safari paisible et unique dans un pays de toute beaut\u00e9.<\/p>\n\n<\/div>\n<\/div>\n<div id=\"faq-question-1621497430144\" class=\"rank-math-list-item\">\n<h3 class=\"rank-math-question \">Quand faire un safari au Zimbabwe ?<\/h3>\n<div class=\"rank-math-answer \">\n\n<p>La meilleure p\u00e9riode pour un safari au Zimbabwe est pendant l\u2019hiver austral, c\u2019est-\u00e0-dire la saison s\u00e8che d\u2019avril \u00e0 octobre. Les Victoria Falls sont les plus belles en avril et mai.<\/p>\n\n<\/div>\n<\/div>\n<\/div>\n<\/div>","protected":false},"excerpt":{"rendered":"<p>Souvent \u00e9cart\u00e9 des circuits safaris en Afrique, le Zimbabwe a pourtant tout pour plaire : des paysages magnifiques, une faune particuli\u00e8rement dense, une population tr\u00e8s accueillante, \u2026 Retrouvez dans ce guide toutes les raisons d\u2019aller au Zimbabwe pour un safari et nos conseils pour organiser votre voyage. Safari au Zimbabwe : les raisons du succ\u00e8s &#8230; <a title=\"Safari au Zimbabwe\" class=\"read-more\" href=\"https:\/\/mistersafari.com\/fr\/safari-zimbabwe\/\" aria-label=\"En savoir plus sur Safari au Zimbabwe\">Lire la suite<\/a><\/p>\n","protected":false},"author":3,"featured_media":3953,"parent":0,"menu_order":21,"comment_status":"closed","ping_status":"closed","template":"","meta":{"_acf_changed":false,"footnotes":""},"content_type":[24],"country":[],"class_list":{"0":"post-2824","1":"page","2":"type-page","3":"status-publish","4":"has-post-thumbnail","6":"content_type-pays","7":"no-featured-image-padding"},"acf":{"hreflang":null},"_links":{"self":[{"href":"https:\/\/mistersafari.com\/fr\/wp-json\/wp\/v2\/pages\/2824","targetHints":{"allow":["GET"]}}],"collection":[{"href":"https:\/\/mistersafari.com\/fr\/wp-json\/wp\/v2\/pages"}],"about":[{"href":"https:\/\/mistersafari.com\/fr\/wp-json\/wp\/v2\/types\/page"}],"author":[{"embeddable":true,"href":"https:\/\/mistersafari.com\/fr\/wp-json\/wp\/v2\/users\/3"}],"replies":[{"embeddable":true,"href":"https:\/\/mistersafari.com\/fr\/wp-json\/wp\/v2\/comments?post=2824"}],"version-history":[{"count":7,"href":"https:\/\/mistersafari.com\/fr\/wp-json\/wp\/v2\/pages\/2824\/revisions"}],"predecessor-version":[{"id":3956,"href":"https:\/\/mistersafari.com\/fr\/wp-json\/wp\/v2\/pages\/2824\/revisions\/3956"}],"wp:featuredmedia":[{"embeddable":true,"href":"https:\/\/mistersafari.com\/fr\/wp-json\/wp\/v2\/media\/3953"}],"wp:attachment":[{"href":"https:\/\/mistersafari.com\/fr\/wp-json\/wp\/v2\/media?parent=2824"}],"wp:term":[{"taxonomy":"content_type","embeddable":true,"href":"https:\/\/mistersafari.com\/fr\/wp-json\/wp\/v2\/content_type?post=2824"},{"taxonomy":"country","embeddable":true,"href":"https:\/\/mistersafari.com\/fr\/wp-json\/wp\/v2\/country?post=2824"}],"curies":[{"name":"wp","href":"https:\/\/api.w.org\/{rel}","templated":true}]}}