{"id":2795,"date":"2021-05-19T09:19:44","date_gmt":"2021-05-19T09:19:44","guid":{"rendered":"https:\/\/mistersafari.com\/fr\/?page_id=2795"},"modified":"2022-06-22T11:39:57","modified_gmt":"2022-06-22T11:39:57","slug":"safari-zambie","status":"publish","type":"page","link":"https:\/\/mistersafari.com\/fr\/safari-zambie\/","title":{"rendered":"Safari en Zambie"},"content":{"rendered":"\n<p>Loin des sentiers battus et terre d\u2019origine des safaris \u00e0 pied, la Zambie est une destination nich\u00e9e au c\u0153ur de l\u2019Afrique australe qui vaut le d\u00e9tour. Gr\u00e2ce \u00e0 notre guide, d\u00e9couvrez en plus sur ce pays surnomm\u00e9 la \u201cvraie Afrique\u201d et pr\u00e9parez votre safari en Zambie.<\/p>\n\n\n<div id=\"ez-toc-container\" class=\"ez-toc-v2_0_76 counter-flat ez-toc-counter ez-toc-custom ez-toc-container-direction\">\n<div class=\"ez-toc-title-container\"><p class=\"ez-toc-title\" style=\"cursor:inherit\">Sommaire<\/p>\n<\/div><nav><ul class='ez-toc-list ez-toc-list-level-1 ' ><li class='ez-toc-page-1'><a class=\"ez-toc-link ez-toc-heading-1\" href=\"https:\/\/mistersafari.com\/fr\/safari-zambie\/#safari-en-zambie-les-raisons-du-succes\">Safari en Zambie : les raisons du succ\u00e8s<\/a><\/li><li class='ez-toc-page-1'><a class=\"ez-toc-link ez-toc-heading-2\" href=\"https:\/\/mistersafari.com\/fr\/safari-zambie\/#quand-partir-pour-un-safari-en-zambie\">Quand partir pour un safari en Zambie ?<\/a><\/li><li class='ez-toc-page-1'><a class=\"ez-toc-link ez-toc-heading-3\" href=\"https:\/\/mistersafari.com\/fr\/safari-zambie\/#safari-en-zambie-quel-budget\">Safari en Zambie : quel budget ?<\/a><\/li><li class='ez-toc-page-1'><a class=\"ez-toc-link ez-toc-heading-4\" href=\"https:\/\/mistersafari.com\/fr\/safari-zambie\/#organiser-son-safari-en-zambie\">Organiser son safari en Zambie<\/a><\/li><li class='ez-toc-page-1'><a class=\"ez-toc-link ez-toc-heading-5\" href=\"https:\/\/mistersafari.com\/fr\/safari-zambie\/#preparer-son-safari-en-zambie\">Pr\u00e9parer son safari en Zambie<\/a><\/li><li class='ez-toc-page-1'><a class=\"ez-toc-link ez-toc-heading-6\" href=\"https:\/\/mistersafari.com\/fr\/safari-zambie\/#faq\">FAQ<\/a><\/li><\/ul><\/nav><\/div>\n\n\n\n\n<h2 class=\"wp-block-heading\"><span class=\"ez-toc-section\" id=\"safari-en-zambie-les-raisons-du-succes\"><\/span>Safari en Zambie : les raisons du succ\u00e8s<span class=\"ez-toc-section-end\"><\/span><\/h2>\n\n\n\n<h3 class=\"wp-block-heading\">Les animaux<\/h3>\n\n\n\n<p>Apr\u00e8s avoir souffert du braconnage il y a quelques dizaines d\u2019ann\u00e9es, la population d\u2019animaux sauvages de la Zambie se d\u00e9veloppe. On y retrouve tous les animaux dignes des plus grands parcs animaliers africains :<\/p>\n\n\n\n<ul class=\"wp-block-list\"><li>le lion, le l\u00e9opard, l\u2019\u00e9l\u00e9phant, le rhinoc\u00e9ros et le buffle, qui constituent le Big Five ;<\/li><li>le gu\u00e9pard ;<\/li><li>la girafe ;<\/li><li>le z\u00e8bre ;<\/li><li>le chacal ;<\/li><li>la hy\u00e8ne ;<\/li><li>le lycaon ;<\/li><li>diff\u00e9rentes esp\u00e8ces d\u2019antilopes ;<\/li><li>l\u2019hippopotame ;<\/li><li>le crocodile ;<\/li><li>plusieurs esp\u00e8ces de primates ;<\/li><li>\u2026<\/li><\/ul>\n\n\n<div class=\"wp-block-image\">\n<figure class=\"aligncenter size-full\"><img loading=\"lazy\" decoding=\"async\" width=\"1200\" height=\"800\" src=\"https:\/\/mistersafari.com\/fr\/wp-content\/uploads\/sites\/2\/elephants-safari-zambie-1.jpg\" alt=\"El\u00e9phants Safari Zambie \" class=\"wp-image-6694\" srcset=\"https:\/\/mistersafari.com\/fr\/wp-content\/uploads\/sites\/2\/elephants-safari-zambie-1.jpg 1200w, https:\/\/mistersafari.com\/fr\/wp-content\/uploads\/sites\/2\/elephants-safari-zambie-1-300x200.jpg 300w, https:\/\/mistersafari.com\/fr\/wp-content\/uploads\/sites\/2\/elephants-safari-zambie-1-1024x683.jpg 1024w, https:\/\/mistersafari.com\/fr\/wp-content\/uploads\/sites\/2\/elephants-safari-zambie-1-768x512.jpg 768w\" sizes=\"auto, (max-width: 1200px) 100vw, 1200px\" \/><\/figure><\/div>\n\n\n<p>Pas moins de 750 esp\u00e8ces d\u2019oiseaux ont \u00e9t\u00e9 recens\u00e9es, toutes plus remarquables les unes que les autres. La Zambie est de ce fait un paradis pour les ornithologues.<\/p>\n\n\n\n<h3 class=\"wp-block-heading\">Les parcs et les r\u00e9serves<\/h3>\n\n\n\n<p>La Zambie compte 19 parcs nationaux et 34 r\u00e9serves priv\u00e9es. Le pays se distingue par la vari\u00e9t\u00e9 des activit\u00e9s propos\u00e9es au sein des parcs : les safaris se r\u00e9alisent en 4&#215;4 bien s\u00fbr, mais aussi en mokoro (bateau traditionnel), en bateau \u00e0 moteur ou encore et surtout \u00e0 pieds. Il est aussi possible de partir explorer les parcs de nuit comme de jour.<\/p>\n\n\n\n<h4 class=\"gb-headline gb-headline-dc614a25 gb-headline-text\"><strong>Le parc le plus r\u00e9put\u00e9 de la Zambie est le <a href=\"https:\/\/mistersafari.com\/fr\/safari-zambie\/parcs-reserves\/parc-national-south-luangwa\/\" data-type=\"page\" data-id=\"3672\">Parc National de South Luangwa<\/a>.\u00a0<\/strong><\/h4>\n\n\n\n<p>Situ\u00e9 \u00e0 l\u2019ouest du pays, non loin du Malawi, c\u2019est ici que les safaris \u00e0 pied ont vu le jour pour la premi\u00e8re fois. Il est toujours aujourd\u2019hui un lieu de pr\u00e9dilection pour d\u00e9couvrir les plus grands animaux sauvages d\u2019Afrique \u00e0 pied. Avec une superficie de pr\u00e8s de 10 000 km\u00b2, le parc est compos\u00e9 de paysages vari\u00e9s selon les r\u00e9gions qui rendent la visite tr\u00e8s enrichissante.<\/p>\n\n\n<div class=\"wp-block-image\">\n<figure class=\"aligncenter size-full\"><img loading=\"lazy\" decoding=\"async\" width=\"1200\" height=\"800\" src=\"https:\/\/mistersafari.com\/fr\/wp-content\/uploads\/sites\/2\/girafe-safari-zambie.jpg\" alt=\"Safari Zambie - South Luangwa park\" class=\"wp-image-6697\" srcset=\"https:\/\/mistersafari.com\/fr\/wp-content\/uploads\/sites\/2\/girafe-safari-zambie.jpg 1200w, https:\/\/mistersafari.com\/fr\/wp-content\/uploads\/sites\/2\/girafe-safari-zambie-300x200.jpg 300w, https:\/\/mistersafari.com\/fr\/wp-content\/uploads\/sites\/2\/girafe-safari-zambie-1024x683.jpg 1024w, https:\/\/mistersafari.com\/fr\/wp-content\/uploads\/sites\/2\/girafe-safari-zambie-768x512.jpg 768w\" sizes=\"auto, (max-width: 1200px) 100vw, 1200px\" \/><\/figure><\/div>\n\n\n<p>Direction le sud du pays, \u00e0 la fronti\u00e8re avec le Mozambique et le Zimbabwe, pour d\u00e9couvrir le <a href=\"https:\/\/mistersafari.com\/fr\/safari-zimbabwe\/parcs-reserves\/parc-national-bas-zambeze\/\" data-type=\"page\" data-id=\"3957\">Parc National du Lower Zambezi<\/a>. On y vient pour profiter des magnifiques paysages offerts par le fleuve Zamb\u00e8ze. Avec son flot permanent, il attire beaucoup d\u2019animaux et on peut y pratiquer de nombreuses activit\u00e9s nautiques.<\/p>\n\n\n\n<p>Plus grand parc du pays et cinqui\u00e8me plus grand parc d\u2019Afrique, le <a href=\"https:\/\/mistersafari.com\/fr\/safari-zambie\/parcs-reserves\/parc-national-kafue\/\" data-type=\"page\" data-id=\"3750\">Parc National de Kafue <\/a>est aussi le plus ancien.<\/p>\n\n\n\n<p>Hors des sentiers battus, vous pourrez y r\u00e9aliser un safari en toute tranquillit\u00e9, profiter de paysages vari\u00e9s et uniques et surtout observer une faune pas forc\u00e9ment abondante mais surtout tr\u00e8s diversifi\u00e9e.<\/p>\n\n\n\n<h3 class=\"wp-block-heading\">Les circuits<\/h3>\n\n\n\n<p>Un safari en Zambie se r\u00e9alise g\u00e9n\u00e9ralement sous la forme d\u2019un circuit vous permettant de visiter plusieurs r\u00e9gions et parcs du pays. Relativement \u00e9loign\u00e9s les uns des autres, il est souvent conseill\u00e9 aux voyageurs d\u2019effectuer les transferts entre les parcs en avion pour gagner du temps. Mais il est aussi tout \u00e0 fait possible de parcourir le pays en voiture et s\u2019impr\u00e9gner ainsi de l\u2019ambiance safari tout au long du s\u00e9jour.<\/p>\n\n\n\n<p>Votre circuit va d\u00e9pendre des r\u00e9gions que vous souhaitez visiter et de la dur\u00e9e de votre voyage. Des circuits combin\u00e9s avec d\u2019autres pays voisins sont aussi possibles, comme un safari Zambie\/Botswana ou encore un safari Zambie\/Malawi ou Zambie\/Mozambique ou Zambie\/Zimbabwe.&nbsp;<\/p>\n\n\n\n<h3 class=\"wp-block-heading\">Un safari en Zambie\u2026 Et quoi d\u2019autre sur place ?<\/h3>\n\n\n\n<p>La Zambie est un pays g\u00e9n\u00e9ralement pris\u00e9 pour ses safaris, mais il poss\u00e8de d\u2019autres attraits.<\/p>\n\n\n\n<p>Lusaka, sa capitale, est une ville vivante, charmante et surtout typiquement africaine. Vous pourrez y faire une halte d\u2019une nuit au d\u00e9but ou \u00e0 la fin de votre s\u00e9jour par exemple.<\/p>\n\n\n\n<h4 class=\"gb-headline gb-headline-dbcf558f gb-headline-text\">Un d\u00e9tour par les Chutes Victoria est aussi un incontournable de la Zambie.<\/h4>\n\n\n<div class=\"wp-block-image\">\n<figure class=\"aligncenter size-full\"><img loading=\"lazy\" decoding=\"async\" width=\"1200\" height=\"799\" src=\"https:\/\/mistersafari.com\/fr\/wp-content\/uploads\/sites\/2\/victoria-falls-saafri-zambie.jpg\" alt=\"\" class=\"wp-image-6682\" srcset=\"https:\/\/mistersafari.com\/fr\/wp-content\/uploads\/sites\/2\/victoria-falls-saafri-zambie.jpg 1200w, https:\/\/mistersafari.com\/fr\/wp-content\/uploads\/sites\/2\/victoria-falls-saafri-zambie-300x200.jpg 300w, https:\/\/mistersafari.com\/fr\/wp-content\/uploads\/sites\/2\/victoria-falls-saafri-zambie-1024x682.jpg 1024w, https:\/\/mistersafari.com\/fr\/wp-content\/uploads\/sites\/2\/victoria-falls-saafri-zambie-768x511.jpg 768w\" sizes=\"auto, (max-width: 1200px) 100vw, 1200px\" \/><figcaption>Les chutes de Victoria<\/figcaption><\/figure><\/div>\n\n\n<p>\u00c0 la fronti\u00e8re avec le <a href=\"https:\/\/mistersafari.com\/fr\/safari-zimbabwe\/\" data-type=\"page\" data-id=\"2824\">Zimbabwe<\/a>, elles sont inscrites parmi les 7 Merveilles du monde et vous surprendront par leur puissance ! De nombreuses activit\u00e9s sont propos\u00e9es sur place : survol en h\u00e9licopt\u00e8re, cano\u00eb, rafting, croisi\u00e8re en bateau, \u2026<\/p>\n\n\n\n<p>Les fleuves, rivi\u00e8res et lacs du pays sont aussi propices \u00e0 la pratique de la p\u00eache, des safaris en cano\u00eb, des balades en bateau. Enfin, des visites culturelles dans les villages et les \u00e9coles sont g\u00e9n\u00e9ralement propos\u00e9es aux voyageurs afin de c\u00f4toyer la population locale.<\/p>\n\n\n\n<h2 class=\"wp-block-heading\"><span class=\"ez-toc-section\" id=\"quand-partir-pour-un-safari-en-zambie\"><\/span>Quand partir pour un safari en Zambie ?<span class=\"ez-toc-section-end\"><\/span><\/h2>\n\n\n\n<p>Le climat de la Zambie se divise en deux saisons :<\/p>\n\n\n\n<ul class=\"wp-block-list\"><li>une saison s\u00e8che de mai \u00e0 octobre ;<\/li><li>une saison des pluies de novembre \u00e0 avril.<\/li><\/ul>\n\n\n\n<p>La meilleure p\u00e9riode pour un safari en Zambie est pendant la saison s\u00e8che, lorsque les animaux se rassemblent autour des points d\u2019eau qui se rar\u00e9fient. La v\u00e9g\u00e9tation s\u2019amenuise aussi, facilitant l\u2019observation. Le mois d\u2019octobre est le plus chaud de l\u2019ann\u00e9e.<\/p>\n\n\n\n<p class=\"callout-green\"><a href=\"https:\/\/mistersafari.com\/fr\/safari-zimbabwe\/parcs-reserves\/parc-national-chutes-victoria\/\" data-type=\"page\" data-id=\"3817\">Les Chutes Victoria <\/a>sont \u00e0 leur plein et les plus spectaculaires \u00e0 la fin de la saison des pluies et au d\u00e9but de la saison s\u00e8che.<\/p>\n\n\n\n<h2 class=\"wp-block-heading\"><span class=\"ez-toc-section\" id=\"safari-en-zambie-quel-budget\"><\/span>Safari en Zambie : quel budget ?<span class=\"ez-toc-section-end\"><\/span><\/h2>\n\n\n\n<p>Le co\u00fbt de la vie est faible en Zambie, mais d\u00e8s que l\u2019on touche aux activit\u00e9s touristiques, les prix peuvent vite grimper. Le budget de votre safari en Zambie va d\u00e9pendre de vos choix de voyage.<\/p>\n\n\n\n<p>Vous pouvez opter pour des h\u00e9bergements luxueux, des transferts en avion, profiter des activit\u00e9s des parcs ou visiter les Chutes Victoria. Dans ce cas, le budget est \u00e9lev\u00e9 et peut facilement atteindre les 500 \u20ac par jour. Mais il est aussi possible de r\u00e9aliser un safari en Zambie avec un petit budget : louer un 4&#215;4, opter pour l\u2019h\u00e9bergement en camping, r\u00e9aliser les safaris en groupe et limiter les activit\u00e9s.<\/p>\n\n\n\n<figure class=\"wp-block-image size-large\"><picture><source srcset=\"https:\/\/mistersafari.com\/fr\/wp-content\/uploads\/sites\/2\/Safari-en-Zambie-Parc-national-de-South-Luangwa-1024x683.webp 1024w,https:\/\/mistersafari.com\/fr\/wp-content\/uploads\/sites\/2\/Safari-en-Zambie-Parc-national-de-South-Luangwa-300x200.webp 300w,https:\/\/mistersafari.com\/fr\/wp-content\/uploads\/sites\/2\/Safari-en-Zambie-Parc-national-de-South-Luangwa-768x512.webp 768w,https:\/\/mistersafari.com\/fr\/wp-content\/uploads\/sites\/2\/Safari-en-Zambie-Parc-national-de-South-Luangwa-1536x1024.webp 1536w,https:\/\/mistersafari.com\/fr\/wp-content\/uploads\/sites\/2\/Safari-en-Zambie-Parc-national-de-South-Luangwa-2048x1365.webp 2048w,https:\/\/mistersafari.com\/fr\/wp-content\/uploads\/sites\/2\/Safari-en-Zambie-Parc-national-de-South-Luangwa-scaled.webp 1200w\" sizes=\"auto, (max-width: 1024px) 100vw, 1024px\" type=\"image\/webp\"><img src=\"https:\/\/mistersafari.com\/fr\/wp-content\/uploads\/sites\/2\/Safari-en-Zambie-Parc-national-de-South-Luangwa-1024x683.jpg\" height=\"683\" width=\"1024\" srcset=\"https:\/\/mistersafari.com\/fr\/wp-content\/uploads\/sites\/2\/Safari-en-Zambie-Parc-national-de-South-Luangwa-1024x683.jpg 1024w, https:\/\/mistersafari.com\/fr\/wp-content\/uploads\/sites\/2\/Safari-en-Zambie-Parc-national-de-South-Luangwa-300x200.jpg 300w, https:\/\/mistersafari.com\/fr\/wp-content\/uploads\/sites\/2\/Safari-en-Zambie-Parc-national-de-South-Luangwa-768x512.jpg 768w, https:\/\/mistersafari.com\/fr\/wp-content\/uploads\/sites\/2\/Safari-en-Zambie-Parc-national-de-South-Luangwa-1536x1024.jpg 1536w, https:\/\/mistersafari.com\/fr\/wp-content\/uploads\/sites\/2\/Safari-en-Zambie-Parc-national-de-South-Luangwa-2048x1365.jpg 2048w, https:\/\/mistersafari.com\/fr\/wp-content\/uploads\/sites\/2\/Safari-en-Zambie-Parc-national-de-South-Luangwa-scaled.jpg 1200w\" sizes=\"auto, (max-width: 1024px) 100vw, 1024px\" class=\"wp-image-2803 sp-no-webp\" alt=\"Safari en Zambie - Parc national de South Luangwa\" loading=\"lazy\" decoding=\"async\"  > <\/picture><\/figure>\n\n\n\n<h2 class=\"wp-block-heading\"><span class=\"ez-toc-section\" id=\"organiser-son-safari-en-zambie\"><\/span>Organiser son safari en Zambie<span class=\"ez-toc-section-end\"><\/span><\/h2>\n\n\n\n<h3 class=\"wp-block-heading\">Les diff\u00e9rentes options<\/h3>\n\n\n\n<h4 class=\"wp-block-heading\">Organiser seul son safari en Zambie<\/h4>\n\n\n\n<p>La premi\u00e8re solution est de vous d\u00e9brouiller seul pour organiser et pr\u00e9parer votre safari en Zambie. L\u2019avantage est que vous pouvez concevoir un voyage en parfait accord avec vos attentes. Il sera unique et adapt\u00e9 \u00e0 vos envies et \u00e0 votre budget. Par contre, la Zambie \u00e9tant un pays peu touristique, vous pourriez \u00eatre limit\u00e9 quant \u00e0 l\u2019acc\u00e8s \u00e0 l\u2019information, voire \u00e0 certaines infrastructures ou activit\u00e9s. Il vous faudra certainement passer beaucoup de temps \u00e0 la conception et la pr\u00e9paration de votre voyage. Notre conseil ? Prenez-vous-y suffisamment t\u00f4t !<\/p>\n\n\n\n<h4 class=\"wp-block-heading\">Les tour-op\u00e9rateurs \u00ab classiques \u00bb<\/h4>\n\n\n\n<p>Pour gagner du temps et faciliter les d\u00e9marches, vous pouvez aussi choisir de faire appel \u00e0 une agence de voyages ou un tour-op\u00e9rateur. Ils proposent g\u00e9n\u00e9ralement des packages tout inclus (vols, h\u00e9bergements, transports, activit\u00e9s, nourriture, \u2026). Vous pourrez ainsi parcourir les principaux points d\u2019int\u00e9r\u00eats du pays. L\u2019inconv\u00e9nient est que ces voyages sont peu voire pas personnalisables, et vous risquez de faire partie d\u2019un groupe.<\/p>\n\n\n\n<h4 class=\"wp-block-heading\">Les agences de voyages d\u00e9di\u00e9es aux safaris<\/h4>\n\n\n\n<p>Derni\u00e8re option et la plus int\u00e9ressante selon nous : passer par une agence de voyages sp\u00e9cialis\u00e9e dans les safaris en Zambie, ou plus globalement en Afrique.<\/p>\n\n\n\n<p>Elles sont capables de concevoir des safaris personnalisables, sur-mesure, en fonction de vos souhaits et de votre budget. Vous acc\u00e9dez aussi souvent \u00e0 des prestations exclusives gr\u00e2ce au r\u00e9seau qu\u2019elles ont tiss\u00e9 sur place. Le co\u00fbt est parfois un peu plus \u00e9lev\u00e9, mais largement justifi\u00e9.<\/p>\n\n\n\n<h3 class=\"wp-block-heading\">Les logements<\/h3>\n\n\n\n<p>L\u2019offre de logements est surtout concentr\u00e9e pr\u00e8s des parcs, des grandes villes ou des principaux lieux touristiques comme les Chutes Victoria. Vous pouvez opter pour des h\u00e9bergements bon march\u00e9, tels que des campings, auberges de jeunesse ou lodges basiques. Les prix sont abordables mais le confort rudimentaire.<\/p>\n\n\n\n<p>Si votre budget vous le permet, la Zambie compte aussi de nombreux lodges de gamme sup\u00e9rieure, voire de luxe. Les infrastructures sont alors tr\u00e8s d\u00e9velopp\u00e9es et contribuent \u00e0 rendre le voyage magique.<\/p>\n\n\n\n<h2 class=\"wp-block-heading\"><span class=\"ez-toc-section\" id=\"preparer-son-safari-en-zambie\"><\/span>Pr\u00e9parer son safari en Zambie<span class=\"ez-toc-section-end\"><\/span><\/h2>\n\n\n\n<h3 class=\"wp-block-heading\">Les formalit\u00e9s d\u2019entr\u00e9e<\/h3>\n\n\n\n<p>Pour pouvoir entrer en Zambie, les documents suivants sont obligatoires :<\/p>\n\n\n\n<ul class=\"wp-block-list\"><li>un passeport en cours de validit\u00e9 et au minimum jusqu\u2019\u00e0 6 mois apr\u00e8s la date de retour pr\u00e9vue ;<\/li><li>un visa.<\/li><\/ul>\n\n\n\n<p>Le visa touristique s\u2019obtient aupr\u00e8s de l\u2019Ambassade de Zambie ou en ligne (pensez \u00e0 anticiper les d\u00e9lais de r\u00e9ception). Un visa simple entr\u00e9 co\u00fbte $50. Vous pouvez aussi opter pour un visa qui regroupe plusieurs pays, notamment le visa Kaza pour le Zimbabwe et la Zambie.<\/p>\n\n\n\n<figure class=\"wp-block-image size-large is-resized\"><img loading=\"lazy\" decoding=\"async\" src=\"https:\/\/mistersafari.com\/fr\/wp-content\/uploads\/sites\/2\/antelope-safari-zambie-1024x759.jpg\" alt=\"Safari en Zambie - Parc national de Kafue\" class=\"wp-image-6689\" width=\"840\" height=\"622\" srcset=\"https:\/\/mistersafari.com\/fr\/wp-content\/uploads\/sites\/2\/antelope-safari-zambie-1024x759.jpg 1024w, https:\/\/mistersafari.com\/fr\/wp-content\/uploads\/sites\/2\/antelope-safari-zambie-300x223.jpg 300w, https:\/\/mistersafari.com\/fr\/wp-content\/uploads\/sites\/2\/antelope-safari-zambie-768x570.jpg 768w, https:\/\/mistersafari.com\/fr\/wp-content\/uploads\/sites\/2\/antelope-safari-zambie.jpg 1200w\" sizes=\"auto, (max-width: 840px) 100vw, 840px\" \/><\/figure>\n\n\n\n<h3 class=\"wp-block-heading\">La sant\u00e9<\/h3>\n\n\n\n<p>Les <a aria-label=\" (opens in a new tab)\" href=\"https:\/\/www.pasteur.fr\/fr\/centre-medical\/preparer-son-voyage\/zambie\" target=\"_blank\" rel=\"noreferrer noopener\" class=\"rank-math-link\">recommandations de l\u2019Institut Pasteur<\/a> conseillent fortement d\u2019\u00eatre \u00e0 jour de son carnet vaccinal (dipht\u00e9rie, t\u00e9tanos, coqueluche, poliomy\u00e9lite, h\u00e9patites A et B, typho\u00efde et rage). Un certificat de vaccination antiamarile est exig\u00e9 pour les voyageurs arrivant d\u2019un pays o\u00f9 la fi\u00e8vre jaune est end\u00e9mique.<\/p>\n\n\n\n<p>Plusieurs maladies transmises par les moustiques sont pr\u00e9sentes en Zambie, notamment le paludisme, pour lequel un vaccin pr\u00e9ventif existe (demandez conseil \u00e0 votre m\u00e9decin), la dengue ou le chikungunya. Pour vous prot\u00e9ger, quelques mesures doivent \u00eatre prises sur place :<\/p>\n\n\n\n<ul class=\"wp-block-list\"><li>portez des v\u00eatements couvrants et l\u00e9gers ;<\/li><li>utilisez des r\u00e9pulsifs ;<\/li><li>utilisez les moustiquaires sur les lits, fen\u00eatres et portes.<\/li><\/ul>\n\n\n\n<p>Enfin, il est aussi conseill\u00e9 de respecter des r\u00e8gles d\u2019hygi\u00e8ne :<\/p>\n\n\n\n<ul class=\"wp-block-list\"><li>lavez-vous les mains r\u00e9guli\u00e8rement ;<\/li><li>buvez de l\u2019eau en bouteille, du lait pasteuris\u00e9 ou bouilli ;<\/li><li>consommez des aliments cuits et \u00e9vitez les aliments crus ou peu cuits ;<\/li><li>v\u00e9rifiez la provenance de la nourriture ;<\/li><li>\u00e9vitez les baignades dans les eaux stagnantes ;<\/li><li>n\u2019approchez pas des cadavres d\u2019animaux et des animaux errants.<\/li><\/ul>\n\n\n\n<h3 class=\"wp-block-heading\">Pr\u00e9parer sa valise pour un safari en Zambie<\/h3>\n\n\n\n<p>Vous vous appr\u00eatez \u00e0 faire votre valise pour un safari en Zambie ? Voici les indispensables \u00e0 ne pas oublier :<\/p>\n\n\n\n<ul class=\"wp-block-list\"><li>des v\u00eatements l\u00e9gers, couvrants, de couleurs neutres ;<\/li><li>des chaussures adapt\u00e9es \u00e0 la marche sur sentier en brousse ;<\/li><li>une trousse \u00e0 pharmacie, incluant des r\u00e9pulsifs contre les moustiques ;<\/li><li>votre mat\u00e9riel photo et vid\u00e9o ;<\/li><li>des accessoires tels qu\u2019un chargeur, des jumelles, une lampe torche, un adaptateur, \u2026<\/li><\/ul>\n\n\n\n<p>Pour en savoir plus, suivez notre guide sur la <a href=\"https:\/\/mistersafari.com\/fr\/blog\/preparer-valise-safari\/\" class=\"rank-math-link\">pr\u00e9paration de sa valise pour un safari (v\u00eatements et chaussures)<\/a>.<\/p>\n\n\n\n<h3 class=\"wp-block-heading\">La monnaie<\/h3>\n\n\n\n<p>La monnaie officielle de la Zambie est le Kwacha Zambien (ZMW). Vous pouvez retrouver le taux de change actuel <a aria-label=\" (opens in a new tab)\" class=\"rank-math-link\" href=\"https:\/\/www.xe.com\/fr\/currencyconverter\/convert\/?Amount=1&amp;From=EUR&amp;To=ZMW\" target=\"_blank\" rel=\"noreferrer noopener\">ici<\/a>. L\u2019euro et surtout le dollar sont aussi accept\u00e9s.<\/p>\n\n\n\n<h3 class=\"wp-block-heading\">Conduire en Zambie<\/h3>\n\n\n\n<p>Les grands axes routiers de la Zambie sont convenables. Mais les axes secondaires, qui sont souvent des pistes, sont en moins bon \u00e9tat surtout pendant la saison des pluies. Des obstacles (pi\u00e9tons, animaux, nid-de-poule) sont \u00e0 anticiper. L\u2019\u00e9clairage est aussi souvent absent. Il convient donc de faire preuve de prudence et de ne pas rouler de nuit.<\/p>\n\n\n\n<p class=\"callout-blue\">La conduite se fait \u00e0 gauche. Il est conseill\u00e9 de poss\u00e9der un permis de conduire international.<\/p>\n\n\n\n<h3 class=\"wp-block-heading\">Les assurances<\/h3>\n\n\n\n<p>Un safari en Zambie requiert la souscription \u00e0 une assurance voyage. Les garanties dont vous devez disposer sont a minima :<\/p>\n\n\n\n<ul class=\"wp-block-list\"><li>l\u2019assurance annulation ;<\/li><li>l\u2019assurance rapatriement ;<\/li><li>les frais de sant\u00e9 et d\u2019hospitalisation.<\/li><\/ul>\n\n\n\n<p>La majorit\u00e9 des cartes de cr\u00e9dit comprend une assurance voyage, vous pouvez le v\u00e9rifier aupr\u00e8s de votre conseiller bancaire. Sinon, les compagnies d\u2019assurances proposent toutes des assurances voyage, dont les formules peuvent varier de l\u2019une \u00e0 l\u2019autre. Utiliser un comparateur d\u2019assurances voyage en ligne est un bon moyen pour trouver l\u2019offre la plus adapt\u00e9e.<\/p>\n\n\n\n<h2 class=\"wp-block-heading\"><span class=\"ez-toc-section\" id=\"faq\"><\/span>FAQ<span class=\"ez-toc-section-end\"><\/span><\/h2>\n\n\n<div id=\"rank-math-faq\" class=\"rank-math-block\">\n<div class=\"rank-math-list \">\n<div id=\"faq-question-1621415781313\" class=\"rank-math-list-item\">\n<h3 class=\"rank-math-question \">Combien co\u00fbte un safari en Zambie ?<\/h3>\n<div class=\"rank-math-answer \">\n\n<p>En fonction de vos choix de voyage, il est aussi possible de r\u00e9aliser un safari de luxe en Zambie qu\u2019un voyage \u00e0 petit budget.\u00a0<\/p>\n\n<\/div>\n<\/div>\n<div id=\"faq-question-1621415785525\" class=\"rank-math-list-item\">\n<h3 class=\"rank-math-question \">Quand faire un safari en Zambie ?<\/h3>\n<div class=\"rank-math-answer \">\n\n<p>La meilleure p\u00e9riode pour faire un safari en Zambie est pendant la saison s\u00e8che, entre mai et septembre. Le climat est le plus agr\u00e9able. La v\u00e9g\u00e9tation est aussi rase et les animaux se rassemblent autour des points d\u2019eau, facilitant ainsi leur observation.<\/p>\n\n<\/div>\n<\/div>\n<\/div>\n<\/div>","protected":false},"excerpt":{"rendered":"<p>Loin des sentiers battus et terre d\u2019origine des safaris \u00e0 pied, la Zambie est une destination nich\u00e9e au c\u0153ur de l\u2019Afrique australe qui vaut le d\u00e9tour. Gr\u00e2ce \u00e0 notre guide, d\u00e9couvrez en plus sur ce pays surnomm\u00e9 la \u201cvraie Afrique\u201d et pr\u00e9parez votre safari en Zambie. Safari en Zambie : les raisons du succ\u00e8s Les &#8230; <a title=\"Safari en Zambie\" class=\"read-more\" href=\"https:\/\/mistersafari.com\/fr\/safari-zambie\/\" aria-label=\"En savoir plus sur Safari en Zambie\">Lire la suite<\/a><\/p>\n","protected":false},"author":3,"featured_media":6680,"parent":0,"menu_order":20,"comment_status":"closed","ping_status":"closed","template":"","meta":{"_acf_changed":false,"footnotes":""},"content_type":[24],"country":[],"class_list":{"0":"post-2795","1":"page","2":"type-page","3":"status-publish","4":"has-post-thumbnail","6":"content_type-pays","7":"no-featured-image-padding"},"acf":{"hreflang":null},"_links":{"self":[{"href":"https:\/\/mistersafari.com\/fr\/wp-json\/wp\/v2\/pages\/2795","targetHints":{"allow":["GET"]}}],"collection":[{"href":"https:\/\/mistersafari.com\/fr\/wp-json\/wp\/v2\/pages"}],"about":[{"href":"https:\/\/mistersafari.com\/fr\/wp-json\/wp\/v2\/types\/page"}],"author":[{"embeddable":true,"href":"https:\/\/mistersafari.com\/fr\/wp-json\/wp\/v2\/users\/3"}],"replies":[{"embeddable":true,"href":"https:\/\/mistersafari.com\/fr\/wp-json\/wp\/v2\/comments?post=2795"}],"version-history":[{"count":19,"href":"https:\/\/mistersafari.com\/fr\/wp-json\/wp\/v2\/pages\/2795\/revisions"}],"predecessor-version":[{"id":6700,"href":"https:\/\/mistersafari.com\/fr\/wp-json\/wp\/v2\/pages\/2795\/revisions\/6700"}],"wp:featuredmedia":[{"embeddable":true,"href":"https:\/\/mistersafari.com\/fr\/wp-json\/wp\/v2\/media\/6680"}],"wp:attachment":[{"href":"https:\/\/mistersafari.com\/fr\/wp-json\/wp\/v2\/media?parent=2795"}],"wp:term":[{"taxonomy":"content_type","embeddable":true,"href":"https:\/\/mistersafari.com\/fr\/wp-json\/wp\/v2\/content_type?post=2795"},{"taxonomy":"country","embeddable":true,"href":"https:\/\/mistersafari.com\/fr\/wp-json\/wp\/v2\/country?post=2795"}],"curies":[{"name":"wp","href":"https:\/\/api.w.org\/{rel}","templated":true}]}}