{"id":2683,"date":"2021-04-29T06:58:04","date_gmt":"2021-04-29T06:58:04","guid":{"rendered":"https:\/\/mistersafari.com\/fr\/?page_id=2683"},"modified":"2021-07-05T14:55:34","modified_gmt":"2021-07-05T14:55:34","slug":"safari-malawi","status":"publish","type":"page","link":"https:\/\/mistersafari.com\/fr\/safari-malawi\/","title":{"rendered":"Safari au Malawi"},"content":{"rendered":"\n<p>Son magnifique lac, sa population accueillante, sa nature pr\u00e9serv\u00e9e et ses nombreux animaux sauvages, \u2026 Vous envisagez un voyage au Malawi ? Vous avez de bonnes raisons de le faire ! Dans ce guide, vous trouverez toutes les informations utiles pour pr\u00e9parer et organiser votre safari au Malawi.<\/p>\n\n\n<div id=\"ez-toc-container\" class=\"ez-toc-v2_0_76 counter-flat ez-toc-counter ez-toc-custom ez-toc-container-direction\">\n<div class=\"ez-toc-title-container\"><p class=\"ez-toc-title\" style=\"cursor:inherit\">Sommaire<\/p>\n<\/div><nav><ul class='ez-toc-list ez-toc-list-level-1 ' ><li class='ez-toc-page-1'><a class=\"ez-toc-link ez-toc-heading-1\" href=\"https:\/\/mistersafari.com\/fr\/safari-malawi\/#safari-au-malawi-les-raisons-du-succes\">Safari au Malawi : les raisons du succ\u00e8s<\/a><\/li><li class='ez-toc-page-1'><a class=\"ez-toc-link ez-toc-heading-2\" href=\"https:\/\/mistersafari.com\/fr\/safari-malawi\/#quand-partir-pour-un-safari-au-malawi\">Quand partir pour un safari au Malawi ?<\/a><\/li><li class='ez-toc-page-1'><a class=\"ez-toc-link ez-toc-heading-3\" href=\"https:\/\/mistersafari.com\/fr\/safari-malawi\/#safari-au-malawi-quel-budget\">Safari au Malawi : quel budget ?<\/a><\/li><li class='ez-toc-page-1'><a class=\"ez-toc-link ez-toc-heading-4\" href=\"https:\/\/mistersafari.com\/fr\/safari-malawi\/#organiser-son-safari-au-malawi\">Organiser son safari au Malawi<\/a><\/li><li class='ez-toc-page-1'><a class=\"ez-toc-link ez-toc-heading-5\" href=\"https:\/\/mistersafari.com\/fr\/safari-malawi\/#preparer-son-safari-au-malawi\">Pr\u00e9parer son safari au Malawi<\/a><\/li><li class='ez-toc-page-1'><a class=\"ez-toc-link ez-toc-heading-6\" href=\"https:\/\/mistersafari.com\/fr\/safari-malawi\/#quelles-alternatives-a-un-safari-au-malawi\">Quelles alternatives \u00e0 un safari au Malawi ?<\/a><\/li><li class='ez-toc-page-1'><a class=\"ez-toc-link ez-toc-heading-7\" href=\"https:\/\/mistersafari.com\/fr\/safari-malawi\/#faq\">FAQ<\/a><\/li><\/ul><\/nav><\/div>\n\n\n\n\n<h2 class=\"wp-block-heading\"><span class=\"ez-toc-section\" id=\"safari-au-malawi-les-raisons-du-succes\"><\/span>Safari au Malawi : les raisons du succ\u00e8s<span class=\"ez-toc-section-end\"><\/span><\/h2>\n\n\n\n<h3 class=\"wp-block-heading\">Les animaux<\/h3>\n\n\n\n<p>Gr\u00e2ce \u00e0 de nombreuses op\u00e9rations mises en place depuis une quinzaine d\u2019ann\u00e9es par des ONG et des locaux, les populations d\u2019animaux sauvages au Malawi sont de mieux en mieux prot\u00e9g\u00e9es.<\/p>\n\n\n\n<p>La faune du Malawi profite d\u2019un habitat riche, avec notamment la pr\u00e9sence de nombreux lacs et rivi\u00e8res. C\u2019est ainsi que l\u2019on peut observer :<\/p>\n\n\n\n<ul class=\"wp-block-list\"><li>le Big Five : \u00e9l\u00e9phants, lions, buffles, l\u00e9opards et rhinoc\u00e9ros ;<\/li><li>des hippopotames ;<\/li><li>de nombreuses esp\u00e8ces d\u2019antilopes ;<\/li><li>des hy\u00e8nes ;<\/li><li>des z\u00e8bres ;<\/li><li>des singes ;<\/li><li>des crocodiles ;<\/li><li>des phacoch\u00e8res ;<\/li><li>\u2026<\/li><\/ul>\n\n\n\n<figure class=\"wp-block-image size-large\"><img loading=\"lazy\" decoding=\"async\" width=\"1024\" height=\"768\" src=\"https:\/\/mk0mistersafarimcosm.kinstacdn.com\/wp-content\/uploads\/sites\/2\/Safari-au-Malawi-Zebres-1024x768.jpg\" alt=\"Safari au Malawi\" class=\"wp-image-2692\" srcset=\"https:\/\/mistersafari.com\/fr\/wp-content\/uploads\/sites\/2\/Safari-au-Malawi-Zebres-1024x768.jpg 1024w, https:\/\/mistersafari.com\/fr\/wp-content\/uploads\/sites\/2\/Safari-au-Malawi-Zebres-300x225.jpg 300w, https:\/\/mistersafari.com\/fr\/wp-content\/uploads\/sites\/2\/Safari-au-Malawi-Zebres-768x576.jpg 768w, https:\/\/mistersafari.com\/fr\/wp-content\/uploads\/sites\/2\/Safari-au-Malawi-Zebres-1536x1152.jpg 1536w, https:\/\/mistersafari.com\/fr\/wp-content\/uploads\/sites\/2\/Safari-au-Malawi-Zebres-2048x1536.jpg 2048w, https:\/\/mistersafari.com\/fr\/wp-content\/uploads\/sites\/2\/Safari-au-Malawi-Zebres-scaled.jpg 1200w\" sizes=\"auto, (max-width: 1024px) 100vw, 1024px\" \/><figcaption>Des z\u00e8bres lors d&rsquo;un safari au Malawi<\/figcaption><\/figure>\n\n\n\n<p>Les amateurs d\u2019ornithologie ne seront pas sans reste : plus de 600 esp\u00e8ces y ont \u00e9lu domicile, notamment pr\u00e8s de la rivi\u00e8re du Parc National de Liwonde ou dans les for\u00eats du Parc de Nyika. Le Lac Malawi est aussi in\u00e9vitablement un haut lieu pour les oiseaux aquatiques. Et c\u2019est sans compter sur les centaines d\u2019esp\u00e8ces de poissons color\u00e9s que vous pourrez aussi observer.<\/p>\n\n\n\n<h3 class=\"wp-block-heading\">Les parcs et les r\u00e9serves<\/h3>\n\n\n\n<p>Le Malawi compte une dizaine de parcs nationaux et de r\u00e9serves. Parmi les plus r\u00e9put\u00e9s, on retrouve :<\/p>\n\n\n\n<ul class=\"wp-block-list\"><li>le Parc National de Liwonde au Sud-Ouest du Pays ;<\/li><li>la Majete Wildlife Reserve au Sud-Est ;<\/li><li>le Parc National Nyika au Nord ;<\/li><li>le Parc National du Lac Malawi au Centre ;<\/li><li>le Parc National Kasungu \u00e0 l\u2019Ouest.<\/li><\/ul>\n\n\n\n<p>Tous offrent des spectacles vari\u00e9s, dans des environnements naturels divers. Plaines, plateaux, monts, collines, rivi\u00e8res, lacs, for\u00eats, les paysages sont \u00e0 couper le souffle et la vue des animaux dans ces d\u00e9cors dignes de carte postale est inoubliable.<\/p>\n\n\n\n<p><em>M\u00eame si la faune reste dense et les efforts de protection font leur preuve, un safari au Malawi peut ne pas \u00eatre aussi riche que dans d\u2019autres parcs ou r\u00e9serves d\u2019Afrique. Mais le grand avantage est que, dans un pays peu touristique comme celui-ci, vous serez certainement seuls sur les pistes \u00e0 observer les animaux sauvages.<\/em><\/p>\n\n\n\n<h3 class=\"wp-block-heading\">Les circuits<\/h3>\n\n\n\n<p>Le meilleur moyen de profiter de toute la richesse du Malawi est d\u2019organiser votre voyage sous la forme d\u2019un circuit. La petite taille du pays et la facilit\u00e9 des d\u00e9placements favorisent les safaris en circuit. Vous pouvez choisir de partir seul en louant un v\u00e9hicule ou de vous faire accompagner par un chauffeur guide.<\/p>\n\n\n\n<p><strong>Un circuit safari au Malawi permet surtout de maximiser les chances d\u2019observation des animaux.<\/strong><\/p>\n\n\n\n<p>En effet, tous les animaux ne sont pas pr\u00e9sents dans tous les parcs. Vous devrez par exemple vous rendre \u00e0 Liwonde et Majete pour observer les rhinoc\u00e9ros noirs ou \u00e0 Nyika pour rencontrer des l\u00e9opards.<\/p>\n\n\n\n<h3 class=\"wp-block-heading\">Un safari au Malawi\u2026 Et quoi d\u2019autre sur place ?<\/h3>\n\n\n\n<p>Le Malawi a bien plus \u00e0 offrir que l\u2019exp\u00e9rience des safaris. Tout d\u2019abord, il y a bien s\u00fbr son lac : le Lac Malawi. Situ\u00e9 au c\u0153ur du pays et troisi\u00e8me plus grand lac d\u2019Afrique, il est caract\u00e9ris\u00e9 par ses kilom\u00e8tres d\u2019\u00e9tendues d\u2019eau claire, turquoise et transparente, bord\u00e9es par des plages de sable blanc entour\u00e9es de for\u00eat. Pourtant situ\u00e9 \u00e0 des centaines de kilom\u00e8tres de l\u2019Oc\u00e9an, c\u2019est l\u2019endroit id\u00e9al pour un s\u00e9jour baln\u00e9aire, les pieds dans l\u2019eau au Malawi.<\/p>\n\n\n\n<figure class=\"wp-block-image size-large\"><picture><source srcset=\"https:\/\/mistersafari.com\/fr\/wp-content\/uploads\/sites\/2\/Safari-au-Malawi-Plages.webp 960w,https:\/\/mistersafari.com\/fr\/wp-content\/uploads\/sites\/2\/Safari-au-Malawi-Plages-300x201.webp 300w,https:\/\/mistersafari.com\/fr\/wp-content\/uploads\/sites\/2\/Safari-au-Malawi-Plages-768x514.webp 768w\" sizes=\"auto, (max-width: 960px) 100vw, 960px\" type=\"image\/webp\"><img src=\"https:\/\/mistersafari.com\/fr\/wp-content\/uploads\/sites\/2\/Safari-au-Malawi-Plages.jpeg\" height=\"642\" width=\"960\" srcset=\"https:\/\/mistersafari.com\/fr\/wp-content\/uploads\/sites\/2\/Safari-au-Malawi-Plages.jpeg 960w, https:\/\/mistersafari.com\/fr\/wp-content\/uploads\/sites\/2\/Safari-au-Malawi-Plages-300x201.jpeg 300w, https:\/\/mistersafari.com\/fr\/wp-content\/uploads\/sites\/2\/Safari-au-Malawi-Plages-768x514.jpeg 768w\" sizes=\"auto, (max-width: 960px) 100vw, 960px\" class=\"wp-image-2693 sp-no-webp\" alt=\"Safari au Malawi\" loading=\"lazy\" decoding=\"async\"  > <\/picture><\/figure>\n\n\n\n<p><strong>Vous pourrez y pratiquer de nombreuses activit\u00e9s nautiques : baignade, plong\u00e9e, snorkeling, p\u00eache, cano\u00eb, \u2026 Poissons color\u00e9s et oiseaux sont aussi tr\u00e8s nombreux.<\/strong><\/p>\n\n\n\n<p>Le Malawi est aussi une destination id\u00e9ale pour un s\u00e9jour hors des sentiers battus, qui plaira aux plus sportifs : randonn\u00e9e \u00e0 pied, \u00e0 cheval, en VTT ou en quad.&nbsp; Enfin, vous pourrez aussi partir \u00e0 la rencontre de la population locale particuli\u00e8rement accueillante, visiter des villages et des march\u00e9s, d\u00e9couvrir des plantations de th\u00e9, \u2026<\/p>\n\n\n\n<h2 class=\"wp-block-heading\"><span class=\"ez-toc-section\" id=\"quand-partir-pour-un-safari-au-malawi\"><\/span>Quand partir pour un safari au Malawi ?<span class=\"ez-toc-section-end\"><\/span><\/h2>\n\n\n\n<p>Le Malawi conna\u00eet deux saisons principales :<\/p>\n\n\n\n<ul class=\"wp-block-list\"><li>la saison des pluies de novembre \u00e0 mars, c\u2019est l\u2019\u00e9t\u00e9 ;<\/li><li>la saison s\u00e8che d&rsquo;avril \u00e0 octobre, c\u2019est l\u2019hiver.<\/li><\/ul>\n\n\n\n<p>La saison des pluies est caract\u00e9ris\u00e9e par des pluies abondantes, des temp\u00e9ratures \u00e9lev\u00e9es et un climat humide. \u00c0 l\u2019inverse, en hiver, le climat est sec, le soleil est largement pr\u00e9sent et les temp\u00e9ratures agr\u00e9ables. Les nuits peuvent \u00eatre fra\u00eeches au d\u00e9but de la saison s\u00e8che, surtout en altitude.<\/p>\n\n\n\n<p><strong>La meilleure p\u00e9riode pour un safari au Malawi est pendant la saison s\u00e8che de mai \u00e0 octobre.<\/strong><\/p>\n\n\n\n<p>Le climat vous permet de profiter aussi bien des journ\u00e9es \u00e0 la plage que des safaris dans les parcs. C\u2019est aussi le moment o\u00f9 la v\u00e9g\u00e9tation s\u2019amenuise et les points d\u2019eau, qui se font rares, sont le lieu de rassemblement de la faune. Il est donc plus facile de les observer.<\/p>\n\n\n\n<h2 class=\"wp-block-heading\"><span class=\"ez-toc-section\" id=\"safari-au-malawi-quel-budget\"><\/span>Safari au Malawi : quel budget ?<span class=\"ez-toc-section-end\"><\/span><\/h2>\n\n\n\n<p>Peu touristique, un safari au Malawi reste relativement abordable, en comparaison d\u2019autres pays voisins d\u2019Afrique comme la <a href=\"https:\/\/mistersafari.com\/fr\/safari-tanzanie\/\">Tanzanie<\/a> ou le <a href=\"https:\/\/mistersafari.com\/fr\/safari-botswana\/\">Botswana<\/a>.<\/p>\n\n\n\n<p>Bien \u00e9videmment, vos choix de voyage vont impacter votre budget :<\/p>\n\n\n\n<ul class=\"wp-block-list\"><li>la saison et la dur\u00e9e du voyage ;<\/li><li>le nombre de voyageurs ;<\/li><li>l\u2019itin\u00e9raire ;<\/li><li>les types d\u2019h\u00e9bergements ;<\/li><li>les moyens de transport ;<\/li><li>les activit\u00e9s sur place.<\/li><\/ul>\n\n\n\n<p>Il est donc difficile de donner une estimation du budget d\u2019un safari au Malawi tant les prix peuvent varier selon les voyages.<\/p>\n\n\n\n<h2 class=\"wp-block-heading\"><span class=\"ez-toc-section\" id=\"organiser-son-safari-au-malawi\"><\/span>Organiser son safari au Malawi<span class=\"ez-toc-section-end\"><\/span><\/h2>\n\n\n\n<h3 class=\"wp-block-heading\">Les diff\u00e9rentes options<\/h3>\n\n\n\n<h4 class=\"wp-block-heading\">Organiser seul son safari au Malawi<\/h4>\n\n\n\n<p>L\u2019organisation d\u2019un safari, quel que soit le pays, n\u2019est pas une mince affaire. Il faudra penser :<\/p>\n\n\n\n<ul class=\"wp-block-list\"><li>aux moyens de transport pour y arriver et une fois sur place ;<\/li><li>aux h\u00e9bergements ;<\/li><li>au circuit ;<\/li><li>aux activit\u00e9s.<\/li><\/ul>\n\n\n\n<p>Le Malawi est toutefois un pays s\u00e9curitaire et il n\u2019y a pas de grand risque sur place. Sa population est d\u2019ailleurs tr\u00e8s accueillante. De plus, de par sa petite taille, le nombre de points d\u2019int\u00e9r\u00eat reste relativement limit\u00e9, par rapport en tout cas \u00e0 d\u2019autres pays comme lors d\u2019un <a href=\"https:\/\/mistersafari.com\/fr\/safari-afrique-du-sud\/\">safari en Afrique du Sud<\/a>. En y passant le temps n\u00e9cessaire, vous devriez donc pouvoir composer votre circuit sans trop de difficult\u00e9s, avec \u00e0 la cl\u00e9 un voyage unique.<\/p>\n\n\n\n<h4 class=\"wp-block-heading\">Les tour-op\u00e9rateurs \u00ab classiques \u00bb<\/h4>\n\n\n\n<p>Une autre alternative est de faire appel \u00e0 un tour-op\u00e9rateur. M\u00eame si le Malawi reste encore une destination peu r\u00e9pandue, vous pouvez facilement r\u00e9server des voyages sous forme de package incluant le vol, l\u2019h\u00e9bergement, les d\u00e9placements, voire les visites. Dans ce cas, vous n\u2019avez pas \u00e0 vous soucier de l\u2019organisation et vous gagnez du temps. Ce type de voyages est cependant rarement modifiable pour l\u2019adapter \u00e0 vos envies.<\/p>\n\n\n\n<h4 class=\"wp-block-heading\">Les agences de voyages d\u00e9di\u00e9es aux safaris<\/h4>\n\n\n\n<p>Derni\u00e8re option : passer par une agence de voyage sp\u00e9cialis\u00e9e. Certaines sont d\u00e9di\u00e9es aux pays africains, d\u2019autres aux safaris. Dans tous les cas, elles proposent des voyages sur-mesure et de qualit\u00e9. Le co\u00fbt est souvent un peu plus \u00e9lev\u00e9, mais elles ont d\u00e9velopp\u00e9 des partenariats avec des prestataires locaux qui vous permettent d\u2019acc\u00e9der \u00e0 des logements ou activit\u00e9s uniques. Si votre budget le permet, c\u2019est incontestablement la solution \u00e0 choisir !<\/p>\n\n\n\n<h3 class=\"wp-block-heading\">Les logements<\/h3>\n\n\n\n<p>\u00c9l\u00e9ment important de votre voyage : le choix de l\u2019h\u00e9bergement. Le Malawi dispose de nombreux logements, pour tous les go\u00fbts et tous les budgets. Vous pourrez choisir parmi des camps en pleine brousse, des lodges et des h\u00f4tels traditionnels ou luxueux. Voici quelques exemples d\u2019h\u00e9bergement qui ont retenu notre attention :<\/p>\n\n\n\n<ul class=\"wp-block-list\"><li>le camp de l\u2019\u00eele de Mumbo Island, au milieu du Lac Malawi, avec ses tentes \u00e9co-construites sur pilotis ;<\/li><li>le Chelinda Lodge, dans le Parc National de Nyika, et ses chalets de pin luxueux ;<\/li><li>le Kumbali Country Lodge, \u00e0 proximit\u00e9 de la capitale Lilongwe ;<\/li><li>le luxueux Tongole Wilderness Lodge, dans la R\u00e9serve de Nkhotakota.&nbsp;<\/li><\/ul>\n\n\n\n<p>Certains lodges organisent des activit\u00e9s, et notamment des safaris avec guide pour leurs clients.&nbsp;<\/p>\n\n\n\n<figure class=\"wp-block-image size-large\"><img loading=\"lazy\" decoding=\"async\" width=\"1024\" height=\"685\" src=\"https:\/\/mk0mistersafarimcosm.kinstacdn.com\/wp-content\/uploads\/sites\/2\/Safari-au-Malawi-Bateau-1024x685.jpg\" alt=\"Safari au Malawi\" class=\"wp-image-2694\" srcset=\"https:\/\/mistersafari.com\/fr\/wp-content\/uploads\/sites\/2\/Safari-au-Malawi-Bateau-1024x685.jpg 1024w, https:\/\/mistersafari.com\/fr\/wp-content\/uploads\/sites\/2\/Safari-au-Malawi-Bateau-300x201.jpg 300w, https:\/\/mistersafari.com\/fr\/wp-content\/uploads\/sites\/2\/Safari-au-Malawi-Bateau-768x514.jpg 768w, https:\/\/mistersafari.com\/fr\/wp-content\/uploads\/sites\/2\/Safari-au-Malawi-Bateau-1536x1028.jpg 1536w, https:\/\/mistersafari.com\/fr\/wp-content\/uploads\/sites\/2\/Safari-au-Malawi-Bateau-2048x1371.jpg 2048w, https:\/\/mistersafari.com\/fr\/wp-content\/uploads\/sites\/2\/Safari-au-Malawi-Bateau-scaled.jpg 1200w\" sizes=\"auto, (max-width: 1024px) 100vw, 1024px\" \/><\/figure>\n\n\n\n<h2 class=\"wp-block-heading\"><span class=\"ez-toc-section\" id=\"preparer-son-safari-au-malawi\"><\/span>Pr\u00e9parer son safari au Malawi<span class=\"ez-toc-section-end\"><\/span><\/h2>\n\n\n\n<h3 class=\"wp-block-heading\">Les formalit\u00e9s d\u2019entr\u00e9e<\/h3>\n\n\n\n<p>Pour pouvoir visiter le Malawi, vous devrez poss\u00e9der :<\/p>\n\n\n\n<ul class=\"wp-block-list\"><li>un passeport valide au minimum 6 mois apr\u00e8s votre date de retour, contenant au moins 2 pages vierges ;<\/li><li>un visa touristique pour court s\u00e9jour, valable jusqu\u2019\u00e0 3 mois et pour une seule entr\u00e9e.<\/li><\/ul>\n\n\n\n<p>La dur\u00e9e de validit\u00e9 du visa est d\u00e9termin\u00e9e par les autorit\u00e9s au moment de l\u2019entr\u00e9e dans le pays (g\u00e9n\u00e9ralement 30 jours, avec une prolongation possible). Vous devrez fournir 2 photos d&rsquo;identit\u00e9 et payer la somme de $75. Une demande d\u2019E-visa est possible.<\/p>\n\n\n\n<p><em>Il n\u2019existe pas de repr\u00e9sentation diplomatique du Malawi en France mais vous pouvez contacter l\u2019Ambassade du Malawi \u00e0 Bruxelles.<\/em><\/p>\n\n\n\n<h3 class=\"wp-block-heading\">La sant\u00e9<\/h3>\n\n\n\n<p>Comme dans la plupart des pays d\u2019Afrique, quelques pr\u00e9cautions de sant\u00e9 sont \u00e0 prendre avant et pendant votre voyage, telles que celles recommand\u00e9es par l\u2019<a href=\"https:\/\/www.pasteur.fr\/fr\/centre-medical\/preparer-son-voyage\/malawi\" target=\"_blank\" rel=\"noopener\">Institut Pasteur<\/a>.<\/p>\n\n\n\n<p>Tout d\u2019abord, assurez-vous d\u2019\u00eatre \u00e0 jour de votre <a href=\"https:\/\/www.pasteur.fr\/fr\/centre-medical\/vaccination\/calendrier-vaccinal\" target=\"_blank\" rel=\"noopener\">carnet de vaccination<\/a>. Si vous arrivez d\u2019un pays o\u00f9 la fi\u00e8vre jaune est end\u00e9mique, une vaccination peut \u00eatre exig\u00e9e. Le paludisme est pr\u00e9sent dans tout le pays. Vous devrez donc vous prot\u00e9ger contre les moustiques en portant des v\u00eatements couvrants et en utilisant des r\u00e9pulsifs.<\/p>\n\n\n\n<p>Enfin, sur place, il est conseill\u00e9 de respecter des r\u00e8gles d\u2019hygi\u00e8ne, telles que :<\/p>\n\n\n\n<ul class=\"wp-block-list\"><li>se laver les mains r\u00e9guli\u00e8rement ;<\/li><li>privil\u00e9gier les aliments cuits ;<\/li><li>\u00e9plucher et bien laver les fruits et l\u00e9gumes ;<\/li><li>boire de l\u2019eau en bouteille.<\/li><\/ul>\n\n\n\n<h3 class=\"wp-block-heading\">Pr\u00e9parer sa valise pour un safari au Malawi<\/h3>\n\n\n\n<p>Pour un safari au Malawi, vous devrez aussi penser \u00e0 votre \u00e9quipement :<\/p>\n\n\n\n<ul class=\"wp-block-list\"><li>des v\u00eatements couvrants, amples, l\u00e9gers et de couleurs neutres ;<\/li><li>des chaussures confortables, chapeau, lunettes de soleil ;<\/li><li>du mat\u00e9riel photo et vid\u00e9o ;<\/li><li>des jumelles, guides, lampe torche ;<\/li><li>une trousse \u00e0 pharmacie.<\/li><\/ul>\n\n\n\n<p>Si vous comptez passer quelques jours au bord du lac, une tenue de plage (maillot de bain, chaussures l\u00e9g\u00e8res) est \u00e0 mettre dans votre valise.&nbsp;<\/p>\n\n\n\n<p><strong>Pour aller plus loin : <\/strong><a href=\"https:\/\/mistersafari.com\/fr\/blog\/preparer-valise-safari\/\"><strong>pr\u00e9parer sa valise pour un safari<\/strong><\/a><\/p>\n\n\n\n<h3 class=\"wp-block-heading\">La monnaie<\/h3>\n\n\n\n<p>La monnaie locale est le Kwacha Malawien (MWK), qui se divise en 100 Tambala. Le dollar est aussi largement r\u00e9pandu. Vous pouvez utiliser ce <a href=\"https:\/\/www.xe.com\/fr\/currencyconverter\/convert\/?Amount=1&amp;From=EUR&amp;To=ZMW\" target=\"_blank\" rel=\"noopener\">lien<\/a> pour conna\u00eetre le taux de change actuel.<\/p>\n\n\n\n<h3 class=\"wp-block-heading\">Conduire au Malawi<\/h3>\n\n\n\n<p>Le Malawi est un pays majoritairement rural. Le r\u00e9seau de routes principal du Malawi est relativement convenable, par contre les axes secondaires sont tr\u00e8s souvent accident\u00e9s. Le passage d\u2019animaux est fr\u00e9quent et les signalisations souvent absentes. La prudence et une grande attention sont donc de mise. Heureusement, les trajets sont g\u00e9n\u00e9ralement assez courts dans ce petit pays.<\/p>\n\n\n\n<p>La conduite se fait \u00e0 gauche. Un permis de conduire valide depuis au moins 2 ans et \u00eatre \u00e2g\u00e9 de 23 ans minimum sont les seuls pr\u00e9requis pour conduire au Malawi.<\/p>\n\n\n\n<h3 class=\"wp-block-heading\">Les assurances<\/h3>\n\n\n\n<p>Souscrire \u00e0 une assurance voyage est fortement recommand\u00e9 pour un safari au Malawi. Vous pouvez contacter votre assureur habituel, un assureur sp\u00e9cialis\u00e9 ou encore passer par votre agence de voyages. Les comparateurs en ligne sont aussi un bon moyen de trouver plusieurs offres. Enfin, la plupart des cartes de cr\u00e9dit incluent \u00e9galement certaines assurances.<\/p>\n\n\n\n<p>Les assurances recommand\u00e9es pour ce type de voyage concernent :<\/p>\n\n\n\n<ul class=\"wp-block-list\"><li>l\u2019assurance annulation du voyage ;<\/li><li>les frais d\u2019hospitalisation et de sant\u00e9 ;<\/li><li>les frais de rapatriement.<\/li><\/ul>\n\n\n\n<p>Pensez \u00e0 bien comparer les diff\u00e9rentes offres pour comprendre ce qui est couvert ou non.<\/p>\n\n\n\n<h2 class=\"wp-block-heading\"><span class=\"ez-toc-section\" id=\"quelles-alternatives-a-un-safari-au-malawi\"><\/span>Quelles alternatives \u00e0 un safari au Malawi ?<span class=\"ez-toc-section-end\"><\/span><\/h2>\n\n\n\n<p>Du fait de sa petite taille et sa proximit\u00e9 avec d\u2019autres grands pays d\u2019Afrique r\u00e9put\u00e9s pour les safaris, un voyage au Malawi est souvent combin\u00e9 avec la visite d\u2019un autre pays. Pour en savoir plus, n\u2019h\u00e9sitez pas \u00e0 lire nos autres guides :<\/p>\n\n\n\n<ul class=\"wp-block-list\"><li><a href=\"https:\/\/mistersafari.com\/fr\/safari-kenya\/\">Safari au Kenya<\/a><\/li><li><a href=\"https:\/\/mistersafari.com\/fr\/safari-afrique-du-sud\/\">Safari en Afrique du Sud<\/a><\/li><li><a href=\"https:\/\/mistersafari.com\/fr\/safari-tanzanie\/\">Safari en Tanzanie<\/a><\/li><li><a href=\"https:\/\/mistersafari.com\/fr\/safari-namibie\/\">Safari en Namibie<\/a><\/li><li><a href=\"https:\/\/mistersafari.com\/fr\/safari-botswana\/\" class=\"rank-math-link\">Safari au Botswana<\/a><\/li><\/ul>\n\n\n\n<h2 class=\"wp-block-heading\"><span class=\"ez-toc-section\" id=\"faq\"><\/span>FAQ<span class=\"ez-toc-section-end\"><\/span><\/h2>\n\n\n<div id=\"rank-math-faq\" class=\"rank-math-block\">\n<div class=\"rank-math-list \">\n<div id=\"faq-question-1619679241233\" class=\"rank-math-list-item\">\n<h3 class=\"rank-math-question \">Combien co\u00fbte un safari au Malawi ?<\/h3>\n<div class=\"rank-math-answer \">\n\n<p>De nombreux \u00e9l\u00e9ments entrent en compte dans l\u2019organisation d\u2019un safari au Malawi et impactent son co\u00fbt. C\u2019est une destination au rapport qualit\u00e9\/prix tr\u00e8s attractif et il est possible de r\u00e9aliser un safari au Malawi pas cher, tout comme un safari luxueux.\u00a0<\/p>\n\n<\/div>\n<\/div>\n<div id=\"faq-question-1619679245226\" class=\"rank-math-list-item\">\n<h3 class=\"rank-math-question \">Quand faire un safari au Malawi ?<\/h3>\n<div class=\"rank-math-answer \">\n\n<p>La meilleure p\u00e9riode pour un safari au Malawi est pendant l\u2019hiver, c\u2019est-\u00e0-dire la saison s\u00e8che qui court de mai \u00e0 octobre. Le climat est agr\u00e9able, les herbes rases et les animaux se rassemblent pr\u00e8s des points d\u2019eau qui se font de plus en plus rares.<\/p>\n\n<\/div>\n<\/div>\n<\/div>\n<\/div>","protected":false},"excerpt":{"rendered":"<p>Son magnifique lac, sa population accueillante, sa nature pr\u00e9serv\u00e9e et ses nombreux animaux sauvages, \u2026 Vous envisagez un voyage au Malawi ? Vous avez de bonnes raisons de le faire ! Dans ce guide, vous trouverez toutes les informations utiles pour pr\u00e9parer et organiser votre safari au Malawi. Safari au Malawi : les raisons du &#8230; <a title=\"Safari au Malawi\" class=\"read-more\" href=\"https:\/\/mistersafari.com\/fr\/safari-malawi\/\" aria-label=\"En savoir plus sur Safari au Malawi\">Lire la suite<\/a><\/p>\n","protected":false},"author":3,"featured_media":3338,"parent":0,"menu_order":17,"comment_status":"closed","ping_status":"closed","template":"","meta":{"_acf_changed":false,"footnotes":""},"content_type":[24],"country":[28],"class_list":{"0":"post-2683","1":"page","2":"type-page","3":"status-publish","4":"has-post-thumbnail","6":"content_type-pays","7":"country-malawi","8":"no-featured-image-padding"},"acf":{"hreflang":null},"_links":{"self":[{"href":"https:\/\/mistersafari.com\/fr\/wp-json\/wp\/v2\/pages\/2683","targetHints":{"allow":["GET"]}}],"collection":[{"href":"https:\/\/mistersafari.com\/fr\/wp-json\/wp\/v2\/pages"}],"about":[{"href":"https:\/\/mistersafari.com\/fr\/wp-json\/wp\/v2\/types\/page"}],"author":[{"embeddable":true,"href":"https:\/\/mistersafari.com\/fr\/wp-json\/wp\/v2\/users\/3"}],"replies":[{"embeddable":true,"href":"https:\/\/mistersafari.com\/fr\/wp-json\/wp\/v2\/comments?post=2683"}],"version-history":[{"count":9,"href":"https:\/\/mistersafari.com\/fr\/wp-json\/wp\/v2\/pages\/2683\/revisions"}],"predecessor-version":[{"id":2699,"href":"https:\/\/mistersafari.com\/fr\/wp-json\/wp\/v2\/pages\/2683\/revisions\/2699"}],"wp:featuredmedia":[{"embeddable":true,"href":"https:\/\/mistersafari.com\/fr\/wp-json\/wp\/v2\/media\/3338"}],"wp:attachment":[{"href":"https:\/\/mistersafari.com\/fr\/wp-json\/wp\/v2\/media?parent=2683"}],"wp:term":[{"taxonomy":"content_type","embeddable":true,"href":"https:\/\/mistersafari.com\/fr\/wp-json\/wp\/v2\/content_type?post=2683"},{"taxonomy":"country","embeddable":true,"href":"https:\/\/mistersafari.com\/fr\/wp-json\/wp\/v2\/country?post=2683"}],"curies":[{"name":"wp","href":"https:\/\/api.w.org\/{rel}","templated":true}]}}