{"id":2672,"date":"2021-04-28T14:41:59","date_gmt":"2021-04-28T14:41:59","guid":{"rendered":"https:\/\/mistersafari.com\/fr\/safari-botswana\/lodges\/mombo-camp\/"},"modified":"2021-06-29T15:33:20","modified_gmt":"2021-06-29T15:33:20","slug":"mombo-camp","status":"publish","type":"page","link":"https:\/\/mistersafari.com\/fr\/safari-botswana\/lodges\/mombo-camp\/","title":{"rendered":"Mombo Camp"},"content":{"rendered":"\n<p>Vous cherchez un logement haut de gamme pour visiter le <a href=\"https:\/\/mistersafari.com\/fr\/safari-botswana\/\" data-type=\"page\" data-id=\"1772\">Botswana et ses safaris l\u00e9gendaires<\/a> ? D\u00e9couvrez le Mombo Camp, un havre de paix aux panoramas prodigieux. On vous donne toutes les informations sur ce lodge.<\/p>\n\n\n<div id=\"ez-toc-container\" class=\"ez-toc-v2_0_76 counter-flat ez-toc-counter ez-toc-custom ez-toc-container-direction\">\n<div class=\"ez-toc-title-container\"><p class=\"ez-toc-title\" style=\"cursor:inherit\">Sommaire<\/p>\n<\/div><nav><ul class='ez-toc-list ez-toc-list-level-1 ' ><li class='ez-toc-page-1'><a class=\"ez-toc-link ez-toc-heading-1\" href=\"https:\/\/mistersafari.com\/fr\/safari-botswana\/lodges\/mombo-camp\/#pourquoi-se-loger-a-mombo-camp\" >Pourquoi se loger \u00e0 Mombo Camp ?<\/a><\/li><li class='ez-toc-page-1'><a class=\"ez-toc-link ez-toc-heading-2\" href=\"https:\/\/mistersafari.com\/fr\/safari-botswana\/lodges\/mombo-camp\/#localisation-de-mombo-camp\" >Localisation de Mombo Camp<\/a><\/li><li class='ez-toc-page-1'><a class=\"ez-toc-link ez-toc-heading-3\" href=\"https:\/\/mistersafari.com\/fr\/safari-botswana\/lodges\/mombo-camp\/#equipements-de-mombo-camp\" >\u00c9quipements de Mombo Camp<\/a><\/li><li class='ez-toc-page-1'><a class=\"ez-toc-link ez-toc-heading-4\" href=\"https:\/\/mistersafari.com\/fr\/safari-botswana\/lodges\/mombo-camp\/#quels-sont-les-tarifs-de-mombo-camp\" >Quels sont les tarifs de Mombo Camp ?<\/a><\/li><li class='ez-toc-page-1'><a class=\"ez-toc-link ez-toc-heading-5\" href=\"https:\/\/mistersafari.com\/fr\/safari-botswana\/lodges\/mombo-camp\/#mombo-camp-avis-clients\" >Mombo Camp : avis clients<\/a><\/li><\/ul><\/nav><\/div>\n\n\n\n\n<h2 class=\"wp-block-heading\"><span class=\"ez-toc-section\" id=\"pourquoi-se-loger-a-mombo-camp\"><\/span>Pourquoi se loger \u00e0 Mombo Camp ?<span class=\"ez-toc-section-end\"><\/span><\/h2>\n\n\n\n<p>Fermez les yeux et imaginez\u2026 Le rugissement des lions au coucher du soleil\u2026 Une suite luxueuse au milieu de la faune sauvage\u2026 Loin de tous vos soucis du quotidien, on vous emm\u00e8ne pour une parenth\u00e8se enchant\u00e9e au Botswana.<\/p>\n\n\n\n<p>Cach\u00e9 au milieu du delta de l\u2019Okavango, le Mombo Camp est un petit coin de paradis. On y croise des rhinoc\u00e9ros, des antilopes, des \u00e9l\u00e9phants, des lions, des z\u00e8bres et des l\u00e9opards. Les plus chanceux apercevront des rhinoc\u00e9ros noirs et blancs se dessiner dans le paysage et assisteront aux courses effr\u00e9n\u00e9es de quelques gu\u00e9pards.<\/p>\n\n\n\n<p>Ce camp divis\u00e9 en 2 sites (le Mombo Safari Camp et le Little Mombo Camp) se confond avec la nature. Reconstruit en 2018 avec des mat\u00e9riaux naturels et devenu 100 % solaire, ce lodge est respectueux de l\u2019environnement et de la biodiversit\u00e9 locale.<\/p>\n\n\n\n<p>Le Mombo Safari Camp est compos\u00e9 de 8 suites : 7 suites pour couples et une suite familiale. Un peu plus intimiste, le Little Mombo Camp accueille 4 suites en son sein. Il est adapt\u00e9 pour les petits groupes et est enti\u00e8rement privatisable. Ces deux camps sont construits en hauteur et reli\u00e9s par une passerelle en bois.<\/p>\n\n\n\n<p>Le Mombo Camp dispose d\u2019un spa o\u00f9 vous pourrez vous d\u00e9tendre tout en vous faisant masser par des professionnels. Le \u00ab Boma \u00bb est un lieu en ext\u00e9rieur o\u00f9 on se retrouve autour du feu pour d\u00e9guster de d\u00e9licieux mets ou assister \u00e0 des danses traditionnelles du pays.<\/p>\n\n\n\n<p>Chaque suite est agenc\u00e9e de la mani\u00e8re suivante : une piscine privative au-dehors, un coin lounge avec canap\u00e9 et un somptueux lit double en int\u00e9rieur, une salle de bains ouverte sur l\u2019ext\u00e9rieur (que vous pouvez fermer \u00e0 votre guise.) Se pr\u00e9lasser dans son bain avec une vue \u00e0 couper le souffle devient r\u00e9alit\u00e9.<\/p>\n\n\n\n<figure class=\"wp-block-image size-large\"><picture><source srcset=\"https:\/\/mistersafari.com\/fr\/wp-content\/uploads\/sites\/2\/Mombo-Camp-Paysages.webp 1024w,https:\/\/mistersafari.com\/fr\/wp-content\/uploads\/sites\/2\/Mombo-Camp-Paysages-300x200.webp 300w,https:\/\/mistersafari.com\/fr\/wp-content\/uploads\/sites\/2\/Mombo-Camp-Paysages-768x511.webp 768w\" sizes=\"auto, (max-width: 1024px) 100vw, 1024px\" type=\"image\/webp\"><img src=\"https:\/\/mistersafari.com\/fr\/wp-content\/uploads\/sites\/2\/Mombo-Camp-Paysages.jpeg\" height=\"681\" width=\"1024\" srcset=\"https:\/\/mistersafari.com\/fr\/wp-content\/uploads\/sites\/2\/Mombo-Camp-Paysages.jpeg 1024w, https:\/\/mistersafari.com\/fr\/wp-content\/uploads\/sites\/2\/Mombo-Camp-Paysages-300x200.jpeg 300w, https:\/\/mistersafari.com\/fr\/wp-content\/uploads\/sites\/2\/Mombo-Camp-Paysages-768x511.jpeg 768w\" sizes=\"auto, (max-width: 1024px) 100vw, 1024px\" class=\"wp-image-2704 sp-no-webp\" alt=\"Mombo Camp - Paysages\" loading=\"lazy\" decoding=\"async\"  > <\/picture><\/figure>\n\n\n\n<p>Pour les activit\u00e9s, vous avez l\u2019embarras du choix. Entre safaris, observation des oiseaux, piscine, game drives, massages, tour en h\u00e9licopt\u00e8re ou juste observation de la faune sauvage depuis votre canap\u00e9, vous ne verrez pas le temps passer.<\/p>\n\n\n\n<h2 class=\"wp-block-heading\"><span class=\"ez-toc-section\" id=\"localisation-de-mombo-camp\"><\/span>Localisation de Mombo Camp<span class=\"ez-toc-section-end\"><\/span><\/h2>\n\n\n\n<p>Le Mombo Camp se trouve au nord du Botswana. C\u2019est le pays o\u00f9 le prince Harry et Meghan Markle ont pass\u00e9 leur lune de miel. Ce camp est situ\u00e9 au nord de Chief\u2019s Island, dans une vall\u00e9e fertile o\u00f9 les pr\u00e9dateurs se r\u00e9fugient pour chasser leurs proies.<\/p>\n\n\n\n<p>La route pour arriver au Mombo Camp en voiture depuis l\u2019a\u00e9roport est inaccessible la plupart du temps (terrain inondable) : ce mode de transport n\u2019est m\u00eame pas propos\u00e9 par le lodge. Le Mombo Camp organise des navettes a\u00e9riennes entre l\u2019a\u00e9roport de Maun et le lodge.<\/p>\n\n\n\n<p>Si vous venez d\u2019Europe ou de New-York, le passage obligatoire est l\u2019a\u00e9roport de Cape Town ou l\u2019a\u00e9roport de Johannesburg. Pour rejoindre l\u2019a\u00e9roport de Maun, prenez ensuite un vol r\u00e9gional (1 h 30 depuis Johannesburg ou 2 h 30 depuis Cape Town). Comptez 30 min pour rejoindre le Mombo Camp en avion l\u00e9ger ou h\u00e9licopt\u00e8re.<\/p>\n\n\n\n<h2 class=\"wp-block-heading\"><span class=\"ez-toc-section\" id=\"equipements-de-mombo-camp\"><\/span>\u00c9quipements de Mombo Camp<span class=\"ez-toc-section-end\"><\/span><\/h2>\n\n\n\n<figure class=\"wp-block-table\"><table class=\"has-fixed-layout\"><thead><tr><th class=\"has-text-align-center\" data-align=\"center\"><strong>\u00c9quipement<\/strong><\/th><th class=\"has-text-align-center\" data-align=\"center\"><strong>Oui\/Non<\/strong><\/th><\/tr><\/thead><tbody><tr><td class=\"has-text-align-center\" data-align=\"center\">Wifi<\/td><td class=\"has-text-align-center\" data-align=\"center\">Oui (optionnel)<\/td><\/tr><tr><td class=\"has-text-align-center\" data-align=\"center\">Climatisation<\/td><td class=\"has-text-align-center\" data-align=\"center\">N\/A<\/td><\/tr><tr><td class=\"has-text-align-center\" data-align=\"center\">Ventilateur<\/td><td class=\"has-text-align-center\" data-align=\"center\">N\/A<\/td><\/tr><tr><td class=\"has-text-align-center\" data-align=\"center\">Parking<\/td><td class=\"has-text-align-center\" data-align=\"center\">N\/A<\/td><\/tr><tr><td class=\"has-text-align-center\" data-align=\"center\">Restaurant<\/td><td class=\"has-text-align-center\" data-align=\"center\">Oui<\/td><\/tr><tr><td class=\"has-text-align-center\" data-align=\"center\">Bar<\/td><td class=\"has-text-align-center\" data-align=\"center\">Oui<\/td><\/tr><tr><td class=\"has-text-align-center\" data-align=\"center\">Room service<\/td><td class=\"has-text-align-center\" data-align=\"center\">N\/A<\/td><\/tr><tr><td class=\"has-text-align-center\" data-align=\"center\">Balcon\/terrasse priv\u00e9<\/td><td class=\"has-text-align-center\" data-align=\"center\">Oui<\/td><\/tr><tr><td class=\"has-text-align-center\" data-align=\"center\">Pressing<\/td><td class=\"has-text-align-center\" data-align=\"center\">Oui<\/td><\/tr><tr><td class=\"has-text-align-center\" data-align=\"center\">Massage<\/td><td class=\"has-text-align-center\" data-align=\"center\">Oui (optionnel)<\/td><\/tr><tr><td class=\"has-text-align-center\" data-align=\"center\">Piscine<\/td><td class=\"has-text-align-center\" data-align=\"center\">Oui<\/td><\/tr><tr><td class=\"has-text-align-center\" data-align=\"center\">S\u00e9curit\u00e9<\/td><td class=\"has-text-align-center\" data-align=\"center\">Oui<\/td><\/tr><tr><td class=\"has-text-align-center\" data-align=\"center\">Navette a\u00e9roport<\/td><td class=\"has-text-align-center\" data-align=\"center\">Oui<\/td><\/tr><\/tbody><\/table><figcaption>\u00c9quipements du Mombo Camp<\/figcaption><\/figure>\n\n\n\n<h2 class=\"wp-block-heading\"><span class=\"ez-toc-section\" id=\"quels-sont-les-tarifs-de-mombo-camp\"><\/span>Quels sont les tarifs de Mombo Camp ?<span class=\"ez-toc-section-end\"><\/span><\/h2>\n\n\n\n<figure class=\"wp-block-table\"><table class=\"has-fixed-layout\"><thead><tr><th class=\"has-text-align-center\" data-align=\"center\"><strong>Type de chambre<\/strong><\/th><th class=\"has-text-align-center\" data-align=\"center\"><strong>Prestations<\/strong><\/th><th class=\"has-text-align-center\" data-align=\"center\"><strong>Tarif journalier (\u00e0 partir de)<\/strong><\/th><\/tr><\/thead><tbody><tr><td class=\"has-text-align-center\" data-align=\"center\">Suite<\/td><td class=\"has-text-align-center\" data-align=\"center\">All inclusive<\/td><td class=\"has-text-align-center\" data-align=\"center\">$2200 \/ nuit \/ voyageur<\/td><\/tr><\/tbody><\/table><figcaption>Tarifs du Mombo Camp<\/figcaption><\/figure>\n\n\n\n<p>Les prestations \u00ab All Inclusive \u00bb comprennent la suite, le transfert a\u00e9rien vers le lodge (aller et retour), les repas, les boissons (hors liqueurs premiums comme le champagne), le pressing et l\u2019acc\u00e8s \u00e0 la piscine. En compl\u00e9ment (payant), vous pouvez vous faire masser et faire un tour en h\u00e9licopt\u00e8re au-dessus du <a href=\"https:\/\/mistersafari.com\/fr\/safari-botswana\/parcs-reserves\/delta-okavango\/\" data-type=\"page\" data-id=\"3081\">delta d\u2019Okavango<\/a>.<\/p>\n\n\n\n<figure class=\"wp-block-image size-large\"><picture><source srcset=\"https:\/\/mistersafari.com\/fr\/wp-content\/uploads\/sites\/2\/Mombo-Camp-Chambre.webp 1024w,https:\/\/mistersafari.com\/fr\/wp-content\/uploads\/sites\/2\/Mombo-Camp-Chambre-300x225.webp 300w,https:\/\/mistersafari.com\/fr\/wp-content\/uploads\/sites\/2\/Mombo-Camp-Chambre-768x576.webp 768w\" sizes=\"auto, (max-width: 1024px) 100vw, 1024px\" type=\"image\/webp\"><img src=\"https:\/\/mistersafari.com\/fr\/wp-content\/uploads\/sites\/2\/Mombo-Camp-Chambre.jpeg\" height=\"768\" width=\"1024\" srcset=\"https:\/\/mistersafari.com\/fr\/wp-content\/uploads\/sites\/2\/Mombo-Camp-Chambre.jpeg 1024w, https:\/\/mistersafari.com\/fr\/wp-content\/uploads\/sites\/2\/Mombo-Camp-Chambre-300x225.jpeg 300w, https:\/\/mistersafari.com\/fr\/wp-content\/uploads\/sites\/2\/Mombo-Camp-Chambre-768x576.jpeg 768w\" sizes=\"auto, (max-width: 1024px) 100vw, 1024px\" class=\"wp-image-2703 sp-no-webp\" alt=\"Mombo Camp - Chambres\" loading=\"lazy\" decoding=\"async\"  > <\/picture><\/figure>\n\n\n\n<p>Les tarifs varient entre $ 2 200 et $ 3 800 par nuit\u00e9e et par personne. En fonction de la p\u00e9riode o\u00f9 vous venez, les prix varient beaucoup. Les mois de janvier \u00e0 mars ($ 2 200) sont les plus \u00e9conomiques alors que de juin \u00e0 octobre le tarif est de $ 3 800 par jour.<\/p>\n\n\n\n<h2 class=\"wp-block-heading\"><span class=\"ez-toc-section\" id=\"mombo-camp-avis-clients\"><\/span>Mombo Camp : avis clients<span class=\"ez-toc-section-end\"><\/span><\/h2>\n\n\n\n<p>Sur Tripadvisor, le Mombo Camp obtient une note moyenne de 5\/5 sur 276 avis. C\u2019est m\u00eame une destination consid\u00e9r\u00e9e comme le \u00ab Traveller\u2019s Choice 2020 \u00bb. Sur Google, le Mombo Camp obtient une moyenne de 4,6\/5 avec 14 avis et le Little Mombo Camp obtient une note de 4,7\/5 avec 20 avis.<\/p>\n\n\n\n<p>Les internautes soulignent l\u2019accueil fantastique du personnel, la beaut\u00e9 des lieux et la qualit\u00e9 des mets servis. Les activit\u00e9s de safaris ont beaucoup \u00e9t\u00e9 appr\u00e9ci\u00e9es par les clients et la sympathie des guides a \u00e9t\u00e9 relev\u00e9e. Mais certains avis (de 2014) indiquent que l\u2019acc\u00e8s \u00e0 Internet n\u2019est pas possible. Ils sont \u00e0 prendre avec des pincettes car le site officiel du Mombo Camp indique que le wifi est disponible dans toutes les suites.<\/p>\n","protected":false},"excerpt":{"rendered":"<p>Vous cherchez un logement haut de gamme pour visiter le Botswana et ses safaris l\u00e9gendaires ? D\u00e9couvrez le Mombo Camp, un havre de paix aux panoramas prodigieux. On vous donne toutes les informations sur ce lodge. Pourquoi se loger \u00e0 Mombo Camp ? Fermez les yeux et imaginez\u2026 Le rugissement des lions au coucher du &#8230; <a title=\"Mombo Camp\" class=\"read-more\" href=\"https:\/\/mistersafari.com\/fr\/safari-botswana\/lodges\/mombo-camp\/\" aria-label=\"En savoir plus sur Mombo Camp\">Lire la suite<\/a><\/p>\n","protected":false},"author":3,"featured_media":2702,"parent":2670,"menu_order":1,"comment_status":"closed","ping_status":"closed","template":"","meta":{"_acf_changed":false,"footnotes":""},"content_type":[],"country":[27],"class_list":{"0":"post-2672","1":"page","2":"type-page","3":"status-publish","4":"has-post-thumbnail","6":"country-botswana","7":"no-featured-image-padding"},"acf":{"hreflang":null},"_links":{"self":[{"href":"https:\/\/mistersafari.com\/fr\/wp-json\/wp\/v2\/pages\/2672","targetHints":{"allow":["GET"]}}],"collection":[{"href":"https:\/\/mistersafari.com\/fr\/wp-json\/wp\/v2\/pages"}],"about":[{"href":"https:\/\/mistersafari.com\/fr\/wp-json\/wp\/v2\/types\/page"}],"author":[{"embeddable":true,"href":"https:\/\/mistersafari.com\/fr\/wp-json\/wp\/v2\/users\/3"}],"replies":[{"embeddable":true,"href":"https:\/\/mistersafari.com\/fr\/wp-json\/wp\/v2\/comments?post=2672"}],"version-history":[{"count":5,"href":"https:\/\/mistersafari.com\/fr\/wp-json\/wp\/v2\/pages\/2672\/revisions"}],"predecessor-version":[{"id":3135,"href":"https:\/\/mistersafari.com\/fr\/wp-json\/wp\/v2\/pages\/2672\/revisions\/3135"}],"up":[{"embeddable":true,"href":"https:\/\/mistersafari.com\/fr\/wp-json\/wp\/v2\/pages\/2670"}],"wp:featuredmedia":[{"embeddable":true,"href":"https:\/\/mistersafari.com\/fr\/wp-json\/wp\/v2\/media\/2702"}],"wp:attachment":[{"href":"https:\/\/mistersafari.com\/fr\/wp-json\/wp\/v2\/media?parent=2672"}],"wp:term":[{"taxonomy":"content_type","embeddable":true,"href":"https:\/\/mistersafari.com\/fr\/wp-json\/wp\/v2\/content_type?post=2672"},{"taxonomy":"country","embeddable":true,"href":"https:\/\/mistersafari.com\/fr\/wp-json\/wp\/v2\/country?post=2672"}],"curies":[{"name":"wp","href":"https:\/\/api.w.org\/{rel}","templated":true}]}}