{"id":2583,"date":"2021-04-21T15:16:22","date_gmt":"2021-04-21T15:16:22","guid":{"rendered":"https:\/\/mistersafari.com\/fr\/safari-kenya\/lodges\/sasaab-lodge\/"},"modified":"2021-04-22T12:45:01","modified_gmt":"2021-04-22T12:45:01","slug":"sasaab-lodge","status":"publish","type":"page","link":"https:\/\/mistersafari.com\/fr\/safari-kenya\/lodges\/sasaab-lodge\/","title":{"rendered":"Sasaab Lodge"},"content":{"rendered":"\n<p>Au c\u0153ur d\u2019une nature pr\u00e9serv\u00e9e, le Sasaab Lodge accueille ses visiteurs dans un h\u00e9bergement de haut standing. Pourquoi se rendre au Sasaab Lodge ? D\u00e9couvrez-en plus sur ce lodge dans ce guide.<\/p>\n\n\n<div id=\"ez-toc-container\" class=\"ez-toc-v2_0_76 counter-flat ez-toc-counter ez-toc-custom ez-toc-container-direction\">\n<div class=\"ez-toc-title-container\"><p class=\"ez-toc-title\" style=\"cursor:inherit\">Sommaire<\/p>\n<\/div><nav><ul class='ez-toc-list ez-toc-list-level-1 ' ><li class='ez-toc-page-1'><a class=\"ez-toc-link ez-toc-heading-1\" href=\"https:\/\/mistersafari.com\/fr\/safari-kenya\/lodges\/sasaab-lodge\/#pourquoi-loger-a-sasaab-lodge\">Pourquoi loger \u00e0 Sasaab Lodge ?<\/a><\/li><li class='ez-toc-page-1'><a class=\"ez-toc-link ez-toc-heading-2\" href=\"https:\/\/mistersafari.com\/fr\/safari-kenya\/lodges\/sasaab-lodge\/#localisation-du-sasaab-lodge\">Localisation du Sasaab Lodge<\/a><\/li><li class='ez-toc-page-1'><a class=\"ez-toc-link ez-toc-heading-3\" href=\"https:\/\/mistersafari.com\/fr\/safari-kenya\/lodges\/sasaab-lodge\/#equipements-du-sasaab-lodge\">\u00c9quipements du Sasaab Lodge<\/a><\/li><li class='ez-toc-page-1'><a class=\"ez-toc-link ez-toc-heading-4\" href=\"https:\/\/mistersafari.com\/fr\/safari-kenya\/lodges\/sasaab-lodge\/#quels-sont-les-tarifs-du-sasaab-lodge\">Quels sont les tarifs du Sasaab Lodge ?<\/a><\/li><li class='ez-toc-page-1'><a class=\"ez-toc-link ez-toc-heading-5\" href=\"https:\/\/mistersafari.com\/fr\/safari-kenya\/lodges\/sasaab-lodge\/#sasaab-lodge-avis-clients\">Sasaab Lodge : avis clients<\/a><\/li><\/ul><\/nav><\/div>\n\n\n\n\n<h2 class=\"wp-block-heading\"><span class=\"ez-toc-section\" id=\"pourquoi-loger-a-sasaab-lodge\"><\/span>Pourquoi loger \u00e0 Sasaab Lodge ?<span class=\"ez-toc-section-end\"><\/span><\/h2>\n\n\n\n<p>Ouvert en 2007,&nbsp;le Sasaab Lodge tient son nom d\u2019un arbre aux fleurs blanches qui pousse dans la r\u00e9gion. Situ\u00e9 en haut d\u2019une colline, vous profiterez d&rsquo;une vue directe sur la rivi\u00e8re Ewaso Nyiro o\u00f9 l\u2019on peut observer les troupeaux d\u2019\u00e9l\u00e9phants venus s\u2019abreuver ou se baigner. Plus au loin, le panorama s\u2019\u00e9tire sur le Plateau de Laikipia, la R\u00e9serve de Samburu et Mathews Range. Sans oublier un aper\u00e7u du Mont Kenya !<\/p>\n\n\n\n<p>Ce lodge haut de gamme dispose de 9 suites de 100 m2 avec salle de bain ext\u00e9rieure et piscine privative. Une piscine commune donnant sur la rivi\u00e8re est aussi \u00e0 disposition des visiteurs. La d\u00e9coration des chambres et du lodge est de type marocain m\u00e9lang\u00e9 \u00e0 la culture Swahili, avec des toits de chaume pour une touche rustique. De grandes arches ouvertes sur l\u2019ext\u00e9rieur, permettant \u00e0 l\u2019air de circuler, apportent et pr\u00e9servent la fra\u00eecheur dans les suites.<\/p>\n\n\n\n<p><strong>Spacieux, paisible, d\u00e9paysant, luxueux mais surtout proche de la nature sont les principales caract\u00e9ristiques de ce lodge.<\/strong><\/p>\n\n\n\n<figure class=\"wp-block-image size-large\"><picture><source srcset=\"https:\/\/mistersafari.com\/fr\/wp-content\/uploads\/sites\/2\/Sasaab-Lodge-Piscine-1024x576.webp 1024w,https:\/\/mistersafari.com\/fr\/wp-content\/uploads\/sites\/2\/Sasaab-Lodge-Piscine-300x169.webp 300w,https:\/\/mistersafari.com\/fr\/wp-content\/uploads\/sites\/2\/Sasaab-Lodge-Piscine-768x432.webp 768w,https:\/\/mistersafari.com\/fr\/wp-content\/uploads\/sites\/2\/Sasaab-Lodge-Piscine.webp 1200w\" sizes=\"auto, (max-width: 1024px) 100vw, 1024px\" type=\"image\/webp\"><img src=\"https:\/\/mistersafari.com\/fr\/wp-content\/uploads\/sites\/2\/Sasaab-Lodge-Piscine-1024x576.jpeg\" height=\"576\" width=\"1024\" srcset=\"https:\/\/mistersafari.com\/fr\/wp-content\/uploads\/sites\/2\/Sasaab-Lodge-Piscine-1024x576.jpeg 1024w, https:\/\/mistersafari.com\/fr\/wp-content\/uploads\/sites\/2\/Sasaab-Lodge-Piscine-300x169.jpeg 300w, https:\/\/mistersafari.com\/fr\/wp-content\/uploads\/sites\/2\/Sasaab-Lodge-Piscine-768x432.jpeg 768w, https:\/\/mistersafari.com\/fr\/wp-content\/uploads\/sites\/2\/Sasaab-Lodge-Piscine.jpeg 1200w\" sizes=\"auto, (max-width: 1024px) 100vw, 1024px\" class=\"wp-image-2613 sp-no-webp\" alt=\"Piscine priv\u00e9e au Sasaab Lodge\" loading=\"lazy\" decoding=\"async\"  > <\/picture><figcaption>Piscine priv\u00e9e au Sasaab Lodge &#8211; <a href=\"https:\/\/www.thesafaricollection.com\/properties\/sasaab\" target=\"_blank\" aria-label=\"Source (opens in a new tab)\" rel=\"noreferrer noopener nofollow\" class=\"rank-math-link\">Source<\/a><\/figcaption><\/figure>\n\n\n\n<p>Les activit\u00e9s ne manquent pas. Nombreuses sont incluses dans la nuit\u00e9e, d\u2019autres sont en suppl\u00e9ment : marches guid\u00e9es, observation des oiseaux, observation des \u00e9toiles, soins en spa, game drives, randonn\u00e9e \u00e0 dos de chameau ou en quad, safaris de nuit, d\u00e9couverte de la culture et des traditions Samburu, vol en h\u00e9licopt\u00e8re&#8230; Les plus aventureux pourront aussi partir 1 ou 2 nuits en camping itin\u00e9rant pour passer la nuit \u00e0 la belle \u00e9toile dans la savane dans des tentes moustiquaires.<\/p>\n\n\n\n<p>Les enfants, de tout \u00e2ge, sont les bienvenus et ne seront pas non plus en reste du c\u00f4t\u00e9 des activit\u00e9s avec notamment des ateliers pour apprendre \u00e0 fabriquer un arc et des fl\u00e8ches ou encore une brosse \u00e0 dents artisanale. Un service de baby-sitting peut aussi \u00eatre r\u00e9serv\u00e9.<\/p>\n\n\n\n<p>Les safaris se r\u00e9alisent dans un 4&#215;4 partag\u00e9, mais vous avez aussi la possibilit\u00e9 de partir en safari avec voiture et guide priv\u00e9s moyennant un suppl\u00e9ment.<\/p>\n\n\n\n<p>Le personnel, qui parle anglais, est aux petits soins et s\u2019assure que vous ne manquez de rien dans ce lodge de gamme sup\u00e9rieure. Votre majordome se charge de r\u00e9pondre \u00e0 vos besoins afin que vous profitiez de votre s\u00e9jour en toute s\u00e9r\u00e9nit\u00e9.<\/p>\n\n\n\n<h2 class=\"wp-block-heading\"><span class=\"ez-toc-section\" id=\"localisation-du-sasaab-lodge\"><\/span>Localisation du Sasaab Lodge<span class=\"ez-toc-section-end\"><\/span><\/h2>\n\n\n\n<p>Le Sasaab lodge est situ\u00e9 dans le Comt\u00e9 de Samburu, au centre du Kenya. Il se trouve dans la Concession \u201cWestgate Community Conservancy\u201d, \u00e0 environ 30 minutes de l\u2019entr\u00e9e ouest de la <a href=\"https:\/\/mistersafari.com\/fr\/safari-kenya\/parcs-reserves\/samburu\/\">R\u00e9serve de Samburu<\/a>. Il faut ensuite compter environ 30 minutes de route pour atteindre le centre de la R\u00e9serve.<\/p>\n\n\n\n<p>Pour se rendre au Sasaab Lodge, la dur\u00e9e du vol depuis Nairobi est d\u2019environ 1h30 jusqu\u2019\u00e0 l\u2019a\u00e9rodrome de Buffalo Springs ou celui de Sasaab. Par la route, le trajet dure environ 9 heures depuis Nairobi, en fonction des conditions.<\/p>\n\n\n\n<figure class=\"wp-block-image size-large\"><picture><source srcset=\"https:\/\/mistersafari.com\/fr\/wp-content\/uploads\/sites\/2\/Sasaab-Lodge-Ballade-en-dromadaire-1024x576.webp 1024w,https:\/\/mistersafari.com\/fr\/wp-content\/uploads\/sites\/2\/Sasaab-Lodge-Ballade-en-dromadaire-300x169.webp 300w,https:\/\/mistersafari.com\/fr\/wp-content\/uploads\/sites\/2\/Sasaab-Lodge-Ballade-en-dromadaire-768x432.webp 768w,https:\/\/mistersafari.com\/fr\/wp-content\/uploads\/sites\/2\/Sasaab-Lodge-Ballade-en-dromadaire.webp 1200w\" sizes=\"auto, (max-width: 1024px) 100vw, 1024px\" type=\"image\/webp\"><img src=\"https:\/\/mistersafari.com\/fr\/wp-content\/uploads\/sites\/2\/Sasaab-Lodge-Ballade-en-dromadaire-1024x576.jpeg\" height=\"576\" width=\"1024\" srcset=\"https:\/\/mistersafari.com\/fr\/wp-content\/uploads\/sites\/2\/Sasaab-Lodge-Ballade-en-dromadaire-1024x576.jpeg 1024w, https:\/\/mistersafari.com\/fr\/wp-content\/uploads\/sites\/2\/Sasaab-Lodge-Ballade-en-dromadaire-300x169.jpeg 300w, https:\/\/mistersafari.com\/fr\/wp-content\/uploads\/sites\/2\/Sasaab-Lodge-Ballade-en-dromadaire-768x432.jpeg 768w, https:\/\/mistersafari.com\/fr\/wp-content\/uploads\/sites\/2\/Sasaab-Lodge-Ballade-en-dromadaire.jpeg 1200w\" sizes=\"auto, (max-width: 1024px) 100vw, 1024px\" class=\"wp-image-2612 sp-no-webp\" alt=\"Ballade en dromadaire depuis le Sasaab Lodge\" loading=\"lazy\" decoding=\"async\"  > <\/picture><figcaption>Ballade en dromadaire depuis le Sasaab Lodge &#8211; <a href=\"https:\/\/www.thesafaricollection.com\/properties\/sasaab\" target=\"_blank\" aria-label=\" (opens in a new tab)\" rel=\"noreferrer noopener nofollow\" class=\"rank-math-link\">Source<\/a><\/figcaption><\/figure>\n\n\n\n<p>Depuis Sasaab Lodge, vous serez bien \u00e9videmment aux premi\u00e8res loges pour visiter la <a href=\"https:\/\/mistersafari.com\/fr\/safari-kenya\/parcs-reserves\/samburu\/\">R\u00e9serve de Samburu<\/a>. L\u2019acc\u00e8s vers les R\u00e9serves de Buffalo Springs et Shaba, un peu plus loin, est aussi relativement ais\u00e9. De nombreuses autres concessions priv\u00e9es entourent le lodge, \u00e0 des distances plus ou moins longues, ainsi que le Parc National du Mont Kenya.&nbsp;<\/p>\n\n\n\n<h2 class=\"wp-block-heading\"><span class=\"ez-toc-section\" id=\"equipements-du-sasaab-lodge\"><\/span>\u00c9quipements du Sasaab Lodge<span class=\"ez-toc-section-end\"><\/span><\/h2>\n\n\n\n<figure class=\"wp-block-table\"><table class=\"has-fixed-layout\"><thead><tr><th class=\"has-text-align-center\" data-align=\"center\"><strong>\u00c9quipement<\/strong><\/th><th class=\"has-text-align-center\" data-align=\"center\">Oui\/Non<\/th><\/tr><\/thead><tbody><tr><td class=\"has-text-align-center\" data-align=\"center\">Wifi<\/td><td class=\"has-text-align-center\" data-align=\"center\">Oui<\/td><\/tr><tr><td class=\"has-text-align-center\" data-align=\"center\">Climatisation<\/td><td class=\"has-text-align-center\" data-align=\"center\">Non<\/td><\/tr><tr><td class=\"has-text-align-center\" data-align=\"center\">Ventilateur<\/td><td class=\"has-text-align-center\" data-align=\"center\">Oui<\/td><\/tr><tr><td class=\"has-text-align-center\" data-align=\"center\">Parking<\/td><td class=\"has-text-align-center\" data-align=\"center\">Oui<\/td><\/tr><tr><td class=\"has-text-align-center\" data-align=\"center\">Restaurant<\/td><td class=\"has-text-align-center\" data-align=\"center\">Oui<\/td><\/tr><tr><td class=\"has-text-align-center\" data-align=\"center\">Bar<\/td><td class=\"has-text-align-center\" data-align=\"center\">Oui<\/td><\/tr><tr><td class=\"has-text-align-center\" data-align=\"center\">Room service<\/td><td class=\"has-text-align-center\" data-align=\"center\">Oui<\/td><\/tr><tr><td class=\"has-text-align-center\" data-align=\"center\">Balcon\/terrasse priv\u00e9<\/td><td class=\"has-text-align-center\" data-align=\"center\">Oui<\/td><\/tr><tr><td class=\"has-text-align-center\" data-align=\"center\">Pressing<\/td><td class=\"has-text-align-center\" data-align=\"center\">Oui<\/td><\/tr><tr><td class=\"has-text-align-center\" data-align=\"center\">Massage<\/td><td class=\"has-text-align-center\" data-align=\"center\">Oui<\/td><\/tr><tr><td class=\"has-text-align-center\" data-align=\"center\">Piscine<\/td><td class=\"has-text-align-center\" data-align=\"center\">Oui<\/td><\/tr><tr><td class=\"has-text-align-center\" data-align=\"center\">S\u00e9curit\u00e9<\/td><td class=\"has-text-align-center\" data-align=\"center\">Oui<\/td><\/tr><tr><td class=\"has-text-align-center\" data-align=\"center\">Navette a\u00e9roport<\/td><td class=\"has-text-align-center\" data-align=\"center\">Oui<\/td><\/tr><\/tbody><\/table><figcaption>\u00c9quipements du Sasaab Lodge<\/figcaption><\/figure>\n\n\n\n<h2 class=\"wp-block-heading\"><span class=\"ez-toc-section\" id=\"quels-sont-les-tarifs-du-sasaab-lodge\"><\/span>Quels sont les tarifs du Sasaab Lodge ?<span class=\"ez-toc-section-end\"><\/span><\/h2>\n\n\n\n<figure class=\"wp-block-table\"><table class=\"has-fixed-layout\"><thead><tr><th class=\"has-text-align-center\" data-align=\"center\">Type de chambre<\/th><th class=\"has-text-align-center\" data-align=\"center\">Prestations<\/th><th class=\"has-text-align-center\" data-align=\"center\">Tarif journalier (\u00e0 partir de)<\/th><\/tr><\/thead><tbody><tr><td class=\"has-text-align-center\" data-align=\"center\">Suite<\/td><td class=\"has-text-align-center\" data-align=\"center\">All inclusive<\/td><td class=\"has-text-align-center\" data-align=\"center\">$825 par adulte$575 par enfant (3 \u00e0 15 ans)<\/td><\/tr><\/tbody><\/table><figcaption>Tarifs du Sasaab Lodge<\/figcaption><\/figure>\n\n\n\n<p>Ces tarifs incluent les transferts vers et depuis le lodge, les game drives en 4&#215;4 partag\u00e9, les randonn\u00e9es \u00e0 pied ou \u00e0 dos de chameau, les repas et boissons (hors vin de cave et champagne), le pressing et les visites locales.<\/p>\n\n\n\n<figure class=\"wp-block-image size-large\"><picture><source srcset=\"https:\/\/mistersafari.com\/fr\/wp-content\/uploads\/sites\/2\/Sasaab-Lodge-Chambre-1024x576.webp 1024w,https:\/\/mistersafari.com\/fr\/wp-content\/uploads\/sites\/2\/Sasaab-Lodge-Chambre-300x169.webp 300w,https:\/\/mistersafari.com\/fr\/wp-content\/uploads\/sites\/2\/Sasaab-Lodge-Chambre-768x432.webp 768w,https:\/\/mistersafari.com\/fr\/wp-content\/uploads\/sites\/2\/Sasaab-Lodge-Chambre.webp 1200w\" sizes=\"auto, (max-width: 1024px) 100vw, 1024px\" type=\"image\/webp\"><img src=\"https:\/\/mistersafari.com\/fr\/wp-content\/uploads\/sites\/2\/Sasaab-Lodge-Chambre-1024x576.jpeg\" height=\"576\" width=\"1024\" srcset=\"https:\/\/mistersafari.com\/fr\/wp-content\/uploads\/sites\/2\/Sasaab-Lodge-Chambre-1024x576.jpeg 1024w, https:\/\/mistersafari.com\/fr\/wp-content\/uploads\/sites\/2\/Sasaab-Lodge-Chambre-300x169.jpeg 300w, https:\/\/mistersafari.com\/fr\/wp-content\/uploads\/sites\/2\/Sasaab-Lodge-Chambre-768x432.jpeg 768w, https:\/\/mistersafari.com\/fr\/wp-content\/uploads\/sites\/2\/Sasaab-Lodge-Chambre.jpeg 1200w\" sizes=\"auto, (max-width: 1024px) 100vw, 1024px\" class=\"wp-image-2611 sp-no-webp\" alt=\"Chambre au Sasaab Lodge\" loading=\"lazy\" decoding=\"async\"  > <\/picture><figcaption>Chambre au Sasaab Lodge &#8211; <a href=\"https:\/\/www.thesafaricollection.com\/properties\/sasaab\" target=\"_blank\" aria-label=\"Source (opens in a new tab)\" rel=\"noreferrer noopener nofollow\" class=\"rank-math-link\">Source<\/a><\/figcaption><\/figure>\n\n\n\n<p>Les tarifs des suites varient entre $825 et $1150 par nuit par adulte selon la saison.<\/p>\n\n\n\n<p>A cela, vous devrez aussi ajouter le prix d\u2019entr\u00e9e du Parc et de l\u2019Aire de conservation :<\/p>\n\n\n\n<ul class=\"wp-block-list\"><li>$145 par adulte par jour ;<\/li><li>$77,5 par enfant par jour.<\/li><\/ul>\n\n\n\n<p>La suite familiale conviendra parfaitement aux familles avec ses deux chambres reli\u00e9es par un espace commun et disposant de leur propre acc\u00e8s priv\u00e9.<\/p>\n\n\n\n<h2 class=\"wp-block-heading\"><span class=\"ez-toc-section\" id=\"sasaab-lodge-avis-clients\"><\/span>Sasaab Lodge : avis clients<span class=\"ez-toc-section-end\"><\/span><\/h2>\n\n\n\n<p>Au jour o\u00f9 nous r\u00e9digeons cet article, le Sasaab Lodge comptabilise :<\/p>\n\n\n\n<ul class=\"wp-block-list\"><li>48 avis Google avec la note de 4,7\/5 ;<\/li><li>284 avis Tripadvisor avec la note de 5\/5.<\/li><\/ul>\n\n\n\n<p>Les points forts du lodge mis en avant par les visiteurs sont la vue, la proximit\u00e9 avec la nature et la s\u00e9r\u00e9nit\u00e9 de ce lieu.<\/p>\n\n\n\n<p>Les chambres sont jug\u00e9es spacieuses, confortables et dignes d\u2019un \u00e9tablissement 5*. Les safaris organis\u00e9s par le lodge sont assur\u00e9s par des guides exp\u00e9riment\u00e9s et fins connaisseurs de la brousse et de la vie animale, pour le plus grand plaisir des voyageurs. Certains clients font mention dans leur avis que la localisation du lodge permet d\u2019exp\u00e9rimenter un s\u00e9jour en pleine nature, au plus proche de la faune et de la flore et beaucoup ont pu observer les \u00e9l\u00e9phants se baigner dans la rivi\u00e8re en contrebas. Ceci \u00e9tant dit, la densit\u00e9 d\u2019animaux reste malgr\u00e9 tout moindre que dans d\u2019autres <a href=\"https:\/\/mistersafari.com\/fr\/safari-kenya\/parcs-reserves\/\">parcs ou r\u00e9serves du Kenya<\/a>. Il faudra pr\u00e9voir de se rendre dans la R\u00e9serve de Samburu pour profiter de toute la beaut\u00e9 d\u2019un safari au Kenya.<\/p>\n","protected":false},"excerpt":{"rendered":"<p>Au c\u0153ur d\u2019une nature pr\u00e9serv\u00e9e, le Sasaab Lodge accueille ses visiteurs dans un h\u00e9bergement de haut standing. Pourquoi se rendre au Sasaab Lodge ? D\u00e9couvrez-en plus sur ce lodge dans ce guide. Pourquoi loger \u00e0 Sasaab Lodge ? Ouvert en 2007,&nbsp;le Sasaab Lodge tient son nom d\u2019un arbre aux fleurs blanches qui pousse dans la &#8230; <a title=\"Sasaab Lodge\" class=\"read-more\" href=\"https:\/\/mistersafari.com\/fr\/safari-kenya\/lodges\/sasaab-lodge\/\" aria-label=\"En savoir plus sur Sasaab Lodge\">Lire la suite<\/a><\/p>\n","protected":false},"author":3,"featured_media":2610,"parent":2470,"menu_order":5,"comment_status":"closed","ping_status":"closed","template":"","meta":{"_acf_changed":false,"footnotes":""},"content_type":[25],"country":[26],"class_list":{"0":"post-2583","1":"page","2":"type-page","3":"status-publish","4":"has-post-thumbnail","6":"content_type-lodge","7":"country-kenya","8":"no-featured-image-padding"},"acf":{"hreflang":null},"_links":{"self":[{"href":"https:\/\/mistersafari.com\/fr\/wp-json\/wp\/v2\/pages\/2583","targetHints":{"allow":["GET"]}}],"collection":[{"href":"https:\/\/mistersafari.com\/fr\/wp-json\/wp\/v2\/pages"}],"about":[{"href":"https:\/\/mistersafari.com\/fr\/wp-json\/wp\/v2\/types\/page"}],"author":[{"embeddable":true,"href":"https:\/\/mistersafari.com\/fr\/wp-json\/wp\/v2\/users\/3"}],"replies":[{"embeddable":true,"href":"https:\/\/mistersafari.com\/fr\/wp-json\/wp\/v2\/comments?post=2583"}],"version-history":[{"count":4,"href":"https:\/\/mistersafari.com\/fr\/wp-json\/wp\/v2\/pages\/2583\/revisions"}],"predecessor-version":[{"id":2615,"href":"https:\/\/mistersafari.com\/fr\/wp-json\/wp\/v2\/pages\/2583\/revisions\/2615"}],"up":[{"embeddable":true,"href":"https:\/\/mistersafari.com\/fr\/wp-json\/wp\/v2\/pages\/2470"}],"wp:featuredmedia":[{"embeddable":true,"href":"https:\/\/mistersafari.com\/fr\/wp-json\/wp\/v2\/media\/2610"}],"wp:attachment":[{"href":"https:\/\/mistersafari.com\/fr\/wp-json\/wp\/v2\/media?parent=2583"}],"wp:term":[{"taxonomy":"content_type","embeddable":true,"href":"https:\/\/mistersafari.com\/fr\/wp-json\/wp\/v2\/content_type?post=2583"},{"taxonomy":"country","embeddable":true,"href":"https:\/\/mistersafari.com\/fr\/wp-json\/wp\/v2\/country?post=2583"}],"curies":[{"name":"wp","href":"https:\/\/api.w.org\/{rel}","templated":true}]}}