{"id":2582,"date":"2021-04-21T15:16:22","date_gmt":"2021-04-21T15:16:22","guid":{"rendered":"https:\/\/mistersafari.com\/fr\/safari-kenya\/lodges\/elewana-tortilis-camp\/"},"modified":"2021-04-22T12:37:53","modified_gmt":"2021-04-22T12:37:53","slug":"elewana-tortilis-camp","status":"publish","type":"page","link":"https:\/\/mistersafari.com\/fr\/safari-kenya\/lodges\/elewana-tortilis-camp\/","title":{"rendered":"Elewana Tortilis Camp"},"content":{"rendered":"\n<p>Des safaris en toute intimit\u00e9, de nombreux animaux dont une population importante d\u2019\u00e9l\u00e9phants et un h\u00e9bergement qui invite \u00e0 la d\u00e9tente : c\u2019est le combo parfait que propose le Elewana Tortilis Camp. Voici toutes les informations \u00e0 savoir sur cet h\u00e9bergement proche du Parc Amboseli.<\/p>\n\n\n<div id=\"ez-toc-container\" class=\"ez-toc-v2_0_76 counter-flat ez-toc-counter ez-toc-custom ez-toc-container-direction\">\n<div class=\"ez-toc-title-container\"><p class=\"ez-toc-title\" style=\"cursor:inherit\">Sommaire<\/p>\n<\/div><nav><ul class='ez-toc-list ez-toc-list-level-1 ' ><li class='ez-toc-page-1'><a class=\"ez-toc-link ez-toc-heading-1\" href=\"https:\/\/mistersafari.com\/fr\/safari-kenya\/lodges\/elewana-tortilis-camp\/#pourquoi-loger-a-elewana-tortilis-camp\">Pourquoi loger \u00e0 Elewana Tortilis Camp ?<\/a><\/li><li class='ez-toc-page-1'><a class=\"ez-toc-link ez-toc-heading-2\" href=\"https:\/\/mistersafari.com\/fr\/safari-kenya\/lodges\/elewana-tortilis-camp\/#localisation-du-elewana-tortilis-camp\">Localisation du Elewana Tortilis Camp<\/a><\/li><li class='ez-toc-page-1'><a class=\"ez-toc-link ez-toc-heading-3\" href=\"https:\/\/mistersafari.com\/fr\/safari-kenya\/lodges\/elewana-tortilis-camp\/#equipements-du-elewana-tortilis-camp\">\u00c9quipements du Elewana Tortilis Camp<\/a><\/li><li class='ez-toc-page-1'><a class=\"ez-toc-link ez-toc-heading-4\" href=\"https:\/\/mistersafari.com\/fr\/safari-kenya\/lodges\/elewana-tortilis-camp\/#quels-sont-les-tarifs-du-elewana-tortilis-camp\">Quels sont les tarifs du Elewana Tortilis Camp ?<\/a><\/li><li class='ez-toc-page-1'><a class=\"ez-toc-link ez-toc-heading-5\" href=\"https:\/\/mistersafari.com\/fr\/safari-kenya\/lodges\/elewana-tortilis-camp\/#elewana-tortilis-camp-avis-clients\">Elewana Tortilis Camp : avis clients<\/a><\/li><\/ul><\/nav><\/div>\n\n\n\n\n<h2 class=\"wp-block-heading\"><span class=\"ez-toc-section\" id=\"pourquoi-loger-a-elewana-tortilis-camp\"><\/span>Pourquoi loger \u00e0 Elewana Tortilis Camp ?<span class=\"ez-toc-section-end\"><\/span><\/h2>\n\n\n\n<p>Le Elewana Tortilis Camp est situ\u00e9 sur une colline du <a href=\"https:\/\/mistersafari.com\/fr\/safari-kenya\/parcs-reserves\/parc-amboseli\/\">Parc Amboseli<\/a> recouverte d\u2019une for\u00eat d\u2019Acacia Tortilis. C\u2019est d\u2019ailleurs cet arbre embl\u00e9matique de la savane africaine qui a inspir\u00e9 le nom de cet h\u00e9bergement.<\/p>\n\n\n\n<p>R\u00e9nov\u00e9es en 2012, les infrastructures du camp sont construites en mat\u00e9riaux naturels : bois massif et toit de chaume. Il se fournit \u00e0 100% en \u00e9nergie solaire.<\/p>\n\n\n\n<p>Au c\u0153ur de ce vaste parc arbor\u00e9 et gr\u00e2ce \u00e0 sa proximit\u00e9 avec la <a href=\"https:\/\/mistersafari.com\/fr\/safari-tanzanie\/\">Tanzanie<\/a>, vous profiterez d\u2019une vue magnifique sur les sommets du <a href=\"https:\/\/mistersafari.com\/fr\/safari-tanzanie\/parcs-reserves\/parc-national-kilimandjaro\/\">Mont Kilimandjaro<\/a>. Les 18 h\u00e9bergements sont compos\u00e9s de 16 tentes individuelles avec terrasse privative, d\u2019une tente familiale, id\u00e9ale pour les familles avec de jeunes enfants, et d\u2019un g\u00eete priv\u00e9 pour les groupes de 4 \u00e0 6 personnes. Ces deux derniers partagent une piscine.<\/p>\n\n\n\n<p>Le lodge organise des safaris anim\u00e9s par des guides Masa\u00ef locaux et exp\u00e9riment\u00e9s. Tout l\u2019int\u00e9r\u00eat de ce lodge est sa localisation : elle permet l\u2019acc\u00e8s \u00e0 des parties isol\u00e9es du <a href=\"https:\/\/mistersafari.com\/fr\/safari-kenya\/parcs-reserves\/parc-amboseli\/\">Parc Amboseli<\/a>, dans des zones uniquement fr\u00e9quent\u00e9es par les r\u00e9sidents du camp.<\/p>\n\n\n\n<p><strong>Game drives priv\u00e9s garantis !<\/strong><\/p>\n\n\n\n<figure class=\"wp-block-image size-large\"><picture><source srcset=\"https:\/\/mistersafari.com\/fr\/wp-content\/uploads\/sites\/2\/Elewana-Tortilis-Camp-Piscine-1024x576.webp 1024w,https:\/\/mistersafari.com\/fr\/wp-content\/uploads\/sites\/2\/Elewana-Tortilis-Camp-Piscine-300x169.webp 300w,https:\/\/mistersafari.com\/fr\/wp-content\/uploads\/sites\/2\/Elewana-Tortilis-Camp-Piscine-768x432.webp 768w,https:\/\/mistersafari.com\/fr\/wp-content\/uploads\/sites\/2\/Elewana-Tortilis-Camp-Piscine.webp 1200w\" sizes=\"auto, (max-width: 1024px) 100vw, 1024px\" type=\"image\/webp\"><img src=\"https:\/\/mistersafari.com\/fr\/wp-content\/uploads\/sites\/2\/Elewana-Tortilis-Camp-Piscine-1024x576.jpeg\" height=\"576\" width=\"1024\" srcset=\"https:\/\/mistersafari.com\/fr\/wp-content\/uploads\/sites\/2\/Elewana-Tortilis-Camp-Piscine-1024x576.jpeg 1024w, https:\/\/mistersafari.com\/fr\/wp-content\/uploads\/sites\/2\/Elewana-Tortilis-Camp-Piscine-300x169.jpeg 300w, https:\/\/mistersafari.com\/fr\/wp-content\/uploads\/sites\/2\/Elewana-Tortilis-Camp-Piscine-768x432.jpeg 768w, https:\/\/mistersafari.com\/fr\/wp-content\/uploads\/sites\/2\/Elewana-Tortilis-Camp-Piscine.jpeg 1200w\" sizes=\"auto, (max-width: 1024px) 100vw, 1024px\" class=\"wp-image-2607 sp-no-webp\" alt=\"Piscine au Elewana Tortilis Camp\" loading=\"lazy\" decoding=\"async\"  > <\/picture><figcaption>La piscine du Elewana Tortilis Camp &#8211; <a href=\"https:\/\/www.elewanacollection.com\/\" target=\"_blank\" aria-label=\"Source (opens in a new tab)\" rel=\"noreferrer noopener nofollow\" class=\"rank-math-link\">Source<\/a><\/figcaption><\/figure>\n\n\n\n<p>Les safaris sont r\u00e9alis\u00e9s dans des v\u00e9hicules partag\u00e9s avec les autres visiteurs du camp, sauf si vous r\u00e9servez un safari priv\u00e9 en payant un suppl\u00e9ment. Les autres activit\u00e9s consistent \u00e0 des marches guid\u00e9es avec des guides Masa\u00ef, des petits-d\u00e9jeuners ou ap\u00e9ritifs en brousse, des massages, des visites de villages Masa\u00ef et la d\u00e9couverte de l\u2019artisanat local.<\/p>\n\n\n\n<p>La r\u00e9gion du <a href=\"https:\/\/mistersafari.com\/fr\/safari-kenya\/parcs-reserves\/parc-amboseli\/\">Parc Amboseli<\/a> est r\u00e9put\u00e9e pour ses nombreux \u00e9l\u00e9phants. Le point d\u2019eau \u00e0 proximit\u00e9 du camp est \u00e9clair\u00e9 la nuit afin de faciliter l\u2019observation des animaux.<\/p>\n\n\n\n<p>Le camp g\u00e8re son propre potager afin de proposer une cuisine fra\u00eeche et locale.<\/p>\n\n\n\n<h2 class=\"wp-block-heading\"><span class=\"ez-toc-section\" id=\"localisation-du-elewana-tortilis-camp\"><\/span>Localisation du Elewana Tortilis Camp<span class=\"ez-toc-section-end\"><\/span><\/h2>\n\n\n\n<p>Elewana Tortilis Camp se trouve au Sud du Kenya, pr\u00e8s de la fronti\u00e8re avec la <a href=\"https:\/\/mistersafari.com\/fr\/safari-tanzanie\/\">Tanzanie<\/a>. Il est situ\u00e9 dans une concession priv\u00e9e en bordure du Parc Amboseli, au Sud-Est du lac temporaire d\u2019Amboseli.<\/p>\n\n\n\n<p>Pour vous y rendre, vous pourrez choisir l\u2019un des vols quotidiens depuis l\u2019a\u00e9roport Wilson de Nairobi, depuis Mombasa ou depuis la R\u00e9serve de Masa\u00ef Mara. Des vols priv\u00e9s peuvent aussi \u00eatre organis\u00e9s depuis d\u2019autres r\u00e9gions du <a href=\"https:\/\/mistersafari.com\/fr\/safari-kenya\/\" class=\"rank-math-link\">Kenya<\/a>. Comptez environ 45 minutes de vol entre Wilson Airport et l\u2019a\u00e9rodrome d\u2019Amboseli, puis environ 45 minutes de route pour rejoindre le camp. En 4&#215;4, le trajet dure entre 4 et 5 heures au minimum depuis Nairobi.<\/p>\n\n\n\n<figure class=\"wp-block-image size-large\"><picture><source srcset=\"https:\/\/mistersafari.com\/fr\/wp-content\/uploads\/sites\/2\/Elewana-Tortilis-Camp-Lodges-1024x576.webp 1024w,https:\/\/mistersafari.com\/fr\/wp-content\/uploads\/sites\/2\/Elewana-Tortilis-Camp-Lodges-300x169.webp 300w,https:\/\/mistersafari.com\/fr\/wp-content\/uploads\/sites\/2\/Elewana-Tortilis-Camp-Lodges-768x432.webp 768w,https:\/\/mistersafari.com\/fr\/wp-content\/uploads\/sites\/2\/Elewana-Tortilis-Camp-Lodges.webp 1200w\" sizes=\"auto, (max-width: 1024px) 100vw, 1024px\" type=\"image\/webp\"><img src=\"https:\/\/mistersafari.com\/fr\/wp-content\/uploads\/sites\/2\/Elewana-Tortilis-Camp-Lodges-1024x576.jpeg\" height=\"576\" width=\"1024\" srcset=\"https:\/\/mistersafari.com\/fr\/wp-content\/uploads\/sites\/2\/Elewana-Tortilis-Camp-Lodges-1024x576.jpeg 1024w, https:\/\/mistersafari.com\/fr\/wp-content\/uploads\/sites\/2\/Elewana-Tortilis-Camp-Lodges-300x169.jpeg 300w, https:\/\/mistersafari.com\/fr\/wp-content\/uploads\/sites\/2\/Elewana-Tortilis-Camp-Lodges-768x432.jpeg 768w, https:\/\/mistersafari.com\/fr\/wp-content\/uploads\/sites\/2\/Elewana-Tortilis-Camp-Lodges.jpeg 1200w\" sizes=\"auto, (max-width: 1024px) 100vw, 1024px\" class=\"wp-image-2606 sp-no-webp\" alt=\"Les tentes familiales au Elewana Tortilis Camp\" loading=\"lazy\" decoding=\"async\"  > <\/picture><figcaption>Les tentes familiales au Elewana Tortilis Camp &#8211; <a href=\"https:\/\/www.elewanacollection.com\/\" target=\"_blank\" aria-label=\"Source (opens in a new tab)\" rel=\"noreferrer noopener nofollow\" class=\"rank-math-link\">Source<\/a><\/figcaption><\/figure>\n\n\n\n<p>En r\u00e9sidant au Elewana Tortilis Camp, vous profiterez de safaris calmes et tranquilles dans les zones isol\u00e9es du <a href=\"https:\/\/mistersafari.com\/fr\/safari-kenya\/\">Parc Amboseli<\/a>. C\u2019est aussi une \u00e9tape pour rejoindre le <a href=\"https:\/\/mistersafari.com\/fr\/safari-kenya\/parcs-reserves\/parc-tsavo-est-ouest\/\">Parc Tsavo<\/a>, plus \u00e0 l\u2019Ouest, le Parc Chyulu ou encore la Tanzanie avec le <a href=\"https:\/\/mistersafari.com\/fr\/safari-tanzanie\/parcs-reserves\/parc-national-kilimandjaro\/\">Parc du Mont Kilimandjaro<\/a> ou le <a href=\"https:\/\/mistersafari.com\/fr\/safari-tanzanie\/parcs-reserves\/arusha\/\">Parc d\u2019Arusha<\/a>.<\/p>\n\n\n\n<h2 class=\"wp-block-heading\"><span class=\"ez-toc-section\" id=\"equipements-du-elewana-tortilis-camp\"><\/span>\u00c9quipements du Elewana Tortilis Camp<span class=\"ez-toc-section-end\"><\/span><\/h2>\n\n\n\n<figure class=\"wp-block-table\"><table class=\"has-fixed-layout\"><thead><tr><th class=\"has-text-align-center\" data-align=\"center\"><strong>\u00c9quipement<\/strong><\/th><th class=\"has-text-align-center\" data-align=\"center\"><strong>Oui\/Non<\/strong><\/th><\/tr><\/thead><tbody><tr><td class=\"has-text-align-center\" data-align=\"center\">Wifi<\/td><td class=\"has-text-align-center\" data-align=\"center\">Oui<\/td><\/tr><tr><td class=\"has-text-align-center\" data-align=\"center\">Climatisation<\/td><td class=\"has-text-align-center\" data-align=\"center\">Non<\/td><\/tr><tr><td class=\"has-text-align-center\" data-align=\"center\">Ventilateur<\/td><td class=\"has-text-align-center\" data-align=\"center\">Non<\/td><\/tr><tr><td class=\"has-text-align-center\" data-align=\"center\">Parking<\/td><td class=\"has-text-align-center\" data-align=\"center\">Oui<\/td><\/tr><tr><td class=\"has-text-align-center\" data-align=\"center\">Restaurant<\/td><td class=\"has-text-align-center\" data-align=\"center\">Oui<\/td><\/tr><tr><td class=\"has-text-align-center\" data-align=\"center\">Bar<\/td><td class=\"has-text-align-center\" data-align=\"center\">Oui<\/td><\/tr><tr><td class=\"has-text-align-center\" data-align=\"center\">Room service<\/td><td class=\"has-text-align-center\" data-align=\"center\">Oui<\/td><\/tr><tr><td class=\"has-text-align-center\" data-align=\"center\">Balcon\/terrasse priv\u00e9<\/td><td class=\"has-text-align-center\" data-align=\"center\">Oui<\/td><\/tr><tr><td class=\"has-text-align-center\" data-align=\"center\">Pressing<\/td><td class=\"has-text-align-center\" data-align=\"center\">Oui<\/td><\/tr><tr><td class=\"has-text-align-center\" data-align=\"center\">Massage<\/td><td class=\"has-text-align-center\" data-align=\"center\">Oui<\/td><\/tr><tr><td class=\"has-text-align-center\" data-align=\"center\">Piscine<\/td><td class=\"has-text-align-center\" data-align=\"center\">Oui (pour la suite familiale et le g\u00eete priv\u00e9)<\/td><\/tr><tr><td class=\"has-text-align-center\" data-align=\"center\">S\u00e9curit\u00e9<\/td><td class=\"has-text-align-center\" data-align=\"center\">Oui<\/td><\/tr><tr><td class=\"has-text-align-center\" data-align=\"center\">Navette a\u00e9roport<\/td><td class=\"has-text-align-center\" data-align=\"center\">Oui<\/td><\/tr><\/tbody><\/table><figcaption>\u00c9quipements du Elewana Tortilis Camp<\/figcaption><\/figure>\n\n\n\n<h2 class=\"wp-block-heading\"><span class=\"ez-toc-section\" id=\"quels-sont-les-tarifs-du-elewana-tortilis-camp\"><\/span>Quels sont les tarifs du Elewana Tortilis Camp ?<span class=\"ez-toc-section-end\"><\/span><\/h2>\n\n\n\n<figure class=\"wp-block-table\"><table class=\"has-fixed-layout\"><thead><tr><th class=\"has-text-align-center\" data-align=\"center\">Type de chambre<\/th><th class=\"has-text-align-center\" data-align=\"center\">Prestations<\/th><th class=\"has-text-align-center\" data-align=\"center\">Tarif journalier (\u00e0 partir de)<\/th><\/tr><\/thead><tbody><tr><td class=\"has-text-align-center\" data-align=\"center\">Tente avec Full Board<\/td><td class=\"has-text-align-center\" data-align=\"center\">All inclusive<\/td><td class=\"has-text-align-center\" data-align=\"center\">$468 (chambre double)<\/td><\/tr><tr><td class=\"has-text-align-center\" data-align=\"center\">Tente avec Game Package<\/td><td class=\"has-text-align-center\" data-align=\"center\">All inclusive + transferts, game drives, ap\u00e9ritifs<\/td><td class=\"has-text-align-center\" data-align=\"center\">$818 (chambre double)<\/td><\/tr><tr><td class=\"has-text-align-center\" data-align=\"center\">Tente Family avec Full Board<\/td><td class=\"has-text-align-center\" data-align=\"center\">All inclusive<\/td><td class=\"has-text-align-center\" data-align=\"center\">$1400<\/td><\/tr><tr><td class=\"has-text-align-center\" data-align=\"center\">Tente Family avec Game Package<\/td><td class=\"has-text-align-center\" data-align=\"center\">All inclusive + transferts, game drives en v\u00e9hicule priv\u00e9, ap\u00e9ritifs<\/td><td class=\"has-text-align-center\" data-align=\"center\">$1900<\/td><\/tr><tr><td class=\"has-text-align-center\" data-align=\"center\">G\u00eete Priv\u00e9 avec Full Board<\/td><td class=\"has-text-align-center\" data-align=\"center\">All inclusive<\/td><td class=\"has-text-align-center\" data-align=\"center\">$1800<\/td><\/tr><tr><td class=\"has-text-align-center\" data-align=\"center\">G\u00eete Priv\u00e9 avec Game Package<\/td><td class=\"has-text-align-center\" data-align=\"center\">All inclusive + transferts, game drives en v\u00e9hicule priv\u00e9, ap\u00e9ritifs<\/td><td class=\"has-text-align-center\" data-align=\"center\">$2300<\/td><\/tr><\/tbody><\/table><figcaption>Tarifs du Elewana Tortilis Camp<\/figcaption><\/figure>\n\n\n\n<p>Les tarifs varient en fonction de trois saisons :<\/p>\n\n\n\n<ul class=\"wp-block-list\"><li>Green saison (basse saison) du 1er avril au 31 mai (tarifs indiqu\u00e9s ci-dessus) ;<\/li><li>Moyenne saison en janvier, f\u00e9vrier, mars, juin, novembre et d\u00e9cembre ;<\/li><li>Haute saison du 1er juillet au 31 octobre et pendant les vacances de No\u00ebl.<\/li><\/ul>\n\n\n\n<figure class=\"wp-block-image size-large\"><picture><source srcset=\"https:\/\/mistersafari.com\/fr\/wp-content\/uploads\/sites\/2\/Elewana-Tortilis-Camp-Chambre-1024x576.webp 1024w,https:\/\/mistersafari.com\/fr\/wp-content\/uploads\/sites\/2\/Elewana-Tortilis-Camp-Chambre-300x169.webp 300w,https:\/\/mistersafari.com\/fr\/wp-content\/uploads\/sites\/2\/Elewana-Tortilis-Camp-Chambre-768x432.webp 768w,https:\/\/mistersafari.com\/fr\/wp-content\/uploads\/sites\/2\/Elewana-Tortilis-Camp-Chambre.webp 1200w\" sizes=\"auto, (max-width: 1024px) 100vw, 1024px\" type=\"image\/webp\"><img src=\"https:\/\/mistersafari.com\/fr\/wp-content\/uploads\/sites\/2\/Elewana-Tortilis-Camp-Chambre-1024x576.jpeg\" height=\"576\" width=\"1024\" srcset=\"https:\/\/mistersafari.com\/fr\/wp-content\/uploads\/sites\/2\/Elewana-Tortilis-Camp-Chambre-1024x576.jpeg 1024w, https:\/\/mistersafari.com\/fr\/wp-content\/uploads\/sites\/2\/Elewana-Tortilis-Camp-Chambre-300x169.jpeg 300w, https:\/\/mistersafari.com\/fr\/wp-content\/uploads\/sites\/2\/Elewana-Tortilis-Camp-Chambre-768x432.jpeg 768w, https:\/\/mistersafari.com\/fr\/wp-content\/uploads\/sites\/2\/Elewana-Tortilis-Camp-Chambre.jpeg 1200w\" sizes=\"auto, (max-width: 1024px) 100vw, 1024px\" class=\"wp-image-2605 sp-no-webp\" alt=\"G\u00eete priv\u00e9 \u00e0 l&#039;Elewana Tortilis Camp \" loading=\"lazy\" decoding=\"async\"  > <\/picture><figcaption>Le g\u00eete priv\u00e9 du Elewana Tortilis Camp &#8211; <a aria-label=\"Source (opens in a new tab)\" href=\"https:\/\/www.elewanacollection.com\/\" target=\"_blank\" rel=\"noreferrer noopener nofollow\" class=\"rank-math-link\">Source<\/a><\/figcaption><\/figure>\n\n\n\n<p>Lors de vos safaris dans le <a href=\"https:\/\/mistersafari.com\/fr\/safari-kenya\/parcs-reserves\/parc-amboseli\/\">Parc Amboseli<\/a>, vous devrez aussi vous affranchir du prix d\u2019entr\u00e9e de $60 par adulte et $35 par enfant. Les tarifs d\u2019entr\u00e9e dans l\u2019Aire de Conservation Kitirua sont inclus pour les Game Packages ou co\u00fbtent $35 par personne pour les autres.<\/p>\n\n\n\n<h2 class=\"wp-block-heading\"><span class=\"ez-toc-section\" id=\"elewana-tortilis-camp-avis-clients\"><\/span>Elewana Tortilis Camp : avis clients<span class=\"ez-toc-section-end\"><\/span><\/h2>\n\n\n\n<p>Au moment o\u00f9 nous r\u00e9digeons cet article, Elewana Tortilis Camp a obtenu 125 avis sur Google totalisant la note de 4,7\/5 et 490 avis sur Tripadvisor avec la note de 5\/5.<\/p>\n\n\n\n<p>La localisation du camp, permettant l\u2019acc\u00e8s rapide aux safaris mais aussi l\u2019observation des animaux depuis le lodge, semble faire l\u2019unanimit\u00e9 aupr\u00e8s des clients. Les safaris sont excellents avec des guides avertis et connaisseurs. Les r\u00e9sidents vantent la qualit\u00e9 de l\u2019accueil du personnel, toujours pr\u00eat \u00e0 offrir un service de qualit\u00e9, ainsi que les efforts mis en \u0153uvre pour le bien-\u00eatre des enfants. Les tentes sont jug\u00e9es confortables, propres et disposant de tout le n\u00e9cessaire. De m\u00eame, la nourriture a conquis les voyageurs.<\/p>\n","protected":false},"excerpt":{"rendered":"<p>Des safaris en toute intimit\u00e9, de nombreux animaux dont une population importante d\u2019\u00e9l\u00e9phants et un h\u00e9bergement qui invite \u00e0 la d\u00e9tente : c\u2019est le combo parfait que propose le Elewana Tortilis Camp. Voici toutes les informations \u00e0 savoir sur cet h\u00e9bergement proche du Parc Amboseli. Pourquoi loger \u00e0 Elewana Tortilis Camp ? Le Elewana Tortilis &#8230; <a title=\"Elewana Tortilis Camp\" class=\"read-more\" href=\"https:\/\/mistersafari.com\/fr\/safari-kenya\/lodges\/elewana-tortilis-camp\/\" aria-label=\"En savoir plus sur Elewana Tortilis Camp\">Lire la suite<\/a><\/p>\n","protected":false},"author":3,"featured_media":2604,"parent":2470,"menu_order":4,"comment_status":"closed","ping_status":"closed","template":"","meta":{"_acf_changed":false,"footnotes":""},"content_type":[25],"country":[26],"class_list":{"0":"post-2582","1":"page","2":"type-page","3":"status-publish","4":"has-post-thumbnail","6":"content_type-lodge","7":"country-kenya","8":"no-featured-image-padding"},"acf":{"hreflang":null},"_links":{"self":[{"href":"https:\/\/mistersafari.com\/fr\/wp-json\/wp\/v2\/pages\/2582","targetHints":{"allow":["GET"]}}],"collection":[{"href":"https:\/\/mistersafari.com\/fr\/wp-json\/wp\/v2\/pages"}],"about":[{"href":"https:\/\/mistersafari.com\/fr\/wp-json\/wp\/v2\/types\/page"}],"author":[{"embeddable":true,"href":"https:\/\/mistersafari.com\/fr\/wp-json\/wp\/v2\/users\/3"}],"replies":[{"embeddable":true,"href":"https:\/\/mistersafari.com\/fr\/wp-json\/wp\/v2\/comments?post=2582"}],"version-history":[{"count":4,"href":"https:\/\/mistersafari.com\/fr\/wp-json\/wp\/v2\/pages\/2582\/revisions"}],"predecessor-version":[{"id":2609,"href":"https:\/\/mistersafari.com\/fr\/wp-json\/wp\/v2\/pages\/2582\/revisions\/2609"}],"up":[{"embeddable":true,"href":"https:\/\/mistersafari.com\/fr\/wp-json\/wp\/v2\/pages\/2470"}],"wp:featuredmedia":[{"embeddable":true,"href":"https:\/\/mistersafari.com\/fr\/wp-json\/wp\/v2\/media\/2604"}],"wp:attachment":[{"href":"https:\/\/mistersafari.com\/fr\/wp-json\/wp\/v2\/media?parent=2582"}],"wp:term":[{"taxonomy":"content_type","embeddable":true,"href":"https:\/\/mistersafari.com\/fr\/wp-json\/wp\/v2\/content_type?post=2582"},{"taxonomy":"country","embeddable":true,"href":"https:\/\/mistersafari.com\/fr\/wp-json\/wp\/v2\/country?post=2582"}],"curies":[{"name":"wp","href":"https:\/\/api.w.org\/{rel}","templated":true}]}}